{"id":5523,"date":"2022-02-22T01:06:52","date_gmt":"2022-02-22T01:06:52","guid":{"rendered":"https:\/\/medicinasinc.com\/cs\/?post_type=product&#038;p=5523"},"modified":"2022-03-14T11:39:05","modified_gmt":"2022-03-14T11:39:05","slug":"buy-hdep-28-novel-ethylnaftidate","status":"publish","type":"product","link":"https:\/\/medicinasinc.com\/cs\/product\/buy-hdep-28-novel-ethylnaftidate\/","title":{"rendered":"Koupit hdep-28 Novel Ethylnaftidate"},"content":{"rendered":"<p>Ethylnaftid\u00e1t HDEP-28 na prodej<\/p>\n<p>3,4-methylendioxy-N-ethylkathinon je \u010dasto uv\u00e1d\u011bn jako entaktogenn\u00ed energiz\u00e9r. 1-(1,3-Benzodioxol-5-yl)-2-(ethylamino)-1-propanon je n\u00e1zev pro Ethylon. Obvykl\u00e1 hmotnost C12H15NO3 je 221,251999 Da, zat\u00edmco monoizotopick\u00e1 hmotnost je 221,104996 Da. Toto je subjadern\u00fd vzorec. Kupte si \u010d\u00ednsk\u00fd etylen. Ethylon je neoceniteln\u00fd drahokam, kter\u00fd lze zakoupit. Ethylenov\u00e9 drah\u00e9 kameny lze zakoupit. Dodavatel etylonu. Ethylon je v prodeji. sleva Ethylone<\/p>\n<p>ACD\/Labs a ChemAxon spolupracovaly na proveden\u00ed hodnocen\u00ed Ethylone. Pokud jde o vlastnosti, kter\u00e9 ACD\/Labs p\u0159edpov\u011bd\u011bly, nalezli \u010dty\u0159i akceptory cenn\u00fdch pap\u00edr\u016f #H, \u010dty\u0159i cenn\u00e9 pap\u00edry s voln\u00fdm ot\u00e1\u010den\u00edm, z\u00e1znam lomu p\u0159i 1,54 s faktorem lisov\u00e1n\u00ed povrchu 44,3470001220703 dyne\/cm, motivac\u00ed prasknut\u00ed 172,845 \u00b0C a omezen\u00ed 362,188 \u00b0C p\u0159i 760 mmHg.<\/p>\n<p>Toto je b\u011b\u017en\u00fd jev v logick\u00e9m a v\u011bdeck\u00e9m softwaru.<\/p>\n<p>Tento produkt byl vyvinut ve snaze splnit po\u017eadavky normy ISO17025:2005 a Guide 34:2009.<\/p>\n<p>M\u016f\u017eete se na n\u00e1s spolehnout, \u017ee pr\u00e1ci ud\u011bl\u00e1me rychle a efektivn\u011b, proto\u017ee jsme nejlep\u0161\u00ed organizac\u00ed na sv\u011bt\u011b. Z\u00e1kazn\u00edci od n\u00e1s mohou o\u010dek\u00e1vat jen ty nejkvalitn\u011bj\u0161\u00ed produkty! Zp\u016fsobem, kter\u00fd je v podstat\u011b v souladu s t\u00edm, co \u010dasto o\u010dek\u00e1v\u00e1me, kdy\u017e cokoli kupujeme<\/p>\n<p>Tak\u017ee m\u016f\u017eeme nakupovat produkty nejvy\u0161\u0161\u00ed kvality za nejrozumn\u011bj\u0161\u00ed ceny a \u00faspory m\u016f\u017eeme p\u0159en\u00e9st na v\u00e1s!<\/p>\n<p> p&gt; <\/p>\n<p>V d\u016fsledku toho po\u017eadujeme, aby v\u0161ichni na\u0161i klienti, aby GC\/MS sv\u00e9 polo\u017eky, zajistili p\u0159esnost a z\u00e1konnost. Proto\u017ee n\u00e1m z\u00e1le\u017e\u00ed na na\u0161ich klientech a jejich spokojenosti, prov\u00e1d\u00edme u ka\u017ed\u00e9 z\u00e1silky vlastn\u00ed testov\u00e1n\u00ed, abychom ov\u011b\u0159ili, \u017ee kvalita zb\u00fdvaj\u00edc\u00edch d\u00edl\u016f je na 100 %.<\/p>\n<p>Budoucnost na\u0161\u00ed spole\u010dnosti z\u00e1vis\u00ed na tom, zda budeme reagovat na va\u0161i \u017e\u00e1dost v p\u0159\u00e1telsk\u00fdm zp\u016fsobem, bez ohledu na to, jak nal\u00e9hav\u00e9 to m\u016f\u017ee b\u00fdt. Bez ohledu na situaci se m\u016f\u017eete v\u017edy spolehnout na to, \u017ee v\u00e1m poskytneme ty nejlep\u0161\u00ed l\u00e9ky a delik\u00e1tn\u00ed oh\u0148ostroje za nejlep\u0161\u00ed ceny, v\u0161e dodan\u00e9 t\u00edm nejdiskr\u00e9tn\u011bj\u0161\u00edm zp\u016fsobem, jak\u00fd si lze p\u0159edstavit! Pokud to nen\u00ed p\u0159\u00edli\u0161 velk\u00e9 pot\u00ed\u017ee, m\u011bjte v\u00edru a sd\u011blte svou \u017e\u00e1dost s p\u0159esv\u011bd\u010den\u00edm!<\/p>\n<p>Vzhledem k na\u0161\u00ed prok\u00e1zan\u00e9 s\u00edle n\u00e1m m\u016f\u017eete d\u016fv\u011b\u0159ovat a nad\u00e1le s n\u00e1mi obchodovat, kdykoli si budete p\u0159\u00e1t. jsou kolem. V\u00e1\u0161 p\u00e1d nebude tolerov\u00e1n.<\/p>\n<p>Sledov\u00e1n\u00ed cesty va\u0161eho bal\u00ed\u010dku je snadn\u00e9 d\u00edky doprovodn\u00fdm \u010d\u00edsl\u016fm, kter\u00e1 p\u0159ikl\u00e1d\u00e1me k z\u00e1silce.<\/p>\n","protected":false},"excerpt":{"rendered":"<p>Koupit Ethylnaftidate HDEP-28 na prodej ve Velk\u00e9 Brit\u00e1nii, Evrop\u011b. Acet\u00e1t ethyl-2-(naftalen-2-yl)-2-(piperidin-2-ylu). Informujte se o hdep-28, nov\u00e9m ethylnaftid\u00e1tu.<\/p>\n<p>Kupte si hdep-28 Novel Ethylnaphthidate 1 oz na Amazon.com<\/p>\n<p>Ethylnaptidate nebo HDEP-28 je n\u00e1hradou za zak\u00e1zan\u00fd fenid\u00e1t s\u00e9rie.<\/p>\n<p>Z\u00e1kazn\u00edci si nyn\u00ed mohou zakoupit Ethylnaftidate.<br \/> HDEP-28, tak\u00e9 zn\u00e1m\u00fd jako ethylnaftidate, m\u00e1 p\u0159evz\u00edt roli nov\u011b zak\u00e1zan\u00e9 chemick\u00e9 \u0159ady Phenidate.<br \/> Ve srovn\u00e1n\u00ed s &amp; #8216;Fenid\u00e1ti,&#8217; z\u00e1kazn\u00edci pou\u017e\u00edvaj\u00edc\u00ed tento produkt v laborato\u0159i by m\u011bli o\u010dek\u00e1vat podobn\u00e9 spektrum v\u00fdsledk\u016f.<br \/> IUPAC p\u0159edpov\u00edd\u00e1, \u017ee v\u00fdzkumn\u00edci zjist\u00ed, \u017ee HDEP 28 \/ Ethylnaphhidate je vynikaj\u00edc\u00ed n\u00e1hradou za ethylfenid\u00e1t. 2-(naftalen-2-yl)-2-(piperidin-2-yl)acet\u00e1t<br \/> N\/A<br \/> Vzorec C19H23NO2<br \/> Molekulov\u00e1 hmotnost je 297,40<\/p>\n","protected":false},"featured_media":5535,"comment_status":"open","ping_status":"closed","template":"","meta":[],"product_brand":[],"product_cat":[2014],"product_tag":[],"class_list":{"0":"post-5523","1":"product","2":"type-product","3":"status-publish","4":"has-post-thumbnail","6":"product_cat-koupit-vyzkumne-chemikalie","8":"first","9":"instock","10":"shipping-taxable","11":"purchasable","12":"product-type-variable","13":"has-default-attributes"},"yoast_head":"<!-- This site is optimized with the Yoast SEO plugin v27.3 - https:\/\/yoast.com\/product\/yoast-seo-wordpress\/ -->\n<title>Kupte si hdep-28 Novel Ethylnaftidate - Nejlep\u0161\u00ed glob\u00e1ln\u00ed l\u00e9ky<\/title>\n<meta name=\"description\" content=\"Koupit hdep-28 Novel Ethylnaphthidate na prodej ve Velk\u00e9 Brit\u00e1nii, Evrop\u011b Online. IUPAC: ethyl-2-(naftalen-2-yl)-2-(piperidin-2-yl)acet\u00e1t. Objednejte hdep-28 Novel Ethylnaftidate\" \/>\n<meta name=\"robots\" content=\"index, follow, max-snippet:-1, max-image-preview:large, max-video-preview:-1\" \/>\n<link rel=\"canonical\" href=\"https:\/\/medicinasinc.com\/cs\/product\/buy-hdep-28-novel-ethylnaftidate\/\" \/>\n<meta property=\"og:locale\" content=\"en_US\" \/>\n<meta property=\"og:type\" content=\"article\" \/>\n<meta property=\"og:title\" content=\"Kupte si hdep-28 Novel Ethylnaftidate - Nejlep\u0161\u00ed glob\u00e1ln\u00ed l\u00e9ky\" \/>\n<meta property=\"og:description\" content=\"Koupit hdep-28 Novel Ethylnaphthidate na prodej ve Velk\u00e9 Brit\u00e1nii, Evrop\u011b Online. IUPAC: ethyl-2-(naftalen-2-yl)-2-(piperidin-2-yl)acet\u00e1t. Objednejte hdep-28 Novel Ethylnaftidate\" \/>\n<meta property=\"og:url\" content=\"https:\/\/medicinasinc.com\/cs\/product\/buy-hdep-28-novel-ethylnaftidate\/\" \/>\n<meta property=\"og:site_name\" content=\"Medicinas Inc\" \/>\n<meta property=\"article:modified_time\" content=\"2022-03-14T11:39:05+00:00\" \/>\n<meta property=\"og:image\" content=\"https:\/\/medicinasinc.com\/cs\/wp-content\/uploads\/sites\/2\/2022\/02\/Buy-hdep-28-Novel-Ethylnaphthidate.jpg\" \/>\n\t<meta property=\"og:image:width\" content=\"600\" \/>\n\t<meta property=\"og:image:height\" content=\"600\" \/>\n\t<meta property=\"og:image:type\" content=\"image\/jpeg\" \/>\n<meta name=\"twitter:card\" content=\"summary_large_image\" \/>\n<meta name=\"twitter:label1\" content=\"Est. reading time\" \/>\n\t<meta name=\"twitter:data1\" content=\"2 minutes\" \/>\n<script type=\"application\/ld+json\" class=\"yoast-schema-graph\">{\"@context\":\"https:\\\/\\\/schema.org\",\"@graph\":[{\"@type\":\"WebPage\",\"@id\":\"https:\\\/\\\/medicinasinc.com\\\/cs\\\/product\\\/buy-hdep-28-novel-ethylnaftidate\\\/\",\"url\":\"https:\\\/\\\/medicinasinc.com\\\/cs\\\/product\\\/buy-hdep-28-novel-ethylnaftidate\\\/\",\"name\":\"Kupte si hdep-28 Novel Ethylnaftidate - Nejlep\u0161\u00ed glob\u00e1ln\u00ed l\u00e9ky\",\"isPartOf\":{\"@id\":\"https:\\\/\\\/medicinasinc.com\\\/cs\\\/#website\"},\"primaryImageOfPage\":{\"@id\":\"https:\\\/\\\/medicinasinc.com\\\/cs\\\/product\\\/buy-hdep-28-novel-ethylnaftidate\\\/#primaryimage\"},\"image\":{\"@id\":\"https:\\\/\\\/medicinasinc.com\\\/cs\\\/product\\\/buy-hdep-28-novel-ethylnaftidate\\\/#primaryimage\"},\"thumbnailUrl\":\"https:\\\/\\\/medicinasinc.com\\\/cs\\\/wp-content\\\/uploads\\\/sites\\\/2\\\/2022\\\/02\\\/Buy-hdep-28-Novel-Ethylnaphthidate.jpg\",\"datePublished\":\"2022-02-22T01:06:52+00:00\",\"dateModified\":\"2022-03-14T11:39:05+00:00\",\"description\":\"Koupit hdep-28 Novel Ethylnaphthidate na prodej ve Velk\u00e9 Brit\u00e1nii, Evrop\u011b Online. IUPAC: ethyl-2-(naftalen-2-yl)-2-(piperidin-2-yl)acet\u00e1t. Objednejte hdep-28 Novel Ethylnaftidate\",\"breadcrumb\":{\"@id\":\"https:\\\/\\\/medicinasinc.com\\\/cs\\\/product\\\/buy-hdep-28-novel-ethylnaftidate\\\/#breadcrumb\"},\"inLanguage\":\"en-US\",\"potentialAction\":[{\"@type\":\"ReadAction\",\"target\":[\"https:\\\/\\\/medicinasinc.com\\\/cs\\\/product\\\/buy-hdep-28-novel-ethylnaftidate\\\/\"]}]},{\"@type\":\"ImageObject\",\"inLanguage\":\"en-US\",\"@id\":\"https:\\\/\\\/medicinasinc.com\\\/cs\\\/product\\\/buy-hdep-28-novel-ethylnaftidate\\\/#primaryimage\",\"url\":\"https:\\\/\\\/medicinasinc.com\\\/cs\\\/wp-content\\\/uploads\\\/sites\\\/2\\\/2022\\\/02\\\/Buy-hdep-28-Novel-Ethylnaphthidate.jpg\",\"contentUrl\":\"https:\\\/\\\/medicinasinc.com\\\/cs\\\/wp-content\\\/uploads\\\/sites\\\/2\\\/2022\\\/02\\\/Buy-hdep-28-Novel-Ethylnaphthidate.jpg\",\"width\":600,\"height\":600},{\"@type\":\"BreadcrumbList\",\"@id\":\"https:\\\/\\\/medicinasinc.com\\\/cs\\\/product\\\/buy-hdep-28-novel-ethylnaftidate\\\/#breadcrumb\",\"itemListElement\":[{\"@type\":\"ListItem\",\"position\":1,\"name\":\"Obchod\",\"item\":\"https:\\\/\\\/medicinasinc.com\\\/cs\\\/obchod\\\/\"},{\"@type\":\"ListItem\",\"position\":2,\"name\":\"Koupit hdep-28 Novel Ethylnaftidate\"}]},{\"@type\":\"WebSite\",\"@id\":\"https:\\\/\\\/medicinasinc.com\\\/cs\\\/#website\",\"url\":\"https:\\\/\\\/medicinasinc.com\\\/cs\\\/\",\"name\":\"Medicinas Inc\",\"description\":\"Health Medical Clinic\",\"potentialAction\":[{\"@type\":\"SearchAction\",\"target\":{\"@type\":\"EntryPoint\",\"urlTemplate\":\"https:\\\/\\\/medicinasinc.com\\\/cs\\\/?s={search_term_string}\"},\"query-input\":{\"@type\":\"PropertyValueSpecification\",\"valueRequired\":true,\"valueName\":\"search_term_string\"}}],\"inLanguage\":\"en-US\"}]}<\/script>\n<!-- \/ Yoast SEO plugin. -->","yoast_head_json":{"title":"Kupte si hdep-28 Novel Ethylnaftidate - Nejlep\u0161\u00ed glob\u00e1ln\u00ed l\u00e9ky","description":"Koupit hdep-28 Novel Ethylnaphthidate na prodej ve Velk\u00e9 Brit\u00e1nii, Evrop\u011b Online. IUPAC: ethyl-2-(naftalen-2-yl)-2-(piperidin-2-yl)acet\u00e1t. Objednejte hdep-28 Novel Ethylnaftidate","robots":{"index":"index","follow":"follow","max-snippet":"max-snippet:-1","max-image-preview":"max-image-preview:large","max-video-preview":"max-video-preview:-1"},"canonical":"https:\/\/medicinasinc.com\/cs\/product\/buy-hdep-28-novel-ethylnaftidate\/","og_locale":"en_US","og_type":"article","og_title":"Kupte si hdep-28 Novel Ethylnaftidate - Nejlep\u0161\u00ed glob\u00e1ln\u00ed l\u00e9ky","og_description":"Koupit hdep-28 Novel Ethylnaphthidate na prodej ve Velk\u00e9 Brit\u00e1nii, Evrop\u011b Online. IUPAC: ethyl-2-(naftalen-2-yl)-2-(piperidin-2-yl)acet\u00e1t. Objednejte hdep-28 Novel Ethylnaftidate","og_url":"https:\/\/medicinasinc.com\/cs\/product\/buy-hdep-28-novel-ethylnaftidate\/","og_site_name":"Medicinas Inc","article_modified_time":"2022-03-14T11:39:05+00:00","og_image":[{"width":600,"height":600,"url":"https:\/\/medicinasinc.com\/cs\/wp-content\/uploads\/sites\/2\/2022\/02\/Buy-hdep-28-Novel-Ethylnaphthidate.jpg","type":"image\/jpeg"}],"twitter_card":"summary_large_image","twitter_misc":{"Est. reading time":"2 minutes"},"schema":{"@context":"https:\/\/schema.org","@graph":[{"@type":"WebPage","@id":"https:\/\/medicinasinc.com\/cs\/product\/buy-hdep-28-novel-ethylnaftidate\/","url":"https:\/\/medicinasinc.com\/cs\/product\/buy-hdep-28-novel-ethylnaftidate\/","name":"Kupte si hdep-28 Novel Ethylnaftidate - Nejlep\u0161\u00ed glob\u00e1ln\u00ed l\u00e9ky","isPartOf":{"@id":"https:\/\/medicinasinc.com\/cs\/#website"},"primaryImageOfPage":{"@id":"https:\/\/medicinasinc.com\/cs\/product\/buy-hdep-28-novel-ethylnaftidate\/#primaryimage"},"image":{"@id":"https:\/\/medicinasinc.com\/cs\/product\/buy-hdep-28-novel-ethylnaftidate\/#primaryimage"},"thumbnailUrl":"https:\/\/medicinasinc.com\/cs\/wp-content\/uploads\/sites\/2\/2022\/02\/Buy-hdep-28-Novel-Ethylnaphthidate.jpg","datePublished":"2022-02-22T01:06:52+00:00","dateModified":"2022-03-14T11:39:05+00:00","description":"Koupit hdep-28 Novel Ethylnaphthidate na prodej ve Velk\u00e9 Brit\u00e1nii, Evrop\u011b Online. IUPAC: ethyl-2-(naftalen-2-yl)-2-(piperidin-2-yl)acet\u00e1t. Objednejte hdep-28 Novel Ethylnaftidate","breadcrumb":{"@id":"https:\/\/medicinasinc.com\/cs\/product\/buy-hdep-28-novel-ethylnaftidate\/#breadcrumb"},"inLanguage":"en-US","potentialAction":[{"@type":"ReadAction","target":["https:\/\/medicinasinc.com\/cs\/product\/buy-hdep-28-novel-ethylnaftidate\/"]}]},{"@type":"ImageObject","inLanguage":"en-US","@id":"https:\/\/medicinasinc.com\/cs\/product\/buy-hdep-28-novel-ethylnaftidate\/#primaryimage","url":"https:\/\/medicinasinc.com\/cs\/wp-content\/uploads\/sites\/2\/2022\/02\/Buy-hdep-28-Novel-Ethylnaphthidate.jpg","contentUrl":"https:\/\/medicinasinc.com\/cs\/wp-content\/uploads\/sites\/2\/2022\/02\/Buy-hdep-28-Novel-Ethylnaphthidate.jpg","width":600,"height":600},{"@type":"BreadcrumbList","@id":"https:\/\/medicinasinc.com\/cs\/product\/buy-hdep-28-novel-ethylnaftidate\/#breadcrumb","itemListElement":[{"@type":"ListItem","position":1,"name":"Obchod","item":"https:\/\/medicinasinc.com\/cs\/obchod\/"},{"@type":"ListItem","position":2,"name":"Koupit hdep-28 Novel Ethylnaftidate"}]},{"@type":"WebSite","@id":"https:\/\/medicinasinc.com\/cs\/#website","url":"https:\/\/medicinasinc.com\/cs\/","name":"Medicinas Inc","description":"Health Medical Clinic","potentialAction":[{"@type":"SearchAction","target":{"@type":"EntryPoint","urlTemplate":"https:\/\/medicinasinc.com\/cs\/?s={search_term_string}"},"query-input":{"@type":"PropertyValueSpecification","valueRequired":true,"valueName":"search_term_string"}}],"inLanguage":"en-US"}]}},"_links":{"self":[{"href":"https:\/\/medicinasinc.com\/cs\/wp-json\/wp\/v2\/product\/5523","targetHints":{"allow":["GET"]}}],"collection":[{"href":"https:\/\/medicinasinc.com\/cs\/wp-json\/wp\/v2\/product"}],"about":[{"href":"https:\/\/medicinasinc.com\/cs\/wp-json\/wp\/v2\/types\/product"}],"replies":[{"embeddable":true,"href":"https:\/\/medicinasinc.com\/cs\/wp-json\/wp\/v2\/comments?post=5523"}],"wp:featuredmedia":[{"embeddable":true,"href":"https:\/\/medicinasinc.com\/cs\/wp-json\/wp\/v2\/media\/5535"}],"wp:attachment":[{"href":"https:\/\/medicinasinc.com\/cs\/wp-json\/wp\/v2\/media?parent=5523"}],"wp:term":[{"taxonomy":"product_brand","embeddable":true,"href":"https:\/\/medicinasinc.com\/cs\/wp-json\/wp\/v2\/product_brand?post=5523"},{"taxonomy":"product_cat","embeddable":true,"href":"https:\/\/medicinasinc.com\/cs\/wp-json\/wp\/v2\/product_cat?post=5523"},{"taxonomy":"product_tag","embeddable":true,"href":"https:\/\/medicinasinc.com\/cs\/wp-json\/wp\/v2\/product_tag?post=5523"}],"curies":[{"name":"wp","href":"https:\/\/api.w.org\/{rel}","templated":true}]}}