{"id":5522,"date":"2022-02-22T01:05:36","date_gmt":"2022-02-22T01:05:36","guid":{"rendered":"https:\/\/medicinasinc.com\/cs\/?post_type=product&#038;p=5522"},"modified":"2022-08-03T11:51:24","modified_gmt":"2022-08-03T11:51:24","slug":"buy-fub-akb48-prasek","status":"publish","type":"product","link":"https:\/\/medicinasinc.com\/cs\/product\/buy-fub-akb48-prasek\/","title":{"rendered":"Koupit Fub Akb48 Powder"},"content":{"rendered":"<p>Pure Fub Akb48 Powder to Buy<\/p>\n<p>Pokud byste se cht\u011bli dozv\u011bd\u011bt v\u00edce o \u00fa\u010dinc\u00edch FUB-AKB48 (tak\u00e9 zn\u00e1m\u00e9ho jako AFUBINACA nebo FUB-APINACA) na receptor CB1, toto je syntetick\u00fd kanabinoid pro v\u00e1s.<\/p>\n<p>Pro chemick\u00fd vzorec pou\u017eijte n\u00e1sleduj\u00edc\u00ed: C25H26FN3O.<br \/>\nV nomenklatu\u0159e IUPAC: N-[(4-fluorfenyl)methyl]-1-adamantan-1-yl<br \/>\n-1H-indazol<br \/>\n-3-karboxamid<br \/>\nVzhled:<br \/>\n\u010cistota:<\/p>\n","protected":false},"excerpt":{"rendered":"<p>Pla\u0165te bitcoiny za doru\u010den\u00ed pr\u00e1\u0161ku FUB-AKB48 do Evropy. Kupte si pr\u00e1\u0161ek FUB-AKB48 v Evrop\u011b od britsk\u00e9ho poskytovatele za n\u00edzkou cenu. Evropsk\u00fd obchod FUB-AKB48 Powder, kde m\u016f\u017eete z\u00edskat pr\u00e1\u0161ek FUB-AKB48 s 99procentn\u00ed \u010distotou.<\/p>\n<p>Z\u00edskejte 1 oz. of Pure Fub Akb48 Powder od n\u00e1s je\u0161t\u011b dnes! Fale\u0161n\u00e1 tr\u00e1va je indol, kter\u00fd se pou\u017e\u00edv\u00e1 p\u0159i v\u00fdrob\u011b l\u00e9k\u016f a je nyn\u00ed k dispozici k prodeji se syntetickou marihuanou kombinovan\u00fdmi aktivn\u00edmi slo\u017ekami.<\/p>\n<p>S bitcoiny m\u016f\u017eete online z\u00edskat \u010dist\u00fd a vysoce kvalitn\u00ed pr\u00e1\u0161ek FUB-AKB48, as stejn\u011b jako leg\u00e1ln\u00ed l\u00e9ky, v\u00fdzkumn\u00e9 chemik\u00e1lie a surov\u00e9 l\u00e9\u010div\u00e9 pr\u00e1\u0161ky.<\/p>\n","protected":false},"featured_media":5533,"comment_status":"open","ping_status":"closed","template":"","meta":[],"product_brand":[],"product_cat":[2596],"product_tag":[3013,3014,3015,3027,3016,3021,3019,3022,3023,3024,3018,3020,3025,3017,3026,3028],"class_list":{"0":"post-5522","1":"product","2":"type-product","3":"status-publish","4":"has-post-thumbnail","6":"product_cat-kanabinoidy-na-prodej","7":"product_tag-buy-fub-akb48-eu","8":"product_tag-buy-fub-akb48-powder","9":"product_tag-fub-akb48-china-supplier","10":"product_tag-fub-akb48-shipping","11":"product_tag-fub-akb48-effect","12":"product_tag-fub-akb48-powder-for-sale","13":"product_tag-fub-akb48-powder-buy","14":"product_tag-fub-akb48-powder-online","15":"product_tag-fub-akb48-powder-order","16":"product_tag-fub-akb48-powder-renders","17":"product_tag-fub-akb48-prek","18":"product_tag-fub-akb48-powder-efekt","19":"product_tag-fub-akb48-renders","20":"product_tag-fub-akb48-na-prodej","21":"product_tag-fub-akb48-recenze","22":"product_tag-fub-akb48-velkoobchod","24":"first","25":"instock","26":"shipping-taxable","27":"purchasable","28":"product-type-variable","29":"has-default-attributes"},"yoast_head":"<!-- This site is optimized with the Yoast SEO plugin v27.3 - https:\/\/yoast.com\/product\/yoast-seo-wordpress\/ -->\n<title>Koupit Fub Akb48 Powder - Fub Akb48 online - Nejlep\u0161\u00ed glob\u00e1ln\u00ed l\u00e9ky<\/title>\n<meta name=\"description\" content=\"Koupit pr\u00e1\u0161ek FUB-AKB48 na prodej doprava EU, platba bitcoiny. Levn\u00fd dodavatel pr\u00e1\u0161ku FUB-AKB48 Spojen\u00e9 kr\u00e1lovstv\u00ed \u2013 nakupujte v\u00fdzkumn\u00e9 chemik\u00e1lie v Evrop\u011b. Obchod s pr\u00e1\u0161kem FUB-AKB48 v Evrop\u011b\" \/>\n<meta name=\"robots\" content=\"index, follow, max-snippet:-1, max-image-preview:large, max-video-preview:-1\" \/>\n<link rel=\"canonical\" href=\"https:\/\/medicinasinc.com\/cs\/product\/buy-fub-akb48-prasek\/\" \/>\n<meta property=\"og:locale\" content=\"en_US\" \/>\n<meta property=\"og:type\" content=\"article\" \/>\n<meta property=\"og:title\" content=\"Koupit Fub Akb48 Powder - Fub Akb48 online - Nejlep\u0161\u00ed glob\u00e1ln\u00ed l\u00e9ky\" \/>\n<meta property=\"og:description\" content=\"Koupit pr\u00e1\u0161ek FUB-AKB48 na prodej doprava EU, platba bitcoiny. Levn\u00fd dodavatel pr\u00e1\u0161ku FUB-AKB48 Spojen\u00e9 kr\u00e1lovstv\u00ed \u2013 nakupujte v\u00fdzkumn\u00e9 chemik\u00e1lie v Evrop\u011b. Obchod s pr\u00e1\u0161kem FUB-AKB48 v Evrop\u011b\" \/>\n<meta property=\"og:url\" content=\"https:\/\/medicinasinc.com\/cs\/product\/buy-fub-akb48-prasek\/\" \/>\n<meta property=\"og:site_name\" content=\"Medicinas Inc\" \/>\n<meta property=\"article:modified_time\" content=\"2022-08-03T11:51:24+00:00\" \/>\n<meta property=\"og:image\" content=\"https:\/\/medicinasinc.com\/cs\/wp-content\/uploads\/sites\/2\/2022\/02\/Buy-Fub-Akb48-Powder.jpeg\" \/>\n\t<meta property=\"og:image:width\" content=\"800\" \/>\n\t<meta property=\"og:image:height\" content=\"438\" \/>\n\t<meta property=\"og:image:type\" content=\"image\/jpeg\" \/>\n<meta name=\"twitter:card\" content=\"summary_large_image\" \/>\n<meta name=\"twitter:label1\" content=\"Est. reading time\" \/>\n\t<meta name=\"twitter:data1\" content=\"1 minute\" \/>\n<script type=\"application\/ld+json\" class=\"yoast-schema-graph\">{\"@context\":\"https:\\\/\\\/schema.org\",\"@graph\":[{\"@type\":\"WebPage\",\"@id\":\"https:\\\/\\\/medicinasinc.com\\\/cs\\\/product\\\/buy-fub-akb48-prasek\\\/\",\"url\":\"https:\\\/\\\/medicinasinc.com\\\/cs\\\/product\\\/buy-fub-akb48-prasek\\\/\",\"name\":\"Koupit Fub Akb48 Powder - Fub Akb48 online - Nejlep\u0161\u00ed glob\u00e1ln\u00ed l\u00e9ky\",\"isPartOf\":{\"@id\":\"https:\\\/\\\/medicinasinc.com\\\/cs\\\/#website\"},\"primaryImageOfPage\":{\"@id\":\"https:\\\/\\\/medicinasinc.com\\\/cs\\\/product\\\/buy-fub-akb48-prasek\\\/#primaryimage\"},\"image\":{\"@id\":\"https:\\\/\\\/medicinasinc.com\\\/cs\\\/product\\\/buy-fub-akb48-prasek\\\/#primaryimage\"},\"thumbnailUrl\":\"https:\\\/\\\/medicinasinc.com\\\/cs\\\/wp-content\\\/uploads\\\/sites\\\/2\\\/2022\\\/02\\\/Buy-Fub-Akb48-Powder.jpeg\",\"datePublished\":\"2022-02-22T01:05:36+00:00\",\"dateModified\":\"2022-08-03T11:51:24+00:00\",\"description\":\"Koupit pr\u00e1\u0161ek FUB-AKB48 na prodej doprava EU, platba bitcoiny. Levn\u00fd dodavatel pr\u00e1\u0161ku FUB-AKB48 Spojen\u00e9 kr\u00e1lovstv\u00ed \u2013 nakupujte v\u00fdzkumn\u00e9 chemik\u00e1lie v Evrop\u011b. Obchod s pr\u00e1\u0161kem FUB-AKB48 v Evrop\u011b\",\"breadcrumb\":{\"@id\":\"https:\\\/\\\/medicinasinc.com\\\/cs\\\/product\\\/buy-fub-akb48-prasek\\\/#breadcrumb\"},\"inLanguage\":\"en-US\",\"potentialAction\":[{\"@type\":\"ReadAction\",\"target\":[\"https:\\\/\\\/medicinasinc.com\\\/cs\\\/product\\\/buy-fub-akb48-prasek\\\/\"]}]},{\"@type\":\"ImageObject\",\"inLanguage\":\"en-US\",\"@id\":\"https:\\\/\\\/medicinasinc.com\\\/cs\\\/product\\\/buy-fub-akb48-prasek\\\/#primaryimage\",\"url\":\"https:\\\/\\\/medicinasinc.com\\\/cs\\\/wp-content\\\/uploads\\\/sites\\\/2\\\/2022\\\/02\\\/Buy-Fub-Akb48-Powder.jpeg\",\"contentUrl\":\"https:\\\/\\\/medicinasinc.com\\\/cs\\\/wp-content\\\/uploads\\\/sites\\\/2\\\/2022\\\/02\\\/Buy-Fub-Akb48-Powder.jpeg\",\"width\":800,\"height\":438},{\"@type\":\"BreadcrumbList\",\"@id\":\"https:\\\/\\\/medicinasinc.com\\\/cs\\\/product\\\/buy-fub-akb48-prasek\\\/#breadcrumb\",\"itemListElement\":[{\"@type\":\"ListItem\",\"position\":1,\"name\":\"Obchod\",\"item\":\"https:\\\/\\\/medicinasinc.com\\\/cs\\\/obchod\\\/\"},{\"@type\":\"ListItem\",\"position\":2,\"name\":\"Koupit Fub Akb48 Powder\"}]},{\"@type\":\"WebSite\",\"@id\":\"https:\\\/\\\/medicinasinc.com\\\/cs\\\/#website\",\"url\":\"https:\\\/\\\/medicinasinc.com\\\/cs\\\/\",\"name\":\"Medicinas Inc\",\"description\":\"Health Medical Clinic\",\"potentialAction\":[{\"@type\":\"SearchAction\",\"target\":{\"@type\":\"EntryPoint\",\"urlTemplate\":\"https:\\\/\\\/medicinasinc.com\\\/cs\\\/?s={search_term_string}\"},\"query-input\":{\"@type\":\"PropertyValueSpecification\",\"valueRequired\":true,\"valueName\":\"search_term_string\"}}],\"inLanguage\":\"en-US\"}]}<\/script>\n<!-- \/ Yoast SEO plugin. -->","yoast_head_json":{"title":"Koupit Fub Akb48 Powder - Fub Akb48 online - Nejlep\u0161\u00ed glob\u00e1ln\u00ed l\u00e9ky","description":"Koupit pr\u00e1\u0161ek FUB-AKB48 na prodej doprava EU, platba bitcoiny. Levn\u00fd dodavatel pr\u00e1\u0161ku FUB-AKB48 Spojen\u00e9 kr\u00e1lovstv\u00ed \u2013 nakupujte v\u00fdzkumn\u00e9 chemik\u00e1lie v Evrop\u011b. Obchod s pr\u00e1\u0161kem FUB-AKB48 v Evrop\u011b","robots":{"index":"index","follow":"follow","max-snippet":"max-snippet:-1","max-image-preview":"max-image-preview:large","max-video-preview":"max-video-preview:-1"},"canonical":"https:\/\/medicinasinc.com\/cs\/product\/buy-fub-akb48-prasek\/","og_locale":"en_US","og_type":"article","og_title":"Koupit Fub Akb48 Powder - Fub Akb48 online - Nejlep\u0161\u00ed glob\u00e1ln\u00ed l\u00e9ky","og_description":"Koupit pr\u00e1\u0161ek FUB-AKB48 na prodej doprava EU, platba bitcoiny. Levn\u00fd dodavatel pr\u00e1\u0161ku FUB-AKB48 Spojen\u00e9 kr\u00e1lovstv\u00ed \u2013 nakupujte v\u00fdzkumn\u00e9 chemik\u00e1lie v Evrop\u011b. Obchod s pr\u00e1\u0161kem FUB-AKB48 v Evrop\u011b","og_url":"https:\/\/medicinasinc.com\/cs\/product\/buy-fub-akb48-prasek\/","og_site_name":"Medicinas Inc","article_modified_time":"2022-08-03T11:51:24+00:00","og_image":[{"width":800,"height":438,"url":"https:\/\/medicinasinc.com\/cs\/wp-content\/uploads\/sites\/2\/2022\/02\/Buy-Fub-Akb48-Powder.jpeg","type":"image\/jpeg"}],"twitter_card":"summary_large_image","twitter_misc":{"Est. reading time":"1 minute"},"schema":{"@context":"https:\/\/schema.org","@graph":[{"@type":"WebPage","@id":"https:\/\/medicinasinc.com\/cs\/product\/buy-fub-akb48-prasek\/","url":"https:\/\/medicinasinc.com\/cs\/product\/buy-fub-akb48-prasek\/","name":"Koupit Fub Akb48 Powder - Fub Akb48 online - Nejlep\u0161\u00ed glob\u00e1ln\u00ed l\u00e9ky","isPartOf":{"@id":"https:\/\/medicinasinc.com\/cs\/#website"},"primaryImageOfPage":{"@id":"https:\/\/medicinasinc.com\/cs\/product\/buy-fub-akb48-prasek\/#primaryimage"},"image":{"@id":"https:\/\/medicinasinc.com\/cs\/product\/buy-fub-akb48-prasek\/#primaryimage"},"thumbnailUrl":"https:\/\/medicinasinc.com\/cs\/wp-content\/uploads\/sites\/2\/2022\/02\/Buy-Fub-Akb48-Powder.jpeg","datePublished":"2022-02-22T01:05:36+00:00","dateModified":"2022-08-03T11:51:24+00:00","description":"Koupit pr\u00e1\u0161ek FUB-AKB48 na prodej doprava EU, platba bitcoiny. Levn\u00fd dodavatel pr\u00e1\u0161ku FUB-AKB48 Spojen\u00e9 kr\u00e1lovstv\u00ed \u2013 nakupujte v\u00fdzkumn\u00e9 chemik\u00e1lie v Evrop\u011b. Obchod s pr\u00e1\u0161kem FUB-AKB48 v Evrop\u011b","breadcrumb":{"@id":"https:\/\/medicinasinc.com\/cs\/product\/buy-fub-akb48-prasek\/#breadcrumb"},"inLanguage":"en-US","potentialAction":[{"@type":"ReadAction","target":["https:\/\/medicinasinc.com\/cs\/product\/buy-fub-akb48-prasek\/"]}]},{"@type":"ImageObject","inLanguage":"en-US","@id":"https:\/\/medicinasinc.com\/cs\/product\/buy-fub-akb48-prasek\/#primaryimage","url":"https:\/\/medicinasinc.com\/cs\/wp-content\/uploads\/sites\/2\/2022\/02\/Buy-Fub-Akb48-Powder.jpeg","contentUrl":"https:\/\/medicinasinc.com\/cs\/wp-content\/uploads\/sites\/2\/2022\/02\/Buy-Fub-Akb48-Powder.jpeg","width":800,"height":438},{"@type":"BreadcrumbList","@id":"https:\/\/medicinasinc.com\/cs\/product\/buy-fub-akb48-prasek\/#breadcrumb","itemListElement":[{"@type":"ListItem","position":1,"name":"Obchod","item":"https:\/\/medicinasinc.com\/cs\/obchod\/"},{"@type":"ListItem","position":2,"name":"Koupit Fub Akb48 Powder"}]},{"@type":"WebSite","@id":"https:\/\/medicinasinc.com\/cs\/#website","url":"https:\/\/medicinasinc.com\/cs\/","name":"Medicinas Inc","description":"Health Medical Clinic","potentialAction":[{"@type":"SearchAction","target":{"@type":"EntryPoint","urlTemplate":"https:\/\/medicinasinc.com\/cs\/?s={search_term_string}"},"query-input":{"@type":"PropertyValueSpecification","valueRequired":true,"valueName":"search_term_string"}}],"inLanguage":"en-US"}]}},"_links":{"self":[{"href":"https:\/\/medicinasinc.com\/cs\/wp-json\/wp\/v2\/product\/5522","targetHints":{"allow":["GET"]}}],"collection":[{"href":"https:\/\/medicinasinc.com\/cs\/wp-json\/wp\/v2\/product"}],"about":[{"href":"https:\/\/medicinasinc.com\/cs\/wp-json\/wp\/v2\/types\/product"}],"replies":[{"embeddable":true,"href":"https:\/\/medicinasinc.com\/cs\/wp-json\/wp\/v2\/comments?post=5522"}],"wp:featuredmedia":[{"embeddable":true,"href":"https:\/\/medicinasinc.com\/cs\/wp-json\/wp\/v2\/media\/5533"}],"wp:attachment":[{"href":"https:\/\/medicinasinc.com\/cs\/wp-json\/wp\/v2\/media?parent=5522"}],"wp:term":[{"taxonomy":"product_brand","embeddable":true,"href":"https:\/\/medicinasinc.com\/cs\/wp-json\/wp\/v2\/product_brand?post=5522"},{"taxonomy":"product_cat","embeddable":true,"href":"https:\/\/medicinasinc.com\/cs\/wp-json\/wp\/v2\/product_cat?post=5522"},{"taxonomy":"product_tag","embeddable":true,"href":"https:\/\/medicinasinc.com\/cs\/wp-json\/wp\/v2\/product_tag?post=5522"}],"curies":[{"name":"wp","href":"https:\/\/api.w.org\/{rel}","templated":true}]}}