{"id":5521,"date":"2022-02-22T01:04:16","date_gmt":"2022-02-22T01:04:16","guid":{"rendered":"https:\/\/medicinasinc.com\/cs\/?post_type=product&#038;p=5521"},"modified":"2022-03-14T11:39:27","modified_gmt":"2022-03-14T11:39:27","slug":"koupit-flubromazepam-4mg-pelety","status":"publish","type":"product","link":"https:\/\/medicinasinc.com\/cs\/product\/koupit-flubromazepam-4mg-pelety\/","title":{"rendered":"Koupit Flubromazepam 4mg Pellets"},"content":{"rendered":"<p>CENOV\u00c9 DOD\u00c1VKY FLUBROMAZEPAM 4MG PELETY DO EU<\/p>\n<p>Flubromazepam 4mg pelety lze zakoupit v Evrop\u011b na tomto m\u00edst\u011b.<\/p>\n<p>M\u016f\u017eete pou\u017e\u00edt bitcoiny k platb\u011b za Flubromazepam pelety 4 mg. <\/p>\n<p>Benzodiazepinov\u00fd deriv\u00e1t Flubromazepam je prvn\u00ed sv\u00e9ho druhu. 7-Brom-5-(2-fluorfenyl)-1,3-dihydro-1,4-benzodiazepin-2-on je \u00fapln\u00fd chemick\u00fd n\u00e1zev. Tento l\u00e9k je struktur\u00e1ln\u011b podobn\u00fd bromazepamu, sedativu, proti \u00fazkosti a sp\u00e1nku, kter\u00fd je tak\u00e9 zn\u00e1m\u00fd jako benzodiazepin.<\/p>\n<p>Vzhled p\u0159ipom\u00ednaj\u00edc\u00ed oran\u017eov\u00e9 pelety ukazuje na p\u0159\u00edtomnost 7-brom-5-(2 -fluorfenyl)-1,3-dihydro-1,4-benzodiazepin-2-on.<\/p>\n<p>Flubromazepam 4mg Pellets lze zakoupit online pomoc\u00ed bitcoinov\u00e9 adresy.<\/p>\n<p>4mg Pellets of Flubromazepam for Prodej<\/p>\n<p>&nbsp;<\/p>\n<p>Flubromazepam 4mg Pellets lze zakoupit p\u0159es internet.<br \/> K \u010demu se Flubromazepam pou\u017e\u00edv\u00e1?<\/p>\n<p>Bezodiazepinov\u00fd deriv\u00e1t, flubromazepam existuje ji\u017e od roku 1960, kdy byl poprv\u00e9 vyroben. A\u017e do roku 2012, kdy se za\u010dal propagovat jako vy\u0161et\u0159ovac\u00ed materi\u00e1l, nebyl nikdy propagov\u00e1n jako l\u00e9k a mnoz\u00ed na n\u011bj zapomn\u011bli a\u017e do roku 2012. Flubromazepam m\u00e1 formu prakticky identickou s fenazepamem, dal\u0161\u00edm benzodiazepinem, kter\u00fd byl popularizov\u00e1n farmaceutick\u00fdmi spole\u010dnostmi. v n\u011bkolika zem\u00edch.<\/p>\n","protected":false},"excerpt":{"rendered":"<div class=\"woocommerce-product-details__short-description\">\n<p>Kupte si pelety Flubromazepam 4mg na prodej EU, UK, Evropa, doprava, platba bitcoiny. Levn\u00fd flubromazepam 4mg pelety dodavatel &#8211; nakupujte chemik\u00e1lie pro v\u00fdzkum v Evrop\u011b.<\/p>\n<p><em>Kupte si Flubromazepam<\/em>\u00a0(<em>4 mg<\/em>)\u00a0<em>Pelety<\/em>\u00a0za nejlep\u0161\u00ed cenu. Zaru\u010dujeme bezpe\u010dnou a zabezpe\u010denou p\u0159epravu po cel\u00e9m sv\u011bt\u011b.<\/p>\n<p>Nakupte Flubromazepam 4mg Pellets online. Flubromazepam je v prodeji ve form\u011b 4mg pelet, zbarven\u00fdch jasn\u011b \u017elut\u011b, m\u00edrn\u011b odli\u0161n\u00e9ho odst\u00ednu \u017elut\u00e9 od aktu\u00e1ln\u00ed \u0161ar\u017ee Pyrazolamu, kter\u00e1 je aktu\u00e1ln\u011b dostupn\u00e1 v USA.<\/p>\n<\/p><\/div>\n","protected":false},"featured_media":5531,"comment_status":"open","ping_status":"closed","template":"","meta":[],"product_brand":[],"product_cat":[2014],"product_tag":[3000,3001,3002,3005,3006,3007,3008,3004,3012,2999,2998,3010,3009,3011,3003],"class_list":{"0":"post-5521","1":"product","2":"type-product","3":"status-publish","4":"has-post-thumbnail","6":"product_cat-koupit-vyzkumne-chemikalie","7":"product_tag-flubromazepam","8":"product_tag-flubromazepam-4-mg","9":"product_tag-flubromazepam-4mg","10":"product_tag-flubromazepam-europe-buy","11":"product_tag-flubromazepam-google","12":"product_tag-flubromazepam-pellets","13":"product_tag-flubromazepam-reddit","14":"product_tag-flubromazepamov-c3-bd-efekt","15":"product_tag-kde-koupit-koupit-flubromazepam-pelety","16":"product_tag-koupit-flubromazepam-pelety","17":"product_tag-koupit-flubromazepam","18":"product_tag-kvalitn-flubromazepam-4-mg","19":"product_tag-objednvka-flubromazepam","20":"product_tag-pepravn-flubromazepam-4mg-paleta","21":"product_tag-flubromazepam-4-mg-na-prodej","23":"first","24":"instock","25":"shipping-taxable","26":"purchasable","27":"product-type-variable","28":"has-default-attributes"},"yoast_head":"<!-- This site is optimized with the Yoast SEO plugin v27.3 - https:\/\/yoast.com\/product\/yoast-seo-wordpress\/ -->\n<title>Koupit Flubromazepam 4mg pelety - Nejlep\u0161\u00ed nejlep\u0161\u00ed glob\u00e1ln\u00ed l\u00e9ky<\/title>\n<meta name=\"description\" content=\"Koupit Flubromazepam 4mg pelety na prodej EU, UK, Evropa doprava, platba bitcoiny. Levn\u00fd dodavatel pelet Flubromazepam 4mg \u2013 nakupujte v\u00fdzkumn\u00e9 chemik\u00e1lie v Evrop\u011b.\" \/>\n<meta name=\"robots\" content=\"index, follow, max-snippet:-1, max-image-preview:large, max-video-preview:-1\" \/>\n<link rel=\"canonical\" href=\"https:\/\/medicinasinc.com\/cs\/product\/koupit-flubromazepam-4mg-pelety\/\" \/>\n<meta property=\"og:locale\" content=\"en_US\" \/>\n<meta property=\"og:type\" content=\"article\" \/>\n<meta property=\"og:title\" content=\"Koupit Flubromazepam 4mg pelety - Nejlep\u0161\u00ed nejlep\u0161\u00ed glob\u00e1ln\u00ed l\u00e9ky\" \/>\n<meta property=\"og:description\" content=\"Koupit Flubromazepam 4mg pelety na prodej EU, UK, Evropa doprava, platba bitcoiny. Levn\u00fd dodavatel pelet Flubromazepam 4mg \u2013 nakupujte v\u00fdzkumn\u00e9 chemik\u00e1lie v Evrop\u011b.\" \/>\n<meta property=\"og:url\" content=\"https:\/\/medicinasinc.com\/cs\/product\/koupit-flubromazepam-4mg-pelety\/\" \/>\n<meta property=\"og:site_name\" content=\"Medicinas Inc\" \/>\n<meta property=\"article:modified_time\" content=\"2022-03-14T11:39:27+00:00\" \/>\n<meta property=\"og:image\" content=\"https:\/\/medicinasinc.com\/cs\/wp-content\/uploads\/sites\/2\/2022\/02\/Buy-Flubromazepam-4mg-Pellets-1.jpg\" \/>\n\t<meta property=\"og:image:width\" content=\"350\" \/>\n\t<meta property=\"og:image:height\" content=\"350\" \/>\n\t<meta property=\"og:image:type\" content=\"image\/jpeg\" \/>\n<meta name=\"twitter:card\" content=\"summary_large_image\" \/>\n<meta name=\"twitter:label1\" content=\"Est. reading time\" \/>\n\t<meta name=\"twitter:data1\" content=\"1 minute\" \/>\n<script type=\"application\/ld+json\" class=\"yoast-schema-graph\">{\"@context\":\"https:\\\/\\\/schema.org\",\"@graph\":[{\"@type\":\"WebPage\",\"@id\":\"https:\\\/\\\/medicinasinc.com\\\/cs\\\/product\\\/koupit-flubromazepam-4mg-pelety\\\/\",\"url\":\"https:\\\/\\\/medicinasinc.com\\\/cs\\\/product\\\/koupit-flubromazepam-4mg-pelety\\\/\",\"name\":\"Koupit Flubromazepam 4mg pelety - Nejlep\u0161\u00ed nejlep\u0161\u00ed glob\u00e1ln\u00ed l\u00e9ky\",\"isPartOf\":{\"@id\":\"https:\\\/\\\/medicinasinc.com\\\/cs\\\/#website\"},\"primaryImageOfPage\":{\"@id\":\"https:\\\/\\\/medicinasinc.com\\\/cs\\\/product\\\/koupit-flubromazepam-4mg-pelety\\\/#primaryimage\"},\"image\":{\"@id\":\"https:\\\/\\\/medicinasinc.com\\\/cs\\\/product\\\/koupit-flubromazepam-4mg-pelety\\\/#primaryimage\"},\"thumbnailUrl\":\"https:\\\/\\\/medicinasinc.com\\\/cs\\\/wp-content\\\/uploads\\\/sites\\\/2\\\/2022\\\/02\\\/Buy-Flubromazepam-4mg-Pellets-1.jpg\",\"datePublished\":\"2022-02-22T01:04:16+00:00\",\"dateModified\":\"2022-03-14T11:39:27+00:00\",\"description\":\"Koupit Flubromazepam 4mg pelety na prodej EU, UK, Evropa doprava, platba bitcoiny. Levn\u00fd dodavatel pelet Flubromazepam 4mg \u2013 nakupujte v\u00fdzkumn\u00e9 chemik\u00e1lie v Evrop\u011b.\",\"breadcrumb\":{\"@id\":\"https:\\\/\\\/medicinasinc.com\\\/cs\\\/product\\\/koupit-flubromazepam-4mg-pelety\\\/#breadcrumb\"},\"inLanguage\":\"en-US\",\"potentialAction\":[{\"@type\":\"ReadAction\",\"target\":[\"https:\\\/\\\/medicinasinc.com\\\/cs\\\/product\\\/koupit-flubromazepam-4mg-pelety\\\/\"]}]},{\"@type\":\"ImageObject\",\"inLanguage\":\"en-US\",\"@id\":\"https:\\\/\\\/medicinasinc.com\\\/cs\\\/product\\\/koupit-flubromazepam-4mg-pelety\\\/#primaryimage\",\"url\":\"https:\\\/\\\/medicinasinc.com\\\/cs\\\/wp-content\\\/uploads\\\/sites\\\/2\\\/2022\\\/02\\\/Buy-Flubromazepam-4mg-Pellets-1.jpg\",\"contentUrl\":\"https:\\\/\\\/medicinasinc.com\\\/cs\\\/wp-content\\\/uploads\\\/sites\\\/2\\\/2022\\\/02\\\/Buy-Flubromazepam-4mg-Pellets-1.jpg\",\"width\":350,\"height\":350},{\"@type\":\"BreadcrumbList\",\"@id\":\"https:\\\/\\\/medicinasinc.com\\\/cs\\\/product\\\/koupit-flubromazepam-4mg-pelety\\\/#breadcrumb\",\"itemListElement\":[{\"@type\":\"ListItem\",\"position\":1,\"name\":\"Obchod\",\"item\":\"https:\\\/\\\/medicinasinc.com\\\/cs\\\/obchod\\\/\"},{\"@type\":\"ListItem\",\"position\":2,\"name\":\"Koupit Flubromazepam 4mg Pellets\"}]},{\"@type\":\"WebSite\",\"@id\":\"https:\\\/\\\/medicinasinc.com\\\/cs\\\/#website\",\"url\":\"https:\\\/\\\/medicinasinc.com\\\/cs\\\/\",\"name\":\"Medicinas Inc\",\"description\":\"Health Medical Clinic\",\"potentialAction\":[{\"@type\":\"SearchAction\",\"target\":{\"@type\":\"EntryPoint\",\"urlTemplate\":\"https:\\\/\\\/medicinasinc.com\\\/cs\\\/?s={search_term_string}\"},\"query-input\":{\"@type\":\"PropertyValueSpecification\",\"valueRequired\":true,\"valueName\":\"search_term_string\"}}],\"inLanguage\":\"en-US\"}]}<\/script>\n<!-- \/ Yoast SEO plugin. -->","yoast_head_json":{"title":"Koupit Flubromazepam 4mg pelety - Nejlep\u0161\u00ed nejlep\u0161\u00ed glob\u00e1ln\u00ed l\u00e9ky","description":"Koupit Flubromazepam 4mg pelety na prodej EU, UK, Evropa doprava, platba bitcoiny. Levn\u00fd dodavatel pelet Flubromazepam 4mg \u2013 nakupujte v\u00fdzkumn\u00e9 chemik\u00e1lie v Evrop\u011b.","robots":{"index":"index","follow":"follow","max-snippet":"max-snippet:-1","max-image-preview":"max-image-preview:large","max-video-preview":"max-video-preview:-1"},"canonical":"https:\/\/medicinasinc.com\/cs\/product\/koupit-flubromazepam-4mg-pelety\/","og_locale":"en_US","og_type":"article","og_title":"Koupit Flubromazepam 4mg pelety - Nejlep\u0161\u00ed nejlep\u0161\u00ed glob\u00e1ln\u00ed l\u00e9ky","og_description":"Koupit Flubromazepam 4mg pelety na prodej EU, UK, Evropa doprava, platba bitcoiny. Levn\u00fd dodavatel pelet Flubromazepam 4mg \u2013 nakupujte v\u00fdzkumn\u00e9 chemik\u00e1lie v Evrop\u011b.","og_url":"https:\/\/medicinasinc.com\/cs\/product\/koupit-flubromazepam-4mg-pelety\/","og_site_name":"Medicinas Inc","article_modified_time":"2022-03-14T11:39:27+00:00","og_image":[{"width":350,"height":350,"url":"https:\/\/medicinasinc.com\/cs\/wp-content\/uploads\/sites\/2\/2022\/02\/Buy-Flubromazepam-4mg-Pellets-1.jpg","type":"image\/jpeg"}],"twitter_card":"summary_large_image","twitter_misc":{"Est. reading time":"1 minute"},"schema":{"@context":"https:\/\/schema.org","@graph":[{"@type":"WebPage","@id":"https:\/\/medicinasinc.com\/cs\/product\/koupit-flubromazepam-4mg-pelety\/","url":"https:\/\/medicinasinc.com\/cs\/product\/koupit-flubromazepam-4mg-pelety\/","name":"Koupit Flubromazepam 4mg pelety - Nejlep\u0161\u00ed nejlep\u0161\u00ed glob\u00e1ln\u00ed l\u00e9ky","isPartOf":{"@id":"https:\/\/medicinasinc.com\/cs\/#website"},"primaryImageOfPage":{"@id":"https:\/\/medicinasinc.com\/cs\/product\/koupit-flubromazepam-4mg-pelety\/#primaryimage"},"image":{"@id":"https:\/\/medicinasinc.com\/cs\/product\/koupit-flubromazepam-4mg-pelety\/#primaryimage"},"thumbnailUrl":"https:\/\/medicinasinc.com\/cs\/wp-content\/uploads\/sites\/2\/2022\/02\/Buy-Flubromazepam-4mg-Pellets-1.jpg","datePublished":"2022-02-22T01:04:16+00:00","dateModified":"2022-03-14T11:39:27+00:00","description":"Koupit Flubromazepam 4mg pelety na prodej EU, UK, Evropa doprava, platba bitcoiny. Levn\u00fd dodavatel pelet Flubromazepam 4mg \u2013 nakupujte v\u00fdzkumn\u00e9 chemik\u00e1lie v Evrop\u011b.","breadcrumb":{"@id":"https:\/\/medicinasinc.com\/cs\/product\/koupit-flubromazepam-4mg-pelety\/#breadcrumb"},"inLanguage":"en-US","potentialAction":[{"@type":"ReadAction","target":["https:\/\/medicinasinc.com\/cs\/product\/koupit-flubromazepam-4mg-pelety\/"]}]},{"@type":"ImageObject","inLanguage":"en-US","@id":"https:\/\/medicinasinc.com\/cs\/product\/koupit-flubromazepam-4mg-pelety\/#primaryimage","url":"https:\/\/medicinasinc.com\/cs\/wp-content\/uploads\/sites\/2\/2022\/02\/Buy-Flubromazepam-4mg-Pellets-1.jpg","contentUrl":"https:\/\/medicinasinc.com\/cs\/wp-content\/uploads\/sites\/2\/2022\/02\/Buy-Flubromazepam-4mg-Pellets-1.jpg","width":350,"height":350},{"@type":"BreadcrumbList","@id":"https:\/\/medicinasinc.com\/cs\/product\/koupit-flubromazepam-4mg-pelety\/#breadcrumb","itemListElement":[{"@type":"ListItem","position":1,"name":"Obchod","item":"https:\/\/medicinasinc.com\/cs\/obchod\/"},{"@type":"ListItem","position":2,"name":"Koupit Flubromazepam 4mg Pellets"}]},{"@type":"WebSite","@id":"https:\/\/medicinasinc.com\/cs\/#website","url":"https:\/\/medicinasinc.com\/cs\/","name":"Medicinas Inc","description":"Health Medical Clinic","potentialAction":[{"@type":"SearchAction","target":{"@type":"EntryPoint","urlTemplate":"https:\/\/medicinasinc.com\/cs\/?s={search_term_string}"},"query-input":{"@type":"PropertyValueSpecification","valueRequired":true,"valueName":"search_term_string"}}],"inLanguage":"en-US"}]}},"_links":{"self":[{"href":"https:\/\/medicinasinc.com\/cs\/wp-json\/wp\/v2\/product\/5521","targetHints":{"allow":["GET"]}}],"collection":[{"href":"https:\/\/medicinasinc.com\/cs\/wp-json\/wp\/v2\/product"}],"about":[{"href":"https:\/\/medicinasinc.com\/cs\/wp-json\/wp\/v2\/types\/product"}],"replies":[{"embeddable":true,"href":"https:\/\/medicinasinc.com\/cs\/wp-json\/wp\/v2\/comments?post=5521"}],"wp:featuredmedia":[{"embeddable":true,"href":"https:\/\/medicinasinc.com\/cs\/wp-json\/wp\/v2\/media\/5531"}],"wp:attachment":[{"href":"https:\/\/medicinasinc.com\/cs\/wp-json\/wp\/v2\/media?parent=5521"}],"wp:term":[{"taxonomy":"product_brand","embeddable":true,"href":"https:\/\/medicinasinc.com\/cs\/wp-json\/wp\/v2\/product_brand?post=5521"},{"taxonomy":"product_cat","embeddable":true,"href":"https:\/\/medicinasinc.com\/cs\/wp-json\/wp\/v2\/product_cat?post=5521"},{"taxonomy":"product_tag","embeddable":true,"href":"https:\/\/medicinasinc.com\/cs\/wp-json\/wp\/v2\/product_tag?post=5521"}],"curies":[{"name":"wp","href":"https:\/\/api.w.org\/{rel}","templated":true}]}}