{"id":5520,"date":"2022-02-22T01:02:44","date_gmt":"2022-02-22T01:02:44","guid":{"rendered":"https:\/\/medicinasinc.com\/cs\/?post_type=product&#038;p=5520"},"modified":"2022-03-14T11:39:36","modified_gmt":"2022-03-14T11:39:36","slug":"koupit-fentanyl-tablety","status":"publish","type":"product","link":"https:\/\/medicinasinc.com\/cs\/product\/koupit-fentanyl-tablety\/","title":{"rendered":"Kupte si Fentanyl tablety"},"content":{"rendered":"<p>Fentanyl Pills, tak\u00e9 zn\u00e1m\u00fd jako fentanil, je vysoce siln\u00fd syntetick\u00fd opioid proti bolesti s kr\u00e1tk\u00fdm trv\u00e1n\u00edm \u00fa\u010dinku a rychl\u00fdm n\u00e1stupem. Opioidn\u00ed receptory jsou t\u00edmto l\u00e9kem siln\u011b stimulov\u00e1ny. \u00da\u010dinnost fentanylu je \u00fadajn\u011b 50\u2013100kr\u00e1t vy\u0161\u0161\u00ed ne\u017e \u00fa\u010dinnost morfinu.<\/p>\n<p>Fentanylov\u00e9 pilulky Paula Janssena, kter\u00e9 byly zalo\u017eeny v roce 1960, zaznamenaly okam\u017eit\u00fd \u00fasp\u011bch a \u0161ly ve stop\u00e1ch pethidinu spole\u010dnosti Demerol. Fentanyl byl vytvo\u0159en testov\u00e1n\u00edm analog\u016f opioidn\u011b \u00fa\u010dinn\u00e9 l\u00e1tky pethidinu, kter\u00e1 je strukturn\u011b spojena s fentanylem.<\/p>\n<p>Fentonic citr\u00e1t (fentanylcitr\u00e1t, co\u017e je s\u016fl vytvo\u0159en\u00e1 sm\u00edch\u00e1n\u00edm fentanylu a kyseliny citronov\u00e9 s 1:1 ratio) se dostal na l\u00e9ka\u0159sk\u00fd trh po\u010d\u00e1tkem 60. let pod obchodn\u00edm n\u00e1zvem Sublimaze d\u00edky sv\u00e9mu \u0161irok\u00e9mu pou\u017eit\u00ed. Sufentanil, alfentanil, remifentanil a lofentanil jsou jen n\u011bkter\u00e9 z mnoha analog\u016f fentanylu, kter\u00e9 byly od t\u00e9 doby vytvo\u0159eny a uvedeny do klinick\u00e9ho pou\u017eit\u00ed.<\/p>\n<p>Pilulky obsahuj\u00edc\u00ed fentanyl Paliativn\u00ed u\u017e\u00edv\u00e1n\u00ed fentanylu za\u010dalo v polovin\u011b 90. let 20. stolet\u00ed v\u00fdvoj fentanylov\u00e9 n\u00e1plasti, po kter\u00e9 rychle n\u00e1sledovaly fentanylov\u00e9 pastilky, rozpou\u0161t\u011bc\u00ed tablety a sublingv\u00e1ln\u00ed sprej, kter\u00e9 jsou v\u0161echny absorbov\u00e1ny povrchem \u00fast. Fentanyl byl v roce 2012 nej\u010dast\u011bji p\u0159edepisovan\u00fd syntetick\u00fd opioid ve Spojen\u00fdch st\u00e1tech. Odhaduje se, \u017ee v roce 2013 bylo celosv\u011btov\u011b spot\u0159ebov\u00e1no 1700 kg plastu.<\/p>\n<p>Rekrea\u010dn\u00ed u\u017e\u00edv\u00e1n\u00ed fentanylu m\u00e1 za n\u00e1sledek tis\u00edce \u00famrt\u00ed na p\u0159ed\u00e1vkov\u00e1n\u00ed rok. Nevhodn\u00e9 l\u00e9ka\u0159sk\u00e9 pou\u017eit\u00ed tak\u00e9 vedlo k \u00famrt\u00edm. Vzhledem ke sv\u00e9mu vysok\u00e9mu terapeutick\u00e9mu indexu (270) je fentanyl velmi bezpe\u010dn\u00fdm chirurgick\u00fdm anestetikem, pokud je pod\u00e1v\u00e1n pod pe\u010dliv\u00fdm dohledem; ale kv\u016fli jeho obrovsk\u00e9 s\u00edle jsou vy\u017eadov\u00e1na p\u0159esn\u00e1 m\u011b\u0159en\u00ed extr\u00e9mn\u011b z\u0159ed\u011bn\u00e9ho roztoku.<\/p>\n<p>\u00da\u010dinnou d\u00e1vku a smrtelnou d\u00e1vku pr\u00e1\u0161kov\u00e9ho fentanylu by bylo obt\u00ed\u017en\u00e9 nebo nemo\u017en\u00e9 rozeznat pouh\u00fdm okem, pokud by byly um\u00edst\u011bny vedle navz\u00e1jem; to je d\u016fvod, pro\u010d je nepraktick\u00e9 p\u0159esn\u011b kvantifikovat d\u00e1vku \u010dist\u00e9ho fentanylu v pr\u00e1\u0161ku bez modern\u00edho v\u011bdeck\u00e9ho vybaven\u00ed.<\/p>\n<p>Objednejte si Fentanyl Pills, Powder, Patches a Liquid online hned te\u010f!<\/p>\n<div class=\"product -next-previous\">\n<div class=\"product-prev\"><\/div><\/div>\n","protected":false},"excerpt":{"rendered":"<p>N\u00e1\u0161 online obchod prod\u00e1v\u00e1 tablety Fentanyl na prodej ve Spojen\u00e9m kr\u00e1lovstv\u00ed, EU a Evrop\u011b s rychlou celosv\u011btovou dopravou! Nejlep\u0161\u00ed Fentanyl pro online n\u00e1kup najdete zde!<\/p>\n<p>Nakupte Fentanyl pilulky online ve Spojen\u00e9m kr\u00e1lovstv\u00ed, Evrop\u011b a zbytku sv\u011bta s rychl\u00fdm mezin\u00e1rodn\u00edm doru\u010den\u00edm z na\u0161\u00ed online l\u00e9k\u00e1rny je\u0161t\u011b dnes! Nejlep\u0161\u00ed Fentanyl pro online n\u00e1kup najdete zde! Zeptejte se, kde z\u00edskat tablety fentanylu.<\/p>\n<p>Pilulky obsahuj\u00edc\u00ed fentanyl Fentanylov\u00e1 n\u00e1plast byla poprv\u00e9 nab\u00edzena k paliativn\u00edmu pou\u017eit\u00ed v polovin\u011b 90. let a fentanylov\u00e9 l\u00edz\u00e1tko, rozpou\u0161t\u011bc\u00ed pilulky a sublingv\u00e1ln\u00ed sprej byly uvedeny na trh v n\u00e1sleduj\u00edc\u00edm textu desetilet\u00ed prost\u0159ednictv\u00edm absorpce k\u016f\u017e\u00ed v \u00fastech.<\/p>\n","protected":false},"featured_media":5529,"comment_status":"open","ping_status":"closed","template":"","meta":[],"product_brand":[],"product_cat":[2014],"product_tag":[2973,2977,2843,2979,2987,2989,2995,2981,2980,2982,2984,2986,2850,2988,2997,2975,2841,2994,2976,2974,2993,2978,2996,2991,2992,2990,2983,2985],"class_list":{"0":"post-5520","1":"product","2":"type-product","3":"status-publish","4":"has-post-thumbnail","6":"product_cat-koupit-vyzkumne-chemikalie","7":"product_tag-buy-fentanyl-citrate-online","8":"product_tag-buy-fentanyl-powder","9":"product_tag-buy-fentanyl-powder-online","10":"product_tag-karfentanil-na-prodej","11":"product_tag-fentanyl-prek-cena","12":"product_tag-opitov-vzkumn-chemiklie-na-prodej","13":"product_tag-ist-fentanyl","14":"product_tag-fentanyl-for-sale","15":"product_tag-fentanyl-koupit-online","16":"product_tag-fentanyl-na-prodej-online","17":"product_tag-fentanyl-nplast-online-lkrna","18":"product_tag-fentanyl-pills-for-sale","19":"product_tag-fentanyl-powder-for-sale","20":"product_tag-how-to-buy-fentanyl-liquid-online","21":"product_tag-kde-na-koupit-fentanyl-liquid-online","22":"product_tag-koupit-fentanyl-bez-pedpisu","23":"product_tag-koupit-fentanyl-online","24":"product_tag-nkup-fentanyl-online","25":"product_tag-koupit-fentanyl-online-uk","26":"product_tag-koupit-fentanyl-liquid-online","27":"product_tag-nkup-fentanyl-liquid-online","28":"product_tag-nkup-fentanylu-online","29":"product_tag-nejlep-msto-k-koupit-fentanyl-liquid-online","30":"product_tag-objednat-fentanyl-online","31":"product_tag-objednat-fentanyl-nplasti-online","32":"product_tag-objednat-fentanyl-liquid-online","33":"product_tag-fentanyl-kapalina-na-prodej","34":"product_tag-fentanyl-nplasti-na-prodej","36":"first","37":"instock","38":"shipping-taxable","39":"purchasable","40":"product-type-variable","41":"has-default-attributes"},"yoast_head":"<!-- This site is optimized with the Yoast SEO plugin v27.3 - https:\/\/yoast.com\/product\/yoast-seo-wordpress\/ -->\n<title>Koupit Fentanyl Tablets - Fentanyl pilulky - Nejlep\u0161\u00ed glob\u00e1ln\u00ed l\u00e9ky<\/title>\n<meta name=\"description\" content=\"Kupte si tablety Fentanylu na prodej ve Spojen\u00e9m kr\u00e1lovstv\u00ed, EU Evropa v na\u0161em online obchod\u011b s rychl\u00fdm doru\u010den\u00edm do cel\u00e9ho sv\u011bta! Nejlep\u0161\u00ed Fentanyl pro objedn\u00e1n\u00ed najdete zde!\" \/>\n<meta name=\"robots\" content=\"index, follow, max-snippet:-1, max-image-preview:large, max-video-preview:-1\" \/>\n<link rel=\"canonical\" href=\"https:\/\/medicinasinc.com\/cs\/product\/koupit-fentanyl-tablety\/\" \/>\n<meta property=\"og:locale\" content=\"en_US\" \/>\n<meta property=\"og:type\" content=\"article\" \/>\n<meta property=\"og:title\" content=\"Koupit Fentanyl Tablets - Fentanyl pilulky - Nejlep\u0161\u00ed glob\u00e1ln\u00ed l\u00e9ky\" \/>\n<meta property=\"og:description\" content=\"Kupte si tablety Fentanylu na prodej ve Spojen\u00e9m kr\u00e1lovstv\u00ed, EU Evropa v na\u0161em online obchod\u011b s rychl\u00fdm doru\u010den\u00edm do cel\u00e9ho sv\u011bta! Nejlep\u0161\u00ed Fentanyl pro objedn\u00e1n\u00ed najdete zde!\" \/>\n<meta property=\"og:url\" content=\"https:\/\/medicinasinc.com\/cs\/product\/koupit-fentanyl-tablety\/\" \/>\n<meta property=\"og:site_name\" content=\"Medicinas Inc\" \/>\n<meta property=\"article:modified_time\" content=\"2022-03-14T11:39:36+00:00\" \/>\n<meta property=\"og:image\" content=\"https:\/\/medicinasinc.com\/cs\/wp-content\/uploads\/sites\/2\/2022\/02\/Buy-Fentanyl-Tablets.jpg\" \/>\n\t<meta property=\"og:image:width\" content=\"600\" \/>\n\t<meta property=\"og:image:height\" content=\"600\" \/>\n\t<meta property=\"og:image:type\" content=\"image\/jpeg\" \/>\n<meta name=\"twitter:card\" content=\"summary_large_image\" \/>\n<meta name=\"twitter:label1\" content=\"Est. reading time\" \/>\n\t<meta name=\"twitter:data1\" content=\"2 minutes\" \/>\n<script type=\"application\/ld+json\" class=\"yoast-schema-graph\">{\"@context\":\"https:\\\/\\\/schema.org\",\"@graph\":[{\"@type\":\"WebPage\",\"@id\":\"https:\\\/\\\/medicinasinc.com\\\/cs\\\/product\\\/koupit-fentanyl-tablety\\\/\",\"url\":\"https:\\\/\\\/medicinasinc.com\\\/cs\\\/product\\\/koupit-fentanyl-tablety\\\/\",\"name\":\"Koupit Fentanyl Tablets - Fentanyl pilulky - Nejlep\u0161\u00ed glob\u00e1ln\u00ed l\u00e9ky\",\"isPartOf\":{\"@id\":\"https:\\\/\\\/medicinasinc.com\\\/cs\\\/#website\"},\"primaryImageOfPage\":{\"@id\":\"https:\\\/\\\/medicinasinc.com\\\/cs\\\/product\\\/koupit-fentanyl-tablety\\\/#primaryimage\"},\"image\":{\"@id\":\"https:\\\/\\\/medicinasinc.com\\\/cs\\\/product\\\/koupit-fentanyl-tablety\\\/#primaryimage\"},\"thumbnailUrl\":\"https:\\\/\\\/medicinasinc.com\\\/cs\\\/wp-content\\\/uploads\\\/sites\\\/2\\\/2022\\\/02\\\/Buy-Fentanyl-Tablets.jpg\",\"datePublished\":\"2022-02-22T01:02:44+00:00\",\"dateModified\":\"2022-03-14T11:39:36+00:00\",\"description\":\"Kupte si tablety Fentanylu na prodej ve Spojen\u00e9m kr\u00e1lovstv\u00ed, EU Evropa v na\u0161em online obchod\u011b s rychl\u00fdm doru\u010den\u00edm do cel\u00e9ho sv\u011bta! Nejlep\u0161\u00ed Fentanyl pro objedn\u00e1n\u00ed najdete zde!\",\"breadcrumb\":{\"@id\":\"https:\\\/\\\/medicinasinc.com\\\/cs\\\/product\\\/koupit-fentanyl-tablety\\\/#breadcrumb\"},\"inLanguage\":\"en-US\",\"potentialAction\":[{\"@type\":\"ReadAction\",\"target\":[\"https:\\\/\\\/medicinasinc.com\\\/cs\\\/product\\\/koupit-fentanyl-tablety\\\/\"]}]},{\"@type\":\"ImageObject\",\"inLanguage\":\"en-US\",\"@id\":\"https:\\\/\\\/medicinasinc.com\\\/cs\\\/product\\\/koupit-fentanyl-tablety\\\/#primaryimage\",\"url\":\"https:\\\/\\\/medicinasinc.com\\\/cs\\\/wp-content\\\/uploads\\\/sites\\\/2\\\/2022\\\/02\\\/Buy-Fentanyl-Tablets.jpg\",\"contentUrl\":\"https:\\\/\\\/medicinasinc.com\\\/cs\\\/wp-content\\\/uploads\\\/sites\\\/2\\\/2022\\\/02\\\/Buy-Fentanyl-Tablets.jpg\",\"width\":600,\"height\":600},{\"@type\":\"BreadcrumbList\",\"@id\":\"https:\\\/\\\/medicinasinc.com\\\/cs\\\/product\\\/koupit-fentanyl-tablety\\\/#breadcrumb\",\"itemListElement\":[{\"@type\":\"ListItem\",\"position\":1,\"name\":\"Obchod\",\"item\":\"https:\\\/\\\/medicinasinc.com\\\/cs\\\/obchod\\\/\"},{\"@type\":\"ListItem\",\"position\":2,\"name\":\"Kupte si Fentanyl tablety\"}]},{\"@type\":\"WebSite\",\"@id\":\"https:\\\/\\\/medicinasinc.com\\\/cs\\\/#website\",\"url\":\"https:\\\/\\\/medicinasinc.com\\\/cs\\\/\",\"name\":\"Medicinas Inc\",\"description\":\"Health Medical Clinic\",\"potentialAction\":[{\"@type\":\"SearchAction\",\"target\":{\"@type\":\"EntryPoint\",\"urlTemplate\":\"https:\\\/\\\/medicinasinc.com\\\/cs\\\/?s={search_term_string}\"},\"query-input\":{\"@type\":\"PropertyValueSpecification\",\"valueRequired\":true,\"valueName\":\"search_term_string\"}}],\"inLanguage\":\"en-US\"}]}<\/script>\n<!-- \/ Yoast SEO plugin. -->","yoast_head_json":{"title":"Koupit Fentanyl Tablets - Fentanyl pilulky - Nejlep\u0161\u00ed glob\u00e1ln\u00ed l\u00e9ky","description":"Kupte si tablety Fentanylu na prodej ve Spojen\u00e9m kr\u00e1lovstv\u00ed, EU Evropa v na\u0161em online obchod\u011b s rychl\u00fdm doru\u010den\u00edm do cel\u00e9ho sv\u011bta! Nejlep\u0161\u00ed Fentanyl pro objedn\u00e1n\u00ed najdete zde!","robots":{"index":"index","follow":"follow","max-snippet":"max-snippet:-1","max-image-preview":"max-image-preview:large","max-video-preview":"max-video-preview:-1"},"canonical":"https:\/\/medicinasinc.com\/cs\/product\/koupit-fentanyl-tablety\/","og_locale":"en_US","og_type":"article","og_title":"Koupit Fentanyl Tablets - Fentanyl pilulky - Nejlep\u0161\u00ed glob\u00e1ln\u00ed l\u00e9ky","og_description":"Kupte si tablety Fentanylu na prodej ve Spojen\u00e9m kr\u00e1lovstv\u00ed, EU Evropa v na\u0161em online obchod\u011b s rychl\u00fdm doru\u010den\u00edm do cel\u00e9ho sv\u011bta! Nejlep\u0161\u00ed Fentanyl pro objedn\u00e1n\u00ed najdete zde!","og_url":"https:\/\/medicinasinc.com\/cs\/product\/koupit-fentanyl-tablety\/","og_site_name":"Medicinas Inc","article_modified_time":"2022-03-14T11:39:36+00:00","og_image":[{"width":600,"height":600,"url":"https:\/\/medicinasinc.com\/cs\/wp-content\/uploads\/sites\/2\/2022\/02\/Buy-Fentanyl-Tablets.jpg","type":"image\/jpeg"}],"twitter_card":"summary_large_image","twitter_misc":{"Est. reading time":"2 minutes"},"schema":{"@context":"https:\/\/schema.org","@graph":[{"@type":"WebPage","@id":"https:\/\/medicinasinc.com\/cs\/product\/koupit-fentanyl-tablety\/","url":"https:\/\/medicinasinc.com\/cs\/product\/koupit-fentanyl-tablety\/","name":"Koupit Fentanyl Tablets - Fentanyl pilulky - Nejlep\u0161\u00ed glob\u00e1ln\u00ed l\u00e9ky","isPartOf":{"@id":"https:\/\/medicinasinc.com\/cs\/#website"},"primaryImageOfPage":{"@id":"https:\/\/medicinasinc.com\/cs\/product\/koupit-fentanyl-tablety\/#primaryimage"},"image":{"@id":"https:\/\/medicinasinc.com\/cs\/product\/koupit-fentanyl-tablety\/#primaryimage"},"thumbnailUrl":"https:\/\/medicinasinc.com\/cs\/wp-content\/uploads\/sites\/2\/2022\/02\/Buy-Fentanyl-Tablets.jpg","datePublished":"2022-02-22T01:02:44+00:00","dateModified":"2022-03-14T11:39:36+00:00","description":"Kupte si tablety Fentanylu na prodej ve Spojen\u00e9m kr\u00e1lovstv\u00ed, EU Evropa v na\u0161em online obchod\u011b s rychl\u00fdm doru\u010den\u00edm do cel\u00e9ho sv\u011bta! Nejlep\u0161\u00ed Fentanyl pro objedn\u00e1n\u00ed najdete zde!","breadcrumb":{"@id":"https:\/\/medicinasinc.com\/cs\/product\/koupit-fentanyl-tablety\/#breadcrumb"},"inLanguage":"en-US","potentialAction":[{"@type":"ReadAction","target":["https:\/\/medicinasinc.com\/cs\/product\/koupit-fentanyl-tablety\/"]}]},{"@type":"ImageObject","inLanguage":"en-US","@id":"https:\/\/medicinasinc.com\/cs\/product\/koupit-fentanyl-tablety\/#primaryimage","url":"https:\/\/medicinasinc.com\/cs\/wp-content\/uploads\/sites\/2\/2022\/02\/Buy-Fentanyl-Tablets.jpg","contentUrl":"https:\/\/medicinasinc.com\/cs\/wp-content\/uploads\/sites\/2\/2022\/02\/Buy-Fentanyl-Tablets.jpg","width":600,"height":600},{"@type":"BreadcrumbList","@id":"https:\/\/medicinasinc.com\/cs\/product\/koupit-fentanyl-tablety\/#breadcrumb","itemListElement":[{"@type":"ListItem","position":1,"name":"Obchod","item":"https:\/\/medicinasinc.com\/cs\/obchod\/"},{"@type":"ListItem","position":2,"name":"Kupte si Fentanyl tablety"}]},{"@type":"WebSite","@id":"https:\/\/medicinasinc.com\/cs\/#website","url":"https:\/\/medicinasinc.com\/cs\/","name":"Medicinas Inc","description":"Health Medical Clinic","potentialAction":[{"@type":"SearchAction","target":{"@type":"EntryPoint","urlTemplate":"https:\/\/medicinasinc.com\/cs\/?s={search_term_string}"},"query-input":{"@type":"PropertyValueSpecification","valueRequired":true,"valueName":"search_term_string"}}],"inLanguage":"en-US"}]}},"_links":{"self":[{"href":"https:\/\/medicinasinc.com\/cs\/wp-json\/wp\/v2\/product\/5520","targetHints":{"allow":["GET"]}}],"collection":[{"href":"https:\/\/medicinasinc.com\/cs\/wp-json\/wp\/v2\/product"}],"about":[{"href":"https:\/\/medicinasinc.com\/cs\/wp-json\/wp\/v2\/types\/product"}],"replies":[{"embeddable":true,"href":"https:\/\/medicinasinc.com\/cs\/wp-json\/wp\/v2\/comments?post=5520"}],"wp:featuredmedia":[{"embeddable":true,"href":"https:\/\/medicinasinc.com\/cs\/wp-json\/wp\/v2\/media\/5529"}],"wp:attachment":[{"href":"https:\/\/medicinasinc.com\/cs\/wp-json\/wp\/v2\/media?parent=5520"}],"wp:term":[{"taxonomy":"product_brand","embeddable":true,"href":"https:\/\/medicinasinc.com\/cs\/wp-json\/wp\/v2\/product_brand?post=5520"},{"taxonomy":"product_cat","embeddable":true,"href":"https:\/\/medicinasinc.com\/cs\/wp-json\/wp\/v2\/product_cat?post=5520"},{"taxonomy":"product_tag","embeddable":true,"href":"https:\/\/medicinasinc.com\/cs\/wp-json\/wp\/v2\/product_tag?post=5520"}],"curies":[{"name":"wp","href":"https:\/\/api.w.org\/{rel}","templated":true}]}}