{"id":5497,"date":"2022-02-22T00:36:43","date_gmt":"2022-02-22T00:36:43","guid":{"rendered":"https:\/\/medicinasinc.com\/cs\/?post_type=product&#038;p=5497"},"modified":"2022-03-14T11:39:47","modified_gmt":"2022-03-14T11:39:47","slug":"koupit-etizolam-prasek","status":"publish","type":"product","link":"https:\/\/medicinasinc.com\/cs\/product\/koupit-etizolam-prasek\/","title":{"rendered":"Koupit pr\u00e1\u0161ek Etizolam"},"content":{"rendered":"<p>Etizolam&#8217;s Chemistry<\/p>\n<p>Chemick\u00fd n\u00e1zev Etizolamu je &#8220;4-(2-chlorfenyl)-2-ethyl-9-methyl-6H-thieno[3,2-f][1,2,4] triazolo[4,3-a][1,4]diazepin.&#8221; Molekulov\u00e1 hmotnost tohoto l\u00e9ku byla stanovena na 342,07 g\/mol a jeho \u010distota byla odhadnuta na 99,5 procenta nebo vy\u0161\u0161\u00ed v jeho nejjemn\u011bj\u0161\u00edch form\u00e1ch. Bylo prok\u00e1z\u00e1no, \u017ee molekula tohoto l\u00e9\u010diva je stabiln\u00ed po dobu nejm\u00e9n\u011b dvou nebo t\u0159\u00ed let p\u0159i pokojov\u00e9 teplot\u011b nebo mezi 20 \u00b0C a 25 \u00b0C, co\u017e je doporu\u010den\u00e1 skladovac\u00ed teplota. Navzdory sv\u00e9mu statusu v\u00fdzkumn\u00e9 chemik\u00e1lie l\u00e9ka\u0159i p\u0159edepisovali Etizolam k l\u00e9\u010db\u011b \u00fazkostn\u00fdch pacient\u016f.<\/p>\n<p>P\u016fvod a v\u00fdvoj Etizolamu<\/p>\n<p>Etizolam, \u0161ed\u00e1 v\u00fdzkumn\u00e1 chemik\u00e1lie, debutoval v roce 2011 jako nadm\u011brn\u011b- voln\u011b prodejn\u00e9 sedativum. Vzhledem ke sv\u00e9 n\u00edzk\u00e9 cen\u011b, velk\u00e9mu v\u00fdb\u011bru produkt\u016f a \u010detn\u00fdm aplikac\u00edm se n\u00e1sledn\u011b stala obl\u00edbenou volbou pro mnoho lid\u00ed. Nen\u00ed zn\u00e1mo, kde se vzorec vzal, nicm\u00e9n\u011b je spojen s v\u00fdzkumem z 90. let.<\/p>\n<p>K l\u00e9\u010db\u011b toho, co v\u00e1s tr\u00e1p\u00ed, m\u016f\u017ee b\u00fdt p\u0159edeps\u00e1n Etizolam.<\/p>\n<p>Antidepresivum Je zn\u00e1mo, \u017ee p\u0159i pod\u00e1v\u00e1n\u00ed Etizolamu doch\u00e1z\u00ed k uvoln\u011bn\u00ed sval\u016f a \u00fa\u010dink\u016fm proti \u00fazkosti a v takov\u00fdch p\u0159\u00edpadech byl p\u0159edeps\u00e1n pro l\u00e9ka\u0159sk\u00e9 pou\u017eit\u00ed. P\u0159esto\u017ee se tento \u00fa\u010dinek neprojevuje u v\u0161ech u\u017eivatel\u016f, l\u00e9k m\u00e1 potenci\u00e1l zv\u00fd\u0161it hlad. \u00daleva od stresu a reorganizace pam\u011bti jsou dv\u011b dal\u0161\u00ed dob\u0159e zdokumentovan\u00e1 pou\u017eit\u00ed tohoto l\u00e9ku. Z rekrea\u010dn\u00edch d\u016fvod\u016f je zn\u00e1mo, \u017ee droga zp\u016fsobuje mimo jin\u00e9 \u00fa\u010dinky, jako je nafouknut\u00ed ega, emo\u010dn\u00ed represe a zv\u00fd\u0161en\u00fd pocit st\u0159\u00edzlivosti. Lid\u00e9 jej tak\u00e9 pou\u017e\u00edvali k rekrea\u010dn\u00edm \u00fa\u010del\u016fm.<\/p>\n<p>Co d\u011bl\u00e1 Etizolam va\u0161emu t\u011blu<\/p>\n<p>L\u00e9\u010divo vyu\u017e\u00edvalo \u0161irok\u00e9 spektrum lid\u00ed, od v\u011bdc\u016f a\u017e po \u0161irokou ve\u0159ejnost. P\u0159i pou\u017eit\u00ed m\u00e1 l\u00e9k r\u016fzn\u00e9 \u00fa\u010dinky na t\u011blo, mysl a vn\u00edm\u00e1n\u00ed vlastn\u00edho j\u00e1. Droga zp\u016fsobuje, \u017ee se c\u00edt\u00edte slab\u00fd a neschopn\u00fd regulovat sv\u00e9 t\u011blo. Zvy\u0161uje se schopnost \u010dlov\u011bka voln\u011b d\u00fdchat a tak\u00e9 fyzick\u00e1 bla\u017eenost. Jako vedlej\u0161\u00ed \u00fa\u010dinek l\u00e9ku se m\u016f\u017ee objevit tak\u00e9 ospalost a nedostatek sp\u00e1nku. Krom\u011b toho m\u00e1 l\u00e1tka kognitivn\u00ed \u00fa\u010dinky, proto\u017ee ovliv\u0148uje schopnost t\u011bla dokon\u010dit pravideln\u00e9 operace t\u00edm, \u017ee naru\u0161uje fungov\u00e1n\u00ed motorick\u00e9ho nervu. M\u016f\u017ee b\u00fdt posti\u017eena hipokamp\u00e1ln\u00ed oblast mozku, co\u017e m\u016f\u017ee v\u00e9st ke kr\u00e1tkodob\u00e9 ztr\u00e1t\u011b pam\u011bti.<\/p>\n<p>L\u00e9k tak\u00e9 sni\u017euje \u00farove\u0148 motivace a energie a m\u00e1 tak\u00e9 vliv na schopnost mozku ch\u00e1pat my\u0161lenky. .<\/p>\n<p>Toxicita m\u016f\u017ee b\u00fdt zp\u016fsobena tak\u00e9 p\u0159\u00edtomnost\u00ed kontaminant\u016f v l\u00e9ku.<\/p>\n<p>Etizolam: Doporu\u010den\u00e9 d\u00e1vkov\u00e1n\u00ed a ne\u017e\u00e1douc\u00ed \u00fa\u010dinky v klinick\u00e9 praxi<\/p>\n<p>Od 0,2 mg do 5 mg, mo\u017enosti d\u00e1vkov\u00e1n\u00ed l\u00e9ku jsou \u0161irok\u00e9. Lehk\u00e9 d\u00e1vky l\u00e9ku se pohybuj\u00ed mezi 0,2 mg a 1 mg, p\u0159i\u010dem\u017e nej\u010dast\u011bji p\u0159edepsan\u00e9 mno\u017estv\u00ed je mezi 1-2 mg. Vysok\u00e1 d\u00e1vka je takov\u00e1, kter\u00e1 p\u0159esahuje nebo se rovn\u00e1 5 miligram\u016fm.<\/p>\n<p>V d\u016fsledku toho mnoho lid\u00ed nakonec vezme vy\u0161\u0161\u00ed d\u00e1vku, aby za\u017eili cel\u00e9 spektrum p\u0159\u00edzniv\u00fdch \u00fa\u010dink\u016f, pro kter\u00e9 byl l\u00e9k uveden. . Vy\u0161\u0161\u00ed d\u00e1vka m\u016f\u017ee m\u00edt \u0161ir\u0161\u00ed rozsah \u00fa\u010dink\u016f, ale m\u00e1 tak\u00e9 nebezpe\u010dn\u011bj\u0161\u00ed vedlej\u0161\u00ed \u00fa\u010dinky, jako je velk\u00e9 po\u0161kozen\u00ed nebo smrt za nejextr\u00e9mn\u011bj\u0161\u00edch okolnost\u00ed.<\/p>\n<p>Je leg\u00e1ln\u00ed u\u017e\u00edvat Etizolam<\/p>\n<p>P\u0159esto\u017ee je tato droga klasifikov\u00e1na jako kontrolovan\u00e1 a pl\u00e1novan\u00e1 l\u00e1tka, nen\u00ed jej\u00ed v\u00fdroba, dod\u00e1vka a dr\u017een\u00ed ve v\u011bt\u0161in\u011b zem\u00ed zak\u00e1z\u00e1no.<\/p>\n<p>V\u00edte, kde z\u00edskat pr\u00e1\u0161ek Etizolam?<\/p>\n<p>Pro laborato\u0159e, l\u00e9k\u00e1rny, v\u00fdzkumn\u00e9 instituce a lidi poskytuje n\u00e1\u0161 online obchod s l\u00e9ky vysoce kvalitn\u00ed FUB \u2013 AKB48 za f\u00e9rovou cenu.<\/p>\n","protected":false},"excerpt":{"rendered":"<div class=\"woocommerce-product-details__short-description\">\n<p>Kupte si pr\u00e1\u0161ek Etizolam na prodej ve Spojen\u00e9m kr\u00e1lovstv\u00ed, EU, Evrop\u011b\u00a0dostupn\u00fd za nejni\u017e\u0161\u00ed cenu. Etizolam pr\u00e1\u0161ek se pou\u017e\u00edv\u00e1 jako l\u00e9k k l\u00e9\u010db\u011b \u00fazkosti, nespavosti a z\u00e1chvat\u016f paniky.<\/p>\n<p>Etizolam pr\u00e1\u0161ek lze zakoupit online. Kde koupit Etizolam pr\u00e1\u0161ek online?<\/p>\n<p>Etizolam Powder nejvy\u0161\u0161\u00ed kvality je k dispozici na BestGlobalMeds.com, nejspolehliv\u011bj\u0161\u00ed internetov\u00e9 l\u00e9k\u00e1rn\u011b.<\/p>\n<p>Krom\u011b Etizolamu i dal\u0161\u00ed zna\u010dky pro n\u011bj pat\u0159\u00ed Etilaam a Etizest. Etizolam je syntetick\u00fd designov\u00fd analog Thienodiazepinu, kter\u00fd m\u00e1 depresivn\u00ed vlastnosti srovnateln\u00e9 s benzodiazepiny, pokud jde o sn\u00ed\u017een\u00ed \u00fazkosti, stresu a podporu svalov\u00e9 relaxace. Krom\u011b tablet, pr\u00e1\u0161ku a roztoku je to obl\u00edben\u00e1 v\u00fdzkumn\u00e1 chemik\u00e1lie.<\/p>\n<\/p><\/div>\n","protected":false},"featured_media":5509,"comment_status":"open","ping_status":"closed","template":"","meta":[],"product_brand":[],"product_cat":[2014],"product_tag":[2898,2899,2900,2901,2906,2907,2908,2909,2943,2961,2927,2928,2948,2915,2916,2917,2918,2923,2924,2925,2926,2931,2932,2937,2938,2939,2940,2941,2945,2946,2951,2952,2953,2920,2944,2930,2929,2922,2936,2947,2934,2956,2958,2965,2957,2967,2963,2966,2968,2959,2969,2970,2971,2902,2910,2921,2904,2913,2911,2912,2903,2905,2914,2935,2964,2950,2960,2949,2933,2962,2972,2942,2954,2955,2919],"class_list":{"0":"post-5497","1":"product","2":"type-product","3":"status-publish","4":"has-post-thumbnail","6":"product_cat-koupit-vyzkumne-chemikalie","7":"product_tag-etizolam-prek-1g","8":"product_tag-buy-aniracetam-powder","9":"product_tag-buy-etizolam-japan","10":"product_tag-buy-etizolam-online-united-states","11":"product_tag-buy-etizolam-powder-uk","12":"product_tag-buy-etizolam-powder-usa","13":"product_tag-buy-etizolam-powder-usa-with-credit-card","14":"product_tag-buy-etizolam-powders","15":"product_tag-etizolam-prek-chu","16":"product_tag-ist-etizolam-prek","17":"product_tag-etizolam-prek-dvka","18":"product_tag-etizolam-prek-dvkovn","19":"product_tag-etizolam-prek-usa-dodavatel","20":"product_tag-etizolam-1","21":"product_tag-etizolam-30ml","22":"product_tag-etizolam-dosage","23":"product_tag-etizolam-for-sale-usa","24":"product_tag-etizolam-powder-china","25":"product_tag-etizolam-powder-city","26":"product_tag-etizolam-powder-credit-card","27":"product_tag-etizolam-powder-dosage","28":"product_tag-etizolam-powder-for-sale","29":"product_tag-etizolam-powder-for-sale-china","30":"product_tag-etizolam-powder-price","31":"product_tag-etizolam-powder-prices","32":"product_tag-etizolam-powder-reddit","33":"product_tag-etizolam-powder-review","34":"product_tag-etizolam-powder-site","35":"product_tag-etizolam-powder-uk","36":"product_tag-etizolam-powder-us","37":"product_tag-etizolam-powder-vendor","38":"product_tag-etizolam-powder-wholesale","39":"product_tag-etizolam-powders","40":"product_tag-etizolam-prek-austrlie","41":"product_tag-etizolam-prek-k-roztok","42":"product_tag-etizolam-prek-europe","43":"product_tag-etizolam-prek-eu","44":"product_tag-etizolam-prek-kanada","45":"product_tag-etizolam-prek-online","46":"product_tag-etizolam-prek-usa","47":"product_tag-etizolam-prek-vysok","48":"product_tag-etizolam-xanax-prek","49":"product_tag-is-etizolam-addictive-and-why-is-etizolam-abused","50":"product_tag-co-chutn-prek-etizolam","51":"product_tag-jak-povat-etizolam-prek","52":"product_tag-jak-je-etizolam-vysok-jako","53":"product_tag-jak-rozpoutdla-se-pouvaj-k-pemn-etizolamu","54":"product_tag-co-je-podobn-etizolamu","55":"product_tag-jak-je-dleit-etizolam-kapalina","56":"product_tag-je-etizolam-bezpen","57":"product_tag-kde-koupit-etizolam","58":"product_tag-kde-koupit-etizolam-online","59":"product_tag-kde-koupit-etizolam-prek","60":"product_tag-buy-etizolam-online-usa","61":"product_tag-koupit-etizolam-moc","62":"product_tag-etizolam-prek-koupit","63":"product_tag-buy-etizolam-powder-by-the-gram-usa","64":"product_tag-buy-etizolam-with-paypal","65":"product_tag-buy-etizolam-usa-domc","66":"product_tag-buy-etizolam-usa-overnight-delivery","67":"product_tag-koupit-etizolam-prek","68":"product_tag-koupit-etizolam-prek-online","69":"product_tag-buy-liquid-etizolam-usa","70":"product_tag-etizolam-pr-c3-a1-c5-a1ek-m-c4-9b-c5-99en-c3-ad","71":"product_tag-k-emu-lid-obvykle-etizolam-pouvaj","72":"product_tag-etizolam-prek-pouit","73":"product_tag-prek-v-roztoku","74":"product_tag-etizolam-prek-usa-vendor","75":"product_tag-etizolam-prek-na-prodej-recenze","76":"product_tag-reddit-etizolam-vendors","77":"product_tag-will-etizolam-prek-rozpustit-v-olivovm-oleji","78":"product_tag-etizolam-prek-rozpustnost","79":"product_tag-etizolam-roztok-koupit","80":"product_tag-etizolam-tablety","81":"product_tag-etizolam-kapalina","83":"first","84":"instock","85":"shipping-taxable","86":"purchasable","87":"product-type-variable","88":"has-default-attributes"},"yoast_head":"<!-- This site is optimized with the Yoast SEO plugin v27.3 - https:\/\/yoast.com\/product\/yoast-seo-wordpress\/ -->\n<title>Koupit pr\u00e1\u0161ek Etizolam - pr\u00e1\u0161ek Etizolam Europe- Best Global Meds<\/title>\n<meta name=\"description\" content=\"Kupte si pr\u00e1\u0161ek Etizolam na prodej ve Spojen\u00e9m kr\u00e1lovstv\u00ed, EU, Evrop\u011b dostupn\u00fd za nejni\u017e\u0161\u00ed cenu. Etizolam pr\u00e1\u0161ek se pou\u017e\u00edv\u00e1 jako l\u00e9k k l\u00e9\u010db\u011b \u00fazkosti, nespavosti a z\u00e1chvat\u016f paniky.\" \/>\n<meta name=\"robots\" content=\"index, follow, max-snippet:-1, max-image-preview:large, max-video-preview:-1\" \/>\n<link rel=\"canonical\" href=\"https:\/\/medicinasinc.com\/cs\/product\/koupit-etizolam-prasek\/\" \/>\n<meta property=\"og:locale\" content=\"en_US\" \/>\n<meta property=\"og:type\" content=\"article\" \/>\n<meta property=\"og:title\" content=\"Koupit pr\u00e1\u0161ek Etizolam - pr\u00e1\u0161ek Etizolam Europe- Best Global Meds\" \/>\n<meta property=\"og:description\" content=\"Kupte si pr\u00e1\u0161ek Etizolam na prodej ve Spojen\u00e9m kr\u00e1lovstv\u00ed, EU, Evrop\u011b dostupn\u00fd za nejni\u017e\u0161\u00ed cenu. Etizolam pr\u00e1\u0161ek se pou\u017e\u00edv\u00e1 jako l\u00e9k k l\u00e9\u010db\u011b \u00fazkosti, nespavosti a z\u00e1chvat\u016f paniky.\" \/>\n<meta property=\"og:url\" content=\"https:\/\/medicinasinc.com\/cs\/product\/koupit-etizolam-prasek\/\" \/>\n<meta property=\"og:site_name\" content=\"Medicinas Inc\" \/>\n<meta property=\"article:modified_time\" content=\"2022-03-14T11:39:47+00:00\" \/>\n<meta property=\"og:image\" content=\"https:\/\/medicinasinc.com\/cs\/wp-content\/uploads\/sites\/2\/2022\/02\/Buy_Etizolam_powder.jpg\" \/>\n\t<meta property=\"og:image:width\" content=\"500\" \/>\n\t<meta property=\"og:image:height\" content=\"500\" \/>\n\t<meta property=\"og:image:type\" content=\"image\/jpeg\" \/>\n<meta name=\"twitter:card\" content=\"summary_large_image\" \/>\n<meta name=\"twitter:label1\" content=\"Est. reading time\" \/>\n\t<meta name=\"twitter:data1\" content=\"3 minutes\" \/>\n<script type=\"application\/ld+json\" class=\"yoast-schema-graph\">{\"@context\":\"https:\\\/\\\/schema.org\",\"@graph\":[{\"@type\":\"WebPage\",\"@id\":\"https:\\\/\\\/medicinasinc.com\\\/cs\\\/product\\\/koupit-etizolam-prasek\\\/\",\"url\":\"https:\\\/\\\/medicinasinc.com\\\/cs\\\/product\\\/koupit-etizolam-prasek\\\/\",\"name\":\"Koupit pr\u00e1\u0161ek Etizolam - pr\u00e1\u0161ek Etizolam Europe- Best Global Meds\",\"isPartOf\":{\"@id\":\"https:\\\/\\\/medicinasinc.com\\\/cs\\\/#website\"},\"primaryImageOfPage\":{\"@id\":\"https:\\\/\\\/medicinasinc.com\\\/cs\\\/product\\\/koupit-etizolam-prasek\\\/#primaryimage\"},\"image\":{\"@id\":\"https:\\\/\\\/medicinasinc.com\\\/cs\\\/product\\\/koupit-etizolam-prasek\\\/#primaryimage\"},\"thumbnailUrl\":\"https:\\\/\\\/medicinasinc.com\\\/cs\\\/wp-content\\\/uploads\\\/sites\\\/2\\\/2022\\\/02\\\/Buy_Etizolam_powder.jpg\",\"datePublished\":\"2022-02-22T00:36:43+00:00\",\"dateModified\":\"2022-03-14T11:39:47+00:00\",\"description\":\"Kupte si pr\u00e1\u0161ek Etizolam na prodej ve Spojen\u00e9m kr\u00e1lovstv\u00ed, EU, Evrop\u011b dostupn\u00fd za nejni\u017e\u0161\u00ed cenu. Etizolam pr\u00e1\u0161ek se pou\u017e\u00edv\u00e1 jako l\u00e9k k l\u00e9\u010db\u011b \u00fazkosti, nespavosti a z\u00e1chvat\u016f paniky.\",\"breadcrumb\":{\"@id\":\"https:\\\/\\\/medicinasinc.com\\\/cs\\\/product\\\/koupit-etizolam-prasek\\\/#breadcrumb\"},\"inLanguage\":\"en-US\",\"potentialAction\":[{\"@type\":\"ReadAction\",\"target\":[\"https:\\\/\\\/medicinasinc.com\\\/cs\\\/product\\\/koupit-etizolam-prasek\\\/\"]}]},{\"@type\":\"ImageObject\",\"inLanguage\":\"en-US\",\"@id\":\"https:\\\/\\\/medicinasinc.com\\\/cs\\\/product\\\/koupit-etizolam-prasek\\\/#primaryimage\",\"url\":\"https:\\\/\\\/medicinasinc.com\\\/cs\\\/wp-content\\\/uploads\\\/sites\\\/2\\\/2022\\\/02\\\/Buy_Etizolam_powder.jpg\",\"contentUrl\":\"https:\\\/\\\/medicinasinc.com\\\/cs\\\/wp-content\\\/uploads\\\/sites\\\/2\\\/2022\\\/02\\\/Buy_Etizolam_powder.jpg\",\"width\":500,\"height\":500},{\"@type\":\"BreadcrumbList\",\"@id\":\"https:\\\/\\\/medicinasinc.com\\\/cs\\\/product\\\/koupit-etizolam-prasek\\\/#breadcrumb\",\"itemListElement\":[{\"@type\":\"ListItem\",\"position\":1,\"name\":\"Obchod\",\"item\":\"https:\\\/\\\/medicinasinc.com\\\/cs\\\/obchod\\\/\"},{\"@type\":\"ListItem\",\"position\":2,\"name\":\"Koupit pr\u00e1\u0161ek Etizolam\"}]},{\"@type\":\"WebSite\",\"@id\":\"https:\\\/\\\/medicinasinc.com\\\/cs\\\/#website\",\"url\":\"https:\\\/\\\/medicinasinc.com\\\/cs\\\/\",\"name\":\"Medicinas Inc\",\"description\":\"Health Medical Clinic\",\"potentialAction\":[{\"@type\":\"SearchAction\",\"target\":{\"@type\":\"EntryPoint\",\"urlTemplate\":\"https:\\\/\\\/medicinasinc.com\\\/cs\\\/?s={search_term_string}\"},\"query-input\":{\"@type\":\"PropertyValueSpecification\",\"valueRequired\":true,\"valueName\":\"search_term_string\"}}],\"inLanguage\":\"en-US\"}]}<\/script>\n<!-- \/ Yoast SEO plugin. -->","yoast_head_json":{"title":"Koupit pr\u00e1\u0161ek Etizolam - pr\u00e1\u0161ek Etizolam Europe- Best Global Meds","description":"Kupte si pr\u00e1\u0161ek Etizolam na prodej ve Spojen\u00e9m kr\u00e1lovstv\u00ed, EU, Evrop\u011b dostupn\u00fd za nejni\u017e\u0161\u00ed cenu. Etizolam pr\u00e1\u0161ek se pou\u017e\u00edv\u00e1 jako l\u00e9k k l\u00e9\u010db\u011b \u00fazkosti, nespavosti a z\u00e1chvat\u016f paniky.","robots":{"index":"index","follow":"follow","max-snippet":"max-snippet:-1","max-image-preview":"max-image-preview:large","max-video-preview":"max-video-preview:-1"},"canonical":"https:\/\/medicinasinc.com\/cs\/product\/koupit-etizolam-prasek\/","og_locale":"en_US","og_type":"article","og_title":"Koupit pr\u00e1\u0161ek Etizolam - pr\u00e1\u0161ek Etizolam Europe- Best Global Meds","og_description":"Kupte si pr\u00e1\u0161ek Etizolam na prodej ve Spojen\u00e9m kr\u00e1lovstv\u00ed, EU, Evrop\u011b dostupn\u00fd za nejni\u017e\u0161\u00ed cenu. Etizolam pr\u00e1\u0161ek se pou\u017e\u00edv\u00e1 jako l\u00e9k k l\u00e9\u010db\u011b \u00fazkosti, nespavosti a z\u00e1chvat\u016f paniky.","og_url":"https:\/\/medicinasinc.com\/cs\/product\/koupit-etizolam-prasek\/","og_site_name":"Medicinas Inc","article_modified_time":"2022-03-14T11:39:47+00:00","og_image":[{"width":500,"height":500,"url":"https:\/\/medicinasinc.com\/cs\/wp-content\/uploads\/sites\/2\/2022\/02\/Buy_Etizolam_powder.jpg","type":"image\/jpeg"}],"twitter_card":"summary_large_image","twitter_misc":{"Est. reading time":"3 minutes"},"schema":{"@context":"https:\/\/schema.org","@graph":[{"@type":"WebPage","@id":"https:\/\/medicinasinc.com\/cs\/product\/koupit-etizolam-prasek\/","url":"https:\/\/medicinasinc.com\/cs\/product\/koupit-etizolam-prasek\/","name":"Koupit pr\u00e1\u0161ek Etizolam - pr\u00e1\u0161ek Etizolam Europe- Best Global Meds","isPartOf":{"@id":"https:\/\/medicinasinc.com\/cs\/#website"},"primaryImageOfPage":{"@id":"https:\/\/medicinasinc.com\/cs\/product\/koupit-etizolam-prasek\/#primaryimage"},"image":{"@id":"https:\/\/medicinasinc.com\/cs\/product\/koupit-etizolam-prasek\/#primaryimage"},"thumbnailUrl":"https:\/\/medicinasinc.com\/cs\/wp-content\/uploads\/sites\/2\/2022\/02\/Buy_Etizolam_powder.jpg","datePublished":"2022-02-22T00:36:43+00:00","dateModified":"2022-03-14T11:39:47+00:00","description":"Kupte si pr\u00e1\u0161ek Etizolam na prodej ve Spojen\u00e9m kr\u00e1lovstv\u00ed, EU, Evrop\u011b dostupn\u00fd za nejni\u017e\u0161\u00ed cenu. Etizolam pr\u00e1\u0161ek se pou\u017e\u00edv\u00e1 jako l\u00e9k k l\u00e9\u010db\u011b \u00fazkosti, nespavosti a z\u00e1chvat\u016f paniky.","breadcrumb":{"@id":"https:\/\/medicinasinc.com\/cs\/product\/koupit-etizolam-prasek\/#breadcrumb"},"inLanguage":"en-US","potentialAction":[{"@type":"ReadAction","target":["https:\/\/medicinasinc.com\/cs\/product\/koupit-etizolam-prasek\/"]}]},{"@type":"ImageObject","inLanguage":"en-US","@id":"https:\/\/medicinasinc.com\/cs\/product\/koupit-etizolam-prasek\/#primaryimage","url":"https:\/\/medicinasinc.com\/cs\/wp-content\/uploads\/sites\/2\/2022\/02\/Buy_Etizolam_powder.jpg","contentUrl":"https:\/\/medicinasinc.com\/cs\/wp-content\/uploads\/sites\/2\/2022\/02\/Buy_Etizolam_powder.jpg","width":500,"height":500},{"@type":"BreadcrumbList","@id":"https:\/\/medicinasinc.com\/cs\/product\/koupit-etizolam-prasek\/#breadcrumb","itemListElement":[{"@type":"ListItem","position":1,"name":"Obchod","item":"https:\/\/medicinasinc.com\/cs\/obchod\/"},{"@type":"ListItem","position":2,"name":"Koupit pr\u00e1\u0161ek Etizolam"}]},{"@type":"WebSite","@id":"https:\/\/medicinasinc.com\/cs\/#website","url":"https:\/\/medicinasinc.com\/cs\/","name":"Medicinas Inc","description":"Health Medical Clinic","potentialAction":[{"@type":"SearchAction","target":{"@type":"EntryPoint","urlTemplate":"https:\/\/medicinasinc.com\/cs\/?s={search_term_string}"},"query-input":{"@type":"PropertyValueSpecification","valueRequired":true,"valueName":"search_term_string"}}],"inLanguage":"en-US"}]}},"_links":{"self":[{"href":"https:\/\/medicinasinc.com\/cs\/wp-json\/wp\/v2\/product\/5497","targetHints":{"allow":["GET"]}}],"collection":[{"href":"https:\/\/medicinasinc.com\/cs\/wp-json\/wp\/v2\/product"}],"about":[{"href":"https:\/\/medicinasinc.com\/cs\/wp-json\/wp\/v2\/types\/product"}],"replies":[{"embeddable":true,"href":"https:\/\/medicinasinc.com\/cs\/wp-json\/wp\/v2\/comments?post=5497"}],"wp:featuredmedia":[{"embeddable":true,"href":"https:\/\/medicinasinc.com\/cs\/wp-json\/wp\/v2\/media\/5509"}],"wp:attachment":[{"href":"https:\/\/medicinasinc.com\/cs\/wp-json\/wp\/v2\/media?parent=5497"}],"wp:term":[{"taxonomy":"product_brand","embeddable":true,"href":"https:\/\/medicinasinc.com\/cs\/wp-json\/wp\/v2\/product_brand?post=5497"},{"taxonomy":"product_cat","embeddable":true,"href":"https:\/\/medicinasinc.com\/cs\/wp-json\/wp\/v2\/product_cat?post=5497"},{"taxonomy":"product_tag","embeddable":true,"href":"https:\/\/medicinasinc.com\/cs\/wp-json\/wp\/v2\/product_tag?post=5497"}],"curies":[{"name":"wp","href":"https:\/\/api.w.org\/{rel}","templated":true}]}}