{"id":5496,"date":"2022-02-22T00:34:51","date_gmt":"2022-02-22T00:34:51","guid":{"rendered":"https:\/\/medicinasinc.com\/cs\/?post_type=product&#038;p=5496"},"modified":"2022-03-14T11:39:58","modified_gmt":"2022-03-14T11:39:58","slug":"koupit-fentanyl-citrat-injekce","status":"publish","type":"product","link":"https:\/\/medicinasinc.com\/cs\/product\/koupit-fentanyl-citrat-injekce\/","title":{"rendered":"Koupit Fentanyl Citrate Injection"},"content":{"rendered":"<p>Obsahuje fentanylcitr\u00e1t ekvivalentn\u00ed d\u00e1vce 50 mikrogram\u016f na mililitr.<\/p>\n<p>Fentanylcitr\u00e1t, 100 mikrogram\u016f na 2ml ampuli, je aktivn\u00ed slo\u017ekou v ka\u017ed\u00e9 ampuli.<\/p>\n<p> V ka\u017ed\u00e9 10ml ampuli je obsa\u017eeno p\u0159ibli\u017en\u011b 500 mikrogram\u016f fentanylcitr\u00e1tu.<\/p>\n<p>Fentanylcitr\u00e1t, 2500 mikrogram\u016f na lahvi\u010dku, je obsa\u017een v ka\u017ed\u00e9 lahvi\u010dce.<\/p>\n<p>&nbsp;<\/p>\n<p> Tento p\u0159\u00edpravek obsahuje n\u00e1sleduj\u00edc\u00ed l\u00e1tky:<\/p>\n<p>\u2022 Ka\u017ed\u00e1 2ml ampule obsahuje 7,1 mg (nebo 0,31 mmol) sod\u00edku, tak\u017ee je v podstat\u011b \u201ebez sod\u00edku\u201c.<\/p>\n<p>Ka\u017ed\u00e1 10ml ampule obsahuje 35,4 mg (nebo 1,54 mmol) sod\u00edku, co\u017e odpov\u00edd\u00e1 2 % maxim\u00e1ln\u00edho denn\u00edho p\u0159\u00edjmu 2 g sod\u00edku doporu\u010den\u00e9ho WHO pro dosp\u011bl\u00e9ho.<\/p>\n<p>9 procent maxim\u00e1ln\u00ed denn\u00ed spot\u0159eby doporu\u010den\u00e9 Sv\u011btovou zdravotnickou organizac\u00ed 2 gram\u016f sod\u00edku pro dosp\u011bl\u00e9ho se nach\u00e1z\u00ed v 50ml lahvi\u010dce obsahuj\u00edc\u00ed 177 mg sod\u00edku.<\/p>\n<p>Opioidn\u00ed analgetikum fentanyl se pou\u017e\u00edv\u00e1:<\/p>\n<p>&#8211; v m\u00edrn\u00fdch d\u00e1vk\u00e1ch pro kr\u00e1tk\u00e9 chirurgick\u00e9 z\u00e1kroky poskytovat analgetikum<\/p>\n<p>b\u011bhem \u017eivota -\u00fasporn\u00e1 l\u00e9\u010dba pro pacienty, kte\u0159\u00ed jsou z\u00e1visl\u00ed na ventil\u00e1torech<\/p>\n<p>pou\u017e\u00edvaj\u00edc\u00ed neuroleptika jako sou\u010d\u00e1st neuroleptanalgetick\u00e9ho p\u0159\u00edstupu<\/p>\n<p>bolestiv\u00e9 p\u0159\u00edznaky infarktu myokardu lze zm\u00edrnit pou\u017eit\u00edm opioid\u016f<\/p>\n<p>Prodiskutujte s pacienty pot\u0159ebu strategie ukon\u010den\u00ed l\u00e9\u010dby fentanylem p\u0159ed zah\u00e1jen\u00edm l\u00e9\u010dby opioidy, aby se minimalizovalo riziko z\u00e1vislosti a abstinen\u010dn\u00edho syndromu (viz bod 4.4).<\/p>\n<p>Intraven\u00f3zn\u00ed bolus nebo infuze pod\u00e1v\u00e1n\u00ed.<\/p>\n<p>Subkut\u00e1nn\u00ed injekce.<\/p>\n<p>Dokud lze regulovat d\u00fdchac\u00ed cesty pacienta, m\u011bl by b\u00fdt fentanyl pod\u00e1v\u00e1n pouze v kontrolovan\u00e9m prost\u0159ed\u00ed (viz bod 4.4 Zvl\u00e1\u0161tn\u00ed upozorn\u011bn\u00ed a opat\u0159en\u00ed pro pou\u017eit\u00ed). <\/p>\n<p>Doporu\u010dujeme podat kr\u00e1tkou intraven\u00f3zn\u00ed d\u00e1vku anticholinergika t\u011bsn\u011b p\u0159ed \u00favodem do anestezie, aby se p\u0159ede\u0161lo bradykardii.<\/p>\n<p>P\u0159i otev\u00edr\u00e1n\u00ed ampule se doporu\u010duje nosit rukavice.<\/p>\n","protected":false},"excerpt":{"rendered":"<p>Kupte si fentanyl citr\u00e1tov\u00fd injek\u010dn\u00ed roztok 50 mikrogram\u016f\/ml injek\u010dn\u00ed roztok na prodej od nejlep\u0161\u00edch v\u00fdzkumn\u00fdch laborato\u0159\u00ed ve Velk\u00e9 Brit\u00e1nii, Evrop\u011b, \u010c\u00edn\u011b, EU. Diskr\u00e9tn\u00ed doprava na v\u0161echny objedn\u00e1vky %100 z\u00e1ruka, Objedn\u00e1vka Fentanyl 50ml<\/p>\n<p>Zakupte 50 mikrogram\u016f\/ml Fentanyl Citrate Injection od p\u0159edn\u00edch v\u00fdzkumn\u00fdch laborato\u0159\u00ed ve Spojen\u00e9m kr\u00e1lovstv\u00ed, Evrop\u011b, \u010c\u00edn\u011b a EU. Objednejte si Fentanyl 50 mg s naprostou d\u016fv\u011brou s v\u011bdom\u00edm, \u017ee v\u00e1\u0161 bal\u00ed\u010dek doraz\u00ed diskr\u00e9tn\u011b.<\/p>\n<p>Injekce Fentanylu 50 mikrogram\u016f\/ml.<br \/> Injekce Fentanylu, 100 mikrogram\u016f ve 2 mililitrech tekutiny<br \/> Injekce Fentanyl 250 mikrogram\u016f\/ml.<br \/> Injekce Fentanylu 500 mikrogram\u016f\/10 ml<br \/> Injekce Fentanylu 1000 mikrogram\u016f\/20 ml<br \/> Injekce Fentanylu 2500 mikrogram\u016f\/50 ml<\/p>\n<p>Obsahuje fentanylcitr\u00e1t ekvivalentn\u00ed d\u00e1vce 50 mikrogram\u016f na mililitr.<\/p>\n<p>Fentanylcitr\u00e1t, 100 mikrogram\u016f na 2ml ampuli, je aktivn\u00ed slo\u017ekou v ka\u017ed\u00e9 ampuli.<\/p>\n<p>P\u0159ibli\u017en\u011b 500 mikrogram\u016f fentanylcitr\u00e1tu jsou obsa\u017eeny v ka\u017ed\u00e9 10ml ampuli.<\/p>\n<p>Fentanyl citr\u00e1t, 2500 mikrogram\u016f na lahvi\u010dku, je obsa\u017een v ka\u017ed\u00e9 lahvi\u010dce.<\/p>\n","protected":false},"featured_media":5507,"comment_status":"open","ping_status":"closed","template":"","meta":[],"product_brand":[],"product_cat":[2014],"product_tag":[2871,2872,2873,2874,2879,2894,2889,2880,2881,2882,2883,2884,2885,2886,2887,2888,2890,2891,2895,2896,2897,2867,2868,2869,2870,2875,2876,2877,2878,2892,2893],"class_list":{"0":"post-5496","1":"product","2":"type-product","3":"status-publish","4":"has-post-thumbnail","6":"product_cat-koupit-vyzkumne-chemikalie","7":"product_tag-buy-fentanyl-250-microgram-5ml-injection","8":"product_tag-buy-fentanyl-250-microgram-5ml-injection-online","9":"product_tag-buy-fentanyl-2500-microgram-50ml-injection","10":"product_tag-buy-fentanyl-2500-microgram-50ml-injection-online","11":"product_tag-buy-fentanyl-citrate-injection-online","12":"product_tag-ceny-injekce-fentanyl-citrtu","13":"product_tag-fentanyl-citrt-injekce-ceny","14":"product_tag-fentanyl-100-mikrogram-2ml-injekce","15":"product_tag-fentanyl-1000-mikrogram-20ml-injekce","16":"product_tag-fentanyl-250-mikrogram-5ml-injekce","17":"product_tag-fentanyl-2500-mikrogram-50ml-injekce","18":"product_tag-fentanyl-50-mikrogram-ml-injekce","20":"product_tag-fentanyl-50-mikrogram-ml-injekn-roztok","21":"product_tag-fentanyl-500-mikrogram-10ml-injekce","22":"product_tag-fentanyl-citrt-injekce","23":"product_tag-how-to-buy-fentanyl-citrate-injection-online","24":"product_tag-jak-si-objednat-fentanyl-citrt-injekce-online","25":"product_tag-kde-koupit-fentanyl-citrt-injekce","26":"product_tag-kde-na-koupit-fentanyl-citrt-injekce-online","27":"product_tag-kde-k-objednat-fentanyl-citrt-injekce-online","28":"product_tag-koupit-fentanyl-100-mikrogram-2ml-injekce","29":"product_tag-koupit-fentanyl-100-mikrogram-2ml-injekce-online","30":"product_tag-koupit-fentanyl-1000-mikrogram-20ml-injekce","31":"product_tag-koupit-fentanyl-1000-mikrogram-20ml-injekce-online","32":"product_tag-koupit-fentanyl-50-mikrogram-ml-injekce-online","33":"product_tag-koupit-fentanyl-500-mikrogram-10ml-injekce","34":"product_tag-koupit-fentanyl-500-mikrogram-10ml-injekce-online","35":"product_tag-koupit-fentanyl-citrt-injekce","36":"product_tag-objednat-fentanyl-citrt-injekce","37":"product_tag-objednat-fentanyl-citrt-injekce-online","39":"first","40":"instock","41":"shipping-taxable","42":"purchasable","43":"product-type-variable"},"yoast_head":"<!-- This site is optimized with the Yoast SEO plugin v27.3 - https:\/\/yoast.com\/product\/yoast-seo-wordpress\/ -->\n<title>Koupit Fentanyl Citrate Injection \u2013 nejlep\u0161\u00ed nejlep\u0161\u00ed glob\u00e1ln\u00ed l\u00e9ky<\/title>\n<meta name=\"description\" content=\"Koupit Fentanyl Citrate Injection 50 mikrogram\u016f\/ml Injekce na prodej od nejlep\u0161\u00edch v\u00fdzkumn\u00fdch laborato\u0159\u00ed ve Velk\u00e9 Brit\u00e1nii, Evrop\u011b, \u010c\u00edn\u011b, EU. Diskr\u00e9tn\u00ed doprava na v\u0161echny objedn\u00e1vky 0 z\u00e1ruka, Objednejte Fentanyl 50 ml\" \/>\n<meta name=\"robots\" content=\"index, follow, max-snippet:-1, max-image-preview:large, max-video-preview:-1\" \/>\n<link rel=\"canonical\" href=\"https:\/\/medicinasinc.com\/cs\/product\/koupit-fentanyl-citrat-injekce\/\" \/>\n<meta property=\"og:locale\" content=\"en_US\" \/>\n<meta property=\"og:type\" content=\"article\" \/>\n<meta property=\"og:title\" content=\"Koupit Fentanyl Citrate Injection \u2013 nejlep\u0161\u00ed nejlep\u0161\u00ed glob\u00e1ln\u00ed l\u00e9ky\" \/>\n<meta property=\"og:description\" content=\"Koupit Fentanyl Citrate Injection 50 mikrogram\u016f\/ml Injekce na prodej od nejlep\u0161\u00edch v\u00fdzkumn\u00fdch laborato\u0159\u00ed ve Velk\u00e9 Brit\u00e1nii, Evrop\u011b, \u010c\u00edn\u011b, EU. Diskr\u00e9tn\u00ed doprava na v\u0161echny objedn\u00e1vky 0 z\u00e1ruka, Objednejte Fentanyl 50 ml\" \/>\n<meta property=\"og:url\" content=\"https:\/\/medicinasinc.com\/cs\/product\/koupit-fentanyl-citrat-injekce\/\" \/>\n<meta property=\"og:site_name\" content=\"Medicinas Inc\" \/>\n<meta property=\"article:modified_time\" content=\"2022-03-14T11:39:58+00:00\" \/>\n<meta property=\"og:image\" content=\"https:\/\/medicinasinc.com\/cs\/wp-content\/uploads\/sites\/2\/2022\/02\/Fentanyl-50-microgram.jpg\" \/>\n\t<meta property=\"og:image:width\" content=\"1996\" \/>\n\t<meta property=\"og:image:height\" content=\"1128\" \/>\n\t<meta property=\"og:image:type\" content=\"image\/jpeg\" \/>\n<meta name=\"twitter:card\" content=\"summary_large_image\" \/>\n<meta name=\"twitter:label1\" content=\"Est. reading time\" \/>\n\t<meta name=\"twitter:data1\" content=\"2 minutes\" \/>\n<script type=\"application\/ld+json\" class=\"yoast-schema-graph\">{\"@context\":\"https:\\\/\\\/schema.org\",\"@graph\":[{\"@type\":\"WebPage\",\"@id\":\"https:\\\/\\\/medicinasinc.com\\\/cs\\\/product\\\/koupit-fentanyl-citrat-injekce\\\/\",\"url\":\"https:\\\/\\\/medicinasinc.com\\\/cs\\\/product\\\/koupit-fentanyl-citrat-injekce\\\/\",\"name\":\"Koupit Fentanyl Citrate Injection \u2013 nejlep\u0161\u00ed nejlep\u0161\u00ed glob\u00e1ln\u00ed l\u00e9ky\",\"isPartOf\":{\"@id\":\"https:\\\/\\\/medicinasinc.com\\\/cs\\\/#website\"},\"primaryImageOfPage\":{\"@id\":\"https:\\\/\\\/medicinasinc.com\\\/cs\\\/product\\\/koupit-fentanyl-citrat-injekce\\\/#primaryimage\"},\"image\":{\"@id\":\"https:\\\/\\\/medicinasinc.com\\\/cs\\\/product\\\/koupit-fentanyl-citrat-injekce\\\/#primaryimage\"},\"thumbnailUrl\":\"https:\\\/\\\/medicinasinc.com\\\/cs\\\/wp-content\\\/uploads\\\/sites\\\/2\\\/2022\\\/02\\\/Fentanyl-50-microgram.jpg\",\"datePublished\":\"2022-02-22T00:34:51+00:00\",\"dateModified\":\"2022-03-14T11:39:58+00:00\",\"description\":\"Koupit Fentanyl Citrate Injection 50 mikrogram\u016f\\\/ml Injekce na prodej od nejlep\u0161\u00edch v\u00fdzkumn\u00fdch laborato\u0159\u00ed ve Velk\u00e9 Brit\u00e1nii, Evrop\u011b, \u010c\u00edn\u011b, EU. Diskr\u00e9tn\u00ed doprava na v\u0161echny objedn\u00e1vky 0 z\u00e1ruka, Objednejte Fentanyl 50 ml\",\"breadcrumb\":{\"@id\":\"https:\\\/\\\/medicinasinc.com\\\/cs\\\/product\\\/koupit-fentanyl-citrat-injekce\\\/#breadcrumb\"},\"inLanguage\":\"en-US\",\"potentialAction\":[{\"@type\":\"ReadAction\",\"target\":[\"https:\\\/\\\/medicinasinc.com\\\/cs\\\/product\\\/koupit-fentanyl-citrat-injekce\\\/\"]}]},{\"@type\":\"ImageObject\",\"inLanguage\":\"en-US\",\"@id\":\"https:\\\/\\\/medicinasinc.com\\\/cs\\\/product\\\/koupit-fentanyl-citrat-injekce\\\/#primaryimage\",\"url\":\"https:\\\/\\\/medicinasinc.com\\\/cs\\\/wp-content\\\/uploads\\\/sites\\\/2\\\/2022\\\/02\\\/Fentanyl-50-microgram.jpg\",\"contentUrl\":\"https:\\\/\\\/medicinasinc.com\\\/cs\\\/wp-content\\\/uploads\\\/sites\\\/2\\\/2022\\\/02\\\/Fentanyl-50-microgram.jpg\",\"width\":1996,\"height\":1128},{\"@type\":\"BreadcrumbList\",\"@id\":\"https:\\\/\\\/medicinasinc.com\\\/cs\\\/product\\\/koupit-fentanyl-citrat-injekce\\\/#breadcrumb\",\"itemListElement\":[{\"@type\":\"ListItem\",\"position\":1,\"name\":\"Obchod\",\"item\":\"https:\\\/\\\/medicinasinc.com\\\/cs\\\/obchod\\\/\"},{\"@type\":\"ListItem\",\"position\":2,\"name\":\"Koupit Fentanyl Citrate Injection\"}]},{\"@type\":\"WebSite\",\"@id\":\"https:\\\/\\\/medicinasinc.com\\\/cs\\\/#website\",\"url\":\"https:\\\/\\\/medicinasinc.com\\\/cs\\\/\",\"name\":\"Medicinas Inc\",\"description\":\"Health Medical Clinic\",\"potentialAction\":[{\"@type\":\"SearchAction\",\"target\":{\"@type\":\"EntryPoint\",\"urlTemplate\":\"https:\\\/\\\/medicinasinc.com\\\/cs\\\/?s={search_term_string}\"},\"query-input\":{\"@type\":\"PropertyValueSpecification\",\"valueRequired\":true,\"valueName\":\"search_term_string\"}}],\"inLanguage\":\"en-US\"}]}<\/script>\n<!-- \/ Yoast SEO plugin. -->","yoast_head_json":{"title":"Koupit Fentanyl Citrate Injection \u2013 nejlep\u0161\u00ed nejlep\u0161\u00ed glob\u00e1ln\u00ed l\u00e9ky","description":"Koupit Fentanyl Citrate Injection 50 mikrogram\u016f\/ml Injekce na prodej od nejlep\u0161\u00edch v\u00fdzkumn\u00fdch laborato\u0159\u00ed ve Velk\u00e9 Brit\u00e1nii, Evrop\u011b, \u010c\u00edn\u011b, EU. Diskr\u00e9tn\u00ed doprava na v\u0161echny objedn\u00e1vky 0 z\u00e1ruka, Objednejte Fentanyl 50 ml","robots":{"index":"index","follow":"follow","max-snippet":"max-snippet:-1","max-image-preview":"max-image-preview:large","max-video-preview":"max-video-preview:-1"},"canonical":"https:\/\/medicinasinc.com\/cs\/product\/koupit-fentanyl-citrat-injekce\/","og_locale":"en_US","og_type":"article","og_title":"Koupit Fentanyl Citrate Injection \u2013 nejlep\u0161\u00ed nejlep\u0161\u00ed glob\u00e1ln\u00ed l\u00e9ky","og_description":"Koupit Fentanyl Citrate Injection 50 mikrogram\u016f\/ml Injekce na prodej od nejlep\u0161\u00edch v\u00fdzkumn\u00fdch laborato\u0159\u00ed ve Velk\u00e9 Brit\u00e1nii, Evrop\u011b, \u010c\u00edn\u011b, EU. Diskr\u00e9tn\u00ed doprava na v\u0161echny objedn\u00e1vky 0 z\u00e1ruka, Objednejte Fentanyl 50 ml","og_url":"https:\/\/medicinasinc.com\/cs\/product\/koupit-fentanyl-citrat-injekce\/","og_site_name":"Medicinas Inc","article_modified_time":"2022-03-14T11:39:58+00:00","og_image":[{"width":1996,"height":1128,"url":"https:\/\/medicinasinc.com\/cs\/wp-content\/uploads\/sites\/2\/2022\/02\/Fentanyl-50-microgram.jpg","type":"image\/jpeg"}],"twitter_card":"summary_large_image","twitter_misc":{"Est. reading time":"2 minutes"},"schema":{"@context":"https:\/\/schema.org","@graph":[{"@type":"WebPage","@id":"https:\/\/medicinasinc.com\/cs\/product\/koupit-fentanyl-citrat-injekce\/","url":"https:\/\/medicinasinc.com\/cs\/product\/koupit-fentanyl-citrat-injekce\/","name":"Koupit Fentanyl Citrate Injection \u2013 nejlep\u0161\u00ed nejlep\u0161\u00ed glob\u00e1ln\u00ed l\u00e9ky","isPartOf":{"@id":"https:\/\/medicinasinc.com\/cs\/#website"},"primaryImageOfPage":{"@id":"https:\/\/medicinasinc.com\/cs\/product\/koupit-fentanyl-citrat-injekce\/#primaryimage"},"image":{"@id":"https:\/\/medicinasinc.com\/cs\/product\/koupit-fentanyl-citrat-injekce\/#primaryimage"},"thumbnailUrl":"https:\/\/medicinasinc.com\/cs\/wp-content\/uploads\/sites\/2\/2022\/02\/Fentanyl-50-microgram.jpg","datePublished":"2022-02-22T00:34:51+00:00","dateModified":"2022-03-14T11:39:58+00:00","description":"Koupit Fentanyl Citrate Injection 50 mikrogram\u016f\/ml Injekce na prodej od nejlep\u0161\u00edch v\u00fdzkumn\u00fdch laborato\u0159\u00ed ve Velk\u00e9 Brit\u00e1nii, Evrop\u011b, \u010c\u00edn\u011b, EU. Diskr\u00e9tn\u00ed doprava na v\u0161echny objedn\u00e1vky 0 z\u00e1ruka, Objednejte Fentanyl 50 ml","breadcrumb":{"@id":"https:\/\/medicinasinc.com\/cs\/product\/koupit-fentanyl-citrat-injekce\/#breadcrumb"},"inLanguage":"en-US","potentialAction":[{"@type":"ReadAction","target":["https:\/\/medicinasinc.com\/cs\/product\/koupit-fentanyl-citrat-injekce\/"]}]},{"@type":"ImageObject","inLanguage":"en-US","@id":"https:\/\/medicinasinc.com\/cs\/product\/koupit-fentanyl-citrat-injekce\/#primaryimage","url":"https:\/\/medicinasinc.com\/cs\/wp-content\/uploads\/sites\/2\/2022\/02\/Fentanyl-50-microgram.jpg","contentUrl":"https:\/\/medicinasinc.com\/cs\/wp-content\/uploads\/sites\/2\/2022\/02\/Fentanyl-50-microgram.jpg","width":1996,"height":1128},{"@type":"BreadcrumbList","@id":"https:\/\/medicinasinc.com\/cs\/product\/koupit-fentanyl-citrat-injekce\/#breadcrumb","itemListElement":[{"@type":"ListItem","position":1,"name":"Obchod","item":"https:\/\/medicinasinc.com\/cs\/obchod\/"},{"@type":"ListItem","position":2,"name":"Koupit Fentanyl Citrate Injection"}]},{"@type":"WebSite","@id":"https:\/\/medicinasinc.com\/cs\/#website","url":"https:\/\/medicinasinc.com\/cs\/","name":"Medicinas Inc","description":"Health Medical Clinic","potentialAction":[{"@type":"SearchAction","target":{"@type":"EntryPoint","urlTemplate":"https:\/\/medicinasinc.com\/cs\/?s={search_term_string}"},"query-input":{"@type":"PropertyValueSpecification","valueRequired":true,"valueName":"search_term_string"}}],"inLanguage":"en-US"}]}},"_links":{"self":[{"href":"https:\/\/medicinasinc.com\/cs\/wp-json\/wp\/v2\/product\/5496","targetHints":{"allow":["GET"]}}],"collection":[{"href":"https:\/\/medicinasinc.com\/cs\/wp-json\/wp\/v2\/product"}],"about":[{"href":"https:\/\/medicinasinc.com\/cs\/wp-json\/wp\/v2\/types\/product"}],"replies":[{"embeddable":true,"href":"https:\/\/medicinasinc.com\/cs\/wp-json\/wp\/v2\/comments?post=5496"}],"wp:featuredmedia":[{"embeddable":true,"href":"https:\/\/medicinasinc.com\/cs\/wp-json\/wp\/v2\/media\/5507"}],"wp:attachment":[{"href":"https:\/\/medicinasinc.com\/cs\/wp-json\/wp\/v2\/media?parent=5496"}],"wp:term":[{"taxonomy":"product_brand","embeddable":true,"href":"https:\/\/medicinasinc.com\/cs\/wp-json\/wp\/v2\/product_brand?post=5496"},{"taxonomy":"product_cat","embeddable":true,"href":"https:\/\/medicinasinc.com\/cs\/wp-json\/wp\/v2\/product_cat?post=5496"},{"taxonomy":"product_tag","embeddable":true,"href":"https:\/\/medicinasinc.com\/cs\/wp-json\/wp\/v2\/product_tag?post=5496"}],"curies":[{"name":"wp","href":"https:\/\/api.w.org\/{rel}","templated":true}]}}