{"id":5495,"date":"2022-02-22T00:33:03","date_gmt":"2022-02-22T00:33:03","guid":{"rendered":"https:\/\/medicinasinc.com\/cs\/?post_type=product&#038;p=5495"},"modified":"2022-08-03T11:50:06","modified_gmt":"2022-08-03T11:50:06","slug":"koupit-fentanyl-prasek","status":"publish","type":"product","link":"https:\/\/medicinasinc.com\/cs\/product\/koupit-fentanyl-prasek\/","title":{"rendered":"Koupit Fentanylov\u00fd pr\u00e1\u0161ek"},"content":{"rendered":"<p>Online n\u00e1kup fentanylu v pr\u00e1\u0161ku<\/p>\n<p>M\u016f\u017eete od n\u00e1s z\u00edskat fentanylov\u00fd pr\u00e1\u0161ek na prodej za dobrou cenu. F\u0435nt\u0430n\u0443l P\u043ewd\u0435r je k dispozici ve vysok\u00e9 \u010distot\u011b. Je to fantastick\u00fd obchod! Nej\u00fa\u010dinn\u011bj\u0161\u00ed l\u00e9ky na sv\u011bt\u011b<\/p>\n<p>Co je fentanyl v pr\u00e1\u0161ku?<\/p>\n<p>Fentanyl, tak\u00e9 zn\u00e1m\u00fd jako fentanil, je opioid, kter\u00fd se pou\u017e\u00edv\u00e1 jako l\u00e9k proti bolesti a v kombinaci s jin\u00fdmi l\u00e9ky k anestezii . V\u011bt\u0161inou \u00fa\u010dinky trvaj\u00ed m\u00e9n\u011b ne\u017e hodinu nebo dv\u011b. Fentanyl je dostupn\u00fd v r\u016fzn\u00fdch form\u00e1ch, v\u010detn\u011b injekc\u00ed, ko\u017en\u00edch n\u00e1plast\u00ed a peror\u00e1ln\u00ed absorpce. F\u0435nt\u0430n\u0443l je tak\u00e9 p\u0159\u00edle\u017eitostn\u011b dostupn\u00fd jako pr\u00e1\u0161ek. Laborato\u0159e b\u011b\u017en\u011b pou\u017e\u00edvaj\u00ed pr\u00e1\u0161ek.<\/p>\n<p>&nbsp;<\/p>\n<p>Kupte si fentanylov\u00fd pr\u00e1\u0161ek online na Best global medis<\/p>\n<p>Mo\u017en\u00e1 se v tuto chv\u00edli pt\u00e1te, co je to opioid. Opioidy jsou t\u0159\u00eddou drog. Opioidy jsou l\u00e1tky, kter\u00e9 interaguj\u00ed s opioidn\u00edmi receptory a vyvol\u00e1vaj\u00ed \u00fa\u010dinky podobn\u00e9 opiu. Do t\u00e9to kategorie spadaj\u00ed vicodin, oxycontin, oxykodon a percocet. Fentanyl je tak\u00e9 sou\u010d\u00e1st\u00ed sedativ. Sedativum je typ l\u00e9ku nebo l\u00e1tky, kter\u00e1 se pou\u017e\u00edv\u00e1 ke zklidn\u011bn\u00ed centr\u00e1ln\u00edho nervov\u00e9ho syst\u00e9mu. Dalo by se \u0159\u00edci, \u017ee fentanyl se pou\u017e\u00edv\u00e1 ke zklidn\u011bn\u00ed centr\u00e1ln\u00edho nervov\u00e9ho syst\u00e9mu. u-47700 Powder je tak\u00e9 dobr\u00fd tlumi\u010d. Nejlep\u0161\u00ed m\u00edsto, kde z\u00edskat Fentanyl, je online.<\/p>\n<p>Nevolnost, z\u00e1cpa, \u00fanava a zmatenost pat\u0159\u00ed mezi nej\u010dast\u011bj\u0161\u00ed vedlej\u0161\u00ed \u00fa\u010dinky. Sn\u00ed\u017een\u00ed \u00fasil\u00ed o d\u00fdch\u00e1n\u00ed (respira\u010dn\u00ed deprese), serotoneinov\u00fd syndrom a n\u00edzk\u00fd krevn\u00ed tlak jsou v\u0161echny mo\u017en\u00e9 vedlej\u0161\u00ed \u00fa\u010dinky l\u00e9ku. Aktivac\u00ed -opioidn\u00edch receptor\u016f fentanyl \u010d\u00e1ste\u010dn\u011b funguje. Za dan\u00e9 mno\u017estv\u00ed je 75x siln\u011bj\u0161\u00ed ne\u017e morph. N\u011bkter\u00e9 analogy fentanylu mohou b\u00fdt 10 000kr\u00e1t \u00fa\u010dinn\u011bj\u0161\u00ed ne\u017e morfin. Fentanylov\u00fd pr\u00e1\u0161ek na prodej<\/p>\n","protected":false},"excerpt":{"rendered":"<p>Pomoc\u00ed na\u0161\u00ed webov\u00e9 str\u00e1nky medicinasinc.com si m\u016f\u017eete koupit Fentanylov\u00fd pr\u00e1\u0161ek na prodej ve Spojen\u00e9m kr\u00e1lovstv\u00ed a Evropsk\u00e9 unii. Zde objev\u00edte nejdostupn\u011bj\u0161\u00ed FENTANYL!<\/p>\n<p>Pr\u00e1\u0161kov\u00fd fentanyl, sav\u00fd pap\u00edr a hromadn\u00e1 v\u00fdroba v \u010c\u00edn\u011b jsou n\u011bkter\u00e9 ze zp\u016fsob\u016f, jak se prod\u00e1v\u00e1 nefarmaceutick\u00fd fentanyl.<\/p>\n<p>Fentanyl se pou\u017e\u00edv\u00e1 k l\u00e9\u010db\u011b bolesti, kterou nelze zm\u00edrnit jin\u00fdmi l\u00e9ky, jako je chronick\u00e1 nebo nesnesiteln\u00e1 bolest. Narkotick\u00fd l\u00e9k proti bolesti, tento l\u00e9k je p\u0159edeps\u00e1n.<br \/>\nOdes\u00edl\u00e1me diskr\u00e9tn\u011b a poskytujeme z\u00e1ruku vr\u00e1cen\u00ed pen\u011bz, kdy\u017e si u n\u00e1s objedn\u00e1te Fentanyl.<\/p>\n","protected":false},"featured_media":5505,"comment_status":"open","ping_status":"closed","template":"","meta":[],"product_brand":[],"product_cat":[2014],"product_tag":[2839,2840,2842,2843,2844,2847,2848,2849,2850,2853,2854,2851,2852,2855,2865,2866,2863,2864,2862,2841,2860,2846,2845,2861,2858,2857,2859,2856],"class_list":{"0":"post-5495","1":"product","2":"type-product","3":"status-publish","4":"has-post-thumbnail","6":"product_cat-koupit-vyzkumne-chemikalie","7":"product_tag-buy-fentanyl-hcl-online","8":"product_tag-buy-fentanyl-hcl-powder-online","9":"product_tag-buy-fentanyl-powder-on-dark-web","10":"product_tag-buy-fentanyl-powder-online","11":"product_tag-buy-fentanyl-powder-safe","12":"product_tag-buy-pure-fentanyl-powder-online","13":"product_tag-fentanyl-powder-effect","14":"product_tag-fentanyl-powder-europe","15":"product_tag-fentanyl-powder-for-sale","16":"product_tag-fentanyl-powder-reddit","17":"product_tag-fentanyl-powder-shipping","18":"product_tag-fentanyl-prek-na-prodej-online","19":"product_tag-fentanyl-prek-pes-noc","20":"product_tag-how-to-buy-fentanyl-powder-online","21":"product_tag-kde-lze-koupit-ist-fentanyl-hcl-prek-online","22":"product_tag-kde-lze-koupit-ist-fentanylov-prek-online","23":"product_tag-kde-k-koupit-fentanyl-hcl-prek-online","24":"product_tag-kde-koupit-fentanyl-prek-online","25":"product_tag-kde-mohu-si-koupit-fentanyl-prek-online","26":"product_tag-koupit-fentanyl-online","27":"product_tag-koupit-fentanyl-prek-online","28":"product_tag-buy-fentanyl-powder-with-paypal","29":"product_tag-buy-fentanyl-powder-usa","30":"product_tag-nejlep-msto-k-koupit-fentanyl-prek-online","31":"product_tag-objednat-ist-fentanyl-hcl-prek-online","32":"product_tag-objednat-fentanyl-prek-online","33":"product_tag-objednat-ist-fentanyl-prek-online","34":"product_tag-objednat-fentanyl-prek-nedaleko-me","36":"first","37":"instock","38":"shipping-taxable","39":"purchasable","40":"product-type-variable","41":"has-default-attributes"},"yoast_head":"<!-- This site is optimized with the Yoast SEO plugin v27.3 - https:\/\/yoast.com\/product\/yoast-seo-wordpress\/ -->\n<title>Kupte si fentanylov\u00fd pr\u00e1\u0161ek \u2013 nejlep\u0161\u00ed nejlep\u0161\u00ed glob\u00e1ln\u00ed l\u00e9ky<\/title>\n<meta name=\"description\" content=\"Kupte si Fentanylov\u00fd pr\u00e1\u0161ek na prodej ve Spojen\u00e9m kr\u00e1lovstv\u00ed, EU Evropa v na\u0161em online obchodu medicinasinc.com s rychl\u00fdm celosv\u011btov\u00fdm doru\u010den\u00edm! Nejlep\u0161\u00ed FENTANYL pro objedn\u00e1n\u00ed najdete zde!\" \/>\n<meta name=\"robots\" content=\"index, follow, max-snippet:-1, max-image-preview:large, max-video-preview:-1\" \/>\n<link rel=\"canonical\" href=\"https:\/\/medicinasinc.com\/cs\/product\/koupit-fentanyl-prasek\/\" \/>\n<meta property=\"og:locale\" content=\"en_US\" \/>\n<meta property=\"og:type\" content=\"article\" \/>\n<meta property=\"og:title\" content=\"Kupte si fentanylov\u00fd pr\u00e1\u0161ek \u2013 nejlep\u0161\u00ed nejlep\u0161\u00ed glob\u00e1ln\u00ed l\u00e9ky\" \/>\n<meta property=\"og:description\" content=\"Kupte si Fentanylov\u00fd pr\u00e1\u0161ek na prodej ve Spojen\u00e9m kr\u00e1lovstv\u00ed, EU Evropa v na\u0161em online obchodu medicinasinc.com s rychl\u00fdm celosv\u011btov\u00fdm doru\u010den\u00edm! Nejlep\u0161\u00ed FENTANYL pro objedn\u00e1n\u00ed najdete zde!\" \/>\n<meta property=\"og:url\" content=\"https:\/\/medicinasinc.com\/cs\/product\/koupit-fentanyl-prasek\/\" \/>\n<meta property=\"og:site_name\" content=\"Medicinas Inc\" \/>\n<meta property=\"article:modified_time\" content=\"2022-08-03T11:50:06+00:00\" \/>\n<meta property=\"og:image\" content=\"https:\/\/medicinasinc.com\/cs\/wp-content\/uploads\/sites\/2\/2022\/02\/Buy-Fentanyl-Powder-Online.jpg\" \/>\n\t<meta property=\"og:image:width\" content=\"768\" \/>\n\t<meta property=\"og:image:height\" content=\"768\" \/>\n\t<meta property=\"og:image:type\" content=\"image\/jpeg\" \/>\n<meta name=\"twitter:card\" content=\"summary_large_image\" \/>\n<meta name=\"twitter:label1\" content=\"Est. reading time\" \/>\n\t<meta name=\"twitter:data1\" content=\"2 minutes\" \/>\n<script type=\"application\/ld+json\" class=\"yoast-schema-graph\">{\"@context\":\"https:\\\/\\\/schema.org\",\"@graph\":[{\"@type\":\"WebPage\",\"@id\":\"https:\\\/\\\/medicinasinc.com\\\/cs\\\/product\\\/koupit-fentanyl-prasek\\\/\",\"url\":\"https:\\\/\\\/medicinasinc.com\\\/cs\\\/product\\\/koupit-fentanyl-prasek\\\/\",\"name\":\"Kupte si fentanylov\u00fd pr\u00e1\u0161ek \u2013 nejlep\u0161\u00ed nejlep\u0161\u00ed glob\u00e1ln\u00ed l\u00e9ky\",\"isPartOf\":{\"@id\":\"https:\\\/\\\/medicinasinc.com\\\/cs\\\/#website\"},\"primaryImageOfPage\":{\"@id\":\"https:\\\/\\\/medicinasinc.com\\\/cs\\\/product\\\/koupit-fentanyl-prasek\\\/#primaryimage\"},\"image\":{\"@id\":\"https:\\\/\\\/medicinasinc.com\\\/cs\\\/product\\\/koupit-fentanyl-prasek\\\/#primaryimage\"},\"thumbnailUrl\":\"https:\\\/\\\/medicinasinc.com\\\/cs\\\/wp-content\\\/uploads\\\/sites\\\/2\\\/2022\\\/02\\\/Buy-Fentanyl-Powder-Online.jpg\",\"datePublished\":\"2022-02-22T00:33:03+00:00\",\"dateModified\":\"2022-08-03T11:50:06+00:00\",\"description\":\"Kupte si Fentanylov\u00fd pr\u00e1\u0161ek na prodej ve Spojen\u00e9m kr\u00e1lovstv\u00ed, EU Evropa v na\u0161em online obchodu medicinasinc.com s rychl\u00fdm celosv\u011btov\u00fdm doru\u010den\u00edm! Nejlep\u0161\u00ed FENTANYL pro objedn\u00e1n\u00ed najdete zde!\",\"breadcrumb\":{\"@id\":\"https:\\\/\\\/medicinasinc.com\\\/cs\\\/product\\\/koupit-fentanyl-prasek\\\/#breadcrumb\"},\"inLanguage\":\"en-US\",\"potentialAction\":[{\"@type\":\"ReadAction\",\"target\":[\"https:\\\/\\\/medicinasinc.com\\\/cs\\\/product\\\/koupit-fentanyl-prasek\\\/\"]}]},{\"@type\":\"ImageObject\",\"inLanguage\":\"en-US\",\"@id\":\"https:\\\/\\\/medicinasinc.com\\\/cs\\\/product\\\/koupit-fentanyl-prasek\\\/#primaryimage\",\"url\":\"https:\\\/\\\/medicinasinc.com\\\/cs\\\/wp-content\\\/uploads\\\/sites\\\/2\\\/2022\\\/02\\\/Buy-Fentanyl-Powder-Online.jpg\",\"contentUrl\":\"https:\\\/\\\/medicinasinc.com\\\/cs\\\/wp-content\\\/uploads\\\/sites\\\/2\\\/2022\\\/02\\\/Buy-Fentanyl-Powder-Online.jpg\",\"width\":768,\"height\":768},{\"@type\":\"BreadcrumbList\",\"@id\":\"https:\\\/\\\/medicinasinc.com\\\/cs\\\/product\\\/koupit-fentanyl-prasek\\\/#breadcrumb\",\"itemListElement\":[{\"@type\":\"ListItem\",\"position\":1,\"name\":\"Obchod\",\"item\":\"https:\\\/\\\/medicinasinc.com\\\/cs\\\/obchod\\\/\"},{\"@type\":\"ListItem\",\"position\":2,\"name\":\"Koupit Fentanylov\u00fd pr\u00e1\u0161ek\"}]},{\"@type\":\"WebSite\",\"@id\":\"https:\\\/\\\/medicinasinc.com\\\/cs\\\/#website\",\"url\":\"https:\\\/\\\/medicinasinc.com\\\/cs\\\/\",\"name\":\"Medicinas Inc\",\"description\":\"Health Medical Clinic\",\"potentialAction\":[{\"@type\":\"SearchAction\",\"target\":{\"@type\":\"EntryPoint\",\"urlTemplate\":\"https:\\\/\\\/medicinasinc.com\\\/cs\\\/?s={search_term_string}\"},\"query-input\":{\"@type\":\"PropertyValueSpecification\",\"valueRequired\":true,\"valueName\":\"search_term_string\"}}],\"inLanguage\":\"en-US\"}]}<\/script>\n<!-- \/ Yoast SEO plugin. -->","yoast_head_json":{"title":"Kupte si fentanylov\u00fd pr\u00e1\u0161ek \u2013 nejlep\u0161\u00ed nejlep\u0161\u00ed glob\u00e1ln\u00ed l\u00e9ky","description":"Kupte si Fentanylov\u00fd pr\u00e1\u0161ek na prodej ve Spojen\u00e9m kr\u00e1lovstv\u00ed, EU Evropa v na\u0161em online obchodu medicinasinc.com s rychl\u00fdm celosv\u011btov\u00fdm doru\u010den\u00edm! Nejlep\u0161\u00ed FENTANYL pro objedn\u00e1n\u00ed najdete zde!","robots":{"index":"index","follow":"follow","max-snippet":"max-snippet:-1","max-image-preview":"max-image-preview:large","max-video-preview":"max-video-preview:-1"},"canonical":"https:\/\/medicinasinc.com\/cs\/product\/koupit-fentanyl-prasek\/","og_locale":"en_US","og_type":"article","og_title":"Kupte si fentanylov\u00fd pr\u00e1\u0161ek \u2013 nejlep\u0161\u00ed nejlep\u0161\u00ed glob\u00e1ln\u00ed l\u00e9ky","og_description":"Kupte si Fentanylov\u00fd pr\u00e1\u0161ek na prodej ve Spojen\u00e9m kr\u00e1lovstv\u00ed, EU Evropa v na\u0161em online obchodu medicinasinc.com s rychl\u00fdm celosv\u011btov\u00fdm doru\u010den\u00edm! Nejlep\u0161\u00ed FENTANYL pro objedn\u00e1n\u00ed najdete zde!","og_url":"https:\/\/medicinasinc.com\/cs\/product\/koupit-fentanyl-prasek\/","og_site_name":"Medicinas Inc","article_modified_time":"2022-08-03T11:50:06+00:00","og_image":[{"width":768,"height":768,"url":"https:\/\/medicinasinc.com\/cs\/wp-content\/uploads\/sites\/2\/2022\/02\/Buy-Fentanyl-Powder-Online.jpg","type":"image\/jpeg"}],"twitter_card":"summary_large_image","twitter_misc":{"Est. reading time":"2 minutes"},"schema":{"@context":"https:\/\/schema.org","@graph":[{"@type":"WebPage","@id":"https:\/\/medicinasinc.com\/cs\/product\/koupit-fentanyl-prasek\/","url":"https:\/\/medicinasinc.com\/cs\/product\/koupit-fentanyl-prasek\/","name":"Kupte si fentanylov\u00fd pr\u00e1\u0161ek \u2013 nejlep\u0161\u00ed nejlep\u0161\u00ed glob\u00e1ln\u00ed l\u00e9ky","isPartOf":{"@id":"https:\/\/medicinasinc.com\/cs\/#website"},"primaryImageOfPage":{"@id":"https:\/\/medicinasinc.com\/cs\/product\/koupit-fentanyl-prasek\/#primaryimage"},"image":{"@id":"https:\/\/medicinasinc.com\/cs\/product\/koupit-fentanyl-prasek\/#primaryimage"},"thumbnailUrl":"https:\/\/medicinasinc.com\/cs\/wp-content\/uploads\/sites\/2\/2022\/02\/Buy-Fentanyl-Powder-Online.jpg","datePublished":"2022-02-22T00:33:03+00:00","dateModified":"2022-08-03T11:50:06+00:00","description":"Kupte si Fentanylov\u00fd pr\u00e1\u0161ek na prodej ve Spojen\u00e9m kr\u00e1lovstv\u00ed, EU Evropa v na\u0161em online obchodu medicinasinc.com s rychl\u00fdm celosv\u011btov\u00fdm doru\u010den\u00edm! Nejlep\u0161\u00ed FENTANYL pro objedn\u00e1n\u00ed najdete zde!","breadcrumb":{"@id":"https:\/\/medicinasinc.com\/cs\/product\/koupit-fentanyl-prasek\/#breadcrumb"},"inLanguage":"en-US","potentialAction":[{"@type":"ReadAction","target":["https:\/\/medicinasinc.com\/cs\/product\/koupit-fentanyl-prasek\/"]}]},{"@type":"ImageObject","inLanguage":"en-US","@id":"https:\/\/medicinasinc.com\/cs\/product\/koupit-fentanyl-prasek\/#primaryimage","url":"https:\/\/medicinasinc.com\/cs\/wp-content\/uploads\/sites\/2\/2022\/02\/Buy-Fentanyl-Powder-Online.jpg","contentUrl":"https:\/\/medicinasinc.com\/cs\/wp-content\/uploads\/sites\/2\/2022\/02\/Buy-Fentanyl-Powder-Online.jpg","width":768,"height":768},{"@type":"BreadcrumbList","@id":"https:\/\/medicinasinc.com\/cs\/product\/koupit-fentanyl-prasek\/#breadcrumb","itemListElement":[{"@type":"ListItem","position":1,"name":"Obchod","item":"https:\/\/medicinasinc.com\/cs\/obchod\/"},{"@type":"ListItem","position":2,"name":"Koupit Fentanylov\u00fd pr\u00e1\u0161ek"}]},{"@type":"WebSite","@id":"https:\/\/medicinasinc.com\/cs\/#website","url":"https:\/\/medicinasinc.com\/cs\/","name":"Medicinas Inc","description":"Health Medical Clinic","potentialAction":[{"@type":"SearchAction","target":{"@type":"EntryPoint","urlTemplate":"https:\/\/medicinasinc.com\/cs\/?s={search_term_string}"},"query-input":{"@type":"PropertyValueSpecification","valueRequired":true,"valueName":"search_term_string"}}],"inLanguage":"en-US"}]}},"_links":{"self":[{"href":"https:\/\/medicinasinc.com\/cs\/wp-json\/wp\/v2\/product\/5495","targetHints":{"allow":["GET"]}}],"collection":[{"href":"https:\/\/medicinasinc.com\/cs\/wp-json\/wp\/v2\/product"}],"about":[{"href":"https:\/\/medicinasinc.com\/cs\/wp-json\/wp\/v2\/types\/product"}],"replies":[{"embeddable":true,"href":"https:\/\/medicinasinc.com\/cs\/wp-json\/wp\/v2\/comments?post=5495"}],"wp:featuredmedia":[{"embeddable":true,"href":"https:\/\/medicinasinc.com\/cs\/wp-json\/wp\/v2\/media\/5505"}],"wp:attachment":[{"href":"https:\/\/medicinasinc.com\/cs\/wp-json\/wp\/v2\/media?parent=5495"}],"wp:term":[{"taxonomy":"product_brand","embeddable":true,"href":"https:\/\/medicinasinc.com\/cs\/wp-json\/wp\/v2\/product_brand?post=5495"},{"taxonomy":"product_cat","embeddable":true,"href":"https:\/\/medicinasinc.com\/cs\/wp-json\/wp\/v2\/product_cat?post=5495"},{"taxonomy":"product_tag","embeddable":true,"href":"https:\/\/medicinasinc.com\/cs\/wp-json\/wp\/v2\/product_tag?post=5495"}],"curies":[{"name":"wp","href":"https:\/\/api.w.org\/{rel}","templated":true}]}}