{"id":5494,"date":"2022-02-22T00:31:52","date_gmt":"2022-02-22T00:31:52","guid":{"rendered":"https:\/\/medicinasinc.com\/cs\/?post_type=product&#038;p=5494"},"modified":"2022-03-14T11:40:22","modified_gmt":"2022-03-14T11:40:22","slug":"koupit-diclazepam-2-mg-pelety","status":"publish","type":"product","link":"https:\/\/medicinasinc.com\/cs\/product\/koupit-diclazepam-2-mg-pelety\/","title":{"rendered":"Kupte si pelety Diclazepam 2 mg"},"content":{"rendered":"<p><strong>KDE V EU Z\u00cdSK\u00c1TE DICLAZEPAM 2MG PELETY?<\/strong><\/p>\n<p>2 mg Diclazepamu V Evrop\u011b m\u016f\u017eete naj\u00edt za\u0159\u00edzen\u00ed, kter\u00e9 skladuje pelety. Bitcoin lze pou\u017e\u00edt k n\u00e1kupu 2mg diclazepamov\u00fdch pelet online.<\/p>\n<p>Jedn\u00edm z nejnov\u011bj\u0161\u00edch benzodiazepin\u016f, kter\u00e9 byly k dispozici pro zkou\u0161ku, je diclazepam nebo chlorodiazepam. Tato l\u00e1tka je tak\u00e9 diazepam a 1-methyl homolog declorazepamu. Jeho \u00fapln\u00fd chemick\u00fd n\u00e1zev je 7-chlor-5-(2-chlorfenyl)-1-methyl-1,3-dihydro-2H-1,4-benzodiazepin-2-on. Proto\u017ee je tato molekula tak nov\u00e1, existuje mnoho cest pro v\u00fdzkum.<\/p>\n<p>Nomenklatura IUPAC pro tuto slou\u010deninu zn\u00ed n\u00e1sledovn\u011b: 7,5-Chlor-5-(2-chlorfenyl)-1-methyl-1 ,3-dihydro-2H-1,4-benzodiazepin-2-on<br \/> \u010c\u00edslo CAS: 2894-68-0 0<br \/> Synonyma: Benzodiazepin chlorodiazepoxid (2&#8242;-chlor-diazepoxid)<br \/> Toto je chemick\u00fd vzorec pro C16H12Cl2-N2O<br \/> 95,8 procenta jeho p\u016fvodn\u00ed formy.<br \/> B\u00edl\u00e9 pelety jsou nejb\u011b\u017en\u011bj\u0161\u00ed barvou.<\/p>\n<p>N\u00e1kup pelet Diclazepam 2 mg online s bitcoiny je snadn\u00fd.<\/p>\n<p>N\u00e1klady na pelety Diclazepam 2 mg<\/p>\n","protected":false},"excerpt":{"rendered":"<p>Koupit pelety Diclazepam, levn\u00e9 pelety Diclazepam na prodej Velk\u00e1 Brit\u00e1nie, Evropa, kupte si vysoce kvalitn\u00ed pelety Diclazepam ve Spojen\u00e9m kr\u00e1lovstv\u00ed Doru\u010den\u00ed p\u0159es noc, cena Diclazepamu.<\/p>\n<p>Kupte si pelety Diclazepam 2 mg s dopravou zdarma do Evropsk\u00e9 unie. Nejv\u011bt\u0161\u00ed evropsk\u00fd prodejce pelet Diclazepam 2 mg. 2mg Diclazepam Pellets lze zakoupit online pomoc\u00ed bitcoinu.<\/p>\n<p>Diclazepam je obvykle nab\u00edzen online v &#8216;headshopech&#8217; nebo&#8217;v\u00fdzkumn\u00e1 chemick\u00e1&#8217; prodejci ve form\u011b b\u00edl\u00fdch, 1mg pelet a na vz\u00e1cn\u011bj\u0161\u00ed b\u00e1zi fialov\u00fdch, 2mg pelet.<\/p>\n<p>Koupit Diclazepam 2 mg Pellets Online je hovorov\u00fd v\u00fdraz pro 7-chloro-5-1-methyl-1 ,3-dihydro-2H-1,4-benzodiazepin-2-on.<\/p>\n<p>Online n\u00e1kup pelet Diclazepamu 2 mg. Diclazepam (tak\u00e9 zn\u00e1m\u00fd jako Chlorodiazepam) je syntetick\u00e9 benzodiazepinov\u00e9 tlumiv\u00e9 \u010dinidlo, kter\u00e9 po u\u017eit\u00ed vykazuje srovnateln\u00e9 \u00fa\u010dinky jako diazepam, v\u010detn\u011b potla\u010den\u00ed \u00fazkosti, dezinhibice, antikonvulziva, hypnotika, svalov\u00e9 relaxace a amn\u00e9zie. [2<\/p>\n","protected":false},"featured_media":5503,"comment_status":"open","ping_status":"closed","template":"","meta":[],"product_brand":[],"product_cat":[1117],"product_tag":[2835,2838,2834,2837,2836],"class_list":{"0":"post-5494","1":"product","2":"type-product","3":"status-publish","4":"has-post-thumbnail","6":"product_cat-koupit-prasky-na-spani-bolest","7":"product_tag-diklazepam-2-mg","8":"product_tag-kde-k-koupit-diclazepam-2-mg-pelety","9":"product_tag-koupit-diclazepam-2-mg-pelety","10":"product_tag-kvalitn-diclazepam-2-mg","11":"product_tag-objednvka-diclazepam-2-mg","13":"first","14":"instock","15":"shipping-taxable","16":"purchasable","17":"product-type-variable","18":"has-default-attributes"},"yoast_head":"<!-- This site is optimized with the Yoast SEO plugin v27.3 - https:\/\/yoast.com\/product\/yoast-seo-wordpress\/ -->\n<title>Koupit pelety Diclazepam 2 mg - Diclazepam na prodej - Nejlep\u0161\u00ed glob\u00e1ln\u00ed l\u00e9ky<\/title>\n<meta name=\"description\" content=\"Koupit pelety Diclazepam, levn\u00e9 pelety Diclazepam 2 mg Na prodej Velk\u00e1 Brit\u00e1nie, Evropa, Koupit vysoce kvalitn\u00ed pelety Diclazepam ve Velk\u00e9 Brit\u00e1nii Doru\u010den\u00ed p\u0159es noc, cena Diclazepamu.\" \/>\n<meta name=\"robots\" content=\"index, follow, max-snippet:-1, max-image-preview:large, max-video-preview:-1\" \/>\n<link rel=\"canonical\" href=\"https:\/\/medicinasinc.com\/cs\/product\/koupit-diclazepam-2-mg-pelety\/\" \/>\n<meta property=\"og:locale\" content=\"en_US\" \/>\n<meta property=\"og:type\" content=\"article\" \/>\n<meta property=\"og:title\" content=\"Koupit pelety Diclazepam 2 mg - Diclazepam na prodej - Nejlep\u0161\u00ed glob\u00e1ln\u00ed l\u00e9ky\" \/>\n<meta property=\"og:description\" content=\"Koupit pelety Diclazepam, levn\u00e9 pelety Diclazepam 2 mg Na prodej Velk\u00e1 Brit\u00e1nie, Evropa, Koupit vysoce kvalitn\u00ed pelety Diclazepam ve Velk\u00e9 Brit\u00e1nii Doru\u010den\u00ed p\u0159es noc, cena Diclazepamu.\" \/>\n<meta property=\"og:url\" content=\"https:\/\/medicinasinc.com\/cs\/product\/koupit-diclazepam-2-mg-pelety\/\" \/>\n<meta property=\"og:site_name\" content=\"Medicinas Inc\" \/>\n<meta property=\"article:modified_time\" content=\"2022-03-14T11:40:22+00:00\" \/>\n<meta property=\"og:image\" content=\"https:\/\/medicinasinc.com\/cs\/wp-content\/uploads\/sites\/2\/2022\/02\/Buy-Diclazepam-Pellets-2mg.jpg\" \/>\n\t<meta property=\"og:image:width\" content=\"566\" \/>\n\t<meta property=\"og:image:height\" content=\"462\" \/>\n\t<meta property=\"og:image:type\" content=\"image\/jpeg\" \/>\n<meta name=\"twitter:card\" content=\"summary_large_image\" \/>\n<meta name=\"twitter:label1\" content=\"Est. reading time\" \/>\n\t<meta name=\"twitter:data1\" content=\"1 minute\" \/>\n<script type=\"application\/ld+json\" class=\"yoast-schema-graph\">{\"@context\":\"https:\\\/\\\/schema.org\",\"@graph\":[{\"@type\":\"WebPage\",\"@id\":\"https:\\\/\\\/medicinasinc.com\\\/cs\\\/product\\\/koupit-diclazepam-2-mg-pelety\\\/\",\"url\":\"https:\\\/\\\/medicinasinc.com\\\/cs\\\/product\\\/koupit-diclazepam-2-mg-pelety\\\/\",\"name\":\"Koupit pelety Diclazepam 2 mg - Diclazepam na prodej - Nejlep\u0161\u00ed glob\u00e1ln\u00ed l\u00e9ky\",\"isPartOf\":{\"@id\":\"https:\\\/\\\/medicinasinc.com\\\/cs\\\/#website\"},\"primaryImageOfPage\":{\"@id\":\"https:\\\/\\\/medicinasinc.com\\\/cs\\\/product\\\/koupit-diclazepam-2-mg-pelety\\\/#primaryimage\"},\"image\":{\"@id\":\"https:\\\/\\\/medicinasinc.com\\\/cs\\\/product\\\/koupit-diclazepam-2-mg-pelety\\\/#primaryimage\"},\"thumbnailUrl\":\"https:\\\/\\\/medicinasinc.com\\\/cs\\\/wp-content\\\/uploads\\\/sites\\\/2\\\/2022\\\/02\\\/Buy-Diclazepam-Pellets-2mg.jpg\",\"datePublished\":\"2022-02-22T00:31:52+00:00\",\"dateModified\":\"2022-03-14T11:40:22+00:00\",\"description\":\"Koupit pelety Diclazepam, levn\u00e9 pelety Diclazepam 2 mg Na prodej Velk\u00e1 Brit\u00e1nie, Evropa, Koupit vysoce kvalitn\u00ed pelety Diclazepam ve Velk\u00e9 Brit\u00e1nii Doru\u010den\u00ed p\u0159es noc, cena Diclazepamu.\",\"breadcrumb\":{\"@id\":\"https:\\\/\\\/medicinasinc.com\\\/cs\\\/product\\\/koupit-diclazepam-2-mg-pelety\\\/#breadcrumb\"},\"inLanguage\":\"en-US\",\"potentialAction\":[{\"@type\":\"ReadAction\",\"target\":[\"https:\\\/\\\/medicinasinc.com\\\/cs\\\/product\\\/koupit-diclazepam-2-mg-pelety\\\/\"]}]},{\"@type\":\"ImageObject\",\"inLanguage\":\"en-US\",\"@id\":\"https:\\\/\\\/medicinasinc.com\\\/cs\\\/product\\\/koupit-diclazepam-2-mg-pelety\\\/#primaryimage\",\"url\":\"https:\\\/\\\/medicinasinc.com\\\/cs\\\/wp-content\\\/uploads\\\/sites\\\/2\\\/2022\\\/02\\\/Buy-Diclazepam-Pellets-2mg.jpg\",\"contentUrl\":\"https:\\\/\\\/medicinasinc.com\\\/cs\\\/wp-content\\\/uploads\\\/sites\\\/2\\\/2022\\\/02\\\/Buy-Diclazepam-Pellets-2mg.jpg\",\"width\":566,\"height\":462},{\"@type\":\"BreadcrumbList\",\"@id\":\"https:\\\/\\\/medicinasinc.com\\\/cs\\\/product\\\/koupit-diclazepam-2-mg-pelety\\\/#breadcrumb\",\"itemListElement\":[{\"@type\":\"ListItem\",\"position\":1,\"name\":\"Obchod\",\"item\":\"https:\\\/\\\/medicinasinc.com\\\/cs\\\/obchod\\\/\"},{\"@type\":\"ListItem\",\"position\":2,\"name\":\"Kupte si pelety Diclazepam 2 mg\"}]},{\"@type\":\"WebSite\",\"@id\":\"https:\\\/\\\/medicinasinc.com\\\/cs\\\/#website\",\"url\":\"https:\\\/\\\/medicinasinc.com\\\/cs\\\/\",\"name\":\"Medicinas Inc\",\"description\":\"Health Medical Clinic\",\"potentialAction\":[{\"@type\":\"SearchAction\",\"target\":{\"@type\":\"EntryPoint\",\"urlTemplate\":\"https:\\\/\\\/medicinasinc.com\\\/cs\\\/?s={search_term_string}\"},\"query-input\":{\"@type\":\"PropertyValueSpecification\",\"valueRequired\":true,\"valueName\":\"search_term_string\"}}],\"inLanguage\":\"en-US\"}]}<\/script>\n<!-- \/ Yoast SEO plugin. -->","yoast_head_json":{"title":"Koupit pelety Diclazepam 2 mg - Diclazepam na prodej - Nejlep\u0161\u00ed glob\u00e1ln\u00ed l\u00e9ky","description":"Koupit pelety Diclazepam, levn\u00e9 pelety Diclazepam 2 mg Na prodej Velk\u00e1 Brit\u00e1nie, Evropa, Koupit vysoce kvalitn\u00ed pelety Diclazepam ve Velk\u00e9 Brit\u00e1nii Doru\u010den\u00ed p\u0159es noc, cena Diclazepamu.","robots":{"index":"index","follow":"follow","max-snippet":"max-snippet:-1","max-image-preview":"max-image-preview:large","max-video-preview":"max-video-preview:-1"},"canonical":"https:\/\/medicinasinc.com\/cs\/product\/koupit-diclazepam-2-mg-pelety\/","og_locale":"en_US","og_type":"article","og_title":"Koupit pelety Diclazepam 2 mg - Diclazepam na prodej - Nejlep\u0161\u00ed glob\u00e1ln\u00ed l\u00e9ky","og_description":"Koupit pelety Diclazepam, levn\u00e9 pelety Diclazepam 2 mg Na prodej Velk\u00e1 Brit\u00e1nie, Evropa, Koupit vysoce kvalitn\u00ed pelety Diclazepam ve Velk\u00e9 Brit\u00e1nii Doru\u010den\u00ed p\u0159es noc, cena Diclazepamu.","og_url":"https:\/\/medicinasinc.com\/cs\/product\/koupit-diclazepam-2-mg-pelety\/","og_site_name":"Medicinas Inc","article_modified_time":"2022-03-14T11:40:22+00:00","og_image":[{"width":566,"height":462,"url":"https:\/\/medicinasinc.com\/cs\/wp-content\/uploads\/sites\/2\/2022\/02\/Buy-Diclazepam-Pellets-2mg.jpg","type":"image\/jpeg"}],"twitter_card":"summary_large_image","twitter_misc":{"Est. reading time":"1 minute"},"schema":{"@context":"https:\/\/schema.org","@graph":[{"@type":"WebPage","@id":"https:\/\/medicinasinc.com\/cs\/product\/koupit-diclazepam-2-mg-pelety\/","url":"https:\/\/medicinasinc.com\/cs\/product\/koupit-diclazepam-2-mg-pelety\/","name":"Koupit pelety Diclazepam 2 mg - Diclazepam na prodej - Nejlep\u0161\u00ed glob\u00e1ln\u00ed l\u00e9ky","isPartOf":{"@id":"https:\/\/medicinasinc.com\/cs\/#website"},"primaryImageOfPage":{"@id":"https:\/\/medicinasinc.com\/cs\/product\/koupit-diclazepam-2-mg-pelety\/#primaryimage"},"image":{"@id":"https:\/\/medicinasinc.com\/cs\/product\/koupit-diclazepam-2-mg-pelety\/#primaryimage"},"thumbnailUrl":"https:\/\/medicinasinc.com\/cs\/wp-content\/uploads\/sites\/2\/2022\/02\/Buy-Diclazepam-Pellets-2mg.jpg","datePublished":"2022-02-22T00:31:52+00:00","dateModified":"2022-03-14T11:40:22+00:00","description":"Koupit pelety Diclazepam, levn\u00e9 pelety Diclazepam 2 mg Na prodej Velk\u00e1 Brit\u00e1nie, Evropa, Koupit vysoce kvalitn\u00ed pelety Diclazepam ve Velk\u00e9 Brit\u00e1nii Doru\u010den\u00ed p\u0159es noc, cena Diclazepamu.","breadcrumb":{"@id":"https:\/\/medicinasinc.com\/cs\/product\/koupit-diclazepam-2-mg-pelety\/#breadcrumb"},"inLanguage":"en-US","potentialAction":[{"@type":"ReadAction","target":["https:\/\/medicinasinc.com\/cs\/product\/koupit-diclazepam-2-mg-pelety\/"]}]},{"@type":"ImageObject","inLanguage":"en-US","@id":"https:\/\/medicinasinc.com\/cs\/product\/koupit-diclazepam-2-mg-pelety\/#primaryimage","url":"https:\/\/medicinasinc.com\/cs\/wp-content\/uploads\/sites\/2\/2022\/02\/Buy-Diclazepam-Pellets-2mg.jpg","contentUrl":"https:\/\/medicinasinc.com\/cs\/wp-content\/uploads\/sites\/2\/2022\/02\/Buy-Diclazepam-Pellets-2mg.jpg","width":566,"height":462},{"@type":"BreadcrumbList","@id":"https:\/\/medicinasinc.com\/cs\/product\/koupit-diclazepam-2-mg-pelety\/#breadcrumb","itemListElement":[{"@type":"ListItem","position":1,"name":"Obchod","item":"https:\/\/medicinasinc.com\/cs\/obchod\/"},{"@type":"ListItem","position":2,"name":"Kupte si pelety Diclazepam 2 mg"}]},{"@type":"WebSite","@id":"https:\/\/medicinasinc.com\/cs\/#website","url":"https:\/\/medicinasinc.com\/cs\/","name":"Medicinas Inc","description":"Health Medical Clinic","potentialAction":[{"@type":"SearchAction","target":{"@type":"EntryPoint","urlTemplate":"https:\/\/medicinasinc.com\/cs\/?s={search_term_string}"},"query-input":{"@type":"PropertyValueSpecification","valueRequired":true,"valueName":"search_term_string"}}],"inLanguage":"en-US"}]}},"_links":{"self":[{"href":"https:\/\/medicinasinc.com\/cs\/wp-json\/wp\/v2\/product\/5494","targetHints":{"allow":["GET"]}}],"collection":[{"href":"https:\/\/medicinasinc.com\/cs\/wp-json\/wp\/v2\/product"}],"about":[{"href":"https:\/\/medicinasinc.com\/cs\/wp-json\/wp\/v2\/types\/product"}],"replies":[{"embeddable":true,"href":"https:\/\/medicinasinc.com\/cs\/wp-json\/wp\/v2\/comments?post=5494"}],"wp:featuredmedia":[{"embeddable":true,"href":"https:\/\/medicinasinc.com\/cs\/wp-json\/wp\/v2\/media\/5503"}],"wp:attachment":[{"href":"https:\/\/medicinasinc.com\/cs\/wp-json\/wp\/v2\/media?parent=5494"}],"wp:term":[{"taxonomy":"product_brand","embeddable":true,"href":"https:\/\/medicinasinc.com\/cs\/wp-json\/wp\/v2\/product_brand?post=5494"},{"taxonomy":"product_cat","embeddable":true,"href":"https:\/\/medicinasinc.com\/cs\/wp-json\/wp\/v2\/product_cat?post=5494"},{"taxonomy":"product_tag","embeddable":true,"href":"https:\/\/medicinasinc.com\/cs\/wp-json\/wp\/v2\/product_tag?post=5494"}],"curies":[{"name":"wp","href":"https:\/\/api.w.org\/{rel}","templated":true}]}}