{"id":5471,"date":"2022-02-22T00:08:30","date_gmt":"2022-02-22T00:08:30","guid":{"rendered":"https:\/\/medicinasinc.com\/cs\/?post_type=product&#038;p=5471"},"modified":"2022-08-03T11:47:33","modified_gmt":"2022-08-03T11:47:33","slug":"koupit-krystalicky-meth-metamfetamin","status":"publish","type":"product","link":"https:\/\/medicinasinc.com\/cs\/product\/koupit-krystalicky-meth-metamfetamin\/","title":{"rendered":"Koupit Crystal Meth (metamfetamin)"},"content":{"rendered":"<p><strong>Kde koupit pervitin v krystalu \u2013 metamfetamin<\/strong><\/p>\n<p>Ochota koupit pervitin v krystalu, \u010dasto zn\u00e1m\u00fd jako pervitin z drah\u00fdch kamen\u016f, je l\u00e9k stimuluj\u00edc\u00ed centr\u00e1ln\u00ed nervov\u00fd syst\u00e9m (CNS), kter\u00fd m\u00e1 v\u00fdznamn\u00e9 podobnosti s amfetaminy, sv\u011btov\u011b druhou nejobl\u00edben\u011bj\u0161\u00ed t\u0159\u00eddou neleg\u00e1ln\u00edch l\u00e9k\u016f, hned po maryjane.<br \/>\nStejn\u011b jako amfetamin podporuje zv\u00fd\u0161enou aktivitu, sn\u00ed\u017eenou chu\u0165 k j\u00eddlu a celkov\u00fd pocit pohody.<\/p>\n<p>Tam je existuje n\u011bkolik uzn\u00e1van\u00fdch farmaceutick\u00fdch pou\u017eit\u00ed pro Crystal Meth \u2013 metamfetamin, v\u010detn\u011b l\u00e9\u010dby narkolepsie, nedostate\u010dn\u00e9 schopnosti pravideln\u011b se soust\u0159edit a pro p\u0159echodn\u00e9 pou\u017eit\u00ed, jako je ztuhlost; nicm\u00e9n\u011b tato l\u00e9\u010div\u00e1 pou\u017eit\u00ed jsou omezen\u00e1.<\/p>\n<p>Krystalick\u00fd metan, stejn\u011b jako kokain, lze kou\u0159it. Chemical Inc. prod\u00e1v\u00e1 Crystal Meth \u2013 metamfetamin.<\/p>\n<p>Jak\u00e9 vlastnosti m\u00e1 Crystal Meth \u2013 metamfetaminy?<\/p>\n<p>Metamfetaminy se pou\u017e\u00edvaj\u00ed k l\u00e9\u010db\u011b n\u00e1sleduj\u00edc\u00edch stav\u016f:<\/p>\n<p>ADHDNarkolepsie<\/p>\n<p>L\u00e9ka\u0159sk\u00e9 aplikace jsou omezen\u00e9.<\/p>\n<p>Krystalick\u00fd metamfetamin \u2013 metamfetamin, stejn\u011b jako kokain, lze kou\u0159it.<\/p>\n<figure class=\"wp-caption alignleft\"><img loading=\"lazy\" decoding=\"async\" class=\" n3VNCb\" src=\"https:\/\/www.detoxplusuk.com\/wp-content\/uploads\/sites\/2\/2019\/01\/Crystal-meth-e1546508093797.png\" alt=\"Krystalov\u00fd metamfetamin | Chemical Inc\" width=\"600\" height=\"351\" data-iml=\"71374\" \/><figcaption class=\"wp-caption-text\">Koupit Crystal Meth za bitcoiny<\/figcaption><\/figure>\n<h2><strong>Co jsou vlastnosti metamfetamin\u016f?<\/strong><\/h2>\n<p><span class=\"tagify__tag-text\">Krystalick\u00fd pervitin \u2013 metamfetamin<\/span>\u00a0jsou ur\u010deny k l\u00e9\u010db\u011b:<\/p>\n<ul>\n<li>ADHD Narkolepsie<\/li>\n<li>Obezita Zp\u016fsobuje tedy roz\u0161\u00ed\u0159en\u00e9 p\u016fsoben\u00ed, sn\u00ed\u017een\u00fd hlad a celkov\u00fd pocit blahobytu. V okam\u017eiku, kdy je pou\u017e\u00edv\u00e1n v nadm\u011brn\u00e9m mno\u017estv\u00ed, m\u00e1 progresivn\u011b destruktivn\u00ed dopady na fok\u00e1ln\u00ed smyslov\u00fd syst\u00e9m.<\/li>\n<\/ul>\n<h2><\/h2>\n<h2><\/h2>\n<h2><strong>Jak\u00e9 jsou preventivn\u00ed opat\u0159en\u00ed pro\u00a0<\/strong>Crystal Meth<strong>?<\/strong><\/h2>\n<ul>\n<li>Pokud se domn\u00edv\u00e1te, \u017ee jste p\u0159i u\u017e\u00edv\u00e1n\u00ed l\u00e9ku ot\u011bhotn\u011bla, okam\u017eit\u011b to \u0159ekn\u011bte sv\u00e9mu specialistovi, abyste udr\u017eeli strategick\u00e1 vzd\u00e1lenost od pot\u00ed\u017e\u00ed.<\/li>\n<li>Pokud trp\u00edte srde\u010dn\u00edmi chorobami,<\/li>\n<\/ul>\n<h2><strong>Jak\u00e9 jsou vedlej\u0161\u00ed \u00fa\u010dinky\u00a0<\/strong>Crystal Meth<strong>? <\/strong><\/h2>\n<p>Nep\u0159\u00e1telsk\u00e9 dopady metamfetamin\u016f zahrnuj\u00ed:<\/p>\n<ul>\n<li>Zv\u00fd\u0161en\u00ed pulsu<\/li>\n<li>Zv\u00fd\u0161en\u00ed t\u011blesn\u00e9 teploty<\/li>\n<li>Zv\u00fd\u0161en\u00ed v m\u00ed\u0159e relaxace<\/li>\n<li>Roz\u0161\u00ed\u0159en\u00ed studenti<\/li>\n<li>T\u0159es Pocity nad\u0161en\u00ed<\/li>\n<li>Zv\u00fd\u0161en\u00e1 \u00fazkost<\/li>\n<li>Podr\u00e1\u017ed\u011bnost<\/li>\n<li>Paranoia<\/li>\n<li>N\u00e1siln\u00e9 a prchav\u00e9 chov\u00e1n\u00ed<\/li>\n<li>Do\u010dasn\u00e1 hyperaktivita Vyhledejte odborn\u00edka pro terapeutick\u00e9 zv\u00e1\u017een\u00ed.<\/li>\n<\/ul>\n<h2><strong>Co se stane Pokud vynech\u00e1te nebo se p\u0159ed\u00e1vkujete\u00a0<\/strong>Crystal Meth<strong>?<\/strong><\/h2>\n<p>Vynech\u00e1n\u00ed porce metamfetaminu je v\u0161echno, jen ne velk\u00e9 utrpen\u00ed, ale m\u016f\u017eete si vz\u00edt \u010das, na kter\u00fd si vzpomenete, p\u0159esto by se m\u011bl zdr\u017eet prov\u00e1d\u011bn\u00ed dvojn\u00e1sobn\u00fdch m\u011b\u0159en\u00ed.<\/p>\n<p>&nbsp;<\/p>\n<p><span class=\"tagify__tag-text\">Metamfetamin<\/span>\u00a0jsou navr\u017eeny k udr\u017een\u00ed centra, kdykoli dojde k p\u0159ed\u00e1vkov\u00e1n\u00ed, m\u016f\u017ee p\u0159\u00edmo vyvolat skute\u010dn\u00e9 l\u00e9\u010debn\u00e9 stavy, tak\u017ee vyhled\u00e1n\u00ed krizov\u00e9 pomoci od expert\u016f na pohodu je tou nejlep\u0161\u00ed volbou. <span class=\"tagify__tag-text\">Objednejte si krystalick\u00fd pervitin\u00a0\u2013 metamfetamin online<\/span>\u00a0u Chemical Inc<\/p>\n<h2><strong>Jak uchov\u00e1vat metamfetaminy?<\/strong><\/h2>\n<p>Krom\u011b toho tam, kde nen\u00ed sv\u011btlo a teplo, skladujte metamfetaminy p\u0159i pokojov\u00e9 teplot\u011b. Stejn\u011b tak tento l\u00e9k nevyplachujte. Va\u0161e d\u011bti a dom\u00e1c\u00ed mazl\u00ed\u010dci si tento l\u00e9k v \u017e\u00e1dn\u00e9m p\u0159\u00edpad\u011b nesm\u00ed spojovat.<\/p>\n<h2><strong>Kde koupit\u00a0<\/strong>Crystal Meth\u00a0<strong>online?<\/strong><\/h2>\n<p>Nicm\u00e9n\u011b, m\u016f\u017eete si koupit Crystal Meth \u2013 metamfetamin online v nejd\u016fv\u011bryhodn\u011bj\u0161\u00edm internetov\u00e9m obchod\u011b \u2013 Chemical Inc.<\/p>\n<p>Nakupujte metamfetaminy bez n\u00e1pravy, metamfetaminy lze zakoupit online, cena v nejlep\u0161\u00edm p\u0159\u00edpad\u011b.<br \/>\nKupte si nejlep\u0161\u00ed l\u00e9ky zde v tuto chv\u00edli! <span class=\"tagify__tag-text\">Koupit Crystal Meth online<\/span><\/p>\n<h3><b>U\u017eivatel\u00e9 pervitinu by nem\u011bli \u010dekat s vyhled\u00e1n\u00edm l\u00e9\u010dby<\/b><\/h3>\n<p>Zat\u00edmco mnoho fyzick\u00fdch symptomy lze zvr\u00e1tit spr\u00e1vnou l\u00e9\u010dbou, pokro\u010dil\u00e9 \u00fa\u010dinky st\u00e1rnut\u00ed a zubn\u00ed kazy je obt\u00ed\u017en\u00e9 zvr\u00e1tit a po\u0161kozen\u00ed \u010dasto trval\u00e9.<\/p>\n<p>U\u017e\u00edv\u00e1n\u00ed metamfetaminu m\u016f\u017ee nav\u00edc zp\u016fsobit psych\u00f3zu nebo psychotick\u00e9 chov\u00e1n\u00ed, p\u0159i kter\u00e9m u\u017eivatel\u00e9 ztrat\u00ed kontakt s realitou a za\u017e\u00edvat siln\u00e9 p\u0159eludy, paranoiu, halucinace a obsedantn\u00ed chov\u00e1n\u00ed, kter\u00e9 jim br\u00e1n\u00ed skute\u010dn\u011b si uv\u011bdomit \u0161kodu, kterou sami sob\u011b zp\u016fsobuj\u00ed.<\/p>\n<p>Je bezpodm\u00edne\u010dn\u011b nutn\u00e9, aby narkoman okam\u017eit\u011b s\u00e1hl a na\u0161el pomoc, jinak tyto \u0161kody trp\u011bl fyzick\u00e9 a psychick\u00e9 \u00fa\u010dinky a dal\u0161\u00ed b\u011b\u017en\u00e9 p\u0159\u00edznaky, jako jsou zni\u010den\u00e9 vztahy, finan\u010dn\u00ed b\u00edda a obvin\u011bn\u00ed z trestn\u00e9ho \u010dinu.<\/p>\n<p>Z\u00e1vislost se dot\u00fdk\u00e1 t\u00e9m\u011b\u0159 ka\u017ed\u00e9 rodiny, ni\u010d\u00ed fyzick\u00e9 a du\u0161evn\u00ed zdrav\u00ed, vztahy a osobn\u00ed finance. Matky, otcov\u00e9, brat\u0159i, sestry, dcery a synov\u00e9.<\/p>\n<p>Nikdo nen\u00ed imunn\u00ed v\u016f\u010di d\u011bsiv\u00e9mu dlouhodob\u00e9mu dopadu zneu\u017e\u00edv\u00e1n\u00ed tvrd\u00fdch drog.<br \/>\nN\u00e1sleduje st\u0159\u00edzliv\u00e9 zobrazen\u00ed SKUTE\u010cN\u00ddCH jednotlivc\u016f.<\/p>\n<p>Stali jste se ob\u011bt\u00ed poku\u0161en\u00ed u\u017e\u00edv\u00e1n\u00ed drog \u2013 v tomto p\u0159\u00edpad\u011b metamfetaminu \u2013 s jeho ni\u010div\u00fdmi \u00fa\u010dinky jsou a\u017e p\u0159\u00edli\u0161 zjevn\u00e9.<br \/>\nPokud vy nebo v\u00e1\u0161 bl\u00edzk\u00fd trp\u00edte z\u00e1vislost\u00ed na metamfetaminu, pop\u0159. pokud se chcete dozv\u011bd\u011bt v\u00edce, pod\u00edvejte se pros\u00edm na n\u00e1sleduj\u00edc\u00ed webov\u00e9 str\u00e1nky, kde najdete pomoc p\u0159i z\u00edsk\u00e1v\u00e1n\u00ed pomoci p\u0159i obnov\u011b.<\/p>\n","protected":false},"excerpt":{"rendered":"<div class=\"woocommerce-product-details__short-description\">\n<p>Kupte si Crystal Meth na prodej Spojen\u00e9 kr\u00e1lovstv\u00ed, EU, Evropa, USA, \u010c\u00edna k l\u00e9\u010db\u011b rakoviny s pomoc\u00ed medicinasinc.com. Nejlep\u0161\u00ed m\u00edsto, kde si m\u016f\u017eete levn\u011b koupit metamfetamin online.<\/p>\n<p>Nakupujte n\u00edzkon\u00e1kladov\u00fd Crystal Meth online Bez l\u00e9ka\u0159sk\u00e9ho p\u0159edpisu prod\u00e1v\u00e1me Crystal Meth online a odes\u00edl\u00e1me do cel\u00e9ho sv\u011bta do 24\/48 hodin. Objednejte nyn\u00ed.<\/p>\n<p>V\u00fdraz \u201ckrystalick\u00fd metan\u201d odkazuje na krystalick\u00fd metamfetamin, siln\u00fd a vysoce n\u00e1vykov\u00fd stimulant, kter\u00fd ovliv\u0148uje centr\u00e1ln\u00ed nervov\u00fd syst\u00e9m.<\/p>\n<p>Nyn\u00ed si m\u016f\u017eete zakoupit krystalick\u00fd metamfetamin online a nechat si jej doru\u010dit druh\u00fd den. Nejaktu\u00e1ln\u011bj\u0161\u00ed nebo nej\u010dist\u0161\u00ed forma krystalick\u00e9ho metamfetaminu je t\u00e9m\u011b\u0159 \u010dist\u00e1. Je bez z\u00e1pachu a netoxick\u00fd.<\/p>\n<p>Meth\u0430m\u0440h\u0435t\u0430mn\u0435 Jsem siln\u00fd stimulant na centr\u00e1ln\u00ed nervovou soustavu, kter\u00fd jsem \u010dasto u\u017e\u00edval jako z\u00e1zra\u010dn\u00e1 droga a nejrozmanit\u011bj\u0161\u00ed<strong>n<\/strong><strong>atraktivn\u00ed droga<\/strong><\/p>\n<\/div>\n","protected":false},"featured_media":5483,"comment_status":"open","ping_status":"closed","template":"","meta":[],"product_brand":[],"product_cat":[2014],"product_tag":[2821,2799,2801,2802,2808,2809,2810,2811,2804,2814,2815,2816,2819,2818,2817,2805,2800,2803,2812,2806,2813,2832,2807,2822,2824,2825,2826,2827,2828,2820,2823,2829,2830,2833,2831],"class_list":{"0":"post-5471","1":"product","2":"type-product","3":"status-publish","4":"has-post-thumbnail","6":"product_cat-koupit-vyzkumne-chemikalie","7":"product_tag-l-a-gl","8":"product_tag-buy-crystal-med-in-australiaale-near-you","9":"product_tag-bu-rtl-meth-on-deepweb","10":"product_tag-chr-d1-96-d1-95t-d1-96n-d0-b0","11":"product_tag-krystal-m-evropa","12":"product_tag-crystal-mth-for-sale","13":"product_tag-crystal-mth-germany","14":"product_tag-crystal-mth-reddit","15":"product_tag-cukr-vata","16":"product_tag-ck","17":"product_tag-namoit","18":"product_tag-fr","19":"product_tag-gk","20":"product_tag-go-go-ju","21":"product_tag-jdi-rychle","22":"product_tag-klika","23":"product_tag-bu-crystal-mth-nln","24":"product_tag-chlk","25":"product_tag-crystal-mth-shipping","26":"product_tag-krystal-mth-austrlie","27":"product_tag-krystal-mth-uk","28":"product_tag-rtl-m-pro-l-online","29":"product_tag-krystal-m-efekt","30":"product_tag-pervitinu","31":"product_tag-pk","32":"product_tag-rocket-fuel","33":"product_tag-sb-oberstven","34":"product_tag-tweek","35":"product_tag-v-d0-b0-d1-95h","36":"product_tag-voda-c3-bd","37":"product_tag-n-dz","38":"product_tag-rdr-crystal-mth-n-tr","39":"product_tag-rdr-rtl-mth-n-drknt","40":"product_tag-rtl-mth-vndr-n-usa","41":"product_tag-rtl-meth-h","43":"first","44":"instock","45":"shipping-taxable","46":"purchasable","47":"product-type-variable","48":"has-default-attributes"},"yoast_head":"<!-- This site is optimized with the Yoast SEO plugin v27.3 - https:\/\/yoast.com\/product\/yoast-seo-wordpress\/ -->\n<title>Koupit Crystal Meth (metamfetamin) \u2013 nejlep\u0161\u00ed nejlep\u0161\u00ed glob\u00e1ln\u00ed l\u00e9ky<\/title>\n<meta name=\"description\" content=\"Kupte si Crystal Meth na prodej ve Spojen\u00e9m kr\u00e1lovstv\u00ed, EU, Evrop\u011b, USA, \u010c\u00edn\u011b k l\u00e9\u010db\u011b rakoviny s pomoc\u00ed medicinasinc.com. Nejlep\u0161\u00ed m\u00edsto, kde si m\u016f\u017eete levn\u011b koupit metamfetamin online.\" \/>\n<meta name=\"robots\" content=\"index, follow, max-snippet:-1, max-image-preview:large, max-video-preview:-1\" \/>\n<link rel=\"canonical\" href=\"https:\/\/medicinasinc.com\/cs\/product\/koupit-krystalicky-meth-metamfetamin\/\" \/>\n<meta property=\"og:locale\" content=\"en_US\" \/>\n<meta property=\"og:type\" content=\"article\" \/>\n<meta property=\"og:title\" content=\"Koupit Crystal Meth (metamfetamin) \u2013 nejlep\u0161\u00ed nejlep\u0161\u00ed glob\u00e1ln\u00ed l\u00e9ky\" \/>\n<meta property=\"og:description\" content=\"Kupte si Crystal Meth na prodej ve Spojen\u00e9m kr\u00e1lovstv\u00ed, EU, Evrop\u011b, USA, \u010c\u00edn\u011b k l\u00e9\u010db\u011b rakoviny s pomoc\u00ed medicinasinc.com. Nejlep\u0161\u00ed m\u00edsto, kde si m\u016f\u017eete levn\u011b koupit metamfetamin online.\" \/>\n<meta property=\"og:url\" content=\"https:\/\/medicinasinc.com\/cs\/product\/koupit-krystalicky-meth-metamfetamin\/\" \/>\n<meta property=\"og:site_name\" content=\"Medicinas Inc\" \/>\n<meta property=\"article:modified_time\" content=\"2022-08-03T11:47:33+00:00\" \/>\n<meta property=\"og:image\" content=\"https:\/\/medicinasinc.com\/cs\/wp-content\/uploads\/sites\/2\/2022\/02\/Buy-Crystal-Meth.jpg\" \/>\n\t<meta property=\"og:image:width\" content=\"1024\" \/>\n\t<meta property=\"og:image:height\" content=\"768\" \/>\n\t<meta property=\"og:image:type\" content=\"image\/jpeg\" \/>\n<meta name=\"twitter:card\" content=\"summary_large_image\" \/>\n<meta name=\"twitter:label1\" content=\"Est. reading time\" \/>\n\t<meta name=\"twitter:data1\" content=\"3 minutes\" \/>\n<script type=\"application\/ld+json\" class=\"yoast-schema-graph\">{\"@context\":\"https:\\\/\\\/schema.org\",\"@graph\":[{\"@type\":\"WebPage\",\"@id\":\"https:\\\/\\\/medicinasinc.com\\\/cs\\\/product\\\/koupit-krystalicky-meth-metamfetamin\\\/\",\"url\":\"https:\\\/\\\/medicinasinc.com\\\/cs\\\/product\\\/koupit-krystalicky-meth-metamfetamin\\\/\",\"name\":\"Koupit Crystal Meth (metamfetamin) \u2013 nejlep\u0161\u00ed nejlep\u0161\u00ed glob\u00e1ln\u00ed l\u00e9ky\",\"isPartOf\":{\"@id\":\"https:\\\/\\\/medicinasinc.com\\\/cs\\\/#website\"},\"primaryImageOfPage\":{\"@id\":\"https:\\\/\\\/medicinasinc.com\\\/cs\\\/product\\\/koupit-krystalicky-meth-metamfetamin\\\/#primaryimage\"},\"image\":{\"@id\":\"https:\\\/\\\/medicinasinc.com\\\/cs\\\/product\\\/koupit-krystalicky-meth-metamfetamin\\\/#primaryimage\"},\"thumbnailUrl\":\"https:\\\/\\\/medicinasinc.com\\\/cs\\\/wp-content\\\/uploads\\\/sites\\\/2\\\/2022\\\/02\\\/Buy-Crystal-Meth.jpg\",\"datePublished\":\"2022-02-22T00:08:30+00:00\",\"dateModified\":\"2022-08-03T11:47:33+00:00\",\"description\":\"Kupte si Crystal Meth na prodej ve Spojen\u00e9m kr\u00e1lovstv\u00ed, EU, Evrop\u011b, USA, \u010c\u00edn\u011b k l\u00e9\u010db\u011b rakoviny s pomoc\u00ed medicinasinc.com. Nejlep\u0161\u00ed m\u00edsto, kde si m\u016f\u017eete levn\u011b koupit metamfetamin online.\",\"breadcrumb\":{\"@id\":\"https:\\\/\\\/medicinasinc.com\\\/cs\\\/product\\\/koupit-krystalicky-meth-metamfetamin\\\/#breadcrumb\"},\"inLanguage\":\"en-US\",\"potentialAction\":[{\"@type\":\"ReadAction\",\"target\":[\"https:\\\/\\\/medicinasinc.com\\\/cs\\\/product\\\/koupit-krystalicky-meth-metamfetamin\\\/\"]}]},{\"@type\":\"ImageObject\",\"inLanguage\":\"en-US\",\"@id\":\"https:\\\/\\\/medicinasinc.com\\\/cs\\\/product\\\/koupit-krystalicky-meth-metamfetamin\\\/#primaryimage\",\"url\":\"https:\\\/\\\/medicinasinc.com\\\/cs\\\/wp-content\\\/uploads\\\/sites\\\/2\\\/2022\\\/02\\\/Buy-Crystal-Meth.jpg\",\"contentUrl\":\"https:\\\/\\\/medicinasinc.com\\\/cs\\\/wp-content\\\/uploads\\\/sites\\\/2\\\/2022\\\/02\\\/Buy-Crystal-Meth.jpg\",\"width\":1024,\"height\":768},{\"@type\":\"BreadcrumbList\",\"@id\":\"https:\\\/\\\/medicinasinc.com\\\/cs\\\/product\\\/koupit-krystalicky-meth-metamfetamin\\\/#breadcrumb\",\"itemListElement\":[{\"@type\":\"ListItem\",\"position\":1,\"name\":\"Obchod\",\"item\":\"https:\\\/\\\/medicinasinc.com\\\/cs\\\/obchod\\\/\"},{\"@type\":\"ListItem\",\"position\":2,\"name\":\"Koupit Crystal Meth (metamfetamin)\"}]},{\"@type\":\"WebSite\",\"@id\":\"https:\\\/\\\/medicinasinc.com\\\/cs\\\/#website\",\"url\":\"https:\\\/\\\/medicinasinc.com\\\/cs\\\/\",\"name\":\"Medicinas Inc\",\"description\":\"Health Medical Clinic\",\"potentialAction\":[{\"@type\":\"SearchAction\",\"target\":{\"@type\":\"EntryPoint\",\"urlTemplate\":\"https:\\\/\\\/medicinasinc.com\\\/cs\\\/?s={search_term_string}\"},\"query-input\":{\"@type\":\"PropertyValueSpecification\",\"valueRequired\":true,\"valueName\":\"search_term_string\"}}],\"inLanguage\":\"en-US\"}]}<\/script>\n<!-- \/ Yoast SEO plugin. -->","yoast_head_json":{"title":"Koupit Crystal Meth (metamfetamin) \u2013 nejlep\u0161\u00ed nejlep\u0161\u00ed glob\u00e1ln\u00ed l\u00e9ky","description":"Kupte si Crystal Meth na prodej ve Spojen\u00e9m kr\u00e1lovstv\u00ed, EU, Evrop\u011b, USA, \u010c\u00edn\u011b k l\u00e9\u010db\u011b rakoviny s pomoc\u00ed medicinasinc.com. Nejlep\u0161\u00ed m\u00edsto, kde si m\u016f\u017eete levn\u011b koupit metamfetamin online.","robots":{"index":"index","follow":"follow","max-snippet":"max-snippet:-1","max-image-preview":"max-image-preview:large","max-video-preview":"max-video-preview:-1"},"canonical":"https:\/\/medicinasinc.com\/cs\/product\/koupit-krystalicky-meth-metamfetamin\/","og_locale":"en_US","og_type":"article","og_title":"Koupit Crystal Meth (metamfetamin) \u2013 nejlep\u0161\u00ed nejlep\u0161\u00ed glob\u00e1ln\u00ed l\u00e9ky","og_description":"Kupte si Crystal Meth na prodej ve Spojen\u00e9m kr\u00e1lovstv\u00ed, EU, Evrop\u011b, USA, \u010c\u00edn\u011b k l\u00e9\u010db\u011b rakoviny s pomoc\u00ed medicinasinc.com. Nejlep\u0161\u00ed m\u00edsto, kde si m\u016f\u017eete levn\u011b koupit metamfetamin online.","og_url":"https:\/\/medicinasinc.com\/cs\/product\/koupit-krystalicky-meth-metamfetamin\/","og_site_name":"Medicinas Inc","article_modified_time":"2022-08-03T11:47:33+00:00","og_image":[{"width":1024,"height":768,"url":"https:\/\/medicinasinc.com\/cs\/wp-content\/uploads\/sites\/2\/2022\/02\/Buy-Crystal-Meth.jpg","type":"image\/jpeg"}],"twitter_card":"summary_large_image","twitter_misc":{"Est. reading time":"3 minutes"},"schema":{"@context":"https:\/\/schema.org","@graph":[{"@type":"WebPage","@id":"https:\/\/medicinasinc.com\/cs\/product\/koupit-krystalicky-meth-metamfetamin\/","url":"https:\/\/medicinasinc.com\/cs\/product\/koupit-krystalicky-meth-metamfetamin\/","name":"Koupit Crystal Meth (metamfetamin) \u2013 nejlep\u0161\u00ed nejlep\u0161\u00ed glob\u00e1ln\u00ed l\u00e9ky","isPartOf":{"@id":"https:\/\/medicinasinc.com\/cs\/#website"},"primaryImageOfPage":{"@id":"https:\/\/medicinasinc.com\/cs\/product\/koupit-krystalicky-meth-metamfetamin\/#primaryimage"},"image":{"@id":"https:\/\/medicinasinc.com\/cs\/product\/koupit-krystalicky-meth-metamfetamin\/#primaryimage"},"thumbnailUrl":"https:\/\/medicinasinc.com\/cs\/wp-content\/uploads\/sites\/2\/2022\/02\/Buy-Crystal-Meth.jpg","datePublished":"2022-02-22T00:08:30+00:00","dateModified":"2022-08-03T11:47:33+00:00","description":"Kupte si Crystal Meth na prodej ve Spojen\u00e9m kr\u00e1lovstv\u00ed, EU, Evrop\u011b, USA, \u010c\u00edn\u011b k l\u00e9\u010db\u011b rakoviny s pomoc\u00ed medicinasinc.com. Nejlep\u0161\u00ed m\u00edsto, kde si m\u016f\u017eete levn\u011b koupit metamfetamin online.","breadcrumb":{"@id":"https:\/\/medicinasinc.com\/cs\/product\/koupit-krystalicky-meth-metamfetamin\/#breadcrumb"},"inLanguage":"en-US","potentialAction":[{"@type":"ReadAction","target":["https:\/\/medicinasinc.com\/cs\/product\/koupit-krystalicky-meth-metamfetamin\/"]}]},{"@type":"ImageObject","inLanguage":"en-US","@id":"https:\/\/medicinasinc.com\/cs\/product\/koupit-krystalicky-meth-metamfetamin\/#primaryimage","url":"https:\/\/medicinasinc.com\/cs\/wp-content\/uploads\/sites\/2\/2022\/02\/Buy-Crystal-Meth.jpg","contentUrl":"https:\/\/medicinasinc.com\/cs\/wp-content\/uploads\/sites\/2\/2022\/02\/Buy-Crystal-Meth.jpg","width":1024,"height":768},{"@type":"BreadcrumbList","@id":"https:\/\/medicinasinc.com\/cs\/product\/koupit-krystalicky-meth-metamfetamin\/#breadcrumb","itemListElement":[{"@type":"ListItem","position":1,"name":"Obchod","item":"https:\/\/medicinasinc.com\/cs\/obchod\/"},{"@type":"ListItem","position":2,"name":"Koupit Crystal Meth (metamfetamin)"}]},{"@type":"WebSite","@id":"https:\/\/medicinasinc.com\/cs\/#website","url":"https:\/\/medicinasinc.com\/cs\/","name":"Medicinas Inc","description":"Health Medical Clinic","potentialAction":[{"@type":"SearchAction","target":{"@type":"EntryPoint","urlTemplate":"https:\/\/medicinasinc.com\/cs\/?s={search_term_string}"},"query-input":{"@type":"PropertyValueSpecification","valueRequired":true,"valueName":"search_term_string"}}],"inLanguage":"en-US"}]}},"_links":{"self":[{"href":"https:\/\/medicinasinc.com\/cs\/wp-json\/wp\/v2\/product\/5471","targetHints":{"allow":["GET"]}}],"collection":[{"href":"https:\/\/medicinasinc.com\/cs\/wp-json\/wp\/v2\/product"}],"about":[{"href":"https:\/\/medicinasinc.com\/cs\/wp-json\/wp\/v2\/types\/product"}],"replies":[{"embeddable":true,"href":"https:\/\/medicinasinc.com\/cs\/wp-json\/wp\/v2\/comments?post=5471"}],"wp:featuredmedia":[{"embeddable":true,"href":"https:\/\/medicinasinc.com\/cs\/wp-json\/wp\/v2\/media\/5483"}],"wp:attachment":[{"href":"https:\/\/medicinasinc.com\/cs\/wp-json\/wp\/v2\/media?parent=5471"}],"wp:term":[{"taxonomy":"product_brand","embeddable":true,"href":"https:\/\/medicinasinc.com\/cs\/wp-json\/wp\/v2\/product_brand?post=5471"},{"taxonomy":"product_cat","embeddable":true,"href":"https:\/\/medicinasinc.com\/cs\/wp-json\/wp\/v2\/product_cat?post=5471"},{"taxonomy":"product_tag","embeddable":true,"href":"https:\/\/medicinasinc.com\/cs\/wp-json\/wp\/v2\/product_tag?post=5471"}],"curies":[{"name":"wp","href":"https:\/\/api.w.org\/{rel}","templated":true}]}}