{"id":5470,"date":"2022-02-22T00:06:57","date_gmt":"2022-02-22T00:06:57","guid":{"rendered":"https:\/\/medicinasinc.com\/cs\/?post_type=product&#038;p=5470"},"modified":"2022-08-03T12:25:58","modified_gmt":"2022-08-03T12:25:58","slug":"buy-th-pvp-crystal","status":"publish","type":"product","link":"https:\/\/medicinasinc.com\/cs\/product\/buy-th-pvp-crystal\/","title":{"rendered":"Kupte si TH-PVP Crystal"},"content":{"rendered":"<p>Nakupte TH-PVP krystal se slevou online.<\/p>\n<p>Nakupte TH-PVP krystal se slevou online.<\/p>\n<p>Nakupte TH-PVP online od nejuzn\u00e1van\u011bj\u0161\u00ed spole\u010dnosti zab\u00fdvaj\u00edc\u00ed se kancel\u00e1\u0159skou dopravou na sv\u011bt\u011b .<\/p>\n<p>TH-PVP, stejn\u011b jako PVP, je energiz\u00e9r. V tomto ohledu je o t\u00e9to chemik\u00e1lii m\u00e1lo zn\u00e1mo, co\u017e vytv\u00e1\u0159\u00ed obrovskou p\u0159\u00edle\u017eitost pro v\u00fdzkum.<\/p>\n<p>Jsme nejlep\u0161\u00edm dodavatelem TH-PVP v \u010c\u00edn\u011b a jsme \u0161iroce pova\u017eov\u00e1ni za nejlep\u0161\u00edho prodejce TH-PVP Reddit. Pokud hled\u00e1te legitimn\u00edho v\u00fdhodn\u00e9ho prodejce TH-PVP, nejd\u011bte d\u00e1le ne\u017e my.<\/p>\n<p>NAKUPUJTE TH-PVP ONLINE V NA\u0160EM OBCHOD\u011a<\/p>\n<p>Pokud hled\u00e1te TH-PVP -PVP obchod na webu, kter\u00fd v\u00e1m umo\u017en\u00ed bezpe\u010dn\u011b koupit drahokam TH-PVP, Classicarabians je va\u0161e nejlep\u0161\u00ed s\u00e1zka. M\u00e1me po ruce celou \u0159adu r\u016fzn\u00fdch syntetick\u00fdch l\u00e1tek pro v\u00fdzkumn\u00e9 \u00fa\u010dely spolu s TH-PVP a dal\u0161\u00edmi ekvivalenty TH-PVP. Na\u0161e technika je zcela jasn\u00e1 a nekomplikovan\u00e1 pro pou\u017eit\u00ed pokro\u010dil\u00e9ho vstupu k levn\u00e9mu online z\u00edsk\u00e1v\u00e1n\u00ed drahokam\u016f TH-PVP od v\u00fdrobc\u016f a dodavatel\u016f v \u010c\u00edn\u011b.<\/p>\n<p>Pokud \u017eijete ve Spojen\u00fdch st\u00e1tech americk\u00fdch, Kanad\u011b, Spojen\u00e9m kr\u00e1lovstv\u00ed, Austr\u00e1lie nebo Evropa a nal\u00e9hav\u011b po\u017eadujete polo\u017eku, nab\u00edz\u00edme celosv\u011btovou p\u0159epravu. Bez ohledu na to v\u00e1s \u017e\u00e1d\u00e1me, abyste se p\u0159ed \u017e\u00e1dost\u00ed sezn\u00e1mili s pou\u017eit\u00edm a p\u0159\u00edznaky TH-PVP. Krom\u011b toho byste si m\u011bli b\u00fdt v\u011bdomi ur\u010dit\u00fdch skute\u010dn\u00fdch d\u016fsledk\u016f spojen\u00fdch s n\u00e1kupem drahokam\u016f TH-PVP online bez l\u00e9\u010dby ve va\u0161em st\u00e1t\u011b. Classicarabians je nejv\u011bt\u0161\u00ed online prodejce TH-PVP, kter\u00fd v\u00e1m umo\u017e\u0148uje doplnit va\u0161e logick\u00e9 vy\u0161et\u0159ov\u00e1n\u00ed o nejsn\u00e1ze dostupn\u00e9 materi\u00e1ly. Bez ohledu na to v\u00e1s \u017e\u00e1d\u00e1me, abyste se p\u0159ed \u017e\u00e1dost\u00ed sezn\u00e1mili s pou\u017eit\u00edm a p\u0159\u00edznaky TH-PVP. Krom\u011b toho byste si m\u011bli b\u00fdt v\u011bdomi ur\u010dit\u00fdch skute\u010dn\u00fdch d\u016fsledk\u016f spojen\u00fdch s n\u00e1kupem drahokam\u016f TH-PVP online bez l\u00e9\u010dby ve va\u0161em st\u00e1t\u011b.<\/p>\n<p>Poskytujeme nejv\u011bt\u0161\u00ed mno\u017estv\u00ed a kvalitu v\u011bc\u00ed. Sna\u017ete se nepl\u00fdtvat \u010dasem. Ode\u0161lete sv\u016fj po\u017eadavek nyn\u00ed a zbo\u017e\u00ed v\u00e1m bude doru\u010deno dom\u016f. Nav\u00edc m\u00e1me vosk na hv\u011bzdy smrti.<\/p>\n","protected":false},"excerpt":{"rendered":"<div class=\"woocommerce-product-details__short-description\">\n<div class=\"char\">SPECIFIKACE<\/div>\n<div class=\"specification\">\n<div class=\"sprow\"><span class=\"spname\">N\u00e1zev produktu:<\/span><span class=\"sptext\">TH-PVP<\/span><\/div>\n<div class=\"sprow\"><span class=\"spname\">N\u00e1zev IUPAC:<\/span> <span class=\"sptext\">2-(pyrrolidin-1-yl)-1-(5,6,7,8-tetrahydronaftalen-2-yl)pentan-1-on<\/span><\/div>\n<div class=\"sprow\"><span class=\"spname\">Dal\u0161\u00ed jm\u00e9na:<\/span><span class=\"sptext\">TH-\u03b1-PVP<\/span><\/div>\n<div class=\"sprow\"><span class=\"spname\">\u010c\u00edslo Cass:<\/span><span class=\"sptext\">583123-2-1<\/span><\/div>\n<div class=\"sprow\"><span class=\"spname \">Molekul\u00e1rn\u00ed vzorec:<\/span><span class=\"sptext\">C19H27NO<\/span><\/div>\n<div class=\"sprow\"><span class=\"spname\">\u00da\u010dinek:<\/span><span class=\"sptext\">stimulant, psychedelick\u00fd<\/span><\/div>\n<div class=\"sprow\"><span class=\"spname\">\u010cistota l\u00e1tky:<\/span><span class=\"sptext\"> 99,9 %<\/span><\/div>\n<div class=\"sprow\"><\/div>\n<\/div>\n<p><em>Nakupte<\/em>\u00a0vysoce kvalitn\u00ed\u00a0<em>TH Pvp na linka<\/em>\u00a0za velkoobchodn\u00ed ceny \u010d\u00ednsk\u00e9ho\u00a0<em>TH pvp<\/em>\u00a0dodavatele. \u2026 kde m\u016f\u017eete\u00a0<em>nakoupit<\/em>\u00a0th-pvp\u00a0<em>krystal online levn\u011b<\/em>\u00a0za velkoobchodn\u00ed\u00a0<em>ceny<\/em><\/p>\n<p><em>Koupit TH<\/em> \u2013<em>PVP<\/em>\u00a0Rock\u00a0<em>Crystal<\/em> od Approved Drug Supplies za nejlep\u0161\u00ed cenu na medicinasinc.com<\/p>\n<p>Kupte si TH-PVP Crystal za nejni\u017e\u0161\u00ed cenu online. Celosv\u011btov\u00e1 p\u0159eprava je s n\u00e1mi zaru\u010dena bezpe\u010dn\u00e1. th-pvp\u00a0recenze<\/p>\n<p>Kde koupit levn\u00fd TH-PVP krystal?<\/p>\n<p>Krystaly na prodej | Koupit TH-PVP Crystal online | Prod\u00e1m krystalov\u00fd pr\u00e1\u0161ek TH-PVP na prodej | Kupte si levn\u011b TH-PVP krystalov\u00fd pr\u00e1\u0161ek | Kde koupit TH-PVP krystalov\u00fd pr\u00e1\u0161ek online | Skute\u010dn\u00fd TH-PVP Crystal online.<\/p>\n<\/div>\n","protected":false},"featured_media":5481,"comment_status":"open","ping_status":"closed","template":"","meta":[],"product_brand":[],"product_cat":[2014],"product_tag":[2778,2798,2786,2779,2781,2780,2782,2783,2785,2784,2787,2789,2790,2791,2793,2788,2792,2796,2797,2794,2795],"class_list":{"0":"post-5470","1":"product","2":"type-product","3":"status-publish","4":"has-post-thumbnail","6":"product_cat-koupit-vyzkumne-chemikalie","7":"product_tag-buy-th-pvp-rock-crystal","8":"product_tag-kde-koupit-th-pvp-rock-crystal","9":"product_tag-koupen-th-pvp-rock-crystal","10":"product_tag-buy-th-pvp-rock-crystal-online","11":"product_tag-buy-th-pvp-rock-crystal-usa","12":"product_tag-buy-th-pvp-rock-crystal-stimulants","13":"product_tag-mail-th-pvp-rock-crystal","14":"product_tag-order-th-pvp-rock-crystal","15":"product_tag-objednvka-th-pvp-rock-crystal-online","16":"product_tag-order-th-pvp-rock-crystal-eu","17":"product_tag-th-pvp-rock-crystal","18":"product_tag-th-pvp-rock-crystal-na-prodej","19":"product_tag-th-pvp-rock-crystal-for-sale-uk","20":"product_tag-th-pvp-rock-crystal-online","21":"product_tag-th-pvp-rock-crystal-review","22":"product_tag-th-pvp-rock-crystal-austrlie","23":"product_tag-th-pvp-rock-crystal-reddit","24":"product_tag-th-pvp-rock-crystal-supplier","25":"product_tag-th-pvp-rock-crystal-vendor","26":"product_tag-th-pvp-rock-crystal-stimulants","27":"product_tag-th-pvp-rock-crystal-stimulants-na-prodej","29":"first","30":"instock","31":"shipping-taxable","32":"purchasable","33":"product-type-variable","34":"has-default-attributes"},"yoast_head":"<!-- This site is optimized with the Yoast SEO plugin v27.3 - https:\/\/yoast.com\/product\/yoast-seo-wordpress\/ -->\n<title>Kupte si levn\u011b TH-PVP krystal online \u2013 nejlep\u0161\u00ed glob\u00e1ln\u00ed medic\u00edna<\/title>\n<meta name=\"description\" content=\"Kupte si krystal TH-PVP levn\u011b online. Real TH-PVP Crystal online \u2013 TH-PVP Crystal na prodej | Koupit TH-PVP Crystal online | Prod\u00e1m krystalov\u00fd pr\u00e1\u0161ek TH-PVP na prodej| Kupte si levn\u011b TH-PVP krystalov\u00fd pr\u00e1\u0161ek | Kde koupit TH-PVP krystalov\u00fd pr\u00e1\u0161ek online.\" \/>\n<meta name=\"robots\" content=\"index, follow, max-snippet:-1, max-image-preview:large, max-video-preview:-1\" \/>\n<link rel=\"canonical\" href=\"https:\/\/medicinasinc.com\/cs\/product\/buy-th-pvp-crystal\/\" \/>\n<meta property=\"og:locale\" content=\"en_US\" \/>\n<meta property=\"og:type\" content=\"article\" \/>\n<meta property=\"og:title\" content=\"Kupte si levn\u011b TH-PVP krystal online \u2013 nejlep\u0161\u00ed glob\u00e1ln\u00ed medic\u00edna\" \/>\n<meta property=\"og:description\" content=\"Kupte si krystal TH-PVP levn\u011b online. Real TH-PVP Crystal online \u2013 TH-PVP Crystal na prodej | Koupit TH-PVP Crystal online | Prod\u00e1m krystalov\u00fd pr\u00e1\u0161ek TH-PVP na prodej| Kupte si levn\u011b TH-PVP krystalov\u00fd pr\u00e1\u0161ek | Kde koupit TH-PVP krystalov\u00fd pr\u00e1\u0161ek online.\" \/>\n<meta property=\"og:url\" content=\"https:\/\/medicinasinc.com\/cs\/product\/buy-th-pvp-crystal\/\" \/>\n<meta property=\"og:site_name\" content=\"Medicinas Inc\" \/>\n<meta property=\"article:modified_time\" content=\"2022-08-03T12:25:58+00:00\" \/>\n<meta property=\"og:image\" content=\"https:\/\/medicinasinc.com\/cs\/wp-content\/uploads\/sites\/2\/2022\/02\/buy-cheap-th-pvp-crystal-online.jpg\" \/>\n\t<meta property=\"og:image:width\" content=\"600\" \/>\n\t<meta property=\"og:image:height\" content=\"600\" \/>\n\t<meta property=\"og:image:type\" content=\"image\/jpeg\" \/>\n<meta name=\"twitter:card\" content=\"summary_large_image\" \/>\n<meta name=\"twitter:label1\" content=\"Est. reading time\" \/>\n\t<meta name=\"twitter:data1\" content=\"2 minutes\" \/>\n<script type=\"application\/ld+json\" class=\"yoast-schema-graph\">{\"@context\":\"https:\\\/\\\/schema.org\",\"@graph\":[{\"@type\":\"WebPage\",\"@id\":\"https:\\\/\\\/medicinasinc.com\\\/cs\\\/product\\\/buy-th-pvp-crystal\\\/\",\"url\":\"https:\\\/\\\/medicinasinc.com\\\/cs\\\/product\\\/buy-th-pvp-crystal\\\/\",\"name\":\"Kupte si levn\u011b TH-PVP krystal online \u2013 nejlep\u0161\u00ed glob\u00e1ln\u00ed medic\u00edna\",\"isPartOf\":{\"@id\":\"https:\\\/\\\/medicinasinc.com\\\/cs\\\/#website\"},\"primaryImageOfPage\":{\"@id\":\"https:\\\/\\\/medicinasinc.com\\\/cs\\\/product\\\/buy-th-pvp-crystal\\\/#primaryimage\"},\"image\":{\"@id\":\"https:\\\/\\\/medicinasinc.com\\\/cs\\\/product\\\/buy-th-pvp-crystal\\\/#primaryimage\"},\"thumbnailUrl\":\"https:\\\/\\\/medicinasinc.com\\\/cs\\\/wp-content\\\/uploads\\\/sites\\\/2\\\/2022\\\/02\\\/buy-cheap-th-pvp-crystal-online.jpg\",\"datePublished\":\"2022-02-22T00:06:57+00:00\",\"dateModified\":\"2022-08-03T12:25:58+00:00\",\"description\":\"Kupte si krystal TH-PVP levn\u011b online. Real TH-PVP Crystal online \u2013 TH-PVP Crystal na prodej | Koupit TH-PVP Crystal online | Prod\u00e1m krystalov\u00fd pr\u00e1\u0161ek TH-PVP na prodej| Kupte si levn\u011b TH-PVP krystalov\u00fd pr\u00e1\u0161ek | Kde koupit TH-PVP krystalov\u00fd pr\u00e1\u0161ek online.\",\"breadcrumb\":{\"@id\":\"https:\\\/\\\/medicinasinc.com\\\/cs\\\/product\\\/buy-th-pvp-crystal\\\/#breadcrumb\"},\"inLanguage\":\"en-US\",\"potentialAction\":[{\"@type\":\"ReadAction\",\"target\":[\"https:\\\/\\\/medicinasinc.com\\\/cs\\\/product\\\/buy-th-pvp-crystal\\\/\"]}]},{\"@type\":\"ImageObject\",\"inLanguage\":\"en-US\",\"@id\":\"https:\\\/\\\/medicinasinc.com\\\/cs\\\/product\\\/buy-th-pvp-crystal\\\/#primaryimage\",\"url\":\"https:\\\/\\\/medicinasinc.com\\\/cs\\\/wp-content\\\/uploads\\\/sites\\\/2\\\/2022\\\/02\\\/buy-cheap-th-pvp-crystal-online.jpg\",\"contentUrl\":\"https:\\\/\\\/medicinasinc.com\\\/cs\\\/wp-content\\\/uploads\\\/sites\\\/2\\\/2022\\\/02\\\/buy-cheap-th-pvp-crystal-online.jpg\",\"width\":600,\"height\":600},{\"@type\":\"BreadcrumbList\",\"@id\":\"https:\\\/\\\/medicinasinc.com\\\/cs\\\/product\\\/buy-th-pvp-crystal\\\/#breadcrumb\",\"itemListElement\":[{\"@type\":\"ListItem\",\"position\":1,\"name\":\"Obchod\",\"item\":\"https:\\\/\\\/medicinasinc.com\\\/cs\\\/obchod\\\/\"},{\"@type\":\"ListItem\",\"position\":2,\"name\":\"Kupte si TH-PVP Crystal\"}]},{\"@type\":\"WebSite\",\"@id\":\"https:\\\/\\\/medicinasinc.com\\\/cs\\\/#website\",\"url\":\"https:\\\/\\\/medicinasinc.com\\\/cs\\\/\",\"name\":\"Medicinas Inc\",\"description\":\"Health Medical Clinic\",\"potentialAction\":[{\"@type\":\"SearchAction\",\"target\":{\"@type\":\"EntryPoint\",\"urlTemplate\":\"https:\\\/\\\/medicinasinc.com\\\/cs\\\/?s={search_term_string}\"},\"query-input\":{\"@type\":\"PropertyValueSpecification\",\"valueRequired\":true,\"valueName\":\"search_term_string\"}}],\"inLanguage\":\"en-US\"}]}<\/script>\n<!-- \/ Yoast SEO plugin. -->","yoast_head_json":{"title":"Kupte si levn\u011b TH-PVP krystal online \u2013 nejlep\u0161\u00ed glob\u00e1ln\u00ed medic\u00edna","description":"Kupte si krystal TH-PVP levn\u011b online. Real TH-PVP Crystal online \u2013 TH-PVP Crystal na prodej | Koupit TH-PVP Crystal online | Prod\u00e1m krystalov\u00fd pr\u00e1\u0161ek TH-PVP na prodej| Kupte si levn\u011b TH-PVP krystalov\u00fd pr\u00e1\u0161ek | Kde koupit TH-PVP krystalov\u00fd pr\u00e1\u0161ek online.","robots":{"index":"index","follow":"follow","max-snippet":"max-snippet:-1","max-image-preview":"max-image-preview:large","max-video-preview":"max-video-preview:-1"},"canonical":"https:\/\/medicinasinc.com\/cs\/product\/buy-th-pvp-crystal\/","og_locale":"en_US","og_type":"article","og_title":"Kupte si levn\u011b TH-PVP krystal online \u2013 nejlep\u0161\u00ed glob\u00e1ln\u00ed medic\u00edna","og_description":"Kupte si krystal TH-PVP levn\u011b online. Real TH-PVP Crystal online \u2013 TH-PVP Crystal na prodej | Koupit TH-PVP Crystal online | Prod\u00e1m krystalov\u00fd pr\u00e1\u0161ek TH-PVP na prodej| Kupte si levn\u011b TH-PVP krystalov\u00fd pr\u00e1\u0161ek | Kde koupit TH-PVP krystalov\u00fd pr\u00e1\u0161ek online.","og_url":"https:\/\/medicinasinc.com\/cs\/product\/buy-th-pvp-crystal\/","og_site_name":"Medicinas Inc","article_modified_time":"2022-08-03T12:25:58+00:00","og_image":[{"width":600,"height":600,"url":"https:\/\/medicinasinc.com\/cs\/wp-content\/uploads\/sites\/2\/2022\/02\/buy-cheap-th-pvp-crystal-online.jpg","type":"image\/jpeg"}],"twitter_card":"summary_large_image","twitter_misc":{"Est. reading time":"2 minutes"},"schema":{"@context":"https:\/\/schema.org","@graph":[{"@type":"WebPage","@id":"https:\/\/medicinasinc.com\/cs\/product\/buy-th-pvp-crystal\/","url":"https:\/\/medicinasinc.com\/cs\/product\/buy-th-pvp-crystal\/","name":"Kupte si levn\u011b TH-PVP krystal online \u2013 nejlep\u0161\u00ed glob\u00e1ln\u00ed medic\u00edna","isPartOf":{"@id":"https:\/\/medicinasinc.com\/cs\/#website"},"primaryImageOfPage":{"@id":"https:\/\/medicinasinc.com\/cs\/product\/buy-th-pvp-crystal\/#primaryimage"},"image":{"@id":"https:\/\/medicinasinc.com\/cs\/product\/buy-th-pvp-crystal\/#primaryimage"},"thumbnailUrl":"https:\/\/medicinasinc.com\/cs\/wp-content\/uploads\/sites\/2\/2022\/02\/buy-cheap-th-pvp-crystal-online.jpg","datePublished":"2022-02-22T00:06:57+00:00","dateModified":"2022-08-03T12:25:58+00:00","description":"Kupte si krystal TH-PVP levn\u011b online. Real TH-PVP Crystal online \u2013 TH-PVP Crystal na prodej | Koupit TH-PVP Crystal online | Prod\u00e1m krystalov\u00fd pr\u00e1\u0161ek TH-PVP na prodej| Kupte si levn\u011b TH-PVP krystalov\u00fd pr\u00e1\u0161ek | Kde koupit TH-PVP krystalov\u00fd pr\u00e1\u0161ek online.","breadcrumb":{"@id":"https:\/\/medicinasinc.com\/cs\/product\/buy-th-pvp-crystal\/#breadcrumb"},"inLanguage":"en-US","potentialAction":[{"@type":"ReadAction","target":["https:\/\/medicinasinc.com\/cs\/product\/buy-th-pvp-crystal\/"]}]},{"@type":"ImageObject","inLanguage":"en-US","@id":"https:\/\/medicinasinc.com\/cs\/product\/buy-th-pvp-crystal\/#primaryimage","url":"https:\/\/medicinasinc.com\/cs\/wp-content\/uploads\/sites\/2\/2022\/02\/buy-cheap-th-pvp-crystal-online.jpg","contentUrl":"https:\/\/medicinasinc.com\/cs\/wp-content\/uploads\/sites\/2\/2022\/02\/buy-cheap-th-pvp-crystal-online.jpg","width":600,"height":600},{"@type":"BreadcrumbList","@id":"https:\/\/medicinasinc.com\/cs\/product\/buy-th-pvp-crystal\/#breadcrumb","itemListElement":[{"@type":"ListItem","position":1,"name":"Obchod","item":"https:\/\/medicinasinc.com\/cs\/obchod\/"},{"@type":"ListItem","position":2,"name":"Kupte si TH-PVP Crystal"}]},{"@type":"WebSite","@id":"https:\/\/medicinasinc.com\/cs\/#website","url":"https:\/\/medicinasinc.com\/cs\/","name":"Medicinas Inc","description":"Health Medical Clinic","potentialAction":[{"@type":"SearchAction","target":{"@type":"EntryPoint","urlTemplate":"https:\/\/medicinasinc.com\/cs\/?s={search_term_string}"},"query-input":{"@type":"PropertyValueSpecification","valueRequired":true,"valueName":"search_term_string"}}],"inLanguage":"en-US"}]}},"_links":{"self":[{"href":"https:\/\/medicinasinc.com\/cs\/wp-json\/wp\/v2\/product\/5470","targetHints":{"allow":["GET"]}}],"collection":[{"href":"https:\/\/medicinasinc.com\/cs\/wp-json\/wp\/v2\/product"}],"about":[{"href":"https:\/\/medicinasinc.com\/cs\/wp-json\/wp\/v2\/types\/product"}],"replies":[{"embeddable":true,"href":"https:\/\/medicinasinc.com\/cs\/wp-json\/wp\/v2\/comments?post=5470"}],"wp:featuredmedia":[{"embeddable":true,"href":"https:\/\/medicinasinc.com\/cs\/wp-json\/wp\/v2\/media\/5481"}],"wp:attachment":[{"href":"https:\/\/medicinasinc.com\/cs\/wp-json\/wp\/v2\/media?parent=5470"}],"wp:term":[{"taxonomy":"product_brand","embeddable":true,"href":"https:\/\/medicinasinc.com\/cs\/wp-json\/wp\/v2\/product_brand?post=5470"},{"taxonomy":"product_cat","embeddable":true,"href":"https:\/\/medicinasinc.com\/cs\/wp-json\/wp\/v2\/product_cat?post=5470"},{"taxonomy":"product_tag","embeddable":true,"href":"https:\/\/medicinasinc.com\/cs\/wp-json\/wp\/v2\/product_tag?post=5470"}],"curies":[{"name":"wp","href":"https:\/\/api.w.org\/{rel}","templated":true}]}}