{"id":5469,"date":"2022-02-22T00:05:12","date_gmt":"2022-02-22T00:05:12","guid":{"rendered":"https:\/\/medicinasinc.com\/cs\/?post_type=product&#038;p=5469"},"modified":"2022-03-14T11:40:59","modified_gmt":"2022-03-14T11:40:59","slug":"koupit-clonazolam-prasek","status":"publish","type":"product","link":"https:\/\/medicinasinc.com\/cs\/product\/koupit-clonazolam-prasek\/","title":{"rendered":"Koupit Clonazolam Powder"},"content":{"rendered":"<h1 style=\"font-weight: 600\"><b><strong>Koupit Clonazolam Powder\u00a0<\/strong><\/b><\/h1>\n<p style=\"font-weight: 400\">P\u0159edn\u00ed klonazolam v Evrop\u011b ve velk\u00e9m obchod\u011b Velkoobchodn\u00ed dodavatel chemik\u00e1li\u00ed<\/p>\n<h2 style=\"font-weight: 600\">Dodavatel CLONAZOLAM Powder EU, Spojen\u00e9 kr\u00e1lovstv\u00ed<\/h2>\n<ul style=\"font-weight: 400\">\n<li>Sledovan\u00e9\u00a0 &#8211; Sledovan\u00e9 Poji\u0161t\u011bn\u00e9 nebo norm\u00e1ln\u00ed doru\u010den\u00ed<\/li>\n<li>Bankovn\u00ed p\u0159evod nebo podrobnosti o platb\u011b bitcoiny p\u0159i pokladn\u011b.<\/li>\n<li>Doru\u010den\u00ed od pond\u011bl\u00ed do p\u00e1tku<\/li>\n<li><b><strong>Upozor\u0148ujeme, \u017ee jste poji\u0161t\u011bni pouze v p\u0159\u00edpad\u011b ztr\u00e1ty po 30 dnech 1 x bezplatn\u00e9 op\u011btovn\u00e9 odesl\u00e1n\u00ed na sledovan\u00e9 poji\u0161t\u011bn\u00e9 slu\u017eb\u011b &#8211; Omlouv\u00e1me se bez v\u00fdjimek!<\/strong><\/b><\/li>\n<\/ul>\n<h3 style=\"font-weight: 600\"><\/h3>\n<h3 style=\"font-weight: 600\"><b><strong>Clonazolam Powder\u00a0<\/strong><\/b><\/h3>\n<ul style=\"font-weight: 400\">\n<li><b><a href=\"https:\/\/psychonautwiki.org\/wiki\/Sedation\">Sedace<\/a><\/b>\u00a0\u2013 Clonazolam m\u00e1 potenci\u00e1l b\u00fdt extr\u00e9mn\u011b sedativn\u00ed a \u010dasto vede k ohromn\u011b letargick\u00e9mu stavu. Na vy\u0161\u0161\u00edch \u00farovn\u00edch to zp\u016fsobuje, \u017ee u\u017eivatel\u00e9 maj\u00ed n\u00e1hle pocit, jako by byli extr\u00e9mn\u011b nevyspal\u00ed a cel\u00e9 dny nespali, co\u017e je nut\u00ed sed\u011bt a obecn\u011b maj\u00ed pocit, jako by byli neust\u00e1le na pokraji omdlen\u00ed m\u00edsto toho, aby se v\u011bnovali fyzick\u00fdm aktivit\u00e1m. Tento pocit nedostatku sp\u00e1nku se zvy\u0161uje \u00fam\u011brn\u011b s d\u00e1vkou a nakonec se st\u00e1v\u00e1 dostate\u010dn\u011b siln\u00fdm, aby p\u0159inutil \u010dlov\u011bka k \u00fapln\u00e9mu bezv\u011bdom\u00ed.<\/li>\n<li><b><a href=\"https:\/\/psychonautwiki.org\/wiki\/Muscle_relaxation\"> Svalov\u00e1 relaxace<\/a><\/b>\u00a0\u2013 Tento \u00fa\u010dinek je zvl\u00e1\u0161t\u011b siln\u00fd ve srovn\u00e1n\u00ed s jin\u00fdmi benzodiazepiny, jako je\u00a0<a href=\"https:\/\/psychonautwiki.org\/wiki\/Alprazolam\">alprazolam<\/a>.<\/li>\n<li><b><a href=\"https:\/\/psychonautwiki.org\/wiki\/Motor_control_loss\">Ztr\u00e1ta ovl\u00e1d\u00e1n\u00ed motoru<\/a><\/b><\/li>\n<li><b><a href=\"https:\/\/psychonautwiki.org\/wiki\/Dizziness\">Z\u00e1vra\u0165<\/a><\/b><\/li>\n<li><b><a href=\"https:\/\/psychonautwiki.org\/wiki\/Increased_libido\">Zv\u00fd\u0161en\u00e9 libido<\/a><\/b><\/li>\n<li><b><a href=\"https:\/\/psychonautwiki.org\/wiki\/Respiratory_depression\">Respira\u010dn\u00ed deprese<\/a><\/b><\/li>\n<\/ul>\n<p style=\"font-weight: 400\"><b><strong>Clonazolam\u00a0<\/strong><\/b>je ve t\u0159\u00edd\u011b benzodiazepin\u016f. Benzodiazepiny obsahuj\u00ed benzenov\u00fd kruh kondenzovan\u00fd k diazepinov\u00e9mu kruhu, co\u017e je sedmi\u010dlenn\u00fd kruh, kter\u00fd m\u00e1 dv\u011b dus\u00edkov\u00e9 slo\u017eky um\u00edst\u011bn\u00e9 na R1 a R4. Benzylov\u00fd kruh klonazolamu je substituov\u00e1n na R8 nitroskupinou N02-. Diazepinov\u00fd kruh je tak\u00e9 nav\u00e1z\u00e1n na R6, na 2-chlorovan\u00fd fenylov\u00fd kruh.<\/p>\n<p style=\"font-weight: 400\"><a href=\"https:\/\/www.bestglobalmeds.com\/product\/ research-chemicals\/buy-clonazolam-powder\/\">Clonazolam<\/a> obsahuje 1-methylovan\u00fd triazolov\u00fd kruh f\u00fazovan\u00fd s a obsahuj\u00edc\u00ed R1 a R2 jeho diazepinov\u00e9ho kruhu. Klonazolam pat\u0159\u00ed do t\u0159\u00eddy benzodiazepin\u016f obsahuj\u00edc\u00edch tento kondenzovan\u00fd triazolov\u00fd kruh, naz\u00fdvan\u00fdch triazolobenzodiazepiny, kter\u00e9 se li\u0161\u00ed p\u0159\u00edponou -zolam. Mezi dal\u0161\u00ed nitrobenzodiazepiny pat\u0159\u00ed klonazepam a flunitrazepam.<\/p>\n<p style=\"font-weight: 400\">6-(2-chlorfenyl)-1-methyl-8-nitro-4H-s-triazolo- (4,3- a)-(1,4)-benzodiazepin<\/p>\n<p>Tento produkt se prod\u00e1v\u00e1 pouze pro v\u00fdzkumn\u00e9 \u00fa\u010dely a nesm\u00ed b\u00fdt pou\u017e\u00edv\u00e1n pro \u017e\u00e1dn\u00e9 jin\u00e9 \u00fa\u010dely, v\u010detn\u011b, ale bez omezen\u00ed na, in vivo diagnostick\u00e9 \u00fa\u010dely, v potravin\u00e1ch, v l\u00e9c\u00edch, v l\u00e9\u010div\u00fdch prost\u0159edc\u00edch a\/nebo kosmetice pro lidi a\/nebo zv\u00ed\u0159ata.<\/p>\n<p style=\"font-weight: 400\">P\u0159ed objedn\u00e1n\u00edm se pros\u00edm ujist\u011bte, \u017ee jste \u0159\u00e1dn\u011b vybaveni pro v\u00fdzkum chemik\u00e1li\u00ed a \u017ee je v\u00e1\u0161 pracovn\u00ed prostor dob\u0159e v\u011btran\u00fd.<\/p>\n<p style=\"font-weight: 400\">Abyste si mohli tento produkt objednat, mus\u00edte b\u00fdt star\u0161\u00ed 18 let.<\/p>\n","protected":false},"excerpt":{"rendered":"<div class=\"woocommerce-product-details__short-description\">\n<p>Nakupujte \u010dist\u00fd vysoce kvalitn\u00ed pr\u00e1\u0161ek Clonazolam Europe, UK, EU online za bitcoiny &#8211; Kupujte leg\u00e1ln\u00ed drogy online, kupujte klonazolamov\u00e9 chemik\u00e1lie, kupujte surov\u00e9 farmaceutick\u00e9 pr\u00e1\u0161ky.<\/p>\n<p>S bitcoiny si m\u016f\u017eete online koupit \u010dist\u00fd, vysoce kvalitn\u00ed klonazolamov\u00fd pr\u00e1\u0161ek. Leg\u00e1ln\u00ed l\u00e9ky, v\u00fdzkumn\u00e9 chemik\u00e1lie a farmaceutick\u00e9 surov\u00e9 pr\u00e1\u0161ky m\u016f\u017eete nakupovat po cel\u00e9m internetu.<\/p>\n<p>Kupte si Clonazolam, abyste zm\u00edrnili sv\u00e9 \u00fazkosti a z\u00e1chvaty paniky. M\u00e1 pozitivn\u00ed vliv na va\u0161i du\u0161evn\u00ed pohodu.<\/p>\n<p>Kde mohu z\u00edskat klonazolam v U.S.A.? Prodejce klonazolamu, rychl\u00e9 dod\u00e1n\u00ed, skv\u011bl\u00e1 kvalita a schopnost snadno se vyhnout celn\u00edmu \u0159\u00edzen\u00ed<\/p>\n<p>Nakupujte pr\u00e1\u0161ek klonazolamu na internetu. Klonazolam je struktur\u00e1ln\u011b identick\u00fd s klonazepamem, s v\u00fdjimkou 1,2,4-triazolov\u00e9ho kruhu kondenzovan\u00e9ho k benzenov\u00e9mu kruhu. Na co se p\u0159\u00edpravek Clonazolam pou\u017e\u00edv\u00e1 a jak pom\u00e1h\u00e1 lidem? Mezit\u00edm je Clonazolam k dispozici pouze pro v\u00fdzkumn\u00e9 \u00fa\u010dely, nikoli pro lidskou spot\u0159ebu.<\/p>\n<\/p><\/div>\n","protected":false},"featured_media":5479,"comment_status":"open","ping_status":"closed","template":"","meta":[],"product_brand":[],"product_cat":[2014],"product_tag":[2753,2754,2764,2773,2755,2756,2760,2761,2762,2763,2766,2768,2769,2771,2770,2777,2776,2775,2757,2759,2758,2749,2750,2751,2767,2752,2748,2774,2772,2765],"class_list":{"0":"post-5469","1":"product","2":"type-product","3":"status-publish","4":"has-post-thumbnail","6":"product_cat-koupit-vyzkumne-chemikalie","7":"product_tag-buy-clonazolam-powder-online","8":"product_tag-buy-pure-clonazolam-powder-online","9":"product_tag-klonazolam-cena","10":"product_tag-ist-klonazolamov-prek","11":"product_tag-clonazolam","12":"product_tag-clonazolam-buy","13":"product_tag-clonazolam-powder-eu","14":"product_tag-clonazolam-powder-in-canada","15":"product_tag-clonazolam-powder-online","16":"product_tag-clonazolam-powder-price","17":"product_tag-clonitrazolam-prek-nejlep-cena-online","18":"product_tag-eclonazolam-prek-na-prodej","19":"product_tag-how-to-consume-clonazolam-powder","20":"product_tag-how-to-order-clonazolam-powder-online","21":"product_tag-jak-zskat-ist-klonazolam-prek-online","22":"product_tag-kde-nakoupit-klonitrazolam-prek-online","23":"product_tag-kde-na-koupit-clonazolam-prek-online","24":"product_tag-kde-koupit-clonazolam-prek","25":"product_tag-klonazolam-na-prodej","26":"product_tag-klonazolam-prek-vzdlvn","27":"product_tag-klonazolam-prek","28":"product_tag-koupit-klon-keble-prek","29":"product_tag-koupit-klonazolam","30":"product_tag-koupit-klonazolam-online","31":"product_tag-krystalick-klonazolam-prek","32":"product_tag-koupit-clonazolam-prek","33":"product_tag-koupit-levn-clonazolam-prek-online","34":"product_tag-kvalitn-klonazolam-prek","35":"product_tag-objednvka-c-lam-trott-2019-prek","36":"product_tag-klonazolam-vzkum","38":"first","39":"instock","40":"shipping-taxable","41":"purchasable","42":"product-type-variable","43":"has-default-attributes"},"yoast_head":"<!-- This site is optimized with the Yoast SEO plugin v27.3 - https:\/\/yoast.com\/product\/yoast-seo-wordpress\/ -->\n<title>Koupit Clonazolam Powder - Clonazolam Powder - Nejlep\u0161\u00ed nejlep\u0161\u00ed glob\u00e1ln\u00ed l\u00e9ky<\/title>\n<meta name=\"description\" content=\"Kupte si \u010dist\u00fd vysoce kvalitn\u00ed pr\u00e1\u0161ek klonazolamu Evropa, Spojen\u00e9 kr\u00e1lovstv\u00ed, EU online s bitcoiny \u2013 nakupujte leg\u00e1ln\u00ed drogy online, kupujte chemik\u00e1lie klonazolamu, kupujte surov\u00e9 farmaceutick\u00e9 pr\u00e1\u0161ky.\" \/>\n<meta name=\"robots\" content=\"index, follow, max-snippet:-1, max-image-preview:large, max-video-preview:-1\" \/>\n<link rel=\"canonical\" href=\"https:\/\/medicinasinc.com\/cs\/product\/koupit-clonazolam-prasek\/\" \/>\n<meta property=\"og:locale\" content=\"en_US\" \/>\n<meta property=\"og:type\" content=\"article\" \/>\n<meta property=\"og:title\" content=\"Koupit Clonazolam Powder - Clonazolam Powder - Nejlep\u0161\u00ed nejlep\u0161\u00ed glob\u00e1ln\u00ed l\u00e9ky\" \/>\n<meta property=\"og:description\" content=\"Kupte si \u010dist\u00fd vysoce kvalitn\u00ed pr\u00e1\u0161ek klonazolamu Evropa, Spojen\u00e9 kr\u00e1lovstv\u00ed, EU online s bitcoiny \u2013 nakupujte leg\u00e1ln\u00ed drogy online, kupujte chemik\u00e1lie klonazolamu, kupujte surov\u00e9 farmaceutick\u00e9 pr\u00e1\u0161ky.\" \/>\n<meta property=\"og:url\" content=\"https:\/\/medicinasinc.com\/cs\/product\/koupit-clonazolam-prasek\/\" \/>\n<meta property=\"og:site_name\" content=\"Medicinas Inc\" \/>\n<meta property=\"article:modified_time\" content=\"2022-03-14T11:40:59+00:00\" \/>\n<meta property=\"og:image\" content=\"https:\/\/medicinasinc.com\/cs\/wp-content\/uploads\/sites\/2\/2022\/02\/Buy-Clonazolam-Powder.jpeg\" \/>\n\t<meta property=\"og:image:width\" content=\"566\" \/>\n\t<meta property=\"og:image:height\" content=\"600\" \/>\n\t<meta property=\"og:image:type\" content=\"image\/jpeg\" \/>\n<meta name=\"twitter:card\" content=\"summary_large_image\" \/>\n<meta name=\"twitter:label1\" content=\"Est. reading time\" \/>\n\t<meta name=\"twitter:data1\" content=\"2 minutes\" \/>\n<script type=\"application\/ld+json\" class=\"yoast-schema-graph\">{\"@context\":\"https:\\\/\\\/schema.org\",\"@graph\":[{\"@type\":\"WebPage\",\"@id\":\"https:\\\/\\\/medicinasinc.com\\\/cs\\\/product\\\/koupit-clonazolam-prasek\\\/\",\"url\":\"https:\\\/\\\/medicinasinc.com\\\/cs\\\/product\\\/koupit-clonazolam-prasek\\\/\",\"name\":\"Koupit Clonazolam Powder - Clonazolam Powder - Nejlep\u0161\u00ed nejlep\u0161\u00ed glob\u00e1ln\u00ed l\u00e9ky\",\"isPartOf\":{\"@id\":\"https:\\\/\\\/medicinasinc.com\\\/cs\\\/#website\"},\"primaryImageOfPage\":{\"@id\":\"https:\\\/\\\/medicinasinc.com\\\/cs\\\/product\\\/koupit-clonazolam-prasek\\\/#primaryimage\"},\"image\":{\"@id\":\"https:\\\/\\\/medicinasinc.com\\\/cs\\\/product\\\/koupit-clonazolam-prasek\\\/#primaryimage\"},\"thumbnailUrl\":\"https:\\\/\\\/medicinasinc.com\\\/cs\\\/wp-content\\\/uploads\\\/sites\\\/2\\\/2022\\\/02\\\/Buy-Clonazolam-Powder.jpeg\",\"datePublished\":\"2022-02-22T00:05:12+00:00\",\"dateModified\":\"2022-03-14T11:40:59+00:00\",\"description\":\"Kupte si \u010dist\u00fd vysoce kvalitn\u00ed pr\u00e1\u0161ek klonazolamu Evropa, Spojen\u00e9 kr\u00e1lovstv\u00ed, EU online s bitcoiny \u2013 nakupujte leg\u00e1ln\u00ed drogy online, kupujte chemik\u00e1lie klonazolamu, kupujte surov\u00e9 farmaceutick\u00e9 pr\u00e1\u0161ky.\",\"breadcrumb\":{\"@id\":\"https:\\\/\\\/medicinasinc.com\\\/cs\\\/product\\\/koupit-clonazolam-prasek\\\/#breadcrumb\"},\"inLanguage\":\"en-US\",\"potentialAction\":[{\"@type\":\"ReadAction\",\"target\":[\"https:\\\/\\\/medicinasinc.com\\\/cs\\\/product\\\/koupit-clonazolam-prasek\\\/\"]}]},{\"@type\":\"ImageObject\",\"inLanguage\":\"en-US\",\"@id\":\"https:\\\/\\\/medicinasinc.com\\\/cs\\\/product\\\/koupit-clonazolam-prasek\\\/#primaryimage\",\"url\":\"https:\\\/\\\/medicinasinc.com\\\/cs\\\/wp-content\\\/uploads\\\/sites\\\/2\\\/2022\\\/02\\\/Buy-Clonazolam-Powder.jpeg\",\"contentUrl\":\"https:\\\/\\\/medicinasinc.com\\\/cs\\\/wp-content\\\/uploads\\\/sites\\\/2\\\/2022\\\/02\\\/Buy-Clonazolam-Powder.jpeg\",\"width\":566,\"height\":600},{\"@type\":\"BreadcrumbList\",\"@id\":\"https:\\\/\\\/medicinasinc.com\\\/cs\\\/product\\\/koupit-clonazolam-prasek\\\/#breadcrumb\",\"itemListElement\":[{\"@type\":\"ListItem\",\"position\":1,\"name\":\"Obchod\",\"item\":\"https:\\\/\\\/medicinasinc.com\\\/cs\\\/obchod\\\/\"},{\"@type\":\"ListItem\",\"position\":2,\"name\":\"Koupit Clonazolam Powder\"}]},{\"@type\":\"WebSite\",\"@id\":\"https:\\\/\\\/medicinasinc.com\\\/cs\\\/#website\",\"url\":\"https:\\\/\\\/medicinasinc.com\\\/cs\\\/\",\"name\":\"Medicinas Inc\",\"description\":\"Health Medical Clinic\",\"potentialAction\":[{\"@type\":\"SearchAction\",\"target\":{\"@type\":\"EntryPoint\",\"urlTemplate\":\"https:\\\/\\\/medicinasinc.com\\\/cs\\\/?s={search_term_string}\"},\"query-input\":{\"@type\":\"PropertyValueSpecification\",\"valueRequired\":true,\"valueName\":\"search_term_string\"}}],\"inLanguage\":\"en-US\"}]}<\/script>\n<!-- \/ Yoast SEO plugin. -->","yoast_head_json":{"title":"Koupit Clonazolam Powder - Clonazolam Powder - Nejlep\u0161\u00ed nejlep\u0161\u00ed glob\u00e1ln\u00ed l\u00e9ky","description":"Kupte si \u010dist\u00fd vysoce kvalitn\u00ed pr\u00e1\u0161ek klonazolamu Evropa, Spojen\u00e9 kr\u00e1lovstv\u00ed, EU online s bitcoiny \u2013 nakupujte leg\u00e1ln\u00ed drogy online, kupujte chemik\u00e1lie klonazolamu, kupujte surov\u00e9 farmaceutick\u00e9 pr\u00e1\u0161ky.","robots":{"index":"index","follow":"follow","max-snippet":"max-snippet:-1","max-image-preview":"max-image-preview:large","max-video-preview":"max-video-preview:-1"},"canonical":"https:\/\/medicinasinc.com\/cs\/product\/koupit-clonazolam-prasek\/","og_locale":"en_US","og_type":"article","og_title":"Koupit Clonazolam Powder - Clonazolam Powder - Nejlep\u0161\u00ed nejlep\u0161\u00ed glob\u00e1ln\u00ed l\u00e9ky","og_description":"Kupte si \u010dist\u00fd vysoce kvalitn\u00ed pr\u00e1\u0161ek klonazolamu Evropa, Spojen\u00e9 kr\u00e1lovstv\u00ed, EU online s bitcoiny \u2013 nakupujte leg\u00e1ln\u00ed drogy online, kupujte chemik\u00e1lie klonazolamu, kupujte surov\u00e9 farmaceutick\u00e9 pr\u00e1\u0161ky.","og_url":"https:\/\/medicinasinc.com\/cs\/product\/koupit-clonazolam-prasek\/","og_site_name":"Medicinas Inc","article_modified_time":"2022-03-14T11:40:59+00:00","og_image":[{"width":566,"height":600,"url":"https:\/\/medicinasinc.com\/cs\/wp-content\/uploads\/sites\/2\/2022\/02\/Buy-Clonazolam-Powder.jpeg","type":"image\/jpeg"}],"twitter_card":"summary_large_image","twitter_misc":{"Est. reading time":"2 minutes"},"schema":{"@context":"https:\/\/schema.org","@graph":[{"@type":"WebPage","@id":"https:\/\/medicinasinc.com\/cs\/product\/koupit-clonazolam-prasek\/","url":"https:\/\/medicinasinc.com\/cs\/product\/koupit-clonazolam-prasek\/","name":"Koupit Clonazolam Powder - Clonazolam Powder - Nejlep\u0161\u00ed nejlep\u0161\u00ed glob\u00e1ln\u00ed l\u00e9ky","isPartOf":{"@id":"https:\/\/medicinasinc.com\/cs\/#website"},"primaryImageOfPage":{"@id":"https:\/\/medicinasinc.com\/cs\/product\/koupit-clonazolam-prasek\/#primaryimage"},"image":{"@id":"https:\/\/medicinasinc.com\/cs\/product\/koupit-clonazolam-prasek\/#primaryimage"},"thumbnailUrl":"https:\/\/medicinasinc.com\/cs\/wp-content\/uploads\/sites\/2\/2022\/02\/Buy-Clonazolam-Powder.jpeg","datePublished":"2022-02-22T00:05:12+00:00","dateModified":"2022-03-14T11:40:59+00:00","description":"Kupte si \u010dist\u00fd vysoce kvalitn\u00ed pr\u00e1\u0161ek klonazolamu Evropa, Spojen\u00e9 kr\u00e1lovstv\u00ed, EU online s bitcoiny \u2013 nakupujte leg\u00e1ln\u00ed drogy online, kupujte chemik\u00e1lie klonazolamu, kupujte surov\u00e9 farmaceutick\u00e9 pr\u00e1\u0161ky.","breadcrumb":{"@id":"https:\/\/medicinasinc.com\/cs\/product\/koupit-clonazolam-prasek\/#breadcrumb"},"inLanguage":"en-US","potentialAction":[{"@type":"ReadAction","target":["https:\/\/medicinasinc.com\/cs\/product\/koupit-clonazolam-prasek\/"]}]},{"@type":"ImageObject","inLanguage":"en-US","@id":"https:\/\/medicinasinc.com\/cs\/product\/koupit-clonazolam-prasek\/#primaryimage","url":"https:\/\/medicinasinc.com\/cs\/wp-content\/uploads\/sites\/2\/2022\/02\/Buy-Clonazolam-Powder.jpeg","contentUrl":"https:\/\/medicinasinc.com\/cs\/wp-content\/uploads\/sites\/2\/2022\/02\/Buy-Clonazolam-Powder.jpeg","width":566,"height":600},{"@type":"BreadcrumbList","@id":"https:\/\/medicinasinc.com\/cs\/product\/koupit-clonazolam-prasek\/#breadcrumb","itemListElement":[{"@type":"ListItem","position":1,"name":"Obchod","item":"https:\/\/medicinasinc.com\/cs\/obchod\/"},{"@type":"ListItem","position":2,"name":"Koupit Clonazolam Powder"}]},{"@type":"WebSite","@id":"https:\/\/medicinasinc.com\/cs\/#website","url":"https:\/\/medicinasinc.com\/cs\/","name":"Medicinas Inc","description":"Health Medical Clinic","potentialAction":[{"@type":"SearchAction","target":{"@type":"EntryPoint","urlTemplate":"https:\/\/medicinasinc.com\/cs\/?s={search_term_string}"},"query-input":{"@type":"PropertyValueSpecification","valueRequired":true,"valueName":"search_term_string"}}],"inLanguage":"en-US"}]}},"_links":{"self":[{"href":"https:\/\/medicinasinc.com\/cs\/wp-json\/wp\/v2\/product\/5469","targetHints":{"allow":["GET"]}}],"collection":[{"href":"https:\/\/medicinasinc.com\/cs\/wp-json\/wp\/v2\/product"}],"about":[{"href":"https:\/\/medicinasinc.com\/cs\/wp-json\/wp\/v2\/types\/product"}],"replies":[{"embeddable":true,"href":"https:\/\/medicinasinc.com\/cs\/wp-json\/wp\/v2\/comments?post=5469"}],"wp:featuredmedia":[{"embeddable":true,"href":"https:\/\/medicinasinc.com\/cs\/wp-json\/wp\/v2\/media\/5479"}],"wp:attachment":[{"href":"https:\/\/medicinasinc.com\/cs\/wp-json\/wp\/v2\/media?parent=5469"}],"wp:term":[{"taxonomy":"product_brand","embeddable":true,"href":"https:\/\/medicinasinc.com\/cs\/wp-json\/wp\/v2\/product_brand?post=5469"},{"taxonomy":"product_cat","embeddable":true,"href":"https:\/\/medicinasinc.com\/cs\/wp-json\/wp\/v2\/product_cat?post=5469"},{"taxonomy":"product_tag","embeddable":true,"href":"https:\/\/medicinasinc.com\/cs\/wp-json\/wp\/v2\/product_tag?post=5469"}],"curies":[{"name":"wp","href":"https:\/\/api.w.org\/{rel}","templated":true}]}}