{"id":5468,"date":"2022-02-22T00:04:03","date_gmt":"2022-02-22T00:04:03","guid":{"rendered":"https:\/\/medicinasinc.com\/cs\/?post_type=product&#038;p=5468"},"modified":"2022-03-14T11:41:12","modified_gmt":"2022-03-14T11:41:12","slug":"buy-4-cl-pvp-crystals","status":"publish","type":"product","link":"https:\/\/medicinasinc.com\/cs\/product\/buy-4-cl-pvp-crystals\/","title":{"rendered":"Kupte si krystaly 4-CL-PVP"},"content":{"rendered":"<p>Co p\u0159esn\u011b je 4-CL-PVP?<\/p>\n<p>Krystalick\u00fdm ekvivalentem a-PVP je 4-CL-PVP. Je to klasick\u00fd stimulant. V\u00fdzkumn\u00e1 \u0161et\u0159en\u00ed 4-CL-PVP \u010dasto produkuj\u00ed zji\u0161t\u011bn\u00ed upov\u00eddanosti, zv\u00fd\u0161en\u00e9 bd\u011blosti, zv\u00fd\u0161en\u00e9 energie a dal\u0161\u00edch stimula\u010dn\u00edch \u00fa\u010dink\u016f. 4-CL efekty PVP \u010dasto trvaj\u00ed m\u00e9n\u011b ne\u017e t\u0159i hodiny. Nav\u00edc bylo hl\u00e1\u0161eno, \u017ee l\u00e1tka vyvol\u00e1v\u00e1 m\u00edrn\u00e9 a\u017e t\u011b\u017ek\u00e9 euforick\u00e9 \u00fa\u010dinky. V\u00fdzkumn\u00edci, kte\u0159\u00ed hledaj\u00ed n\u00e1hradu za a-PVP, najdou 4-CL-PVP jako p\u0159ijatelnou n\u00e1hradu. 4-CL-PVP je inhibitor zp\u011btn\u00e9ho vychyt\u00e1v\u00e1n\u00ed norepinefrinu a dopaminu. Tato skute\u010dnost v\u00fdznamn\u011b p\u0159isp\u00edv\u00e1 ke stimula\u010dn\u00edm vlastnostem t\u00e9to chemik\u00e1lie.<\/p>\n<p>Kde mohu koupit 4-CL-PVP?<\/p>\n<p>Chemical Planet prod\u00e1v\u00e1 mimo\u0159\u00e1dn\u011b kvalitn\u00ed 4-CL-PVP. N\u00e1\u0161 4-CL-PVP se obvykle dod\u00e1v\u00e1 v krystalick\u00e9 form\u011b. Pokud nevid\u00edte formul\u00e1\u0159, kter\u00fd hled\u00e1te, kontaktujte n\u00e1s pros\u00edm, abyste zjistili, kdy bude znovu dostupn\u00fd.<\/p>\n<p>Pokud si p\u0159ejete zakoupit 4-Cl-PVP od Chemical Planet, mus\u00edte b\u00fdt na adrese nejm\u00e9n\u011b 18 let a pln\u011b v souladu se v\u0161emi m\u00edstn\u00edmi z\u00e1kony o chemick\u00fdch v\u00fdzkumech. Na\u0161e slou\u010deniny jsou ur\u010deny pouze pro v\u00fdzkumn\u00e9 pou\u017eit\u00ed a nejsou ur\u010deny ke konzumaci lidmi nebo zv\u00ed\u0159aty.<\/p>\n<p>&nbsp;<\/p>\n<p>Leg\u00e1lnost 4-CL-PVP<\/p>\n<p>V\u011bt\u0161ina zem\u011b na cel\u00e9m sv\u011bt\u011b se zdr\u017eely prohl\u00e1\u0161en\u00ed 4-CL-PVP za zak\u00e1zanou chemickou l\u00e1tku. To znamen\u00e1, \u017ee je ve v\u011bt\u0161in\u011b m\u00edst nepl\u00e1novan\u00fd. Pokud po\u017eadujete dal\u0161\u00ed informace o pr\u00e1vn\u00edm statusu 4-CL-PVP, kontaktujte pros\u00edm sv\u00e9 feder\u00e1ln\u00ed \u00fa\u0159ady.<\/p>\n<p>V\u017edy skladujte na chladn\u00e9m a such\u00e9m m\u00edst\u011b, abyste zajistili co nejdel\u0161\u00ed trvanlivost. Tento produkt je ur\u010den v\u00fdhradn\u011b pro forenzn\u00ed a v\u00fdzkumn\u00e9 \u00fa\u010dely. Jako takov\u00fd NEN\u00cd ur\u010den pro lidskou spot\u0159ebu ani pro jak\u00fdkoli typ experiment\u016f in vivo na zv\u00ed\u0159atech nebo jin\u00fdch \u017eiv\u00fdch bytostech.<\/p>\n","protected":false},"excerpt":{"rendered":"<p>Krystaly 4-CL-PVP na prodej ve Spojen\u00e9m kr\u00e1lovstv\u00ed, Evrop\u011b a Evropsk\u00e9 unii. Kupte si krystaly 4-CL-PVP online za nejlep\u0161\u00ed cenu s dopravou zdarma po cel\u00e9m sv\u011bt\u011b.<\/p>\n<p>K prodeji jsou krystaly 4-CL-PVP.<\/p>\n<p>Kupte si krystaly 4-CL-PVP online za nejlep\u0161\u00ed cenu, s dopravou zdarma po cel\u00e9m sv\u011bt\u011b.<\/p>\n<p>Nakupte 4-CL-PVP krystaly se slevou online.<\/p>\n<p>4-CL-PVP Crystal je nov\u00fd stimulant a prot\u011bj\u0161ek \u0161iroce popul\u00e1rn\u00edho a-PVP.<\/p>\n","protected":false},"featured_media":5477,"comment_status":"open","ping_status":"closed","template":"","meta":[],"product_brand":[],"product_cat":[2014],"product_tag":[2739,2740,2741,2743,2744,2745,2747,2746,2742,2738],"class_list":{"0":"post-5468","1":"product","2":"type-product","3":"status-publish","4":"has-post-thumbnail","6":"product_cat-koupit-vyzkumne-chemikalie","7":"product_tag-4-cl-pvp-efekt","8":"product_tag-4-cl-pvp-europe","9":"product_tag-4-cl-pvp-for-sale","10":"product_tag-4-cl-pvp-reddit","11":"product_tag-buy-4-cl-pvp","12":"product_tag-buy-4-cl-pvp-crystal-online","13":"product_tag-kde-na-koupit-4-cl-pvp-krystaly-online","14":"product_tag-buy-4-cl-pvp-crystals-online","15":"product_tag-4-cl-pvp-objednvka","16":"product_tag-4-cl-pvp-krystaly-na-prodej","18":"first","19":"instock","20":"shipping-taxable","21":"purchasable","22":"product-type-variable","23":"has-default-attributes"},"yoast_head":"<!-- This site is optimized with the Yoast SEO plugin v27.3 - https:\/\/yoast.com\/product\/yoast-seo-wordpress\/ -->\n<title>Koupit krystaly 4-CL-PVP - Krystaly 4-CL-PVP - Nejlep\u0161\u00ed glob\u00e1ln\u00ed l\u00e9ky<\/title>\n<meta name=\"description\" content=\"Koupit krystaly 4-CL-PVP na prodej ve Spojen\u00e9m kr\u00e1lovstv\u00ed, Evrop\u011b, EU. Kupte si krystaly 4-CL-PVP online, doprava zdarma po cel\u00e9m sv\u011bt\u011b nejvy\u0161\u0161\u00ed kvality, v\u016fbec nejlevn\u011bj\u0161\u00ed, nejlep\u0161\u00ed cena na objedn\u00e1vku.\" \/>\n<meta name=\"robots\" content=\"index, follow, max-snippet:-1, max-image-preview:large, max-video-preview:-1\" \/>\n<link rel=\"canonical\" href=\"https:\/\/medicinasinc.com\/cs\/product\/buy-4-cl-pvp-crystals\/\" \/>\n<meta property=\"og:locale\" content=\"en_US\" \/>\n<meta property=\"og:type\" content=\"article\" \/>\n<meta property=\"og:title\" content=\"Koupit krystaly 4-CL-PVP - Krystaly 4-CL-PVP - Nejlep\u0161\u00ed glob\u00e1ln\u00ed l\u00e9ky\" \/>\n<meta property=\"og:description\" content=\"Koupit krystaly 4-CL-PVP na prodej ve Spojen\u00e9m kr\u00e1lovstv\u00ed, Evrop\u011b, EU. Kupte si krystaly 4-CL-PVP online, doprava zdarma po cel\u00e9m sv\u011bt\u011b nejvy\u0161\u0161\u00ed kvality, v\u016fbec nejlevn\u011bj\u0161\u00ed, nejlep\u0161\u00ed cena na objedn\u00e1vku.\" \/>\n<meta property=\"og:url\" content=\"https:\/\/medicinasinc.com\/cs\/product\/buy-4-cl-pvp-crystals\/\" \/>\n<meta property=\"og:site_name\" content=\"Medicinas Inc\" \/>\n<meta property=\"article:modified_time\" content=\"2022-03-14T11:41:12+00:00\" \/>\n<meta property=\"og:image\" content=\"https:\/\/medicinasinc.com\/cs\/wp-content\/uploads\/sites\/2\/2022\/02\/Buy-4-CL-PVP-Crystals.jpg\" \/>\n\t<meta property=\"og:image:width\" content=\"275\" \/>\n\t<meta property=\"og:image:height\" content=\"183\" \/>\n\t<meta property=\"og:image:type\" content=\"image\/jpeg\" \/>\n<meta name=\"twitter:card\" content=\"summary_large_image\" \/>\n<meta name=\"twitter:label1\" content=\"Est. reading time\" \/>\n\t<meta name=\"twitter:data1\" content=\"2 minutes\" \/>\n<script type=\"application\/ld+json\" class=\"yoast-schema-graph\">{\"@context\":\"https:\\\/\\\/schema.org\",\"@graph\":[{\"@type\":\"WebPage\",\"@id\":\"https:\\\/\\\/medicinasinc.com\\\/cs\\\/product\\\/buy-4-cl-pvp-crystals\\\/\",\"url\":\"https:\\\/\\\/medicinasinc.com\\\/cs\\\/product\\\/buy-4-cl-pvp-crystals\\\/\",\"name\":\"Koupit krystaly 4-CL-PVP - Krystaly 4-CL-PVP - Nejlep\u0161\u00ed glob\u00e1ln\u00ed l\u00e9ky\",\"isPartOf\":{\"@id\":\"https:\\\/\\\/medicinasinc.com\\\/cs\\\/#website\"},\"primaryImageOfPage\":{\"@id\":\"https:\\\/\\\/medicinasinc.com\\\/cs\\\/product\\\/buy-4-cl-pvp-crystals\\\/#primaryimage\"},\"image\":{\"@id\":\"https:\\\/\\\/medicinasinc.com\\\/cs\\\/product\\\/buy-4-cl-pvp-crystals\\\/#primaryimage\"},\"thumbnailUrl\":\"https:\\\/\\\/medicinasinc.com\\\/cs\\\/wp-content\\\/uploads\\\/sites\\\/2\\\/2022\\\/02\\\/Buy-4-CL-PVP-Crystals.jpg\",\"datePublished\":\"2022-02-22T00:04:03+00:00\",\"dateModified\":\"2022-03-14T11:41:12+00:00\",\"description\":\"Koupit krystaly 4-CL-PVP na prodej ve Spojen\u00e9m kr\u00e1lovstv\u00ed, Evrop\u011b, EU. Kupte si krystaly 4-CL-PVP online, doprava zdarma po cel\u00e9m sv\u011bt\u011b nejvy\u0161\u0161\u00ed kvality, v\u016fbec nejlevn\u011bj\u0161\u00ed, nejlep\u0161\u00ed cena na objedn\u00e1vku.\",\"breadcrumb\":{\"@id\":\"https:\\\/\\\/medicinasinc.com\\\/cs\\\/product\\\/buy-4-cl-pvp-crystals\\\/#breadcrumb\"},\"inLanguage\":\"en-US\",\"potentialAction\":[{\"@type\":\"ReadAction\",\"target\":[\"https:\\\/\\\/medicinasinc.com\\\/cs\\\/product\\\/buy-4-cl-pvp-crystals\\\/\"]}]},{\"@type\":\"ImageObject\",\"inLanguage\":\"en-US\",\"@id\":\"https:\\\/\\\/medicinasinc.com\\\/cs\\\/product\\\/buy-4-cl-pvp-crystals\\\/#primaryimage\",\"url\":\"https:\\\/\\\/medicinasinc.com\\\/cs\\\/wp-content\\\/uploads\\\/sites\\\/2\\\/2022\\\/02\\\/Buy-4-CL-PVP-Crystals.jpg\",\"contentUrl\":\"https:\\\/\\\/medicinasinc.com\\\/cs\\\/wp-content\\\/uploads\\\/sites\\\/2\\\/2022\\\/02\\\/Buy-4-CL-PVP-Crystals.jpg\",\"width\":275,\"height\":183},{\"@type\":\"BreadcrumbList\",\"@id\":\"https:\\\/\\\/medicinasinc.com\\\/cs\\\/product\\\/buy-4-cl-pvp-crystals\\\/#breadcrumb\",\"itemListElement\":[{\"@type\":\"ListItem\",\"position\":1,\"name\":\"Obchod\",\"item\":\"https:\\\/\\\/medicinasinc.com\\\/cs\\\/obchod\\\/\"},{\"@type\":\"ListItem\",\"position\":2,\"name\":\"Kupte si krystaly 4-CL-PVP\"}]},{\"@type\":\"WebSite\",\"@id\":\"https:\\\/\\\/medicinasinc.com\\\/cs\\\/#website\",\"url\":\"https:\\\/\\\/medicinasinc.com\\\/cs\\\/\",\"name\":\"Medicinas Inc\",\"description\":\"Health Medical Clinic\",\"potentialAction\":[{\"@type\":\"SearchAction\",\"target\":{\"@type\":\"EntryPoint\",\"urlTemplate\":\"https:\\\/\\\/medicinasinc.com\\\/cs\\\/?s={search_term_string}\"},\"query-input\":{\"@type\":\"PropertyValueSpecification\",\"valueRequired\":true,\"valueName\":\"search_term_string\"}}],\"inLanguage\":\"en-US\"}]}<\/script>\n<!-- \/ Yoast SEO plugin. -->","yoast_head_json":{"title":"Koupit krystaly 4-CL-PVP - Krystaly 4-CL-PVP - Nejlep\u0161\u00ed glob\u00e1ln\u00ed l\u00e9ky","description":"Koupit krystaly 4-CL-PVP na prodej ve Spojen\u00e9m kr\u00e1lovstv\u00ed, Evrop\u011b, EU. Kupte si krystaly 4-CL-PVP online, doprava zdarma po cel\u00e9m sv\u011bt\u011b nejvy\u0161\u0161\u00ed kvality, v\u016fbec nejlevn\u011bj\u0161\u00ed, nejlep\u0161\u00ed cena na objedn\u00e1vku.","robots":{"index":"index","follow":"follow","max-snippet":"max-snippet:-1","max-image-preview":"max-image-preview:large","max-video-preview":"max-video-preview:-1"},"canonical":"https:\/\/medicinasinc.com\/cs\/product\/buy-4-cl-pvp-crystals\/","og_locale":"en_US","og_type":"article","og_title":"Koupit krystaly 4-CL-PVP - Krystaly 4-CL-PVP - Nejlep\u0161\u00ed glob\u00e1ln\u00ed l\u00e9ky","og_description":"Koupit krystaly 4-CL-PVP na prodej ve Spojen\u00e9m kr\u00e1lovstv\u00ed, Evrop\u011b, EU. Kupte si krystaly 4-CL-PVP online, doprava zdarma po cel\u00e9m sv\u011bt\u011b nejvy\u0161\u0161\u00ed kvality, v\u016fbec nejlevn\u011bj\u0161\u00ed, nejlep\u0161\u00ed cena na objedn\u00e1vku.","og_url":"https:\/\/medicinasinc.com\/cs\/product\/buy-4-cl-pvp-crystals\/","og_site_name":"Medicinas Inc","article_modified_time":"2022-03-14T11:41:12+00:00","og_image":[{"width":275,"height":183,"url":"https:\/\/medicinasinc.com\/cs\/wp-content\/uploads\/sites\/2\/2022\/02\/Buy-4-CL-PVP-Crystals.jpg","type":"image\/jpeg"}],"twitter_card":"summary_large_image","twitter_misc":{"Est. reading time":"2 minutes"},"schema":{"@context":"https:\/\/schema.org","@graph":[{"@type":"WebPage","@id":"https:\/\/medicinasinc.com\/cs\/product\/buy-4-cl-pvp-crystals\/","url":"https:\/\/medicinasinc.com\/cs\/product\/buy-4-cl-pvp-crystals\/","name":"Koupit krystaly 4-CL-PVP - Krystaly 4-CL-PVP - Nejlep\u0161\u00ed glob\u00e1ln\u00ed l\u00e9ky","isPartOf":{"@id":"https:\/\/medicinasinc.com\/cs\/#website"},"primaryImageOfPage":{"@id":"https:\/\/medicinasinc.com\/cs\/product\/buy-4-cl-pvp-crystals\/#primaryimage"},"image":{"@id":"https:\/\/medicinasinc.com\/cs\/product\/buy-4-cl-pvp-crystals\/#primaryimage"},"thumbnailUrl":"https:\/\/medicinasinc.com\/cs\/wp-content\/uploads\/sites\/2\/2022\/02\/Buy-4-CL-PVP-Crystals.jpg","datePublished":"2022-02-22T00:04:03+00:00","dateModified":"2022-03-14T11:41:12+00:00","description":"Koupit krystaly 4-CL-PVP na prodej ve Spojen\u00e9m kr\u00e1lovstv\u00ed, Evrop\u011b, EU. Kupte si krystaly 4-CL-PVP online, doprava zdarma po cel\u00e9m sv\u011bt\u011b nejvy\u0161\u0161\u00ed kvality, v\u016fbec nejlevn\u011bj\u0161\u00ed, nejlep\u0161\u00ed cena na objedn\u00e1vku.","breadcrumb":{"@id":"https:\/\/medicinasinc.com\/cs\/product\/buy-4-cl-pvp-crystals\/#breadcrumb"},"inLanguage":"en-US","potentialAction":[{"@type":"ReadAction","target":["https:\/\/medicinasinc.com\/cs\/product\/buy-4-cl-pvp-crystals\/"]}]},{"@type":"ImageObject","inLanguage":"en-US","@id":"https:\/\/medicinasinc.com\/cs\/product\/buy-4-cl-pvp-crystals\/#primaryimage","url":"https:\/\/medicinasinc.com\/cs\/wp-content\/uploads\/sites\/2\/2022\/02\/Buy-4-CL-PVP-Crystals.jpg","contentUrl":"https:\/\/medicinasinc.com\/cs\/wp-content\/uploads\/sites\/2\/2022\/02\/Buy-4-CL-PVP-Crystals.jpg","width":275,"height":183},{"@type":"BreadcrumbList","@id":"https:\/\/medicinasinc.com\/cs\/product\/buy-4-cl-pvp-crystals\/#breadcrumb","itemListElement":[{"@type":"ListItem","position":1,"name":"Obchod","item":"https:\/\/medicinasinc.com\/cs\/obchod\/"},{"@type":"ListItem","position":2,"name":"Kupte si krystaly 4-CL-PVP"}]},{"@type":"WebSite","@id":"https:\/\/medicinasinc.com\/cs\/#website","url":"https:\/\/medicinasinc.com\/cs\/","name":"Medicinas Inc","description":"Health Medical Clinic","potentialAction":[{"@type":"SearchAction","target":{"@type":"EntryPoint","urlTemplate":"https:\/\/medicinasinc.com\/cs\/?s={search_term_string}"},"query-input":{"@type":"PropertyValueSpecification","valueRequired":true,"valueName":"search_term_string"}}],"inLanguage":"en-US"}]}},"_links":{"self":[{"href":"https:\/\/medicinasinc.com\/cs\/wp-json\/wp\/v2\/product\/5468","targetHints":{"allow":["GET"]}}],"collection":[{"href":"https:\/\/medicinasinc.com\/cs\/wp-json\/wp\/v2\/product"}],"about":[{"href":"https:\/\/medicinasinc.com\/cs\/wp-json\/wp\/v2\/types\/product"}],"replies":[{"embeddable":true,"href":"https:\/\/medicinasinc.com\/cs\/wp-json\/wp\/v2\/comments?post=5468"}],"wp:featuredmedia":[{"embeddable":true,"href":"https:\/\/medicinasinc.com\/cs\/wp-json\/wp\/v2\/media\/5477"}],"wp:attachment":[{"href":"https:\/\/medicinasinc.com\/cs\/wp-json\/wp\/v2\/media?parent=5468"}],"wp:term":[{"taxonomy":"product_brand","embeddable":true,"href":"https:\/\/medicinasinc.com\/cs\/wp-json\/wp\/v2\/product_brand?post=5468"},{"taxonomy":"product_cat","embeddable":true,"href":"https:\/\/medicinasinc.com\/cs\/wp-json\/wp\/v2\/product_cat?post=5468"},{"taxonomy":"product_tag","embeddable":true,"href":"https:\/\/medicinasinc.com\/cs\/wp-json\/wp\/v2\/product_tag?post=5468"}],"curies":[{"name":"wp","href":"https:\/\/api.w.org\/{rel}","templated":true}]}}