{"id":5443,"date":"2022-02-21T23:37:16","date_gmt":"2022-02-21T23:37:16","guid":{"rendered":"https:\/\/medicinasinc.com\/cs\/?post_type=product&#038;p=5443"},"modified":"2022-03-14T11:41:22","modified_gmt":"2022-03-14T11:41:22","slug":"koupit-bufedron-prasek","status":"publish","type":"product","link":"https:\/\/medicinasinc.com\/cs\/product\/koupit-bufedron-prasek\/","title":{"rendered":"Koupit pr\u00e1\u0161ek Buphedrone"},"content":{"rendered":"<p>Kupte si bufedronov\u00fd pr\u00e1\u0161ek<\/p>\n<p>Prohl\u00e9dn\u011bte si n\u00e1\u0161 online katalog Koupit bufedronov\u00fd pr\u00e1\u0161ek nebo krystal. Nab\u00edz\u00edme vysoce kvalitn\u00ed produkty za rozumn\u00e9 ceny. Objedn\u00e1vky s &#8220;mezisou\u010det&#8221; alespo\u0148 10 g obdr\u017e\u00ed 25% slevu.<\/p>\n<p>Co p\u0159esn\u011b je Buphedrone?<br \/> Tato zn\u00e1m\u00e1 v\u00fdzkumn\u00e1 chemick\u00e1 l\u00e1tka je stimulantem chemick\u00fdch t\u0159\u00edd fenetylaminu a katinonu. Bufedron je beta-keton, kter\u00fd je p\u0159\u00edbuzn\u00fd p\u0159irozen\u011b se vyskytuj\u00edc\u00edm slou\u010denin\u00e1m kathinonu a katinu. Je tak\u00e9 zn\u00e1m\u00fd jako -methylamino-butyrofenon nebo fenylacetoethyl-methylamin.<\/p>\n<p>Bufedronov\u00fd pr\u00e1\u0161ek\/Koupit bufedronov\u00fd pr\u00e1\u0161ek<\/p>\n<p>Pr\u00e1\u0161kov\u00fd bufedron<\/p>\n<p>Tak\u00e9 souvis\u00ed s metamfetaminem, s -ketonov\u00fdm substituentem (na uhl\u00edku beta) a ethylovou skupinou nahrazuj\u00edc\u00ed methylovou skupinu na uhl\u00edku alfa aminu. Jeho \u00fa\u010dinky na testovan\u00e9 subjekty byly srovn\u00e1v\u00e1ny s \u00fa\u010dinky metamfetaminu, p\u0159i\u010dem\u017e ve studi\u00edch byla pozorov\u00e1na v\u011bt\u0161\u00ed euforie a men\u0161\u00ed fyzick\u00e1 stimulace. Zvy\u0161uje uvol\u0148ov\u00e1n\u00ed dopaminu z dopaminergn\u00edch nervov\u00fdch zakon\u010den\u00ed v mozku.<\/p>\n<p>Pr\u00e1\u0161kov\u00fd bufedron<\/p>\n<p>Katinonov\u00e9 n\u00e1hra\u017eky, jako ethcathinon, jsou psychoaktivn\u00ed slou\u010deniny, kter\u00e9 se b\u011b\u017en\u011b pou\u017e\u00edvaj\u00ed jako rekrea\u010dn\u00ed drogy.<\/p>\n<p>N\u011bkter\u00e9 z nich maj\u00ed \u00fa\u010dinky podobn\u00e9 amfetaminu.<\/p>\n<p>3 Bufedron (hydrochlorid) je substituovan\u00fd katinon s ethylovou skupinou v poloze alfa a methylovou skupinou na N-konci. Tato slou\u010denina byla nalezena v produktech souvisej\u00edc\u00edch se stimulanty. 2 Jeho biologick\u00e9 a toxikologick\u00e9 vlastnosti mus\u00ed b\u00fdt je\u0161t\u011b stanoveny. Tento produkt je ur\u010den pro forenzn\u00ed pou\u017eit\u00ed.<\/p>\n","protected":false},"excerpt":{"rendered":"<div class=\"woocommerce-product-details__short-description\">\n<p><em>Nakupte<\/em>\u00a0\u010dist\u00fd vysoce kvalitn\u00ed\u00a0<em>Buphedrone Powder<\/em>\u00a0online s bitcoiny &#8211; <em>Nakupujte<\/em>\u00a0leg\u00e1ln\u00ed drogy online,\u00a0<em>kupujte<\/em>\u00a0chemik\u00e1lie pro v\u00fdzkum,\u00a0<em>kupujte<\/em>\u00a0surov\u00e9 farmaceutick\u00e9\u00a0<em>pr\u00e1\u0161ky<\/em>.<\/p>\n<p>Koupit Bufedronov\u00fd pr\u00e1\u0161ek v USA Hromadn\u00fd n\u00e1kup Bufedron, tak\u00e9 zn\u00e1m\u00fd jako MABP, je stimulant chemick\u00e9 t\u0159\u00eddy fenetylaminu a katinonu.<\/p>\n<p>Kupte si bufedronov\u00fd pr\u00e1\u0161ek online.<\/p>\n<p>Bufedron, tak\u00e9 zn\u00e1m\u00fd jako -methylamino -butyrofenon (MABP), je fenetylaminov\u00fd a katinonov\u00fd stimulant, kter\u00fd byl poprv\u00e9 syntetizov\u00e1n v roce 1928.<\/p>\n<\/p><\/div>\n","protected":false},"featured_media":5455,"comment_status":"open","ping_status":"closed","template":"","meta":[],"product_brand":[],"product_cat":[2014],"product_tag":[2726,2728,2729,2730,2732,2733,2731,2734,2727,2737,2736,2735],"class_list":{"0":"post-5443","1":"product","2":"type-product","3":"status-publish","4":"has-post-thumbnail","6":"product_cat-koupit-vyzkumne-chemikalie","7":"product_tag-bufedronov-prek","8":"product_tag-bufedron-prek-evropa","9":"product_tag-bufedron-prek-na-prodej","10":"product_tag-bufedron-prek-nmecko","11":"product_tag-buphedrone-powder-reddit","12":"product_tag-buphedrone-powder-uk","13":"product_tag-buphedrone-powder-italy","14":"product_tag-buy-buphedrone-powder","15":"product_tag-bufedron-pr-c3-a1-c5-a1kov-c3-bd-efekt","16":"product_tag-kde-koupit-bufedron-prek","17":"product_tag-kvalitn-bufedron-prek","18":"product_tag-d-bufedron-prek","20":"first","21":"instock","22":"shipping-taxable","23":"purchasable","24":"product-type-variable"},"yoast_head":"<!-- This site is optimized with the Yoast SEO plugin v27.3 - https:\/\/yoast.com\/product\/yoast-seo-wordpress\/ -->\n<title>Koupit Buphedronov\u00fd pr\u00e1\u0161ek - Buphedronov\u00fd pr\u00e1\u0161ek - Nejlep\u0161\u00ed glob\u00e1ln\u00ed l\u00e9ky<\/title>\n<meta name=\"description\" content=\"Koupit bufedronov\u00fd pr\u00e1\u0161ek na prodej ve Spojen\u00e9m kr\u00e1lovstv\u00ed, EU, Evrop\u011b (\u03b1-methylamino-butyrofenon nebo MABP) krystal a pr\u00e1\u0161ek s 99,9% \u010distotou online se zabezpe\u010den\u00fdm .\" \/>\n<meta name=\"robots\" content=\"index, follow, max-snippet:-1, max-image-preview:large, max-video-preview:-1\" \/>\n<link rel=\"canonical\" href=\"https:\/\/medicinasinc.com\/cs\/product\/koupit-bufedron-prasek\/\" \/>\n<meta property=\"og:locale\" content=\"en_US\" \/>\n<meta property=\"og:type\" content=\"article\" \/>\n<meta property=\"og:title\" content=\"Koupit Buphedronov\u00fd pr\u00e1\u0161ek - Buphedronov\u00fd pr\u00e1\u0161ek - Nejlep\u0161\u00ed glob\u00e1ln\u00ed l\u00e9ky\" \/>\n<meta property=\"og:description\" content=\"Koupit bufedronov\u00fd pr\u00e1\u0161ek na prodej ve Spojen\u00e9m kr\u00e1lovstv\u00ed, EU, Evrop\u011b (\u03b1-methylamino-butyrofenon nebo MABP) krystal a pr\u00e1\u0161ek s 99,9% \u010distotou online se zabezpe\u010den\u00fdm .\" \/>\n<meta property=\"og:url\" content=\"https:\/\/medicinasinc.com\/cs\/product\/koupit-bufedron-prasek\/\" \/>\n<meta property=\"og:site_name\" content=\"Medicinas Inc\" \/>\n<meta property=\"article:modified_time\" content=\"2022-03-14T11:41:22+00:00\" \/>\n<meta property=\"og:image\" content=\"https:\/\/medicinasinc.com\/cs\/wp-content\/uploads\/sites\/2\/2022\/02\/Buy-Buphedrone-powder.png\" \/>\n\t<meta property=\"og:image:width\" content=\"600\" \/>\n\t<meta property=\"og:image:height\" content=\"400\" \/>\n\t<meta property=\"og:image:type\" content=\"image\/png\" \/>\n<meta name=\"twitter:card\" content=\"summary_large_image\" \/>\n<meta name=\"twitter:label1\" content=\"Est. reading time\" \/>\n\t<meta name=\"twitter:data1\" content=\"1 minute\" \/>\n<script type=\"application\/ld+json\" class=\"yoast-schema-graph\">{\"@context\":\"https:\\\/\\\/schema.org\",\"@graph\":[{\"@type\":\"WebPage\",\"@id\":\"https:\\\/\\\/medicinasinc.com\\\/cs\\\/product\\\/koupit-bufedron-prasek\\\/\",\"url\":\"https:\\\/\\\/medicinasinc.com\\\/cs\\\/product\\\/koupit-bufedron-prasek\\\/\",\"name\":\"Koupit Buphedronov\u00fd pr\u00e1\u0161ek - Buphedronov\u00fd pr\u00e1\u0161ek - Nejlep\u0161\u00ed glob\u00e1ln\u00ed l\u00e9ky\",\"isPartOf\":{\"@id\":\"https:\\\/\\\/medicinasinc.com\\\/cs\\\/#website\"},\"primaryImageOfPage\":{\"@id\":\"https:\\\/\\\/medicinasinc.com\\\/cs\\\/product\\\/koupit-bufedron-prasek\\\/#primaryimage\"},\"image\":{\"@id\":\"https:\\\/\\\/medicinasinc.com\\\/cs\\\/product\\\/koupit-bufedron-prasek\\\/#primaryimage\"},\"thumbnailUrl\":\"https:\\\/\\\/medicinasinc.com\\\/cs\\\/wp-content\\\/uploads\\\/sites\\\/2\\\/2022\\\/02\\\/Buy-Buphedrone-powder.png\",\"datePublished\":\"2022-02-21T23:37:16+00:00\",\"dateModified\":\"2022-03-14T11:41:22+00:00\",\"description\":\"Koupit bufedronov\u00fd pr\u00e1\u0161ek na prodej ve Spojen\u00e9m kr\u00e1lovstv\u00ed, EU, Evrop\u011b (\u03b1-methylamino-butyrofenon nebo MABP) krystal a pr\u00e1\u0161ek s 99,9% \u010distotou online se zabezpe\u010den\u00fdm .\",\"breadcrumb\":{\"@id\":\"https:\\\/\\\/medicinasinc.com\\\/cs\\\/product\\\/koupit-bufedron-prasek\\\/#breadcrumb\"},\"inLanguage\":\"en-US\",\"potentialAction\":[{\"@type\":\"ReadAction\",\"target\":[\"https:\\\/\\\/medicinasinc.com\\\/cs\\\/product\\\/koupit-bufedron-prasek\\\/\"]}]},{\"@type\":\"ImageObject\",\"inLanguage\":\"en-US\",\"@id\":\"https:\\\/\\\/medicinasinc.com\\\/cs\\\/product\\\/koupit-bufedron-prasek\\\/#primaryimage\",\"url\":\"https:\\\/\\\/medicinasinc.com\\\/cs\\\/wp-content\\\/uploads\\\/sites\\\/2\\\/2022\\\/02\\\/Buy-Buphedrone-powder.png\",\"contentUrl\":\"https:\\\/\\\/medicinasinc.com\\\/cs\\\/wp-content\\\/uploads\\\/sites\\\/2\\\/2022\\\/02\\\/Buy-Buphedrone-powder.png\",\"width\":600,\"height\":400},{\"@type\":\"BreadcrumbList\",\"@id\":\"https:\\\/\\\/medicinasinc.com\\\/cs\\\/product\\\/koupit-bufedron-prasek\\\/#breadcrumb\",\"itemListElement\":[{\"@type\":\"ListItem\",\"position\":1,\"name\":\"Obchod\",\"item\":\"https:\\\/\\\/medicinasinc.com\\\/cs\\\/obchod\\\/\"},{\"@type\":\"ListItem\",\"position\":2,\"name\":\"Koupit pr\u00e1\u0161ek Buphedrone\"}]},{\"@type\":\"WebSite\",\"@id\":\"https:\\\/\\\/medicinasinc.com\\\/cs\\\/#website\",\"url\":\"https:\\\/\\\/medicinasinc.com\\\/cs\\\/\",\"name\":\"Medicinas Inc\",\"description\":\"Health Medical Clinic\",\"potentialAction\":[{\"@type\":\"SearchAction\",\"target\":{\"@type\":\"EntryPoint\",\"urlTemplate\":\"https:\\\/\\\/medicinasinc.com\\\/cs\\\/?s={search_term_string}\"},\"query-input\":{\"@type\":\"PropertyValueSpecification\",\"valueRequired\":true,\"valueName\":\"search_term_string\"}}],\"inLanguage\":\"en-US\"}]}<\/script>\n<!-- \/ Yoast SEO plugin. -->","yoast_head_json":{"title":"Koupit Buphedronov\u00fd pr\u00e1\u0161ek - Buphedronov\u00fd pr\u00e1\u0161ek - Nejlep\u0161\u00ed glob\u00e1ln\u00ed l\u00e9ky","description":"Koupit bufedronov\u00fd pr\u00e1\u0161ek na prodej ve Spojen\u00e9m kr\u00e1lovstv\u00ed, EU, Evrop\u011b (\u03b1-methylamino-butyrofenon nebo MABP) krystal a pr\u00e1\u0161ek s 99,9% \u010distotou online se zabezpe\u010den\u00fdm .","robots":{"index":"index","follow":"follow","max-snippet":"max-snippet:-1","max-image-preview":"max-image-preview:large","max-video-preview":"max-video-preview:-1"},"canonical":"https:\/\/medicinasinc.com\/cs\/product\/koupit-bufedron-prasek\/","og_locale":"en_US","og_type":"article","og_title":"Koupit Buphedronov\u00fd pr\u00e1\u0161ek - Buphedronov\u00fd pr\u00e1\u0161ek - Nejlep\u0161\u00ed glob\u00e1ln\u00ed l\u00e9ky","og_description":"Koupit bufedronov\u00fd pr\u00e1\u0161ek na prodej ve Spojen\u00e9m kr\u00e1lovstv\u00ed, EU, Evrop\u011b (\u03b1-methylamino-butyrofenon nebo MABP) krystal a pr\u00e1\u0161ek s 99,9% \u010distotou online se zabezpe\u010den\u00fdm .","og_url":"https:\/\/medicinasinc.com\/cs\/product\/koupit-bufedron-prasek\/","og_site_name":"Medicinas Inc","article_modified_time":"2022-03-14T11:41:22+00:00","og_image":[{"width":600,"height":400,"url":"https:\/\/medicinasinc.com\/cs\/wp-content\/uploads\/sites\/2\/2022\/02\/Buy-Buphedrone-powder.png","type":"image\/png"}],"twitter_card":"summary_large_image","twitter_misc":{"Est. reading time":"1 minute"},"schema":{"@context":"https:\/\/schema.org","@graph":[{"@type":"WebPage","@id":"https:\/\/medicinasinc.com\/cs\/product\/koupit-bufedron-prasek\/","url":"https:\/\/medicinasinc.com\/cs\/product\/koupit-bufedron-prasek\/","name":"Koupit Buphedronov\u00fd pr\u00e1\u0161ek - Buphedronov\u00fd pr\u00e1\u0161ek - Nejlep\u0161\u00ed glob\u00e1ln\u00ed l\u00e9ky","isPartOf":{"@id":"https:\/\/medicinasinc.com\/cs\/#website"},"primaryImageOfPage":{"@id":"https:\/\/medicinasinc.com\/cs\/product\/koupit-bufedron-prasek\/#primaryimage"},"image":{"@id":"https:\/\/medicinasinc.com\/cs\/product\/koupit-bufedron-prasek\/#primaryimage"},"thumbnailUrl":"https:\/\/medicinasinc.com\/cs\/wp-content\/uploads\/sites\/2\/2022\/02\/Buy-Buphedrone-powder.png","datePublished":"2022-02-21T23:37:16+00:00","dateModified":"2022-03-14T11:41:22+00:00","description":"Koupit bufedronov\u00fd pr\u00e1\u0161ek na prodej ve Spojen\u00e9m kr\u00e1lovstv\u00ed, EU, Evrop\u011b (\u03b1-methylamino-butyrofenon nebo MABP) krystal a pr\u00e1\u0161ek s 99,9% \u010distotou online se zabezpe\u010den\u00fdm .","breadcrumb":{"@id":"https:\/\/medicinasinc.com\/cs\/product\/koupit-bufedron-prasek\/#breadcrumb"},"inLanguage":"en-US","potentialAction":[{"@type":"ReadAction","target":["https:\/\/medicinasinc.com\/cs\/product\/koupit-bufedron-prasek\/"]}]},{"@type":"ImageObject","inLanguage":"en-US","@id":"https:\/\/medicinasinc.com\/cs\/product\/koupit-bufedron-prasek\/#primaryimage","url":"https:\/\/medicinasinc.com\/cs\/wp-content\/uploads\/sites\/2\/2022\/02\/Buy-Buphedrone-powder.png","contentUrl":"https:\/\/medicinasinc.com\/cs\/wp-content\/uploads\/sites\/2\/2022\/02\/Buy-Buphedrone-powder.png","width":600,"height":400},{"@type":"BreadcrumbList","@id":"https:\/\/medicinasinc.com\/cs\/product\/koupit-bufedron-prasek\/#breadcrumb","itemListElement":[{"@type":"ListItem","position":1,"name":"Obchod","item":"https:\/\/medicinasinc.com\/cs\/obchod\/"},{"@type":"ListItem","position":2,"name":"Koupit pr\u00e1\u0161ek Buphedrone"}]},{"@type":"WebSite","@id":"https:\/\/medicinasinc.com\/cs\/#website","url":"https:\/\/medicinasinc.com\/cs\/","name":"Medicinas Inc","description":"Health Medical Clinic","potentialAction":[{"@type":"SearchAction","target":{"@type":"EntryPoint","urlTemplate":"https:\/\/medicinasinc.com\/cs\/?s={search_term_string}"},"query-input":{"@type":"PropertyValueSpecification","valueRequired":true,"valueName":"search_term_string"}}],"inLanguage":"en-US"}]}},"_links":{"self":[{"href":"https:\/\/medicinasinc.com\/cs\/wp-json\/wp\/v2\/product\/5443","targetHints":{"allow":["GET"]}}],"collection":[{"href":"https:\/\/medicinasinc.com\/cs\/wp-json\/wp\/v2\/product"}],"about":[{"href":"https:\/\/medicinasinc.com\/cs\/wp-json\/wp\/v2\/types\/product"}],"replies":[{"embeddable":true,"href":"https:\/\/medicinasinc.com\/cs\/wp-json\/wp\/v2\/comments?post=5443"}],"wp:featuredmedia":[{"embeddable":true,"href":"https:\/\/medicinasinc.com\/cs\/wp-json\/wp\/v2\/media\/5455"}],"wp:attachment":[{"href":"https:\/\/medicinasinc.com\/cs\/wp-json\/wp\/v2\/media?parent=5443"}],"wp:term":[{"taxonomy":"product_brand","embeddable":true,"href":"https:\/\/medicinasinc.com\/cs\/wp-json\/wp\/v2\/product_brand?post=5443"},{"taxonomy":"product_cat","embeddable":true,"href":"https:\/\/medicinasinc.com\/cs\/wp-json\/wp\/v2\/product_cat?post=5443"},{"taxonomy":"product_tag","embeddable":true,"href":"https:\/\/medicinasinc.com\/cs\/wp-json\/wp\/v2\/product_tag?post=5443"}],"curies":[{"name":"wp","href":"https:\/\/api.w.org\/{rel}","templated":true}]}}