{"id":5442,"date":"2022-02-21T23:35:16","date_gmt":"2022-02-21T23:35:16","guid":{"rendered":"https:\/\/medicinasinc.com\/cs\/?post_type=product&#038;p=5442"},"modified":"2022-08-03T12:03:23","modified_gmt":"2022-08-03T12:03:23","slug":"koupit-alprazolam-prasek","status":"publish","type":"product","link":"https:\/\/medicinasinc.com\/cs\/product\/koupit-alprazolam-prasek\/","title":{"rendered":"Koupit pr\u00e1\u0161ek Alprazolam"},"content":{"rendered":"<p>Prodej alprazolamu<\/p>\n<p>Alprazolam je siln\u00fd benzodiazepin s kr\u00e1tk\u00fdm polo\u010dasem rozpadu, kter\u00fd uvol\u0148uje centr\u00e1ln\u00ed nervov\u00fd syst\u00e9m. Tento l\u00e9k se v\u011bt\u0161inou pou\u017e\u00edv\u00e1 k l\u00e9\u010db\u011b \u00fazkostn\u00fdch a panick\u00fdch poruch. Zv\u00fd\u0161en\u00e1 geriatrick\u00e1 populace n\u00e1chyln\u00e1 k depresi, stejn\u011b jako prevalence \u00fazkostn\u00fdch poruch, jako je fobie a generalizovan\u00e9 \u00fazkosti, vedou k popt\u00e1vce po pr\u00e1\u0161ku Alprazolam. R\u016fst tohoto odv\u011btv\u00ed je nav\u00edc poh\u00e1n\u011bn rychl\u00fdm a stresuj\u00edc\u00edm \u017eivotn\u00edm stylem, kter\u00fd vede k depresi. Krom\u011b toho se b\u011bhem progn\u00f3zovan\u00e9ho obdob\u00ed pl\u00e1nuje v\u00fdzkum a v\u00fdvoj alprazolamu s c\u00edlem prozkoumat nov\u00e9 p\u0159\u00edle\u017eitosti. P\u0159\u00edsn\u00e1 vl\u00e1dn\u00ed na\u0159\u00edzen\u00ed a nep\u0159\u00edzniv\u00e9 \u00fa\u010dinky drog, jako je drogov\u00e1 z\u00e1vislost, na druh\u00e9 stran\u011b brzd\u00ed r\u016fst. ALPRAZOLAM lze zakoupit online, stejn\u011b jako ALPRAZOLAM na prodej.<\/p>\n<p>U\u017eit\u00ed<\/p>\n<p>Alprazolam se pou\u017e\u00edv\u00e1 k l\u00e9\u010db\u011b \u00fazkostn\u00fdch a panick\u00fdch poruch (n\u00e1hl\u00e9, nep\u0159edv\u00eddateln\u00e9 epizody intenzivn\u00edho strachu a obav z t\u011bchto epizod ). Alprazolam pat\u0159\u00ed do t\u0159\u00eddy benzodiazepin\u016f. To sni\u017euje nadm\u011brn\u00e9 vzru\u0161en\u00ed v mozku. Alprazolam se tak\u00e9 pou\u017e\u00edv\u00e1 k l\u00e9\u010db\u011b deprese, \u00fazkosti na ve\u0159ejnosti a premenstrua\u010dn\u00edho syndromu. M\u016f\u017ee b\u00fdt pou\u017eit v bolestiv\u00fdch situac\u00edch. Pora\u010fte se se sv\u00fdm l\u00e9ka\u0159em o mo\u017en\u00fdch rizic\u00edch pro v\u00e1\u0161 stav, pokud pou\u017e\u00edv\u00e1te tento l\u00e9k.<\/p>\n<p>D\u00e1vkov\u00e1n\u00ed<\/p>\n<p>Alprazolam se dod\u00e1v\u00e1 ve form\u011b tablet, tablet s prodlou\u017een\u00fdm uvol\u0148ov\u00e1n\u00edm a peror\u00e1ln\u011b se rozkl\u00e1daj\u00edc\u00edch tablet (tablety, kter\u00e9 rychle rozpou\u0161t\u00ed se v \u00fastech). Tableta, or\u00e1ln\u011b se rozpadaj\u00edc\u00ed tableta a koncentrovan\u00e9 roztoky se obvykle u\u017e\u00edvaj\u00ed dvakr\u00e1t a\u017e \u010dty\u0159ikr\u00e1t denn\u011b. Vzd\u00e1len\u00e1 tableta se obvykle u\u017e\u00edv\u00e1 jednou denn\u011b, r\u00e1no. V\u011bnujte zv\u00fd\u0161enou pozornost pozn\u00e1mk\u00e1m v tabulce na p\u0159edpis a po\u017e\u00e1dejte sv\u00e9ho l\u00e9k\u00e1rn\u00edka nebo l\u00e9ka\u0159e, aby v\u00e1m vysv\u011btlil v\u0161e, \u010demu nerozum\u00edte. Vezm\u011bte alprazolam p\u0159esn\u011b podle pokyn\u016f. Chcete-li vz\u00edt koncentrovanou tekutinu, pou\u017eijte pouze kap\u00e1tko, kter\u00e9 bylo dod\u00e1no s p\u0159edpisem. Napl\u0148te kap\u00e1tko po\u017eadovanou d\u00e1vkou. Vyma\u010dkejte kap\u00e1tko do tekut\u00fdch nebo polotuh\u00fdch potravin, jako je \u010daj, ml\u00e9ko, soda, jable\u010dn\u00e1 pol\u00e9vka nebo pudink. N\u011bkolik sekund jemn\u011b prom\u00edchejte tekutinu nebo j\u00eddlo. Kapalina je zcela absorbov\u00e1na j\u00eddlem. Ihned celou sm\u011bs vypijte nebo sn\u011bzte. Tabletu si vezm\u011bte z lahvi\u010dky peror\u00e1ln\u011b t\u011bsn\u011b p\u0159ed t\u00edm, ne\u017e m\u00e1te podat d\u00e1vku. Such\u00fdmi dlan\u011bmi otev\u0159ete lahvi\u010dku, vyjm\u011bte tabletu a ihned si ji polo\u017ete na jazyk. Tableta se m\u016f\u017ee rozpustit a spolknout se slinami.<\/p>\n","protected":false},"excerpt":{"rendered":"<div class=\"woocommerce-product-details__short-description\">\n<p><em>Koupit<\/em> Alprazolam online \u2013 medicinasinc.com je nejlep\u0161\u00edm dodavatelem a prodejcem <em>pr\u00e1\u0161ku Alprazolam<\/em>, kde m\u016f\u017eete <em>koupit<\/em>\u00a0pr\u00e1\u0161ek Xanax velkoobchodn\u011b. <em>Objednejte<\/em>\u00a0Nyn\u00ed!<\/p>\n<p>Alprazolam pr\u00e1\u0161ek lze zakoupit online. Skute\u010dn\u00fd pr\u00e1\u0161ek Alprazolam na prodej online \u2013 pr\u00e1\u0161ek Alprazolam na prodej online | Koupit alprazolam pr\u00e1\u0161ek online | Koupit alprazolam pr\u00e1\u0161ek na prodej online | Kupte si levn\u011b alprazolam pr\u00e1\u0161ek online | Kde koupit pr\u00e1\u0161ek Alprazolam online<\/p>\n<\/div>\n","protected":false},"featured_media":5453,"comment_status":"open","ping_status":"closed","template":"","meta":[],"product_brand":[],"product_cat":[2014],"product_tag":[2721,1153,2722,2723,1152,2720,2719,2724,2725],"class_list":{"0":"post-5442","1":"product","2":"type-product","3":"status-publish","4":"has-post-thumbnail","6":"product_cat-koupit-vyzkumne-chemikalie","7":"product_tag-alprazolam-powder-europe","8":"product_tag-alprazolam-powder-for-sale","9":"product_tag-alprazolam-powder-reddit","10":"product_tag-alprazolam-prek-uk","11":"product_tag-alprazolam-prek","12":"product_tag-alprazolam-prkov-efekt","13":"product_tag-alprazolam-prek-koupit","14":"product_tag-koupit-alprazolam-prek","15":"product_tag-buy-alprazolam-powder-europe","17":"first","18":"instock","19":"shipping-taxable","20":"purchasable","21":"product-type-variable","22":"has-default-attributes"},"yoast_head":"<!-- This site is optimized with the Yoast SEO plugin v27.3 - https:\/\/yoast.com\/product\/yoast-seo-wordpress\/ -->\n<title>Koupit pr\u00e1\u0161ek Alprazolam - pr\u00e1\u0161ek Alprazolam - Best Global Meds<\/title>\n<meta name=\"description\" content=\"Koupit pr\u00e1\u0161ek Alprazolam online. Skute\u010dn\u00fd alprazolam pr\u00e1\u0161ek online \u2013 alprazolam pr\u00e1\u0161ek na prodej | Koupit alprazolam pr\u00e1\u0161ek online | Koupit pr\u00e1\u0161ek Alprazolam na prodej| Koupit levn\u011b alprazolam pr\u00e1\u0161ek | Kde koupit pr\u00e1\u0161ek Alprazolam online\" \/>\n<meta name=\"robots\" content=\"index, follow, max-snippet:-1, max-image-preview:large, max-video-preview:-1\" \/>\n<link rel=\"canonical\" href=\"https:\/\/medicinasinc.com\/cs\/product\/koupit-alprazolam-prasek\/\" \/>\n<meta property=\"og:locale\" content=\"en_US\" \/>\n<meta property=\"og:type\" content=\"article\" \/>\n<meta property=\"og:title\" content=\"Koupit pr\u00e1\u0161ek Alprazolam - pr\u00e1\u0161ek Alprazolam - Best Global Meds\" \/>\n<meta property=\"og:description\" content=\"Koupit pr\u00e1\u0161ek Alprazolam online. Skute\u010dn\u00fd alprazolam pr\u00e1\u0161ek online \u2013 alprazolam pr\u00e1\u0161ek na prodej | Koupit alprazolam pr\u00e1\u0161ek online | Koupit pr\u00e1\u0161ek Alprazolam na prodej| Koupit levn\u011b alprazolam pr\u00e1\u0161ek | Kde koupit pr\u00e1\u0161ek Alprazolam online\" \/>\n<meta property=\"og:url\" content=\"https:\/\/medicinasinc.com\/cs\/product\/koupit-alprazolam-prasek\/\" \/>\n<meta property=\"og:site_name\" content=\"Medicinas Inc\" \/>\n<meta property=\"article:modified_time\" content=\"2022-08-03T12:03:23+00:00\" \/>\n<meta property=\"og:image\" content=\"https:\/\/medicinasinc.com\/cs\/wp-content\/uploads\/sites\/2\/2022\/02\/Buy-Alprazolam-powder.jpg\" \/>\n\t<meta property=\"og:image:width\" content=\"259\" \/>\n\t<meta property=\"og:image:height\" content=\"194\" \/>\n\t<meta property=\"og:image:type\" content=\"image\/jpeg\" \/>\n<meta name=\"twitter:card\" content=\"summary_large_image\" \/>\n<meta name=\"twitter:label1\" content=\"Est. reading time\" \/>\n\t<meta name=\"twitter:data1\" content=\"2 minutes\" \/>\n<script type=\"application\/ld+json\" class=\"yoast-schema-graph\">{\"@context\":\"https:\\\/\\\/schema.org\",\"@graph\":[{\"@type\":\"WebPage\",\"@id\":\"https:\\\/\\\/medicinasinc.com\\\/cs\\\/product\\\/koupit-alprazolam-prasek\\\/\",\"url\":\"https:\\\/\\\/medicinasinc.com\\\/cs\\\/product\\\/koupit-alprazolam-prasek\\\/\",\"name\":\"Koupit pr\u00e1\u0161ek Alprazolam - pr\u00e1\u0161ek Alprazolam - Best Global Meds\",\"isPartOf\":{\"@id\":\"https:\\\/\\\/medicinasinc.com\\\/cs\\\/#website\"},\"primaryImageOfPage\":{\"@id\":\"https:\\\/\\\/medicinasinc.com\\\/cs\\\/product\\\/koupit-alprazolam-prasek\\\/#primaryimage\"},\"image\":{\"@id\":\"https:\\\/\\\/medicinasinc.com\\\/cs\\\/product\\\/koupit-alprazolam-prasek\\\/#primaryimage\"},\"thumbnailUrl\":\"https:\\\/\\\/medicinasinc.com\\\/cs\\\/wp-content\\\/uploads\\\/sites\\\/2\\\/2022\\\/02\\\/Buy-Alprazolam-powder.jpg\",\"datePublished\":\"2022-02-21T23:35:16+00:00\",\"dateModified\":\"2022-08-03T12:03:23+00:00\",\"description\":\"Koupit pr\u00e1\u0161ek Alprazolam online. Skute\u010dn\u00fd alprazolam pr\u00e1\u0161ek online \u2013 alprazolam pr\u00e1\u0161ek na prodej | Koupit alprazolam pr\u00e1\u0161ek online | Koupit pr\u00e1\u0161ek Alprazolam na prodej| Koupit levn\u011b alprazolam pr\u00e1\u0161ek | Kde koupit pr\u00e1\u0161ek Alprazolam online\",\"breadcrumb\":{\"@id\":\"https:\\\/\\\/medicinasinc.com\\\/cs\\\/product\\\/koupit-alprazolam-prasek\\\/#breadcrumb\"},\"inLanguage\":\"en-US\",\"potentialAction\":[{\"@type\":\"ReadAction\",\"target\":[\"https:\\\/\\\/medicinasinc.com\\\/cs\\\/product\\\/koupit-alprazolam-prasek\\\/\"]}]},{\"@type\":\"ImageObject\",\"inLanguage\":\"en-US\",\"@id\":\"https:\\\/\\\/medicinasinc.com\\\/cs\\\/product\\\/koupit-alprazolam-prasek\\\/#primaryimage\",\"url\":\"https:\\\/\\\/medicinasinc.com\\\/cs\\\/wp-content\\\/uploads\\\/sites\\\/2\\\/2022\\\/02\\\/Buy-Alprazolam-powder.jpg\",\"contentUrl\":\"https:\\\/\\\/medicinasinc.com\\\/cs\\\/wp-content\\\/uploads\\\/sites\\\/2\\\/2022\\\/02\\\/Buy-Alprazolam-powder.jpg\",\"width\":259,\"height\":194},{\"@type\":\"BreadcrumbList\",\"@id\":\"https:\\\/\\\/medicinasinc.com\\\/cs\\\/product\\\/koupit-alprazolam-prasek\\\/#breadcrumb\",\"itemListElement\":[{\"@type\":\"ListItem\",\"position\":1,\"name\":\"Obchod\",\"item\":\"https:\\\/\\\/medicinasinc.com\\\/cs\\\/obchod\\\/\"},{\"@type\":\"ListItem\",\"position\":2,\"name\":\"Koupit pr\u00e1\u0161ek Alprazolam\"}]},{\"@type\":\"WebSite\",\"@id\":\"https:\\\/\\\/medicinasinc.com\\\/cs\\\/#website\",\"url\":\"https:\\\/\\\/medicinasinc.com\\\/cs\\\/\",\"name\":\"Medicinas Inc\",\"description\":\"Health Medical Clinic\",\"potentialAction\":[{\"@type\":\"SearchAction\",\"target\":{\"@type\":\"EntryPoint\",\"urlTemplate\":\"https:\\\/\\\/medicinasinc.com\\\/cs\\\/?s={search_term_string}\"},\"query-input\":{\"@type\":\"PropertyValueSpecification\",\"valueRequired\":true,\"valueName\":\"search_term_string\"}}],\"inLanguage\":\"en-US\"}]}<\/script>\n<!-- \/ Yoast SEO plugin. -->","yoast_head_json":{"title":"Koupit pr\u00e1\u0161ek Alprazolam - pr\u00e1\u0161ek Alprazolam - Best Global Meds","description":"Koupit pr\u00e1\u0161ek Alprazolam online. Skute\u010dn\u00fd alprazolam pr\u00e1\u0161ek online \u2013 alprazolam pr\u00e1\u0161ek na prodej | Koupit alprazolam pr\u00e1\u0161ek online | Koupit pr\u00e1\u0161ek Alprazolam na prodej| Koupit levn\u011b alprazolam pr\u00e1\u0161ek | Kde koupit pr\u00e1\u0161ek Alprazolam online","robots":{"index":"index","follow":"follow","max-snippet":"max-snippet:-1","max-image-preview":"max-image-preview:large","max-video-preview":"max-video-preview:-1"},"canonical":"https:\/\/medicinasinc.com\/cs\/product\/koupit-alprazolam-prasek\/","og_locale":"en_US","og_type":"article","og_title":"Koupit pr\u00e1\u0161ek Alprazolam - pr\u00e1\u0161ek Alprazolam - Best Global Meds","og_description":"Koupit pr\u00e1\u0161ek Alprazolam online. Skute\u010dn\u00fd alprazolam pr\u00e1\u0161ek online \u2013 alprazolam pr\u00e1\u0161ek na prodej | Koupit alprazolam pr\u00e1\u0161ek online | Koupit pr\u00e1\u0161ek Alprazolam na prodej| Koupit levn\u011b alprazolam pr\u00e1\u0161ek | Kde koupit pr\u00e1\u0161ek Alprazolam online","og_url":"https:\/\/medicinasinc.com\/cs\/product\/koupit-alprazolam-prasek\/","og_site_name":"Medicinas Inc","article_modified_time":"2022-08-03T12:03:23+00:00","og_image":[{"width":259,"height":194,"url":"https:\/\/medicinasinc.com\/cs\/wp-content\/uploads\/sites\/2\/2022\/02\/Buy-Alprazolam-powder.jpg","type":"image\/jpeg"}],"twitter_card":"summary_large_image","twitter_misc":{"Est. reading time":"2 minutes"},"schema":{"@context":"https:\/\/schema.org","@graph":[{"@type":"WebPage","@id":"https:\/\/medicinasinc.com\/cs\/product\/koupit-alprazolam-prasek\/","url":"https:\/\/medicinasinc.com\/cs\/product\/koupit-alprazolam-prasek\/","name":"Koupit pr\u00e1\u0161ek Alprazolam - pr\u00e1\u0161ek Alprazolam - Best Global Meds","isPartOf":{"@id":"https:\/\/medicinasinc.com\/cs\/#website"},"primaryImageOfPage":{"@id":"https:\/\/medicinasinc.com\/cs\/product\/koupit-alprazolam-prasek\/#primaryimage"},"image":{"@id":"https:\/\/medicinasinc.com\/cs\/product\/koupit-alprazolam-prasek\/#primaryimage"},"thumbnailUrl":"https:\/\/medicinasinc.com\/cs\/wp-content\/uploads\/sites\/2\/2022\/02\/Buy-Alprazolam-powder.jpg","datePublished":"2022-02-21T23:35:16+00:00","dateModified":"2022-08-03T12:03:23+00:00","description":"Koupit pr\u00e1\u0161ek Alprazolam online. Skute\u010dn\u00fd alprazolam pr\u00e1\u0161ek online \u2013 alprazolam pr\u00e1\u0161ek na prodej | Koupit alprazolam pr\u00e1\u0161ek online | Koupit pr\u00e1\u0161ek Alprazolam na prodej| Koupit levn\u011b alprazolam pr\u00e1\u0161ek | Kde koupit pr\u00e1\u0161ek Alprazolam online","breadcrumb":{"@id":"https:\/\/medicinasinc.com\/cs\/product\/koupit-alprazolam-prasek\/#breadcrumb"},"inLanguage":"en-US","potentialAction":[{"@type":"ReadAction","target":["https:\/\/medicinasinc.com\/cs\/product\/koupit-alprazolam-prasek\/"]}]},{"@type":"ImageObject","inLanguage":"en-US","@id":"https:\/\/medicinasinc.com\/cs\/product\/koupit-alprazolam-prasek\/#primaryimage","url":"https:\/\/medicinasinc.com\/cs\/wp-content\/uploads\/sites\/2\/2022\/02\/Buy-Alprazolam-powder.jpg","contentUrl":"https:\/\/medicinasinc.com\/cs\/wp-content\/uploads\/sites\/2\/2022\/02\/Buy-Alprazolam-powder.jpg","width":259,"height":194},{"@type":"BreadcrumbList","@id":"https:\/\/medicinasinc.com\/cs\/product\/koupit-alprazolam-prasek\/#breadcrumb","itemListElement":[{"@type":"ListItem","position":1,"name":"Obchod","item":"https:\/\/medicinasinc.com\/cs\/obchod\/"},{"@type":"ListItem","position":2,"name":"Koupit pr\u00e1\u0161ek Alprazolam"}]},{"@type":"WebSite","@id":"https:\/\/medicinasinc.com\/cs\/#website","url":"https:\/\/medicinasinc.com\/cs\/","name":"Medicinas Inc","description":"Health Medical Clinic","potentialAction":[{"@type":"SearchAction","target":{"@type":"EntryPoint","urlTemplate":"https:\/\/medicinasinc.com\/cs\/?s={search_term_string}"},"query-input":{"@type":"PropertyValueSpecification","valueRequired":true,"valueName":"search_term_string"}}],"inLanguage":"en-US"}]}},"_links":{"self":[{"href":"https:\/\/medicinasinc.com\/cs\/wp-json\/wp\/v2\/product\/5442","targetHints":{"allow":["GET"]}}],"collection":[{"href":"https:\/\/medicinasinc.com\/cs\/wp-json\/wp\/v2\/product"}],"about":[{"href":"https:\/\/medicinasinc.com\/cs\/wp-json\/wp\/v2\/types\/product"}],"replies":[{"embeddable":true,"href":"https:\/\/medicinasinc.com\/cs\/wp-json\/wp\/v2\/comments?post=5442"}],"wp:featuredmedia":[{"embeddable":true,"href":"https:\/\/medicinasinc.com\/cs\/wp-json\/wp\/v2\/media\/5453"}],"wp:attachment":[{"href":"https:\/\/medicinasinc.com\/cs\/wp-json\/wp\/v2\/media?parent=5442"}],"wp:term":[{"taxonomy":"product_brand","embeddable":true,"href":"https:\/\/medicinasinc.com\/cs\/wp-json\/wp\/v2\/product_brand?post=5442"},{"taxonomy":"product_cat","embeddable":true,"href":"https:\/\/medicinasinc.com\/cs\/wp-json\/wp\/v2\/product_cat?post=5442"},{"taxonomy":"product_tag","embeddable":true,"href":"https:\/\/medicinasinc.com\/cs\/wp-json\/wp\/v2\/product_tag?post=5442"}],"curies":[{"name":"wp","href":"https:\/\/api.w.org\/{rel}","templated":true}]}}