{"id":5441,"date":"2022-02-21T23:32:20","date_gmt":"2022-02-21T23:32:20","guid":{"rendered":"https:\/\/medicinasinc.com\/cs\/?post_type=product&#038;p=5441"},"modified":"2022-08-03T11:40:52","modified_gmt":"2022-08-03T11:40:52","slug":"buy-alpha-pvp","status":"publish","type":"product","link":"https:\/\/medicinasinc.com\/cs\/product\/buy-alpha-pvp\/","title":{"rendered":"Koupit Alpha-PVP"},"content":{"rendered":"<p>Online n\u00e1kup Alpha-PVP<\/p>\n<p>Alpha-PVP je syntetick\u00fd stimulant pou\u017e\u00edvan\u00fd v l\u00e9ka\u0159sk\u00e9 oblasti k l\u00e9\u010db\u011b r\u016fzn\u00fdch onemocn\u011bn\u00ed. Alfa je klasifikov\u00e1na jako prol\u00e9\u010divo ve t\u0159\u00edd\u011b kathinon\u016f. Alpha PVP byl p\u016fvodn\u011b vytvo\u0159en jako designov\u00fd l\u00e9k. Nyn\u00ed je mezi lidmi velmi popul\u00e1rn\u00ed i pro jin\u00e9 \u00fa\u010dely, jako je \u00faleva od bolesti. Tento syntetick\u00fd stimulant se pou\u017e\u00edv\u00e1 k uspokojen\u00ed pot\u0159eb u\u017eivatel\u016f drog. Popularitu si z\u00edskal 40 let po uveden\u00ed sv\u00e9ho prvn\u00edho produktu, v roce 2000. Nejd\u016fle\u017eit\u011bj\u0161\u00ed je zapamatovat si, \u017ee jej mezi t\u011bmito lety nepou\u017e\u00edvala ani mal\u00e1 komunita lid\u00ed. Od roku 2000 a\u017e do sou\u010dasnosti v\u0161ak jeho popularita vzrostla a\u017e do bodu, kdy jej u\u017e\u00edv\u00e1 t\u00e9m\u011b\u0159 70 % sv\u011btov\u00e9 populace.<\/p>\n<p>D\u016fvod popularity alfa-PVP psychedelick\u00fdch drog<\/p>\n<p>Kde mohu z\u00edskat PVP? Alfa-PVP<\/p>\n<p>Alfa-PVP je \u010dlenem nejb\u011b\u017en\u011bj\u0161\u00ed t\u0159\u00eddy prol\u00e9\u010div a je \u0161iroce pou\u017e\u00edv\u00e1n. Hlavn\u00edm d\u016fvodem jeho popularity je jeho vysok\u00e1 \u00fa\u010dinnost a rychl\u00e9 p\u016fsoben\u00ed. Funguje podobn\u011b jako jin\u00e9 stimulanty v tom, \u017ee p\u016fsob\u00ed p\u0159\u00edmo na centr\u00e1ln\u00ed nervov\u00fd syst\u00e9m.<\/p>\n<p>P\u016fsob\u00ed v\u0161ak rychle a uvol\u0148uje hormony k proveden\u00ed po\u017eadovan\u00fdch akc\u00ed. D\u00edky sv\u00e9mu mechanismu \u00fa\u010dinku je Alpha PVP tak\u00e9 zn\u00e1m\u00fd jako stimulant centr\u00e1ln\u00edho nervov\u00e9ho syst\u00e9mu.<\/p>\n<p>Alfa-PVP psychedelick\u00e9 l\u00e9ky pro l\u00e9ka\u0159sk\u00e9 \u00fa\u010dely<\/p>\n<p>Alfa-PVP tak\u00e9 pom\u00e1h\u00e1 lidsk\u00e9 mysli p\u0159i ovl\u00e1d\u00e1n\u00ed prchav\u00fdch emoc\u00ed, jako je \u0161t\u011bst\u00ed, smutek nebo bolest. Tato droga pom\u00e1h\u00e1 mysli p\u0159i p\u0159edstav\u011b norm\u00e1ln\u00edho r\u00e1mce, ve kter\u00e9m m\u016f\u017ee fungovat norm\u00e1ln\u011b a bez pot\u00ed\u017e\u00ed. T\u00edmto zp\u016fsobem se Alpha-PVP pou\u017e\u00edv\u00e1 ke zm\u00edrn\u011bn\u00ed jak\u00e9hokoli typu \u0161oku.<\/p>\n<p>Toto prodrogu se pou\u017e\u00edv\u00e1 v tane\u010dn\u00edch klubech a barech. To se v\u0161ak pou\u017e\u00edv\u00e1 pouze p\u0159i ur\u010dit\u00fdch l\u00e9\u010db\u00e1ch podle pokyn\u016f l\u00e9ka\u0159e.<\/p>\n<p>L\u00e9ka\u0159i l\u00e9\u010d\u00ed pacienty l\u00e9ky na b\u00e1zi alfa-PVP. Prim\u00e1rn\u00ed aplikac\u00ed je l\u00e9\u010dba deprese a \u00fazkosti.<\/p>\n<p>Toto jsou n\u011bkter\u00e9 z kl\u00ed\u010dov\u00fdch funkc\u00ed, kter\u00e9 vedou k n\u00e1r\u016fstu pou\u017e\u00edv\u00e1n\u00ed Alpha-PVP. Z\u00edsk\u00e1v\u00e1 na popularit\u011b v obou oblastech.<\/p>\n<p>Jak bezpe\u010dn\u011b nakupovat a-PVP \u2013 popis<\/p>\n<p>Systematick\u00fd n\u00e1zev IUPAC: 1-Fenyl-2-(1-pyrrolidinyl)-1 -pentanon \u00dapln\u00fd chemick\u00fd n\u00e1zev: alfa-Pyrrolidinopentiofenon<br \/>\n\u010c. CAS 14530-33-7<br \/>\nMolekul\u00e1rn\u00ed vzorecC15H21NO Molekulov\u00e1 hmotnost 231,333 g\/mol \u010c\u00edslo ChemSpider9324063<\/p>\n<p>Pyrrolidinpyrrolidon (Pyrrolidinopentiofentio) PVP, alfa-PVP, O-2387, -keton-prolintan) je stimula\u010dn\u00ed slou\u010denina objeven\u00e1 v 60. letech minul\u00e9ho stolet\u00ed, kter\u00e1 souvis\u00ed s pyrovaleronem a je ketonov\u00fdm analogem prolintanu.<\/p>\n<p>Ve velk\u00e9m m\u011b\u0159\u00edtku na\u0161e online obchod se zab\u00fdv\u00e1 Alpha-PVP. M\u016f\u017eete z\u00edskat produkty, kter\u00e9 chcete, za velmi n\u00edzk\u00e9 ceny. Produkt tak\u00e9 obdr\u017e\u00edte v kr\u00e1tk\u00e9 dob\u011b d\u00edky na\u0161im online doru\u010dovac\u00edm slu\u017eb\u00e1m.<\/p>\n","protected":false},"excerpt":{"rendered":"<div class=\"woocommerce-product-details__short-description\">\n<p>chcete koupit levn\u00fd A-pvp, kupte si alfa-Pyrrolidinopentiofenon na prodej ve Spojen\u00e9m kr\u00e1lovstv\u00ed, Evrop\u011b v na\u0161em obchod\u011b Medicinasinc.com s rychlou celosv\u011btovou dopravou! Nejlep\u0161\u00ed A-pvp pro objedn\u00e1n\u00ed najdete zde! <em>\u03b1<\/em>\u2013<em>PVP<\/em>(cel\u00fd n\u00e1zev je:<em>\u03b1<\/em>\u2013<em>Pyrrolidinopentiophenone<\/em>) tak\u00e9 zn\u00e1m\u00fd jako\u00a0<em>alfa<\/em>-pyrrolidinovalerofenon, A-<em>PVP<\/em>,\u00a0<em>alfa<\/em>\u2013<em>PVP<\/em>,<\/p>\n<p>Co p\u0159esn\u011b je a-PVP?<br \/>\nA-PVP (alfa-pyrrolidinovalerofenon, -PVP, alfa-PVP, O-2387, -keton-prolintan) je stimula\u010dn\u00ed slou\u010denina vyvinut\u00e1 v 60. letech minul\u00e9ho stolet\u00ed, kter\u00e1 souvis\u00ed s pyrovaleronem a je ketonov\u00fd analog prolintanu.<\/p>\n<\/div>\n","protected":false},"featured_media":5451,"comment_status":"open","ping_status":"closed","template":"","meta":[],"product_brand":[],"product_cat":[2014],"product_tag":[2666,2667,2671,2672,2673,2678,2679,2680,2668,2669,2670,2676,2677,2681,2683,2682,2684,2685,2688,2686,2687,2689,2691,2692,2693,2694,2699,2700,2701,2702,2707,2708,2715,2675,2717,2718,2690,2714,2704,2706,2697,2709,2703,2695,2698,2696,2705,2710,2663,2716,2711,2712,2713,2664,2665,2674],"class_list":{"0":"post-5441","1":"product","2":"type-product","3":"status-publish","4":"has-post-thumbnail","6":"product_cat-koupit-vyzkumne-chemikalie","7":"product_tag-a-pvp","8":"product_tag-a-pvp-prek","9":"product_tag-a-pvp-crystal-canada","10":"product_tag-a-pvp-crystal-dosage","11":"product_tag-a-pvp-crystal-for-sale","12":"product_tag-a-pvp-crystal-vendor","13":"product_tag-a-pvp-for-sale","14":"product_tag-a-pvp-for-sale-online","15":"product_tag-a-pvp-buy-usa","16":"product_tag-a-pvp-crystal","17":"product_tag-a-pvp-crystal-austrlie","18":"product_tag-a-pvp-crystal-uk","19":"product_tag-a-pvp-crystal-usa","20":"product_tag-a-pvp-prky","21":"product_tag-a-pvp-recenze","22":"product_tag-a-pvp-reddit","23":"product_tag-a-pvp-stimulant","24":"product_tag-a-pvp-stimulants-for-sale","25":"product_tag-alfa-pvp-efekt","26":"product_tag-alpha-pvp-for-sale","27":"product_tag-alpha-pvp-wiki","28":"product_tag-apvp-prek","29":"product_tag-buy-a-pvp-powder-for-sale","30":"product_tag-buy-a-pvp-big-crystal","31":"product_tag-buy-a-pvp-big-crystal-reports","32":"product_tag-buy-a-pvp-big-crystals","33":"product_tag-buy-a-pvp-big-crystalxp-net","34":"product_tag-buy-a-pvp-crystal-online","35":"product_tag-buy-a-pvp-online","36":"product_tag-buy-a-pvp-powder","37":"product_tag-buy-alpha-pvp","38":"product_tag-buy-apvp-overnight-shipping","39":"product_tag-ist-a-pvp-krystal","40":"product_tag-a-pvp-crystal-supplier","41":"product_tag-kde-koupit-pvp","42":"product_tag-kde-na-koupit-pvp-online","43":"product_tag-buy-a-pvp","44":"product_tag-nkup-a-pvp-online","45":"product_tag-koupit-a-pvp-powder-recenze","46":"product_tag-koupit-a-pvp-stimulanty","47":"product_tag-buy-a-pvp-big-crystals-made","48":"product_tag-buy-apvp-usa-credit-card","49":"product_tag-koupit-pvp-prkov-produkty","50":"product_tag-koupit-pvp-velke-krystaly-na-prodej","51":"product_tag-buy-a-pvp-big-crystals-online","52":"product_tag-buy-a-pvp-big-crystals-free","53":"product_tag-koupit-a-pvp-prky","54":"product_tag-mail-a-pvp","55":"product_tag-a-pvp-buy","56":"product_tag-nejlep-msto-k-koupit-pvp-online","57":"product_tag-objednvka-a-pvp","58":"product_tag-objednat-pvp-krystal","59":"product_tag-objednat-a-pvp-online","60":"product_tag-a-pvp-powder-for-sell","61":"product_tag-a-pvp-prek-nebo-krystaly","62":"product_tag-a-pvp-crystal-review","64":"first","65":"instock","66":"shipping-taxable","67":"purchasable","68":"product-type-variable"},"yoast_head":"<!-- This site is optimized with the Yoast SEO plugin v27.3 - https:\/\/yoast.com\/product\/yoast-seo-wordpress\/ -->\n<title>Koupit Alpha-PVP - Alpha-PVP na prodej - Nejlep\u0161\u00ed nejlep\u0161\u00ed glob\u00e1ln\u00ed l\u00e9ky<\/title>\n<meta name=\"description\" content=\"Kupte si A-pvp, kupte si alfa-Pyrrolidinopentiofenon na prodej ve Velk\u00e9 Brit\u00e1nii, Evrop\u011b v na\u0161em obchod\u011b Medicinasinc.com s rychlou celosv\u011btovou dopravou! Nejlep\u0161\u00ed A-pvp pro objedn\u00e1n\u00ed najdete zde!\" \/>\n<meta name=\"robots\" content=\"index, follow, max-snippet:-1, max-image-preview:large, max-video-preview:-1\" \/>\n<link rel=\"canonical\" href=\"https:\/\/medicinasinc.com\/cs\/product\/buy-alpha-pvp\/\" \/>\n<meta property=\"og:locale\" content=\"en_US\" \/>\n<meta property=\"og:type\" content=\"article\" \/>\n<meta property=\"og:title\" content=\"Koupit Alpha-PVP - Alpha-PVP na prodej - Nejlep\u0161\u00ed nejlep\u0161\u00ed glob\u00e1ln\u00ed l\u00e9ky\" \/>\n<meta property=\"og:description\" content=\"Kupte si A-pvp, kupte si alfa-Pyrrolidinopentiofenon na prodej ve Velk\u00e9 Brit\u00e1nii, Evrop\u011b v na\u0161em obchod\u011b Medicinasinc.com s rychlou celosv\u011btovou dopravou! Nejlep\u0161\u00ed A-pvp pro objedn\u00e1n\u00ed najdete zde!\" \/>\n<meta property=\"og:url\" content=\"https:\/\/medicinasinc.com\/cs\/product\/buy-alpha-pvp\/\" \/>\n<meta property=\"og:site_name\" content=\"Medicinas Inc\" \/>\n<meta property=\"article:modified_time\" content=\"2022-08-03T11:40:52+00:00\" \/>\n<meta property=\"og:image\" content=\"https:\/\/medicinasinc.com\/cs\/wp-content\/uploads\/sites\/2\/2022\/02\/Buy-alpha-pvp.jpg\" \/>\n\t<meta property=\"og:image:width\" content=\"458\" \/>\n\t<meta property=\"og:image:height\" content=\"458\" \/>\n\t<meta property=\"og:image:type\" content=\"image\/jpeg\" \/>\n<meta name=\"twitter:card\" content=\"summary_large_image\" \/>\n<meta name=\"twitter:label1\" content=\"Est. reading time\" \/>\n\t<meta name=\"twitter:data1\" content=\"2 minutes\" \/>\n<script type=\"application\/ld+json\" class=\"yoast-schema-graph\">{\"@context\":\"https:\\\/\\\/schema.org\",\"@graph\":[{\"@type\":\"WebPage\",\"@id\":\"https:\\\/\\\/medicinasinc.com\\\/cs\\\/product\\\/buy-alpha-pvp\\\/\",\"url\":\"https:\\\/\\\/medicinasinc.com\\\/cs\\\/product\\\/buy-alpha-pvp\\\/\",\"name\":\"Koupit Alpha-PVP - Alpha-PVP na prodej - Nejlep\u0161\u00ed nejlep\u0161\u00ed glob\u00e1ln\u00ed l\u00e9ky\",\"isPartOf\":{\"@id\":\"https:\\\/\\\/medicinasinc.com\\\/cs\\\/#website\"},\"primaryImageOfPage\":{\"@id\":\"https:\\\/\\\/medicinasinc.com\\\/cs\\\/product\\\/buy-alpha-pvp\\\/#primaryimage\"},\"image\":{\"@id\":\"https:\\\/\\\/medicinasinc.com\\\/cs\\\/product\\\/buy-alpha-pvp\\\/#primaryimage\"},\"thumbnailUrl\":\"https:\\\/\\\/medicinasinc.com\\\/cs\\\/wp-content\\\/uploads\\\/sites\\\/2\\\/2022\\\/02\\\/Buy-alpha-pvp.jpg\",\"datePublished\":\"2022-02-21T23:32:20+00:00\",\"dateModified\":\"2022-08-03T11:40:52+00:00\",\"description\":\"Kupte si A-pvp, kupte si alfa-Pyrrolidinopentiofenon na prodej ve Velk\u00e9 Brit\u00e1nii, Evrop\u011b v na\u0161em obchod\u011b Medicinasinc.com s rychlou celosv\u011btovou dopravou! Nejlep\u0161\u00ed A-pvp pro objedn\u00e1n\u00ed najdete zde!\",\"breadcrumb\":{\"@id\":\"https:\\\/\\\/medicinasinc.com\\\/cs\\\/product\\\/buy-alpha-pvp\\\/#breadcrumb\"},\"inLanguage\":\"en-US\",\"potentialAction\":[{\"@type\":\"ReadAction\",\"target\":[\"https:\\\/\\\/medicinasinc.com\\\/cs\\\/product\\\/buy-alpha-pvp\\\/\"]}]},{\"@type\":\"ImageObject\",\"inLanguage\":\"en-US\",\"@id\":\"https:\\\/\\\/medicinasinc.com\\\/cs\\\/product\\\/buy-alpha-pvp\\\/#primaryimage\",\"url\":\"https:\\\/\\\/medicinasinc.com\\\/cs\\\/wp-content\\\/uploads\\\/sites\\\/2\\\/2022\\\/02\\\/Buy-alpha-pvp.jpg\",\"contentUrl\":\"https:\\\/\\\/medicinasinc.com\\\/cs\\\/wp-content\\\/uploads\\\/sites\\\/2\\\/2022\\\/02\\\/Buy-alpha-pvp.jpg\",\"width\":458,\"height\":458},{\"@type\":\"BreadcrumbList\",\"@id\":\"https:\\\/\\\/medicinasinc.com\\\/cs\\\/product\\\/buy-alpha-pvp\\\/#breadcrumb\",\"itemListElement\":[{\"@type\":\"ListItem\",\"position\":1,\"name\":\"Obchod\",\"item\":\"https:\\\/\\\/medicinasinc.com\\\/cs\\\/obchod\\\/\"},{\"@type\":\"ListItem\",\"position\":2,\"name\":\"Koupit Alpha-PVP\"}]},{\"@type\":\"WebSite\",\"@id\":\"https:\\\/\\\/medicinasinc.com\\\/cs\\\/#website\",\"url\":\"https:\\\/\\\/medicinasinc.com\\\/cs\\\/\",\"name\":\"Medicinas Inc\",\"description\":\"Health Medical Clinic\",\"potentialAction\":[{\"@type\":\"SearchAction\",\"target\":{\"@type\":\"EntryPoint\",\"urlTemplate\":\"https:\\\/\\\/medicinasinc.com\\\/cs\\\/?s={search_term_string}\"},\"query-input\":{\"@type\":\"PropertyValueSpecification\",\"valueRequired\":true,\"valueName\":\"search_term_string\"}}],\"inLanguage\":\"en-US\"}]}<\/script>\n<!-- \/ Yoast SEO plugin. -->","yoast_head_json":{"title":"Koupit Alpha-PVP - Alpha-PVP na prodej - Nejlep\u0161\u00ed nejlep\u0161\u00ed glob\u00e1ln\u00ed l\u00e9ky","description":"Kupte si A-pvp, kupte si alfa-Pyrrolidinopentiofenon na prodej ve Velk\u00e9 Brit\u00e1nii, Evrop\u011b v na\u0161em obchod\u011b Medicinasinc.com s rychlou celosv\u011btovou dopravou! Nejlep\u0161\u00ed A-pvp pro objedn\u00e1n\u00ed najdete zde!","robots":{"index":"index","follow":"follow","max-snippet":"max-snippet:-1","max-image-preview":"max-image-preview:large","max-video-preview":"max-video-preview:-1"},"canonical":"https:\/\/medicinasinc.com\/cs\/product\/buy-alpha-pvp\/","og_locale":"en_US","og_type":"article","og_title":"Koupit Alpha-PVP - Alpha-PVP na prodej - Nejlep\u0161\u00ed nejlep\u0161\u00ed glob\u00e1ln\u00ed l\u00e9ky","og_description":"Kupte si A-pvp, kupte si alfa-Pyrrolidinopentiofenon na prodej ve Velk\u00e9 Brit\u00e1nii, Evrop\u011b v na\u0161em obchod\u011b Medicinasinc.com s rychlou celosv\u011btovou dopravou! Nejlep\u0161\u00ed A-pvp pro objedn\u00e1n\u00ed najdete zde!","og_url":"https:\/\/medicinasinc.com\/cs\/product\/buy-alpha-pvp\/","og_site_name":"Medicinas Inc","article_modified_time":"2022-08-03T11:40:52+00:00","og_image":[{"width":458,"height":458,"url":"https:\/\/medicinasinc.com\/cs\/wp-content\/uploads\/sites\/2\/2022\/02\/Buy-alpha-pvp.jpg","type":"image\/jpeg"}],"twitter_card":"summary_large_image","twitter_misc":{"Est. reading time":"2 minutes"},"schema":{"@context":"https:\/\/schema.org","@graph":[{"@type":"WebPage","@id":"https:\/\/medicinasinc.com\/cs\/product\/buy-alpha-pvp\/","url":"https:\/\/medicinasinc.com\/cs\/product\/buy-alpha-pvp\/","name":"Koupit Alpha-PVP - Alpha-PVP na prodej - Nejlep\u0161\u00ed nejlep\u0161\u00ed glob\u00e1ln\u00ed l\u00e9ky","isPartOf":{"@id":"https:\/\/medicinasinc.com\/cs\/#website"},"primaryImageOfPage":{"@id":"https:\/\/medicinasinc.com\/cs\/product\/buy-alpha-pvp\/#primaryimage"},"image":{"@id":"https:\/\/medicinasinc.com\/cs\/product\/buy-alpha-pvp\/#primaryimage"},"thumbnailUrl":"https:\/\/medicinasinc.com\/cs\/wp-content\/uploads\/sites\/2\/2022\/02\/Buy-alpha-pvp.jpg","datePublished":"2022-02-21T23:32:20+00:00","dateModified":"2022-08-03T11:40:52+00:00","description":"Kupte si A-pvp, kupte si alfa-Pyrrolidinopentiofenon na prodej ve Velk\u00e9 Brit\u00e1nii, Evrop\u011b v na\u0161em obchod\u011b Medicinasinc.com s rychlou celosv\u011btovou dopravou! Nejlep\u0161\u00ed A-pvp pro objedn\u00e1n\u00ed najdete zde!","breadcrumb":{"@id":"https:\/\/medicinasinc.com\/cs\/product\/buy-alpha-pvp\/#breadcrumb"},"inLanguage":"en-US","potentialAction":[{"@type":"ReadAction","target":["https:\/\/medicinasinc.com\/cs\/product\/buy-alpha-pvp\/"]}]},{"@type":"ImageObject","inLanguage":"en-US","@id":"https:\/\/medicinasinc.com\/cs\/product\/buy-alpha-pvp\/#primaryimage","url":"https:\/\/medicinasinc.com\/cs\/wp-content\/uploads\/sites\/2\/2022\/02\/Buy-alpha-pvp.jpg","contentUrl":"https:\/\/medicinasinc.com\/cs\/wp-content\/uploads\/sites\/2\/2022\/02\/Buy-alpha-pvp.jpg","width":458,"height":458},{"@type":"BreadcrumbList","@id":"https:\/\/medicinasinc.com\/cs\/product\/buy-alpha-pvp\/#breadcrumb","itemListElement":[{"@type":"ListItem","position":1,"name":"Obchod","item":"https:\/\/medicinasinc.com\/cs\/obchod\/"},{"@type":"ListItem","position":2,"name":"Koupit Alpha-PVP"}]},{"@type":"WebSite","@id":"https:\/\/medicinasinc.com\/cs\/#website","url":"https:\/\/medicinasinc.com\/cs\/","name":"Medicinas Inc","description":"Health Medical Clinic","potentialAction":[{"@type":"SearchAction","target":{"@type":"EntryPoint","urlTemplate":"https:\/\/medicinasinc.com\/cs\/?s={search_term_string}"},"query-input":{"@type":"PropertyValueSpecification","valueRequired":true,"valueName":"search_term_string"}}],"inLanguage":"en-US"}]}},"_links":{"self":[{"href":"https:\/\/medicinasinc.com\/cs\/wp-json\/wp\/v2\/product\/5441","targetHints":{"allow":["GET"]}}],"collection":[{"href":"https:\/\/medicinasinc.com\/cs\/wp-json\/wp\/v2\/product"}],"about":[{"href":"https:\/\/medicinasinc.com\/cs\/wp-json\/wp\/v2\/types\/product"}],"replies":[{"embeddable":true,"href":"https:\/\/medicinasinc.com\/cs\/wp-json\/wp\/v2\/comments?post=5441"}],"wp:featuredmedia":[{"embeddable":true,"href":"https:\/\/medicinasinc.com\/cs\/wp-json\/wp\/v2\/media\/5451"}],"wp:attachment":[{"href":"https:\/\/medicinasinc.com\/cs\/wp-json\/wp\/v2\/media?parent=5441"}],"wp:term":[{"taxonomy":"product_brand","embeddable":true,"href":"https:\/\/medicinasinc.com\/cs\/wp-json\/wp\/v2\/product_brand?post=5441"},{"taxonomy":"product_cat","embeddable":true,"href":"https:\/\/medicinasinc.com\/cs\/wp-json\/wp\/v2\/product_cat?post=5441"},{"taxonomy":"product_tag","embeddable":true,"href":"https:\/\/medicinasinc.com\/cs\/wp-json\/wp\/v2\/product_tag?post=5441"}],"curies":[{"name":"wp","href":"https:\/\/api.w.org\/{rel}","templated":true}]}}