{"id":5440,"date":"2022-02-21T23:30:16","date_gmt":"2022-02-21T23:30:16","guid":{"rendered":"https:\/\/medicinasinc.com\/cs\/?post_type=product&#038;p=5440"},"modified":"2022-03-14T11:48:40","modified_gmt":"2022-03-14T11:48:40","slug":"buy-ald-52-blotters","status":"publish","type":"product","link":"https:\/\/medicinasinc.com\/cs\/product\/buy-ald-52-blotters\/","title":{"rendered":"Kupte si saje ALD-52"},"content":{"rendered":"<p>Blottery ALD-52 lze zakoupit online. Pije\u010de obsahuj\u00edc\u00ed 100 mcg ALD-52<\/p>\n<p>Blottery ALD-52 lze zakoupit online.<\/p>\n<p>Blottery obsahuj\u00edc\u00ed 100 mcg ALD-52<\/p>\n<p>Blotter ALD 52, kupte saje ALD 52 <\/p>\n<p>ALD-52 je modern\u00ed l\u00e9k, kter\u00fd byl konsolidov\u00e1n r\u016fzn\u00fdmi res chems kv\u016fli opo\u017ed\u011bn\u00e9 historii ALD-52 a r\u016fzn\u00fdch dal\u0161\u00edch n\u00e1zv\u016f ALD-52. ALD-52 je kupov\u00e1n online v\u00fdzkumn\u00fdmi pracovn\u00edky pro pou\u017eit\u00ed v oblasti l\u00e9k\u016f, rekreace a v\u00fdzkumu. D\u00edky psychotropn\u00edm vlastnostem ALD-52 je mezi laboratorn\u00edmi pracovn\u00edky a odborn\u00edky na p\u0159edm\u011bt nezpochybniteln\u00fd. \u0160irok\u00e1 \u0161k\u00e1la typick\u00fdch klient\u016f se rozhodne pro n\u00e1kup, kter\u00fd je k dispozici ke koupi, aby m\u011bli vzru\u0161en\u00ed, spokojenost, udr\u017eeli si energii a zv\u00fd\u0161ili sexu\u00e1ln\u00ed aktivitu.<\/p>\n<p>Je d\u016fle\u017eit\u00e9 vybrat ALD-52 vyroben\u00e9 s pou\u017eit\u00edm nejlep\u0161\u00edch typ\u016f pokroku metodami pro zcela \u0159\u00edzenou sb\u011brnou m\u00edru. Rozs\u00e1hl\u00e9 \u00faseky p\u0159\u00edsp\u011bvku na v\u00fdzkum vyr\u00e1b\u011bn\u00fdch sm\u011bs\u00ed dostupn\u00fdch ke koupi jsou na trhu umo\u017en\u011bny pro kontrolu stavu zpracov\u00e1n\u00ed v \u010d\u00ednsk\u00fdch laborato\u0159\u00edch, kde se vyr\u00e1b\u00ed ve\u0161ker\u00e1 sprchov\u00e1 s\u016fl.<\/p>\n<p>Jako bezkonkuren\u010dn\u00ed poskytovatel spolupracuje na\u0161e organizace p\u0159\u00edmo s legitimn\u00ed \u010d\u00ednsk\u00e9 organizace. Umo\u017e\u0148uje v\u00e1m obchodovat se sprchovou sol\u00ed t\u00e9 nejvy\u0161\u0161\u00ed bezchybnosti a kvality. ALD-52 je m\u00edch\u00e1n pod p\u0159\u00edsn\u00fdm dohledem a v souladu se v\u0161emi z\u00e1sadami. Pou\u017eit\u00ed nejnov\u011bj\u0161\u00edch dostupn\u00fdch konzistentn\u00edch dat k poskytnut\u00ed nejoslniv\u011bj\u0161\u00ed ceny na nejlep\u0161\u00edm m\u00edst\u011b pro n\u00e1kup materi\u00e1l\u016f navr\u017een\u00fdch pro v\u00fdzkum. Pelety ALD-52, blotovac\u00ed povrchy ALD-52 a pr\u00e1\u0161ky ALD-52 se p\u0159epravuj\u00ed v \u010d\u00ednsk\u00fdch laborato\u0159\u00edch. Odes\u00edlatel ALD-52 dod\u00e1v\u00e1 ALD-52 do jak\u00e9koli zem\u011b. \u00dazk\u00e1 spolupr\u00e1ce s legitimn\u00edmi dodavateli ALD-52 zaji\u0161\u0165uje, \u017ee v\u00fdsledky va\u0161ich test\u016f a \u0161et\u0159en\u00ed budou realizov\u00e1ny v\u010das.<\/p>\n<p>Dodavatel je ji\u017e dlouhou dobu spolehliv\u00fdm v\u00fdrobcem hodnot\u00edc\u00edch chemik\u00e1li\u00ed. Z\u00e1kazn\u00edci dodali t\u00e9to str\u00e1nce ohromuj\u00edc\u00ed reputaci v cel\u00e9 s\u00edti res chems. ald 52 na prodej, ald 52 n\u00e1kup, ald 52 n\u00e1kup, ald-52 n\u00e1kup Spolehliv\u00ed dodavatel\u00e9 RC poskytuj\u00ed organizaci po cel\u00fd den asistenci se zku\u0161en\u00fdmi vedouc\u00edmi prost\u0159ednictv\u00edm \u017eiv\u00e9ho chatu, kte\u0159\u00ed maj\u00ed podstatn\u00e1 data, kter\u00e1 v\u00e1m pomohou s jak\u00fdmkoli nep\u0159\u00edjemn\u00fdm stavem.<\/p>\n<p>Na v\u00fdjime\u010dn\u011b zpracovan\u00e9 zhor\u0161uj\u00edc\u00ed v\u011bci, kter\u00e9 lze zakoupit online, m\u016f\u017eete naj\u00edt pozitivn\u00ed reakce od na\u0161ich kupuj\u00edc\u00edch, kte\u0159\u00ed jsou v sou\u010dasn\u00e9 dob\u011b spokojeni s nab\u00edzen\u00fdmi druhy pomoci a nejlep\u0161\u00edmi v\u011bcmi zakoupen\u00fdmi u tohoto online.<\/p>\n","protected":false},"excerpt":{"rendered":"<div class=\"char\">SPECIFIKACE<\/div>\n<div class=\"specification\">\n<div class=\"sprow\"><span class=\"spname\">N\u00e1zev produktu:<\/span><span class=\"sptext \">ALD-52<\/span><\/div>\n<div class=\"sprow\"><span class=\"spname\">N\u00e1zev IUPAC:<\/span><span class=\"sptext\">1-Acetyl-N, N-diethyllysergamid, ALD<\/span><\/div>\n<div class=\"sprow\"><span class=\"spname\">Dal\u0161\u00ed n\u00e1zvy:<\/span><span class=\"sptext\">N-acetyl-LSD, Diethylamid kyseliny acetyllysergov\u00e9, diethylamid kyseliny d-acetyllysergov\u00e9, d-acetyldiethyllysergamid<\/span><\/div>\n<div class=\"sprow\"><span class=\"spname\">\u010c\u00edslo p\u0159\u00edpadu:<\/span><span class=\"sptext\">3270-02-8<\/span><\/div>\n<div class=\"sprow\"><span class=\"spname\">Molekul\u00e1rn\u00ed vzorec:<\/span><span class=\"sptext\">C22H27N3O2<\/span><\/div>\n<div class=\"sprow\"><span class=\"spname\">Mol\u00e1rn\u00ed hmotnost:<\/span><span class=\"sptext\">365,477 g\u2022mol-1<\/span><\/div>\n<div class=\"sprow\"><span class=\"spname\">\u00da\u010dinek:<\/span><span class=\"sptext\">psychedelick\u00fd, halucinogenn\u00ed<\/span><\/div>\n<div class=\"sprow\"><\/div>\n<\/p><\/div>\n<p>Nakupujte saje ALD-52 online. <em>ALD<\/em>\u2013<em>52<\/em>\u00a0je N-acetylov\u00fd deriv\u00e1t LSD. <strong>100 mcg<\/strong>\u00a0ALD-52 blottery.<\/p>\n<p>ALD-52 na prodej v Evrop\u011b, nakupujte za bitcoiny a obdr\u017e\u00edte diskr\u00e9tn\u00ed z\u00e1silku z EU. ALD-52 saje na prodej, surov\u00fd pr\u00e1\u0161ek ALD-52 na prodej, dodavatel chemik\u00e1li\u00ed pro v\u00fdzkum<\/p>\n<p>Objednejte si vzorek pro testov\u00e1n\u00ed nebo si kupte ALD-52 na prodej s bezplatn\u00fdm doru\u010den\u00edm ve Spojen\u00e9m kr\u00e1lovstv\u00ed, USA nebo Evrop\u011b.<\/p>\n","protected":false},"featured_media":5449,"comment_status":"open","ping_status":"closed","template":"","meta":[],"product_brand":[],"product_cat":[2014],"product_tag":[2651,2652,2655,2656,2658,2660,2661,2662,2657,2653,2654,2659,2650],"class_list":{"0":"post-5440","1":"product","2":"type-product","3":"status-publish","4":"has-post-thumbnail","6":"product_cat-koupit-vyzkumne-chemikalie","7":"product_tag-ald-52-blotters-online-prodej","8":"product_tag-best-ald-52-blotters-online","9":"product_tag-buy-legit-ald-52-blotters-online","10":"product_tag-buy-pure-ald-52-blotters-online","11":"product_tag-discreet-vendor-ald-52","12":"product_tag-kde-k-koupit-ald-52-blotters-online","13":"product_tag-kde-koupit-ist-ald-52-blotters-online","14":"product_tag-kde-k-objednat-legln-ald-52-blotters-online","15":"product_tag-buy-order-ald-52-blowers-online","16":"product_tag-buy-ald-52-blotters-for-dal-prodej","17":"product_tag-buy-ald-52-blotters-online","18":"product_tag-order-ald-52-blotters-online","19":"product_tag-ald-52-blotters-na-prodej","21":"first","22":"instock","23":"shipping-taxable","24":"purchasable","25":"product-type-variable","26":"has-default-attributes"},"yoast_head":"<!-- This site is optimized with the Yoast SEO plugin v27.3 - https:\/\/yoast.com\/product\/yoast-seo-wordpress\/ -->\n<title>Kupte si saje ALD-52 \u2013 kvalitn\u00ed saje ALD-52 \u2013 nejlep\u0161\u00ed glob\u00e1ln\u00ed l\u00e9ky<\/title>\n<meta name=\"description\" content=\"Kupte si saje ALD-52 online. kupte si ALD-52 na prodej a z\u00edskejte bezplatn\u00e9 doru\u010den\u00ed ve Spojen\u00e9m kr\u00e1lovstv\u00ed, USA nebo Evrop\u011b ALD-52 je N-acetylov\u00fd deriv\u00e1t LSD. 100mcg blottery ALD-52.\" \/>\n<meta name=\"robots\" content=\"index, follow, max-snippet:-1, max-image-preview:large, max-video-preview:-1\" \/>\n<link rel=\"canonical\" href=\"https:\/\/medicinasinc.com\/cs\/product\/buy-ald-52-blotters\/\" \/>\n<meta property=\"og:locale\" content=\"en_US\" \/>\n<meta property=\"og:type\" content=\"article\" \/>\n<meta property=\"og:title\" content=\"Kupte si saje ALD-52 \u2013 kvalitn\u00ed saje ALD-52 \u2013 nejlep\u0161\u00ed glob\u00e1ln\u00ed l\u00e9ky\" \/>\n<meta property=\"og:description\" content=\"Kupte si saje ALD-52 online. kupte si ALD-52 na prodej a z\u00edskejte bezplatn\u00e9 doru\u010den\u00ed ve Spojen\u00e9m kr\u00e1lovstv\u00ed, USA nebo Evrop\u011b ALD-52 je N-acetylov\u00fd deriv\u00e1t LSD. 100mcg blottery ALD-52.\" \/>\n<meta property=\"og:url\" content=\"https:\/\/medicinasinc.com\/cs\/product\/buy-ald-52-blotters\/\" \/>\n<meta property=\"og:site_name\" content=\"Medicinas Inc\" \/>\n<meta property=\"article:modified_time\" content=\"2022-03-14T11:48:40+00:00\" \/>\n<meta property=\"og:image\" content=\"https:\/\/medicinasinc.com\/cs\/wp-content\/uploads\/sites\/2\/2022\/02\/Buy-ALD-52-Blotters.jpg\" \/>\n\t<meta property=\"og:image:width\" content=\"350\" \/>\n\t<meta property=\"og:image:height\" content=\"350\" \/>\n\t<meta property=\"og:image:type\" content=\"image\/jpeg\" \/>\n<meta name=\"twitter:card\" content=\"summary_large_image\" \/>\n<meta name=\"twitter:label1\" content=\"Est. reading time\" \/>\n\t<meta name=\"twitter:data1\" content=\"2 minutes\" \/>\n<script type=\"application\/ld+json\" class=\"yoast-schema-graph\">{\"@context\":\"https:\\\/\\\/schema.org\",\"@graph\":[{\"@type\":\"WebPage\",\"@id\":\"https:\\\/\\\/medicinasinc.com\\\/cs\\\/product\\\/buy-ald-52-blotters\\\/\",\"url\":\"https:\\\/\\\/medicinasinc.com\\\/cs\\\/product\\\/buy-ald-52-blotters\\\/\",\"name\":\"Kupte si saje ALD-52 \u2013 kvalitn\u00ed saje ALD-52 \u2013 nejlep\u0161\u00ed glob\u00e1ln\u00ed l\u00e9ky\",\"isPartOf\":{\"@id\":\"https:\\\/\\\/medicinasinc.com\\\/cs\\\/#website\"},\"primaryImageOfPage\":{\"@id\":\"https:\\\/\\\/medicinasinc.com\\\/cs\\\/product\\\/buy-ald-52-blotters\\\/#primaryimage\"},\"image\":{\"@id\":\"https:\\\/\\\/medicinasinc.com\\\/cs\\\/product\\\/buy-ald-52-blotters\\\/#primaryimage\"},\"thumbnailUrl\":\"https:\\\/\\\/medicinasinc.com\\\/cs\\\/wp-content\\\/uploads\\\/sites\\\/2\\\/2022\\\/02\\\/Buy-ALD-52-Blotters.jpg\",\"datePublished\":\"2022-02-21T23:30:16+00:00\",\"dateModified\":\"2022-03-14T11:48:40+00:00\",\"description\":\"Kupte si saje ALD-52 online. kupte si ALD-52 na prodej a z\u00edskejte bezplatn\u00e9 doru\u010den\u00ed ve Spojen\u00e9m kr\u00e1lovstv\u00ed, USA nebo Evrop\u011b ALD-52 je N-acetylov\u00fd deriv\u00e1t LSD. 100mcg blottery ALD-52.\",\"breadcrumb\":{\"@id\":\"https:\\\/\\\/medicinasinc.com\\\/cs\\\/product\\\/buy-ald-52-blotters\\\/#breadcrumb\"},\"inLanguage\":\"en-US\",\"potentialAction\":[{\"@type\":\"ReadAction\",\"target\":[\"https:\\\/\\\/medicinasinc.com\\\/cs\\\/product\\\/buy-ald-52-blotters\\\/\"]}]},{\"@type\":\"ImageObject\",\"inLanguage\":\"en-US\",\"@id\":\"https:\\\/\\\/medicinasinc.com\\\/cs\\\/product\\\/buy-ald-52-blotters\\\/#primaryimage\",\"url\":\"https:\\\/\\\/medicinasinc.com\\\/cs\\\/wp-content\\\/uploads\\\/sites\\\/2\\\/2022\\\/02\\\/Buy-ALD-52-Blotters.jpg\",\"contentUrl\":\"https:\\\/\\\/medicinasinc.com\\\/cs\\\/wp-content\\\/uploads\\\/sites\\\/2\\\/2022\\\/02\\\/Buy-ALD-52-Blotters.jpg\",\"width\":350,\"height\":350},{\"@type\":\"BreadcrumbList\",\"@id\":\"https:\\\/\\\/medicinasinc.com\\\/cs\\\/product\\\/buy-ald-52-blotters\\\/#breadcrumb\",\"itemListElement\":[{\"@type\":\"ListItem\",\"position\":1,\"name\":\"Obchod\",\"item\":\"https:\\\/\\\/medicinasinc.com\\\/cs\\\/obchod\\\/\"},{\"@type\":\"ListItem\",\"position\":2,\"name\":\"Kupte si saje ALD-52\"}]},{\"@type\":\"WebSite\",\"@id\":\"https:\\\/\\\/medicinasinc.com\\\/cs\\\/#website\",\"url\":\"https:\\\/\\\/medicinasinc.com\\\/cs\\\/\",\"name\":\"Medicinas Inc\",\"description\":\"Health Medical Clinic\",\"potentialAction\":[{\"@type\":\"SearchAction\",\"target\":{\"@type\":\"EntryPoint\",\"urlTemplate\":\"https:\\\/\\\/medicinasinc.com\\\/cs\\\/?s={search_term_string}\"},\"query-input\":{\"@type\":\"PropertyValueSpecification\",\"valueRequired\":true,\"valueName\":\"search_term_string\"}}],\"inLanguage\":\"en-US\"}]}<\/script>\n<!-- \/ Yoast SEO plugin. -->","yoast_head_json":{"title":"Kupte si saje ALD-52 \u2013 kvalitn\u00ed saje ALD-52 \u2013 nejlep\u0161\u00ed glob\u00e1ln\u00ed l\u00e9ky","description":"Kupte si saje ALD-52 online. kupte si ALD-52 na prodej a z\u00edskejte bezplatn\u00e9 doru\u010den\u00ed ve Spojen\u00e9m kr\u00e1lovstv\u00ed, USA nebo Evrop\u011b ALD-52 je N-acetylov\u00fd deriv\u00e1t LSD. 100mcg blottery ALD-52.","robots":{"index":"index","follow":"follow","max-snippet":"max-snippet:-1","max-image-preview":"max-image-preview:large","max-video-preview":"max-video-preview:-1"},"canonical":"https:\/\/medicinasinc.com\/cs\/product\/buy-ald-52-blotters\/","og_locale":"en_US","og_type":"article","og_title":"Kupte si saje ALD-52 \u2013 kvalitn\u00ed saje ALD-52 \u2013 nejlep\u0161\u00ed glob\u00e1ln\u00ed l\u00e9ky","og_description":"Kupte si saje ALD-52 online. kupte si ALD-52 na prodej a z\u00edskejte bezplatn\u00e9 doru\u010den\u00ed ve Spojen\u00e9m kr\u00e1lovstv\u00ed, USA nebo Evrop\u011b ALD-52 je N-acetylov\u00fd deriv\u00e1t LSD. 100mcg blottery ALD-52.","og_url":"https:\/\/medicinasinc.com\/cs\/product\/buy-ald-52-blotters\/","og_site_name":"Medicinas Inc","article_modified_time":"2022-03-14T11:48:40+00:00","og_image":[{"width":350,"height":350,"url":"https:\/\/medicinasinc.com\/cs\/wp-content\/uploads\/sites\/2\/2022\/02\/Buy-ALD-52-Blotters.jpg","type":"image\/jpeg"}],"twitter_card":"summary_large_image","twitter_misc":{"Est. reading time":"2 minutes"},"schema":{"@context":"https:\/\/schema.org","@graph":[{"@type":"WebPage","@id":"https:\/\/medicinasinc.com\/cs\/product\/buy-ald-52-blotters\/","url":"https:\/\/medicinasinc.com\/cs\/product\/buy-ald-52-blotters\/","name":"Kupte si saje ALD-52 \u2013 kvalitn\u00ed saje ALD-52 \u2013 nejlep\u0161\u00ed glob\u00e1ln\u00ed l\u00e9ky","isPartOf":{"@id":"https:\/\/medicinasinc.com\/cs\/#website"},"primaryImageOfPage":{"@id":"https:\/\/medicinasinc.com\/cs\/product\/buy-ald-52-blotters\/#primaryimage"},"image":{"@id":"https:\/\/medicinasinc.com\/cs\/product\/buy-ald-52-blotters\/#primaryimage"},"thumbnailUrl":"https:\/\/medicinasinc.com\/cs\/wp-content\/uploads\/sites\/2\/2022\/02\/Buy-ALD-52-Blotters.jpg","datePublished":"2022-02-21T23:30:16+00:00","dateModified":"2022-03-14T11:48:40+00:00","description":"Kupte si saje ALD-52 online. kupte si ALD-52 na prodej a z\u00edskejte bezplatn\u00e9 doru\u010den\u00ed ve Spojen\u00e9m kr\u00e1lovstv\u00ed, USA nebo Evrop\u011b ALD-52 je N-acetylov\u00fd deriv\u00e1t LSD. 100mcg blottery ALD-52.","breadcrumb":{"@id":"https:\/\/medicinasinc.com\/cs\/product\/buy-ald-52-blotters\/#breadcrumb"},"inLanguage":"en-US","potentialAction":[{"@type":"ReadAction","target":["https:\/\/medicinasinc.com\/cs\/product\/buy-ald-52-blotters\/"]}]},{"@type":"ImageObject","inLanguage":"en-US","@id":"https:\/\/medicinasinc.com\/cs\/product\/buy-ald-52-blotters\/#primaryimage","url":"https:\/\/medicinasinc.com\/cs\/wp-content\/uploads\/sites\/2\/2022\/02\/Buy-ALD-52-Blotters.jpg","contentUrl":"https:\/\/medicinasinc.com\/cs\/wp-content\/uploads\/sites\/2\/2022\/02\/Buy-ALD-52-Blotters.jpg","width":350,"height":350},{"@type":"BreadcrumbList","@id":"https:\/\/medicinasinc.com\/cs\/product\/buy-ald-52-blotters\/#breadcrumb","itemListElement":[{"@type":"ListItem","position":1,"name":"Obchod","item":"https:\/\/medicinasinc.com\/cs\/obchod\/"},{"@type":"ListItem","position":2,"name":"Kupte si saje ALD-52"}]},{"@type":"WebSite","@id":"https:\/\/medicinasinc.com\/cs\/#website","url":"https:\/\/medicinasinc.com\/cs\/","name":"Medicinas Inc","description":"Health Medical Clinic","potentialAction":[{"@type":"SearchAction","target":{"@type":"EntryPoint","urlTemplate":"https:\/\/medicinasinc.com\/cs\/?s={search_term_string}"},"query-input":{"@type":"PropertyValueSpecification","valueRequired":true,"valueName":"search_term_string"}}],"inLanguage":"en-US"}]}},"_links":{"self":[{"href":"https:\/\/medicinasinc.com\/cs\/wp-json\/wp\/v2\/product\/5440","targetHints":{"allow":["GET"]}}],"collection":[{"href":"https:\/\/medicinasinc.com\/cs\/wp-json\/wp\/v2\/product"}],"about":[{"href":"https:\/\/medicinasinc.com\/cs\/wp-json\/wp\/v2\/types\/product"}],"replies":[{"embeddable":true,"href":"https:\/\/medicinasinc.com\/cs\/wp-json\/wp\/v2\/comments?post=5440"}],"wp:featuredmedia":[{"embeddable":true,"href":"https:\/\/medicinasinc.com\/cs\/wp-json\/wp\/v2\/media\/5449"}],"wp:attachment":[{"href":"https:\/\/medicinasinc.com\/cs\/wp-json\/wp\/v2\/media?parent=5440"}],"wp:term":[{"taxonomy":"product_brand","embeddable":true,"href":"https:\/\/medicinasinc.com\/cs\/wp-json\/wp\/v2\/product_brand?post=5440"},{"taxonomy":"product_cat","embeddable":true,"href":"https:\/\/medicinasinc.com\/cs\/wp-json\/wp\/v2\/product_cat?post=5440"},{"taxonomy":"product_tag","embeddable":true,"href":"https:\/\/medicinasinc.com\/cs\/wp-json\/wp\/v2\/product_tag?post=5440"}],"curies":[{"name":"wp","href":"https:\/\/api.w.org\/{rel}","templated":true}]}}