{"id":5419,"date":"2022-02-21T23:00:46","date_gmt":"2022-02-21T23:00:46","guid":{"rendered":"https:\/\/medicinasinc.com\/cs\/?post_type=product&#038;p=5419"},"modified":"2022-03-14T11:48:50","modified_gmt":"2022-03-14T11:48:50","slug":"koupit-adb-pinaca-prasek","status":"publish","type":"product","link":"https:\/\/medicinasinc.com\/cs\/product\/koupit-adb-pinaca-prasek\/","title":{"rendered":"Koupit pr\u00e1\u0161ek ADB-PINACA"},"content":{"rendered":"<p><strong>Vysoce \u010dist\u00fd pr\u00e1\u0161ek ADB-Pinaca je k dispozici<\/strong><\/p>\n<p>Pr\u00e1\u0161ek a krystalick\u00fd methiopropamin \/ MPA lze zakoupit od ADB-Pinaca Powder Purity 98% Chemical Stock<\/p>\n<p>\u010cistota pr\u00e1\u0161ku ADB-Pinaca<\/p>\n<p>ProName: 5F-MDMB-PINACA 5F-ADB 5FADB pr\u00e1\u0161ek ADB<br \/> \u010c\u00edslo CAS: 68585-34-2<br \/> Molekul\u00e1rn\u00ed vzorec: ADB<br \/> Vzhled: b\u00edl\u00fd krystalick\u00fd pr\u00e1\u0161ek<br \/> Aplikace: farmaceutick\u00fd meziprodukt<br \/> Dodac\u00ed lh\u016fta: 4-7 dn\u00ed pro hotov\u00e9 zbo\u017e\u00ed<br \/> Balen\u00ed: 1 kg \/ hlin\u00edkov\u00fd f\u00f3liov\u00fd s\u00e1\u010dek<br \/> P\u0159\u00edstav: Tianjin<br \/> V\u00fdrobn\u00ed kapacita : 10000 kg\/m\u011bs\u00edc<br \/> \u010cistota: &gt;99,5 %<br \/> Skladov\u00e1n\u00ed: z\u016fsta\u0148te v chladu, suchu a dob\u0159e ut\u011bsn\u011bni<br \/> Doprava: EMS, DHL, FEDEX<br \/> Obsah vlhkosti: \u2264 0,01<\/p>\n<p>Koupit <a href=\"https:\/\/en.wikipedia.org\/wiki\/ADB-PINACA\">ADB-Pinaca<\/a> Pr\u00e1\u0161kov\u00e1 \u010distota 98 \u200b\u200b% na prodej, prozkoumat prodejce chemik\u00e1li\u00ed, koupit v\u00fdzkum chemik\u00e1li\u00ed \u010c\u00edna,nejlep\u0161\u00ed m\u00edsto pro n\u00e1kup v\u00fdzkumn\u00fdch chemik\u00e1li\u00ed,chemik\u00e1lie pro v\u00fdzkum reddit,chemik\u00e1lie pro v\u00fdzkum kulturistiky,levn\u00e9 v\u00fdzkumn\u00e9 chemik\u00e1lie USA,koupit v\u00fdzkum c hemicals online europe<\/p>\n<p>&nbsp;<\/p>\n<div class=\"product-next-previous\">\n<div class=\"product-prev\"><\/div><\/div>\n","protected":false},"excerpt":{"rendered":"<p>Kupte si ADB-Pinaca Powder High Purity. Koupit ADB-Pinaca Powder Purity 98% Chemical Stock dostupn\u00fd v Powder &amp; Crystal<\/p>\n<p>Koupit ADB-Pinaca Powder\u00a0na prodej v Evrop\u011b, Spojen\u00e9m kr\u00e1lovstv\u00ed, EU, \u010c\u00edn\u011b \u010cistota 98% chemick\u00e9 z\u00e1soby dostupn\u00e9 v\u00a0pr\u00e1\u0161ku\u00a0&amp; CrystalMethiopropamin \/ MPA\u00a0ADB-Pinaca Powder\u00a0Purity.<\/p>\n","protected":false},"featured_media":5431,"comment_status":"open","ping_status":"closed","template":"","meta":[],"product_brand":[],"product_cat":[2014],"product_tag":[2633,2632,2636,2635,2640,2643,2642,2641,2637,2645,2646,2639,2644,2648,2647,2649,2634,2638],"class_list":{"0":"post-5419","1":"product","2":"type-product","3":"status-publish","4":"has-post-thumbnail","6":"product_cat-koupit-vyzkumne-chemikalie","7":"product_tag-adb-fubinaca-cena","8":"product_tag-adb-fubinaca-per-gram","9":"product_tag-buy-adb-fubinaca","10":"product_tag-adb-fubinaca-dodavatel","11":"product_tag-fubinaca-effects","12":"product_tag-how-to-purchase-adb-fubinaca","13":"product_tag-jak-nakoupit-adb-fubinaca","14":"product_tag-kolik-cena-rychlost-adb-fubinaca","15":"product_tag-koupit-online-adb-fubinaca","16":"product_tag-low-rate-adb-fubinaca","17":"product_tag-mdmb-fubinaca","18":"product_tag-na-prodej-adb-fubinaca","19":"product_tag-nzk-cena-adb-fubinaca","20":"product_tag-objednvka-adb-fubinaca","21":"product_tag-online-buy-adb-fubinaca","22":"product_tag-recenze-adb-fubinaca","23":"product_tag-adb-fubinaca-recenze","24":"product_tag-seznam-adb-fubinaca","26":"first","27":"instock","28":"shipping-taxable","29":"purchasable","30":"product-type-variable","31":"has-default-attributes"},"yoast_head":"<!-- This site is optimized with the Yoast SEO plugin v27.3 - https:\/\/yoast.com\/product\/yoast-seo-wordpress\/ -->\n<title>Koupit pr\u00e1\u0161ek ADB-PINACA - ADB-PINACA - Nejlep\u0161\u00ed nejlep\u0161\u00ed glob\u00e1ln\u00ed l\u00e9ky<\/title>\n<meta name=\"description\" content=\"Koupit ADB-Pinaca Powder na prodej v Evrop\u011b, Spojen\u00e9m kr\u00e1lovstv\u00ed, EU, \u010c\u00edn\u011b \u010cistota 98 \u200b\u200b% Chemical Stock in Powder\u00a0&amp; CrystalMethiopropamin \/ MPA ADB-Pinaca Powder.\" \/>\n<meta name=\"robots\" content=\"index, follow, max-snippet:-1, max-image-preview:large, max-video-preview:-1\" \/>\n<link rel=\"canonical\" href=\"https:\/\/medicinasinc.com\/cs\/product\/koupit-adb-pinaca-prasek\/\" \/>\n<meta property=\"og:locale\" content=\"en_US\" \/>\n<meta property=\"og:type\" content=\"article\" \/>\n<meta property=\"og:title\" content=\"Koupit pr\u00e1\u0161ek ADB-PINACA - ADB-PINACA - Nejlep\u0161\u00ed nejlep\u0161\u00ed glob\u00e1ln\u00ed l\u00e9ky\" \/>\n<meta property=\"og:description\" content=\"Koupit ADB-Pinaca Powder na prodej v Evrop\u011b, Spojen\u00e9m kr\u00e1lovstv\u00ed, EU, \u010c\u00edn\u011b \u010cistota 98 \u200b\u200b% Chemical Stock in Powder\u00a0&amp; CrystalMethiopropamin \/ MPA ADB-Pinaca Powder.\" \/>\n<meta property=\"og:url\" content=\"https:\/\/medicinasinc.com\/cs\/product\/koupit-adb-pinaca-prasek\/\" \/>\n<meta property=\"og:site_name\" content=\"Medicinas Inc\" \/>\n<meta property=\"article:modified_time\" content=\"2022-03-14T11:48:50+00:00\" \/>\n<meta property=\"og:image\" content=\"https:\/\/medicinasinc.com\/cs\/wp-content\/uploads\/sites\/2\/2022\/02\/Buy-ADB-Pinaca-Powder.png\" \/>\n\t<meta property=\"og:image:width\" content=\"600\" \/>\n\t<meta property=\"og:image:height\" content=\"400\" \/>\n\t<meta property=\"og:image:type\" content=\"image\/png\" \/>\n<meta name=\"twitter:card\" content=\"summary_large_image\" \/>\n<meta name=\"twitter:label1\" content=\"Est. reading time\" \/>\n\t<meta name=\"twitter:data1\" content=\"1 minute\" \/>\n<script type=\"application\/ld+json\" class=\"yoast-schema-graph\">{\"@context\":\"https:\\\/\\\/schema.org\",\"@graph\":[{\"@type\":\"WebPage\",\"@id\":\"https:\\\/\\\/medicinasinc.com\\\/cs\\\/product\\\/koupit-adb-pinaca-prasek\\\/\",\"url\":\"https:\\\/\\\/medicinasinc.com\\\/cs\\\/product\\\/koupit-adb-pinaca-prasek\\\/\",\"name\":\"Koupit pr\u00e1\u0161ek ADB-PINACA - ADB-PINACA - Nejlep\u0161\u00ed nejlep\u0161\u00ed glob\u00e1ln\u00ed l\u00e9ky\",\"isPartOf\":{\"@id\":\"https:\\\/\\\/medicinasinc.com\\\/cs\\\/#website\"},\"primaryImageOfPage\":{\"@id\":\"https:\\\/\\\/medicinasinc.com\\\/cs\\\/product\\\/koupit-adb-pinaca-prasek\\\/#primaryimage\"},\"image\":{\"@id\":\"https:\\\/\\\/medicinasinc.com\\\/cs\\\/product\\\/koupit-adb-pinaca-prasek\\\/#primaryimage\"},\"thumbnailUrl\":\"https:\\\/\\\/medicinasinc.com\\\/cs\\\/wp-content\\\/uploads\\\/sites\\\/2\\\/2022\\\/02\\\/Buy-ADB-Pinaca-Powder.png\",\"datePublished\":\"2022-02-21T23:00:46+00:00\",\"dateModified\":\"2022-03-14T11:48:50+00:00\",\"description\":\"Koupit ADB-Pinaca Powder na prodej v Evrop\u011b, Spojen\u00e9m kr\u00e1lovstv\u00ed, EU, \u010c\u00edn\u011b \u010cistota 98 \u200b\u200b% Chemical Stock in Powder\u00a0&amp; CrystalMethiopropamin \\\/ MPA ADB-Pinaca Powder.\",\"breadcrumb\":{\"@id\":\"https:\\\/\\\/medicinasinc.com\\\/cs\\\/product\\\/koupit-adb-pinaca-prasek\\\/#breadcrumb\"},\"inLanguage\":\"en-US\",\"potentialAction\":[{\"@type\":\"ReadAction\",\"target\":[\"https:\\\/\\\/medicinasinc.com\\\/cs\\\/product\\\/koupit-adb-pinaca-prasek\\\/\"]}]},{\"@type\":\"ImageObject\",\"inLanguage\":\"en-US\",\"@id\":\"https:\\\/\\\/medicinasinc.com\\\/cs\\\/product\\\/koupit-adb-pinaca-prasek\\\/#primaryimage\",\"url\":\"https:\\\/\\\/medicinasinc.com\\\/cs\\\/wp-content\\\/uploads\\\/sites\\\/2\\\/2022\\\/02\\\/Buy-ADB-Pinaca-Powder.png\",\"contentUrl\":\"https:\\\/\\\/medicinasinc.com\\\/cs\\\/wp-content\\\/uploads\\\/sites\\\/2\\\/2022\\\/02\\\/Buy-ADB-Pinaca-Powder.png\",\"width\":600,\"height\":400},{\"@type\":\"BreadcrumbList\",\"@id\":\"https:\\\/\\\/medicinasinc.com\\\/cs\\\/product\\\/koupit-adb-pinaca-prasek\\\/#breadcrumb\",\"itemListElement\":[{\"@type\":\"ListItem\",\"position\":1,\"name\":\"Obchod\",\"item\":\"https:\\\/\\\/medicinasinc.com\\\/cs\\\/obchod\\\/\"},{\"@type\":\"ListItem\",\"position\":2,\"name\":\"Koupit pr\u00e1\u0161ek ADB-PINACA\"}]},{\"@type\":\"WebSite\",\"@id\":\"https:\\\/\\\/medicinasinc.com\\\/cs\\\/#website\",\"url\":\"https:\\\/\\\/medicinasinc.com\\\/cs\\\/\",\"name\":\"Medicinas Inc\",\"description\":\"Health Medical Clinic\",\"potentialAction\":[{\"@type\":\"SearchAction\",\"target\":{\"@type\":\"EntryPoint\",\"urlTemplate\":\"https:\\\/\\\/medicinasinc.com\\\/cs\\\/?s={search_term_string}\"},\"query-input\":{\"@type\":\"PropertyValueSpecification\",\"valueRequired\":true,\"valueName\":\"search_term_string\"}}],\"inLanguage\":\"en-US\"}]}<\/script>\n<!-- \/ Yoast SEO plugin. -->","yoast_head_json":{"title":"Koupit pr\u00e1\u0161ek ADB-PINACA - ADB-PINACA - Nejlep\u0161\u00ed nejlep\u0161\u00ed glob\u00e1ln\u00ed l\u00e9ky","description":"Koupit ADB-Pinaca Powder na prodej v Evrop\u011b, Spojen\u00e9m kr\u00e1lovstv\u00ed, EU, \u010c\u00edn\u011b \u010cistota 98 \u200b\u200b% Chemical Stock in Powder\u00a0&amp; CrystalMethiopropamin \/ MPA ADB-Pinaca Powder.","robots":{"index":"index","follow":"follow","max-snippet":"max-snippet:-1","max-image-preview":"max-image-preview:large","max-video-preview":"max-video-preview:-1"},"canonical":"https:\/\/medicinasinc.com\/cs\/product\/koupit-adb-pinaca-prasek\/","og_locale":"en_US","og_type":"article","og_title":"Koupit pr\u00e1\u0161ek ADB-PINACA - ADB-PINACA - Nejlep\u0161\u00ed nejlep\u0161\u00ed glob\u00e1ln\u00ed l\u00e9ky","og_description":"Koupit ADB-Pinaca Powder na prodej v Evrop\u011b, Spojen\u00e9m kr\u00e1lovstv\u00ed, EU, \u010c\u00edn\u011b \u010cistota 98 \u200b\u200b% Chemical Stock in Powder\u00a0&amp; CrystalMethiopropamin \/ MPA ADB-Pinaca Powder.","og_url":"https:\/\/medicinasinc.com\/cs\/product\/koupit-adb-pinaca-prasek\/","og_site_name":"Medicinas Inc","article_modified_time":"2022-03-14T11:48:50+00:00","og_image":[{"width":600,"height":400,"url":"https:\/\/medicinasinc.com\/cs\/wp-content\/uploads\/sites\/2\/2022\/02\/Buy-ADB-Pinaca-Powder.png","type":"image\/png"}],"twitter_card":"summary_large_image","twitter_misc":{"Est. reading time":"1 minute"},"schema":{"@context":"https:\/\/schema.org","@graph":[{"@type":"WebPage","@id":"https:\/\/medicinasinc.com\/cs\/product\/koupit-adb-pinaca-prasek\/","url":"https:\/\/medicinasinc.com\/cs\/product\/koupit-adb-pinaca-prasek\/","name":"Koupit pr\u00e1\u0161ek ADB-PINACA - ADB-PINACA - Nejlep\u0161\u00ed nejlep\u0161\u00ed glob\u00e1ln\u00ed l\u00e9ky","isPartOf":{"@id":"https:\/\/medicinasinc.com\/cs\/#website"},"primaryImageOfPage":{"@id":"https:\/\/medicinasinc.com\/cs\/product\/koupit-adb-pinaca-prasek\/#primaryimage"},"image":{"@id":"https:\/\/medicinasinc.com\/cs\/product\/koupit-adb-pinaca-prasek\/#primaryimage"},"thumbnailUrl":"https:\/\/medicinasinc.com\/cs\/wp-content\/uploads\/sites\/2\/2022\/02\/Buy-ADB-Pinaca-Powder.png","datePublished":"2022-02-21T23:00:46+00:00","dateModified":"2022-03-14T11:48:50+00:00","description":"Koupit ADB-Pinaca Powder na prodej v Evrop\u011b, Spojen\u00e9m kr\u00e1lovstv\u00ed, EU, \u010c\u00edn\u011b \u010cistota 98 \u200b\u200b% Chemical Stock in Powder\u00a0&amp; CrystalMethiopropamin \/ MPA ADB-Pinaca Powder.","breadcrumb":{"@id":"https:\/\/medicinasinc.com\/cs\/product\/koupit-adb-pinaca-prasek\/#breadcrumb"},"inLanguage":"en-US","potentialAction":[{"@type":"ReadAction","target":["https:\/\/medicinasinc.com\/cs\/product\/koupit-adb-pinaca-prasek\/"]}]},{"@type":"ImageObject","inLanguage":"en-US","@id":"https:\/\/medicinasinc.com\/cs\/product\/koupit-adb-pinaca-prasek\/#primaryimage","url":"https:\/\/medicinasinc.com\/cs\/wp-content\/uploads\/sites\/2\/2022\/02\/Buy-ADB-Pinaca-Powder.png","contentUrl":"https:\/\/medicinasinc.com\/cs\/wp-content\/uploads\/sites\/2\/2022\/02\/Buy-ADB-Pinaca-Powder.png","width":600,"height":400},{"@type":"BreadcrumbList","@id":"https:\/\/medicinasinc.com\/cs\/product\/koupit-adb-pinaca-prasek\/#breadcrumb","itemListElement":[{"@type":"ListItem","position":1,"name":"Obchod","item":"https:\/\/medicinasinc.com\/cs\/obchod\/"},{"@type":"ListItem","position":2,"name":"Koupit pr\u00e1\u0161ek ADB-PINACA"}]},{"@type":"WebSite","@id":"https:\/\/medicinasinc.com\/cs\/#website","url":"https:\/\/medicinasinc.com\/cs\/","name":"Medicinas Inc","description":"Health Medical Clinic","potentialAction":[{"@type":"SearchAction","target":{"@type":"EntryPoint","urlTemplate":"https:\/\/medicinasinc.com\/cs\/?s={search_term_string}"},"query-input":{"@type":"PropertyValueSpecification","valueRequired":true,"valueName":"search_term_string"}}],"inLanguage":"en-US"}]}},"_links":{"self":[{"href":"https:\/\/medicinasinc.com\/cs\/wp-json\/wp\/v2\/product\/5419","targetHints":{"allow":["GET"]}}],"collection":[{"href":"https:\/\/medicinasinc.com\/cs\/wp-json\/wp\/v2\/product"}],"about":[{"href":"https:\/\/medicinasinc.com\/cs\/wp-json\/wp\/v2\/types\/product"}],"replies":[{"embeddable":true,"href":"https:\/\/medicinasinc.com\/cs\/wp-json\/wp\/v2\/comments?post=5419"}],"wp:featuredmedia":[{"embeddable":true,"href":"https:\/\/medicinasinc.com\/cs\/wp-json\/wp\/v2\/media\/5431"}],"wp:attachment":[{"href":"https:\/\/medicinasinc.com\/cs\/wp-json\/wp\/v2\/media?parent=5419"}],"wp:term":[{"taxonomy":"product_brand","embeddable":true,"href":"https:\/\/medicinasinc.com\/cs\/wp-json\/wp\/v2\/product_brand?post=5419"},{"taxonomy":"product_cat","embeddable":true,"href":"https:\/\/medicinasinc.com\/cs\/wp-json\/wp\/v2\/product_cat?post=5419"},{"taxonomy":"product_tag","embeddable":true,"href":"https:\/\/medicinasinc.com\/cs\/wp-json\/wp\/v2\/product_tag?post=5419"}],"curies":[{"name":"wp","href":"https:\/\/api.w.org\/{rel}","templated":true}]}}