{"id":5418,"date":"2022-02-21T22:59:50","date_gmt":"2022-02-21T22:59:50","guid":{"rendered":"https:\/\/medicinasinc.com\/cs\/?post_type=product&#038;p=5418"},"modified":"2022-08-03T11:39:46","modified_gmt":"2022-08-03T11:39:46","slug":"koupit-acetyl-fentanyl-powder-99-pure-online","status":"publish","type":"product","link":"https:\/\/medicinasinc.com\/cs\/product\/koupit-acetyl-fentanyl-powder-99-pure-online\/","title":{"rendered":"Koupit Acetyl Fentanyl Powder (99%+ \u010dist\u00fd) online"},"content":{"rendered":"<p>Zakoupit acetylfentanyl v pr\u00e1\u0161ku (99%+ \u010dist\u00fd) online<\/p>\n<p>KOUPIT ACETYLFENTANYL (HYDROCHLORID)<\/p>\n<p>Acetylfentanyl (hydrochlorid) je b\u011b\u017en\u011b p\u0159edepisovan\u00fd syntetick\u00fd opioid.<\/p>\n<p>\u00da\u010cINKY ACETYL FENTANYLU (CHLORID)<\/p>\n<p>B\u011bhem u\u017e\u00edv\u00e1n\u00ed acetylfentanylu (hydrochlorid) m\u016f\u017ee u\u017eivatel zaznamenat v\u00fdraznou euforii, zlep\u0161en\u00ed n\u00e1lady, zm\u00edrn\u011bn\u00ed bolesti a sedaci.<\/p>\n<p>Z\u00e1cpa, ospalost. , bezv\u011bdom\u00ed a respira\u010dn\u00ed deprese jsou v\u0161echny mo\u017en\u00e9 vedlej\u0161\u00ed \u00fa\u010dinky tohoto l\u00e9ku.<\/p>\n<p>ACETYL FENTANYL (HYDROCHLORID) \u2013 KDE KOUPIT?<\/p>\n<p>Acetylfentanyl (Hydrochlorid) je k dispozici ke koupi online na Online l\u00e9k\u00e1rna All Care Express. Tento produkt lze zakoupit bez l\u00e9ka\u0159sk\u00e9ho p\u0159edpisu za nejvy\u0161\u0161\u00ed dostupn\u00e9 ceny zde. Objednejte si Acetyl Fentanyl (Hydrochlorid) nyn\u00ed online a nechte si jej v\u010das doru\u010dit a\u017e k va\u0161im dve\u0159\u00edm.<\/p>\n","protected":false},"excerpt":{"rendered":"<p>Nakupujte acetylfentanylov\u00fd pr\u00e1\u0161ek (99%+ \u010dist\u00fd) online. Pou\u017e\u00edv\u00e1 se p\u0159i siln\u00e9 p\u0159etrv\u00e1vaj\u00edc\u00ed bolesti, kterou nelze kontrolovat jin\u00fdmi l\u00e9ky. Tento l\u00e9k je siln\u00fd l\u00e9k proti bolesti narkotik.<\/p>\n<p>Nakupte acetylfentanyl online \u2013 z online l\u00e9k\u00e1rny Medicinasinc.com za levn\u00e9 a dostupn\u00e9 ceny s bezpe\u010dn\u00fdm a rychl\u00fdm poplatkem za dopravu zdarma<\/p>\n","protected":false},"featured_media":5429,"comment_status":"open","ping_status":"closed","template":"","meta":[],"product_brand":[],"product_cat":[2014],"product_tag":[],"class_list":{"0":"post-5418","1":"product","2":"type-product","3":"status-publish","4":"has-post-thumbnail","6":"product_cat-koupit-vyzkumne-chemikalie","8":"first","9":"instock","10":"shipping-taxable","11":"purchasable","12":"product-type-variable","13":"has-default-attributes"},"yoast_head":"<!-- This site is optimized with the Yoast SEO plugin v27.3 - https:\/\/yoast.com\/product\/yoast-seo-wordpress\/ -->\n<title>Kupte si acetylfentanylov\u00fd pr\u00e1\u0161ek (99%+ \u010dist\u00fd) online \u2013 nejlep\u0161\u00ed glob\u00e1ln\u00ed l\u00e9ky<\/title>\n<meta name=\"description\" content=\"Koupit Acetyl Fentanyl Powder (99%+ \u010dist\u00fd) online. Pou\u017e\u00edv\u00e1 se p\u0159i siln\u00e9 p\u0159etrv\u00e1vaj\u00edc\u00ed bolesti, kterou nelze kontrolovat jin\u00fdmi l\u00e9ky. Tento l\u00e9k je siln\u00fd narkotick\u00fd l\u00e9k proti bolesti.\" \/>\n<meta name=\"robots\" content=\"index, follow, max-snippet:-1, max-image-preview:large, max-video-preview:-1\" \/>\n<link rel=\"canonical\" href=\"https:\/\/medicinasinc.com\/cs\/product\/koupit-acetyl-fentanyl-powder-99-pure-online\/\" \/>\n<meta property=\"og:locale\" content=\"en_US\" \/>\n<meta property=\"og:type\" content=\"article\" \/>\n<meta property=\"og:title\" content=\"Kupte si acetylfentanylov\u00fd pr\u00e1\u0161ek (99%+ \u010dist\u00fd) online \u2013 nejlep\u0161\u00ed glob\u00e1ln\u00ed l\u00e9ky\" \/>\n<meta property=\"og:description\" content=\"Koupit Acetyl Fentanyl Powder (99%+ \u010dist\u00fd) online. Pou\u017e\u00edv\u00e1 se p\u0159i siln\u00e9 p\u0159etrv\u00e1vaj\u00edc\u00ed bolesti, kterou nelze kontrolovat jin\u00fdmi l\u00e9ky. Tento l\u00e9k je siln\u00fd narkotick\u00fd l\u00e9k proti bolesti.\" \/>\n<meta property=\"og:url\" content=\"https:\/\/medicinasinc.com\/cs\/product\/koupit-acetyl-fentanyl-powder-99-pure-online\/\" \/>\n<meta property=\"og:site_name\" content=\"Medicinas Inc\" \/>\n<meta property=\"article:modified_time\" content=\"2022-08-03T11:39:46+00:00\" \/>\n<meta property=\"og:image\" content=\"https:\/\/medicinasinc.com\/cs\/wp-content\/uploads\/sites\/2\/2022\/02\/Buy-Acetyl-Fentanyl-Powder-99-Pure-online.jpg\" \/>\n\t<meta property=\"og:image:width\" content=\"600\" \/>\n\t<meta property=\"og:image:height\" content=\"600\" \/>\n\t<meta property=\"og:image:type\" content=\"image\/jpeg\" \/>\n<meta name=\"twitter:card\" content=\"summary_large_image\" \/>\n<meta name=\"twitter:label1\" content=\"Est. reading time\" \/>\n\t<meta name=\"twitter:data1\" content=\"1 minute\" \/>\n<script type=\"application\/ld+json\" class=\"yoast-schema-graph\">{\"@context\":\"https:\\\/\\\/schema.org\",\"@graph\":[{\"@type\":\"WebPage\",\"@id\":\"https:\\\/\\\/medicinasinc.com\\\/cs\\\/product\\\/koupit-acetyl-fentanyl-powder-99-pure-online\\\/\",\"url\":\"https:\\\/\\\/medicinasinc.com\\\/cs\\\/product\\\/koupit-acetyl-fentanyl-powder-99-pure-online\\\/\",\"name\":\"Kupte si acetylfentanylov\u00fd pr\u00e1\u0161ek (99%+ \u010dist\u00fd) online \u2013 nejlep\u0161\u00ed glob\u00e1ln\u00ed l\u00e9ky\",\"isPartOf\":{\"@id\":\"https:\\\/\\\/medicinasinc.com\\\/cs\\\/#website\"},\"primaryImageOfPage\":{\"@id\":\"https:\\\/\\\/medicinasinc.com\\\/cs\\\/product\\\/koupit-acetyl-fentanyl-powder-99-pure-online\\\/#primaryimage\"},\"image\":{\"@id\":\"https:\\\/\\\/medicinasinc.com\\\/cs\\\/product\\\/koupit-acetyl-fentanyl-powder-99-pure-online\\\/#primaryimage\"},\"thumbnailUrl\":\"https:\\\/\\\/medicinasinc.com\\\/cs\\\/wp-content\\\/uploads\\\/sites\\\/2\\\/2022\\\/02\\\/Buy-Acetyl-Fentanyl-Powder-99-Pure-online.jpg\",\"datePublished\":\"2022-02-21T22:59:50+00:00\",\"dateModified\":\"2022-08-03T11:39:46+00:00\",\"description\":\"Koupit Acetyl Fentanyl Powder (99%+ \u010dist\u00fd) online. Pou\u017e\u00edv\u00e1 se p\u0159i siln\u00e9 p\u0159etrv\u00e1vaj\u00edc\u00ed bolesti, kterou nelze kontrolovat jin\u00fdmi l\u00e9ky. Tento l\u00e9k je siln\u00fd narkotick\u00fd l\u00e9k proti bolesti.\",\"breadcrumb\":{\"@id\":\"https:\\\/\\\/medicinasinc.com\\\/cs\\\/product\\\/koupit-acetyl-fentanyl-powder-99-pure-online\\\/#breadcrumb\"},\"inLanguage\":\"en-US\",\"potentialAction\":[{\"@type\":\"ReadAction\",\"target\":[\"https:\\\/\\\/medicinasinc.com\\\/cs\\\/product\\\/koupit-acetyl-fentanyl-powder-99-pure-online\\\/\"]}]},{\"@type\":\"ImageObject\",\"inLanguage\":\"en-US\",\"@id\":\"https:\\\/\\\/medicinasinc.com\\\/cs\\\/product\\\/koupit-acetyl-fentanyl-powder-99-pure-online\\\/#primaryimage\",\"url\":\"https:\\\/\\\/medicinasinc.com\\\/cs\\\/wp-content\\\/uploads\\\/sites\\\/2\\\/2022\\\/02\\\/Buy-Acetyl-Fentanyl-Powder-99-Pure-online.jpg\",\"contentUrl\":\"https:\\\/\\\/medicinasinc.com\\\/cs\\\/wp-content\\\/uploads\\\/sites\\\/2\\\/2022\\\/02\\\/Buy-Acetyl-Fentanyl-Powder-99-Pure-online.jpg\",\"width\":600,\"height\":600},{\"@type\":\"BreadcrumbList\",\"@id\":\"https:\\\/\\\/medicinasinc.com\\\/cs\\\/product\\\/koupit-acetyl-fentanyl-powder-99-pure-online\\\/#breadcrumb\",\"itemListElement\":[{\"@type\":\"ListItem\",\"position\":1,\"name\":\"Obchod\",\"item\":\"https:\\\/\\\/medicinasinc.com\\\/cs\\\/obchod\\\/\"},{\"@type\":\"ListItem\",\"position\":2,\"name\":\"Koupit Acetyl Fentanyl Powder (99%+ \u010dist\u00fd) online\"}]},{\"@type\":\"WebSite\",\"@id\":\"https:\\\/\\\/medicinasinc.com\\\/cs\\\/#website\",\"url\":\"https:\\\/\\\/medicinasinc.com\\\/cs\\\/\",\"name\":\"Medicinas Inc\",\"description\":\"Health Medical Clinic\",\"potentialAction\":[{\"@type\":\"SearchAction\",\"target\":{\"@type\":\"EntryPoint\",\"urlTemplate\":\"https:\\\/\\\/medicinasinc.com\\\/cs\\\/?s={search_term_string}\"},\"query-input\":{\"@type\":\"PropertyValueSpecification\",\"valueRequired\":true,\"valueName\":\"search_term_string\"}}],\"inLanguage\":\"en-US\"}]}<\/script>\n<!-- \/ Yoast SEO plugin. -->","yoast_head_json":{"title":"Kupte si acetylfentanylov\u00fd pr\u00e1\u0161ek (99%+ \u010dist\u00fd) online \u2013 nejlep\u0161\u00ed glob\u00e1ln\u00ed l\u00e9ky","description":"Koupit Acetyl Fentanyl Powder (99%+ \u010dist\u00fd) online. Pou\u017e\u00edv\u00e1 se p\u0159i siln\u00e9 p\u0159etrv\u00e1vaj\u00edc\u00ed bolesti, kterou nelze kontrolovat jin\u00fdmi l\u00e9ky. Tento l\u00e9k je siln\u00fd narkotick\u00fd l\u00e9k proti bolesti.","robots":{"index":"index","follow":"follow","max-snippet":"max-snippet:-1","max-image-preview":"max-image-preview:large","max-video-preview":"max-video-preview:-1"},"canonical":"https:\/\/medicinasinc.com\/cs\/product\/koupit-acetyl-fentanyl-powder-99-pure-online\/","og_locale":"en_US","og_type":"article","og_title":"Kupte si acetylfentanylov\u00fd pr\u00e1\u0161ek (99%+ \u010dist\u00fd) online \u2013 nejlep\u0161\u00ed glob\u00e1ln\u00ed l\u00e9ky","og_description":"Koupit Acetyl Fentanyl Powder (99%+ \u010dist\u00fd) online. Pou\u017e\u00edv\u00e1 se p\u0159i siln\u00e9 p\u0159etrv\u00e1vaj\u00edc\u00ed bolesti, kterou nelze kontrolovat jin\u00fdmi l\u00e9ky. Tento l\u00e9k je siln\u00fd narkotick\u00fd l\u00e9k proti bolesti.","og_url":"https:\/\/medicinasinc.com\/cs\/product\/koupit-acetyl-fentanyl-powder-99-pure-online\/","og_site_name":"Medicinas Inc","article_modified_time":"2022-08-03T11:39:46+00:00","og_image":[{"width":600,"height":600,"url":"https:\/\/medicinasinc.com\/cs\/wp-content\/uploads\/sites\/2\/2022\/02\/Buy-Acetyl-Fentanyl-Powder-99-Pure-online.jpg","type":"image\/jpeg"}],"twitter_card":"summary_large_image","twitter_misc":{"Est. reading time":"1 minute"},"schema":{"@context":"https:\/\/schema.org","@graph":[{"@type":"WebPage","@id":"https:\/\/medicinasinc.com\/cs\/product\/koupit-acetyl-fentanyl-powder-99-pure-online\/","url":"https:\/\/medicinasinc.com\/cs\/product\/koupit-acetyl-fentanyl-powder-99-pure-online\/","name":"Kupte si acetylfentanylov\u00fd pr\u00e1\u0161ek (99%+ \u010dist\u00fd) online \u2013 nejlep\u0161\u00ed glob\u00e1ln\u00ed l\u00e9ky","isPartOf":{"@id":"https:\/\/medicinasinc.com\/cs\/#website"},"primaryImageOfPage":{"@id":"https:\/\/medicinasinc.com\/cs\/product\/koupit-acetyl-fentanyl-powder-99-pure-online\/#primaryimage"},"image":{"@id":"https:\/\/medicinasinc.com\/cs\/product\/koupit-acetyl-fentanyl-powder-99-pure-online\/#primaryimage"},"thumbnailUrl":"https:\/\/medicinasinc.com\/cs\/wp-content\/uploads\/sites\/2\/2022\/02\/Buy-Acetyl-Fentanyl-Powder-99-Pure-online.jpg","datePublished":"2022-02-21T22:59:50+00:00","dateModified":"2022-08-03T11:39:46+00:00","description":"Koupit Acetyl Fentanyl Powder (99%+ \u010dist\u00fd) online. Pou\u017e\u00edv\u00e1 se p\u0159i siln\u00e9 p\u0159etrv\u00e1vaj\u00edc\u00ed bolesti, kterou nelze kontrolovat jin\u00fdmi l\u00e9ky. Tento l\u00e9k je siln\u00fd narkotick\u00fd l\u00e9k proti bolesti.","breadcrumb":{"@id":"https:\/\/medicinasinc.com\/cs\/product\/koupit-acetyl-fentanyl-powder-99-pure-online\/#breadcrumb"},"inLanguage":"en-US","potentialAction":[{"@type":"ReadAction","target":["https:\/\/medicinasinc.com\/cs\/product\/koupit-acetyl-fentanyl-powder-99-pure-online\/"]}]},{"@type":"ImageObject","inLanguage":"en-US","@id":"https:\/\/medicinasinc.com\/cs\/product\/koupit-acetyl-fentanyl-powder-99-pure-online\/#primaryimage","url":"https:\/\/medicinasinc.com\/cs\/wp-content\/uploads\/sites\/2\/2022\/02\/Buy-Acetyl-Fentanyl-Powder-99-Pure-online.jpg","contentUrl":"https:\/\/medicinasinc.com\/cs\/wp-content\/uploads\/sites\/2\/2022\/02\/Buy-Acetyl-Fentanyl-Powder-99-Pure-online.jpg","width":600,"height":600},{"@type":"BreadcrumbList","@id":"https:\/\/medicinasinc.com\/cs\/product\/koupit-acetyl-fentanyl-powder-99-pure-online\/#breadcrumb","itemListElement":[{"@type":"ListItem","position":1,"name":"Obchod","item":"https:\/\/medicinasinc.com\/cs\/obchod\/"},{"@type":"ListItem","position":2,"name":"Koupit Acetyl Fentanyl Powder (99%+ \u010dist\u00fd) online"}]},{"@type":"WebSite","@id":"https:\/\/medicinasinc.com\/cs\/#website","url":"https:\/\/medicinasinc.com\/cs\/","name":"Medicinas Inc","description":"Health Medical Clinic","potentialAction":[{"@type":"SearchAction","target":{"@type":"EntryPoint","urlTemplate":"https:\/\/medicinasinc.com\/cs\/?s={search_term_string}"},"query-input":{"@type":"PropertyValueSpecification","valueRequired":true,"valueName":"search_term_string"}}],"inLanguage":"en-US"}]}},"_links":{"self":[{"href":"https:\/\/medicinasinc.com\/cs\/wp-json\/wp\/v2\/product\/5418","targetHints":{"allow":["GET"]}}],"collection":[{"href":"https:\/\/medicinasinc.com\/cs\/wp-json\/wp\/v2\/product"}],"about":[{"href":"https:\/\/medicinasinc.com\/cs\/wp-json\/wp\/v2\/types\/product"}],"replies":[{"embeddable":true,"href":"https:\/\/medicinasinc.com\/cs\/wp-json\/wp\/v2\/comments?post=5418"}],"wp:featuredmedia":[{"embeddable":true,"href":"https:\/\/medicinasinc.com\/cs\/wp-json\/wp\/v2\/media\/5429"}],"wp:attachment":[{"href":"https:\/\/medicinasinc.com\/cs\/wp-json\/wp\/v2\/media?parent=5418"}],"wp:term":[{"taxonomy":"product_brand","embeddable":true,"href":"https:\/\/medicinasinc.com\/cs\/wp-json\/wp\/v2\/product_brand?post=5418"},{"taxonomy":"product_cat","embeddable":true,"href":"https:\/\/medicinasinc.com\/cs\/wp-json\/wp\/v2\/product_cat?post=5418"},{"taxonomy":"product_tag","embeddable":true,"href":"https:\/\/medicinasinc.com\/cs\/wp-json\/wp\/v2\/product_tag?post=5418"}],"curies":[{"name":"wp","href":"https:\/\/api.w.org\/{rel}","templated":true}]}}