{"id":5417,"date":"2022-02-21T22:57:54","date_gmt":"2022-02-21T22:57:54","guid":{"rendered":"https:\/\/medicinasinc.com\/cs\/?post_type=product&#038;p=5417"},"modified":"2022-03-14T11:49:12","modified_gmt":"2022-03-14T11:49:12","slug":"buy-5f-mdmb-2201-5f-mmb-pica-5f-amb-pica","status":"publish","type":"product","link":"https:\/\/medicinasinc.com\/cs\/product\/buy-5f-mdmb-2201-5f-mmb-pica-5f-amb-pica\/","title":{"rendered":"Koupit 5F MDMB 2201 &#8211; 5F-MMB-PICA, 5F-AMB-PICA"},"content":{"rendered":"<h1>Kupte 5f MDMB 2201 Crystals online.<\/h1>\n<p>Kupte si 5f MDMB 2201 Crystals online.<\/p>\n<p>Jedn\u00e1 se o karboxamid indazolu 3, kter\u00fd se za\u010d\u00edn\u00e1 objevovat v produktech ze syntetick\u00e9ho konop\u00ed po cel\u00e9m sv\u011bt\u011b .<\/p>\n<p>Farmakologie:<br \/> 5F-MDMB-2201 je pova\u017eov\u00e1n za velmi \u00fa\u010dinn\u00e9ho agonistu CB1, ale nen\u00ed zn\u00e1mo, zda m\u00e1 silnou selektivitu pro CB1, nebo zda je skute\u010dn\u011b selektivn\u00ed p\u0159i V\u0161echno. V t\u00e9to oblasti bude vy\u017eadov\u00e1no dal\u0161\u00ed testov\u00e1n\u00ed.<\/p>\n<p>Podobn\u00e9 slou\u010deniny:<br \/> 5F-AB-PINACA<br \/> PX-3<br \/> MDMB-FUBINACA<br \/> MDMB-CHMICA<br \/> APINACA<br \/> APICA<br \/> ADB-PINACA<br \/> ADBICA<br \/> ADB-FUBINACA<br \/> ADB-CHMINACA<br \/> AB-PINACA<br \/> AB-FUBINACA<br \/> AB-CHMINACA<br \/> AB-CHFUPYCA<br \/> 5F-APINACA<br \/> 5F-AMB<\/p>\n<p>Z\u00e1kon:<br \/> 5F-MDMB-2201 nen\u00ed zn\u00e1mo v sou\u010dasn\u00e9 dob\u011b pova\u017eov\u00e1na za kontrolovanou l\u00e1tku v jak\u00e9koli zemi nebo hlavn\u00ed jurisdikci, ale m\u016f\u017ee b\u00fdt pova\u017eov\u00e1na za analog 5F-ADB nebo p\u0159\u00edbuzn\u00fdch slou\u010denin. To by mohlo v ur\u010dit\u00fdch jurisdikc\u00edch u\u010dinit jej\u00ed prodej nebo dr\u017een\u00ed nez\u00e1konn\u00e9, tak\u017ee p\u0159i dovozu t\u00e9to chemik\u00e1lie je t\u0159eba db\u00e1t opatrnosti.<br \/> 5F-MDMB-2201 se prod\u00e1v\u00e1 \u010dist\u011b jako v\u00fdzkumn\u00e1 chemik\u00e1lie, a proto nen\u00ed vhodn\u00e1 pro lidskou spot\u0159ebu nebo spot\u0159ebu zv\u00ed\u0159at. M\u011bl by b\u00fdt pou\u017e\u00edv\u00e1n pouze vy\u0161kolen\u00fdm person\u00e1lem v laborato\u0159i nebo forenzn\u00edm prost\u0159ed\u00ed.<\/p>\n","protected":false},"excerpt":{"rendered":"<p>Koupit MMB-2201, 5F MDMB 2201 na prodej Velk\u00e1 Brit\u00e1nie, Evropa (tak\u00e9 zn\u00e1m\u00fd jako 5F-MMB-PICA, 5F-AMB-PICA a I-AMB) je siln\u00fd syntetick\u00fd kanabinoid na b\u00e1zi indol-3-karboxamidu, kter\u00fd byl prod\u00e1v\u00e1n jako designov\u00e1 droga a jako aktivn\u00ed slo\u017eka ve sm\u011bs\u00edch syntetick\u00e9ho konop\u00ed<\/p>\n<p>Online n\u00e1kup krystal\u016f 5f MDMB 2201. 5F-MDMB-2201 je syntetick\u00fd kanabinoid z rodiny indazol\u016f, kter\u00fd je velmi podobn\u00fd zn\u00e1m\u011bj\u0161\u00edmu 5F-MDMB-PINACA.<\/p>\n<p>Nakupte \u010dist\u00fd vysoce kvalitn\u00ed pr\u00e1\u0161ek 5F-MDMB-2201 online za bitcoiny a #8211; Nakupujte leg\u00e1ln\u00ed drogy, v\u00fdzkumn\u00e9 chemik\u00e1lie a surov\u00e9 farmaceutick\u00e9 pr\u00e1\u0161ky online.<\/p>\n<p>5F-MDMB-2201<\/p>\n<p>Objednejte si vzorek k testov\u00e1n\u00ed nebo si kupte 5f-mdmb-2201 na prodej s dopravou zdarma na Spojen\u00e9m kr\u00e1lovstv\u00ed, USA nebo Evrop\u011b.<\/p>\n","protected":false},"featured_media":5427,"comment_status":"open","ping_status":"closed","template":"","meta":[],"product_brand":[],"product_cat":[2596],"product_tag":[2598,2599,2600,2603,2604,2607,2608,2609,2614,2605,2606,2612,2613,2615,2616,2617,2618,2619,2620,2621,2624,2629,2611,2601,2602,2631,2623,2622,2625,2626,2627,2628,2597,2610,2630],"class_list":{"0":"post-5417","1":"product","2":"type-product","3":"status-publish","4":"has-post-thumbnail","6":"product_cat-kanabinoidy-na-prodej","7":"product_tag-4f-mdmb-binaca-uk","8":"product_tag-5f-prek","9":"product_tag-5f-mdmb-2201","10":"product_tag-5f-mdmb-2201-for-sale","11":"product_tag-5f-mdmb-2201-na-prodej-online","12":"product_tag-5f-mdmb-2201-powder-canada","13":"product_tag-5f-mdmb-2201-powder-dosage","14":"product_tag-5f-mdmb-2201-powder-for-sale","15":"product_tag-5f-mdmb-2201-powder-vendor","16":"product_tag-5f-mdmb-2201-prek","17":"product_tag-5f-mdmb-2201-powder-austrlie","18":"product_tag-5f-mdmb-2201-powder-uk","19":"product_tag-5f-mdmb-2201-powder-usa","20":"product_tag-5f-mdmb-2201-reddit","21":"product_tag-5f-mdmb-2201-review","22":"product_tag-5f-mdmb-pinaca-buy","23":"product_tag-5f-sgt-151","24":"product_tag-buy-5f-mdmb-2201","25":"product_tag-buy-5f-mdmb-2201-cannabinoids","26":"product_tag-buy-5f-mdmb-2201-online","27":"product_tag-c-liquid-chemical-suspension","28":"product_tag-ist-5f-mdmb-2201-prek","29":"product_tag-5f-mdmb-2201-dodavatel-prku","30":"product_tag-5f-mdmb-2201-kanabinoidy","31":"product_tag-5f-mdmb-2201-kanabinoidy-na-prodej","32":"product_tag-kde-koupit-5f-mdmb-2201","33":"product_tag-buy-diclazepam-uk","34":"product_tag-koupit-5f-mdmb-2201-powder-online","35":"product_tag-mail-5f-mdmb-2201","36":"product_tag-objednvka-5f-mdmb-2201","37":"product_tag-objednvka-5f-mdmb-2201-online","38":"product_tag-objednvka-5f-mdmb-2201-prek","39":"product_tag-4f-adb-recenze","40":"product_tag-5f-mdmb-2201-powder-review","41":"product_tag-sgt-151-legal","43":"first","44":"instock","45":"shipping-taxable","46":"purchasable","47":"product-type-variable","48":"has-default-attributes"},"yoast_head":"<!-- This site is optimized with the Yoast SEO plugin v27.3 - https:\/\/yoast.com\/product\/yoast-seo-wordpress\/ -->\n<title>Koupit 5F MDMB 2201 - 5F-MMB-PICA, 5F-AMB-PICA a I-AMB<\/title>\n<meta name=\"description\" content=\"Koupit MMB-2201, 5F MDMB 2201 na prodej Velk\u00e1 Brit\u00e1nie, Evropa (tak\u00e9 zn\u00e1m\u00fd jako 5F-MMB-PICA, 5F-AMB-PICA a I-AMB) je siln\u00fd syntetick\u00fd kanabinoid na b\u00e1zi indol-3-karboxamidu, kter\u00fd byl prod\u00e1n jako designov\u00e1 droga a jako aktivn\u00ed slo\u017eka syntetick\u00fdch konopn\u00fdch sm\u011bs\u00ed\" \/>\n<meta name=\"robots\" content=\"index, follow, max-snippet:-1, max-image-preview:large, max-video-preview:-1\" \/>\n<link rel=\"canonical\" href=\"https:\/\/medicinasinc.com\/cs\/product\/buy-5f-mdmb-2201-5f-mmb-pica-5f-amb-pica\/\" \/>\n<meta property=\"og:locale\" content=\"en_US\" \/>\n<meta property=\"og:type\" content=\"article\" \/>\n<meta property=\"og:title\" content=\"Koupit 5F MDMB 2201 - 5F-MMB-PICA, 5F-AMB-PICA a I-AMB\" \/>\n<meta property=\"og:description\" content=\"Koupit MMB-2201, 5F MDMB 2201 na prodej Velk\u00e1 Brit\u00e1nie, Evropa (tak\u00e9 zn\u00e1m\u00fd jako 5F-MMB-PICA, 5F-AMB-PICA a I-AMB) je siln\u00fd syntetick\u00fd kanabinoid na b\u00e1zi indol-3-karboxamidu, kter\u00fd byl prod\u00e1n jako designov\u00e1 droga a jako aktivn\u00ed slo\u017eka syntetick\u00fdch konopn\u00fdch sm\u011bs\u00ed\" \/>\n<meta property=\"og:url\" content=\"https:\/\/medicinasinc.com\/cs\/product\/buy-5f-mdmb-2201-5f-mmb-pica-5f-amb-pica\/\" \/>\n<meta property=\"og:site_name\" content=\"Medicinas Inc\" \/>\n<meta property=\"article:modified_time\" content=\"2022-03-14T11:49:12+00:00\" \/>\n<meta property=\"og:image\" content=\"https:\/\/medicinasinc.com\/cs\/wp-content\/uploads\/sites\/2\/2022\/02\/Buy-5f-MDMB-2201.jpg\" \/>\n\t<meta property=\"og:image:width\" content=\"232\" \/>\n\t<meta property=\"og:image:height\" content=\"217\" \/>\n\t<meta property=\"og:image:type\" content=\"image\/jpeg\" \/>\n<meta name=\"twitter:card\" content=\"summary_large_image\" \/>\n<meta name=\"twitter:label1\" content=\"Est. reading time\" \/>\n\t<meta name=\"twitter:data1\" content=\"1 minute\" \/>\n<script type=\"application\/ld+json\" class=\"yoast-schema-graph\">{\"@context\":\"https:\\\/\\\/schema.org\",\"@graph\":[{\"@type\":\"WebPage\",\"@id\":\"https:\\\/\\\/medicinasinc.com\\\/cs\\\/product\\\/buy-5f-mdmb-2201-5f-mmb-pica-5f-amb-pica\\\/\",\"url\":\"https:\\\/\\\/medicinasinc.com\\\/cs\\\/product\\\/buy-5f-mdmb-2201-5f-mmb-pica-5f-amb-pica\\\/\",\"name\":\"Koupit 5F MDMB 2201 - 5F-MMB-PICA, 5F-AMB-PICA a I-AMB\",\"isPartOf\":{\"@id\":\"https:\\\/\\\/medicinasinc.com\\\/cs\\\/#website\"},\"primaryImageOfPage\":{\"@id\":\"https:\\\/\\\/medicinasinc.com\\\/cs\\\/product\\\/buy-5f-mdmb-2201-5f-mmb-pica-5f-amb-pica\\\/#primaryimage\"},\"image\":{\"@id\":\"https:\\\/\\\/medicinasinc.com\\\/cs\\\/product\\\/buy-5f-mdmb-2201-5f-mmb-pica-5f-amb-pica\\\/#primaryimage\"},\"thumbnailUrl\":\"https:\\\/\\\/medicinasinc.com\\\/cs\\\/wp-content\\\/uploads\\\/sites\\\/2\\\/2022\\\/02\\\/Buy-5f-MDMB-2201.jpg\",\"datePublished\":\"2022-02-21T22:57:54+00:00\",\"dateModified\":\"2022-03-14T11:49:12+00:00\",\"description\":\"Koupit MMB-2201, 5F MDMB 2201 na prodej Velk\u00e1 Brit\u00e1nie, Evropa (tak\u00e9 zn\u00e1m\u00fd jako 5F-MMB-PICA, 5F-AMB-PICA a I-AMB) je siln\u00fd syntetick\u00fd kanabinoid na b\u00e1zi indol-3-karboxamidu, kter\u00fd byl prod\u00e1n jako designov\u00e1 droga a jako aktivn\u00ed slo\u017eka syntetick\u00fdch konopn\u00fdch sm\u011bs\u00ed\",\"breadcrumb\":{\"@id\":\"https:\\\/\\\/medicinasinc.com\\\/cs\\\/product\\\/buy-5f-mdmb-2201-5f-mmb-pica-5f-amb-pica\\\/#breadcrumb\"},\"inLanguage\":\"en-US\",\"potentialAction\":[{\"@type\":\"ReadAction\",\"target\":[\"https:\\\/\\\/medicinasinc.com\\\/cs\\\/product\\\/buy-5f-mdmb-2201-5f-mmb-pica-5f-amb-pica\\\/\"]}]},{\"@type\":\"ImageObject\",\"inLanguage\":\"en-US\",\"@id\":\"https:\\\/\\\/medicinasinc.com\\\/cs\\\/product\\\/buy-5f-mdmb-2201-5f-mmb-pica-5f-amb-pica\\\/#primaryimage\",\"url\":\"https:\\\/\\\/medicinasinc.com\\\/cs\\\/wp-content\\\/uploads\\\/sites\\\/2\\\/2022\\\/02\\\/Buy-5f-MDMB-2201.jpg\",\"contentUrl\":\"https:\\\/\\\/medicinasinc.com\\\/cs\\\/wp-content\\\/uploads\\\/sites\\\/2\\\/2022\\\/02\\\/Buy-5f-MDMB-2201.jpg\",\"width\":232,\"height\":217},{\"@type\":\"BreadcrumbList\",\"@id\":\"https:\\\/\\\/medicinasinc.com\\\/cs\\\/product\\\/buy-5f-mdmb-2201-5f-mmb-pica-5f-amb-pica\\\/#breadcrumb\",\"itemListElement\":[{\"@type\":\"ListItem\",\"position\":1,\"name\":\"Obchod\",\"item\":\"https:\\\/\\\/medicinasinc.com\\\/cs\\\/obchod\\\/\"},{\"@type\":\"ListItem\",\"position\":2,\"name\":\"Koupit 5F MDMB 2201 &#8211; 5F-MMB-PICA, 5F-AMB-PICA\"}]},{\"@type\":\"WebSite\",\"@id\":\"https:\\\/\\\/medicinasinc.com\\\/cs\\\/#website\",\"url\":\"https:\\\/\\\/medicinasinc.com\\\/cs\\\/\",\"name\":\"Medicinas Inc\",\"description\":\"Health Medical Clinic\",\"potentialAction\":[{\"@type\":\"SearchAction\",\"target\":{\"@type\":\"EntryPoint\",\"urlTemplate\":\"https:\\\/\\\/medicinasinc.com\\\/cs\\\/?s={search_term_string}\"},\"query-input\":{\"@type\":\"PropertyValueSpecification\",\"valueRequired\":true,\"valueName\":\"search_term_string\"}}],\"inLanguage\":\"en-US\"}]}<\/script>\n<!-- \/ Yoast SEO plugin. -->","yoast_head_json":{"title":"Koupit 5F MDMB 2201 - 5F-MMB-PICA, 5F-AMB-PICA a I-AMB","description":"Koupit MMB-2201, 5F MDMB 2201 na prodej Velk\u00e1 Brit\u00e1nie, Evropa (tak\u00e9 zn\u00e1m\u00fd jako 5F-MMB-PICA, 5F-AMB-PICA a I-AMB) je siln\u00fd syntetick\u00fd kanabinoid na b\u00e1zi indol-3-karboxamidu, kter\u00fd byl prod\u00e1n jako designov\u00e1 droga a jako aktivn\u00ed slo\u017eka syntetick\u00fdch konopn\u00fdch sm\u011bs\u00ed","robots":{"index":"index","follow":"follow","max-snippet":"max-snippet:-1","max-image-preview":"max-image-preview:large","max-video-preview":"max-video-preview:-1"},"canonical":"https:\/\/medicinasinc.com\/cs\/product\/buy-5f-mdmb-2201-5f-mmb-pica-5f-amb-pica\/","og_locale":"en_US","og_type":"article","og_title":"Koupit 5F MDMB 2201 - 5F-MMB-PICA, 5F-AMB-PICA a I-AMB","og_description":"Koupit MMB-2201, 5F MDMB 2201 na prodej Velk\u00e1 Brit\u00e1nie, Evropa (tak\u00e9 zn\u00e1m\u00fd jako 5F-MMB-PICA, 5F-AMB-PICA a I-AMB) je siln\u00fd syntetick\u00fd kanabinoid na b\u00e1zi indol-3-karboxamidu, kter\u00fd byl prod\u00e1n jako designov\u00e1 droga a jako aktivn\u00ed slo\u017eka syntetick\u00fdch konopn\u00fdch sm\u011bs\u00ed","og_url":"https:\/\/medicinasinc.com\/cs\/product\/buy-5f-mdmb-2201-5f-mmb-pica-5f-amb-pica\/","og_site_name":"Medicinas Inc","article_modified_time":"2022-03-14T11:49:12+00:00","og_image":[{"width":232,"height":217,"url":"https:\/\/medicinasinc.com\/cs\/wp-content\/uploads\/sites\/2\/2022\/02\/Buy-5f-MDMB-2201.jpg","type":"image\/jpeg"}],"twitter_card":"summary_large_image","twitter_misc":{"Est. reading time":"1 minute"},"schema":{"@context":"https:\/\/schema.org","@graph":[{"@type":"WebPage","@id":"https:\/\/medicinasinc.com\/cs\/product\/buy-5f-mdmb-2201-5f-mmb-pica-5f-amb-pica\/","url":"https:\/\/medicinasinc.com\/cs\/product\/buy-5f-mdmb-2201-5f-mmb-pica-5f-amb-pica\/","name":"Koupit 5F MDMB 2201 - 5F-MMB-PICA, 5F-AMB-PICA a I-AMB","isPartOf":{"@id":"https:\/\/medicinasinc.com\/cs\/#website"},"primaryImageOfPage":{"@id":"https:\/\/medicinasinc.com\/cs\/product\/buy-5f-mdmb-2201-5f-mmb-pica-5f-amb-pica\/#primaryimage"},"image":{"@id":"https:\/\/medicinasinc.com\/cs\/product\/buy-5f-mdmb-2201-5f-mmb-pica-5f-amb-pica\/#primaryimage"},"thumbnailUrl":"https:\/\/medicinasinc.com\/cs\/wp-content\/uploads\/sites\/2\/2022\/02\/Buy-5f-MDMB-2201.jpg","datePublished":"2022-02-21T22:57:54+00:00","dateModified":"2022-03-14T11:49:12+00:00","description":"Koupit MMB-2201, 5F MDMB 2201 na prodej Velk\u00e1 Brit\u00e1nie, Evropa (tak\u00e9 zn\u00e1m\u00fd jako 5F-MMB-PICA, 5F-AMB-PICA a I-AMB) je siln\u00fd syntetick\u00fd kanabinoid na b\u00e1zi indol-3-karboxamidu, kter\u00fd byl prod\u00e1n jako designov\u00e1 droga a jako aktivn\u00ed slo\u017eka syntetick\u00fdch konopn\u00fdch sm\u011bs\u00ed","breadcrumb":{"@id":"https:\/\/medicinasinc.com\/cs\/product\/buy-5f-mdmb-2201-5f-mmb-pica-5f-amb-pica\/#breadcrumb"},"inLanguage":"en-US","potentialAction":[{"@type":"ReadAction","target":["https:\/\/medicinasinc.com\/cs\/product\/buy-5f-mdmb-2201-5f-mmb-pica-5f-amb-pica\/"]}]},{"@type":"ImageObject","inLanguage":"en-US","@id":"https:\/\/medicinasinc.com\/cs\/product\/buy-5f-mdmb-2201-5f-mmb-pica-5f-amb-pica\/#primaryimage","url":"https:\/\/medicinasinc.com\/cs\/wp-content\/uploads\/sites\/2\/2022\/02\/Buy-5f-MDMB-2201.jpg","contentUrl":"https:\/\/medicinasinc.com\/cs\/wp-content\/uploads\/sites\/2\/2022\/02\/Buy-5f-MDMB-2201.jpg","width":232,"height":217},{"@type":"BreadcrumbList","@id":"https:\/\/medicinasinc.com\/cs\/product\/buy-5f-mdmb-2201-5f-mmb-pica-5f-amb-pica\/#breadcrumb","itemListElement":[{"@type":"ListItem","position":1,"name":"Obchod","item":"https:\/\/medicinasinc.com\/cs\/obchod\/"},{"@type":"ListItem","position":2,"name":"Koupit 5F MDMB 2201 &#8211; 5F-MMB-PICA, 5F-AMB-PICA"}]},{"@type":"WebSite","@id":"https:\/\/medicinasinc.com\/cs\/#website","url":"https:\/\/medicinasinc.com\/cs\/","name":"Medicinas Inc","description":"Health Medical Clinic","potentialAction":[{"@type":"SearchAction","target":{"@type":"EntryPoint","urlTemplate":"https:\/\/medicinasinc.com\/cs\/?s={search_term_string}"},"query-input":{"@type":"PropertyValueSpecification","valueRequired":true,"valueName":"search_term_string"}}],"inLanguage":"en-US"}]}},"_links":{"self":[{"href":"https:\/\/medicinasinc.com\/cs\/wp-json\/wp\/v2\/product\/5417","targetHints":{"allow":["GET"]}}],"collection":[{"href":"https:\/\/medicinasinc.com\/cs\/wp-json\/wp\/v2\/product"}],"about":[{"href":"https:\/\/medicinasinc.com\/cs\/wp-json\/wp\/v2\/types\/product"}],"replies":[{"embeddable":true,"href":"https:\/\/medicinasinc.com\/cs\/wp-json\/wp\/v2\/comments?post=5417"}],"wp:featuredmedia":[{"embeddable":true,"href":"https:\/\/medicinasinc.com\/cs\/wp-json\/wp\/v2\/media\/5427"}],"wp:attachment":[{"href":"https:\/\/medicinasinc.com\/cs\/wp-json\/wp\/v2\/media?parent=5417"}],"wp:term":[{"taxonomy":"product_brand","embeddable":true,"href":"https:\/\/medicinasinc.com\/cs\/wp-json\/wp\/v2\/product_brand?post=5417"},{"taxonomy":"product_cat","embeddable":true,"href":"https:\/\/medicinasinc.com\/cs\/wp-json\/wp\/v2\/product_cat?post=5417"},{"taxonomy":"product_tag","embeddable":true,"href":"https:\/\/medicinasinc.com\/cs\/wp-json\/wp\/v2\/product_tag?post=5417"}],"curies":[{"name":"wp","href":"https:\/\/api.w.org\/{rel}","templated":true}]}}