{"id":5390,"date":"2022-02-21T22:27:36","date_gmt":"2022-02-21T22:27:36","guid":{"rendered":"https:\/\/medicinasinc.com\/cs\/?post_type=product&#038;p=5390"},"modified":"2022-03-14T11:49:40","modified_gmt":"2022-03-14T11:49:40","slug":"koupit-5-methoxymethylone-prasek-online","status":"publish","type":"product","link":"https:\/\/medicinasinc.com\/cs\/product\/koupit-5-methoxymethylone-prasek-online\/","title":{"rendered":"Koupit 5-Methoxymethylone pr\u00e1\u0161ek online"},"content":{"rendered":"<p>Kupte si pr\u00e1\u0161kov\u00fd 5-Methoxymethylone online.<\/p>\n<p>Katinonov\u00fd designov\u00fd l\u00e9k 2-A1MP neboli 5-Methoxy-Methylone pr\u00e1\u0161ek je chemick\u00e1 slou\u010denina, kter\u00e1 byla nab\u00edzena online jako designov\u00fd l\u00e9k. 5-Methoxy-MDMA je beta-ketonov\u00e1 forma tohoto l\u00e9ku. Zd\u00e1 se, \u017ee molekul\u00e1rn\u00ed struktura nesouvis\u00ed s roz\u0161\u00ed\u0159en\u011bj\u0161\u00edm ozna\u010den\u00edm 2-AIMP\/2-A1MP. P\u0159id\u00e1n\u00ed methoxy skupiny na 5. atom uhl\u00edku aromatick\u00e9ho kruhu odli\u0161uje tyto dv\u011b molekuly od methylonu. Kupte si pr\u00e1\u0161ek 5-methoxymethylonu. Toxicita t\u00e9to slou\u010deniny je st\u00e1le nejasn\u00e1. Kupte si 5-Methoxymethylone na internetu.<\/p>\n<p>Pod n\u00e1zvem 2-A1MP je 5-Methoxy-Methylone v Ma\u010farsku klasifikov\u00e1n jako kontrolovan\u00e1 l\u00e1tka.<\/p>\n<p>Kupte si 5-Methoxymethylone.<\/p>\n<p>Viz tak\u00e9<br \/> Lophophine<br \/> 5-Methylethylone<br \/> 5-Methyl-MDA<br \/> Koupit pr\u00e1\u0161ek BK-MMDMA online<\/p>\n<div class=\"product- next-previous\">\n<div class=\"product-prev\"><\/div><\/div>\n","protected":false},"excerpt":{"rendered":"<div class=\"woocommerce-product-details__short-description\">\n<p>Kupte si 5-Methoxymethylone, kupte si 5-Methoxymethylone pr\u00e1\u0161ek online. Real 5-Methoxymethylone online \u2013 5-Methoxymethylone na prodej | Koupit 5-Methoxymethylon online | Prod\u00e1m 5-Methoxymethylone pr\u00e1\u0161ek na prodej| Koupit levn\u011b pr\u00e1\u0161ek 5-Methoxymethylone | Kde koupit pr\u00e1\u0161ek 5-methoxymethylonu online.<\/p>\n<\/p><\/div>\n","protected":false},"featured_media":5402,"comment_status":"open","ping_status":"closed","template":"","meta":[],"product_brand":[],"product_cat":[2014],"product_tag":[],"class_list":{"0":"post-5390","1":"product","2":"type-product","3":"status-publish","4":"has-post-thumbnail","6":"product_cat-koupit-vyzkumne-chemikalie","8":"first","9":"instock","10":"shipping-taxable","11":"purchasable","12":"product-type-variable","13":"has-default-attributes"},"yoast_head":"<!-- This site is optimized with the Yoast SEO plugin v27.3 - https:\/\/yoast.com\/product\/yoast-seo-wordpress\/ -->\n<title>Koupit 5-Methoxymethylone pr\u00e1\u0161ek online - Nejlep\u0161\u00ed nejlep\u0161\u00ed glob\u00e1ln\u00ed l\u00e9ky<\/title>\n<meta name=\"description\" content=\"Koupit 5-Methoxymethylone, Koupit 5-Methoxymethylone pr\u00e1\u0161ek online. Real 5-Methoxymethylone online \u2013 5-Methoxymethylone na prodej | Koupit 5-Methoxymethylon online | Prod\u00e1m 5-Methoxymethylone pr\u00e1\u0161ek na prodej| Koupit levn\u011b pr\u00e1\u0161ek 5-Methoxymethylone | Kde koupit pr\u00e1\u0161ek 5-methoxymethylonu online.\" \/>\n<meta name=\"robots\" content=\"index, follow, max-snippet:-1, max-image-preview:large, max-video-preview:-1\" \/>\n<link rel=\"canonical\" href=\"https:\/\/medicinasinc.com\/cs\/product\/koupit-5-methoxymethylone-prasek-online\/\" \/>\n<meta property=\"og:locale\" content=\"en_US\" \/>\n<meta property=\"og:type\" content=\"article\" \/>\n<meta property=\"og:title\" content=\"Koupit 5-Methoxymethylone pr\u00e1\u0161ek online - Nejlep\u0161\u00ed nejlep\u0161\u00ed glob\u00e1ln\u00ed l\u00e9ky\" \/>\n<meta property=\"og:description\" content=\"Koupit 5-Methoxymethylone, Koupit 5-Methoxymethylone pr\u00e1\u0161ek online. Real 5-Methoxymethylone online \u2013 5-Methoxymethylone na prodej | Koupit 5-Methoxymethylon online | Prod\u00e1m 5-Methoxymethylone pr\u00e1\u0161ek na prodej| Koupit levn\u011b pr\u00e1\u0161ek 5-Methoxymethylone | Kde koupit pr\u00e1\u0161ek 5-methoxymethylonu online.\" \/>\n<meta property=\"og:url\" content=\"https:\/\/medicinasinc.com\/cs\/product\/koupit-5-methoxymethylone-prasek-online\/\" \/>\n<meta property=\"og:site_name\" content=\"Medicinas Inc\" \/>\n<meta property=\"article:modified_time\" content=\"2022-03-14T11:49:40+00:00\" \/>\n<meta property=\"og:image\" content=\"https:\/\/medicinasinc.com\/cs\/wp-content\/uploads\/sites\/2\/2022\/02\/buy-5-methoxymethylone-powder-online.jpg\" \/>\n\t<meta property=\"og:image:width\" content=\"600\" \/>\n\t<meta property=\"og:image:height\" content=\"600\" \/>\n\t<meta property=\"og:image:type\" content=\"image\/jpeg\" \/>\n<meta name=\"twitter:card\" content=\"summary_large_image\" \/>\n<meta name=\"twitter:label1\" content=\"Est. reading time\" \/>\n\t<meta name=\"twitter:data1\" content=\"1 minute\" \/>\n<script type=\"application\/ld+json\" class=\"yoast-schema-graph\">{\"@context\":\"https:\\\/\\\/schema.org\",\"@graph\":[{\"@type\":\"WebPage\",\"@id\":\"https:\\\/\\\/medicinasinc.com\\\/cs\\\/product\\\/koupit-5-methoxymethylone-prasek-online\\\/\",\"url\":\"https:\\\/\\\/medicinasinc.com\\\/cs\\\/product\\\/koupit-5-methoxymethylone-prasek-online\\\/\",\"name\":\"Koupit 5-Methoxymethylone pr\u00e1\u0161ek online - Nejlep\u0161\u00ed nejlep\u0161\u00ed glob\u00e1ln\u00ed l\u00e9ky\",\"isPartOf\":{\"@id\":\"https:\\\/\\\/medicinasinc.com\\\/cs\\\/#website\"},\"primaryImageOfPage\":{\"@id\":\"https:\\\/\\\/medicinasinc.com\\\/cs\\\/product\\\/koupit-5-methoxymethylone-prasek-online\\\/#primaryimage\"},\"image\":{\"@id\":\"https:\\\/\\\/medicinasinc.com\\\/cs\\\/product\\\/koupit-5-methoxymethylone-prasek-online\\\/#primaryimage\"},\"thumbnailUrl\":\"https:\\\/\\\/medicinasinc.com\\\/cs\\\/wp-content\\\/uploads\\\/sites\\\/2\\\/2022\\\/02\\\/buy-5-methoxymethylone-powder-online.jpg\",\"datePublished\":\"2022-02-21T22:27:36+00:00\",\"dateModified\":\"2022-03-14T11:49:40+00:00\",\"description\":\"Koupit 5-Methoxymethylone, Koupit 5-Methoxymethylone pr\u00e1\u0161ek online. Real 5-Methoxymethylone online \u2013 5-Methoxymethylone na prodej | Koupit 5-Methoxymethylon online | Prod\u00e1m 5-Methoxymethylone pr\u00e1\u0161ek na prodej| Koupit levn\u011b pr\u00e1\u0161ek 5-Methoxymethylone | Kde koupit pr\u00e1\u0161ek 5-methoxymethylonu online.\",\"breadcrumb\":{\"@id\":\"https:\\\/\\\/medicinasinc.com\\\/cs\\\/product\\\/koupit-5-methoxymethylone-prasek-online\\\/#breadcrumb\"},\"inLanguage\":\"en-US\",\"potentialAction\":[{\"@type\":\"ReadAction\",\"target\":[\"https:\\\/\\\/medicinasinc.com\\\/cs\\\/product\\\/koupit-5-methoxymethylone-prasek-online\\\/\"]}]},{\"@type\":\"ImageObject\",\"inLanguage\":\"en-US\",\"@id\":\"https:\\\/\\\/medicinasinc.com\\\/cs\\\/product\\\/koupit-5-methoxymethylone-prasek-online\\\/#primaryimage\",\"url\":\"https:\\\/\\\/medicinasinc.com\\\/cs\\\/wp-content\\\/uploads\\\/sites\\\/2\\\/2022\\\/02\\\/buy-5-methoxymethylone-powder-online.jpg\",\"contentUrl\":\"https:\\\/\\\/medicinasinc.com\\\/cs\\\/wp-content\\\/uploads\\\/sites\\\/2\\\/2022\\\/02\\\/buy-5-methoxymethylone-powder-online.jpg\",\"width\":600,\"height\":600},{\"@type\":\"BreadcrumbList\",\"@id\":\"https:\\\/\\\/medicinasinc.com\\\/cs\\\/product\\\/koupit-5-methoxymethylone-prasek-online\\\/#breadcrumb\",\"itemListElement\":[{\"@type\":\"ListItem\",\"position\":1,\"name\":\"Obchod\",\"item\":\"https:\\\/\\\/medicinasinc.com\\\/cs\\\/obchod\\\/\"},{\"@type\":\"ListItem\",\"position\":2,\"name\":\"Koupit 5-Methoxymethylone pr\u00e1\u0161ek online\"}]},{\"@type\":\"WebSite\",\"@id\":\"https:\\\/\\\/medicinasinc.com\\\/cs\\\/#website\",\"url\":\"https:\\\/\\\/medicinasinc.com\\\/cs\\\/\",\"name\":\"Medicinas Inc\",\"description\":\"Health Medical Clinic\",\"potentialAction\":[{\"@type\":\"SearchAction\",\"target\":{\"@type\":\"EntryPoint\",\"urlTemplate\":\"https:\\\/\\\/medicinasinc.com\\\/cs\\\/?s={search_term_string}\"},\"query-input\":{\"@type\":\"PropertyValueSpecification\",\"valueRequired\":true,\"valueName\":\"search_term_string\"}}],\"inLanguage\":\"en-US\"}]}<\/script>\n<!-- \/ Yoast SEO plugin. -->","yoast_head_json":{"title":"Koupit 5-Methoxymethylone pr\u00e1\u0161ek online - Nejlep\u0161\u00ed nejlep\u0161\u00ed glob\u00e1ln\u00ed l\u00e9ky","description":"Koupit 5-Methoxymethylone, Koupit 5-Methoxymethylone pr\u00e1\u0161ek online. Real 5-Methoxymethylone online \u2013 5-Methoxymethylone na prodej | Koupit 5-Methoxymethylon online | Prod\u00e1m 5-Methoxymethylone pr\u00e1\u0161ek na prodej| Koupit levn\u011b pr\u00e1\u0161ek 5-Methoxymethylone | Kde koupit pr\u00e1\u0161ek 5-methoxymethylonu online.","robots":{"index":"index","follow":"follow","max-snippet":"max-snippet:-1","max-image-preview":"max-image-preview:large","max-video-preview":"max-video-preview:-1"},"canonical":"https:\/\/medicinasinc.com\/cs\/product\/koupit-5-methoxymethylone-prasek-online\/","og_locale":"en_US","og_type":"article","og_title":"Koupit 5-Methoxymethylone pr\u00e1\u0161ek online - Nejlep\u0161\u00ed nejlep\u0161\u00ed glob\u00e1ln\u00ed l\u00e9ky","og_description":"Koupit 5-Methoxymethylone, Koupit 5-Methoxymethylone pr\u00e1\u0161ek online. Real 5-Methoxymethylone online \u2013 5-Methoxymethylone na prodej | Koupit 5-Methoxymethylon online | Prod\u00e1m 5-Methoxymethylone pr\u00e1\u0161ek na prodej| Koupit levn\u011b pr\u00e1\u0161ek 5-Methoxymethylone | Kde koupit pr\u00e1\u0161ek 5-methoxymethylonu online.","og_url":"https:\/\/medicinasinc.com\/cs\/product\/koupit-5-methoxymethylone-prasek-online\/","og_site_name":"Medicinas Inc","article_modified_time":"2022-03-14T11:49:40+00:00","og_image":[{"width":600,"height":600,"url":"https:\/\/medicinasinc.com\/cs\/wp-content\/uploads\/sites\/2\/2022\/02\/buy-5-methoxymethylone-powder-online.jpg","type":"image\/jpeg"}],"twitter_card":"summary_large_image","twitter_misc":{"Est. reading time":"1 minute"},"schema":{"@context":"https:\/\/schema.org","@graph":[{"@type":"WebPage","@id":"https:\/\/medicinasinc.com\/cs\/product\/koupit-5-methoxymethylone-prasek-online\/","url":"https:\/\/medicinasinc.com\/cs\/product\/koupit-5-methoxymethylone-prasek-online\/","name":"Koupit 5-Methoxymethylone pr\u00e1\u0161ek online - Nejlep\u0161\u00ed nejlep\u0161\u00ed glob\u00e1ln\u00ed l\u00e9ky","isPartOf":{"@id":"https:\/\/medicinasinc.com\/cs\/#website"},"primaryImageOfPage":{"@id":"https:\/\/medicinasinc.com\/cs\/product\/koupit-5-methoxymethylone-prasek-online\/#primaryimage"},"image":{"@id":"https:\/\/medicinasinc.com\/cs\/product\/koupit-5-methoxymethylone-prasek-online\/#primaryimage"},"thumbnailUrl":"https:\/\/medicinasinc.com\/cs\/wp-content\/uploads\/sites\/2\/2022\/02\/buy-5-methoxymethylone-powder-online.jpg","datePublished":"2022-02-21T22:27:36+00:00","dateModified":"2022-03-14T11:49:40+00:00","description":"Koupit 5-Methoxymethylone, Koupit 5-Methoxymethylone pr\u00e1\u0161ek online. Real 5-Methoxymethylone online \u2013 5-Methoxymethylone na prodej | Koupit 5-Methoxymethylon online | Prod\u00e1m 5-Methoxymethylone pr\u00e1\u0161ek na prodej| Koupit levn\u011b pr\u00e1\u0161ek 5-Methoxymethylone | Kde koupit pr\u00e1\u0161ek 5-methoxymethylonu online.","breadcrumb":{"@id":"https:\/\/medicinasinc.com\/cs\/product\/koupit-5-methoxymethylone-prasek-online\/#breadcrumb"},"inLanguage":"en-US","potentialAction":[{"@type":"ReadAction","target":["https:\/\/medicinasinc.com\/cs\/product\/koupit-5-methoxymethylone-prasek-online\/"]}]},{"@type":"ImageObject","inLanguage":"en-US","@id":"https:\/\/medicinasinc.com\/cs\/product\/koupit-5-methoxymethylone-prasek-online\/#primaryimage","url":"https:\/\/medicinasinc.com\/cs\/wp-content\/uploads\/sites\/2\/2022\/02\/buy-5-methoxymethylone-powder-online.jpg","contentUrl":"https:\/\/medicinasinc.com\/cs\/wp-content\/uploads\/sites\/2\/2022\/02\/buy-5-methoxymethylone-powder-online.jpg","width":600,"height":600},{"@type":"BreadcrumbList","@id":"https:\/\/medicinasinc.com\/cs\/product\/koupit-5-methoxymethylone-prasek-online\/#breadcrumb","itemListElement":[{"@type":"ListItem","position":1,"name":"Obchod","item":"https:\/\/medicinasinc.com\/cs\/obchod\/"},{"@type":"ListItem","position":2,"name":"Koupit 5-Methoxymethylone pr\u00e1\u0161ek online"}]},{"@type":"WebSite","@id":"https:\/\/medicinasinc.com\/cs\/#website","url":"https:\/\/medicinasinc.com\/cs\/","name":"Medicinas Inc","description":"Health Medical Clinic","potentialAction":[{"@type":"SearchAction","target":{"@type":"EntryPoint","urlTemplate":"https:\/\/medicinasinc.com\/cs\/?s={search_term_string}"},"query-input":{"@type":"PropertyValueSpecification","valueRequired":true,"valueName":"search_term_string"}}],"inLanguage":"en-US"}]}},"_links":{"self":[{"href":"https:\/\/medicinasinc.com\/cs\/wp-json\/wp\/v2\/product\/5390","targetHints":{"allow":["GET"]}}],"collection":[{"href":"https:\/\/medicinasinc.com\/cs\/wp-json\/wp\/v2\/product"}],"about":[{"href":"https:\/\/medicinasinc.com\/cs\/wp-json\/wp\/v2\/types\/product"}],"replies":[{"embeddable":true,"href":"https:\/\/medicinasinc.com\/cs\/wp-json\/wp\/v2\/comments?post=5390"}],"wp:featuredmedia":[{"embeddable":true,"href":"https:\/\/medicinasinc.com\/cs\/wp-json\/wp\/v2\/media\/5402"}],"wp:attachment":[{"href":"https:\/\/medicinasinc.com\/cs\/wp-json\/wp\/v2\/media?parent=5390"}],"wp:term":[{"taxonomy":"product_brand","embeddable":true,"href":"https:\/\/medicinasinc.com\/cs\/wp-json\/wp\/v2\/product_brand?post=5390"},{"taxonomy":"product_cat","embeddable":true,"href":"https:\/\/medicinasinc.com\/cs\/wp-json\/wp\/v2\/product_cat?post=5390"},{"taxonomy":"product_tag","embeddable":true,"href":"https:\/\/medicinasinc.com\/cs\/wp-json\/wp\/v2\/product_tag?post=5390"}],"curies":[{"name":"wp","href":"https:\/\/api.w.org\/{rel}","templated":true}]}}