{"id":5389,"date":"2022-02-21T22:26:02","date_gmt":"2022-02-21T22:26:02","guid":{"rendered":"https:\/\/medicinasinc.com\/cs\/?post_type=product&#038;p=5389"},"modified":"2022-08-03T11:38:36","modified_gmt":"2022-08-03T11:38:36","slug":"buy-5-mapb-powder-crystal","status":"publish","type":"product","link":"https:\/\/medicinasinc.com\/cs\/product\/buy-5-mapb-powder-crystal\/","title":{"rendered":"Koupit 5-MAPB Powder &amp; Krystal"},"content":{"rendered":"<p>Pot\u0159ebujete 5-mapb-crystal a chcete si jej koupit za rozumnou cenu? Nyn\u00ed m\u016f\u017eete nav\u0161t\u00edvit n\u00e1\u0161 internetov\u00fd obchod s chemick\u00fdmi pot\u0159ebami. S pomoc\u00ed Bestglobalmed.com si m\u016f\u017eete koupit 5-mapb-crystal online za dostupn\u00e9 ceny. V na\u0161em internetov\u00e9m chemick\u00e9m obchod\u011b jsme zn\u00e1m\u00fdm prodejcem a dodavatelem, kte\u0159\u00ed jsou v\u00e1m v\u017edy k dispozici. Objednejte si\u00a05-mapb-crystal\u00a0je\u0161t\u011b dnes!<\/p>\n<p>5-mapb-crystal je druh krystalu.<\/p>\n<p>Ve struktu\u0159e a \u00fa\u010dinc\u00edch je 5-MAPB (1-(benzofuran-5-yl) )-N-methylpropan-2-amin) je podobn\u00fd MDMA, syntetick\u00e9mu entaktogenu. 5&#8242;-(2-methyl aminopropyl)benzofuran je syntetick\u00fd entaktogen z chemick\u00e9 skupiny substituovan\u00e9 benzoskupinou (zkr\u00e1cen\u011b 5-MAPB).<\/p>\n<p>Jak 5-mapb-krystal ovliv\u0148uje t\u011blo?<\/p>\n<p>5-mapb-crystal m\u00e1 euforick\u00fd, entaktogenn\u00ed, stimuluj\u00edc\u00ed a m\u00edrn\u011b psychedelick\u00fd \u00fa\u010dinek na lidsk\u00e9 t\u011blo, kdy\u017e je u\u017e\u00edv\u00e1n peror\u00e1ln\u011b.<\/p>\n<p>5 MAPB Crystal je zn\u00e1m\u00fd jako co jin\u00e9ho?<\/p>\n<p>5 MAPB Crystal je tak\u00e9 zn\u00e1m\u00fd jako 5-MAPB.<\/p>\n<p>Jak byste popsali 5 MAPB krystal?<\/p>\n<p>Chemicky je 5 MAPB Crystal molekulou benzofuranu (amfetaminu).<\/p>\n<p>Jak se dostanu k n\u011bjak\u00e9mu krystalu 5-mapb-crystal?<\/p>\n<p>Krystaly 5-mapb-crystal m\u016f\u017eete z\u00edskat z na\u0161\u00ed ofici\u00e1ln\u00ed webov\u00e9 str\u00e1nky a nechat si je doru\u010dit na v\u00e1mi zadanou adresu b\u011bhem p\u00e1r dn\u00ed. Pouze ve Spojen\u00fdch st\u00e1tech, Spojen\u00e9m kr\u00e1lovstv\u00ed, Kanad\u011b, N\u011bmecku a Austr\u00e1lii se zab\u00fdv\u00e1me 5-mapb-crystal. P\u0159ipojte se hned te\u010f!<\/p>\n<p>Jsme p\u0159edn\u00edm poskytovatelem a distributorem vysoce kvalitn\u00edch chemik\u00e1li\u00ed za rozumnou cenu. Z\u00e1kazn\u00edci se mohou snadno c\u00edtit dob\u0159e p\u0159i pr\u00e1ci s na\u0161\u00edm t\u00fdmem odborn\u00edk\u016f. D\u00edky tomu jsou schopni udr\u017eovat dostate\u010dnou z\u00e1sobu a p\u0159ij\u00edmat v\u010dasn\u00e9 dod\u00e1vky k uspokojen\u00ed sv\u00fdch pot\u0159eb. Z\u00e1kazn\u00edci n\u00e1s miluj\u00ed a respektuj\u00ed, proto\u017ee nab\u00edz\u00edme vysoce kvalitn\u00ed produkty za rozumn\u00e9 ceny a vynikaj\u00edc\u00ed slu\u017eby z\u00e1kazn\u00edk\u016fm. Nen\u00ed jen na\u0161\u00ed povinnost\u00ed, ale na\u0161\u00ed zodpov\u011bdnost\u00ed splnit nebo p\u0159ed\u010dit va\u0161e o\u010dek\u00e1v\u00e1n\u00ed. P\u0159ed zakoupen\u00edm mdpt nemus\u00edte nav\u0161t\u00edvit l\u00e9ka\u0159e.<\/p>\n<p>Jdeme v\u00fd\u0161e a v\u00fd\u0161e, abychom se ujistili, \u017ee je klient naprosto spokojen. Usilovat o glob\u00e1ln\u00ed reputaci sv\u00fdch produkt\u016f a slu\u017eeb znamen\u00e1 nastavit ceny v souladu s pr\u016fmyslov\u00fdmi normami.<\/p>\n<p>Nav\u00edc nab\u00edz\u00edme stejnou pozornost v\u0161em va\u0161im objedn\u00e1vk\u00e1m bez ohledu na to, jak velk\u00e9 nebo mal\u00e9 jsou, a sna\u017e\u00edme se aby byla va\u0161e objedn\u00e1vka odesl\u00e1na co nejrychleji.<\/p>\n<p>Po dokon\u010den\u00ed n\u00e1kup\u016f jsme si jisti, \u017ee nebudete zklam\u00e1ni. Abychom v\u00e1m mohli poskytnout nejvy\u0161\u0161\u00ed mo\u017enou \u00farove\u0148 kvality, pou\u017e\u00edv\u00e1me pouze materi\u00e1ly, kter\u00e9 byly po\u0159\u00edzeny z nejlep\u0161\u00edch mo\u017en\u00fdch zdroj\u016f. Obal produktu obdr\u017e\u00edte v diskr\u00e9tn\u00edm balen\u00ed.<\/p>\n<p>D\u00edky na\u0161im bohat\u00fdm znalostem jsme si dok\u00e1zali vybudovat pevnou pozici na trhu chemik\u00e1li\u00ed pro v\u00fdzkum. Jako p\u0159edn\u00ed dodavatel v\u00fdzkumn\u00fdch chemik\u00e1li\u00ed v\u011b\u0159\u00edme v budov\u00e1n\u00ed dlouhodob\u00fdch vztah\u016f s na\u0161imi z\u00e1kazn\u00edky zalo\u017een\u00fdch na d\u016fv\u011b\u0159e.<\/p>\n","protected":false},"excerpt":{"rendered":"<p>M\u016f\u017eete si koupit 5-MAPB Powder Crystal od Medicinasinc.com za rozumnou cenu, stejn\u011b jako 5-MAPB Research Chemicals na prodej. Chemicky zn\u00e1m\u00fd jako 1-(benzofuran-5-yl), 5-MAPB je syntetick\u00fd entaktogen s \u00fa\u010dinky a vlastnostmi, kter\u00e9 jsou velmi podobn\u00e9 MDMA.<\/p>\n<p>5-MAPB Powder &amp; K\u0159i\u0161\u0165\u00e1l 1 oz. je k dispozici ke koupi. Doporu\u010duje se d\u00e1vka 100-200 miligram\u016f 5-MAPB, pr\u00e1\u0161ku podobn\u00e9ho MDMA.<\/p>\n<p>Kupte si Crystal 5-MAPB Pokud hled\u00e1te 5-mapb-krystal za dobrou cenu , u\u017e nehledejte. Pak se rovnou spojte s na\u0161\u00edm chemick\u00fdm obchodem p\u0159es internet.<\/p>\n","protected":false},"featured_media":5400,"comment_status":"open","ping_status":"closed","template":"","meta":[],"product_brand":[],"product_cat":[2014],"product_tag":[2569,2571,2570,2575,2576,2577,2572,2573,2574,2579,2580,2581,2585,2582,2584,2583,2586,2587,2588,2594,2578,2595,2589,2590,2592,2593,2591],"class_list":{"0":"post-5389","1":"product","2":"type-product","3":"status-publish","4":"has-post-thumbnail","6":"product_cat-koupit-vyzkumne-chemikalie","7":"product_tag-5-mapb","8":"product_tag-5-mapb-for-sale-online","9":"product_tag-5-mapb-na-prodej","10":"product_tag-5-mapb-powder-dosage","11":"product_tag-5-mapb-powder-for-sale","12":"product_tag-5-mapb-powder-review","13":"product_tag-5-mapb-prek","14":"product_tag-5-mapb-powder-austrlie","15":"product_tag-5-mapb-powder-canada","16":"product_tag-5-mapb-powder-uk","17":"product_tag-5-mapb-powder-usa","18":"product_tag-5-mapb-powder-vendor","19":"product_tag-5-mapb-recenze","20":"product_tag-5-mapb-reddit","21":"product_tag-5-mapb-research-chemicals-for-sale","22":"product_tag-5-mapb-research-chemicals","23":"product_tag-buy-5-mapb","24":"product_tag-buy-5-mapb-online","25":"product_tag-buy-5-mapb-powder-online","26":"product_tag-ist-5-mapb-prek","27":"product_tag-5-mapb-dodavatel-prku","28":"product_tag-kde-koupit-5-mapb","29":"product_tag-buy-5-mapb-research-chemicals","30":"product_tag-mail-5-mapb","31":"product_tag-objednvka-5-mapb-online","32":"product_tag-objednvka-5-mapb-prek","33":"product_tag-objednvka-5-mapb","35":"first","36":"instock","37":"shipping-taxable","38":"purchasable","39":"product-type-variable","40":"has-default-attributes"},"yoast_head":"<!-- This site is optimized with the Yoast SEO plugin v27.2 - https:\/\/yoast.com\/product\/yoast-seo-wordpress\/ -->\n<title>Koupit 5-MAPB Powder &amp; Crystal - Nejlep\u0161\u00ed nejlep\u0161\u00ed glob\u00e1ln\u00ed l\u00e9ky<\/title>\n<meta name=\"description\" content=\"Kupte si 5-MAPB Powder Crystal online, 5-MAPB Research Chemicals na prodej, objednejte si 5-MAPB Crystal v USA, Velk\u00e9 Brit\u00e1nii za dostupnou cenu z Medicinasinc.com. 5-MAPB (1-(benzofuran-5-yl)-N-methylpropan-2-amin) je entaktogenn\u00ed designov\u00fd l\u00e9k podobn\u00fd MDMA svou strukturou a \u00fa\u010dinky.\" \/>\n<meta name=\"robots\" content=\"index, follow, max-snippet:-1, max-image-preview:large, max-video-preview:-1\" \/>\n<link rel=\"canonical\" href=\"https:\/\/medicinasinc.com\/cs\/product\/buy-5-mapb-powder-crystal\/\" \/>\n<meta property=\"og:locale\" content=\"en_US\" \/>\n<meta property=\"og:type\" content=\"article\" \/>\n<meta property=\"og:title\" content=\"Koupit 5-MAPB Powder &amp; Crystal - Nejlep\u0161\u00ed nejlep\u0161\u00ed glob\u00e1ln\u00ed l\u00e9ky\" \/>\n<meta property=\"og:description\" content=\"Kupte si 5-MAPB Powder Crystal online, 5-MAPB Research Chemicals na prodej, objednejte si 5-MAPB Crystal v USA, Velk\u00e9 Brit\u00e1nii za dostupnou cenu z Medicinasinc.com. 5-MAPB (1-(benzofuran-5-yl)-N-methylpropan-2-amin) je entaktogenn\u00ed designov\u00fd l\u00e9k podobn\u00fd MDMA svou strukturou a \u00fa\u010dinky.\" \/>\n<meta property=\"og:url\" content=\"https:\/\/medicinasinc.com\/cs\/product\/buy-5-mapb-powder-crystal\/\" \/>\n<meta property=\"og:site_name\" content=\"Medicinas Inc\" \/>\n<meta property=\"article:modified_time\" content=\"2022-08-03T11:38:36+00:00\" \/>\n<meta property=\"og:image\" content=\"https:\/\/medicinasinc.com\/cs\/wp-content\/uploads\/sites\/2\/2022\/02\/Buy-5-MAPB-Powder-Crystal.jpg\" \/>\n\t<meta property=\"og:image:width\" content=\"600\" \/>\n\t<meta property=\"og:image:height\" content=\"488\" \/>\n\t<meta property=\"og:image:type\" content=\"image\/jpeg\" \/>\n<meta name=\"twitter:card\" content=\"summary_large_image\" \/>\n<meta name=\"twitter:label1\" content=\"Est. reading time\" \/>\n\t<meta name=\"twitter:data1\" content=\"2 minutes\" \/>\n<script type=\"application\/ld+json\" class=\"yoast-schema-graph\">{\"@context\":\"https:\/\/schema.org\",\"@graph\":[{\"@type\":\"WebPage\",\"@id\":\"https:\/\/medicinasinc.com\/cs\/product\/buy-5-mapb-powder-crystal\/\",\"url\":\"https:\/\/medicinasinc.com\/cs\/product\/buy-5-mapb-powder-crystal\/\",\"name\":\"Koupit 5-MAPB Powder & Crystal - Nejlep\u0161\u00ed nejlep\u0161\u00ed glob\u00e1ln\u00ed l\u00e9ky\",\"isPartOf\":{\"@id\":\"https:\/\/medicinasinc.com\/cs\/#website\"},\"primaryImageOfPage\":{\"@id\":\"https:\/\/medicinasinc.com\/cs\/product\/buy-5-mapb-powder-crystal\/#primaryimage\"},\"image\":{\"@id\":\"https:\/\/medicinasinc.com\/cs\/product\/buy-5-mapb-powder-crystal\/#primaryimage\"},\"thumbnailUrl\":\"https:\/\/medicinasinc.com\/cs\/wp-content\/uploads\/sites\/2\/2022\/02\/Buy-5-MAPB-Powder-Crystal.jpg\",\"datePublished\":\"2022-02-21T22:26:02+00:00\",\"dateModified\":\"2022-08-03T11:38:36+00:00\",\"description\":\"Kupte si 5-MAPB Powder Crystal online, 5-MAPB Research Chemicals na prodej, objednejte si 5-MAPB Crystal v USA, Velk\u00e9 Brit\u00e1nii za dostupnou cenu z Medicinasinc.com. 5-MAPB (1-(benzofuran-5-yl)-N-methylpropan-2-amin) je entaktogenn\u00ed designov\u00fd l\u00e9k podobn\u00fd MDMA svou strukturou a \u00fa\u010dinky.\",\"breadcrumb\":{\"@id\":\"https:\/\/medicinasinc.com\/cs\/product\/buy-5-mapb-powder-crystal\/#breadcrumb\"},\"inLanguage\":\"en-US\",\"potentialAction\":[{\"@type\":\"ReadAction\",\"target\":[\"https:\/\/medicinasinc.com\/cs\/product\/buy-5-mapb-powder-crystal\/\"]}]},{\"@type\":\"ImageObject\",\"inLanguage\":\"en-US\",\"@id\":\"https:\/\/medicinasinc.com\/cs\/product\/buy-5-mapb-powder-crystal\/#primaryimage\",\"url\":\"https:\/\/medicinasinc.com\/cs\/wp-content\/uploads\/sites\/2\/2022\/02\/Buy-5-MAPB-Powder-Crystal.jpg\",\"contentUrl\":\"https:\/\/medicinasinc.com\/cs\/wp-content\/uploads\/sites\/2\/2022\/02\/Buy-5-MAPB-Powder-Crystal.jpg\",\"width\":600,\"height\":488},{\"@type\":\"BreadcrumbList\",\"@id\":\"https:\/\/medicinasinc.com\/cs\/product\/buy-5-mapb-powder-crystal\/#breadcrumb\",\"itemListElement\":[{\"@type\":\"ListItem\",\"position\":1,\"name\":\"Obchod\",\"item\":\"https:\/\/medicinasinc.com\/cs\/obchod\/\"},{\"@type\":\"ListItem\",\"position\":2,\"name\":\"Koupit 5-MAPB Powder &amp; Krystal\"}]},{\"@type\":\"WebSite\",\"@id\":\"https:\/\/medicinasinc.com\/cs\/#website\",\"url\":\"https:\/\/medicinasinc.com\/cs\/\",\"name\":\"Medicinas Inc\",\"description\":\"Health Medical Clinic\",\"potentialAction\":[{\"@type\":\"SearchAction\",\"target\":{\"@type\":\"EntryPoint\",\"urlTemplate\":\"https:\/\/medicinasinc.com\/cs\/?s={search_term_string}\"},\"query-input\":{\"@type\":\"PropertyValueSpecification\",\"valueRequired\":true,\"valueName\":\"search_term_string\"}}],\"inLanguage\":\"en-US\"}]}<\/script>\n<!-- \/ Yoast SEO plugin. -->","yoast_head_json":{"title":"Koupit 5-MAPB Powder & Crystal - Nejlep\u0161\u00ed nejlep\u0161\u00ed glob\u00e1ln\u00ed l\u00e9ky","description":"Kupte si 5-MAPB Powder Crystal online, 5-MAPB Research Chemicals na prodej, objednejte si 5-MAPB Crystal v USA, Velk\u00e9 Brit\u00e1nii za dostupnou cenu z Medicinasinc.com. 5-MAPB (1-(benzofuran-5-yl)-N-methylpropan-2-amin) je entaktogenn\u00ed designov\u00fd l\u00e9k podobn\u00fd MDMA svou strukturou a \u00fa\u010dinky.","robots":{"index":"index","follow":"follow","max-snippet":"max-snippet:-1","max-image-preview":"max-image-preview:large","max-video-preview":"max-video-preview:-1"},"canonical":"https:\/\/medicinasinc.com\/cs\/product\/buy-5-mapb-powder-crystal\/","og_locale":"en_US","og_type":"article","og_title":"Koupit 5-MAPB Powder & Crystal - Nejlep\u0161\u00ed nejlep\u0161\u00ed glob\u00e1ln\u00ed l\u00e9ky","og_description":"Kupte si 5-MAPB Powder Crystal online, 5-MAPB Research Chemicals na prodej, objednejte si 5-MAPB Crystal v USA, Velk\u00e9 Brit\u00e1nii za dostupnou cenu z Medicinasinc.com. 5-MAPB (1-(benzofuran-5-yl)-N-methylpropan-2-amin) je entaktogenn\u00ed designov\u00fd l\u00e9k podobn\u00fd MDMA svou strukturou a \u00fa\u010dinky.","og_url":"https:\/\/medicinasinc.com\/cs\/product\/buy-5-mapb-powder-crystal\/","og_site_name":"Medicinas Inc","article_modified_time":"2022-08-03T11:38:36+00:00","og_image":[{"width":600,"height":488,"url":"https:\/\/medicinasinc.com\/cs\/wp-content\/uploads\/sites\/2\/2022\/02\/Buy-5-MAPB-Powder-Crystal.jpg","type":"image\/jpeg"}],"twitter_card":"summary_large_image","twitter_misc":{"Est. reading time":"2 minutes"},"schema":{"@context":"https:\/\/schema.org","@graph":[{"@type":"WebPage","@id":"https:\/\/medicinasinc.com\/cs\/product\/buy-5-mapb-powder-crystal\/","url":"https:\/\/medicinasinc.com\/cs\/product\/buy-5-mapb-powder-crystal\/","name":"Koupit 5-MAPB Powder & Crystal - Nejlep\u0161\u00ed nejlep\u0161\u00ed glob\u00e1ln\u00ed l\u00e9ky","isPartOf":{"@id":"https:\/\/medicinasinc.com\/cs\/#website"},"primaryImageOfPage":{"@id":"https:\/\/medicinasinc.com\/cs\/product\/buy-5-mapb-powder-crystal\/#primaryimage"},"image":{"@id":"https:\/\/medicinasinc.com\/cs\/product\/buy-5-mapb-powder-crystal\/#primaryimage"},"thumbnailUrl":"https:\/\/medicinasinc.com\/cs\/wp-content\/uploads\/sites\/2\/2022\/02\/Buy-5-MAPB-Powder-Crystal.jpg","datePublished":"2022-02-21T22:26:02+00:00","dateModified":"2022-08-03T11:38:36+00:00","description":"Kupte si 5-MAPB Powder Crystal online, 5-MAPB Research Chemicals na prodej, objednejte si 5-MAPB Crystal v USA, Velk\u00e9 Brit\u00e1nii za dostupnou cenu z Medicinasinc.com. 5-MAPB (1-(benzofuran-5-yl)-N-methylpropan-2-amin) je entaktogenn\u00ed designov\u00fd l\u00e9k podobn\u00fd MDMA svou strukturou a \u00fa\u010dinky.","breadcrumb":{"@id":"https:\/\/medicinasinc.com\/cs\/product\/buy-5-mapb-powder-crystal\/#breadcrumb"},"inLanguage":"en-US","potentialAction":[{"@type":"ReadAction","target":["https:\/\/medicinasinc.com\/cs\/product\/buy-5-mapb-powder-crystal\/"]}]},{"@type":"ImageObject","inLanguage":"en-US","@id":"https:\/\/medicinasinc.com\/cs\/product\/buy-5-mapb-powder-crystal\/#primaryimage","url":"https:\/\/medicinasinc.com\/cs\/wp-content\/uploads\/sites\/2\/2022\/02\/Buy-5-MAPB-Powder-Crystal.jpg","contentUrl":"https:\/\/medicinasinc.com\/cs\/wp-content\/uploads\/sites\/2\/2022\/02\/Buy-5-MAPB-Powder-Crystal.jpg","width":600,"height":488},{"@type":"BreadcrumbList","@id":"https:\/\/medicinasinc.com\/cs\/product\/buy-5-mapb-powder-crystal\/#breadcrumb","itemListElement":[{"@type":"ListItem","position":1,"name":"Obchod","item":"https:\/\/medicinasinc.com\/cs\/obchod\/"},{"@type":"ListItem","position":2,"name":"Koupit 5-MAPB Powder &amp; Krystal"}]},{"@type":"WebSite","@id":"https:\/\/medicinasinc.com\/cs\/#website","url":"https:\/\/medicinasinc.com\/cs\/","name":"Medicinas Inc","description":"Health Medical Clinic","potentialAction":[{"@type":"SearchAction","target":{"@type":"EntryPoint","urlTemplate":"https:\/\/medicinasinc.com\/cs\/?s={search_term_string}"},"query-input":{"@type":"PropertyValueSpecification","valueRequired":true,"valueName":"search_term_string"}}],"inLanguage":"en-US"}]}},"_links":{"self":[{"href":"https:\/\/medicinasinc.com\/cs\/wp-json\/wp\/v2\/product\/5389","targetHints":{"allow":["GET"]}}],"collection":[{"href":"https:\/\/medicinasinc.com\/cs\/wp-json\/wp\/v2\/product"}],"about":[{"href":"https:\/\/medicinasinc.com\/cs\/wp-json\/wp\/v2\/types\/product"}],"replies":[{"embeddable":true,"href":"https:\/\/medicinasinc.com\/cs\/wp-json\/wp\/v2\/comments?post=5389"}],"wp:featuredmedia":[{"embeddable":true,"href":"https:\/\/medicinasinc.com\/cs\/wp-json\/wp\/v2\/media\/5400"}],"wp:attachment":[{"href":"https:\/\/medicinasinc.com\/cs\/wp-json\/wp\/v2\/media?parent=5389"}],"wp:term":[{"taxonomy":"product_brand","embeddable":true,"href":"https:\/\/medicinasinc.com\/cs\/wp-json\/wp\/v2\/product_brand?post=5389"},{"taxonomy":"product_cat","embeddable":true,"href":"https:\/\/medicinasinc.com\/cs\/wp-json\/wp\/v2\/product_cat?post=5389"},{"taxonomy":"product_tag","embeddable":true,"href":"https:\/\/medicinasinc.com\/cs\/wp-json\/wp\/v2\/product_tag?post=5389"}],"curies":[{"name":"wp","href":"https:\/\/api.w.org\/{rel}","templated":true}]}}