{"id":5387,"date":"2022-02-21T22:22:34","date_gmt":"2022-02-21T22:22:34","guid":{"rendered":"https:\/\/medicinasinc.com\/cs\/?post_type=product&#038;p=5387"},"modified":"2022-03-14T11:50:21","modified_gmt":"2022-03-14T11:50:21","slug":"koupit-4-fa-prasek","status":"publish","type":"product","link":"https:\/\/medicinasinc.com\/cs\/product\/koupit-4-fa-prasek\/","title":{"rendered":"Koupit 4-FA pr\u00e1\u0161ek"},"content":{"rendered":"<p>Kupte 4-FA pr\u00e1\u0161ek.<\/p>\n<p>Kupte levn\u011b 4-FA pr\u00e1\u0161ek 1 oz Pure Online.<\/p>\n<p>4-FA (4-fluoramfetamin) je l\u00e9k podobn\u00fd amfetaminu, kter\u00fd m\u00e1 teprve ned\u00e1vno se objevil na nizozemsk\u00e9m trhu. Od roku 2007 do roku 2009 byl prim\u00e1rn\u011b uv\u00e1d\u011bn na trh jako rychlost nebo MDMA. Bylo to proto, \u017ee v t\u00e9 dob\u011b byl pro tyto specialisty nedostatek surovin, tak\u017ee 4-FA byl pou\u017e\u00edv\u00e1n jako specialista na \u0159ez\u00e1n\u00ed. V ka\u017ed\u00e9m p\u0159\u00edpad\u011b od roku 2010 prodejci st\u00e1le \u010dast\u011bji prod\u00e1vaj\u00ed 4-FA jako 4-FA, co\u017e znamen\u00e1, \u017ee kupuj\u00edc\u00ed jej pova\u017euj\u00ed za \u201el\u00e9k na rozhodov\u00e1n\u00ed.\u201c<\/p>\n<p>4-FA je tak\u00e9 zn\u00e1m\u00fd jako 4-FMP , 4-Fluor, 4-Flava, 4-F a Flux. Jde o l\u00e1tku klasifikovanou jako nov\u00e1 psychoaktivn\u00ed l\u00e1tka (NPS). Jedn\u00e1 se o l\u00e1tky, kter\u00e9 byly ned\u00e1vno dostupn\u00e9 a byly vyvinuty jako alternativa k tradi\u010dn\u00edm nez\u00e1konn\u00fdm l\u00e1tk\u00e1m. NPS je tak\u00e9 zn\u00e1m\u00fd jako v\u00fdzkumn\u00e9 syntetick\u00e9 nebo origin\u00e1ln\u00ed drogy. Proveden\u00edm drobn\u00fdch zm\u011bn v aktu\u00e1ln\u00ed struktu\u0159e slou\u010deniny se zm\u011bn\u00ed n\u00e1zev l\u00e1tky a v d\u016fsledku toho se na ni ji\u017e nevztahuje z\u00e1kon o opiu, a je tedy nez\u00e1konn\u00e1. To zt\u011b\u017euje zabr\u00e1n\u011bn\u00ed vytvo\u0159en\u00ed, transakc\u00edm a vlastnictv\u00ed.<\/p>\n<p>4-FA se nej\u010dast\u011bji vyskytuje jako pr\u00e1\u0161ek nebo pilulka. 4-FA se u\u017e\u00edv\u00e1 peror\u00e1ln\u011b ve form\u011b pilulek. Klienti bu\u010f um\u00edst\u00ed pr\u00e1\u0161ek do pouzdra nebo pohybliv\u00e9ho pap\u00edru (bomby), nebo jej v n\u011bkter\u00fdch p\u0159\u00edpadech rozpust\u00ed v n\u00e1poji. Mezi pilulkami 4-FA, pr\u00e1\u0161ky 4-FA a pouzdry 4-FA nen\u00ed \u017e\u00e1dn\u00fd z\u00e1sadn\u00ed rozd\u00edl.<\/p>\n<p>N\u00e1doby jsou vyrobeny z matn\u00e9 nebo sladk\u00e9 hmoty a mohou b\u00fdt jednoduch\u00e9 nebo m\u00edt r\u016fzn\u00e9 t\u00f3ny. Pouzdro m\u016f\u017ee b\u00fdt napln\u011bno \u0161irokou \u0161k\u00e1lou l\u00e1tek. 4-FA, stejn\u011b jako r\u016fzn\u00e9 dal\u0161\u00ed l\u00e1tky, nap\u0159\u00edklad amfetamin (rychlost), MDMA, kofein nebo v\u016fbec nic. N\u011bkter\u00e9 polo\u017eky chytr\u00e9ho obchodu jsou tak\u00e9 v pouzdrech. Pouzdra jsou obvykle v pytli a na obalu je uvedeno, co je uvnit\u0159. Pokud si z\u00e1kazn\u00edci pln\u00ed vlastn\u00ed n\u00e1doby, mohou k ur\u010den\u00ed p\u0159esn\u00e9 d\u00e1vky pou\u017e\u00edt stupnici mg. 4-fa na prodej, kde koupit 4fa, koupit 4-fa, 4-fa na prodej, 4fa na prodej, 4 fas koupit, koupit 4fa, 4-fa koupit, 4-fa na prodej, 4-fa na prodej, 4 -fa na prodej, 4-fa na prodej, 4-fa na prodej, 4-fa na prodej, 4-fa na prodej, 4-fa na prodej, 4-fa na prodej, 4-fa na prodej<\/p>\n<p>To, co n\u011bkdo c\u00edt\u00ed po prvn\u00edm u\u017eit\u00ed 4-FA, je ur\u010deno m\u011b\u0159en\u00edmi. Chcete-li se dozv\u011bd\u011bt v\u00edce, 4-FA lze otestovat v administraci testu (viz menu). \u00da\u010dinky po\u017eit\u00ed 4-FA se projev\u00ed za 20 a\u017e hodinu. 4-FA je dokon\u010den za 4 a\u017e 8 hodin, a\u010dkoli n\u011bkte\u0159\u00ed klienti uv\u00e1d\u011bj\u00ed, \u017ee kone\u010dn\u00e9 v\u00fdsledky mohou trvat a\u017e 12 hodin.<\/p>\n<p>divok\u00fd, jasn\u00fd, vhodn\u00fd a opatrn\u00fd<\/p>\n<p>A siln\u00fd pocit soun\u00e1le\u017eitosti<\/p>\n<p>Dotyk a hudba poskytuj\u00ed extr\u00e9mn\u00ed smyslov\u00fd z\u00e1\u017eitek.<\/p>\n<p>Kontakt, mluven\u00ed a bl\u00edzkost jsou nezbytn\u00e9.<\/p>\n","protected":false},"excerpt":{"rendered":"<p>Nakupte levn\u011b online 4-FA pr\u00e1\u0161ek 1 oz Pure. 4-FA pr\u00e1\u0161ek podobn\u00fd MDMA &amp; Peror\u00e1ln\u00ed metamfetamin<br \/> Doporu\u010den\u00e9 d\u00e1vkov\u00e1n\u00ed: 200 mg.<\/p>\n<p>V na\u0161em obchod\u011b si m\u016f\u017eete zakoupit 4-FMA \u010dist\u00fd. Stejn\u00fdm zp\u016fsobem, jak\u00fdm se vyr\u00e1b\u00ed pr\u00e1\u0161ek, je 4-FMA, tak\u00e9 zn\u00e1m\u00fd jako 4-Fluorometamfetamin, tak\u00e9 psychoaktivn\u00ed l\u00e1tkou.<\/p>\n<p>Pr\u00e1\u0161ek 4-FA je tak\u00e9 zn\u00e1m\u00fd jako para-fluoramfetamin nebo 4-Fluoromfetamin, ale toto nen\u00ed tot\u00e9\u017e. Lid\u00e9, kte\u0159\u00ed studuj\u00ed l\u00e9ky, \u0159\u00edkaj\u00ed, \u017ee tento je velmi dobr\u00fd.<\/p>\n","protected":false},"featured_media":5396,"comment_status":"open","ping_status":"closed","template":"","meta":[],"product_brand":[],"product_cat":[2014],"product_tag":[2502,2503,2504,2506,2507,2508,2505],"class_list":{"0":"post-5387","1":"product","2":"type-product","3":"status-publish","4":"has-post-thumbnail","6":"product_cat-koupit-vyzkumne-chemikalie","7":"product_tag-2-fluoroamfetamin","8":"product_tag-4-fa-efekty","9":"product_tag-4-fa-research-chemical","10":"product_tag-4-fluoroamphetamine-synthesis","11":"product_tag-je-4-fa-legal-in-the-us-2020","12":"product_tag-je-4-fma-legln","13":"product_tag-4-fluoroamfetamin-prvn-status","15":"first","16":"instock","17":"shipping-taxable","18":"purchasable","19":"product-type-variable","20":"has-default-attributes"},"yoast_head":"<!-- This site is optimized with the Yoast SEO plugin v27.3 - https:\/\/yoast.com\/product\/yoast-seo-wordpress\/ -->\n<title>Koupit 4-FA pr\u00e1\u0161ek \u2013 4-fluoramfetamin \u2013 nejlep\u0161\u00ed nejlep\u0161\u00ed glob\u00e1ln\u00ed l\u00e9ky<\/title>\n<meta name=\"description\" content=\"Koupit 4-FA pr\u00e1\u0161ek 4-fluoramfetamin na prodej \u010dist\u00fd online levn\u011b. 4-FA pr\u00e1\u0161ek podobn\u00fd MDMA &amp; Peror\u00e1ln\u00ed metamfetamin\" \/>\n<meta name=\"robots\" content=\"index, follow, max-snippet:-1, max-image-preview:large, max-video-preview:-1\" \/>\n<link rel=\"canonical\" href=\"https:\/\/medicinasinc.com\/cs\/product\/koupit-4-fa-prasek\/\" \/>\n<meta property=\"og:locale\" content=\"en_US\" \/>\n<meta property=\"og:type\" content=\"article\" \/>\n<meta property=\"og:title\" content=\"Koupit 4-FA pr\u00e1\u0161ek \u2013 4-fluoramfetamin \u2013 nejlep\u0161\u00ed nejlep\u0161\u00ed glob\u00e1ln\u00ed l\u00e9ky\" \/>\n<meta property=\"og:description\" content=\"Koupit 4-FA pr\u00e1\u0161ek 4-fluoramfetamin na prodej \u010dist\u00fd online levn\u011b. 4-FA pr\u00e1\u0161ek podobn\u00fd MDMA &amp; Peror\u00e1ln\u00ed metamfetamin\" \/>\n<meta property=\"og:url\" content=\"https:\/\/medicinasinc.com\/cs\/product\/koupit-4-fa-prasek\/\" \/>\n<meta property=\"og:site_name\" content=\"Medicinas Inc\" \/>\n<meta property=\"article:modified_time\" content=\"2022-03-14T11:50:21+00:00\" \/>\n<meta property=\"og:image\" content=\"https:\/\/medicinasinc.com\/cs\/wp-content\/uploads\/sites\/2\/2022\/02\/Buy-4-FA-Powder.jpeg\" \/>\n\t<meta property=\"og:image:width\" content=\"510\" \/>\n\t<meta property=\"og:image:height\" content=\"365\" \/>\n\t<meta property=\"og:image:type\" content=\"image\/jpeg\" \/>\n<meta name=\"twitter:card\" content=\"summary_large_image\" \/>\n<meta name=\"twitter:label1\" content=\"Est. reading time\" \/>\n\t<meta name=\"twitter:data1\" content=\"2 minutes\" \/>\n<script type=\"application\/ld+json\" class=\"yoast-schema-graph\">{\"@context\":\"https:\\\/\\\/schema.org\",\"@graph\":[{\"@type\":\"WebPage\",\"@id\":\"https:\\\/\\\/medicinasinc.com\\\/cs\\\/product\\\/koupit-4-fa-prasek\\\/\",\"url\":\"https:\\\/\\\/medicinasinc.com\\\/cs\\\/product\\\/koupit-4-fa-prasek\\\/\",\"name\":\"Koupit 4-FA pr\u00e1\u0161ek \u2013 4-fluoramfetamin \u2013 nejlep\u0161\u00ed nejlep\u0161\u00ed glob\u00e1ln\u00ed l\u00e9ky\",\"isPartOf\":{\"@id\":\"https:\\\/\\\/medicinasinc.com\\\/cs\\\/#website\"},\"primaryImageOfPage\":{\"@id\":\"https:\\\/\\\/medicinasinc.com\\\/cs\\\/product\\\/koupit-4-fa-prasek\\\/#primaryimage\"},\"image\":{\"@id\":\"https:\\\/\\\/medicinasinc.com\\\/cs\\\/product\\\/koupit-4-fa-prasek\\\/#primaryimage\"},\"thumbnailUrl\":\"https:\\\/\\\/medicinasinc.com\\\/cs\\\/wp-content\\\/uploads\\\/sites\\\/2\\\/2022\\\/02\\\/Buy-4-FA-Powder.jpeg\",\"datePublished\":\"2022-02-21T22:22:34+00:00\",\"dateModified\":\"2022-03-14T11:50:21+00:00\",\"description\":\"Koupit 4-FA pr\u00e1\u0161ek 4-fluoramfetamin na prodej \u010dist\u00fd online levn\u011b. 4-FA pr\u00e1\u0161ek podobn\u00fd MDMA & Peror\u00e1ln\u00ed metamfetamin\",\"breadcrumb\":{\"@id\":\"https:\\\/\\\/medicinasinc.com\\\/cs\\\/product\\\/koupit-4-fa-prasek\\\/#breadcrumb\"},\"inLanguage\":\"en-US\",\"potentialAction\":[{\"@type\":\"ReadAction\",\"target\":[\"https:\\\/\\\/medicinasinc.com\\\/cs\\\/product\\\/koupit-4-fa-prasek\\\/\"]}]},{\"@type\":\"ImageObject\",\"inLanguage\":\"en-US\",\"@id\":\"https:\\\/\\\/medicinasinc.com\\\/cs\\\/product\\\/koupit-4-fa-prasek\\\/#primaryimage\",\"url\":\"https:\\\/\\\/medicinasinc.com\\\/cs\\\/wp-content\\\/uploads\\\/sites\\\/2\\\/2022\\\/02\\\/Buy-4-FA-Powder.jpeg\",\"contentUrl\":\"https:\\\/\\\/medicinasinc.com\\\/cs\\\/wp-content\\\/uploads\\\/sites\\\/2\\\/2022\\\/02\\\/Buy-4-FA-Powder.jpeg\",\"width\":510,\"height\":365},{\"@type\":\"BreadcrumbList\",\"@id\":\"https:\\\/\\\/medicinasinc.com\\\/cs\\\/product\\\/koupit-4-fa-prasek\\\/#breadcrumb\",\"itemListElement\":[{\"@type\":\"ListItem\",\"position\":1,\"name\":\"Obchod\",\"item\":\"https:\\\/\\\/medicinasinc.com\\\/cs\\\/obchod\\\/\"},{\"@type\":\"ListItem\",\"position\":2,\"name\":\"Koupit 4-FA pr\u00e1\u0161ek\"}]},{\"@type\":\"WebSite\",\"@id\":\"https:\\\/\\\/medicinasinc.com\\\/cs\\\/#website\",\"url\":\"https:\\\/\\\/medicinasinc.com\\\/cs\\\/\",\"name\":\"Medicinas Inc\",\"description\":\"Health Medical Clinic\",\"potentialAction\":[{\"@type\":\"SearchAction\",\"target\":{\"@type\":\"EntryPoint\",\"urlTemplate\":\"https:\\\/\\\/medicinasinc.com\\\/cs\\\/?s={search_term_string}\"},\"query-input\":{\"@type\":\"PropertyValueSpecification\",\"valueRequired\":true,\"valueName\":\"search_term_string\"}}],\"inLanguage\":\"en-US\"}]}<\/script>\n<!-- \/ Yoast SEO plugin. -->","yoast_head_json":{"title":"Koupit 4-FA pr\u00e1\u0161ek \u2013 4-fluoramfetamin \u2013 nejlep\u0161\u00ed nejlep\u0161\u00ed glob\u00e1ln\u00ed l\u00e9ky","description":"Koupit 4-FA pr\u00e1\u0161ek 4-fluoramfetamin na prodej \u010dist\u00fd online levn\u011b. 4-FA pr\u00e1\u0161ek podobn\u00fd MDMA & Peror\u00e1ln\u00ed metamfetamin","robots":{"index":"index","follow":"follow","max-snippet":"max-snippet:-1","max-image-preview":"max-image-preview:large","max-video-preview":"max-video-preview:-1"},"canonical":"https:\/\/medicinasinc.com\/cs\/product\/koupit-4-fa-prasek\/","og_locale":"en_US","og_type":"article","og_title":"Koupit 4-FA pr\u00e1\u0161ek \u2013 4-fluoramfetamin \u2013 nejlep\u0161\u00ed nejlep\u0161\u00ed glob\u00e1ln\u00ed l\u00e9ky","og_description":"Koupit 4-FA pr\u00e1\u0161ek 4-fluoramfetamin na prodej \u010dist\u00fd online levn\u011b. 4-FA pr\u00e1\u0161ek podobn\u00fd MDMA & Peror\u00e1ln\u00ed metamfetamin","og_url":"https:\/\/medicinasinc.com\/cs\/product\/koupit-4-fa-prasek\/","og_site_name":"Medicinas Inc","article_modified_time":"2022-03-14T11:50:21+00:00","og_image":[{"width":510,"height":365,"url":"https:\/\/medicinasinc.com\/cs\/wp-content\/uploads\/sites\/2\/2022\/02\/Buy-4-FA-Powder.jpeg","type":"image\/jpeg"}],"twitter_card":"summary_large_image","twitter_misc":{"Est. reading time":"2 minutes"},"schema":{"@context":"https:\/\/schema.org","@graph":[{"@type":"WebPage","@id":"https:\/\/medicinasinc.com\/cs\/product\/koupit-4-fa-prasek\/","url":"https:\/\/medicinasinc.com\/cs\/product\/koupit-4-fa-prasek\/","name":"Koupit 4-FA pr\u00e1\u0161ek \u2013 4-fluoramfetamin \u2013 nejlep\u0161\u00ed nejlep\u0161\u00ed glob\u00e1ln\u00ed l\u00e9ky","isPartOf":{"@id":"https:\/\/medicinasinc.com\/cs\/#website"},"primaryImageOfPage":{"@id":"https:\/\/medicinasinc.com\/cs\/product\/koupit-4-fa-prasek\/#primaryimage"},"image":{"@id":"https:\/\/medicinasinc.com\/cs\/product\/koupit-4-fa-prasek\/#primaryimage"},"thumbnailUrl":"https:\/\/medicinasinc.com\/cs\/wp-content\/uploads\/sites\/2\/2022\/02\/Buy-4-FA-Powder.jpeg","datePublished":"2022-02-21T22:22:34+00:00","dateModified":"2022-03-14T11:50:21+00:00","description":"Koupit 4-FA pr\u00e1\u0161ek 4-fluoramfetamin na prodej \u010dist\u00fd online levn\u011b. 4-FA pr\u00e1\u0161ek podobn\u00fd MDMA & Peror\u00e1ln\u00ed metamfetamin","breadcrumb":{"@id":"https:\/\/medicinasinc.com\/cs\/product\/koupit-4-fa-prasek\/#breadcrumb"},"inLanguage":"en-US","potentialAction":[{"@type":"ReadAction","target":["https:\/\/medicinasinc.com\/cs\/product\/koupit-4-fa-prasek\/"]}]},{"@type":"ImageObject","inLanguage":"en-US","@id":"https:\/\/medicinasinc.com\/cs\/product\/koupit-4-fa-prasek\/#primaryimage","url":"https:\/\/medicinasinc.com\/cs\/wp-content\/uploads\/sites\/2\/2022\/02\/Buy-4-FA-Powder.jpeg","contentUrl":"https:\/\/medicinasinc.com\/cs\/wp-content\/uploads\/sites\/2\/2022\/02\/Buy-4-FA-Powder.jpeg","width":510,"height":365},{"@type":"BreadcrumbList","@id":"https:\/\/medicinasinc.com\/cs\/product\/koupit-4-fa-prasek\/#breadcrumb","itemListElement":[{"@type":"ListItem","position":1,"name":"Obchod","item":"https:\/\/medicinasinc.com\/cs\/obchod\/"},{"@type":"ListItem","position":2,"name":"Koupit 4-FA pr\u00e1\u0161ek"}]},{"@type":"WebSite","@id":"https:\/\/medicinasinc.com\/cs\/#website","url":"https:\/\/medicinasinc.com\/cs\/","name":"Medicinas Inc","description":"Health Medical Clinic","potentialAction":[{"@type":"SearchAction","target":{"@type":"EntryPoint","urlTemplate":"https:\/\/medicinasinc.com\/cs\/?s={search_term_string}"},"query-input":{"@type":"PropertyValueSpecification","valueRequired":true,"valueName":"search_term_string"}}],"inLanguage":"en-US"}]}},"_links":{"self":[{"href":"https:\/\/medicinasinc.com\/cs\/wp-json\/wp\/v2\/product\/5387","targetHints":{"allow":["GET"]}}],"collection":[{"href":"https:\/\/medicinasinc.com\/cs\/wp-json\/wp\/v2\/product"}],"about":[{"href":"https:\/\/medicinasinc.com\/cs\/wp-json\/wp\/v2\/types\/product"}],"replies":[{"embeddable":true,"href":"https:\/\/medicinasinc.com\/cs\/wp-json\/wp\/v2\/comments?post=5387"}],"wp:featuredmedia":[{"embeddable":true,"href":"https:\/\/medicinasinc.com\/cs\/wp-json\/wp\/v2\/media\/5396"}],"wp:attachment":[{"href":"https:\/\/medicinasinc.com\/cs\/wp-json\/wp\/v2\/media?parent=5387"}],"wp:term":[{"taxonomy":"product_brand","embeddable":true,"href":"https:\/\/medicinasinc.com\/cs\/wp-json\/wp\/v2\/product_brand?post=5387"},{"taxonomy":"product_cat","embeddable":true,"href":"https:\/\/medicinasinc.com\/cs\/wp-json\/wp\/v2\/product_cat?post=5387"},{"taxonomy":"product_tag","embeddable":true,"href":"https:\/\/medicinasinc.com\/cs\/wp-json\/wp\/v2\/product_tag?post=5387"}],"curies":[{"name":"wp","href":"https:\/\/api.w.org\/{rel}","templated":true}]}}