{"id":5368,"date":"2022-02-21T21:54:21","date_gmt":"2022-02-21T21:54:21","guid":{"rendered":"https:\/\/medicinasinc.com\/cs\/?post_type=product&#038;p=5368"},"modified":"2022-03-14T11:52:42","modified_gmt":"2022-03-14T11:52:42","slug":"koupit-4-emc-4-ethylmethcathinone","status":"publish","type":"product","link":"https:\/\/medicinasinc.com\/cs\/product\/koupit-4-emc-4-ethylmethcathinone\/","title":{"rendered":"Koupit 4-EMC 4-Ethylmethcathinone"},"content":{"rendered":"<h1 class=\"product_title entry-title\">Koupit 4-EMC 4-Ethylmethcathinone Powder online<\/h1>\n<p><strong>4-EMC je mo\u017en\u00e9 zakoupit online.<\/strong><\/p>\n<p> 2-methylaminopropan-1-on, monohydrochlorid je \u00fapln\u00fd n\u00e1zev IUPAC pro 4-EMC, kter\u00fd pat\u0159\u00ed do t\u0159\u00eddy v\u00fdzkumn\u00fdch slou\u010denin zn\u00e1m\u00fdch jako stimulanty centr\u00e1ln\u00edho nervov\u00e9ho syst\u00e9mu. 4-EMC je tak\u00e9 zn\u00e1m\u00fd jako 4-ethylfenol.<\/p>\n<p>Entaktogen a stimulant, 4-Ethylmethcathinone (4-EMC) je rekrea\u010dn\u00ed designov\u00e1 droga. je strukturn\u00ed izomer 4-MEC<\/p>\n<p>C12H17NO je molekul\u00e1rn\u00ed vzorec 4-EMC, kter\u00fd pat\u0159\u00ed do chemick\u00fdch rodin fenetylaminu a amfetaminu. V receptu je 191,270 g\/m\u011bs\u00edc. Kde koupit 4-EMC<\/p>\n<p>P\u0159edstavujeme nov\u00fd katinonov\u00fd produkt, kter\u00fd lze pou\u017e\u00edt pro sofistikovan\u00e9 v\u011bdeck\u00e9 studie kv\u016fli vysok\u00e9 popt\u00e1vce na trhu. 4-ethylmethcathinone je izomern\u00ed verze mefedronu, kter\u00fd je v sou\u010dasnosti zak\u00e1z\u00e1n, a v\u0161echny zm\u00edn\u011bn\u00e9 slou\u010deniny maj\u00ed stimula\u010dn\u00ed a entaktogenn\u00ed \u00fa\u010dinky.<\/p>\n<p>Dopamin a serotonin jsou nejpravd\u011bpodobn\u011bj\u0161\u00edmi prim\u00e1rn\u00edmi c\u00edli 4-EMC, co\u017e je typick\u00e9 pro tuto chemickou t\u0159\u00eddu a p\u0159edpokl\u00e1d\u00e1 se, \u017ee br\u00e1n\u00ed zp\u011btn\u00e9mu vychyt\u00e1v\u00e1n\u00ed v synaptick\u00e9 \u0161t\u011brbin\u011b d\u016fle\u017eit\u00fdch neurotransmiter\u016f.<\/p>\n<p>L\u00e1tka je krystalick\u00fd pr\u00e1\u0161ek, kterou lze snadno vyrobit pro testov\u00e1n\u00ed bez rizika vnesen\u00ed ne\u010distot za norm\u00e1ln\u00edch podm\u00ednek. Ve vod\u011b rozpustn\u00fd 4-EMC mus\u00ed b\u00fdt skladov\u00e1n v such\u00e9m, vzduchot\u011bsn\u00e9m prost\u0159ed\u00ed.<\/p>\n<p>V\u00fdzkumn\u00edci maj\u00ed jedine\u010dnou p\u0159\u00edle\u017eitost zmapovat profil l\u00e1tky od za\u010d\u00e1tku, proto\u017ee v minulosti nebyla d\u016fkladn\u011b prozkoum\u00e1na a v\u011bt\u0161ina z toho v\u00edme o n\u00ed p\u0159ich\u00e1z\u00ed prost\u0159ednictv\u00edm paralel k podobn\u00fdm l\u00e1tk\u00e1m. P\u0159i prov\u00e1d\u011bn\u00ed experiment\u016f je d\u016fle\u017eit\u00e9 m\u00edt na pam\u011bti novost chemik\u00e1lie a poskytnout prostor pro chyby. P\u0159idru\u017een\u00ed k 4-EMC<\/p>\n","protected":false},"excerpt":{"rendered":"<p>Kde koupit pr\u00e1\u0161kov\u00fd 4-EMC 4-Ethylmethcathinone? Stimulant a entaktogen, spad\u00e1 do druh\u00e9 kategorie. Struktur\u00e1ln\u00ed izomery 4-MEC lze nal\u00e9zt zde.<\/p>\n<p>4-EMC 4-Ethylmethcathinone Crystal Powder na prodej v Evrop\u011b, EU a Spojen\u00e9m kr\u00e1lovstv\u00ed. Stimulant a entaktogen, spad\u00e1 do druh\u00e9 kategorie. 4-MEC je strukturn\u00ed izomer t\u00e9to slou\u010deniny.<\/p>\n<p>Rodina kathinon\u016f zahrnuje 4-EMC (tak\u00e9 zn\u00e1m\u00fd jako 4-ethylmethcathinone), novou v\u00fdzkumnou molekulu. Mezi chemick\u00fdmi v\u00fdzkumn\u00edky je 4-EMC preferovanou volbou kv\u016fli sv\u00fdm stimula\u010dn\u00edm a entaktogenn\u00edm vlastnostem.<\/p>\n<h1>Kupte 4-EMC online<\/h1>\n<p>Kdy\u017e si koup\u00edte 4-EMC online, p\u0159\u00e1n\u00ed je kvalita Drug Online je vysoce kvalitn\u00ed v\u00fdzkumn\u00e1 chemik\u00e1lie. M\u016f\u017eete si koupit 4-EMC na prodej online za velkoobchodn\u00ed cenu od d\u016fv\u011bryhodn\u00e9ho dodavatele Top mark chemical.com Bezpe\u010dn\u00e1 doprava 4-EMC do USA, Nizozemska, Irska, EU, Spojen\u00e9ho kr\u00e1lovstv\u00ed a dal\u0161\u00edch zem\u00ed. <a href=\"https:\/\/www.bestglobalmeds.com\/product\/research-chemicals\/4-emc\/\">Koupit 4-EMC online<\/a><\/p>\n<p>Cas No: 1225622-14- 9<br \/> Vzorec: C12H17NO<br \/> IUPAC: 1-(4-ethylfenyl)-2-(methylamino)propan-1-on<br \/> Vzhled: B\u00edl\u00e9\/\u017elutav\u00e9 krystaly<br \/> \u010cistota:<\/p>\n","protected":false},"featured_media":5380,"comment_status":"open","ping_status":"closed","template":"","meta":[],"product_brand":[],"product_cat":[2014],"product_tag":[2485,2487,2489,2490,2491,2492,2486,2499,2496,2500,2501,2488,2493,2494,2495,2498,2497],"class_list":{"0":"post-5368","1":"product","2":"type-product","3":"status-publish","4":"has-post-thumbnail","6":"product_cat-koupit-vyzkumne-chemikalie","7":"product_tag-4-mec-na-prodej","8":"product_tag-4-mecsupplier-online","9":"product_tag-buy-4-mec-crystal-online","10":"product_tag-buy-4-mec-crystals-with-worldwide-shipping","11":"product_tag-buy-4-mec-online","12":"product_tag-buy-4-mec-online-for-sale","13":"product_tag-4-mec-dodavatel","14":"product_tag-dvryhodn-vendor-for-4-mec-online","15":"product_tag-how-can-i-get-4-mec-research-chemicals","16":"product_tag-kde-na-koupit-4-mec-online","17":"product_tag-kde-zskat-4-mec-krystaly-online","18":"product_tag-buy-4-mec","19":"product_tag-koupit-4-mec-research-chemicals-online","20":"product_tag-buy-4-meconline-usa","21":"product_tag-koupit-vzkumn-chemiklie-na-prodej-online","22":"product_tag-objednat-levn-4-mec-online","23":"product_tag-objednvka-4-mec-online","25":"first","26":"instock","27":"shipping-taxable","28":"purchasable","29":"product-type-variable","30":"has-default-attributes"},"yoast_head":"<!-- This site is optimized with the Yoast SEO plugin v27.3 - https:\/\/yoast.com\/product\/yoast-seo-wordpress\/ -->\n<title>Koupit 4-Ethylmethcathinone \u2013 Koupit 4-EMC \u2013 Nejlep\u0161\u00ed nejlep\u0161\u00ed glob\u00e1ln\u00ed l\u00e9ky<\/title>\n<meta name=\"description\" content=\"Koupit krystalov\u00fd pr\u00e1\u0161ek 4-EMC 4-ethylmethcathinone na prodej online v Evrop\u011b, EU, Spojen\u00e9m kr\u00e1lovstv\u00ed. Pat\u0159\u00ed do t\u0159\u00eddy stimulant\u016f a entaktogen\u016f. Je to strukturn\u00ed izomer 4-MEC.\" \/>\n<meta name=\"robots\" content=\"index, follow, max-snippet:-1, max-image-preview:large, max-video-preview:-1\" \/>\n<link rel=\"canonical\" href=\"https:\/\/medicinasinc.com\/cs\/product\/koupit-4-emc-4-ethylmethcathinone\/\" \/>\n<meta property=\"og:locale\" content=\"en_US\" \/>\n<meta property=\"og:type\" content=\"article\" \/>\n<meta property=\"og:title\" content=\"Koupit 4-Ethylmethcathinone \u2013 Koupit 4-EMC \u2013 Nejlep\u0161\u00ed nejlep\u0161\u00ed glob\u00e1ln\u00ed l\u00e9ky\" \/>\n<meta property=\"og:description\" content=\"Koupit krystalov\u00fd pr\u00e1\u0161ek 4-EMC 4-ethylmethcathinone na prodej online v Evrop\u011b, EU, Spojen\u00e9m kr\u00e1lovstv\u00ed. Pat\u0159\u00ed do t\u0159\u00eddy stimulant\u016f a entaktogen\u016f. Je to strukturn\u00ed izomer 4-MEC.\" \/>\n<meta property=\"og:url\" content=\"https:\/\/medicinasinc.com\/cs\/product\/koupit-4-emc-4-ethylmethcathinone\/\" \/>\n<meta property=\"og:site_name\" content=\"Medicinas Inc\" \/>\n<meta property=\"article:modified_time\" content=\"2022-03-14T11:52:42+00:00\" \/>\n<meta property=\"og:image\" content=\"https:\/\/medicinasinc.com\/cs\/wp-content\/uploads\/sites\/2\/2022\/02\/Buy-4-EMC.jpg\" \/>\n\t<meta property=\"og:image:width\" content=\"230\" \/>\n\t<meta property=\"og:image:height\" content=\"230\" \/>\n\t<meta property=\"og:image:type\" content=\"image\/jpeg\" \/>\n<meta name=\"twitter:card\" content=\"summary_large_image\" \/>\n<meta name=\"twitter:label1\" content=\"Est. reading time\" \/>\n\t<meta name=\"twitter:data1\" content=\"2 minutes\" \/>\n<script type=\"application\/ld+json\" class=\"yoast-schema-graph\">{\"@context\":\"https:\\\/\\\/schema.org\",\"@graph\":[{\"@type\":\"WebPage\",\"@id\":\"https:\\\/\\\/medicinasinc.com\\\/cs\\\/product\\\/koupit-4-emc-4-ethylmethcathinone\\\/\",\"url\":\"https:\\\/\\\/medicinasinc.com\\\/cs\\\/product\\\/koupit-4-emc-4-ethylmethcathinone\\\/\",\"name\":\"Koupit 4-Ethylmethcathinone \u2013 Koupit 4-EMC \u2013 Nejlep\u0161\u00ed nejlep\u0161\u00ed glob\u00e1ln\u00ed l\u00e9ky\",\"isPartOf\":{\"@id\":\"https:\\\/\\\/medicinasinc.com\\\/cs\\\/#website\"},\"primaryImageOfPage\":{\"@id\":\"https:\\\/\\\/medicinasinc.com\\\/cs\\\/product\\\/koupit-4-emc-4-ethylmethcathinone\\\/#primaryimage\"},\"image\":{\"@id\":\"https:\\\/\\\/medicinasinc.com\\\/cs\\\/product\\\/koupit-4-emc-4-ethylmethcathinone\\\/#primaryimage\"},\"thumbnailUrl\":\"https:\\\/\\\/medicinasinc.com\\\/cs\\\/wp-content\\\/uploads\\\/sites\\\/2\\\/2022\\\/02\\\/Buy-4-EMC.jpg\",\"datePublished\":\"2022-02-21T21:54:21+00:00\",\"dateModified\":\"2022-03-14T11:52:42+00:00\",\"description\":\"Koupit krystalov\u00fd pr\u00e1\u0161ek 4-EMC 4-ethylmethcathinone na prodej online v Evrop\u011b, EU, Spojen\u00e9m kr\u00e1lovstv\u00ed. Pat\u0159\u00ed do t\u0159\u00eddy stimulant\u016f a entaktogen\u016f. Je to strukturn\u00ed izomer 4-MEC.\",\"breadcrumb\":{\"@id\":\"https:\\\/\\\/medicinasinc.com\\\/cs\\\/product\\\/koupit-4-emc-4-ethylmethcathinone\\\/#breadcrumb\"},\"inLanguage\":\"en-US\",\"potentialAction\":[{\"@type\":\"ReadAction\",\"target\":[\"https:\\\/\\\/medicinasinc.com\\\/cs\\\/product\\\/koupit-4-emc-4-ethylmethcathinone\\\/\"]}]},{\"@type\":\"ImageObject\",\"inLanguage\":\"en-US\",\"@id\":\"https:\\\/\\\/medicinasinc.com\\\/cs\\\/product\\\/koupit-4-emc-4-ethylmethcathinone\\\/#primaryimage\",\"url\":\"https:\\\/\\\/medicinasinc.com\\\/cs\\\/wp-content\\\/uploads\\\/sites\\\/2\\\/2022\\\/02\\\/Buy-4-EMC.jpg\",\"contentUrl\":\"https:\\\/\\\/medicinasinc.com\\\/cs\\\/wp-content\\\/uploads\\\/sites\\\/2\\\/2022\\\/02\\\/Buy-4-EMC.jpg\",\"width\":230,\"height\":230},{\"@type\":\"BreadcrumbList\",\"@id\":\"https:\\\/\\\/medicinasinc.com\\\/cs\\\/product\\\/koupit-4-emc-4-ethylmethcathinone\\\/#breadcrumb\",\"itemListElement\":[{\"@type\":\"ListItem\",\"position\":1,\"name\":\"Obchod\",\"item\":\"https:\\\/\\\/medicinasinc.com\\\/cs\\\/obchod\\\/\"},{\"@type\":\"ListItem\",\"position\":2,\"name\":\"Koupit 4-EMC 4-Ethylmethcathinone\"}]},{\"@type\":\"WebSite\",\"@id\":\"https:\\\/\\\/medicinasinc.com\\\/cs\\\/#website\",\"url\":\"https:\\\/\\\/medicinasinc.com\\\/cs\\\/\",\"name\":\"Medicinas Inc\",\"description\":\"Health Medical Clinic\",\"potentialAction\":[{\"@type\":\"SearchAction\",\"target\":{\"@type\":\"EntryPoint\",\"urlTemplate\":\"https:\\\/\\\/medicinasinc.com\\\/cs\\\/?s={search_term_string}\"},\"query-input\":{\"@type\":\"PropertyValueSpecification\",\"valueRequired\":true,\"valueName\":\"search_term_string\"}}],\"inLanguage\":\"en-US\"}]}<\/script>\n<!-- \/ Yoast SEO plugin. -->","yoast_head_json":{"title":"Koupit 4-Ethylmethcathinone \u2013 Koupit 4-EMC \u2013 Nejlep\u0161\u00ed nejlep\u0161\u00ed glob\u00e1ln\u00ed l\u00e9ky","description":"Koupit krystalov\u00fd pr\u00e1\u0161ek 4-EMC 4-ethylmethcathinone na prodej online v Evrop\u011b, EU, Spojen\u00e9m kr\u00e1lovstv\u00ed. Pat\u0159\u00ed do t\u0159\u00eddy stimulant\u016f a entaktogen\u016f. Je to strukturn\u00ed izomer 4-MEC.","robots":{"index":"index","follow":"follow","max-snippet":"max-snippet:-1","max-image-preview":"max-image-preview:large","max-video-preview":"max-video-preview:-1"},"canonical":"https:\/\/medicinasinc.com\/cs\/product\/koupit-4-emc-4-ethylmethcathinone\/","og_locale":"en_US","og_type":"article","og_title":"Koupit 4-Ethylmethcathinone \u2013 Koupit 4-EMC \u2013 Nejlep\u0161\u00ed nejlep\u0161\u00ed glob\u00e1ln\u00ed l\u00e9ky","og_description":"Koupit krystalov\u00fd pr\u00e1\u0161ek 4-EMC 4-ethylmethcathinone na prodej online v Evrop\u011b, EU, Spojen\u00e9m kr\u00e1lovstv\u00ed. Pat\u0159\u00ed do t\u0159\u00eddy stimulant\u016f a entaktogen\u016f. Je to strukturn\u00ed izomer 4-MEC.","og_url":"https:\/\/medicinasinc.com\/cs\/product\/koupit-4-emc-4-ethylmethcathinone\/","og_site_name":"Medicinas Inc","article_modified_time":"2022-03-14T11:52:42+00:00","og_image":[{"width":230,"height":230,"url":"https:\/\/medicinasinc.com\/cs\/wp-content\/uploads\/sites\/2\/2022\/02\/Buy-4-EMC.jpg","type":"image\/jpeg"}],"twitter_card":"summary_large_image","twitter_misc":{"Est. reading time":"2 minutes"},"schema":{"@context":"https:\/\/schema.org","@graph":[{"@type":"WebPage","@id":"https:\/\/medicinasinc.com\/cs\/product\/koupit-4-emc-4-ethylmethcathinone\/","url":"https:\/\/medicinasinc.com\/cs\/product\/koupit-4-emc-4-ethylmethcathinone\/","name":"Koupit 4-Ethylmethcathinone \u2013 Koupit 4-EMC \u2013 Nejlep\u0161\u00ed nejlep\u0161\u00ed glob\u00e1ln\u00ed l\u00e9ky","isPartOf":{"@id":"https:\/\/medicinasinc.com\/cs\/#website"},"primaryImageOfPage":{"@id":"https:\/\/medicinasinc.com\/cs\/product\/koupit-4-emc-4-ethylmethcathinone\/#primaryimage"},"image":{"@id":"https:\/\/medicinasinc.com\/cs\/product\/koupit-4-emc-4-ethylmethcathinone\/#primaryimage"},"thumbnailUrl":"https:\/\/medicinasinc.com\/cs\/wp-content\/uploads\/sites\/2\/2022\/02\/Buy-4-EMC.jpg","datePublished":"2022-02-21T21:54:21+00:00","dateModified":"2022-03-14T11:52:42+00:00","description":"Koupit krystalov\u00fd pr\u00e1\u0161ek 4-EMC 4-ethylmethcathinone na prodej online v Evrop\u011b, EU, Spojen\u00e9m kr\u00e1lovstv\u00ed. Pat\u0159\u00ed do t\u0159\u00eddy stimulant\u016f a entaktogen\u016f. Je to strukturn\u00ed izomer 4-MEC.","breadcrumb":{"@id":"https:\/\/medicinasinc.com\/cs\/product\/koupit-4-emc-4-ethylmethcathinone\/#breadcrumb"},"inLanguage":"en-US","potentialAction":[{"@type":"ReadAction","target":["https:\/\/medicinasinc.com\/cs\/product\/koupit-4-emc-4-ethylmethcathinone\/"]}]},{"@type":"ImageObject","inLanguage":"en-US","@id":"https:\/\/medicinasinc.com\/cs\/product\/koupit-4-emc-4-ethylmethcathinone\/#primaryimage","url":"https:\/\/medicinasinc.com\/cs\/wp-content\/uploads\/sites\/2\/2022\/02\/Buy-4-EMC.jpg","contentUrl":"https:\/\/medicinasinc.com\/cs\/wp-content\/uploads\/sites\/2\/2022\/02\/Buy-4-EMC.jpg","width":230,"height":230},{"@type":"BreadcrumbList","@id":"https:\/\/medicinasinc.com\/cs\/product\/koupit-4-emc-4-ethylmethcathinone\/#breadcrumb","itemListElement":[{"@type":"ListItem","position":1,"name":"Obchod","item":"https:\/\/medicinasinc.com\/cs\/obchod\/"},{"@type":"ListItem","position":2,"name":"Koupit 4-EMC 4-Ethylmethcathinone"}]},{"@type":"WebSite","@id":"https:\/\/medicinasinc.com\/cs\/#website","url":"https:\/\/medicinasinc.com\/cs\/","name":"Medicinas Inc","description":"Health Medical Clinic","potentialAction":[{"@type":"SearchAction","target":{"@type":"EntryPoint","urlTemplate":"https:\/\/medicinasinc.com\/cs\/?s={search_term_string}"},"query-input":{"@type":"PropertyValueSpecification","valueRequired":true,"valueName":"search_term_string"}}],"inLanguage":"en-US"}]}},"_links":{"self":[{"href":"https:\/\/medicinasinc.com\/cs\/wp-json\/wp\/v2\/product\/5368","targetHints":{"allow":["GET"]}}],"collection":[{"href":"https:\/\/medicinasinc.com\/cs\/wp-json\/wp\/v2\/product"}],"about":[{"href":"https:\/\/medicinasinc.com\/cs\/wp-json\/wp\/v2\/types\/product"}],"replies":[{"embeddable":true,"href":"https:\/\/medicinasinc.com\/cs\/wp-json\/wp\/v2\/comments?post=5368"}],"wp:featuredmedia":[{"embeddable":true,"href":"https:\/\/medicinasinc.com\/cs\/wp-json\/wp\/v2\/media\/5380"}],"wp:attachment":[{"href":"https:\/\/medicinasinc.com\/cs\/wp-json\/wp\/v2\/media?parent=5368"}],"wp:term":[{"taxonomy":"product_brand","embeddable":true,"href":"https:\/\/medicinasinc.com\/cs\/wp-json\/wp\/v2\/product_brand?post=5368"},{"taxonomy":"product_cat","embeddable":true,"href":"https:\/\/medicinasinc.com\/cs\/wp-json\/wp\/v2\/product_cat?post=5368"},{"taxonomy":"product_tag","embeddable":true,"href":"https:\/\/medicinasinc.com\/cs\/wp-json\/wp\/v2\/product_tag?post=5368"}],"curies":[{"name":"wp","href":"https:\/\/api.w.org\/{rel}","templated":true}]}}