{"id":5366,"date":"2022-02-21T21:52:02","date_gmt":"2022-02-21T21:52:02","guid":{"rendered":"https:\/\/medicinasinc.com\/cs\/?post_type=product&#038;p=5366"},"modified":"2022-03-14T11:53:06","modified_gmt":"2022-03-14T11:53:06","slug":"koupit-3f-fenmetrazin","status":"publish","type":"product","link":"https:\/\/medicinasinc.com\/cs\/product\/koupit-3f-fenmetrazin\/","title":{"rendered":"Kupte si 3F-fenmetrazin"},"content":{"rendered":"<p>Co znamen\u00e1 3-FPM?<\/p>\n<p>3-FPM je zkratka pro 3-Fluorofenmetrazin a znamen\u00e1 3-Fluorofenmetrazin. 3-FPM je chemick\u00e1 l\u00e1tka pou\u017e\u00edvan\u00e1 ve v\u00fdzkumu, kter\u00e1 m\u00e1 velkou s\u00edlu dostat lidi do pohybu. 3-FPM je sou\u010d\u00e1st\u00ed t\u0159\u00eddy chemik\u00e1li\u00ed naz\u00fdvan\u00fdch fenolmorfolin a m\u016f\u017ee po\u0161kodit va\u0161e t\u011blo. V\u00fdsledky experiment\u016f 3-FPM se obvykle pova\u017euj\u00ed za velmi podobn\u00e9 nebo t\u00e9m\u011b\u0159 stejn\u00e9 jako v\u00fdsledky experiment\u016f s amfetaminem. Experimenty s 3-FPM obvykle ukazuj\u00ed, \u017ee lid\u00e9 jsou v\u00edce soust\u0159ed\u011bn\u00ed a motivovan\u00ed, jejich my\u0161lenky se pohybuj\u00ed rychleji a c\u00edt\u00ed se \u0161\u0165astn\u00ed. \u010casto se v\u0161ak uv\u00e1d\u00ed, \u017ee tyto v\u00fdsledky jsou m\u00e9n\u011b intenzivn\u00ed ne\u017e v\u00fdsledky amfetaminu nebo jin\u00fdch drog, kter\u00e9 v\u00e1s \u010din\u00ed v\u00edce bd\u011bl\u00fdmi. Mnoho lid\u00ed nen\u00ed nerv\u00f3zn\u00edch nebo ospal\u00fdch, kdy\u017e pou\u017e\u00edvaj\u00ed 3-FPM.<\/p>\n<p>Kde si mohu koupit 3-FPM?<\/p>\n<p>V Best Globel Med m\u00e1me spoustu velmi dobr\u00fd 3-FPM na prodej. N\u00e1\u0161 3-FPM se dod\u00e1v\u00e1 ve form\u011b pr\u00e1\u0161ku i pelet, tak\u017ee ho m\u016f\u017eete z\u00edskat. Nez\u00e1le\u017e\u00ed na tom, kter\u00fd z t\u011bchto dvou chemick\u00fdch stav\u016f preferujete. M\u00e1me to pro v\u00e1s.<\/p>\n<p>M\u00e1me 3-FPM na prodej, kter\u00fd je pouze pro v\u00fdzkum, ne na prodej. Nen\u00ed pro pou\u017eit\u00ed doma. Lid\u00e9, kte\u0159\u00ed si u n\u00e1s zakoup\u00ed 3-FPM, mus\u00ed b\u00fdt star\u0161\u00ed 18 let a mus\u00ed b\u00fdt pln\u011b v souladu se z\u00e1kony sv\u00e9 zem\u011b.<\/p>\n<p>3-FPM je leg\u00e1ln\u00ed.<\/p>\n<p>3-FPM je nen\u00ed leg\u00e1ln\u00ed kupovat, prod\u00e1vat nebo vlastnit v Izraeli, \u0160v\u00fdcarsku nebo Spojen\u00fdch st\u00e1tech, tak\u017ee to nem\u016f\u017eete ud\u011blat. Ve Spojen\u00e9m kr\u00e1lovstv\u00ed se m\u00e1 za to, \u017ee je podobn\u00fd fenmetrazinu, co\u017e je droga, jej\u00ed\u017e u\u017e\u00edv\u00e1n\u00ed nen\u00ed pro lidi bezpe\u010dn\u00e9.<\/p>\n<p>Pro nejlep\u0161\u00ed trvanlivost je v\u017edy nejlep\u0161\u00ed chladn\u00e9 a such\u00e9 m\u00edsto. Tento produkt je ur\u010den pouze pro forenzn\u00ed a v\u00fdzkumn\u00e9 pou\u017eit\u00ed. Nen\u00ed ur\u010deno k tomu, aby je jedli lid\u00e9 nebo testovali na zv\u00ed\u0159atech \u010di jin\u00fdch \u017eiv\u00fdch tvorech.<\/p>\n","protected":false},"excerpt":{"rendered":"<div class=\"woocommerce-product-details__short-description\">\n<p>KOUPIT 3-FPM3-FPM (tak\u00e9 zn\u00e1m\u00fd jako 3-Fluorofenmetrazin, 3F-Fenmetrazin a PAL-593) je nov\u00fd stimulant na b\u00e1zi fenylmorfolinu.<\/p>\n<p>3-Fluorofenmetrazin, tak\u00e9 zn\u00e1m\u00fd jako 3F-fenmetrazin, PAL-593 a 3-FPM, je nov\u00fd stimulant fenylmorfolinov\u00e9 t\u0159\u00eddy.<\/p>\n<p>Zakoupit 3-FPM online<\/p>\n<p>3F-fenmetrazin lze zakoupit online.<\/p>\n<p>3F-fenmetrazin je dostupn\u00fd jako krystalick\u00e1 nebo pr\u00e1\u0161kov\u00e1 b\u00edl\u00e1 l\u00e1tka. 3F-Fenmetrazin je rozpustn\u00fd v organick\u00fdch rozpou\u0161t\u011bdlech, jako je methanol, ethanol, dimethylformamid (DMF) a dichlormethan (DCM), kter\u00e1 by m\u011bla b\u00fdt propl\u00e1chnuta inertn\u00edm plynem.<\/p>\n<\/p><\/div>\n","protected":false},"featured_media":5376,"comment_status":"open","ping_status":"closed","template":"","meta":[],"product_brand":[],"product_cat":[2014],"product_tag":[],"class_list":{"0":"post-5366","1":"product","2":"type-product","3":"status-publish","4":"has-post-thumbnail","6":"product_cat-koupit-vyzkumne-chemikalie","8":"first","9":"instock","10":"shipping-taxable","11":"purchasable","12":"product-type-variable","13":"has-default-attributes"},"yoast_head":"<!-- This site is optimized with the Yoast SEO plugin v27.3 - https:\/\/yoast.com\/product\/yoast-seo-wordpress\/ -->\n<title>Koupit 3F-fenmetrazin \u2013 nejlep\u0161\u00ed nejlep\u0161\u00ed glob\u00e1ln\u00ed l\u00e9ky<\/title>\n<meta name=\"description\" content=\"KOUPIT 3-FPM3-FPM na prodej (tak\u00e9 zn\u00e1m\u00fd jako 3-Fluorofenmetrazin, 3F-Fenmetrazin a PAL-593) je nov\u00e1 stimula\u010dn\u00ed l\u00e1tka ze t\u0159\u00eddy fenylmorfolin\u016f.\" \/>\n<meta name=\"robots\" content=\"index, follow, max-snippet:-1, max-image-preview:large, max-video-preview:-1\" \/>\n<link rel=\"canonical\" href=\"https:\/\/medicinasinc.com\/cs\/product\/koupit-3f-fenmetrazin\/\" \/>\n<meta property=\"og:locale\" content=\"en_US\" \/>\n<meta property=\"og:type\" content=\"article\" \/>\n<meta property=\"og:title\" content=\"Koupit 3F-fenmetrazin \u2013 nejlep\u0161\u00ed nejlep\u0161\u00ed glob\u00e1ln\u00ed l\u00e9ky\" \/>\n<meta property=\"og:description\" content=\"KOUPIT 3-FPM3-FPM na prodej (tak\u00e9 zn\u00e1m\u00fd jako 3-Fluorofenmetrazin, 3F-Fenmetrazin a PAL-593) je nov\u00e1 stimula\u010dn\u00ed l\u00e1tka ze t\u0159\u00eddy fenylmorfolin\u016f.\" \/>\n<meta property=\"og:url\" content=\"https:\/\/medicinasinc.com\/cs\/product\/koupit-3f-fenmetrazin\/\" \/>\n<meta property=\"og:site_name\" content=\"Medicinas Inc\" \/>\n<meta property=\"article:modified_time\" content=\"2022-03-14T11:53:06+00:00\" \/>\n<meta property=\"og:image\" content=\"https:\/\/medicinasinc.com\/cs\/wp-content\/uploads\/sites\/2\/2022\/02\/3fpm.jpg\" \/>\n\t<meta property=\"og:image:width\" content=\"600\" \/>\n\t<meta property=\"og:image:height\" content=\"600\" \/>\n\t<meta property=\"og:image:type\" content=\"image\/jpeg\" \/>\n<meta name=\"twitter:card\" content=\"summary_large_image\" \/>\n<meta name=\"twitter:label1\" content=\"Est. reading time\" \/>\n\t<meta name=\"twitter:data1\" content=\"2 minutes\" \/>\n<script type=\"application\/ld+json\" class=\"yoast-schema-graph\">{\"@context\":\"https:\\\/\\\/schema.org\",\"@graph\":[{\"@type\":\"WebPage\",\"@id\":\"https:\\\/\\\/medicinasinc.com\\\/cs\\\/product\\\/koupit-3f-fenmetrazin\\\/\",\"url\":\"https:\\\/\\\/medicinasinc.com\\\/cs\\\/product\\\/koupit-3f-fenmetrazin\\\/\",\"name\":\"Koupit 3F-fenmetrazin \u2013 nejlep\u0161\u00ed nejlep\u0161\u00ed glob\u00e1ln\u00ed l\u00e9ky\",\"isPartOf\":{\"@id\":\"https:\\\/\\\/medicinasinc.com\\\/cs\\\/#website\"},\"primaryImageOfPage\":{\"@id\":\"https:\\\/\\\/medicinasinc.com\\\/cs\\\/product\\\/koupit-3f-fenmetrazin\\\/#primaryimage\"},\"image\":{\"@id\":\"https:\\\/\\\/medicinasinc.com\\\/cs\\\/product\\\/koupit-3f-fenmetrazin\\\/#primaryimage\"},\"thumbnailUrl\":\"https:\\\/\\\/medicinasinc.com\\\/cs\\\/wp-content\\\/uploads\\\/sites\\\/2\\\/2022\\\/02\\\/3fpm.jpg\",\"datePublished\":\"2022-02-21T21:52:02+00:00\",\"dateModified\":\"2022-03-14T11:53:06+00:00\",\"description\":\"KOUPIT 3-FPM3-FPM na prodej (tak\u00e9 zn\u00e1m\u00fd jako 3-Fluorofenmetrazin, 3F-Fenmetrazin a PAL-593) je nov\u00e1 stimula\u010dn\u00ed l\u00e1tka ze t\u0159\u00eddy fenylmorfolin\u016f.\",\"breadcrumb\":{\"@id\":\"https:\\\/\\\/medicinasinc.com\\\/cs\\\/product\\\/koupit-3f-fenmetrazin\\\/#breadcrumb\"},\"inLanguage\":\"en-US\",\"potentialAction\":[{\"@type\":\"ReadAction\",\"target\":[\"https:\\\/\\\/medicinasinc.com\\\/cs\\\/product\\\/koupit-3f-fenmetrazin\\\/\"]}]},{\"@type\":\"ImageObject\",\"inLanguage\":\"en-US\",\"@id\":\"https:\\\/\\\/medicinasinc.com\\\/cs\\\/product\\\/koupit-3f-fenmetrazin\\\/#primaryimage\",\"url\":\"https:\\\/\\\/medicinasinc.com\\\/cs\\\/wp-content\\\/uploads\\\/sites\\\/2\\\/2022\\\/02\\\/3fpm.jpg\",\"contentUrl\":\"https:\\\/\\\/medicinasinc.com\\\/cs\\\/wp-content\\\/uploads\\\/sites\\\/2\\\/2022\\\/02\\\/3fpm.jpg\",\"width\":600,\"height\":600},{\"@type\":\"BreadcrumbList\",\"@id\":\"https:\\\/\\\/medicinasinc.com\\\/cs\\\/product\\\/koupit-3f-fenmetrazin\\\/#breadcrumb\",\"itemListElement\":[{\"@type\":\"ListItem\",\"position\":1,\"name\":\"Obchod\",\"item\":\"https:\\\/\\\/medicinasinc.com\\\/cs\\\/obchod\\\/\"},{\"@type\":\"ListItem\",\"position\":2,\"name\":\"Kupte si 3F-fenmetrazin\"}]},{\"@type\":\"WebSite\",\"@id\":\"https:\\\/\\\/medicinasinc.com\\\/cs\\\/#website\",\"url\":\"https:\\\/\\\/medicinasinc.com\\\/cs\\\/\",\"name\":\"Medicinas Inc\",\"description\":\"Health Medical Clinic\",\"potentialAction\":[{\"@type\":\"SearchAction\",\"target\":{\"@type\":\"EntryPoint\",\"urlTemplate\":\"https:\\\/\\\/medicinasinc.com\\\/cs\\\/?s={search_term_string}\"},\"query-input\":{\"@type\":\"PropertyValueSpecification\",\"valueRequired\":true,\"valueName\":\"search_term_string\"}}],\"inLanguage\":\"en-US\"}]}<\/script>\n<!-- \/ Yoast SEO plugin. -->","yoast_head_json":{"title":"Koupit 3F-fenmetrazin \u2013 nejlep\u0161\u00ed nejlep\u0161\u00ed glob\u00e1ln\u00ed l\u00e9ky","description":"KOUPIT 3-FPM3-FPM na prodej (tak\u00e9 zn\u00e1m\u00fd jako 3-Fluorofenmetrazin, 3F-Fenmetrazin a PAL-593) je nov\u00e1 stimula\u010dn\u00ed l\u00e1tka ze t\u0159\u00eddy fenylmorfolin\u016f.","robots":{"index":"index","follow":"follow","max-snippet":"max-snippet:-1","max-image-preview":"max-image-preview:large","max-video-preview":"max-video-preview:-1"},"canonical":"https:\/\/medicinasinc.com\/cs\/product\/koupit-3f-fenmetrazin\/","og_locale":"en_US","og_type":"article","og_title":"Koupit 3F-fenmetrazin \u2013 nejlep\u0161\u00ed nejlep\u0161\u00ed glob\u00e1ln\u00ed l\u00e9ky","og_description":"KOUPIT 3-FPM3-FPM na prodej (tak\u00e9 zn\u00e1m\u00fd jako 3-Fluorofenmetrazin, 3F-Fenmetrazin a PAL-593) je nov\u00e1 stimula\u010dn\u00ed l\u00e1tka ze t\u0159\u00eddy fenylmorfolin\u016f.","og_url":"https:\/\/medicinasinc.com\/cs\/product\/koupit-3f-fenmetrazin\/","og_site_name":"Medicinas Inc","article_modified_time":"2022-03-14T11:53:06+00:00","og_image":[{"width":600,"height":600,"url":"https:\/\/medicinasinc.com\/cs\/wp-content\/uploads\/sites\/2\/2022\/02\/3fpm.jpg","type":"image\/jpeg"}],"twitter_card":"summary_large_image","twitter_misc":{"Est. reading time":"2 minutes"},"schema":{"@context":"https:\/\/schema.org","@graph":[{"@type":"WebPage","@id":"https:\/\/medicinasinc.com\/cs\/product\/koupit-3f-fenmetrazin\/","url":"https:\/\/medicinasinc.com\/cs\/product\/koupit-3f-fenmetrazin\/","name":"Koupit 3F-fenmetrazin \u2013 nejlep\u0161\u00ed nejlep\u0161\u00ed glob\u00e1ln\u00ed l\u00e9ky","isPartOf":{"@id":"https:\/\/medicinasinc.com\/cs\/#website"},"primaryImageOfPage":{"@id":"https:\/\/medicinasinc.com\/cs\/product\/koupit-3f-fenmetrazin\/#primaryimage"},"image":{"@id":"https:\/\/medicinasinc.com\/cs\/product\/koupit-3f-fenmetrazin\/#primaryimage"},"thumbnailUrl":"https:\/\/medicinasinc.com\/cs\/wp-content\/uploads\/sites\/2\/2022\/02\/3fpm.jpg","datePublished":"2022-02-21T21:52:02+00:00","dateModified":"2022-03-14T11:53:06+00:00","description":"KOUPIT 3-FPM3-FPM na prodej (tak\u00e9 zn\u00e1m\u00fd jako 3-Fluorofenmetrazin, 3F-Fenmetrazin a PAL-593) je nov\u00e1 stimula\u010dn\u00ed l\u00e1tka ze t\u0159\u00eddy fenylmorfolin\u016f.","breadcrumb":{"@id":"https:\/\/medicinasinc.com\/cs\/product\/koupit-3f-fenmetrazin\/#breadcrumb"},"inLanguage":"en-US","potentialAction":[{"@type":"ReadAction","target":["https:\/\/medicinasinc.com\/cs\/product\/koupit-3f-fenmetrazin\/"]}]},{"@type":"ImageObject","inLanguage":"en-US","@id":"https:\/\/medicinasinc.com\/cs\/product\/koupit-3f-fenmetrazin\/#primaryimage","url":"https:\/\/medicinasinc.com\/cs\/wp-content\/uploads\/sites\/2\/2022\/02\/3fpm.jpg","contentUrl":"https:\/\/medicinasinc.com\/cs\/wp-content\/uploads\/sites\/2\/2022\/02\/3fpm.jpg","width":600,"height":600},{"@type":"BreadcrumbList","@id":"https:\/\/medicinasinc.com\/cs\/product\/koupit-3f-fenmetrazin\/#breadcrumb","itemListElement":[{"@type":"ListItem","position":1,"name":"Obchod","item":"https:\/\/medicinasinc.com\/cs\/obchod\/"},{"@type":"ListItem","position":2,"name":"Kupte si 3F-fenmetrazin"}]},{"@type":"WebSite","@id":"https:\/\/medicinasinc.com\/cs\/#website","url":"https:\/\/medicinasinc.com\/cs\/","name":"Medicinas Inc","description":"Health Medical Clinic","potentialAction":[{"@type":"SearchAction","target":{"@type":"EntryPoint","urlTemplate":"https:\/\/medicinasinc.com\/cs\/?s={search_term_string}"},"query-input":{"@type":"PropertyValueSpecification","valueRequired":true,"valueName":"search_term_string"}}],"inLanguage":"en-US"}]}},"_links":{"self":[{"href":"https:\/\/medicinasinc.com\/cs\/wp-json\/wp\/v2\/product\/5366","targetHints":{"allow":["GET"]}}],"collection":[{"href":"https:\/\/medicinasinc.com\/cs\/wp-json\/wp\/v2\/product"}],"about":[{"href":"https:\/\/medicinasinc.com\/cs\/wp-json\/wp\/v2\/types\/product"}],"replies":[{"embeddable":true,"href":"https:\/\/medicinasinc.com\/cs\/wp-json\/wp\/v2\/comments?post=5366"}],"wp:featuredmedia":[{"embeddable":true,"href":"https:\/\/medicinasinc.com\/cs\/wp-json\/wp\/v2\/media\/5376"}],"wp:attachment":[{"href":"https:\/\/medicinasinc.com\/cs\/wp-json\/wp\/v2\/media?parent=5366"}],"wp:term":[{"taxonomy":"product_brand","embeddable":true,"href":"https:\/\/medicinasinc.com\/cs\/wp-json\/wp\/v2\/product_brand?post=5366"},{"taxonomy":"product_cat","embeddable":true,"href":"https:\/\/medicinasinc.com\/cs\/wp-json\/wp\/v2\/product_cat?post=5366"},{"taxonomy":"product_tag","embeddable":true,"href":"https:\/\/medicinasinc.com\/cs\/wp-json\/wp\/v2\/product_tag?post=5366"}],"curies":[{"name":"wp","href":"https:\/\/api.w.org\/{rel}","templated":true}]}}