{"id":5342,"date":"2022-02-21T21:20:00","date_gmt":"2022-02-21T21:20:00","guid":{"rendered":"https:\/\/medicinasinc.com\/cs\/?post_type=product&#038;p=5342"},"modified":"2022-03-14T11:53:27","modified_gmt":"2022-03-14T11:53:27","slug":"koupit-3-fmc-3-fluoromethcathinone","status":"publish","type":"product","link":"https:\/\/medicinasinc.com\/cs\/product\/koupit-3-fmc-3-fluoromethcathinone\/","title":{"rendered":"Koupit 3-FMC 3-Fluoromethcathinone"},"content":{"rendered":"<p><strong>Zakupte si 3-FMC pr\u00e1\u0161ek pro v\u00fdzkumn\u00e9 \u00fa\u010dely<\/strong><\/p>\n<p>PROHL\u00c9DN\u011aTE SI 3-FMC POWDER CHEMICAL<\/p>\n<p>Nakupte 3-FMC pr\u00e1\u0161kovou chemik\u00e1lii hromadn\u011b.<\/p>\n<p>Zadejte svou objedn\u00e1vku online je\u0161t\u011b dnes.<\/p>\n<p>Zaru\u010den\u00e1 n\u00edzk\u00e1 hromadn\u00e1 cena.<\/p>\n<p>Pr\u00e1\u0161ek 3-FMC je stimulant klasifikovan\u00fd chemicky jako fenetylamin, amfetamin a katinon. Je to strukturn\u00ed izomer 4-FMC (Flephedrone) (RS)<\/p>\n<p>-1-(3-Fluorofenyl)<\/p>\n<p>-2-methylaminopropan-1-on<\/p>\n<p>Pouze pro pou\u017eit\u00ed reagenci\u00ed<\/p>\n<p>https:\/\/www.bestglobalmeds.com\/product\/research-chemicals\/3-fmc\/<\/p>\n<div class=\"product-next-previous\">\n<div class=\"product-prev\"><\/div><\/div>\n","protected":false},"excerpt":{"rendered":"<p>Koupit 3-FMC Powder Research Chemical na prodej v Evrop\u011b. Nakupujte 3-Fluoromethcathinone Powder Chemical velkoobchodn\u011b ve velk\u00e9m. Objednejte online je\u0161t\u011b dnes. Zaru\u010den\u00e1 levn\u00e1 hromadn\u00e1 cena.<\/p>\n<p><em>Kupte si 3<\/em>&#8211;<em>FMC<\/em>\u00a0Powder UK, Europe. <em>3<\/em>&#8211;<em>FMC<\/em>\u00a0Pr\u00e1\u0161ek na prodej, je dostupn\u00fd pod zna\u010dkou flephedrone je designov\u00e1 droga se stimula\u010dn\u00edmi vlastnostmi.<\/p>\n","protected":false},"featured_media":5354,"comment_status":"open","ping_status":"closed","template":"","meta":[],"product_brand":[],"product_cat":[2014],"product_tag":[2097,2098,2100,2099],"class_list":{"0":"post-5342","1":"product","2":"type-product","3":"status-publish","4":"has-post-thumbnail","6":"product_cat-koupit-vyzkumne-chemikalie","7":"product_tag-3-fmc-na-prodej","8":"product_tag-buy-3-fmc","9":"product_tag-kde-me-si-koupit-3-fmc","10":"product_tag-koupit-vzkumn-chemiklie","12":"first","13":"instock","14":"shipping-taxable","15":"purchasable","16":"product-type-variable","17":"has-default-attributes"},"yoast_head":"<!-- This site is optimized with the Yoast SEO plugin v27.3 - https:\/\/yoast.com\/product\/yoast-seo-wordpress\/ -->\n<title>Koupit 3-FMC 3-Fluoromethcathinone - Nejlep\u0161\u00ed nejlep\u0161\u00ed glob\u00e1ln\u00ed l\u00e9ky<\/title>\n<meta name=\"description\" content=\"Koupit 3-FMC Powder Research Chemical na prodej v Evrop\u011b. Nakupujte 3-Fluoromethcathinone Powder Chemical velkoobchodn\u011b ve velk\u00e9m. Objednejte online je\u0161t\u011b dnes. Zaru\u010den\u00e1 levn\u00e1 hromadn\u00e1 cena.\" \/>\n<meta name=\"robots\" content=\"index, follow, max-snippet:-1, max-image-preview:large, max-video-preview:-1\" \/>\n<link rel=\"canonical\" href=\"https:\/\/medicinasinc.com\/cs\/product\/koupit-3-fmc-3-fluoromethcathinone\/\" \/>\n<meta property=\"og:locale\" content=\"en_US\" \/>\n<meta property=\"og:type\" content=\"article\" \/>\n<meta property=\"og:title\" content=\"Koupit 3-FMC 3-Fluoromethcathinone - Nejlep\u0161\u00ed nejlep\u0161\u00ed glob\u00e1ln\u00ed l\u00e9ky\" \/>\n<meta property=\"og:description\" content=\"Koupit 3-FMC Powder Research Chemical na prodej v Evrop\u011b. Nakupujte 3-Fluoromethcathinone Powder Chemical velkoobchodn\u011b ve velk\u00e9m. Objednejte online je\u0161t\u011b dnes. Zaru\u010den\u00e1 levn\u00e1 hromadn\u00e1 cena.\" \/>\n<meta property=\"og:url\" content=\"https:\/\/medicinasinc.com\/cs\/product\/koupit-3-fmc-3-fluoromethcathinone\/\" \/>\n<meta property=\"og:site_name\" content=\"Medicinas Inc\" \/>\n<meta property=\"article:modified_time\" content=\"2022-03-14T11:53:27+00:00\" \/>\n<meta property=\"og:image\" content=\"https:\/\/medicinasinc.com\/cs\/wp-content\/uploads\/sites\/2\/2022\/02\/buy-3-FMC.jpg\" \/>\n\t<meta property=\"og:image:width\" content=\"500\" \/>\n\t<meta property=\"og:image:height\" content=\"375\" \/>\n\t<meta property=\"og:image:type\" content=\"image\/jpeg\" \/>\n<meta name=\"twitter:card\" content=\"summary_large_image\" \/>\n<meta name=\"twitter:label1\" content=\"Est. reading time\" \/>\n\t<meta name=\"twitter:data1\" content=\"1 minute\" \/>\n<script type=\"application\/ld+json\" class=\"yoast-schema-graph\">{\"@context\":\"https:\\\/\\\/schema.org\",\"@graph\":[{\"@type\":\"WebPage\",\"@id\":\"https:\\\/\\\/medicinasinc.com\\\/cs\\\/product\\\/koupit-3-fmc-3-fluoromethcathinone\\\/\",\"url\":\"https:\\\/\\\/medicinasinc.com\\\/cs\\\/product\\\/koupit-3-fmc-3-fluoromethcathinone\\\/\",\"name\":\"Koupit 3-FMC 3-Fluoromethcathinone - Nejlep\u0161\u00ed nejlep\u0161\u00ed glob\u00e1ln\u00ed l\u00e9ky\",\"isPartOf\":{\"@id\":\"https:\\\/\\\/medicinasinc.com\\\/cs\\\/#website\"},\"primaryImageOfPage\":{\"@id\":\"https:\\\/\\\/medicinasinc.com\\\/cs\\\/product\\\/koupit-3-fmc-3-fluoromethcathinone\\\/#primaryimage\"},\"image\":{\"@id\":\"https:\\\/\\\/medicinasinc.com\\\/cs\\\/product\\\/koupit-3-fmc-3-fluoromethcathinone\\\/#primaryimage\"},\"thumbnailUrl\":\"https:\\\/\\\/medicinasinc.com\\\/cs\\\/wp-content\\\/uploads\\\/sites\\\/2\\\/2022\\\/02\\\/buy-3-FMC.jpg\",\"datePublished\":\"2022-02-21T21:20:00+00:00\",\"dateModified\":\"2022-03-14T11:53:27+00:00\",\"description\":\"Koupit 3-FMC Powder Research Chemical na prodej v Evrop\u011b. Nakupujte 3-Fluoromethcathinone Powder Chemical velkoobchodn\u011b ve velk\u00e9m. Objednejte online je\u0161t\u011b dnes. Zaru\u010den\u00e1 levn\u00e1 hromadn\u00e1 cena.\",\"breadcrumb\":{\"@id\":\"https:\\\/\\\/medicinasinc.com\\\/cs\\\/product\\\/koupit-3-fmc-3-fluoromethcathinone\\\/#breadcrumb\"},\"inLanguage\":\"en-US\",\"potentialAction\":[{\"@type\":\"ReadAction\",\"target\":[\"https:\\\/\\\/medicinasinc.com\\\/cs\\\/product\\\/koupit-3-fmc-3-fluoromethcathinone\\\/\"]}]},{\"@type\":\"ImageObject\",\"inLanguage\":\"en-US\",\"@id\":\"https:\\\/\\\/medicinasinc.com\\\/cs\\\/product\\\/koupit-3-fmc-3-fluoromethcathinone\\\/#primaryimage\",\"url\":\"https:\\\/\\\/medicinasinc.com\\\/cs\\\/wp-content\\\/uploads\\\/sites\\\/2\\\/2022\\\/02\\\/buy-3-FMC.jpg\",\"contentUrl\":\"https:\\\/\\\/medicinasinc.com\\\/cs\\\/wp-content\\\/uploads\\\/sites\\\/2\\\/2022\\\/02\\\/buy-3-FMC.jpg\",\"width\":500,\"height\":375},{\"@type\":\"BreadcrumbList\",\"@id\":\"https:\\\/\\\/medicinasinc.com\\\/cs\\\/product\\\/koupit-3-fmc-3-fluoromethcathinone\\\/#breadcrumb\",\"itemListElement\":[{\"@type\":\"ListItem\",\"position\":1,\"name\":\"Obchod\",\"item\":\"https:\\\/\\\/medicinasinc.com\\\/cs\\\/obchod\\\/\"},{\"@type\":\"ListItem\",\"position\":2,\"name\":\"Koupit 3-FMC 3-Fluoromethcathinone\"}]},{\"@type\":\"WebSite\",\"@id\":\"https:\\\/\\\/medicinasinc.com\\\/cs\\\/#website\",\"url\":\"https:\\\/\\\/medicinasinc.com\\\/cs\\\/\",\"name\":\"Medicinas Inc\",\"description\":\"Health Medical Clinic\",\"potentialAction\":[{\"@type\":\"SearchAction\",\"target\":{\"@type\":\"EntryPoint\",\"urlTemplate\":\"https:\\\/\\\/medicinasinc.com\\\/cs\\\/?s={search_term_string}\"},\"query-input\":{\"@type\":\"PropertyValueSpecification\",\"valueRequired\":true,\"valueName\":\"search_term_string\"}}],\"inLanguage\":\"en-US\"}]}<\/script>\n<!-- \/ Yoast SEO plugin. -->","yoast_head_json":{"title":"Koupit 3-FMC 3-Fluoromethcathinone - Nejlep\u0161\u00ed nejlep\u0161\u00ed glob\u00e1ln\u00ed l\u00e9ky","description":"Koupit 3-FMC Powder Research Chemical na prodej v Evrop\u011b. Nakupujte 3-Fluoromethcathinone Powder Chemical velkoobchodn\u011b ve velk\u00e9m. Objednejte online je\u0161t\u011b dnes. Zaru\u010den\u00e1 levn\u00e1 hromadn\u00e1 cena.","robots":{"index":"index","follow":"follow","max-snippet":"max-snippet:-1","max-image-preview":"max-image-preview:large","max-video-preview":"max-video-preview:-1"},"canonical":"https:\/\/medicinasinc.com\/cs\/product\/koupit-3-fmc-3-fluoromethcathinone\/","og_locale":"en_US","og_type":"article","og_title":"Koupit 3-FMC 3-Fluoromethcathinone - Nejlep\u0161\u00ed nejlep\u0161\u00ed glob\u00e1ln\u00ed l\u00e9ky","og_description":"Koupit 3-FMC Powder Research Chemical na prodej v Evrop\u011b. Nakupujte 3-Fluoromethcathinone Powder Chemical velkoobchodn\u011b ve velk\u00e9m. Objednejte online je\u0161t\u011b dnes. Zaru\u010den\u00e1 levn\u00e1 hromadn\u00e1 cena.","og_url":"https:\/\/medicinasinc.com\/cs\/product\/koupit-3-fmc-3-fluoromethcathinone\/","og_site_name":"Medicinas Inc","article_modified_time":"2022-03-14T11:53:27+00:00","og_image":[{"width":500,"height":375,"url":"https:\/\/medicinasinc.com\/cs\/wp-content\/uploads\/sites\/2\/2022\/02\/buy-3-FMC.jpg","type":"image\/jpeg"}],"twitter_card":"summary_large_image","twitter_misc":{"Est. reading time":"1 minute"},"schema":{"@context":"https:\/\/schema.org","@graph":[{"@type":"WebPage","@id":"https:\/\/medicinasinc.com\/cs\/product\/koupit-3-fmc-3-fluoromethcathinone\/","url":"https:\/\/medicinasinc.com\/cs\/product\/koupit-3-fmc-3-fluoromethcathinone\/","name":"Koupit 3-FMC 3-Fluoromethcathinone - Nejlep\u0161\u00ed nejlep\u0161\u00ed glob\u00e1ln\u00ed l\u00e9ky","isPartOf":{"@id":"https:\/\/medicinasinc.com\/cs\/#website"},"primaryImageOfPage":{"@id":"https:\/\/medicinasinc.com\/cs\/product\/koupit-3-fmc-3-fluoromethcathinone\/#primaryimage"},"image":{"@id":"https:\/\/medicinasinc.com\/cs\/product\/koupit-3-fmc-3-fluoromethcathinone\/#primaryimage"},"thumbnailUrl":"https:\/\/medicinasinc.com\/cs\/wp-content\/uploads\/sites\/2\/2022\/02\/buy-3-FMC.jpg","datePublished":"2022-02-21T21:20:00+00:00","dateModified":"2022-03-14T11:53:27+00:00","description":"Koupit 3-FMC Powder Research Chemical na prodej v Evrop\u011b. Nakupujte 3-Fluoromethcathinone Powder Chemical velkoobchodn\u011b ve velk\u00e9m. Objednejte online je\u0161t\u011b dnes. Zaru\u010den\u00e1 levn\u00e1 hromadn\u00e1 cena.","breadcrumb":{"@id":"https:\/\/medicinasinc.com\/cs\/product\/koupit-3-fmc-3-fluoromethcathinone\/#breadcrumb"},"inLanguage":"en-US","potentialAction":[{"@type":"ReadAction","target":["https:\/\/medicinasinc.com\/cs\/product\/koupit-3-fmc-3-fluoromethcathinone\/"]}]},{"@type":"ImageObject","inLanguage":"en-US","@id":"https:\/\/medicinasinc.com\/cs\/product\/koupit-3-fmc-3-fluoromethcathinone\/#primaryimage","url":"https:\/\/medicinasinc.com\/cs\/wp-content\/uploads\/sites\/2\/2022\/02\/buy-3-FMC.jpg","contentUrl":"https:\/\/medicinasinc.com\/cs\/wp-content\/uploads\/sites\/2\/2022\/02\/buy-3-FMC.jpg","width":500,"height":375},{"@type":"BreadcrumbList","@id":"https:\/\/medicinasinc.com\/cs\/product\/koupit-3-fmc-3-fluoromethcathinone\/#breadcrumb","itemListElement":[{"@type":"ListItem","position":1,"name":"Obchod","item":"https:\/\/medicinasinc.com\/cs\/obchod\/"},{"@type":"ListItem","position":2,"name":"Koupit 3-FMC 3-Fluoromethcathinone"}]},{"@type":"WebSite","@id":"https:\/\/medicinasinc.com\/cs\/#website","url":"https:\/\/medicinasinc.com\/cs\/","name":"Medicinas Inc","description":"Health Medical Clinic","potentialAction":[{"@type":"SearchAction","target":{"@type":"EntryPoint","urlTemplate":"https:\/\/medicinasinc.com\/cs\/?s={search_term_string}"},"query-input":{"@type":"PropertyValueSpecification","valueRequired":true,"valueName":"search_term_string"}}],"inLanguage":"en-US"}]}},"_links":{"self":[{"href":"https:\/\/medicinasinc.com\/cs\/wp-json\/wp\/v2\/product\/5342","targetHints":{"allow":["GET"]}}],"collection":[{"href":"https:\/\/medicinasinc.com\/cs\/wp-json\/wp\/v2\/product"}],"about":[{"href":"https:\/\/medicinasinc.com\/cs\/wp-json\/wp\/v2\/types\/product"}],"replies":[{"embeddable":true,"href":"https:\/\/medicinasinc.com\/cs\/wp-json\/wp\/v2\/comments?post=5342"}],"wp:featuredmedia":[{"embeddable":true,"href":"https:\/\/medicinasinc.com\/cs\/wp-json\/wp\/v2\/media\/5354"}],"wp:attachment":[{"href":"https:\/\/medicinasinc.com\/cs\/wp-json\/wp\/v2\/media?parent=5342"}],"wp:term":[{"taxonomy":"product_brand","embeddable":true,"href":"https:\/\/medicinasinc.com\/cs\/wp-json\/wp\/v2\/product_brand?post=5342"},{"taxonomy":"product_cat","embeddable":true,"href":"https:\/\/medicinasinc.com\/cs\/wp-json\/wp\/v2\/product_cat?post=5342"},{"taxonomy":"product_tag","embeddable":true,"href":"https:\/\/medicinasinc.com\/cs\/wp-json\/wp\/v2\/product_tag?post=5342"}],"curies":[{"name":"wp","href":"https:\/\/api.w.org\/{rel}","templated":true}]}}