{"id":5341,"date":"2022-02-21T21:16:40","date_gmt":"2022-02-21T21:16:40","guid":{"rendered":"https:\/\/medicinasinc.com\/cs\/?post_type=product&#038;p=5341"},"modified":"2022-03-14T11:53:37","modified_gmt":"2022-03-14T11:53:37","slug":"buy-2c-e-research-chemical","status":"publish","type":"product","link":"https:\/\/medicinasinc.com\/cs\/product\/buy-2c-e-research-chemical\/","title":{"rendered":"Kupte si 2C-E Research Chemical"},"content":{"rendered":"<p>V\u00fdzkumnou chemik\u00e1lii 2C-E lze zakoupit online.<\/p>\n<p>V\u00fdzkumnou chemik\u00e1lii 2C-E lze zakoupit online.<\/p>\n<p>Prodejce 2c e, 2ce v\u00fdzkumn\u00e9 chemik\u00e1lie, 2c e kupuj\u00edc\u00ed, 2c e na prodej<\/p>\n<p>Online n\u00e1kup v\u00fdzkumn\u00fdch chemik\u00e1li\u00ed 2C-E<\/p>\n<p>Alexander Shulgin objev\u00ed l\u00e9k 2C-E a z\u00edsk\u00e1 velk\u00e9 mno\u017estv\u00ed fanou\u0161k\u016f.<\/p>\n<p>Online n\u00e1kup l\u00e9k\u016f V\u00fdzkumn\u00e9 chemik\u00e1lie 2C-E<\/p>\n<p>Chemick\u00e9 \u010dinidlo 2C-E (trip) je \u010dlenem rodiny 2C, kter\u00e1 tak\u00e9 zahrnuje 2C-I a 2C-H. 2C-E je halucinogenn\u00ed slou\u010denina odvozen\u00e1 od fenylethylaminu. Po s\u00e9rii v\u00fdzkumn\u00fdch test\u016f nyn\u00ed v\u00edme, \u017ee typick\u00e1 d\u00e1vka pr\u00e1\u0161ku 2C-E pro intranaz\u00e1ln\u00ed pod\u00e1n\u00ed by nem\u011bla p\u0159ekro\u010dit 5 miligram\u016f. Nicm\u00e9n\u011b d\u00e1vka by p\u0159i peror\u00e1ln\u00edm pod\u00e1n\u00ed nem\u011bla p\u0159ekro\u010dit zhruba 10-20 miligram\u016f. Uv\u00e1d\u00ed se, \u017ee p\u0159ibli\u017en\u011b po 10 minut\u00e1ch n\u00e1dechu nosem doch\u00e1z\u00ed k v\u00fdrazn\u00e9mu p\u00e1len\u00ed. Shulgin ve sv\u00e9 knize PiHKAL ozna\u010duje 2C-E spolu s meskalinem, 2C-T-2, 2C-B a 2C-T-7 jako \u201emagick\u00fd p\u016fltucet\u201c. Online n\u00e1kup v\u00fdzkumn\u00fdch chemik\u00e1li\u00ed 2C-E<\/p>\n<p>2C-E m\u00e1 n\u00e1sleduj\u00edc\u00ed \u00fa\u010dinky: n\u00e1val energie, zv\u00fd\u0161en\u00ed vynal\u00e9zavosti, vizu\u00e1ln\u00ed efekty a zv\u00fd\u0161en\u00ed taktiky. Nav\u00edc doch\u00e1z\u00ed ke zm\u011bn\u00e1m v\u011bdom\u00ed, pot\u00ed\u017e\u00edm se soust\u0159ed\u011bn\u00edm, zrychluje se puls a m\u016f\u017ee se pon\u011bkud zv\u00fd\u0161it t\u011blesn\u00e1 teplota. Nav\u00edc 2C-E zp\u016fsobuje z\u00e1vrat\u011b, nevolnost, p\u0159ecitliv\u011blost na hluk a paniku. 2C-E na prodej na internetu<\/p>\n<p>Doba p\u016fsoben\u00ed 2C-E je obvykle mezi 4 a 9 hodinami. Kdy\u017e b\u011bhem testov\u00e1n\u00ed porovn\u00e1me 2C-E s 2C-I, zjist\u00edme, \u017ee 2C-E vytv\u00e1\u0159\u00ed znateln\u011bj\u0161\u00ed vizu\u00e1ln\u00ed a sluchov\u00e9 dopady.<\/p>\n<p>Na na\u0161em webu si m\u016f\u017eete zakoupit 2C-E (v\u00fdlet) pouze pro chemick\u00e9 v\u00fdzkumy a laboratorn\u00ed testy; nejprve byste v\u0161ak m\u011bli zjistit, zda je tento p\u0159\u00edpravek ve va\u0161\u00ed lokalit\u011b leg\u00e1ln\u00ed. Poskytujeme vysoce kvalitn\u00ed materi\u00e1ly.<\/p>\n","protected":false},"excerpt":{"rendered":"<p>&nbsp;<\/p>\n<p>Nakupte 2C-E Research chemik\u00e1lie na prodej online v Evrop\u011b, Spojen\u00e9m kr\u00e1lovstv\u00ed, EU. Koupit 2C-E Research Chemical. 2C-E (4-ethyl-2,5-dimethoxy) s\u016fl\/pr\u00e1\u0161ek: psychedelick\u00fd amfetamin.<\/p>\n<p><em>Koupit 2C<\/em>&#8211;<em>E<\/em> Schv\u00e1len\u00fd dodavatel Research Chemical. \u010cistota nejvy\u0161\u0161\u00ed kvality, f\u00e9rov\u00e9 \u200b\u200bceny, rychl\u00e9 zaru\u010den\u00e9 doru\u010den\u00ed, politika vr\u00e1cen\u00ed\/vr\u00e1cen\u00ed zbo\u017e\u00ed, skv\u011bl\u00fd z\u00e1kaznick\u00fd servis.<\/p>\n","protected":false},"featured_media":5352,"comment_status":"open","ping_status":"closed","template":"","meta":[],"product_brand":[],"product_cat":[2014],"product_tag":[2027,2030,2028,2032,2033,2034,2035,2036,2039,2040,2041,2042,2043,2044,2029,2031,2038,2046,2047,2048,2049,2050,2051,2052,2037,2053,2054,2055,2057,2058,2059,2060,2064,2065,2066,2067,2072,2074,2075,2089,2076,2077,2082,2084,2080,2081,2083,2094,2092,2093,2096,2095,2061,2062,2063,2045,2069,2071,2056,2073,2068,2070,2086,2090,2091,2088,2087,2085,2078,2079],"class_list":{"0":"post-5341","1":"product","2":"type-product","3":"status-publish","4":"has-post-thumbnail","6":"product_cat-koupit-vyzkumne-chemikalie","7":"product_tag-2c-e-buy-online","8":"product_tag-2c-e-way","9":"product_tag-2c-e","10":"product_tag-2c-e-drug-test","11":"product_tag-2c-e-effects","12":"product_tag-2c-e-erfahrung","13":"product_tag-2c-e-erowid","14":"product_tag-2c-e-europe","15":"product_tag-2c-e-for-sale-chemical-element","16":"product_tag-2c-e-for-sale-online","17":"product_tag-2c-e-heroic-dose","18":"product_tag-2c-e-je-psychedelick-fenethylamin-rodiny-2c-byl-nejprve-syntetizovn-alexandrem-shulginem","19":"product_tag-2c-e-kaufen","20":"product_tag-2c-e-kopen","21":"product_tag-2c-e-buy","22":"product_tag-2c-e-drog-for-sale","23":"product_tag-2c-e-na-prodej","24":"product_tag-2c-e-online","25":"product_tag-2c-e-psychonaut","26":"product_tag-2c-e-reddit","27":"product_tag-2c-e-sell","28":"product_tag-2c-e-syntza","29":"product_tag-2c-e-wiki","30":"product_tag-2c-a-wikipedie","31":"product_tag-2c-e-zku-c5-a1enost","32":"product_tag-2c-e-nbome","33":"product_tag-2c-ef-vendor","34":"product_tag-2c-i","35":"product_tag-4-ethyl-2","36":"product_tag-4-methyl-2-5-dimethoxyamphetamine","37":"product_tag-5-dimethoxy","38":"product_tag-a-dal-psychedelika","39":"product_tag-buy-2c-e-drug","40":"product_tag-buy-2c-e-muscle-tension-online","41":"product_tag-buy-2c-e-online","42":"product_tag-buy-2c-e-online-usa","43":"product_tag-buy-2c-i","44":"product_tag-buy-online-2c-e-research-chemicals","45":"product_tag-buy-research-chemicals-nederland-doc-2c-e-online","46":"product_tag-cena-za-gram-2c-e","47":"product_tag-dmt","48":"product_tag-dmt-nexus-2c-e","49":"product_tag-how-to-buy-research-chemicals-online","50":"product_tag-how-to-take-2c-e-research-chemicals","51":"product_tag-jak-nakoupit-2c-e-online","52":"product_tag-jak-nakoupit-2c-i","53":"product_tag-jak-z-c3-adskat-v-c3-bdzkumn-c3-a9-chemik-c3-a1lie","54":"product_tag-jak-je-poulin-hodnota-lahviky-2c-e","55":"product_tag-jak-pesn-jsou-2c-es-inky-a-pro-je-to-populrn-mezi-lidmi-uvajcmi-drogy","56":"product_tag-jak-je-rozdl-mezi-2c-i-a-2c-e","57":"product_tag-kde-koupit-2c-i","58":"product_tag-kde-me-i-koupit-2c-e-online","59":"product_tag-koupit-2c-e","60":"product_tag-buy-2c-e-4-ethyl-2","61":"product_tag-buy-2c-e-dosage-online","62":"product_tag-2c-e-netherlands-buy-rc","63":"product_tag-buy-2c-e-research-chemicals-online","64":"product_tag-buy-2c-e2c-online-usa","65":"product_tag-2ce-koupit","66":"product_tag-koupit-halucinogenn-droga-2c-e-online","67":"product_tag-buy-2c-e-research-chemical","68":"product_tag-buy-2c-e-with-next-day-eu-delivery","69":"product_tag-meskalin","70":"product_tag-nkup-2c-i","71":"product_tag-nejlep-msto-pro-nkup-2c-i","72":"product_tag-objednvka-2c-i","73":"product_tag-objednvka-2c-e-online","74":"product_tag-life-boostr-2c-e-rc-vendor","75":"product_tag-do-ssris-interfere-with-shrooms","76":"product_tag-get-2c-e-research-chemical-online","78":"first","79":"instock","80":"shipping-taxable","81":"purchasable","82":"product-type-variable","83":"has-default-attributes"},"yoast_head":"<!-- This site is optimized with the Yoast SEO plugin v27.3 - https:\/\/yoast.com\/product\/yoast-seo-wordpress\/ -->\n<title>Koupit 2C-E Research Chemical \u2013 Nejlep\u0161\u00ed nejlep\u0161\u00ed glob\u00e1ln\u00ed l\u00e9ky<\/title>\n<meta name=\"description\" content=\"Koupit 2C-E Research chemik\u00e1lie na prodej online v Evrop\u011b, Velk\u00e9 Brit\u00e1nii, EU. Koupit 2C-E Research Chemical. 2C-E (4-ethyl-2,5-dimethoxy) s\u016fl\/pr\u00e1\u0161ek: psychedelick\u00fd amfetamin.\" \/>\n<meta name=\"robots\" content=\"index, follow, max-snippet:-1, max-image-preview:large, max-video-preview:-1\" \/>\n<link rel=\"canonical\" href=\"https:\/\/medicinasinc.com\/cs\/product\/buy-2c-e-research-chemical\/\" \/>\n<meta property=\"og:locale\" content=\"en_US\" \/>\n<meta property=\"og:type\" content=\"article\" \/>\n<meta property=\"og:title\" content=\"Koupit 2C-E Research Chemical \u2013 Nejlep\u0161\u00ed nejlep\u0161\u00ed glob\u00e1ln\u00ed l\u00e9ky\" \/>\n<meta property=\"og:description\" content=\"Koupit 2C-E Research chemik\u00e1lie na prodej online v Evrop\u011b, Velk\u00e9 Brit\u00e1nii, EU. Koupit 2C-E Research Chemical. 2C-E (4-ethyl-2,5-dimethoxy) s\u016fl\/pr\u00e1\u0161ek: psychedelick\u00fd amfetamin.\" \/>\n<meta property=\"og:url\" content=\"https:\/\/medicinasinc.com\/cs\/product\/buy-2c-e-research-chemical\/\" \/>\n<meta property=\"og:site_name\" content=\"Medicinas Inc\" \/>\n<meta property=\"article:modified_time\" content=\"2022-03-14T11:53:37+00:00\" \/>\n<meta property=\"og:image\" content=\"https:\/\/medicinasinc.com\/cs\/wp-content\/uploads\/sites\/2\/2022\/02\/Buy-2C-E.jpg\" \/>\n\t<meta property=\"og:image:width\" content=\"234\" \/>\n\t<meta property=\"og:image:height\" content=\"215\" \/>\n\t<meta property=\"og:image:type\" content=\"image\/jpeg\" \/>\n<meta name=\"twitter:card\" content=\"summary_large_image\" \/>\n<meta name=\"twitter:label1\" content=\"Est. reading time\" \/>\n\t<meta name=\"twitter:data1\" content=\"2 minutes\" \/>\n<script type=\"application\/ld+json\" class=\"yoast-schema-graph\">{\"@context\":\"https:\\\/\\\/schema.org\",\"@graph\":[{\"@type\":\"WebPage\",\"@id\":\"https:\\\/\\\/medicinasinc.com\\\/cs\\\/product\\\/buy-2c-e-research-chemical\\\/\",\"url\":\"https:\\\/\\\/medicinasinc.com\\\/cs\\\/product\\\/buy-2c-e-research-chemical\\\/\",\"name\":\"Koupit 2C-E Research Chemical \u2013 Nejlep\u0161\u00ed nejlep\u0161\u00ed glob\u00e1ln\u00ed l\u00e9ky\",\"isPartOf\":{\"@id\":\"https:\\\/\\\/medicinasinc.com\\\/cs\\\/#website\"},\"primaryImageOfPage\":{\"@id\":\"https:\\\/\\\/medicinasinc.com\\\/cs\\\/product\\\/buy-2c-e-research-chemical\\\/#primaryimage\"},\"image\":{\"@id\":\"https:\\\/\\\/medicinasinc.com\\\/cs\\\/product\\\/buy-2c-e-research-chemical\\\/#primaryimage\"},\"thumbnailUrl\":\"https:\\\/\\\/medicinasinc.com\\\/cs\\\/wp-content\\\/uploads\\\/sites\\\/2\\\/2022\\\/02\\\/Buy-2C-E.jpg\",\"datePublished\":\"2022-02-21T21:16:40+00:00\",\"dateModified\":\"2022-03-14T11:53:37+00:00\",\"description\":\"Koupit 2C-E Research chemik\u00e1lie na prodej online v Evrop\u011b, Velk\u00e9 Brit\u00e1nii, EU. Koupit 2C-E Research Chemical. 2C-E (4-ethyl-2,5-dimethoxy) s\u016fl\\\/pr\u00e1\u0161ek: psychedelick\u00fd amfetamin.\",\"breadcrumb\":{\"@id\":\"https:\\\/\\\/medicinasinc.com\\\/cs\\\/product\\\/buy-2c-e-research-chemical\\\/#breadcrumb\"},\"inLanguage\":\"en-US\",\"potentialAction\":[{\"@type\":\"ReadAction\",\"target\":[\"https:\\\/\\\/medicinasinc.com\\\/cs\\\/product\\\/buy-2c-e-research-chemical\\\/\"]}]},{\"@type\":\"ImageObject\",\"inLanguage\":\"en-US\",\"@id\":\"https:\\\/\\\/medicinasinc.com\\\/cs\\\/product\\\/buy-2c-e-research-chemical\\\/#primaryimage\",\"url\":\"https:\\\/\\\/medicinasinc.com\\\/cs\\\/wp-content\\\/uploads\\\/sites\\\/2\\\/2022\\\/02\\\/Buy-2C-E.jpg\",\"contentUrl\":\"https:\\\/\\\/medicinasinc.com\\\/cs\\\/wp-content\\\/uploads\\\/sites\\\/2\\\/2022\\\/02\\\/Buy-2C-E.jpg\",\"width\":234,\"height\":215},{\"@type\":\"BreadcrumbList\",\"@id\":\"https:\\\/\\\/medicinasinc.com\\\/cs\\\/product\\\/buy-2c-e-research-chemical\\\/#breadcrumb\",\"itemListElement\":[{\"@type\":\"ListItem\",\"position\":1,\"name\":\"Obchod\",\"item\":\"https:\\\/\\\/medicinasinc.com\\\/cs\\\/obchod\\\/\"},{\"@type\":\"ListItem\",\"position\":2,\"name\":\"Kupte si 2C-E Research Chemical\"}]},{\"@type\":\"WebSite\",\"@id\":\"https:\\\/\\\/medicinasinc.com\\\/cs\\\/#website\",\"url\":\"https:\\\/\\\/medicinasinc.com\\\/cs\\\/\",\"name\":\"Medicinas Inc\",\"description\":\"Health Medical Clinic\",\"potentialAction\":[{\"@type\":\"SearchAction\",\"target\":{\"@type\":\"EntryPoint\",\"urlTemplate\":\"https:\\\/\\\/medicinasinc.com\\\/cs\\\/?s={search_term_string}\"},\"query-input\":{\"@type\":\"PropertyValueSpecification\",\"valueRequired\":true,\"valueName\":\"search_term_string\"}}],\"inLanguage\":\"en-US\"}]}<\/script>\n<!-- \/ Yoast SEO plugin. -->","yoast_head_json":{"title":"Koupit 2C-E Research Chemical \u2013 Nejlep\u0161\u00ed nejlep\u0161\u00ed glob\u00e1ln\u00ed l\u00e9ky","description":"Koupit 2C-E Research chemik\u00e1lie na prodej online v Evrop\u011b, Velk\u00e9 Brit\u00e1nii, EU. Koupit 2C-E Research Chemical. 2C-E (4-ethyl-2,5-dimethoxy) s\u016fl\/pr\u00e1\u0161ek: psychedelick\u00fd amfetamin.","robots":{"index":"index","follow":"follow","max-snippet":"max-snippet:-1","max-image-preview":"max-image-preview:large","max-video-preview":"max-video-preview:-1"},"canonical":"https:\/\/medicinasinc.com\/cs\/product\/buy-2c-e-research-chemical\/","og_locale":"en_US","og_type":"article","og_title":"Koupit 2C-E Research Chemical \u2013 Nejlep\u0161\u00ed nejlep\u0161\u00ed glob\u00e1ln\u00ed l\u00e9ky","og_description":"Koupit 2C-E Research chemik\u00e1lie na prodej online v Evrop\u011b, Velk\u00e9 Brit\u00e1nii, EU. Koupit 2C-E Research Chemical. 2C-E (4-ethyl-2,5-dimethoxy) s\u016fl\/pr\u00e1\u0161ek: psychedelick\u00fd amfetamin.","og_url":"https:\/\/medicinasinc.com\/cs\/product\/buy-2c-e-research-chemical\/","og_site_name":"Medicinas Inc","article_modified_time":"2022-03-14T11:53:37+00:00","og_image":[{"width":234,"height":215,"url":"https:\/\/medicinasinc.com\/cs\/wp-content\/uploads\/sites\/2\/2022\/02\/Buy-2C-E.jpg","type":"image\/jpeg"}],"twitter_card":"summary_large_image","twitter_misc":{"Est. reading time":"2 minutes"},"schema":{"@context":"https:\/\/schema.org","@graph":[{"@type":"WebPage","@id":"https:\/\/medicinasinc.com\/cs\/product\/buy-2c-e-research-chemical\/","url":"https:\/\/medicinasinc.com\/cs\/product\/buy-2c-e-research-chemical\/","name":"Koupit 2C-E Research Chemical \u2013 Nejlep\u0161\u00ed nejlep\u0161\u00ed glob\u00e1ln\u00ed l\u00e9ky","isPartOf":{"@id":"https:\/\/medicinasinc.com\/cs\/#website"},"primaryImageOfPage":{"@id":"https:\/\/medicinasinc.com\/cs\/product\/buy-2c-e-research-chemical\/#primaryimage"},"image":{"@id":"https:\/\/medicinasinc.com\/cs\/product\/buy-2c-e-research-chemical\/#primaryimage"},"thumbnailUrl":"https:\/\/medicinasinc.com\/cs\/wp-content\/uploads\/sites\/2\/2022\/02\/Buy-2C-E.jpg","datePublished":"2022-02-21T21:16:40+00:00","dateModified":"2022-03-14T11:53:37+00:00","description":"Koupit 2C-E Research chemik\u00e1lie na prodej online v Evrop\u011b, Velk\u00e9 Brit\u00e1nii, EU. Koupit 2C-E Research Chemical. 2C-E (4-ethyl-2,5-dimethoxy) s\u016fl\/pr\u00e1\u0161ek: psychedelick\u00fd amfetamin.","breadcrumb":{"@id":"https:\/\/medicinasinc.com\/cs\/product\/buy-2c-e-research-chemical\/#breadcrumb"},"inLanguage":"en-US","potentialAction":[{"@type":"ReadAction","target":["https:\/\/medicinasinc.com\/cs\/product\/buy-2c-e-research-chemical\/"]}]},{"@type":"ImageObject","inLanguage":"en-US","@id":"https:\/\/medicinasinc.com\/cs\/product\/buy-2c-e-research-chemical\/#primaryimage","url":"https:\/\/medicinasinc.com\/cs\/wp-content\/uploads\/sites\/2\/2022\/02\/Buy-2C-E.jpg","contentUrl":"https:\/\/medicinasinc.com\/cs\/wp-content\/uploads\/sites\/2\/2022\/02\/Buy-2C-E.jpg","width":234,"height":215},{"@type":"BreadcrumbList","@id":"https:\/\/medicinasinc.com\/cs\/product\/buy-2c-e-research-chemical\/#breadcrumb","itemListElement":[{"@type":"ListItem","position":1,"name":"Obchod","item":"https:\/\/medicinasinc.com\/cs\/obchod\/"},{"@type":"ListItem","position":2,"name":"Kupte si 2C-E Research Chemical"}]},{"@type":"WebSite","@id":"https:\/\/medicinasinc.com\/cs\/#website","url":"https:\/\/medicinasinc.com\/cs\/","name":"Medicinas Inc","description":"Health Medical Clinic","potentialAction":[{"@type":"SearchAction","target":{"@type":"EntryPoint","urlTemplate":"https:\/\/medicinasinc.com\/cs\/?s={search_term_string}"},"query-input":{"@type":"PropertyValueSpecification","valueRequired":true,"valueName":"search_term_string"}}],"inLanguage":"en-US"}]}},"_links":{"self":[{"href":"https:\/\/medicinasinc.com\/cs\/wp-json\/wp\/v2\/product\/5341","targetHints":{"allow":["GET"]}}],"collection":[{"href":"https:\/\/medicinasinc.com\/cs\/wp-json\/wp\/v2\/product"}],"about":[{"href":"https:\/\/medicinasinc.com\/cs\/wp-json\/wp\/v2\/types\/product"}],"replies":[{"embeddable":true,"href":"https:\/\/medicinasinc.com\/cs\/wp-json\/wp\/v2\/comments?post=5341"}],"wp:featuredmedia":[{"embeddable":true,"href":"https:\/\/medicinasinc.com\/cs\/wp-json\/wp\/v2\/media\/5352"}],"wp:attachment":[{"href":"https:\/\/medicinasinc.com\/cs\/wp-json\/wp\/v2\/media?parent=5341"}],"wp:term":[{"taxonomy":"product_brand","embeddable":true,"href":"https:\/\/medicinasinc.com\/cs\/wp-json\/wp\/v2\/product_brand?post=5341"},{"taxonomy":"product_cat","embeddable":true,"href":"https:\/\/medicinasinc.com\/cs\/wp-json\/wp\/v2\/product_cat?post=5341"},{"taxonomy":"product_tag","embeddable":true,"href":"https:\/\/medicinasinc.com\/cs\/wp-json\/wp\/v2\/product_tag?post=5341"}],"curies":[{"name":"wp","href":"https:\/\/api.w.org\/{rel}","templated":true}]}}