{"id":5340,"date":"2022-02-21T21:15:28","date_gmt":"2022-02-21T21:15:28","guid":{"rendered":"https:\/\/medicinasinc.com\/cs\/?post_type=product&#038;p=5340"},"modified":"2022-08-03T11:37:21","modified_gmt":"2022-08-03T11:37:21","slug":"koupit-2-mppp-online","status":"publish","type":"product","link":"https:\/\/medicinasinc.com\/cs\/product\/koupit-2-mppp-online\/","title":{"rendered":"Koupit 2-MPPP online"},"content":{"rendered":"<p>Zakoupit 2-MPPP online<\/p>\n<p>Zakoupit 2-MPPP online<\/p>\n<p>2-methyl-1-fenyl-3-(piperidin-1-yl)<\/p>\n<p>Propan-1-on je strukturn\u011b p\u0159\u00edbuzn\u00e1 chemik\u00e1lie 2-aminopropan-1-onu, krom\u011b toho, \u017ee dus\u00edk je v\u00e1z\u00e1n na uhl\u00edk ve t\u0159et\u00ed pozici. Fyziologick\u00e9 a toxikologick\u00e9 \u00fa\u010dinky t\u00e9to slou\u010deniny nebyly zkoum\u00e1ny.<\/p>\n<p>2-methyl-1-fenyl-3-(piperidin-1-yl)<\/p>\n<p>Lze pou\u017e\u00edt propan-1-on jako referen\u010dn\u00ed vzorek pro v\u00fdzkumn\u00edky prov\u00e1d\u011bj\u00edc\u00ed plynovou chromatografii\/hmotnostn\u00ed spektrometrii (GC\/MS), infra\u010dervenou spektroskopii s Fourierovou transformac\u00ed (FTIR) nebo anal\u00fdzy nukle\u00e1rn\u00ed magnetick\u00e9 rezonance (NMR).<\/p>\n<p>Postupy v laborato\u0159i<\/p>\n<p>Pro dlouhodob\u00e9 skladov\u00e1n\u00ed doporu\u010dujeme 2-methyl-1-fenyl-3-(piperidin-1-yl)propan-1-on skladovat p\u0159i -20\u00b0C. M\u011bl by z\u016fstat stabiln\u00ed po dobu minim\u00e1ln\u011b dvou let.<\/p>\n<p>Je dod\u00e1v\u00e1na b\u00edl\u00e1 krystalick\u00e1 l\u00e1tka 2-methyl-1-fenyl-3-(piperidin-1-yl)propan-1-on. 2-methyl-1-fenyl-3-(piperidin-1-yl)propan-1-on je rozpustn\u00fd v organick\u00fdch rozpou\u0161t\u011bdlech, jako je methanol, dimethylsulfoxid (DMSO) a dichlormethan (DCM), kter\u00e1 by m\u011bla b\u00fdt propl\u00e1chnuta inertn\u00edm plynu p\u0159ed pou\u017eit\u00edm. 2-methyl-1-fenyl-3-(piperidin-1-yl)propan-1-on se rozpou\u0161t\u00ed p\u0159i p\u0159ibli\u017en\u011b 22 mg\/ml v ethanolu a DMF a p\u0159i p\u0159ibli\u017en\u011b 15 mg\/ml v DMSO.<\/p>\n<p>P\u0159ed prov\u00e1d\u011bn\u00edm test\u016f je t\u0159eba prov\u00e9st dal\u0161\u00ed \u0159ed\u011bn\u00ed z\u00e1sobn\u00edho roztoku do vodn\u00fdch pufr\u016f nebo izotonick\u00e9ho fyziologick\u00e9ho roztoku. Ujist\u011bte se, \u017ee nez\u016fstalo \u017e\u00e1dn\u00e9 organick\u00e9 rozpou\u0161t\u011bdlo, proto\u017ee organick\u00e1 rozpou\u0161t\u011bdla mohou m\u00edt p\u0159i n\u00edzk\u00fdch koncentrac\u00edch fyziologick\u00e9 d\u016fsledky. Vodn\u00e9 roztoky bez organick\u00fdch rozpou\u0161t\u011bdel Krystalick\u00fd pevn\u00fd 2-methyl-1-fenyl-3-(piperidin-1-yl)propan-1-on lze okam\u017eit\u011b vyrobit ve vodn\u00fdch pufrech. 2-methyl-1-fenyl-3-(piperidin-1-yl)propan-1-on se rozpou\u0161t\u00ed p\u0159i rozpustnosti p\u0159ibli\u017en\u011b 11 mg\/ml v PBS, pH 6,4. Nedoporu\u010dujeme uchov\u00e1vat vodn\u00fd roztok v chladni\u010dce d\u00e9le ne\u017e jeden den.<\/p>\n<div id=\"wb_Text13\"><strong>Specifikace<\/strong><\/div>\n<table id=\"Table1\" cellspacing=\"1\" cellpadding=\"0\">\n<tbody>\n<tr>\n<td class=\"cell0\">Synonyma<\/td>\n<td class=\"cell1\">2-MPPP<\/td>\n<\/tr>\n<tr>\n<td class=\"cell2\">IUPAC<\/td>\n<td class=\"cell3\">2-methyl-1-fenyl-3-(piperidin-1-yl)propan-1-on<\/td>\n<\/tr>\n<tr>\n<td class=\"cell0\">PubChem<\/td>\n<td class=\"cell1\">N\/A<\/td>\n<\/tr>\n<tr>\n<td class=\"cell4\">Cas#<\/td>\n<td class=\"cell5\">N\/A<\/td>\n<\/tr>\n<tr>\n<td class=\"cell0\">Molekul\u00e1rn\u00ed vzorec<\/td>\n<td class=\"cell1\">C15H21NO<\/td>\n<\/tr>\n<tr>\n<td class=\"cell0\">\u010cistota<\/td>\n<td class=\"cell1\">99 %<\/td>\n<\/tr>\n<tr>\n<td class=\"cell0\">Slo\u017een\u00ed \/ vzhled<\/td>\n<td class=\"cell1\">B\u00edl\u00fd krystalick\u00fd pr\u00e1\u0161ek<\/td>\n<\/tr>\n<\/tbody>\n<\/table>\n<p><strong>Odkazy<\/strong><\/p>\n<p>Indick\u00fd \u010dasopis chemie, 1981,\u00a0 sv. 20 B,\u00a0 # 4\u00a0 s. 303 \u2013 307<\/p>\n<p>Ruddy; Buckley<br \/>\nJournal of the American Chemical Society, 1950,\u00a0 sv. 72, str. 718 719<\/p>\n<p>Kjaer; Petersen<br \/>\nActa Chemica Scandinavica (1947-1973), 1951,\u00a0 sv. 5, str. 1145,1148<\/p>\n<p>Nasarow; Tscherkasowa<br \/>\nZhurnal Obshchei Khimii, 1958,\u00a0 sv. 28, str. 122 124, 125<\/p>\n<div class=\"product-next-previous\">\n<div class=\"product-prev\"><\/div>\n<\/div>\n","protected":false},"excerpt":{"rendered":"<div class=\"woocommerce-product-details__short-description\">\n<p>Nakupte 2-MPPP online. Koupit 2-MPPP online na Medicinasinc.com \u2013 2-methyl-1-fenyl-3-(piperidin-1-yl)propan-1-on, 2mpp b\u00edl\u00fd krystalov\u00fd pr\u00e1\u0161ek na prodej. m\u00e1me tak\u00e9 nejlep\u0161\u00ed kvalitu a nejlep\u0161\u00ed ceny.<\/p>\n<p><em>Kupte 2<\/em>\u2013<em>MPPP online<\/em> v licencovan\u00e9 drogerii Best Global Meds. Nab\u00edz\u00edme k prodeji \u0161irok\u00fd sortiment l\u00e9k\u016f. Doru\u010den\u00ed po cel\u00e9m sv\u011bt\u011b!<\/p>\n<\/div>\n","protected":false},"featured_media":5350,"comment_status":"open","ping_status":"closed","template":"","meta":[],"product_brand":[],"product_cat":[2014],"product_tag":[],"class_list":{"0":"post-5340","1":"product","2":"type-product","3":"status-publish","4":"has-post-thumbnail","6":"product_cat-koupit-vyzkumne-chemikalie","8":"first","9":"instock","10":"shipping-taxable","11":"purchasable","12":"product-type-variable"},"yoast_head":"<!-- This site is optimized with the Yoast SEO plugin v27.3 - https:\/\/yoast.com\/product\/yoast-seo-wordpress\/ -->\n<title>Koupit 2-MPPP online - Nejlep\u0161\u00ed nejlep\u0161\u00ed glob\u00e1ln\u00ed l\u00e9ky<\/title>\n<meta name=\"description\" content=\"Koupit 2-MPPP online. Koupit 2-MPPP online na Medicinasinc.com \u2013 2-methyl-1-fenyl-3-(piperidin-1-yl)propan-1-on, 2mpp b\u00edl\u00fd krystalov\u00fd pr\u00e1\u0161ek na prodej. m\u00e1me nejlep\u0161\u00ed kvalitu a nejlep\u0161\u00ed ceny\" \/>\n<meta name=\"robots\" content=\"index, follow, max-snippet:-1, max-image-preview:large, max-video-preview:-1\" \/>\n<link rel=\"canonical\" href=\"https:\/\/medicinasinc.com\/cs\/product\/koupit-2-mppp-online\/\" \/>\n<meta property=\"og:locale\" content=\"en_US\" \/>\n<meta property=\"og:type\" content=\"article\" \/>\n<meta property=\"og:title\" content=\"Koupit 2-MPPP online - Nejlep\u0161\u00ed nejlep\u0161\u00ed glob\u00e1ln\u00ed l\u00e9ky\" \/>\n<meta property=\"og:description\" content=\"Koupit 2-MPPP online. Koupit 2-MPPP online na Medicinasinc.com \u2013 2-methyl-1-fenyl-3-(piperidin-1-yl)propan-1-on, 2mpp b\u00edl\u00fd krystalov\u00fd pr\u00e1\u0161ek na prodej. m\u00e1me nejlep\u0161\u00ed kvalitu a nejlep\u0161\u00ed ceny\" \/>\n<meta property=\"og:url\" content=\"https:\/\/medicinasinc.com\/cs\/product\/koupit-2-mppp-online\/\" \/>\n<meta property=\"og:site_name\" content=\"Medicinas Inc\" \/>\n<meta property=\"article:modified_time\" content=\"2022-08-03T11:37:21+00:00\" \/>\n<meta property=\"og:image\" content=\"https:\/\/medicinasinc.com\/cs\/wp-content\/uploads\/sites\/2\/2022\/02\/2mppp.jpg\" \/>\n\t<meta property=\"og:image:width\" content=\"600\" \/>\n\t<meta property=\"og:image:height\" content=\"600\" \/>\n\t<meta property=\"og:image:type\" content=\"image\/jpeg\" \/>\n<meta name=\"twitter:card\" content=\"summary_large_image\" \/>\n<meta name=\"twitter:label1\" content=\"Est. reading time\" \/>\n\t<meta name=\"twitter:data1\" content=\"2 minutes\" \/>\n<script type=\"application\/ld+json\" class=\"yoast-schema-graph\">{\"@context\":\"https:\\\/\\\/schema.org\",\"@graph\":[{\"@type\":\"WebPage\",\"@id\":\"https:\\\/\\\/medicinasinc.com\\\/cs\\\/product\\\/koupit-2-mppp-online\\\/\",\"url\":\"https:\\\/\\\/medicinasinc.com\\\/cs\\\/product\\\/koupit-2-mppp-online\\\/\",\"name\":\"Koupit 2-MPPP online - Nejlep\u0161\u00ed nejlep\u0161\u00ed glob\u00e1ln\u00ed l\u00e9ky\",\"isPartOf\":{\"@id\":\"https:\\\/\\\/medicinasinc.com\\\/cs\\\/#website\"},\"primaryImageOfPage\":{\"@id\":\"https:\\\/\\\/medicinasinc.com\\\/cs\\\/product\\\/koupit-2-mppp-online\\\/#primaryimage\"},\"image\":{\"@id\":\"https:\\\/\\\/medicinasinc.com\\\/cs\\\/product\\\/koupit-2-mppp-online\\\/#primaryimage\"},\"thumbnailUrl\":\"https:\\\/\\\/medicinasinc.com\\\/cs\\\/wp-content\\\/uploads\\\/sites\\\/2\\\/2022\\\/02\\\/2mppp.jpg\",\"datePublished\":\"2022-02-21T21:15:28+00:00\",\"dateModified\":\"2022-08-03T11:37:21+00:00\",\"description\":\"Koupit 2-MPPP online. Koupit 2-MPPP online na Medicinasinc.com \u2013 2-methyl-1-fenyl-3-(piperidin-1-yl)propan-1-on, 2mpp b\u00edl\u00fd krystalov\u00fd pr\u00e1\u0161ek na prodej. m\u00e1me nejlep\u0161\u00ed kvalitu a nejlep\u0161\u00ed ceny\",\"breadcrumb\":{\"@id\":\"https:\\\/\\\/medicinasinc.com\\\/cs\\\/product\\\/koupit-2-mppp-online\\\/#breadcrumb\"},\"inLanguage\":\"en-US\",\"potentialAction\":[{\"@type\":\"ReadAction\",\"target\":[\"https:\\\/\\\/medicinasinc.com\\\/cs\\\/product\\\/koupit-2-mppp-online\\\/\"]}]},{\"@type\":\"ImageObject\",\"inLanguage\":\"en-US\",\"@id\":\"https:\\\/\\\/medicinasinc.com\\\/cs\\\/product\\\/koupit-2-mppp-online\\\/#primaryimage\",\"url\":\"https:\\\/\\\/medicinasinc.com\\\/cs\\\/wp-content\\\/uploads\\\/sites\\\/2\\\/2022\\\/02\\\/2mppp.jpg\",\"contentUrl\":\"https:\\\/\\\/medicinasinc.com\\\/cs\\\/wp-content\\\/uploads\\\/sites\\\/2\\\/2022\\\/02\\\/2mppp.jpg\",\"width\":600,\"height\":600},{\"@type\":\"BreadcrumbList\",\"@id\":\"https:\\\/\\\/medicinasinc.com\\\/cs\\\/product\\\/koupit-2-mppp-online\\\/#breadcrumb\",\"itemListElement\":[{\"@type\":\"ListItem\",\"position\":1,\"name\":\"Obchod\",\"item\":\"https:\\\/\\\/medicinasinc.com\\\/cs\\\/obchod\\\/\"},{\"@type\":\"ListItem\",\"position\":2,\"name\":\"Koupit 2-MPPP online\"}]},{\"@type\":\"WebSite\",\"@id\":\"https:\\\/\\\/medicinasinc.com\\\/cs\\\/#website\",\"url\":\"https:\\\/\\\/medicinasinc.com\\\/cs\\\/\",\"name\":\"Medicinas Inc\",\"description\":\"Health Medical Clinic\",\"potentialAction\":[{\"@type\":\"SearchAction\",\"target\":{\"@type\":\"EntryPoint\",\"urlTemplate\":\"https:\\\/\\\/medicinasinc.com\\\/cs\\\/?s={search_term_string}\"},\"query-input\":{\"@type\":\"PropertyValueSpecification\",\"valueRequired\":true,\"valueName\":\"search_term_string\"}}],\"inLanguage\":\"en-US\"}]}<\/script>\n<!-- \/ Yoast SEO plugin. -->","yoast_head_json":{"title":"Koupit 2-MPPP online - Nejlep\u0161\u00ed nejlep\u0161\u00ed glob\u00e1ln\u00ed l\u00e9ky","description":"Koupit 2-MPPP online. Koupit 2-MPPP online na Medicinasinc.com \u2013 2-methyl-1-fenyl-3-(piperidin-1-yl)propan-1-on, 2mpp b\u00edl\u00fd krystalov\u00fd pr\u00e1\u0161ek na prodej. m\u00e1me nejlep\u0161\u00ed kvalitu a nejlep\u0161\u00ed ceny","robots":{"index":"index","follow":"follow","max-snippet":"max-snippet:-1","max-image-preview":"max-image-preview:large","max-video-preview":"max-video-preview:-1"},"canonical":"https:\/\/medicinasinc.com\/cs\/product\/koupit-2-mppp-online\/","og_locale":"en_US","og_type":"article","og_title":"Koupit 2-MPPP online - Nejlep\u0161\u00ed nejlep\u0161\u00ed glob\u00e1ln\u00ed l\u00e9ky","og_description":"Koupit 2-MPPP online. Koupit 2-MPPP online na Medicinasinc.com \u2013 2-methyl-1-fenyl-3-(piperidin-1-yl)propan-1-on, 2mpp b\u00edl\u00fd krystalov\u00fd pr\u00e1\u0161ek na prodej. m\u00e1me nejlep\u0161\u00ed kvalitu a nejlep\u0161\u00ed ceny","og_url":"https:\/\/medicinasinc.com\/cs\/product\/koupit-2-mppp-online\/","og_site_name":"Medicinas Inc","article_modified_time":"2022-08-03T11:37:21+00:00","og_image":[{"width":600,"height":600,"url":"https:\/\/medicinasinc.com\/cs\/wp-content\/uploads\/sites\/2\/2022\/02\/2mppp.jpg","type":"image\/jpeg"}],"twitter_card":"summary_large_image","twitter_misc":{"Est. reading time":"2 minutes"},"schema":{"@context":"https:\/\/schema.org","@graph":[{"@type":"WebPage","@id":"https:\/\/medicinasinc.com\/cs\/product\/koupit-2-mppp-online\/","url":"https:\/\/medicinasinc.com\/cs\/product\/koupit-2-mppp-online\/","name":"Koupit 2-MPPP online - Nejlep\u0161\u00ed nejlep\u0161\u00ed glob\u00e1ln\u00ed l\u00e9ky","isPartOf":{"@id":"https:\/\/medicinasinc.com\/cs\/#website"},"primaryImageOfPage":{"@id":"https:\/\/medicinasinc.com\/cs\/product\/koupit-2-mppp-online\/#primaryimage"},"image":{"@id":"https:\/\/medicinasinc.com\/cs\/product\/koupit-2-mppp-online\/#primaryimage"},"thumbnailUrl":"https:\/\/medicinasinc.com\/cs\/wp-content\/uploads\/sites\/2\/2022\/02\/2mppp.jpg","datePublished":"2022-02-21T21:15:28+00:00","dateModified":"2022-08-03T11:37:21+00:00","description":"Koupit 2-MPPP online. Koupit 2-MPPP online na Medicinasinc.com \u2013 2-methyl-1-fenyl-3-(piperidin-1-yl)propan-1-on, 2mpp b\u00edl\u00fd krystalov\u00fd pr\u00e1\u0161ek na prodej. m\u00e1me nejlep\u0161\u00ed kvalitu a nejlep\u0161\u00ed ceny","breadcrumb":{"@id":"https:\/\/medicinasinc.com\/cs\/product\/koupit-2-mppp-online\/#breadcrumb"},"inLanguage":"en-US","potentialAction":[{"@type":"ReadAction","target":["https:\/\/medicinasinc.com\/cs\/product\/koupit-2-mppp-online\/"]}]},{"@type":"ImageObject","inLanguage":"en-US","@id":"https:\/\/medicinasinc.com\/cs\/product\/koupit-2-mppp-online\/#primaryimage","url":"https:\/\/medicinasinc.com\/cs\/wp-content\/uploads\/sites\/2\/2022\/02\/2mppp.jpg","contentUrl":"https:\/\/medicinasinc.com\/cs\/wp-content\/uploads\/sites\/2\/2022\/02\/2mppp.jpg","width":600,"height":600},{"@type":"BreadcrumbList","@id":"https:\/\/medicinasinc.com\/cs\/product\/koupit-2-mppp-online\/#breadcrumb","itemListElement":[{"@type":"ListItem","position":1,"name":"Obchod","item":"https:\/\/medicinasinc.com\/cs\/obchod\/"},{"@type":"ListItem","position":2,"name":"Koupit 2-MPPP online"}]},{"@type":"WebSite","@id":"https:\/\/medicinasinc.com\/cs\/#website","url":"https:\/\/medicinasinc.com\/cs\/","name":"Medicinas Inc","description":"Health Medical Clinic","potentialAction":[{"@type":"SearchAction","target":{"@type":"EntryPoint","urlTemplate":"https:\/\/medicinasinc.com\/cs\/?s={search_term_string}"},"query-input":{"@type":"PropertyValueSpecification","valueRequired":true,"valueName":"search_term_string"}}],"inLanguage":"en-US"}]}},"_links":{"self":[{"href":"https:\/\/medicinasinc.com\/cs\/wp-json\/wp\/v2\/product\/5340","targetHints":{"allow":["GET"]}}],"collection":[{"href":"https:\/\/medicinasinc.com\/cs\/wp-json\/wp\/v2\/product"}],"about":[{"href":"https:\/\/medicinasinc.com\/cs\/wp-json\/wp\/v2\/types\/product"}],"replies":[{"embeddable":true,"href":"https:\/\/medicinasinc.com\/cs\/wp-json\/wp\/v2\/comments?post=5340"}],"wp:featuredmedia":[{"embeddable":true,"href":"https:\/\/medicinasinc.com\/cs\/wp-json\/wp\/v2\/media\/5350"}],"wp:attachment":[{"href":"https:\/\/medicinasinc.com\/cs\/wp-json\/wp\/v2\/media?parent=5340"}],"wp:term":[{"taxonomy":"product_brand","embeddable":true,"href":"https:\/\/medicinasinc.com\/cs\/wp-json\/wp\/v2\/product_brand?post=5340"},{"taxonomy":"product_cat","embeddable":true,"href":"https:\/\/medicinasinc.com\/cs\/wp-json\/wp\/v2\/product_cat?post=5340"},{"taxonomy":"product_tag","embeddable":true,"href":"https:\/\/medicinasinc.com\/cs\/wp-json\/wp\/v2\/product_tag?post=5340"}],"curies":[{"name":"wp","href":"https:\/\/api.w.org\/{rel}","templated":true}]}}