{"id":5332,"date":"2022-02-21T21:05:55","date_gmt":"2022-02-21T21:05:55","guid":{"rendered":"https:\/\/medicinasinc.com\/cs\/?post_type=product&#038;p=5332"},"modified":"2022-03-14T12:16:47","modified_gmt":"2022-03-14T12:16:47","slug":"buy-2-fma-2-fluoromethamphetamine-hydrochlorid","status":"publish","type":"product","link":"https:\/\/medicinasinc.com\/cs\/product\/buy-2-fma-2-fluoromethamphetamine-hydrochlorid\/","title":{"rendered":"Koupit 2-FMA 2-Fluoromethamfetamin (hydrochlorid)"},"content":{"rendered":"<p><strong>Online n\u00e1kup 2-FMA Purity Powder<\/strong><\/p>\n<p>2-Fluoromethamfetamin (2-FMA) je stimulant ze stejn\u00e9 rodiny jako metamfetamin a 2-fluoroamfetamin. Navzdory skute\u010dnosti, \u017ee nen\u00ed nic zn\u00e1mo o fyziologick\u00fdch \u00fa\u010dinc\u00edch amfetamin\u016f substituovan\u00fdch fluoromethoxyskupinou, byl 2-FMA nalezen jako slo\u017eka designov\u00fdch l\u00e9k\u016f prod\u00e1van\u00fdch jako \u201eleg\u00e1ln\u00ed vysok\u00e9\u201c n\u00e1hra\u017eky kontrolovan\u00fdch l\u00e1tek.<\/p>\n<p>Hydrochlorid t\u00e9to slou\u010deniny verze je navr\u017eena pro pou\u017eit\u00ed jako standard pro forenzn\u00ed vy\u0161et\u0159ov\u00e1n\u00ed vzork\u016f obsahuj\u00edc\u00edch 2-FMA.<\/p>\n<div class=\"mb-5 row\">\n<div class=\"w-100 col\">\n<h5>Synonyma<\/h5>\n<div class=\"row\">\n<div class=\"col\">\n<div class=\"row\" data-attribute=\"synonyms\">\n<div class=\"text-lg-right vertical-rule product-info -left float-left pl-3 pr-2 pb-3 col-6 col-md-5 col-lg-4 col-xl-3\">Synonyma<\/div>\n<div class=\"float-right pl-3 text-xsm product-info-right col-6 col-md-7 col-lg-8 col-xl-9\">\n<ul class=\" p-0 mb-3 list-unstyled\">\n<li class=\"undefined text-lato-bold\"><span class=\"\">2-FMA<\/span><\/li>\n<\/ul>\n<\/div>\n<\/div>\n<\/div>\n<\/div>\n<\/div>\n<\/div>\n<div class=\"mb-5 row\">\n<div class=\"w-100 col\">\n<h5>Technick\u00e9 informace<\/h5>\n<div class=\"row\">\n<div class=\"col\">\n<div class=\"row\" data-attribute=\"formalName\">\n<div class=\"text-lg-right vertical-rule product-info-left float-left pl-3 pr- 2 pb-3 col-6 col-md-5 col-lg-4 col-xl-3\">Form\u00e1ln\u00ed n\u00e1zev<\/div>\n<div class=\"float-right pl-3 text-xsm product-info-right col -6 col-md-7 col-lg-8 col-xl-9\">2-fluor-N-\u03b1-dimethyl-benzenethanamin, monohydrochlorid<\/div>\n<\/div>\n<div class=\"row\" data-atribute=\"casNumber\">\n<div class=\"text-lg-right vertical-rule product-info-left float-left pl-3 pr-2 pb-3 col-6 col-md-5 col-lg-4 col- xl-3\">\u010c\u00edslo CAS<\/div>\n<div class=\"float-right pl-3 text-xsm product-info-right col-6 col-md-7 col-lg-8 col-xl-9\"> 1780004-19-4<\/div>\n<\/div>\n<div class=\"row\" data-attribute=\"molecularFormula\">\n<div class=\"text-lg-right vertical-rule product-info-left float-left pl -3 pr-2 pb-3 col-6 col-md-5 col-lg-4 col-xl-3\">Molekul\u00e1rn\u00ed vzorec<\/div>\n<div class=\"float-right pl-3 text-xsm product- info-right col-6 col-md-7 col-lg-8 col-xl-9\">C<sub><small>10<\/small><\/sub>H<sub><small>14&lt;\/small <\/sub>FN \u2022 HCl<\/div>\n<\/div>\n<div class=\"row\" data-attribute=\"formulaWeight\">\n<div class=\"text-lg-right vertical-rule product-info-left float-left pl-3 pr-2 pb-3 col-6 col-md-5 col-lg-4 col-xl-3\">hmotnost vzorce<\/div>\n<div class=\"float-right pl-3 text-xsm produkt -info-right col-6 col-md-7 col-lg-8 col-xl-9\">203,7<\/div>\n<\/div>\n<div class=\"row\" data-attribute=\"purity\">\n<div class=\"text-lg-right vertical-rule product-info-left float-left pl-3 pr-2 pb-3 col-6 col-md-5 col-lg-4 col-xl-3\">\u010cistota<\/div>\n<div class=\"float-right pl-3 text-xsm product-info-right col-6 col-md-7 col-lg-8 col-xl-9\">\u226598 %<\/div>\n<\/div>\n<div class=\"row\" data-attribute=\"formulation\">\n<div class=\"text-lg-right vertical-rule product-info-left float-left pl-3 pr-2 pb-3 col- 6 col-md-5 col-lg-4 col-xl-3\">Receptura<\/div>\n<div class=\"float-right pl-3 text-xsm product-info-right col-6 col-md-7 col-lg-8 col-xl-9\">Krystalick\u00e1 pevn\u00e1 l\u00e1tka<\/div>\n<\/div>\n<div class=\"row\" data-attribute=\"solubilita\">\n<div class=\"text-lg-right vertical- pravidlo product-info-left float-left pl-3 pr-2 pb-3 col-6 col-md-5 col-lg-4 col-xl-3\">Rozpustnost<small>(Dal\u0161\u00ed informace o rozptylu rozpustnosti)<\/small><\/div>\n<div class=\"float-right pl-3 text-xsm product-info-right col-6 col-md-7 col-lg-8 col-xl-9\">\n<ul class=\" p-0 mb-3 list-unstyled\">\n<li class=\"undefined text-lato-bold\"><span class=\"\">DMF: 20 mg\/ml<\/span><\/li>\n<li class=\" undefined text-lato-bold\"><span class=\"\">DMSO: 20 mg\/ml<\/span><\/li>\n<li class=\"undefined text-lato-bold\"><span class=\"\">Ethanol : 30 mg\/ml<\/span><\/li>\n<li class=\"undefined text-lato-bold\"><span class=\"\">PBS (pH 7,2): 10 mg\/ml<\/span><\/li>\n<\/ul>\n<\/div>\n<\/div>\n<div class=\"row\" data-attribute=\"smiles\">\n<div class=\"text-lg-right vertical-rule product-info-left float-left pl -3 pr-2 pb-3 col-6 col-md-5 col-lg-4 col-xl-3\">SMILES<\/div>\n<div class=\"float-right pl-3 text-xsm product-info -prav\u00fd col-6 col-md-7 col-lg-8 col- xl-9\">FC1=CC=CC=C1CC(C)NC.Cl<\/div>\n<\/div>\n<div class=\" row\" data-attribute=\"inchi\">\n<div class=\"text-lg- right vertical-rule product-info-left float-left pl-3 pr-2 pb-3 col-6 col-md-5 col- lg-4 col-xl-3\">K\u00f3d InChi<\/div>\n<div class=\"float-right pl-3 text-xsm product-info-right col-6 col-md-7 col-lg-8 col- xl-9\">InChI=lS\/C10H14FN.ClH\/cl-8(12-2)7-9-5-3-4-6-10(9)11;\/h3-6,8,12H,7H2, 1-2H3;1H<\/div>\n<\/div>\n<div class=\"row \" data-attribute=\"inchiKey\">\n<div class=\"text-lg-right vertical-rule product-info-left float-left pl-3 pr-2 pb-3 col-6 col-md-5 col-lg -4 col-xl-3\">Kl\u00ed\u010d InChi<\/div>\n<div class=\"float-right pl-3 text -xsm product-info-right col-6 col-md-7 col-lg-8 col-xl -9\">GTSVNAIEHCXQPM-UHFFFAOYSA-N<\/div>\n<\/div>\n<\/div>\n<\/div>\n<\/div>\n<\/div>\n<div class=\"row\">\n<div class=\"col\">\n<h5>Informace o doprav\u011b a skladov\u00e1n\u00ed <\/h5>\n<div class=\"row\">\n<div class=\"col\">\n<div class=\"row\" data-attribute=\"storageTemp\">\n<div class=\"text-lg -prav\u00e9 svisl\u00e9-pravid lo-produkt-info-vlevo plovouc\u00ed-lev\u00fd pl-3 pr-2 pb-3 col-6 col-md-5 c ol-lg-4 col-xl-3\">\u00dalo\u017ei\u0161t\u011b<\/div>\n<div class=\" float-right pl-3 text-xsm product-info-right col-6 col-md-7 col-lg-8 col -xl-9\">-20\u00b0C<\/div>\n<\/div>\n<div class=\"row\" data-attribute=\"address\">\n<div class=\"text-lg-right vertical-rule product-info- left float-left pl-3 pr-2 pb-3 col-6 col- md-5 col-lg-4 col-xl-3\">Doprava<\/div>\n<div class=\"float-right pl-3 text -xsm product-info-right col-6 col-md-7 col-lg -8 col-xl-9\">Pokojov\u00e1 teplota\u00a0v kontinent\u00e1ln\u00edch USA; jinde se mohou li\u0161it<\/div>\n<\/div>\n<div class=\"row\" data-attribute=\"stabilityDisplay\">\n<div class=\"text-lg-right vertical-rule product-info-left float -left pl-3 pr-2 pb-3 col-6 col-md-5 col-lg-4 col-xl-3\">Stabilita<\/div>\n<div class=\"float-right pl-3 text-xsm product-info-right col-6 col-md-7 col-lg-8 col-xl-9\">\u2265\u00a02 roky<\/div>\n<\/div>\n<\/div>\n<\/div>\n<\/div>\n<\/div>\n<div class=\"product-next-previous\">\n<div class=\"product-prev\"><\/div>\n<\/div>\n","protected":false},"excerpt":{"rendered":"<p>Koupit 2-FMA 2-Fluoromethamfetamin (hydrochlorid) na prodej High Purity Powder Online. Velkoobchodn\u00ed pr\u00e1\u0161ek 2-FMA (99%+ \u010dist\u00fd) \u2013 podobn\u00fd metamfetaminu Doporu\u010den\u00e9 d\u00e1vkov\u00e1n\u00ed 50\u201380 mg<\/p>\n<p>&nbsp;<\/p>\n","protected":false},"featured_media":5343,"comment_status":"open","ping_status":"closed","template":"","meta":[],"product_brand":[],"product_cat":[2014],"product_tag":[2023,2016,2017,2018,2019,2022,2020,2021,2015,2024,2025,2026],"class_list":{"0":"post-5332","1":"product","2":"type-product","3":"status-publish","4":"has-post-thumbnail","6":"product_cat-koupit-vyzkumne-chemikalie","7":"product_tag-2-fma-hubnut","8":"product_tag-2-fma-leglnost","9":"product_tag-2-fma-legality-2-fma-powder","10":"product_tag-2-fma-legality-usa","11":"product_tag-2-fma-pilulky","12":"product_tag-2-fma-usa","13":"product_tag-2-fma-prek","14":"product_tag-2-fma-syntza","15":"product_tag-2-o-c5-a1kliv-c3-bd","16":"product_tag-4-fluormetamfetamin","17":"product_tag-buy-2-fma","18":"product_tag-fluorometamfetamin-nzev-ulice","20":"first","21":"instock","22":"shipping-taxable","23":"purchasable","24":"product-type-variable","25":"has-default-attributes"},"yoast_head":"<!-- This site is optimized with the Yoast SEO plugin v27.3 - https:\/\/yoast.com\/product\/yoast-seo-wordpress\/ -->\n<title>Koupit 2-FMA 2-Fluoromethamfetamin (hydrochlorid) - Nejlep\u0161\u00ed glob\u00e1ln\u00ed l\u00e9ky<\/title>\n<meta name=\"description\" content=\"Koupit 2-FMA 2-Fluoromethamphetamine (hydrochlorid) na prodej High Purity Powder Online. Velkoobchodn\u00ed pr\u00e1\u0161ek 2-FMA (99%+ \u010dist\u00fd) \u2013 podobn\u00fd metamfetaminu Doporu\u010den\u00e9 d\u00e1vkov\u00e1n\u00ed 50\u201380 mg\" \/>\n<meta name=\"robots\" content=\"index, follow, max-snippet:-1, max-image-preview:large, max-video-preview:-1\" \/>\n<link rel=\"canonical\" href=\"https:\/\/medicinasinc.com\/cs\/product\/buy-2-fma-2-fluoromethamphetamine-hydrochlorid\/\" \/>\n<meta property=\"og:locale\" content=\"en_US\" \/>\n<meta property=\"og:type\" content=\"article\" \/>\n<meta property=\"og:title\" content=\"Koupit 2-FMA 2-Fluoromethamfetamin (hydrochlorid) - Nejlep\u0161\u00ed glob\u00e1ln\u00ed l\u00e9ky\" \/>\n<meta property=\"og:description\" content=\"Koupit 2-FMA 2-Fluoromethamphetamine (hydrochlorid) na prodej High Purity Powder Online. Velkoobchodn\u00ed pr\u00e1\u0161ek 2-FMA (99%+ \u010dist\u00fd) \u2013 podobn\u00fd metamfetaminu Doporu\u010den\u00e9 d\u00e1vkov\u00e1n\u00ed 50\u201380 mg\" \/>\n<meta property=\"og:url\" content=\"https:\/\/medicinasinc.com\/cs\/product\/buy-2-fma-2-fluoromethamphetamine-hydrochlorid\/\" \/>\n<meta property=\"og:site_name\" content=\"Medicinas Inc\" \/>\n<meta property=\"article:modified_time\" content=\"2022-03-14T12:16:47+00:00\" \/>\n<meta property=\"og:image\" content=\"https:\/\/medicinasinc.com\/cs\/wp-content\/uploads\/sites\/2\/2022\/02\/Buy-2-FMA.jpg\" \/>\n\t<meta property=\"og:image:width\" content=\"750\" \/>\n\t<meta property=\"og:image:height\" content=\"1000\" \/>\n\t<meta property=\"og:image:type\" content=\"image\/jpeg\" \/>\n<meta name=\"twitter:card\" content=\"summary_large_image\" \/>\n<meta name=\"twitter:label1\" content=\"Est. reading time\" \/>\n\t<meta name=\"twitter:data1\" content=\"1 minute\" \/>\n<script type=\"application\/ld+json\" class=\"yoast-schema-graph\">{\"@context\":\"https:\\\/\\\/schema.org\",\"@graph\":[{\"@type\":\"WebPage\",\"@id\":\"https:\\\/\\\/medicinasinc.com\\\/cs\\\/product\\\/buy-2-fma-2-fluoromethamphetamine-hydrochlorid\\\/\",\"url\":\"https:\\\/\\\/medicinasinc.com\\\/cs\\\/product\\\/buy-2-fma-2-fluoromethamphetamine-hydrochlorid\\\/\",\"name\":\"Koupit 2-FMA 2-Fluoromethamfetamin (hydrochlorid) - Nejlep\u0161\u00ed glob\u00e1ln\u00ed l\u00e9ky\",\"isPartOf\":{\"@id\":\"https:\\\/\\\/medicinasinc.com\\\/cs\\\/#website\"},\"primaryImageOfPage\":{\"@id\":\"https:\\\/\\\/medicinasinc.com\\\/cs\\\/product\\\/buy-2-fma-2-fluoromethamphetamine-hydrochlorid\\\/#primaryimage\"},\"image\":{\"@id\":\"https:\\\/\\\/medicinasinc.com\\\/cs\\\/product\\\/buy-2-fma-2-fluoromethamphetamine-hydrochlorid\\\/#primaryimage\"},\"thumbnailUrl\":\"https:\\\/\\\/medicinasinc.com\\\/cs\\\/wp-content\\\/uploads\\\/sites\\\/2\\\/2022\\\/02\\\/Buy-2-FMA.jpg\",\"datePublished\":\"2022-02-21T21:05:55+00:00\",\"dateModified\":\"2022-03-14T12:16:47+00:00\",\"description\":\"Koupit 2-FMA 2-Fluoromethamphetamine (hydrochlorid) na prodej High Purity Powder Online. Velkoobchodn\u00ed pr\u00e1\u0161ek 2-FMA (99%+ \u010dist\u00fd) \u2013 podobn\u00fd metamfetaminu Doporu\u010den\u00e9 d\u00e1vkov\u00e1n\u00ed 50\u201380 mg\",\"breadcrumb\":{\"@id\":\"https:\\\/\\\/medicinasinc.com\\\/cs\\\/product\\\/buy-2-fma-2-fluoromethamphetamine-hydrochlorid\\\/#breadcrumb\"},\"inLanguage\":\"en-US\",\"potentialAction\":[{\"@type\":\"ReadAction\",\"target\":[\"https:\\\/\\\/medicinasinc.com\\\/cs\\\/product\\\/buy-2-fma-2-fluoromethamphetamine-hydrochlorid\\\/\"]}]},{\"@type\":\"ImageObject\",\"inLanguage\":\"en-US\",\"@id\":\"https:\\\/\\\/medicinasinc.com\\\/cs\\\/product\\\/buy-2-fma-2-fluoromethamphetamine-hydrochlorid\\\/#primaryimage\",\"url\":\"https:\\\/\\\/medicinasinc.com\\\/cs\\\/wp-content\\\/uploads\\\/sites\\\/2\\\/2022\\\/02\\\/Buy-2-FMA.jpg\",\"contentUrl\":\"https:\\\/\\\/medicinasinc.com\\\/cs\\\/wp-content\\\/uploads\\\/sites\\\/2\\\/2022\\\/02\\\/Buy-2-FMA.jpg\",\"width\":750,\"height\":1000},{\"@type\":\"BreadcrumbList\",\"@id\":\"https:\\\/\\\/medicinasinc.com\\\/cs\\\/product\\\/buy-2-fma-2-fluoromethamphetamine-hydrochlorid\\\/#breadcrumb\",\"itemListElement\":[{\"@type\":\"ListItem\",\"position\":1,\"name\":\"Obchod\",\"item\":\"https:\\\/\\\/medicinasinc.com\\\/cs\\\/obchod\\\/\"},{\"@type\":\"ListItem\",\"position\":2,\"name\":\"Koupit 2-FMA 2-Fluoromethamfetamin (hydrochlorid)\"}]},{\"@type\":\"WebSite\",\"@id\":\"https:\\\/\\\/medicinasinc.com\\\/cs\\\/#website\",\"url\":\"https:\\\/\\\/medicinasinc.com\\\/cs\\\/\",\"name\":\"Medicinas Inc\",\"description\":\"Health Medical Clinic\",\"potentialAction\":[{\"@type\":\"SearchAction\",\"target\":{\"@type\":\"EntryPoint\",\"urlTemplate\":\"https:\\\/\\\/medicinasinc.com\\\/cs\\\/?s={search_term_string}\"},\"query-input\":{\"@type\":\"PropertyValueSpecification\",\"valueRequired\":true,\"valueName\":\"search_term_string\"}}],\"inLanguage\":\"en-US\"}]}<\/script>\n<!-- \/ Yoast SEO plugin. -->","yoast_head_json":{"title":"Koupit 2-FMA 2-Fluoromethamfetamin (hydrochlorid) - Nejlep\u0161\u00ed glob\u00e1ln\u00ed l\u00e9ky","description":"Koupit 2-FMA 2-Fluoromethamphetamine (hydrochlorid) na prodej High Purity Powder Online. Velkoobchodn\u00ed pr\u00e1\u0161ek 2-FMA (99%+ \u010dist\u00fd) \u2013 podobn\u00fd metamfetaminu Doporu\u010den\u00e9 d\u00e1vkov\u00e1n\u00ed 50\u201380 mg","robots":{"index":"index","follow":"follow","max-snippet":"max-snippet:-1","max-image-preview":"max-image-preview:large","max-video-preview":"max-video-preview:-1"},"canonical":"https:\/\/medicinasinc.com\/cs\/product\/buy-2-fma-2-fluoromethamphetamine-hydrochlorid\/","og_locale":"en_US","og_type":"article","og_title":"Koupit 2-FMA 2-Fluoromethamfetamin (hydrochlorid) - Nejlep\u0161\u00ed glob\u00e1ln\u00ed l\u00e9ky","og_description":"Koupit 2-FMA 2-Fluoromethamphetamine (hydrochlorid) na prodej High Purity Powder Online. Velkoobchodn\u00ed pr\u00e1\u0161ek 2-FMA (99%+ \u010dist\u00fd) \u2013 podobn\u00fd metamfetaminu Doporu\u010den\u00e9 d\u00e1vkov\u00e1n\u00ed 50\u201380 mg","og_url":"https:\/\/medicinasinc.com\/cs\/product\/buy-2-fma-2-fluoromethamphetamine-hydrochlorid\/","og_site_name":"Medicinas Inc","article_modified_time":"2022-03-14T12:16:47+00:00","og_image":[{"width":750,"height":1000,"url":"https:\/\/medicinasinc.com\/cs\/wp-content\/uploads\/sites\/2\/2022\/02\/Buy-2-FMA.jpg","type":"image\/jpeg"}],"twitter_card":"summary_large_image","twitter_misc":{"Est. reading time":"1 minute"},"schema":{"@context":"https:\/\/schema.org","@graph":[{"@type":"WebPage","@id":"https:\/\/medicinasinc.com\/cs\/product\/buy-2-fma-2-fluoromethamphetamine-hydrochlorid\/","url":"https:\/\/medicinasinc.com\/cs\/product\/buy-2-fma-2-fluoromethamphetamine-hydrochlorid\/","name":"Koupit 2-FMA 2-Fluoromethamfetamin (hydrochlorid) - Nejlep\u0161\u00ed glob\u00e1ln\u00ed l\u00e9ky","isPartOf":{"@id":"https:\/\/medicinasinc.com\/cs\/#website"},"primaryImageOfPage":{"@id":"https:\/\/medicinasinc.com\/cs\/product\/buy-2-fma-2-fluoromethamphetamine-hydrochlorid\/#primaryimage"},"image":{"@id":"https:\/\/medicinasinc.com\/cs\/product\/buy-2-fma-2-fluoromethamphetamine-hydrochlorid\/#primaryimage"},"thumbnailUrl":"https:\/\/medicinasinc.com\/cs\/wp-content\/uploads\/sites\/2\/2022\/02\/Buy-2-FMA.jpg","datePublished":"2022-02-21T21:05:55+00:00","dateModified":"2022-03-14T12:16:47+00:00","description":"Koupit 2-FMA 2-Fluoromethamphetamine (hydrochlorid) na prodej High Purity Powder Online. Velkoobchodn\u00ed pr\u00e1\u0161ek 2-FMA (99%+ \u010dist\u00fd) \u2013 podobn\u00fd metamfetaminu Doporu\u010den\u00e9 d\u00e1vkov\u00e1n\u00ed 50\u201380 mg","breadcrumb":{"@id":"https:\/\/medicinasinc.com\/cs\/product\/buy-2-fma-2-fluoromethamphetamine-hydrochlorid\/#breadcrumb"},"inLanguage":"en-US","potentialAction":[{"@type":"ReadAction","target":["https:\/\/medicinasinc.com\/cs\/product\/buy-2-fma-2-fluoromethamphetamine-hydrochlorid\/"]}]},{"@type":"ImageObject","inLanguage":"en-US","@id":"https:\/\/medicinasinc.com\/cs\/product\/buy-2-fma-2-fluoromethamphetamine-hydrochlorid\/#primaryimage","url":"https:\/\/medicinasinc.com\/cs\/wp-content\/uploads\/sites\/2\/2022\/02\/Buy-2-FMA.jpg","contentUrl":"https:\/\/medicinasinc.com\/cs\/wp-content\/uploads\/sites\/2\/2022\/02\/Buy-2-FMA.jpg","width":750,"height":1000},{"@type":"BreadcrumbList","@id":"https:\/\/medicinasinc.com\/cs\/product\/buy-2-fma-2-fluoromethamphetamine-hydrochlorid\/#breadcrumb","itemListElement":[{"@type":"ListItem","position":1,"name":"Obchod","item":"https:\/\/medicinasinc.com\/cs\/obchod\/"},{"@type":"ListItem","position":2,"name":"Koupit 2-FMA 2-Fluoromethamfetamin (hydrochlorid)"}]},{"@type":"WebSite","@id":"https:\/\/medicinasinc.com\/cs\/#website","url":"https:\/\/medicinasinc.com\/cs\/","name":"Medicinas Inc","description":"Health Medical Clinic","potentialAction":[{"@type":"SearchAction","target":{"@type":"EntryPoint","urlTemplate":"https:\/\/medicinasinc.com\/cs\/?s={search_term_string}"},"query-input":{"@type":"PropertyValueSpecification","valueRequired":true,"valueName":"search_term_string"}}],"inLanguage":"en-US"}]}},"_links":{"self":[{"href":"https:\/\/medicinasinc.com\/cs\/wp-json\/wp\/v2\/product\/5332","targetHints":{"allow":["GET"]}}],"collection":[{"href":"https:\/\/medicinasinc.com\/cs\/wp-json\/wp\/v2\/product"}],"about":[{"href":"https:\/\/medicinasinc.com\/cs\/wp-json\/wp\/v2\/types\/product"}],"replies":[{"embeddable":true,"href":"https:\/\/medicinasinc.com\/cs\/wp-json\/wp\/v2\/comments?post=5332"}],"wp:featuredmedia":[{"embeddable":true,"href":"https:\/\/medicinasinc.com\/cs\/wp-json\/wp\/v2\/media\/5343"}],"wp:attachment":[{"href":"https:\/\/medicinasinc.com\/cs\/wp-json\/wp\/v2\/media?parent=5332"}],"wp:term":[{"taxonomy":"product_brand","embeddable":true,"href":"https:\/\/medicinasinc.com\/cs\/wp-json\/wp\/v2\/product_brand?post=5332"},{"taxonomy":"product_cat","embeddable":true,"href":"https:\/\/medicinasinc.com\/cs\/wp-json\/wp\/v2\/product_cat?post=5332"},{"taxonomy":"product_tag","embeddable":true,"href":"https:\/\/medicinasinc.com\/cs\/wp-json\/wp\/v2\/product_tag?post=5332"}],"curies":[{"name":"wp","href":"https:\/\/api.w.org\/{rel}","templated":true}]}}