{"id":5324,"date":"2022-02-21T20:59:08","date_gmt":"2022-02-21T20:59:08","guid":{"rendered":"https:\/\/medicinasinc.com\/cs\/?post_type=product&#038;p=5324"},"modified":"2022-03-14T12:16:58","modified_gmt":"2022-03-14T12:16:58","slug":"buy-vicodin","status":"publish","type":"product","link":"https:\/\/medicinasinc.com\/cs\/product\/buy-vicodin\/","title":{"rendered":"Kupte si Vicodin"},"content":{"rendered":"<p>Online n\u00e1kup pilulek hydrokodonu Vicodin<\/p>\n<p>VICODIN\u00ae (tablety hydrokodon bitartr\u00e1t a acetaminofen, USP 5 mg\/300 mg): Jedna nebo dv\u011b tablety ka\u017ed\u00e9 \u010dty\u0159i a\u017e \u0161est hodin podle pot\u0159eby pro bolest u dosp\u011bl\u00fdch. Denn\u00ed maxim\u00e1ln\u00ed d\u00e1vka by nem\u011bla p\u0159ekro\u010dit osm pilulek.<\/p>\n<p>Online n\u00e1kup tablet hydrokodonu Vicodin<br \/> Koupit Vicodin online<\/p>\n<p>Vicodin obsahuje kombinaci hydrokodonu a acetaminofenu. Hydrokodon je opioidn\u00ed l\u00e9k proti bolesti. \u010casto se opioidy ozna\u010duj\u00ed jako narkotika. Acetaminofen je m\u00e9n\u011b siln\u00e9 analgetikum, kter\u00e9 zvy\u0161uje \u00fa\u010dinky hydrokodonu. Vicodin lze zakoupit online a vicodin je tak\u00e9 dostupn\u00fd k prodeji online. Vicodin pilulky se pou\u017e\u00edvaj\u00ed k l\u00e9\u010db\u011b m\u00edrn\u00e9 a\u017e st\u0159edn\u011b siln\u00e9 bolesti. Vicodin m\u016f\u017ee b\u00fdt tak\u00e9 zahrnut pro pou\u017eit\u00ed, kter\u00e9 nen\u00ed uvedeno v tomto pr\u016fvodci l\u00e9\u010divy.<\/p>\n<p>U\u017eit\u00ed<\/p>\n<p>Kombinovan\u00fd l\u00e9k je ur\u010den k l\u00e9\u010db\u011b m\u00edrn\u00e9 a\u017e st\u0159edn\u011b siln\u00e9 bolesti. To poskytuje \u00falevu od bolesti prost\u0159ednictv\u00edm morfinu (hydrokodon) a neopioidu (acetaminofen). Hydrokodon m\u011bn\u00ed vn\u00edm\u00e1n\u00ed va\u0161eho t\u011bla a reakci na bolest v mozku. Acetaminofen m\u016f\u017ee tak\u00e9 pomoci sn\u00ed\u017eit z\u00e1va\u017enost hore\u010dky. L\u00e9k nen\u00ed povolen pro d\u011bti mlad\u0161\u00ed \u0161esti let kv\u016fli zv\u00fd\u0161en\u00e9mu riziku ne\u017e\u00e1douc\u00edch \u00fa\u010dink\u016f (jako je pomal\u00e9 a m\u011blk\u00e9 d\u00fdch\u00e1n\u00ed).<\/p>\n<p>Jak\u00fd je \u00fa\u010del tohoto l\u00e9ku?<\/p>\n<p>Hydrocodon se kombinuje s jin\u00fdmi chemik\u00e1liemi a pro r\u016fzn\u00e9 indikace se pod\u00e1vaj\u00ed \u010detn\u00e9 kombinovan\u00e9 l\u00e9ky. N\u011bkter\u00e9 kombinovan\u00e9 l\u00e9ky s hydrokodonem se pou\u017e\u00edvaj\u00ed k l\u00e9\u010db\u011b m\u00edrn\u00e9 a\u017e siln\u00e9 bolesti. Jin\u00e9 l\u00e9ky obsahuj\u00edc\u00ed kombinaci hydrokodonu se pou\u017e\u00edvaj\u00ed ke sn\u00ed\u017een\u00ed ka\u0161le. Hydrokodon je opioidn\u00ed (narkotick\u00fd) l\u00e9k proti bolesti a skupina l\u00e9k\u016f zn\u00e1m\u00fdch jako antitusika. Hydrokodon zm\u00edr\u0148uje bolest t\u00edm, \u017ee upravuje reakci mozku a nervov\u00e9ho syst\u00e9mu na bolest. Hydrokodon zm\u00edr\u0148uje ka\u0161el inhibic\u00ed mozkov\u00e9 aktivity spojen\u00e9 s ka\u0161lem. U\u017e\u00edv\u00e1te hydrokodon ve spojen\u00ed s nejm\u00e9n\u011b jedn\u00edm dal\u0161\u00edm l\u00e9kem, p\u0159esto monografie nab\u00edz\u00ed pouze informace o hydrokodonu. P\u0159e\u010dt\u011bte si o dal\u0161\u00edch l\u00e1tk\u00e1ch obsa\u017een\u00fdch v l\u00e9ku s hydrokodonem, kter\u00fd u\u017e\u00edv\u00e1te.<\/p>\n<p>Jak pou\u017e\u00edvat?<\/p>\n<p>Kombina\u010dn\u00ed p\u0159\u00edpravky s hydrokodonem jsou dostupn\u00e9 v n\u00e1sleduj\u00edc\u00edch form\u00e1ch: pilulka, gel, pasta, roztok ( \u010di\u0159en\u00ed kapaliny), gel s prodlou\u017een\u00fdm uvol\u0148ov\u00e1n\u00edm (dlouho p\u016fsob\u00edc\u00ed) a suspenzn\u00ed (tekut\u00e1) suspenze s dlouhodob\u00fdm \u00fa\u010dinkem pro peror\u00e1ln\u00ed pod\u00e1n\u00ed. Tabletu, kapsli, sirup nebo roztok lze podle pot\u0159eby u\u017e\u00edvat a\u017e ka\u017ed\u00fdch 4 a\u017e 6 hodin. Obvykle se ka\u017ed\u00fdch 12 hodin podle pot\u0159eby berou tobolky s prodlou\u017een\u00fdm uvol\u0148ov\u00e1n\u00edm a suspenze s prodlou\u017een\u00fdm uvol\u0148ov\u00e1n\u00edm. Pokud u\u017e\u00edv\u00e1te hydrokodon pravideln\u011b, m\u011bl by b\u00fdt u\u017e\u00edv\u00e1n ka\u017ed\u00fd den ve stejnou dobu. Pe\u010dliv\u011b dodr\u017eujte pokyny na \u0161t\u00edtku na p\u0159edpisu a v p\u0159\u00edpad\u011b pot\u0159eby z\u00edskejte vysv\u011btlen\u00ed od sv\u00e9ho l\u00e9k\u00e1rn\u00edka nebo l\u00e9ka\u0159e. Suspenzi prodlou\u017een\u00e9ho v\u00fdboje p\u0159ed pou\u017eit\u00edm dob\u0159e prot\u0159epejte, aby bylo zaji\u0161t\u011bno rovnom\u011brn\u00e9 rozpt\u00fdlen\u00ed l\u00e1tky. Nedoporu\u010duje se kombinovat suspenzi s prodlou\u017een\u00fdm uvol\u0148ov\u00e1n\u00edm s jin\u00fdmi l\u00e1tkami nebo tekutinami, jako je voda.<\/p>\n<p>Pokud pou\u017e\u00edv\u00e1te kombinaci hydrokodonu, sirup nebo suspenzi s prodlou\u017een\u00fdm uvol\u0148ov\u00e1n\u00edm, nepou\u017e\u00edvejte dom\u00e1c\u00ed \u010dajov\u00fd \u0161\u00e1lek zm\u011b\u0159te si d\u00e1vku. Dom\u00e1c\u00ed \u010dajov\u00e9 l\u017ei\u010dky nejsou p\u0159esn\u00e9 m\u011b\u0159ic\u00ed p\u0159\u00edstroje, a pokud budete sv\u00e9 d\u00e1vky testovat pomoc\u00ed dom\u00e1c\u00ed \u010dajov\u00e9 l\u017ei\u010dky, riskujete, \u017ee vezmete p\u0159\u00edli\u0161 mnoho nebo p\u0159\u00edli\u0161 m\u00e1lo pilulek. Sp\u00ed\u0161e ne\u017e to pou\u017eijte dob\u0159e definovan\u00e9 m\u011b\u0159ic\u00ed za\u0159\u00edzen\u00ed, jako je kap\u00e1tko, l\u017ei\u010dka nebo peror\u00e1ln\u00ed st\u0159\u00edka\u010dka.<\/p>\n<p>Tento kombinovan\u00fd l\u00e9k se pou\u017e\u00edv\u00e1 k l\u00e9\u010db\u011b bolesti od m\u00edrn\u00e9 a\u017e po t\u011b\u017ekou. Obsahuje opioidn\u00ed analgetikum (hydrokodon) i neopioidn\u00ed analgetikum (acetaminofen). Hydrokodon p\u016fsoben\u00edm na mozek m\u011bn\u00ed zp\u016fsob, jak\u00fdm va\u0161e t\u011blo vn\u00edm\u00e1 bolest a jak na ni reaguje. Acetaminofen m\u016f\u017ee tak\u00e9 pomoci p\u0159i sni\u017eov\u00e1n\u00ed hore\u010dky.<\/p>\n<p>Tento produkt nen\u00ed doporu\u010den pro d\u011bti mlad\u0161\u00ed \u0161esti let kv\u016fli zv\u00fd\u0161en\u00e9mu riziku z\u00e1va\u017en\u00fdch ne\u017e\u00e1douc\u00edch \u00fa\u010dink\u016f (jako je m\u011blk\u00e9\/pomal\u00e9 d\u00fdch\u00e1n\u00ed).<\/p>\n<p>Je hydrokodon vicodin?, Je hydrokodon vicodin?, Je hydrokodon vicodin?, Je hydrokodon vicodin?, Je hydrokodon vicodin?, Je hydrokodon vicodin?, Je hydrokodon vicodin?, je hydrokodon vicodin?, je hydrokodon vicodin? je vicodin hydrokodon, je vicodin hydrokodon, je vicodin hydrokodon, je vicodin hydrokodon, je vicodin hydrokodon, je vicodin hydrokodon, je hydrokodon stejn\u00fd jako vicodin, jak\u00fd je rozd\u00edl mezi vicodinem a hydrokodonem, jak\u00fd je rozd\u00edl mezi vicodinem a hydrokodonem, vicodin vs hydrokodon Jsou vicodin a hydrokodon zam\u011bniteln\u00e9? je hydrokodon ekvivalentn\u00ed vicodinu nebo percocetu? Je vicodin siln\u011bj\u0161\u00ed ne\u017e hydrokodon? Je hydrokodon a vicodin tot\u00e9\u017e? Jak\u00fd je rozd\u00edl mezi vicodinem a hydrokodonem, hydrokodonem a vicodinem, vicodin hydrokodonem, je hydrokodon tot\u00e9\u017e jako vicodin, je vicodin tot\u00e9\u017e jako hydrokodon, hydrokodon nebo vicodin, vicodin versus hydrokodon, je hydrokodon vicodin?<\/p>\n","protected":false},"excerpt":{"rendered":"<div class=\"woocommerce-product-details__short-description\">\n<p>Ka\u017ed\u00e1 tableta Vicodinu obsahuje 300 mg acetaminofenu a t\u0159i r\u016fzn\u00e9 \u00farovn\u011b d\u00e1vek hydrokodonu: 5 mg, 7,5 mg a 10 mg.<\/p>\n<p>Online. l\u00e9k\u00e1rna, kde si m\u016f\u017eete koupit Vicodin hydrocodon tablety.<\/p>\n<p>Pokud jste na n\u011bj alergi\u010dt\u00ed, informujte sv\u00e9ho l\u00e9ka\u0159e nebo l\u00e9k\u00e1rn\u00edka, ne\u017e za\u010dnete tento l\u00e9k u\u017e\u00edvat; nebo na jak\u00e1koli jin\u00e1 narkotika (jako je morfin, kodein); nebo na jak\u00e9koli jin\u00e9 l\u00e9ky.<\/p>\n<\/p>\n<\/div>\n","protected":false},"featured_media":5335,"comment_status":"open","ping_status":"closed","template":"","meta":[],"product_brand":[],"product_cat":[1117],"product_tag":[1916,1917,1918,1919,1920,1970,1925,1926,2009,2012,1927,1928,1977,1976,1975,1978,1929,1987,1931,1932,1933,1938,1939,1940,1941,1943,1944,1936,1937,1935,2008,2010,2013,1942,1982,1921,1924,1923,1922,1979,1980,1946,1947,1948,1934,1951,1949,1950,1778,2000,1992,1945,1954,1996,1999,1953,2006,1955,1956,1930,1981,1952,1957,1958,1960,1959,1961,1962,1963,1964,1965,1966,1967,1972,1973,1974,1969,1971,1984,1985,1988,1989,1983,1990,1991,1993,1997,1998,2001,2002,1787,2003,2005,2004,1986,2007,1994,1995,2011,1968],"class_list":{"0":"post-5324","1":"product","2":"type-product","3":"status-publish","4":"has-post-thumbnail","6":"product_cat-koupit-prasky-na-spani-bolest","7":"product_tag-1p466-vicodin","8":"product_tag-20-mg-vicodinu","9":"product_tag-2172-pilulka-vicodin","10":"product_tag-5-325-vicodin","11":"product_tag-5-mg-vicodinu","12":"product_tag-vicodin-alternativy","13":"product_tag-can-you-take-advil-with-vicodin","14":"product_tag-can-you-take-vicodin-and-ibuprofen-together","15":"product_tag-co-dl-vicodin-dlat","16":"product_tag-co-je-vicodin","17":"product_tag-cwe-vicodin","18":"product_tag-darvocet-versus-vicodin","19":"product_tag-vicodin-dvka","20":"product_tag-vicodin-dvkovn-5-325","21":"product_tag-vicodin-dvkovn","22":"product_tag-vicodin-dvky","23":"product_tag-difference-between-norco-and-vicodin","24":"product_tag-vicodin-dm","25":"product_tag-erowid-vicodin","26":"product_tag-flexeril-and-vicodin","27":"product_tag-gabapentin-a-vicodin","28":"product_tag-how-long-does-vicodin-stay-in-your-system-for-a-drug-test","29":"product_tag-how-long-does-vicodin-take-to-work","30":"product_tag-hydrocodone-vicodin","31":"product_tag-ip-109-pilulka-vicodin","32":"product_tag-is-percocet-stronger-than-vicodin","33":"product_tag-is-vicodin-an-opioid","34":"product_tag-jak-dlouho-vikodin-vydr","35":"product_tag-jak-dlouho-vikodin-zstv-ve-vaem-systmu","36":"product_tag-jak-vy-hlskujete-vicodin","37":"product_tag-jak-vypad-pilulka-vicodinu","38":"product_tag-jak-vypad-vicodin","39":"product_tag-jak-je-rozdl-mezi-vicodinem-a-percocet","40":"product_tag-je-hydrokodon-vikodin","41":"product_tag-vicodiny","42":"product_tag-buy-vicodin","43":"product_tag-buy-vicodin-overnight-delivery","44":"product_tag-koupit-vicodin-online","45":"product_tag-buy-vicodin-from-canada","46":"product_tag-vicodin-lk","47":"product_tag-vicodin-lky","48":"product_tag-norco-5-325-vs-vicodin","49":"product_tag-norco-vicodin","50":"product_tag-norco-vs-vicodin","51":"product_tag-generick-nzev-pro-vikodin","52":"product_tag-obrzky-vicodinu","53":"product_tag-oxykodon-vs-vicodin","54":"product_tag-percocet-and-vicodin","55":"product_tag-percocet-vs-vicodin","56":"product_tag-pouit-vicodinu","57":"product_tag-pedvkovn-vicodinem","58":"product_tag-prodn-vicodin","59":"product_tag-abstinenn-pznaky-vikodinu","60":"product_tag-vicodin-jzdn-d","61":"product_tag-vicodinov-sly","62":"product_tag-upn-vikodin","63":"product_tag-vicodin-odstoupen","64":"product_tag-tramadol-hcl-50mg-vs-vicodin","65":"product_tag-tramadol-vs-vicodin","66":"product_tag-inky-vicodinu","67":"product_tag-vicodinov-inky","68":"product_tag-vedlej-inky-vicodinu","69":"product_tag-vicodin","70":"product_tag-vicodin-10","71":"product_tag-vicodin-10-mg","72":"product_tag-vicodin-10-miligram","73":"product_tag-vicodin-30-mg","74":"product_tag-vicodin-5","75":"product_tag-vicodin-5-300","76":"product_tag-vicodin-5-300-mg","77":"product_tag-vicodin-5-325-mg","78":"product_tag-vicodin-7-5","79":"product_tag-vicodin-750","80":"product_tag-vicodin-a-alkohol","81":"product_tag-vicodin-a-oxycontin-jsou-pklady","82":"product_tag-vicodin-and-xanax","83":"product_tag-vicodin-alkohol","84":"product_tag-vicodin-and-advil","85":"product_tag-vicodin-generic","86":"product_tag-vicodin-generic-name","87":"product_tag-vicodin-hp","88":"product_tag-vicodin-mexico","89":"product_tag-vicodin-pro-migrny","90":"product_tag-vicodin-online","91":"product_tag-vicodin-online-overnight","92":"product_tag-vicodin-pilulky-proti-bolesti","93":"product_tag-vicodin-shelf-life","94":"product_tag-vicodin-side-effects","95":"product_tag-vicodin-vs-norco","96":"product_tag-vicodin-vs-oxykodon","97":"product_tag-vicodin-vs-percocet","98":"product_tag-vicodin-vs-kodein","99":"product_tag-vicodin-vs-tylenol-3","100":"product_tag-vicodin-vs-tramadol","101":"product_tag-vicodin-vysok","102":"product_tag-vicodin-xanax","103":"product_tag-vicodin-pilulka","104":"product_tag-vicodinov-c3-a9-pilulky","105":"product_tag-what-is-in-vicodin","106":"product_tag-z-c3-a1vislost-na-vicodinu","108":"first","109":"instock","110":"shipping-taxable","111":"purchasable","112":"product-type-variable","113":"has-default-attributes"},"yoast_head":"<!-- This site is optimized with the Yoast SEO plugin v27.3 - https:\/\/yoast.com\/product\/yoast-seo-wordpress\/ -->\n<title>Koupit Vicodin hydrokodonov\u00e9 pilulky online - Nejlep\u0161\u00ed glob\u00e1ln\u00ed l\u00e9ky<\/title>\n<meta name=\"description\" content=\"Koupit Vicodin hydrokodonov\u00e9 pilulky online. Ka\u017ed\u00e1 tableta Vicodin obsahuje 300 mg acetaminofenu a je k dispozici ve t\u0159ech r\u016fzn\u00fdch \u00farovn\u00edch d\u00e1vkov\u00e1n\u00ed hydrokodonu: 5 mg, 7,5 mg a 10 mg.\" \/>\n<meta name=\"robots\" content=\"index, follow, max-snippet:-1, max-image-preview:large, max-video-preview:-1\" \/>\n<link rel=\"canonical\" href=\"https:\/\/medicinasinc.com\/cs\/product\/buy-vicodin\/\" \/>\n<meta property=\"og:locale\" content=\"en_US\" \/>\n<meta property=\"og:type\" content=\"article\" \/>\n<meta property=\"og:title\" content=\"Koupit Vicodin hydrokodonov\u00e9 pilulky online - Nejlep\u0161\u00ed glob\u00e1ln\u00ed l\u00e9ky\" \/>\n<meta property=\"og:description\" content=\"Koupit Vicodin hydrokodonov\u00e9 pilulky online. Ka\u017ed\u00e1 tableta Vicodin obsahuje 300 mg acetaminofenu a je k dispozici ve t\u0159ech r\u016fzn\u00fdch \u00farovn\u00edch d\u00e1vkov\u00e1n\u00ed hydrokodonu: 5 mg, 7,5 mg a 10 mg.\" \/>\n<meta property=\"og:url\" content=\"https:\/\/medicinasinc.com\/cs\/product\/buy-vicodin\/\" \/>\n<meta property=\"og:site_name\" content=\"Medicinas Inc\" \/>\n<meta property=\"article:modified_time\" content=\"2022-03-14T12:16:58+00:00\" \/>\n<meta property=\"og:image\" content=\"https:\/\/medicinasinc.com\/cs\/wp-content\/uploads\/sites\/2\/2022\/02\/Buy-Vicodin.jpg\" \/>\n\t<meta property=\"og:image:width\" content=\"428\" \/>\n\t<meta property=\"og:image:height\" content=\"293\" \/>\n\t<meta property=\"og:image:type\" content=\"image\/jpeg\" \/>\n<meta name=\"twitter:card\" content=\"summary_large_image\" \/>\n<meta name=\"twitter:label1\" content=\"Est. reading time\" \/>\n\t<meta name=\"twitter:data1\" content=\"4 minutes\" \/>\n<script type=\"application\/ld+json\" class=\"yoast-schema-graph\">{\"@context\":\"https:\\\/\\\/schema.org\",\"@graph\":[{\"@type\":\"WebPage\",\"@id\":\"https:\\\/\\\/medicinasinc.com\\\/cs\\\/product\\\/buy-vicodin\\\/\",\"url\":\"https:\\\/\\\/medicinasinc.com\\\/cs\\\/product\\\/buy-vicodin\\\/\",\"name\":\"Koupit Vicodin hydrokodonov\u00e9 pilulky online - Nejlep\u0161\u00ed glob\u00e1ln\u00ed l\u00e9ky\",\"isPartOf\":{\"@id\":\"https:\\\/\\\/medicinasinc.com\\\/cs\\\/#website\"},\"primaryImageOfPage\":{\"@id\":\"https:\\\/\\\/medicinasinc.com\\\/cs\\\/product\\\/buy-vicodin\\\/#primaryimage\"},\"image\":{\"@id\":\"https:\\\/\\\/medicinasinc.com\\\/cs\\\/product\\\/buy-vicodin\\\/#primaryimage\"},\"thumbnailUrl\":\"https:\\\/\\\/medicinasinc.com\\\/cs\\\/wp-content\\\/uploads\\\/sites\\\/2\\\/2022\\\/02\\\/Buy-Vicodin.jpg\",\"datePublished\":\"2022-02-21T20:59:08+00:00\",\"dateModified\":\"2022-03-14T12:16:58+00:00\",\"description\":\"Koupit Vicodin hydrokodonov\u00e9 pilulky online. Ka\u017ed\u00e1 tableta Vicodin obsahuje 300 mg acetaminofenu a je k dispozici ve t\u0159ech r\u016fzn\u00fdch \u00farovn\u00edch d\u00e1vkov\u00e1n\u00ed hydrokodonu: 5 mg, 7,5 mg a 10 mg.\",\"breadcrumb\":{\"@id\":\"https:\\\/\\\/medicinasinc.com\\\/cs\\\/product\\\/buy-vicodin\\\/#breadcrumb\"},\"inLanguage\":\"en-US\",\"potentialAction\":[{\"@type\":\"ReadAction\",\"target\":[\"https:\\\/\\\/medicinasinc.com\\\/cs\\\/product\\\/buy-vicodin\\\/\"]}]},{\"@type\":\"ImageObject\",\"inLanguage\":\"en-US\",\"@id\":\"https:\\\/\\\/medicinasinc.com\\\/cs\\\/product\\\/buy-vicodin\\\/#primaryimage\",\"url\":\"https:\\\/\\\/medicinasinc.com\\\/cs\\\/wp-content\\\/uploads\\\/sites\\\/2\\\/2022\\\/02\\\/Buy-Vicodin.jpg\",\"contentUrl\":\"https:\\\/\\\/medicinasinc.com\\\/cs\\\/wp-content\\\/uploads\\\/sites\\\/2\\\/2022\\\/02\\\/Buy-Vicodin.jpg\",\"width\":428,\"height\":293},{\"@type\":\"BreadcrumbList\",\"@id\":\"https:\\\/\\\/medicinasinc.com\\\/cs\\\/product\\\/buy-vicodin\\\/#breadcrumb\",\"itemListElement\":[{\"@type\":\"ListItem\",\"position\":1,\"name\":\"Obchod\",\"item\":\"https:\\\/\\\/medicinasinc.com\\\/cs\\\/obchod\\\/\"},{\"@type\":\"ListItem\",\"position\":2,\"name\":\"Kupte si Vicodin\"}]},{\"@type\":\"WebSite\",\"@id\":\"https:\\\/\\\/medicinasinc.com\\\/cs\\\/#website\",\"url\":\"https:\\\/\\\/medicinasinc.com\\\/cs\\\/\",\"name\":\"Medicinas Inc\",\"description\":\"Health Medical Clinic\",\"potentialAction\":[{\"@type\":\"SearchAction\",\"target\":{\"@type\":\"EntryPoint\",\"urlTemplate\":\"https:\\\/\\\/medicinasinc.com\\\/cs\\\/?s={search_term_string}\"},\"query-input\":{\"@type\":\"PropertyValueSpecification\",\"valueRequired\":true,\"valueName\":\"search_term_string\"}}],\"inLanguage\":\"en-US\"}]}<\/script>\n<!-- \/ Yoast SEO plugin. -->","yoast_head_json":{"title":"Koupit Vicodin hydrokodonov\u00e9 pilulky online - Nejlep\u0161\u00ed glob\u00e1ln\u00ed l\u00e9ky","description":"Koupit Vicodin hydrokodonov\u00e9 pilulky online. Ka\u017ed\u00e1 tableta Vicodin obsahuje 300 mg acetaminofenu a je k dispozici ve t\u0159ech r\u016fzn\u00fdch \u00farovn\u00edch d\u00e1vkov\u00e1n\u00ed hydrokodonu: 5 mg, 7,5 mg a 10 mg.","robots":{"index":"index","follow":"follow","max-snippet":"max-snippet:-1","max-image-preview":"max-image-preview:large","max-video-preview":"max-video-preview:-1"},"canonical":"https:\/\/medicinasinc.com\/cs\/product\/buy-vicodin\/","og_locale":"en_US","og_type":"article","og_title":"Koupit Vicodin hydrokodonov\u00e9 pilulky online - Nejlep\u0161\u00ed glob\u00e1ln\u00ed l\u00e9ky","og_description":"Koupit Vicodin hydrokodonov\u00e9 pilulky online. Ka\u017ed\u00e1 tableta Vicodin obsahuje 300 mg acetaminofenu a je k dispozici ve t\u0159ech r\u016fzn\u00fdch \u00farovn\u00edch d\u00e1vkov\u00e1n\u00ed hydrokodonu: 5 mg, 7,5 mg a 10 mg.","og_url":"https:\/\/medicinasinc.com\/cs\/product\/buy-vicodin\/","og_site_name":"Medicinas Inc","article_modified_time":"2022-03-14T12:16:58+00:00","og_image":[{"width":428,"height":293,"url":"https:\/\/medicinasinc.com\/cs\/wp-content\/uploads\/sites\/2\/2022\/02\/Buy-Vicodin.jpg","type":"image\/jpeg"}],"twitter_card":"summary_large_image","twitter_misc":{"Est. reading time":"4 minutes"},"schema":{"@context":"https:\/\/schema.org","@graph":[{"@type":"WebPage","@id":"https:\/\/medicinasinc.com\/cs\/product\/buy-vicodin\/","url":"https:\/\/medicinasinc.com\/cs\/product\/buy-vicodin\/","name":"Koupit Vicodin hydrokodonov\u00e9 pilulky online - Nejlep\u0161\u00ed glob\u00e1ln\u00ed l\u00e9ky","isPartOf":{"@id":"https:\/\/medicinasinc.com\/cs\/#website"},"primaryImageOfPage":{"@id":"https:\/\/medicinasinc.com\/cs\/product\/buy-vicodin\/#primaryimage"},"image":{"@id":"https:\/\/medicinasinc.com\/cs\/product\/buy-vicodin\/#primaryimage"},"thumbnailUrl":"https:\/\/medicinasinc.com\/cs\/wp-content\/uploads\/sites\/2\/2022\/02\/Buy-Vicodin.jpg","datePublished":"2022-02-21T20:59:08+00:00","dateModified":"2022-03-14T12:16:58+00:00","description":"Koupit Vicodin hydrokodonov\u00e9 pilulky online. Ka\u017ed\u00e1 tableta Vicodin obsahuje 300 mg acetaminofenu a je k dispozici ve t\u0159ech r\u016fzn\u00fdch \u00farovn\u00edch d\u00e1vkov\u00e1n\u00ed hydrokodonu: 5 mg, 7,5 mg a 10 mg.","breadcrumb":{"@id":"https:\/\/medicinasinc.com\/cs\/product\/buy-vicodin\/#breadcrumb"},"inLanguage":"en-US","potentialAction":[{"@type":"ReadAction","target":["https:\/\/medicinasinc.com\/cs\/product\/buy-vicodin\/"]}]},{"@type":"ImageObject","inLanguage":"en-US","@id":"https:\/\/medicinasinc.com\/cs\/product\/buy-vicodin\/#primaryimage","url":"https:\/\/medicinasinc.com\/cs\/wp-content\/uploads\/sites\/2\/2022\/02\/Buy-Vicodin.jpg","contentUrl":"https:\/\/medicinasinc.com\/cs\/wp-content\/uploads\/sites\/2\/2022\/02\/Buy-Vicodin.jpg","width":428,"height":293},{"@type":"BreadcrumbList","@id":"https:\/\/medicinasinc.com\/cs\/product\/buy-vicodin\/#breadcrumb","itemListElement":[{"@type":"ListItem","position":1,"name":"Obchod","item":"https:\/\/medicinasinc.com\/cs\/obchod\/"},{"@type":"ListItem","position":2,"name":"Kupte si Vicodin"}]},{"@type":"WebSite","@id":"https:\/\/medicinasinc.com\/cs\/#website","url":"https:\/\/medicinasinc.com\/cs\/","name":"Medicinas Inc","description":"Health Medical Clinic","potentialAction":[{"@type":"SearchAction","target":{"@type":"EntryPoint","urlTemplate":"https:\/\/medicinasinc.com\/cs\/?s={search_term_string}"},"query-input":{"@type":"PropertyValueSpecification","valueRequired":true,"valueName":"search_term_string"}}],"inLanguage":"en-US"}]}},"_links":{"self":[{"href":"https:\/\/medicinasinc.com\/cs\/wp-json\/wp\/v2\/product\/5324","targetHints":{"allow":["GET"]}}],"collection":[{"href":"https:\/\/medicinasinc.com\/cs\/wp-json\/wp\/v2\/product"}],"about":[{"href":"https:\/\/medicinasinc.com\/cs\/wp-json\/wp\/v2\/types\/product"}],"replies":[{"embeddable":true,"href":"https:\/\/medicinasinc.com\/cs\/wp-json\/wp\/v2\/comments?post=5324"}],"wp:featuredmedia":[{"embeddable":true,"href":"https:\/\/medicinasinc.com\/cs\/wp-json\/wp\/v2\/media\/5335"}],"wp:attachment":[{"href":"https:\/\/medicinasinc.com\/cs\/wp-json\/wp\/v2\/media?parent=5324"}],"wp:term":[{"taxonomy":"product_brand","embeddable":true,"href":"https:\/\/medicinasinc.com\/cs\/wp-json\/wp\/v2\/product_brand?post=5324"},{"taxonomy":"product_cat","embeddable":true,"href":"https:\/\/medicinasinc.com\/cs\/wp-json\/wp\/v2\/product_cat?post=5324"},{"taxonomy":"product_tag","embeddable":true,"href":"https:\/\/medicinasinc.com\/cs\/wp-json\/wp\/v2\/product_tag?post=5324"}],"curies":[{"name":"wp","href":"https:\/\/api.w.org\/{rel}","templated":true}]}}