{"id":5323,"date":"2022-02-21T20:57:56","date_gmt":"2022-02-21T20:57:56","guid":{"rendered":"https:\/\/medicinasinc.com\/cs\/?post_type=product&#038;p=5323"},"modified":"2022-03-14T12:17:09","modified_gmt":"2022-03-14T12:17:09","slug":"koupit-ultram-tramadol-200-mg","status":"publish","type":"product","link":"https:\/\/medicinasinc.com\/cs\/product\/koupit-ultram-tramadol-200-mg\/","title":{"rendered":"Koupit Ultram Tramadol 200 mg"},"content":{"rendered":"<p>200 mg tramadolu<\/p>\n<p>Tramadol je skute\u010dn\u011b unik\u00e1tn\u00ed myorelaxans s m\u00edrn\u00fdm mu-opioidn\u00edm \u00fa\u010dinkem (ve srovn\u00e1n\u00ed s jin\u00fdmi opioidy) a m\u00edrn\u00fdm monoaminergn\u00edm \u00fa\u010dinkem (ve srovn\u00e1n\u00ed s tricyklick\u00fdmi antidepresivy). Tramadol m\u00e1 tolerovateln\u00fd profil vedlej\u0161\u00edch \u00fa\u010dink\u016f ve srovn\u00e1n\u00ed s tricyklick\u00fdmi antidepresivy a antiepileptiky.<\/p>\n<p>Tolerance a spol\u00e9h\u00e1n\u00ed se na l\u00e9\u010dbu jsou neobvykl\u00e9, a\u010dkoli existuj\u00ed. Aktivita tramadolu nen\u00ed omezena na neuropatii; tak\u00e9 sni\u017euje nep\u0159\u00edjemn\u00e9 (nociceptivn\u00ed) pocity, \u010d\u00edm\u017e se \u0159ad\u00ed mezi \u010dty\u0159i typy bolesti.<\/p>\n<p>Popis:<\/p>\n<p>Tramadol nen\u00ed pro slab\u00e9 povahy, proto\u017ee je siln\u011b psychoaktivn\u00ed l\u00e1tka. Analgetick\u00fd \u00fa\u010dinek trv\u00e1 15-30 minut a trv\u00e1 6 hodin. M\u016f\u017ee b\u00fdt tak\u00e9 pou\u017eit s paracetamolem. Tramadol je sedativum.<\/p>\n<p>Tramadol jako extr\u00e9mn\u011b siln\u00fd l\u00e9k se mus\u00ed u\u017e\u00edvat p\u0159esn\u011b podle p\u0159edpisu. Za stanoven\u00ed d\u00e9lky l\u00e9\u010dby je v kone\u010dn\u00e9m d\u016fsledku zodpov\u011bdn\u00fd l\u00e9ka\u0159. Neleg\u00e1ln\u00ed u\u017e\u00edv\u00e1n\u00ed drog m\u016f\u017ee m\u00edt v\u00e1\u017en\u00e9, dokonce smrteln\u00e9 n\u00e1sledky. B\u011bhem l\u00e9\u010dby tramadolem byste se m\u011bli vyvarovat \u0159\u00edzen\u00ed auta nebo jin\u00fdm \u010dinnostem, kter\u00e9 vy\u017eaduj\u00ed vysokou \u00farove\u0148 koncentrace.<\/p>\n<p>Vzhledem k tomu, \u017ee tramadol je opioidn\u00ed agonista, m\u00e1 potenci\u00e1l vytv\u00e1\u0159et du\u0161evn\u00ed i fyzick\u00e9 z\u00e1vislost. Mezin\u00e1rodn\u00ed \u00famluva klasifikuje tuto chemickou l\u00e1tku jako narkotikum. V d\u016fsledku toho je k dispozici pouze na p\u0159edpis od l\u00e9ka\u0159e. Neopioidn\u00ed l\u00e9ky proti bolesti se p\u0159edepisuj\u00ed pouze tehdy, jsou-li neopioidn\u00ed l\u00e9ky ne\u00fa\u010dinn\u00e9.<\/p>\n<p>L\u00e9ky:<\/p>\n<p>U\u017e\u00edvejte tramadol \u00fasty podle pokyn\u016f sv\u00e9ho l\u00e9ka\u0159e, \u010dasto ka\u017ed\u00fdch 4 a\u017e 6 hodin podle pot\u0159eby. Tramadol je bezpe\u010dn\u00e9 u\u017e\u00edvat s j\u00eddlem nebo bez j\u00eddla. Pokud zaznamen\u00e1te nevolnost, m\u016f\u017ee pomoci tramadol u\u017e\u00edvan\u00fd s j\u00eddlem. Dal\u0161\u00ed opat\u0159en\u00ed ke zm\u00edrn\u011bn\u00ed nevolnosti m\u016f\u017eete \u0159e\u0161it se sv\u00fdm l\u00e9ka\u0159em nebo l\u00e9k\u00e1rn\u00edkem (nap\u0159. 1 a\u017e 2 hodiny vle\u017ee s co nejmen\u0161\u00edmi pohyby hlavy). Na\u0161e webov\u00e9 str\u00e1nky v\u00e1m umo\u017e\u0148uj\u00ed zakoupit tramadol 200 mg online.<\/p>\n<p>D\u00e1vka z\u00e1vis\u00ed na va\u0161em zdravotn\u00edm stavu a reakci na l\u00e9\u010dbu. Aby se minimalizovalo riziko ne\u017e\u00e1douc\u00edch \u00fa\u010dink\u016f, m\u016f\u017ee V\u00e1m l\u00e9ka\u0159 doporu\u010dit za\u010d\u00edt s n\u00edzkou d\u00e1vkou tramadolu a postupn\u011b ji zvy\u0161ovat. Dodr\u017eujte podle doporu\u010den\u00ed l\u00e9ka\u0159e. Nejvy\u0161\u0161\u00ed doporu\u010den\u00e1 denn\u00ed d\u00e1vka je 400 mg. Doporu\u010den\u00e1 maxim\u00e1ln\u00ed d\u00e1vka pro osoby star\u0161\u00ed 75 let je 300 mg denn\u011b. Nezvy\u0161ujte d\u00e1vku tramadolu, u\u017e\u00edvejte jej \u010dast\u011bji nebo po del\u0161\u00ed dobu, ne\u017e je p\u0159edeps\u00e1no. Kdy\u017e je tramadol p\u0159edeps\u00e1n, m\u011bl by b\u00fdt okam\u017eit\u011b vysazen.<\/p>\n<p>Doporu\u010duje se, aby byl levn\u00fd tramadol online pou\u017e\u00edv\u00e1n extr\u00e9mn\u011b opatrn\u011b u<\/p>\n<p>Jednotlivc\u016f, kte\u0159\u00ed jsou z\u00e1visl\u00ed na opioidech; ti, kte\u0159\u00ed utrp\u011bli poran\u011bn\u00ed mozku, \u0161ok nebo sn\u00ed\u017eenou \u00farove\u0148 v\u011bdom\u00ed z nezn\u00e1m\u00e9ho d\u016fvodu; a<\/p>\n<p>Krom\u011b poruch d\u00fdchac\u00edho centra nebo respira\u010dn\u00edch funkc\u00ed<\/p>\n<p>odpov\u00eddaj\u00edc\u00ed zv\u00fd\u0161en\u00ed intrakrani\u00e1ln\u00edho tlaku (ICP).<br \/> porucha funkce ledvin a jater<\/p>\n<p>Tramadol hydrochlorid by m\u011bl b\u00fdt u\u017e\u00edv\u00e1n opatrn\u011b u jedinc\u016f, kte\u0159\u00ed jsou citliv\u00ed na opi\u00e1ty.<\/p>\n","protected":false},"excerpt":{"rendered":"<p>Internetov\u00e1 l\u00e9k\u00e1rna k n\u00e1kupu tablet Ultram Tramadol 200 mg<\/p>\n<p>Koupit Tramadol Ultram online.<\/p>\n<p>Objednejte si Tramadol Tresku p\u0159es noc. Levn\u00e9 doru\u010den\u00ed p\u0159es noc Tramadol<\/p>\n<p>Zjist\u011bte, kde si m\u016f\u017eete objednat Tramadol online bez l\u00e9ka\u0159sk\u00e9ho p\u0159edpisu za nejlevn\u011bj\u0161\u00ed cenu. &#8230; Tablety dostupn\u00e9 v n\u00e1sleduj\u00edc\u00edch sil\u00e1ch: 50 mg, 100 mg, 150 mg a 200 mg.<\/p>\n<div class=\"product-next-previous\">\n<div class=\"product-prev\"><\/div>\n<\/p>\n<\/div>\n","protected":false},"featured_media":5333,"comment_status":"open","ping_status":"closed","template":"","meta":[],"product_brand":[],"product_cat":[1117],"product_tag":[1904,1905,1907,1908,1909,1906,1910,1912,1913,1915,1914,1911],"class_list":{"0":"post-5323","1":"product","2":"type-product","3":"status-publish","4":"has-post-thumbnail","6":"product_cat-koupit-prasky-na-spani-bolest","7":"product_tag-buy-tramadol-in-florida","8":"product_tag-buy-tramadol-online-cheap","9":"product_tag-cheap-tramadol-without-a-prescription","10":"product_tag-cheap-ultram-no-prescription","11":"product_tag-generic-ultram-er","12":"product_tag-koupit-tramadol-online-pes-noc","13":"product_tag-non-tramadol","14":"product_tag-tramadol-hydrochloride-paracetamol","15":"product_tag-tramadol-side-effects-dogs","16":"product_tag-ultram-er-200","17":"product_tag-ultram-lkov-interakce","18":"product_tag-tramadol-hcl-50mg-pouvn","20":"first","21":"instock","22":"shipping-taxable","23":"purchasable","24":"product-type-variable","25":"has-default-attributes"},"yoast_head":"<!-- This site is optimized with the Yoast SEO plugin v27.3 - https:\/\/yoast.com\/product\/yoast-seo-wordpress\/ -->\n<title>Koupit pilulky Ultram Tramadol 200 mg online - Nejlep\u0161\u00ed glob\u00e1ln\u00ed l\u00e9ky<\/title>\n<meta name=\"description\" content=\"Koupit Tramadol Ultram 200 mg online. Objednejte si Tramadol\u00a0Overnight Cod. Podrobnosti:\u00a0Levn\u00e9 online doru\u010den\u00ed Tramadolem p\u0159es noc\" \/>\n<meta name=\"robots\" content=\"index, follow, max-snippet:-1, max-image-preview:large, max-video-preview:-1\" \/>\n<link rel=\"canonical\" href=\"https:\/\/medicinasinc.com\/cs\/product\/koupit-ultram-tramadol-200-mg\/\" \/>\n<meta property=\"og:locale\" content=\"en_US\" \/>\n<meta property=\"og:type\" content=\"article\" \/>\n<meta property=\"og:title\" content=\"Koupit pilulky Ultram Tramadol 200 mg online - Nejlep\u0161\u00ed glob\u00e1ln\u00ed l\u00e9ky\" \/>\n<meta property=\"og:description\" content=\"Koupit Tramadol Ultram 200 mg online. Objednejte si Tramadol\u00a0Overnight Cod. Podrobnosti:\u00a0Levn\u00e9 online doru\u010den\u00ed Tramadolem p\u0159es noc\" \/>\n<meta property=\"og:url\" content=\"https:\/\/medicinasinc.com\/cs\/product\/koupit-ultram-tramadol-200-mg\/\" \/>\n<meta property=\"og:site_name\" content=\"Medicinas Inc\" \/>\n<meta property=\"article:modified_time\" content=\"2022-03-14T12:17:09+00:00\" \/>\n<meta property=\"og:image\" content=\"https:\/\/medicinasinc.com\/cs\/wp-content\/uploads\/sites\/2\/2022\/02\/Buy-Ultram-Tramadol-200mg.jpg\" \/>\n\t<meta property=\"og:image:width\" content=\"300\" \/>\n\t<meta property=\"og:image:height\" content=\"225\" \/>\n\t<meta property=\"og:image:type\" content=\"image\/jpeg\" \/>\n<meta name=\"twitter:card\" content=\"summary_large_image\" \/>\n<meta name=\"twitter:label1\" content=\"Est. reading time\" \/>\n\t<meta name=\"twitter:data1\" content=\"2 minutes\" \/>\n<script type=\"application\/ld+json\" class=\"yoast-schema-graph\">{\"@context\":\"https:\\\/\\\/schema.org\",\"@graph\":[{\"@type\":\"WebPage\",\"@id\":\"https:\\\/\\\/medicinasinc.com\\\/cs\\\/product\\\/koupit-ultram-tramadol-200-mg\\\/\",\"url\":\"https:\\\/\\\/medicinasinc.com\\\/cs\\\/product\\\/koupit-ultram-tramadol-200-mg\\\/\",\"name\":\"Koupit pilulky Ultram Tramadol 200 mg online - Nejlep\u0161\u00ed glob\u00e1ln\u00ed l\u00e9ky\",\"isPartOf\":{\"@id\":\"https:\\\/\\\/medicinasinc.com\\\/cs\\\/#website\"},\"primaryImageOfPage\":{\"@id\":\"https:\\\/\\\/medicinasinc.com\\\/cs\\\/product\\\/koupit-ultram-tramadol-200-mg\\\/#primaryimage\"},\"image\":{\"@id\":\"https:\\\/\\\/medicinasinc.com\\\/cs\\\/product\\\/koupit-ultram-tramadol-200-mg\\\/#primaryimage\"},\"thumbnailUrl\":\"https:\\\/\\\/medicinasinc.com\\\/cs\\\/wp-content\\\/uploads\\\/sites\\\/2\\\/2022\\\/02\\\/Buy-Ultram-Tramadol-200mg.jpg\",\"datePublished\":\"2022-02-21T20:57:56+00:00\",\"dateModified\":\"2022-03-14T12:17:09+00:00\",\"description\":\"Koupit Tramadol Ultram 200 mg online. Objednejte si Tramadol\u00a0Overnight Cod. Podrobnosti:\u00a0Levn\u00e9 online doru\u010den\u00ed Tramadolem p\u0159es noc\",\"breadcrumb\":{\"@id\":\"https:\\\/\\\/medicinasinc.com\\\/cs\\\/product\\\/koupit-ultram-tramadol-200-mg\\\/#breadcrumb\"},\"inLanguage\":\"en-US\",\"potentialAction\":[{\"@type\":\"ReadAction\",\"target\":[\"https:\\\/\\\/medicinasinc.com\\\/cs\\\/product\\\/koupit-ultram-tramadol-200-mg\\\/\"]}]},{\"@type\":\"ImageObject\",\"inLanguage\":\"en-US\",\"@id\":\"https:\\\/\\\/medicinasinc.com\\\/cs\\\/product\\\/koupit-ultram-tramadol-200-mg\\\/#primaryimage\",\"url\":\"https:\\\/\\\/medicinasinc.com\\\/cs\\\/wp-content\\\/uploads\\\/sites\\\/2\\\/2022\\\/02\\\/Buy-Ultram-Tramadol-200mg.jpg\",\"contentUrl\":\"https:\\\/\\\/medicinasinc.com\\\/cs\\\/wp-content\\\/uploads\\\/sites\\\/2\\\/2022\\\/02\\\/Buy-Ultram-Tramadol-200mg.jpg\",\"width\":300,\"height\":225},{\"@type\":\"BreadcrumbList\",\"@id\":\"https:\\\/\\\/medicinasinc.com\\\/cs\\\/product\\\/koupit-ultram-tramadol-200-mg\\\/#breadcrumb\",\"itemListElement\":[{\"@type\":\"ListItem\",\"position\":1,\"name\":\"Obchod\",\"item\":\"https:\\\/\\\/medicinasinc.com\\\/cs\\\/obchod\\\/\"},{\"@type\":\"ListItem\",\"position\":2,\"name\":\"Koupit Ultram Tramadol 200 mg\"}]},{\"@type\":\"WebSite\",\"@id\":\"https:\\\/\\\/medicinasinc.com\\\/cs\\\/#website\",\"url\":\"https:\\\/\\\/medicinasinc.com\\\/cs\\\/\",\"name\":\"Medicinas Inc\",\"description\":\"Health Medical Clinic\",\"potentialAction\":[{\"@type\":\"SearchAction\",\"target\":{\"@type\":\"EntryPoint\",\"urlTemplate\":\"https:\\\/\\\/medicinasinc.com\\\/cs\\\/?s={search_term_string}\"},\"query-input\":{\"@type\":\"PropertyValueSpecification\",\"valueRequired\":true,\"valueName\":\"search_term_string\"}}],\"inLanguage\":\"en-US\"}]}<\/script>\n<!-- \/ Yoast SEO plugin. -->","yoast_head_json":{"title":"Koupit pilulky Ultram Tramadol 200 mg online - Nejlep\u0161\u00ed glob\u00e1ln\u00ed l\u00e9ky","description":"Koupit Tramadol Ultram 200 mg online. Objednejte si Tramadol\u00a0Overnight Cod. Podrobnosti:\u00a0Levn\u00e9 online doru\u010den\u00ed Tramadolem p\u0159es noc","robots":{"index":"index","follow":"follow","max-snippet":"max-snippet:-1","max-image-preview":"max-image-preview:large","max-video-preview":"max-video-preview:-1"},"canonical":"https:\/\/medicinasinc.com\/cs\/product\/koupit-ultram-tramadol-200-mg\/","og_locale":"en_US","og_type":"article","og_title":"Koupit pilulky Ultram Tramadol 200 mg online - Nejlep\u0161\u00ed glob\u00e1ln\u00ed l\u00e9ky","og_description":"Koupit Tramadol Ultram 200 mg online. Objednejte si Tramadol\u00a0Overnight Cod. Podrobnosti:\u00a0Levn\u00e9 online doru\u010den\u00ed Tramadolem p\u0159es noc","og_url":"https:\/\/medicinasinc.com\/cs\/product\/koupit-ultram-tramadol-200-mg\/","og_site_name":"Medicinas Inc","article_modified_time":"2022-03-14T12:17:09+00:00","og_image":[{"width":300,"height":225,"url":"https:\/\/medicinasinc.com\/cs\/wp-content\/uploads\/sites\/2\/2022\/02\/Buy-Ultram-Tramadol-200mg.jpg","type":"image\/jpeg"}],"twitter_card":"summary_large_image","twitter_misc":{"Est. reading time":"2 minutes"},"schema":{"@context":"https:\/\/schema.org","@graph":[{"@type":"WebPage","@id":"https:\/\/medicinasinc.com\/cs\/product\/koupit-ultram-tramadol-200-mg\/","url":"https:\/\/medicinasinc.com\/cs\/product\/koupit-ultram-tramadol-200-mg\/","name":"Koupit pilulky Ultram Tramadol 200 mg online - Nejlep\u0161\u00ed glob\u00e1ln\u00ed l\u00e9ky","isPartOf":{"@id":"https:\/\/medicinasinc.com\/cs\/#website"},"primaryImageOfPage":{"@id":"https:\/\/medicinasinc.com\/cs\/product\/koupit-ultram-tramadol-200-mg\/#primaryimage"},"image":{"@id":"https:\/\/medicinasinc.com\/cs\/product\/koupit-ultram-tramadol-200-mg\/#primaryimage"},"thumbnailUrl":"https:\/\/medicinasinc.com\/cs\/wp-content\/uploads\/sites\/2\/2022\/02\/Buy-Ultram-Tramadol-200mg.jpg","datePublished":"2022-02-21T20:57:56+00:00","dateModified":"2022-03-14T12:17:09+00:00","description":"Koupit Tramadol Ultram 200 mg online. Objednejte si Tramadol\u00a0Overnight Cod. Podrobnosti:\u00a0Levn\u00e9 online doru\u010den\u00ed Tramadolem p\u0159es noc","breadcrumb":{"@id":"https:\/\/medicinasinc.com\/cs\/product\/koupit-ultram-tramadol-200-mg\/#breadcrumb"},"inLanguage":"en-US","potentialAction":[{"@type":"ReadAction","target":["https:\/\/medicinasinc.com\/cs\/product\/koupit-ultram-tramadol-200-mg\/"]}]},{"@type":"ImageObject","inLanguage":"en-US","@id":"https:\/\/medicinasinc.com\/cs\/product\/koupit-ultram-tramadol-200-mg\/#primaryimage","url":"https:\/\/medicinasinc.com\/cs\/wp-content\/uploads\/sites\/2\/2022\/02\/Buy-Ultram-Tramadol-200mg.jpg","contentUrl":"https:\/\/medicinasinc.com\/cs\/wp-content\/uploads\/sites\/2\/2022\/02\/Buy-Ultram-Tramadol-200mg.jpg","width":300,"height":225},{"@type":"BreadcrumbList","@id":"https:\/\/medicinasinc.com\/cs\/product\/koupit-ultram-tramadol-200-mg\/#breadcrumb","itemListElement":[{"@type":"ListItem","position":1,"name":"Obchod","item":"https:\/\/medicinasinc.com\/cs\/obchod\/"},{"@type":"ListItem","position":2,"name":"Koupit Ultram Tramadol 200 mg"}]},{"@type":"WebSite","@id":"https:\/\/medicinasinc.com\/cs\/#website","url":"https:\/\/medicinasinc.com\/cs\/","name":"Medicinas Inc","description":"Health Medical Clinic","potentialAction":[{"@type":"SearchAction","target":{"@type":"EntryPoint","urlTemplate":"https:\/\/medicinasinc.com\/cs\/?s={search_term_string}"},"query-input":{"@type":"PropertyValueSpecification","valueRequired":true,"valueName":"search_term_string"}}],"inLanguage":"en-US"}]}},"_links":{"self":[{"href":"https:\/\/medicinasinc.com\/cs\/wp-json\/wp\/v2\/product\/5323","targetHints":{"allow":["GET"]}}],"collection":[{"href":"https:\/\/medicinasinc.com\/cs\/wp-json\/wp\/v2\/product"}],"about":[{"href":"https:\/\/medicinasinc.com\/cs\/wp-json\/wp\/v2\/types\/product"}],"replies":[{"embeddable":true,"href":"https:\/\/medicinasinc.com\/cs\/wp-json\/wp\/v2\/comments?post=5323"}],"wp:featuredmedia":[{"embeddable":true,"href":"https:\/\/medicinasinc.com\/cs\/wp-json\/wp\/v2\/media\/5333"}],"wp:attachment":[{"href":"https:\/\/medicinasinc.com\/cs\/wp-json\/wp\/v2\/media?parent=5323"}],"wp:term":[{"taxonomy":"product_brand","embeddable":true,"href":"https:\/\/medicinasinc.com\/cs\/wp-json\/wp\/v2\/product_brand?post=5323"},{"taxonomy":"product_cat","embeddable":true,"href":"https:\/\/medicinasinc.com\/cs\/wp-json\/wp\/v2\/product_cat?post=5323"},{"taxonomy":"product_tag","embeddable":true,"href":"https:\/\/medicinasinc.com\/cs\/wp-json\/wp\/v2\/product_tag?post=5323"}],"curies":[{"name":"wp","href":"https:\/\/api.w.org\/{rel}","templated":true}]}}