{"id":5322,"date":"2022-02-21T20:57:13","date_gmt":"2022-02-21T20:57:13","guid":{"rendered":"https:\/\/medicinasinc.com\/cs\/?post_type=product&#038;p=5322"},"modified":"2022-03-14T12:17:24","modified_gmt":"2022-03-14T12:17:24","slug":"tramadol-100-mg","status":"publish","type":"product","link":"https:\/\/medicinasinc.com\/cs\/product\/tramadol-100-mg\/","title":{"rendered":"Tramadol 100 mg"},"content":{"rendered":"<p>Tramadol 100 mg pro silnou bolest<\/p>\n<p>N\u011bkter\u00e1 zran\u011bn\u00ed vy\u017eaduj\u00ed roky k hojen\u00ed, b\u011bhem kter\u00fdch mus\u00ed ob\u011b\u0165 sn\u00e1\u0161et nepohodl\u00ed. Bolest spojen\u00e1 s poran\u011bn\u00edm se m\u016f\u017ee pohybovat od m\u00edrn\u00e9 a\u017e po silnou v z\u00e1vislosti na hloubce a velikosti r\u00e1ny. Vyst\u0159eluj\u00edc\u00ed bolest v\u0161ak m\u016f\u017ee ob\u010das naru\u0161it pravideln\u00fd re\u017eim jedince. V takov\u00fdch p\u0159\u00edpadech si lid\u00e9 budou muset vymyslet zp\u016fsob, jak p\u0159e\u017e\u00edt. Mohou dos\u00e1hnout zam\u00fd\u0161len\u00e9ho p\u0159e\u017eit\u00ed zm\u00edrn\u011bn\u00edm \u010d\u00e1sti bolesti. Mohou si zakoupit tramadol 100 mg online z r\u016fzn\u00fdch zdroj\u016f, aby z\u00edskali okam\u017eitou \u00falevu od bolesti.<\/p>\n<p>Tramadol 100 mg je \u00fa\u010dinn\u00fd<\/p>\n<p>Zakupte si tramadol 100 mg online, abyste jim pomohli zm\u00edrnit bolest a umo\u017enili jim pokra\u010dovat v l\u00e9\u010db\u011b jejich rutina. Tramadol v\u0161ak p\u016fsob\u00ed jinak ne\u017e ostatn\u00ed l\u00e9ky. Prim\u00e1rn\u00ed funkc\u00ed tablety je tlumit bolest, nikoli hojit zran\u011bn\u00ed. Tablety p\u016fsob\u00ed na nervy bolesti mozku. Umrtvuje \u017e\u00edly a br\u00e1n\u00ed jim v poci\u0165ov\u00e1n\u00ed bolesti. V\u00fdsledkem je, \u017ee otup\u011blost jim pom\u016f\u017ee p\u0159e\u017e\u00edt den, ani\u017e by naru\u0161ila jejich b\u011b\u017enou rutinu.<\/p>\n<p>Z\u00e1va\u017en\u00e9 ne\u017e\u00e1douc\u00ed \u00fa\u010dinky<\/p>\n<p>V mozku doch\u00e1z\u00ed k otup\u011bn\u00ed a tablety m\u011bn\u00ed zp\u016fsob funkce mozku, co\u017e m\u00e1 za n\u00e1sledek r\u016fzn\u00e9 obt\u00ed\u017ee. Mezi z\u00e1va\u017en\u00e9 vedlej\u0161\u00ed \u00fa\u010dinky pat\u0159\u00ed necitlivost v mozku, p\u0159echodn\u00e1 ztr\u00e1ta pam\u011bti a dal\u0161\u00ed poruchy tohoto charakteru. \u010cast\u00fdm jevem budou z\u00e1vrat\u011b a dal\u0161\u00ed obt\u00ed\u017ee. V d\u016fsledku toho bude t\u0159eba upravit d\u00e1vku tablet pro jednotlivce, aby se p\u0159ede\u0161lo z\u00e1va\u017en\u00fdm ne\u017e\u00e1douc\u00edm \u00fa\u010dink\u016fm.<\/p>\n<p>Doporu\u010den\u00e1 denn\u00ed d\u00e1vka tablety je mezi 50 a 300 mg a m\u011bla by se u\u017e\u00edvat pouze jednou denn\u011b. Tramadol m\u016f\u017eete z\u00edskat online z r\u016fzn\u00fdch webov\u00fdch str\u00e1nek, ale po\u017eit\u00ed by m\u011blo b\u00fdt zalo\u017eeno na doporu\u010den\u00ed l\u00e9ka\u0159e. P\u0159i p\u0159edch\u00e1zen\u00ed nep\u0159\u00edzniv\u00fdm n\u00e1sledk\u016fm bude z\u00e1sadn\u00ed rada l\u00e9ka\u0159e.<\/p>\n","protected":false},"excerpt":{"rendered":"<div class=\"woocommerce-product-details__short-description\">\n<p>Pilulky Tramadol SR 100 mg lze zakoupit online. Kupte si Tramadol Online Tramal SR 100 mg bez l\u00e9ka\u0159sk\u00e9ho p\u0159edpisu za cenu, kter\u00e1 je o 80 % ni\u017e\u0161\u00ed ne\u017e cena, kterou byste zaplatili v l\u00e9k\u00e1rn\u011b v USA.<\/p>\n<\/p><\/div>\n","protected":false},"featured_media":5331,"comment_status":"open","ping_status":"closed","template":"","meta":[],"product_brand":[],"product_cat":[1117],"product_tag":[],"class_list":{"0":"post-5322","1":"product","2":"type-product","3":"status-publish","4":"has-post-thumbnail","6":"product_cat-koupit-prasky-na-spani-bolest","8":"first","9":"instock","10":"shipping-taxable","11":"purchasable","12":"product-type-variable","13":"has-default-attributes"},"yoast_head":"<!-- This site is optimized with the Yoast SEO plugin v27.3 - https:\/\/yoast.com\/product\/yoast-seo-wordpress\/ -->\n<title>Koupit pilulky Tramal SR 100 mg online - Nejlep\u0161\u00ed nejlep\u0161\u00ed glob\u00e1ln\u00ed l\u00e9ky<\/title>\n<meta name=\"description\" content=\"Koupit Tramal SR 100mg pilulky online. Kupte si Tramadol Online Tramal SR 100 mg bez l\u00e9ka\u0159sk\u00e9ho p\u0159edpisu za 80 % ni\u017e\u0161\u00ed cenu ne\u017e v l\u00e9k\u00e1rn\u00e1ch v USA.\" \/>\n<meta name=\"robots\" content=\"index, follow, max-snippet:-1, max-image-preview:large, max-video-preview:-1\" \/>\n<link rel=\"canonical\" href=\"https:\/\/medicinasinc.com\/cs\/product\/tramadol-100-mg\/\" \/>\n<meta property=\"og:locale\" content=\"en_US\" \/>\n<meta property=\"og:type\" content=\"article\" \/>\n<meta property=\"og:title\" content=\"Koupit pilulky Tramal SR 100 mg online - Nejlep\u0161\u00ed nejlep\u0161\u00ed glob\u00e1ln\u00ed l\u00e9ky\" \/>\n<meta property=\"og:description\" content=\"Koupit Tramal SR 100mg pilulky online. Kupte si Tramadol Online Tramal SR 100 mg bez l\u00e9ka\u0159sk\u00e9ho p\u0159edpisu za 80 % ni\u017e\u0161\u00ed cenu ne\u017e v l\u00e9k\u00e1rn\u00e1ch v USA.\" \/>\n<meta property=\"og:url\" content=\"https:\/\/medicinasinc.com\/cs\/product\/tramadol-100-mg\/\" \/>\n<meta property=\"og:site_name\" content=\"Medicinas Inc\" \/>\n<meta property=\"article:modified_time\" content=\"2022-03-14T12:17:24+00:00\" \/>\n<meta property=\"og:image\" content=\"https:\/\/medicinasinc.com\/cs\/wp-content\/uploads\/sites\/2\/2022\/02\/Tramadol-100mg-1.jpg\" \/>\n\t<meta property=\"og:image:width\" content=\"600\" \/>\n\t<meta property=\"og:image:height\" content=\"358\" \/>\n\t<meta property=\"og:image:type\" content=\"image\/jpeg\" \/>\n<meta name=\"twitter:card\" content=\"summary_large_image\" \/>\n<meta name=\"twitter:label1\" content=\"Est. reading time\" \/>\n\t<meta name=\"twitter:data1\" content=\"2 minutes\" \/>\n<script type=\"application\/ld+json\" class=\"yoast-schema-graph\">{\"@context\":\"https:\\\/\\\/schema.org\",\"@graph\":[{\"@type\":\"WebPage\",\"@id\":\"https:\\\/\\\/medicinasinc.com\\\/cs\\\/product\\\/tramadol-100-mg\\\/\",\"url\":\"https:\\\/\\\/medicinasinc.com\\\/cs\\\/product\\\/tramadol-100-mg\\\/\",\"name\":\"Koupit pilulky Tramal SR 100 mg online - Nejlep\u0161\u00ed nejlep\u0161\u00ed glob\u00e1ln\u00ed l\u00e9ky\",\"isPartOf\":{\"@id\":\"https:\\\/\\\/medicinasinc.com\\\/cs\\\/#website\"},\"primaryImageOfPage\":{\"@id\":\"https:\\\/\\\/medicinasinc.com\\\/cs\\\/product\\\/tramadol-100-mg\\\/#primaryimage\"},\"image\":{\"@id\":\"https:\\\/\\\/medicinasinc.com\\\/cs\\\/product\\\/tramadol-100-mg\\\/#primaryimage\"},\"thumbnailUrl\":\"https:\\\/\\\/medicinasinc.com\\\/cs\\\/wp-content\\\/uploads\\\/sites\\\/2\\\/2022\\\/02\\\/Tramadol-100mg-1.jpg\",\"datePublished\":\"2022-02-21T20:57:13+00:00\",\"dateModified\":\"2022-03-14T12:17:24+00:00\",\"description\":\"Koupit Tramal SR 100mg pilulky online. Kupte si Tramadol Online Tramal SR 100 mg bez l\u00e9ka\u0159sk\u00e9ho p\u0159edpisu za 80 % ni\u017e\u0161\u00ed cenu ne\u017e v l\u00e9k\u00e1rn\u00e1ch v USA.\",\"breadcrumb\":{\"@id\":\"https:\\\/\\\/medicinasinc.com\\\/cs\\\/product\\\/tramadol-100-mg\\\/#breadcrumb\"},\"inLanguage\":\"en-US\",\"potentialAction\":[{\"@type\":\"ReadAction\",\"target\":[\"https:\\\/\\\/medicinasinc.com\\\/cs\\\/product\\\/tramadol-100-mg\\\/\"]}]},{\"@type\":\"ImageObject\",\"inLanguage\":\"en-US\",\"@id\":\"https:\\\/\\\/medicinasinc.com\\\/cs\\\/product\\\/tramadol-100-mg\\\/#primaryimage\",\"url\":\"https:\\\/\\\/medicinasinc.com\\\/cs\\\/wp-content\\\/uploads\\\/sites\\\/2\\\/2022\\\/02\\\/Tramadol-100mg-1.jpg\",\"contentUrl\":\"https:\\\/\\\/medicinasinc.com\\\/cs\\\/wp-content\\\/uploads\\\/sites\\\/2\\\/2022\\\/02\\\/Tramadol-100mg-1.jpg\",\"width\":600,\"height\":358},{\"@type\":\"BreadcrumbList\",\"@id\":\"https:\\\/\\\/medicinasinc.com\\\/cs\\\/product\\\/tramadol-100-mg\\\/#breadcrumb\",\"itemListElement\":[{\"@type\":\"ListItem\",\"position\":1,\"name\":\"Obchod\",\"item\":\"https:\\\/\\\/medicinasinc.com\\\/cs\\\/obchod\\\/\"},{\"@type\":\"ListItem\",\"position\":2,\"name\":\"Tramadol 100 mg\"}]},{\"@type\":\"WebSite\",\"@id\":\"https:\\\/\\\/medicinasinc.com\\\/cs\\\/#website\",\"url\":\"https:\\\/\\\/medicinasinc.com\\\/cs\\\/\",\"name\":\"Medicinas Inc\",\"description\":\"Health Medical Clinic\",\"potentialAction\":[{\"@type\":\"SearchAction\",\"target\":{\"@type\":\"EntryPoint\",\"urlTemplate\":\"https:\\\/\\\/medicinasinc.com\\\/cs\\\/?s={search_term_string}\"},\"query-input\":{\"@type\":\"PropertyValueSpecification\",\"valueRequired\":true,\"valueName\":\"search_term_string\"}}],\"inLanguage\":\"en-US\"}]}<\/script>\n<!-- \/ Yoast SEO plugin. -->","yoast_head_json":{"title":"Koupit pilulky Tramal SR 100 mg online - Nejlep\u0161\u00ed nejlep\u0161\u00ed glob\u00e1ln\u00ed l\u00e9ky","description":"Koupit Tramal SR 100mg pilulky online. Kupte si Tramadol Online Tramal SR 100 mg bez l\u00e9ka\u0159sk\u00e9ho p\u0159edpisu za 80 % ni\u017e\u0161\u00ed cenu ne\u017e v l\u00e9k\u00e1rn\u00e1ch v USA.","robots":{"index":"index","follow":"follow","max-snippet":"max-snippet:-1","max-image-preview":"max-image-preview:large","max-video-preview":"max-video-preview:-1"},"canonical":"https:\/\/medicinasinc.com\/cs\/product\/tramadol-100-mg\/","og_locale":"en_US","og_type":"article","og_title":"Koupit pilulky Tramal SR 100 mg online - Nejlep\u0161\u00ed nejlep\u0161\u00ed glob\u00e1ln\u00ed l\u00e9ky","og_description":"Koupit Tramal SR 100mg pilulky online. Kupte si Tramadol Online Tramal SR 100 mg bez l\u00e9ka\u0159sk\u00e9ho p\u0159edpisu za 80 % ni\u017e\u0161\u00ed cenu ne\u017e v l\u00e9k\u00e1rn\u00e1ch v USA.","og_url":"https:\/\/medicinasinc.com\/cs\/product\/tramadol-100-mg\/","og_site_name":"Medicinas Inc","article_modified_time":"2022-03-14T12:17:24+00:00","og_image":[{"width":600,"height":358,"url":"https:\/\/medicinasinc.com\/cs\/wp-content\/uploads\/sites\/2\/2022\/02\/Tramadol-100mg-1.jpg","type":"image\/jpeg"}],"twitter_card":"summary_large_image","twitter_misc":{"Est. reading time":"2 minutes"},"schema":{"@context":"https:\/\/schema.org","@graph":[{"@type":"WebPage","@id":"https:\/\/medicinasinc.com\/cs\/product\/tramadol-100-mg\/","url":"https:\/\/medicinasinc.com\/cs\/product\/tramadol-100-mg\/","name":"Koupit pilulky Tramal SR 100 mg online - Nejlep\u0161\u00ed nejlep\u0161\u00ed glob\u00e1ln\u00ed l\u00e9ky","isPartOf":{"@id":"https:\/\/medicinasinc.com\/cs\/#website"},"primaryImageOfPage":{"@id":"https:\/\/medicinasinc.com\/cs\/product\/tramadol-100-mg\/#primaryimage"},"image":{"@id":"https:\/\/medicinasinc.com\/cs\/product\/tramadol-100-mg\/#primaryimage"},"thumbnailUrl":"https:\/\/medicinasinc.com\/cs\/wp-content\/uploads\/sites\/2\/2022\/02\/Tramadol-100mg-1.jpg","datePublished":"2022-02-21T20:57:13+00:00","dateModified":"2022-03-14T12:17:24+00:00","description":"Koupit Tramal SR 100mg pilulky online. Kupte si Tramadol Online Tramal SR 100 mg bez l\u00e9ka\u0159sk\u00e9ho p\u0159edpisu za 80 % ni\u017e\u0161\u00ed cenu ne\u017e v l\u00e9k\u00e1rn\u00e1ch v USA.","breadcrumb":{"@id":"https:\/\/medicinasinc.com\/cs\/product\/tramadol-100-mg\/#breadcrumb"},"inLanguage":"en-US","potentialAction":[{"@type":"ReadAction","target":["https:\/\/medicinasinc.com\/cs\/product\/tramadol-100-mg\/"]}]},{"@type":"ImageObject","inLanguage":"en-US","@id":"https:\/\/medicinasinc.com\/cs\/product\/tramadol-100-mg\/#primaryimage","url":"https:\/\/medicinasinc.com\/cs\/wp-content\/uploads\/sites\/2\/2022\/02\/Tramadol-100mg-1.jpg","contentUrl":"https:\/\/medicinasinc.com\/cs\/wp-content\/uploads\/sites\/2\/2022\/02\/Tramadol-100mg-1.jpg","width":600,"height":358},{"@type":"BreadcrumbList","@id":"https:\/\/medicinasinc.com\/cs\/product\/tramadol-100-mg\/#breadcrumb","itemListElement":[{"@type":"ListItem","position":1,"name":"Obchod","item":"https:\/\/medicinasinc.com\/cs\/obchod\/"},{"@type":"ListItem","position":2,"name":"Tramadol 100 mg"}]},{"@type":"WebSite","@id":"https:\/\/medicinasinc.com\/cs\/#website","url":"https:\/\/medicinasinc.com\/cs\/","name":"Medicinas Inc","description":"Health Medical Clinic","potentialAction":[{"@type":"SearchAction","target":{"@type":"EntryPoint","urlTemplate":"https:\/\/medicinasinc.com\/cs\/?s={search_term_string}"},"query-input":{"@type":"PropertyValueSpecification","valueRequired":true,"valueName":"search_term_string"}}],"inLanguage":"en-US"}]}},"_links":{"self":[{"href":"https:\/\/medicinasinc.com\/cs\/wp-json\/wp\/v2\/product\/5322","targetHints":{"allow":["GET"]}}],"collection":[{"href":"https:\/\/medicinasinc.com\/cs\/wp-json\/wp\/v2\/product"}],"about":[{"href":"https:\/\/medicinasinc.com\/cs\/wp-json\/wp\/v2\/types\/product"}],"replies":[{"embeddable":true,"href":"https:\/\/medicinasinc.com\/cs\/wp-json\/wp\/v2\/comments?post=5322"}],"wp:featuredmedia":[{"embeddable":true,"href":"https:\/\/medicinasinc.com\/cs\/wp-json\/wp\/v2\/media\/5331"}],"wp:attachment":[{"href":"https:\/\/medicinasinc.com\/cs\/wp-json\/wp\/v2\/media?parent=5322"}],"wp:term":[{"taxonomy":"product_brand","embeddable":true,"href":"https:\/\/medicinasinc.com\/cs\/wp-json\/wp\/v2\/product_brand?post=5322"},{"taxonomy":"product_cat","embeddable":true,"href":"https:\/\/medicinasinc.com\/cs\/wp-json\/wp\/v2\/product_cat?post=5322"},{"taxonomy":"product_tag","embeddable":true,"href":"https:\/\/medicinasinc.com\/cs\/wp-json\/wp\/v2\/product_tag?post=5322"}],"curies":[{"name":"wp","href":"https:\/\/api.w.org\/{rel}","templated":true}]}}