{"id":5309,"date":"2022-02-21T18:36:34","date_gmt":"2022-02-21T18:36:34","guid":{"rendered":"https:\/\/medicinasinc.com\/cs\/?post_type=product&#038;p=5309"},"modified":"2022-03-14T12:17:49","modified_gmt":"2022-03-14T12:17:49","slug":"buy-restoril-30-mg-temazepam-pills","status":"publish","type":"product","link":"https:\/\/medicinasinc.com\/cs\/product\/buy-restoril-30-mg-temazepam-pills\/","title":{"rendered":"Kupte si pilulky Restoril 30 mg Temazepam"},"content":{"rendered":"<div class=\"product-next-previous\">\n<div>\n<p>Internetov\u00e1 l\u00e9k\u00e1rna k zakoupen\u00ed tablet Restoril Temezepam (30 mg)<br \/> Restoril: Co to je a jak se pou\u017e\u00edv\u00e1?<\/p>\n<p> Restoril je l\u00e9k na p\u0159edpis, kter\u00fd se pou\u017e\u00edv\u00e1 k l\u00e9\u010db\u011b probl\u00e9m\u016f s nespavost\u00ed. Restoril lze u\u017e\u00edvat samostatn\u011b nebo v kombinaci s jin\u00fdmi l\u00e9ky.<\/p>\n<p>Restoril je sedativum\/hypnotikum.<\/p>\n<p>Nen\u00ed zn\u00e1mo, \u017ee by Restoril byl bezpe\u010dn\u00fd nebo \u00fa\u010dinn\u00fd u d\u011bt\u00ed.<\/p>\n<p>Jak\u00e1 jsou pravd\u011bpodobn\u00e1 rizika spojen\u00e1 s Restorilem?<\/p>\n<p>Restoril m\u016f\u017ee m\u00edt z\u00e1va\u017en\u00e9 ne\u017e\u00e1douc\u00ed \u00fa\u010dinky, v\u010detn\u011b n\u00e1sleduj\u00edc\u00edch:<\/p>\n<p>Zmatenost, neklid, agresivita, halucinace, \u00fazkost, probl\u00e9my s pam\u011bt\u00ed, a smutn\u00e1 n\u00e1lada jsou v\u0161echny p\u0159\u00edznaky schizofrenie.<\/p>\n<p>&nbsp;<\/p>\n<p>Temazepam, stejn\u011b jako mnoho dal\u0161\u00edch podobn\u00fdch a p\u0159\u00edbuzn\u00fdch benzodiazepin\u016f, funguje jako modul\u00e1tor GABA a je schopen vyvolat \u0159adu \u00fa\u010dink\u016f, v\u010detn\u011b ospalosti, hypn\u00f3zy, relaxace kostern\u00edho svalstva, antikonvulzivn\u00ed aktivity a anxiolytick\u00e9ho p\u016fsoben\u00ed 6,7,13,14.<\/p>\n<p>P\u0159esto\u017ee chemick\u00e1 synt\u00e9za temazepamu byla objevena v roce 19659, jeho roz\u0161\u00ed\u0159en\u00e9 modern\u00ed pou\u017eit\u00ed za\u010dalo a\u017e skute\u010dn\u00e9 pou\u017eit\u00ed l\u00e9ku jako l\u00e9\u010dba nespavosti bylo uzn\u00e1no a schv\u00e1leno pozd\u011bji. P\u0159edt\u00edm, ne\u017e se temazepam stal b\u011b\u017en\u011b p\u0159edepisovan\u00fdm l\u00e9kem pro civilisty, byl \u2013 a nad\u00e1le je \u2013 pou\u017e\u00edv\u00e1n americkou arm\u00e1dou jako sedativum-hypnotick\u00fd l\u00e9k, kter\u00fd m\u011bli u\u017e\u00edvat voj\u00e1ci, piloti a dal\u0161\u00ed, aby z\u00edskali nezbytn\u00fd odpo\u010dinek pro zdravotn\u00ed zotaven\u00ed nebo pl\u00e1novan\u00e9 man\u00e9vry a operace 10. Bez ohledu na to se temazepam stal jedn\u00edm z nej\u010dast\u011bji p\u0159edepisovan\u00fdch l\u00e9k\u016f na cel\u00e9m sv\u011bt\u011b, p\u0159i\u010dem\u017e ka\u017ed\u00fd rok jsou naps\u00e1ny miliony recept\u016f. Bohu\u017eel, proto\u017ee temazepam \u2013 stejn\u011b jako mnoho jin\u00fdch benzodiazepin\u016f \u2013 m\u00e1 d\u00edky sv\u00e9mu \u0161irok\u00e9mu pou\u017e\u00edv\u00e1n\u00ed a p\u0159irozen\u00e9 povaze jeho farmakologick\u00fdch \u00fa\u010dink\u016f zna\u010dn\u00fd potenci\u00e1l ke zneu\u017e\u00edv\u00e1n\u00ed a je schopen u u\u017eivatel\u016f vyvinout drogovou toleranci, fyzickou z\u00e1vislost a z\u00e1vislost.<\/p>\n<p>GroupsApproved, InvestigationalStructureSmall Molecules<\/p>\n<div class=\"structure\"><a class=\"moldbi-vector-thumbnail\" href=\"https:\/\/go.drugbank.com\/structures\/DB00231\/image.svg\"><img decoding=\"async\" src=\"https:\/\/go.drugbank.com\/structures\/DB00231\/thumb.svg\" alt=\"Palec\" \/><\/a><\/div>\n<dl class=\"right-dl col- xl-6 col-lg-12\"><\/dl>\n<\/p><\/div>\n<div class=\"product-prev\"><strong>temazepam (restoril), temazepam restoril, restoril temazepam, temazepam (restoril) vedlej\u0161\u00ed \u00fa\u010dinky, temazepam (restoril, koupit restoril temazepam online, koupit temazepam (restoril), generick\u00fd restoril temazepam, temazepam restoril koupit, restoril (temazepam) 30 mg na prodej, je temazepam stejn\u00fd jako restoril, temazepam (restoril) davis, temazepam botstortl temazepam e, kde si m\u016f\u017eete koupit temazepam (restoril), temazepam (restoril) cvs, temazepam (restoril) koupit, temazepam tot\u00e9\u017e jako restoril, temazepam (restoril)\u00a0<img decoding=\"async\" class=\"emoji\" role=\"img\" src=\"https:\/ \/sworg\/images\/core\/emoji\/13.1.0\/svg\/2714.svg\" alt=\"\u2714\" \/>\u00a0<img decoding=\"async\" class=\"emoji\" role=\"img\" src=\"https:\/\/sworg\/images \/core\/emoji\/13.1.0\/svg\/2714.svg\" alt=\"\u2714\" \/>\u00a0<img decoding=\"async\" class=\"emoji\" role=\"img\" src=\"https:\/\/sworg\/images\/core\/emoji\/ 13.1.0\/svg\/2714.svg\" alt=\"\u2714\" \/>, restoril temazepam 30 mg, bezpe\u010dn\u00e1 alternativa k restorilu (temazepam), temazepam (restoril) cena, temazepam (restoril) otc, temazepam restoril vedlej\u0161\u00ed \u00fa\u010dinky, brand temazepam name restoril), restoril (temazepam)<\/strong><\/div><\/div>\n<div class=\"product-next-previous\">\n<div class=\"product-prev\"><\/div><\/div>\n","protected":false},"excerpt":{"rendered":"<p>Koupit Restoril 30mg tablety Temezepam lze zakoupit online.<\/p>\n<p>N\u00e1zev zna\u010dky:\u00a0<strong>Restoril<\/strong><br \/> Generic:\u00a0<strong>Temazepam<\/strong><br \/> S\u00edla Dostupn\u00e9: 30 mg<br \/> Balen\u00ed: Blister<br \/> V\u00fdrobce: Novartis<\/p>\n<p>&nbsp;<\/p>\n","protected":false},"featured_media":5319,"comment_status":"open","ping_status":"closed","template":"","meta":[],"product_brand":[],"product_cat":[1117],"product_tag":[1863,1852,1859,1871,1853,1854,1878,1851,1870,1872,1860,1861,1856,1857,1858,1862,1865,1866,1869,1867,1868,1864,1873,1874,1877,1875,1876,1855],"class_list":{"0":"post-5309","1":"product","2":"type-product","3":"status-publish","4":"has-post-thumbnail","6":"product_cat-koupit-prasky-na-spani-bolest","7":"product_tag-bezpen-alternativa-k-restoril-temazepam","8":"product_tag-buy-temazepam-restoril","9":"product_tag-restoril-30-mg-cena","10":"product_tag-temazepam-restoril-cena","11":"product_tag-generic-restoril-temazepam","12":"product_tag-is-temazepam-the-same-as-restoril","13":"product_tag-kde-mete-koupit-temazepam-restoril","14":"product_tag-buy-restoril-temazepam-online","15":"product_tag-lahvika-temazepam-restoril-pilulka","16":"product_tag-vedlej-inky-temazepam-restoril","17":"product_tag-restoril-tablet-online","18":"product_tag-restoril-temazepam","19":"product_tag-restoril-temazepam-30mg-na-prodej","20":"product_tag-restoril-15-mg","21":"product_tag-restoril-15-mg-online","22":"product_tag-restoril-temazepam-30-mg","23":"product_tag-temazepam-restoril","24":"product_tag-temazepam-restoril---","25":"product_tag-temazepam-restoril-otc","26":"product_tag-temazepam-restoril-cvs","27":"product_tag-temazepam-restoril-davis","28":"product_tag-temazepam-zna-c4-8dka-restoril","29":"product_tag-temazepam-30-mg","30":"product_tag-temazepam-30-mg-vedlej-inky","31":"product_tag-temazepam-hubnut","32":"product_tag-temazepam-restoril-buy","33":"product_tag-temazepam-stejn-jako-restoril","34":"product_tag-voln-c4-9b-prodejn-c3-a1-n-c3-a1hra-c5-beka-temazepamu","36":"first","37":"instock","38":"shipping-taxable","39":"purchasable","40":"product-type-variable","41":"has-default-attributes"},"yoast_head":"<!-- This site is optimized with the Yoast SEO plugin v27.3 - https:\/\/yoast.com\/product\/yoast-seo-wordpress\/ -->\n<title>Koupit pilulky Restoril 30 mg Temazepam \u2013 nejlep\u0161\u00ed nejlep\u0161\u00ed glob\u00e1ln\u00ed l\u00e9ky<\/title>\n<meta name=\"description\" content=\"Pilulka s potiskem RESTORIL 30 mg M PRO SP\u00c1NEK je modr\u00e1 \/ ka\u0161tanov\u00e1, ve tvaru tobolky a byla identifikov\u00e1na jako Restoril 30 mg. Kupte si RESTORIL 30 mg M NA SP\u00c1NEK.\" \/>\n<meta name=\"robots\" content=\"index, follow, max-snippet:-1, max-image-preview:large, max-video-preview:-1\" \/>\n<link rel=\"canonical\" href=\"https:\/\/medicinasinc.com\/cs\/product\/buy-restoril-30-mg-temazepam-pills\/\" \/>\n<meta property=\"og:locale\" content=\"en_US\" \/>\n<meta property=\"og:type\" content=\"article\" \/>\n<meta property=\"og:title\" content=\"Koupit pilulky Restoril 30 mg Temazepam \u2013 nejlep\u0161\u00ed nejlep\u0161\u00ed glob\u00e1ln\u00ed l\u00e9ky\" \/>\n<meta property=\"og:description\" content=\"Pilulka s potiskem RESTORIL 30 mg M PRO SP\u00c1NEK je modr\u00e1 \/ ka\u0161tanov\u00e1, ve tvaru tobolky a byla identifikov\u00e1na jako Restoril 30 mg. Kupte si RESTORIL 30 mg M NA SP\u00c1NEK.\" \/>\n<meta property=\"og:url\" content=\"https:\/\/medicinasinc.com\/cs\/product\/buy-restoril-30-mg-temazepam-pills\/\" \/>\n<meta property=\"og:site_name\" content=\"Medicinas Inc\" \/>\n<meta property=\"article:modified_time\" content=\"2022-03-14T12:17:49+00:00\" \/>\n<meta property=\"og:image\" content=\"https:\/\/medicinasinc.com\/cs\/wp-content\/uploads\/sites\/2\/2022\/02\/Buy-Restoril-30-mg-Temazepam-pills.jpg\" \/>\n\t<meta property=\"og:image:width\" content=\"2064\" \/>\n\t<meta property=\"og:image:height\" content=\"1073\" \/>\n\t<meta property=\"og:image:type\" content=\"image\/jpeg\" \/>\n<meta name=\"twitter:card\" content=\"summary_large_image\" \/>\n<meta name=\"twitter:label1\" content=\"Est. reading time\" \/>\n\t<meta name=\"twitter:data1\" content=\"3 minutes\" \/>\n<script type=\"application\/ld+json\" class=\"yoast-schema-graph\">{\"@context\":\"https:\\\/\\\/schema.org\",\"@graph\":[{\"@type\":\"WebPage\",\"@id\":\"https:\\\/\\\/medicinasinc.com\\\/cs\\\/product\\\/buy-restoril-30-mg-temazepam-pills\\\/\",\"url\":\"https:\\\/\\\/medicinasinc.com\\\/cs\\\/product\\\/buy-restoril-30-mg-temazepam-pills\\\/\",\"name\":\"Koupit pilulky Restoril 30 mg Temazepam \u2013 nejlep\u0161\u00ed nejlep\u0161\u00ed glob\u00e1ln\u00ed l\u00e9ky\",\"isPartOf\":{\"@id\":\"https:\\\/\\\/medicinasinc.com\\\/cs\\\/#website\"},\"primaryImageOfPage\":{\"@id\":\"https:\\\/\\\/medicinasinc.com\\\/cs\\\/product\\\/buy-restoril-30-mg-temazepam-pills\\\/#primaryimage\"},\"image\":{\"@id\":\"https:\\\/\\\/medicinasinc.com\\\/cs\\\/product\\\/buy-restoril-30-mg-temazepam-pills\\\/#primaryimage\"},\"thumbnailUrl\":\"https:\\\/\\\/medicinasinc.com\\\/cs\\\/wp-content\\\/uploads\\\/sites\\\/2\\\/2022\\\/02\\\/Buy-Restoril-30-mg-Temazepam-pills.jpg\",\"datePublished\":\"2022-02-21T18:36:34+00:00\",\"dateModified\":\"2022-03-14T12:17:49+00:00\",\"description\":\"Pilulka s potiskem RESTORIL 30 mg M PRO SP\u00c1NEK je modr\u00e1 \\\/ ka\u0161tanov\u00e1, ve tvaru tobolky a byla identifikov\u00e1na jako Restoril 30 mg. Kupte si RESTORIL 30 mg M NA SP\u00c1NEK.\",\"breadcrumb\":{\"@id\":\"https:\\\/\\\/medicinasinc.com\\\/cs\\\/product\\\/buy-restoril-30-mg-temazepam-pills\\\/#breadcrumb\"},\"inLanguage\":\"en-US\",\"potentialAction\":[{\"@type\":\"ReadAction\",\"target\":[\"https:\\\/\\\/medicinasinc.com\\\/cs\\\/product\\\/buy-restoril-30-mg-temazepam-pills\\\/\"]}]},{\"@type\":\"ImageObject\",\"inLanguage\":\"en-US\",\"@id\":\"https:\\\/\\\/medicinasinc.com\\\/cs\\\/product\\\/buy-restoril-30-mg-temazepam-pills\\\/#primaryimage\",\"url\":\"https:\\\/\\\/medicinasinc.com\\\/cs\\\/wp-content\\\/uploads\\\/sites\\\/2\\\/2022\\\/02\\\/Buy-Restoril-30-mg-Temazepam-pills.jpg\",\"contentUrl\":\"https:\\\/\\\/medicinasinc.com\\\/cs\\\/wp-content\\\/uploads\\\/sites\\\/2\\\/2022\\\/02\\\/Buy-Restoril-30-mg-Temazepam-pills.jpg\",\"width\":2064,\"height\":1073},{\"@type\":\"BreadcrumbList\",\"@id\":\"https:\\\/\\\/medicinasinc.com\\\/cs\\\/product\\\/buy-restoril-30-mg-temazepam-pills\\\/#breadcrumb\",\"itemListElement\":[{\"@type\":\"ListItem\",\"position\":1,\"name\":\"Obchod\",\"item\":\"https:\\\/\\\/medicinasinc.com\\\/cs\\\/obchod\\\/\"},{\"@type\":\"ListItem\",\"position\":2,\"name\":\"Kupte si pilulky Restoril 30 mg Temazepam\"}]},{\"@type\":\"WebSite\",\"@id\":\"https:\\\/\\\/medicinasinc.com\\\/cs\\\/#website\",\"url\":\"https:\\\/\\\/medicinasinc.com\\\/cs\\\/\",\"name\":\"Medicinas Inc\",\"description\":\"Health Medical Clinic\",\"potentialAction\":[{\"@type\":\"SearchAction\",\"target\":{\"@type\":\"EntryPoint\",\"urlTemplate\":\"https:\\\/\\\/medicinasinc.com\\\/cs\\\/?s={search_term_string}\"},\"query-input\":{\"@type\":\"PropertyValueSpecification\",\"valueRequired\":true,\"valueName\":\"search_term_string\"}}],\"inLanguage\":\"en-US\"}]}<\/script>\n<!-- \/ Yoast SEO plugin. -->","yoast_head_json":{"title":"Koupit pilulky Restoril 30 mg Temazepam \u2013 nejlep\u0161\u00ed nejlep\u0161\u00ed glob\u00e1ln\u00ed l\u00e9ky","description":"Pilulka s potiskem RESTORIL 30 mg M PRO SP\u00c1NEK je modr\u00e1 \/ ka\u0161tanov\u00e1, ve tvaru tobolky a byla identifikov\u00e1na jako Restoril 30 mg. Kupte si RESTORIL 30 mg M NA SP\u00c1NEK.","robots":{"index":"index","follow":"follow","max-snippet":"max-snippet:-1","max-image-preview":"max-image-preview:large","max-video-preview":"max-video-preview:-1"},"canonical":"https:\/\/medicinasinc.com\/cs\/product\/buy-restoril-30-mg-temazepam-pills\/","og_locale":"en_US","og_type":"article","og_title":"Koupit pilulky Restoril 30 mg Temazepam \u2013 nejlep\u0161\u00ed nejlep\u0161\u00ed glob\u00e1ln\u00ed l\u00e9ky","og_description":"Pilulka s potiskem RESTORIL 30 mg M PRO SP\u00c1NEK je modr\u00e1 \/ ka\u0161tanov\u00e1, ve tvaru tobolky a byla identifikov\u00e1na jako Restoril 30 mg. Kupte si RESTORIL 30 mg M NA SP\u00c1NEK.","og_url":"https:\/\/medicinasinc.com\/cs\/product\/buy-restoril-30-mg-temazepam-pills\/","og_site_name":"Medicinas Inc","article_modified_time":"2022-03-14T12:17:49+00:00","og_image":[{"width":2064,"height":1073,"url":"https:\/\/medicinasinc.com\/cs\/wp-content\/uploads\/sites\/2\/2022\/02\/Buy-Restoril-30-mg-Temazepam-pills.jpg","type":"image\/jpeg"}],"twitter_card":"summary_large_image","twitter_misc":{"Est. reading time":"3 minutes"},"schema":{"@context":"https:\/\/schema.org","@graph":[{"@type":"WebPage","@id":"https:\/\/medicinasinc.com\/cs\/product\/buy-restoril-30-mg-temazepam-pills\/","url":"https:\/\/medicinasinc.com\/cs\/product\/buy-restoril-30-mg-temazepam-pills\/","name":"Koupit pilulky Restoril 30 mg Temazepam \u2013 nejlep\u0161\u00ed nejlep\u0161\u00ed glob\u00e1ln\u00ed l\u00e9ky","isPartOf":{"@id":"https:\/\/medicinasinc.com\/cs\/#website"},"primaryImageOfPage":{"@id":"https:\/\/medicinasinc.com\/cs\/product\/buy-restoril-30-mg-temazepam-pills\/#primaryimage"},"image":{"@id":"https:\/\/medicinasinc.com\/cs\/product\/buy-restoril-30-mg-temazepam-pills\/#primaryimage"},"thumbnailUrl":"https:\/\/medicinasinc.com\/cs\/wp-content\/uploads\/sites\/2\/2022\/02\/Buy-Restoril-30-mg-Temazepam-pills.jpg","datePublished":"2022-02-21T18:36:34+00:00","dateModified":"2022-03-14T12:17:49+00:00","description":"Pilulka s potiskem RESTORIL 30 mg M PRO SP\u00c1NEK je modr\u00e1 \/ ka\u0161tanov\u00e1, ve tvaru tobolky a byla identifikov\u00e1na jako Restoril 30 mg. Kupte si RESTORIL 30 mg M NA SP\u00c1NEK.","breadcrumb":{"@id":"https:\/\/medicinasinc.com\/cs\/product\/buy-restoril-30-mg-temazepam-pills\/#breadcrumb"},"inLanguage":"en-US","potentialAction":[{"@type":"ReadAction","target":["https:\/\/medicinasinc.com\/cs\/product\/buy-restoril-30-mg-temazepam-pills\/"]}]},{"@type":"ImageObject","inLanguage":"en-US","@id":"https:\/\/medicinasinc.com\/cs\/product\/buy-restoril-30-mg-temazepam-pills\/#primaryimage","url":"https:\/\/medicinasinc.com\/cs\/wp-content\/uploads\/sites\/2\/2022\/02\/Buy-Restoril-30-mg-Temazepam-pills.jpg","contentUrl":"https:\/\/medicinasinc.com\/cs\/wp-content\/uploads\/sites\/2\/2022\/02\/Buy-Restoril-30-mg-Temazepam-pills.jpg","width":2064,"height":1073},{"@type":"BreadcrumbList","@id":"https:\/\/medicinasinc.com\/cs\/product\/buy-restoril-30-mg-temazepam-pills\/#breadcrumb","itemListElement":[{"@type":"ListItem","position":1,"name":"Obchod","item":"https:\/\/medicinasinc.com\/cs\/obchod\/"},{"@type":"ListItem","position":2,"name":"Kupte si pilulky Restoril 30 mg Temazepam"}]},{"@type":"WebSite","@id":"https:\/\/medicinasinc.com\/cs\/#website","url":"https:\/\/medicinasinc.com\/cs\/","name":"Medicinas Inc","description":"Health Medical Clinic","potentialAction":[{"@type":"SearchAction","target":{"@type":"EntryPoint","urlTemplate":"https:\/\/medicinasinc.com\/cs\/?s={search_term_string}"},"query-input":{"@type":"PropertyValueSpecification","valueRequired":true,"valueName":"search_term_string"}}],"inLanguage":"en-US"}]}},"_links":{"self":[{"href":"https:\/\/medicinasinc.com\/cs\/wp-json\/wp\/v2\/product\/5309","targetHints":{"allow":["GET"]}}],"collection":[{"href":"https:\/\/medicinasinc.com\/cs\/wp-json\/wp\/v2\/product"}],"about":[{"href":"https:\/\/medicinasinc.com\/cs\/wp-json\/wp\/v2\/types\/product"}],"replies":[{"embeddable":true,"href":"https:\/\/medicinasinc.com\/cs\/wp-json\/wp\/v2\/comments?post=5309"}],"wp:featuredmedia":[{"embeddable":true,"href":"https:\/\/medicinasinc.com\/cs\/wp-json\/wp\/v2\/media\/5319"}],"wp:attachment":[{"href":"https:\/\/medicinasinc.com\/cs\/wp-json\/wp\/v2\/media?parent=5309"}],"wp:term":[{"taxonomy":"product_brand","embeddable":true,"href":"https:\/\/medicinasinc.com\/cs\/wp-json\/wp\/v2\/product_brand?post=5309"},{"taxonomy":"product_cat","embeddable":true,"href":"https:\/\/medicinasinc.com\/cs\/wp-json\/wp\/v2\/product_cat?post=5309"},{"taxonomy":"product_tag","embeddable":true,"href":"https:\/\/medicinasinc.com\/cs\/wp-json\/wp\/v2\/product_tag?post=5309"}],"curies":[{"name":"wp","href":"https:\/\/api.w.org\/{rel}","templated":true}]}}