{"id":5296,"date":"2022-02-21T18:20:49","date_gmt":"2022-02-21T18:20:49","guid":{"rendered":"https:\/\/medicinasinc.com\/cs\/?post_type=product&#038;p=5296"},"modified":"2022-03-14T12:18:00","modified_gmt":"2022-03-14T12:18:00","slug":"koupit-pilulky-phenida-10mg","status":"publish","type":"product","link":"https:\/\/medicinasinc.com\/cs\/product\/koupit-pilulky-phenida-10mg\/","title":{"rendered":"Koupit Phenida 10mg pilulky"},"content":{"rendered":"<p>Phenida (methylphenidate hcl) 10mg Pilulky lze koupit na internetu.<\/p>\n<p>M\u00e1me nejlep\u0161\u00ed online l\u00e9k\u00e1rnu, kde si m\u016f\u017eete koupit Phenida, tak si ji kupte hned te\u010f.<\/p>\n<p>PHENIDA je l\u00e9k, kter\u00fd pom\u00e1h\u00e1 lidem s ADD\/ADHD. Zde m\u016f\u017eete naj\u00edt dal\u0161\u00ed informace o ADD\/ADHD a dal\u0161\u00edch fenodech.<\/p>\n<p>ADD\/ADHD:<\/p>\n<p>Pokud m\u00e1te ADHD, mo\u017en\u00e1 nebudete schopni udr\u017eet pozornost, bu\u010fte p\u0159\u00edli\u0161 aktivn\u00ed nebo nejste schopni ovl\u00e1dat sv\u00e9 chov\u00e1n\u00ed. V\u011bk a v\u00fdvoj osoby nemohou zp\u016fsobit tyto probl\u00e9my ADHD, pokud jsou mimo norm\u00e1ln\u00ed rozmez\u00ed pro v\u011bk nebo v\u00fdvoj dan\u00e9 osoby.<\/p>\n<p>L\u00e9ky na ADD a ADHD? Tato str\u00e1nka prod\u00e1v\u00e1 phenida (methylfenid\u00e1t hcl) 10 mg.<\/p>\n<p>Poruchy pozornosti s hyperaktivitou (ADHD) jsou jednou z nej\u010dast\u011bj\u0161\u00edch d\u011btsk\u00fdch poruch a mohou p\u0159etrv\u00e1vat i b\u011bhem dosp\u00edv\u00e1n\u00ed a tak\u00e9 v dosp\u011blosti. Mezi p\u0159\u00edznaky pat\u0159\u00ed pot\u00ed\u017ee se soust\u0159ed\u011bn\u00edm a pozornost\u00ed, pot\u00ed\u017ee s kontrolou chov\u00e1n\u00ed a hyperaktivita (nadm\u011brn\u00e1 aktivita).<\/p>\n<p>Chcete-li koupit tablety ADD (Attention Deficit Disorder) online bez l\u00e9ka\u0159sk\u00e9ho p\u0159edpisu, m\u016f\u017eete p\u0159ej\u00edt na webovou str\u00e1nku .<\/p>\n<p>N\u00e1sleduj\u00ed r\u016fzn\u00e9 typy methylfenid\u00e1tu: methylfenid\u00e1t HCL, methylfenid\u00e1t HCL, methylfenid\u00e1t HCL ER, methylfenid\u00e1t HCL, methylfenid\u00e1t HCL, methylfenid\u00e1t HCL, methylfenid\u00e1t HCL 20 mg, methylfenid\u00e1t HCL a methylfenid\u00e1t HCL 10 mg, Kdy\u017e si koup\u00edte tablety methylfenid\u00e1tu hcl, kter\u00e9 to jsou? methylfenid\u00e1t hcl 20 mg, methylfenid\u00e1t hcl 18 mg, methylfenid\u00e1t hcl cer cd, methylfenid\u00e1t hcl 10 mg, l\u00e9kov\u00e9 formy methylfenid\u00e1tu hcl a methylfenid\u00e1t hcl vs methylfenid\u00e1t hcl jsou n\u011bkter\u00e9 z ot\u00e1zek, kter\u00e9 se m\u011b lid\u00e9 ptaj\u00ed.<\/p>\n","protected":false},"excerpt":{"rendered":"<div class=\"woocommerce-product-details__short-description\">\n<p>Phenida 10mg Pills lze zakoupit online. voln\u011b prodejn\u00e9 pr\u00e1\u0161ky na span\u00ed, online l\u00e9k\u00e1rna ve Velk\u00e9 Brit\u00e1nii, steroidn\u00ed pr\u00e1\u0161ky na prodej, siln\u00e9 pr\u00e1\u0161ky na span\u00ed, l\u00e9ky proti bolesti.<\/p>\n<\/p><\/div>\n","protected":false},"featured_media":5307,"comment_status":"open","ping_status":"closed","template":"","meta":[],"product_brand":[],"product_cat":[1117],"product_tag":[1795,1802,1803,1847,1848,1846,1797,1804,1805,1807,1806,1808,1809,1849,1798,1799,1800,1801,1836,1817,1810,1819,1820,1812,1821,1813,1822,1823,1815,1824,1816,1818,1825,1811,1814,1828,1796,1829,1830,1831,1832,1834,1833,1835,1838,1837,1839,1840,1841,1843,1844,1845,1794,1842,1826,1827,1850],"class_list":{"0":"post-5296","1":"product","2":"type-product","3":"status-publish","4":"has-post-thumbnail","6":"product_cat-koupit-prasky-na-spani-bolest","7":"product_tag-adhd","8":"product_tag-buy-phenida-10mg","9":"product_tag-buyphenidacredit-card","10":"product_tag-co-je-methylfenidt-hcl","11":"product_tag-co-je-fenida","12":"product_tag-co-znamen-fenida-znamen","13":"product_tag-bulharsko-fenida","14":"product_tag-generic-ritalin-phenida","15":"product_tag-generic-phenida","16":"product_tag-is-phenida-same-adderal","17":"product_tag-is-focalin-tak-c3-a9-tzv-c3-bd-fenid","18":"product_tag-je-fenida-stejn-jako-ritalin","19":"product_tag-is-phenida-same-asadder","20":"product_tag-kde-koupit-phenida","21":"product_tag-buy-phenida","22":"product_tag-koupit-fenida-methylfenidt-hcl-10mg-online","23":"product_tag-koupit-fenida-online","24":"product_tag-koupit-fenidano-recept","25":"product_tag-phenida-lahev","26":"product_tag-methylfenidt-hcl-dvkov-formy","27":"product_tag-methylfenidt-hcl","28":"product_tag-methylfenidt-hcl-er-10-mg","29":"product_tag-methylfenidt-hcl-er-18-mg","30":"product_tag-methylfenidt-hcl-18-mg","31":"product_tag-methylfenidt-hcl-er-20-mg","32":"product_tag-methylfenidt-hcl-20-mg","33":"product_tag-methylfenidt-hcl-er-27-mg","34":"product_tag-methylfenidt-hcl-er-36-mg","35":"product_tag-methylfenidt-hcl-5-mg","36":"product_tag-methylfenidt-hcl-er-54-mg","37":"product_tag-methylfenidt-hcl-cd","38":"product_tag-methylfenidt-hcl-er","39":"product_tag-methylfenidt-hcl-er-cd","40":"product_tag-methylphenidate-hcl-10mg","41":"product_tag-methylphenidate-hcl-20mg","42":"product_tag-methylphenidate-vs-methylphenidate-hcl","43":"product_tag-best-phenida-methylphenidate-hcl-10mg-online","44":"product_tag-no-prescriptions","45":"product_tag-orderphenida","46":"product_tag-phenida","47":"product_tag-phenida-methylfenidt-hcl-10-mg","48":"product_tag-phenida-methylfenidate-hcl-10mg-cena","49":"product_tag-phenida-methylfenidate-hcl-10mg-na-prodej-online","50":"product_tag-phenida-methylfenidate-hcl-10mg-recenze","51":"product_tag-phenida-no-recept","52":"product_tag-phenida-bulgeria","53":"product_tag-phenida-online","54":"product_tag-phenida-online-trusted-pharmacy","55":"product_tag-phenida-online-trusted-pharmacy-bitcoin","56":"product_tag-phenida-ritalin","57":"product_tag-phenida-ritalin-zafa","58":"product_tag-phenida-zafa","59":"product_tag-pijm-paypal","60":"product_tag-phenida-recenze","61":"product_tag-methylfenidt-hcl-er-tableta","62":"product_tag-methylfenidt-hcl-vedlej-inky","63":"product_tag-zafa-fenida","65":"first","66":"instock","67":"shipping-taxable","68":"purchasable","69":"product-type-variable","70":"has-default-attributes"},"yoast_head":"<!-- This site is optimized with the Yoast SEO plugin v27.3 - https:\/\/yoast.com\/product\/yoast-seo-wordpress\/ -->\n<title>Koupit Phenida 10mg pilulky - nejlep\u0161\u00ed nejlep\u0161\u00ed glob\u00e1ln\u00ed l\u00e9ky<\/title>\n<meta name=\"description\" content=\"Koupit Phenida 10mg pilulky online. voln\u011b prodejn\u00e9 pr\u00e1\u0161ky na span\u00ed, pr\u00e1\u0161ky na objedn\u00e1vku online, steroidn\u00ed pr\u00e1\u0161ky na prodej, siln\u00e9 pr\u00e1\u0161ky na span\u00ed, l\u00e9ky proti bolesti, online l\u00e9k\u00e1rna uk.\" \/>\n<meta name=\"robots\" content=\"index, follow, max-snippet:-1, max-image-preview:large, max-video-preview:-1\" \/>\n<link rel=\"canonical\" href=\"https:\/\/medicinasinc.com\/cs\/product\/koupit-pilulky-phenida-10mg\/\" \/>\n<meta property=\"og:locale\" content=\"en_US\" \/>\n<meta property=\"og:type\" content=\"article\" \/>\n<meta property=\"og:title\" content=\"Koupit Phenida 10mg pilulky - nejlep\u0161\u00ed nejlep\u0161\u00ed glob\u00e1ln\u00ed l\u00e9ky\" \/>\n<meta property=\"og:description\" content=\"Koupit Phenida 10mg pilulky online. voln\u011b prodejn\u00e9 pr\u00e1\u0161ky na span\u00ed, pr\u00e1\u0161ky na objedn\u00e1vku online, steroidn\u00ed pr\u00e1\u0161ky na prodej, siln\u00e9 pr\u00e1\u0161ky na span\u00ed, l\u00e9ky proti bolesti, online l\u00e9k\u00e1rna uk.\" \/>\n<meta property=\"og:url\" content=\"https:\/\/medicinasinc.com\/cs\/product\/koupit-pilulky-phenida-10mg\/\" \/>\n<meta property=\"og:site_name\" content=\"Medicinas Inc\" \/>\n<meta property=\"article:modified_time\" content=\"2022-03-14T12:18:00+00:00\" \/>\n<meta property=\"og:image\" content=\"https:\/\/medicinasinc.com\/cs\/wp-content\/uploads\/sites\/2\/2022\/02\/buy-phenida-10mg-pills-online.jpg\" \/>\n\t<meta property=\"og:image:width\" content=\"600\" \/>\n\t<meta property=\"og:image:height\" content=\"600\" \/>\n\t<meta property=\"og:image:type\" content=\"image\/jpeg\" \/>\n<meta name=\"twitter:card\" content=\"summary_large_image\" \/>\n<meta name=\"twitter:label1\" content=\"Est. reading time\" \/>\n\t<meta name=\"twitter:data1\" content=\"2 minutes\" \/>\n<script type=\"application\/ld+json\" class=\"yoast-schema-graph\">{\"@context\":\"https:\\\/\\\/schema.org\",\"@graph\":[{\"@type\":\"WebPage\",\"@id\":\"https:\\\/\\\/medicinasinc.com\\\/cs\\\/product\\\/koupit-pilulky-phenida-10mg\\\/\",\"url\":\"https:\\\/\\\/medicinasinc.com\\\/cs\\\/product\\\/koupit-pilulky-phenida-10mg\\\/\",\"name\":\"Koupit Phenida 10mg pilulky - nejlep\u0161\u00ed nejlep\u0161\u00ed glob\u00e1ln\u00ed l\u00e9ky\",\"isPartOf\":{\"@id\":\"https:\\\/\\\/medicinasinc.com\\\/cs\\\/#website\"},\"primaryImageOfPage\":{\"@id\":\"https:\\\/\\\/medicinasinc.com\\\/cs\\\/product\\\/koupit-pilulky-phenida-10mg\\\/#primaryimage\"},\"image\":{\"@id\":\"https:\\\/\\\/medicinasinc.com\\\/cs\\\/product\\\/koupit-pilulky-phenida-10mg\\\/#primaryimage\"},\"thumbnailUrl\":\"https:\\\/\\\/medicinasinc.com\\\/cs\\\/wp-content\\\/uploads\\\/sites\\\/2\\\/2022\\\/02\\\/buy-phenida-10mg-pills-online.jpg\",\"datePublished\":\"2022-02-21T18:20:49+00:00\",\"dateModified\":\"2022-03-14T12:18:00+00:00\",\"description\":\"Koupit Phenida 10mg pilulky online. voln\u011b prodejn\u00e9 pr\u00e1\u0161ky na span\u00ed, pr\u00e1\u0161ky na objedn\u00e1vku online, steroidn\u00ed pr\u00e1\u0161ky na prodej, siln\u00e9 pr\u00e1\u0161ky na span\u00ed, l\u00e9ky proti bolesti, online l\u00e9k\u00e1rna uk.\",\"breadcrumb\":{\"@id\":\"https:\\\/\\\/medicinasinc.com\\\/cs\\\/product\\\/koupit-pilulky-phenida-10mg\\\/#breadcrumb\"},\"inLanguage\":\"en-US\",\"potentialAction\":[{\"@type\":\"ReadAction\",\"target\":[\"https:\\\/\\\/medicinasinc.com\\\/cs\\\/product\\\/koupit-pilulky-phenida-10mg\\\/\"]}]},{\"@type\":\"ImageObject\",\"inLanguage\":\"en-US\",\"@id\":\"https:\\\/\\\/medicinasinc.com\\\/cs\\\/product\\\/koupit-pilulky-phenida-10mg\\\/#primaryimage\",\"url\":\"https:\\\/\\\/medicinasinc.com\\\/cs\\\/wp-content\\\/uploads\\\/sites\\\/2\\\/2022\\\/02\\\/buy-phenida-10mg-pills-online.jpg\",\"contentUrl\":\"https:\\\/\\\/medicinasinc.com\\\/cs\\\/wp-content\\\/uploads\\\/sites\\\/2\\\/2022\\\/02\\\/buy-phenida-10mg-pills-online.jpg\",\"width\":600,\"height\":600},{\"@type\":\"BreadcrumbList\",\"@id\":\"https:\\\/\\\/medicinasinc.com\\\/cs\\\/product\\\/koupit-pilulky-phenida-10mg\\\/#breadcrumb\",\"itemListElement\":[{\"@type\":\"ListItem\",\"position\":1,\"name\":\"Obchod\",\"item\":\"https:\\\/\\\/medicinasinc.com\\\/cs\\\/obchod\\\/\"},{\"@type\":\"ListItem\",\"position\":2,\"name\":\"Koupit Phenida 10mg pilulky\"}]},{\"@type\":\"WebSite\",\"@id\":\"https:\\\/\\\/medicinasinc.com\\\/cs\\\/#website\",\"url\":\"https:\\\/\\\/medicinasinc.com\\\/cs\\\/\",\"name\":\"Medicinas Inc\",\"description\":\"Health Medical Clinic\",\"potentialAction\":[{\"@type\":\"SearchAction\",\"target\":{\"@type\":\"EntryPoint\",\"urlTemplate\":\"https:\\\/\\\/medicinasinc.com\\\/cs\\\/?s={search_term_string}\"},\"query-input\":{\"@type\":\"PropertyValueSpecification\",\"valueRequired\":true,\"valueName\":\"search_term_string\"}}],\"inLanguage\":\"en-US\"}]}<\/script>\n<!-- \/ Yoast SEO plugin. -->","yoast_head_json":{"title":"Koupit Phenida 10mg pilulky - nejlep\u0161\u00ed nejlep\u0161\u00ed glob\u00e1ln\u00ed l\u00e9ky","description":"Koupit Phenida 10mg pilulky online. voln\u011b prodejn\u00e9 pr\u00e1\u0161ky na span\u00ed, pr\u00e1\u0161ky na objedn\u00e1vku online, steroidn\u00ed pr\u00e1\u0161ky na prodej, siln\u00e9 pr\u00e1\u0161ky na span\u00ed, l\u00e9ky proti bolesti, online l\u00e9k\u00e1rna uk.","robots":{"index":"index","follow":"follow","max-snippet":"max-snippet:-1","max-image-preview":"max-image-preview:large","max-video-preview":"max-video-preview:-1"},"canonical":"https:\/\/medicinasinc.com\/cs\/product\/koupit-pilulky-phenida-10mg\/","og_locale":"en_US","og_type":"article","og_title":"Koupit Phenida 10mg pilulky - nejlep\u0161\u00ed nejlep\u0161\u00ed glob\u00e1ln\u00ed l\u00e9ky","og_description":"Koupit Phenida 10mg pilulky online. voln\u011b prodejn\u00e9 pr\u00e1\u0161ky na span\u00ed, pr\u00e1\u0161ky na objedn\u00e1vku online, steroidn\u00ed pr\u00e1\u0161ky na prodej, siln\u00e9 pr\u00e1\u0161ky na span\u00ed, l\u00e9ky proti bolesti, online l\u00e9k\u00e1rna uk.","og_url":"https:\/\/medicinasinc.com\/cs\/product\/koupit-pilulky-phenida-10mg\/","og_site_name":"Medicinas Inc","article_modified_time":"2022-03-14T12:18:00+00:00","og_image":[{"width":600,"height":600,"url":"https:\/\/medicinasinc.com\/cs\/wp-content\/uploads\/sites\/2\/2022\/02\/buy-phenida-10mg-pills-online.jpg","type":"image\/jpeg"}],"twitter_card":"summary_large_image","twitter_misc":{"Est. reading time":"2 minutes"},"schema":{"@context":"https:\/\/schema.org","@graph":[{"@type":"WebPage","@id":"https:\/\/medicinasinc.com\/cs\/product\/koupit-pilulky-phenida-10mg\/","url":"https:\/\/medicinasinc.com\/cs\/product\/koupit-pilulky-phenida-10mg\/","name":"Koupit Phenida 10mg pilulky - nejlep\u0161\u00ed nejlep\u0161\u00ed glob\u00e1ln\u00ed l\u00e9ky","isPartOf":{"@id":"https:\/\/medicinasinc.com\/cs\/#website"},"primaryImageOfPage":{"@id":"https:\/\/medicinasinc.com\/cs\/product\/koupit-pilulky-phenida-10mg\/#primaryimage"},"image":{"@id":"https:\/\/medicinasinc.com\/cs\/product\/koupit-pilulky-phenida-10mg\/#primaryimage"},"thumbnailUrl":"https:\/\/medicinasinc.com\/cs\/wp-content\/uploads\/sites\/2\/2022\/02\/buy-phenida-10mg-pills-online.jpg","datePublished":"2022-02-21T18:20:49+00:00","dateModified":"2022-03-14T12:18:00+00:00","description":"Koupit Phenida 10mg pilulky online. voln\u011b prodejn\u00e9 pr\u00e1\u0161ky na span\u00ed, pr\u00e1\u0161ky na objedn\u00e1vku online, steroidn\u00ed pr\u00e1\u0161ky na prodej, siln\u00e9 pr\u00e1\u0161ky na span\u00ed, l\u00e9ky proti bolesti, online l\u00e9k\u00e1rna uk.","breadcrumb":{"@id":"https:\/\/medicinasinc.com\/cs\/product\/koupit-pilulky-phenida-10mg\/#breadcrumb"},"inLanguage":"en-US","potentialAction":[{"@type":"ReadAction","target":["https:\/\/medicinasinc.com\/cs\/product\/koupit-pilulky-phenida-10mg\/"]}]},{"@type":"ImageObject","inLanguage":"en-US","@id":"https:\/\/medicinasinc.com\/cs\/product\/koupit-pilulky-phenida-10mg\/#primaryimage","url":"https:\/\/medicinasinc.com\/cs\/wp-content\/uploads\/sites\/2\/2022\/02\/buy-phenida-10mg-pills-online.jpg","contentUrl":"https:\/\/medicinasinc.com\/cs\/wp-content\/uploads\/sites\/2\/2022\/02\/buy-phenida-10mg-pills-online.jpg","width":600,"height":600},{"@type":"BreadcrumbList","@id":"https:\/\/medicinasinc.com\/cs\/product\/koupit-pilulky-phenida-10mg\/#breadcrumb","itemListElement":[{"@type":"ListItem","position":1,"name":"Obchod","item":"https:\/\/medicinasinc.com\/cs\/obchod\/"},{"@type":"ListItem","position":2,"name":"Koupit Phenida 10mg pilulky"}]},{"@type":"WebSite","@id":"https:\/\/medicinasinc.com\/cs\/#website","url":"https:\/\/medicinasinc.com\/cs\/","name":"Medicinas Inc","description":"Health Medical Clinic","potentialAction":[{"@type":"SearchAction","target":{"@type":"EntryPoint","urlTemplate":"https:\/\/medicinasinc.com\/cs\/?s={search_term_string}"},"query-input":{"@type":"PropertyValueSpecification","valueRequired":true,"valueName":"search_term_string"}}],"inLanguage":"en-US"}]}},"_links":{"self":[{"href":"https:\/\/medicinasinc.com\/cs\/wp-json\/wp\/v2\/product\/5296","targetHints":{"allow":["GET"]}}],"collection":[{"href":"https:\/\/medicinasinc.com\/cs\/wp-json\/wp\/v2\/product"}],"about":[{"href":"https:\/\/medicinasinc.com\/cs\/wp-json\/wp\/v2\/types\/product"}],"replies":[{"embeddable":true,"href":"https:\/\/medicinasinc.com\/cs\/wp-json\/wp\/v2\/comments?post=5296"}],"wp:featuredmedia":[{"embeddable":true,"href":"https:\/\/medicinasinc.com\/cs\/wp-json\/wp\/v2\/media\/5307"}],"wp:attachment":[{"href":"https:\/\/medicinasinc.com\/cs\/wp-json\/wp\/v2\/media?parent=5296"}],"wp:term":[{"taxonomy":"product_brand","embeddable":true,"href":"https:\/\/medicinasinc.com\/cs\/wp-json\/wp\/v2\/product_brand?post=5296"},{"taxonomy":"product_cat","embeddable":true,"href":"https:\/\/medicinasinc.com\/cs\/wp-json\/wp\/v2\/product_cat?post=5296"},{"taxonomy":"product_tag","embeddable":true,"href":"https:\/\/medicinasinc.com\/cs\/wp-json\/wp\/v2\/product_tag?post=5296"}],"curies":[{"name":"wp","href":"https:\/\/api.w.org\/{rel}","templated":true}]}}