{"id":5295,"date":"2022-02-21T18:18:17","date_gmt":"2022-02-21T18:18:17","guid":{"rendered":"https:\/\/medicinasinc.com\/cs\/?post_type=product&#038;p=5295"},"modified":"2022-03-14T12:20:29","modified_gmt":"2022-03-14T12:20:29","slug":"koupit-percocet-10mg-pilulky","status":"publish","type":"product","link":"https:\/\/medicinasinc.com\/cs\/product\/koupit-percocet-10mg-pilulky\/","title":{"rendered":"Kupte si pilulky Percocet 10mg"},"content":{"rendered":"<h1 style=\"text-align: center\">Kupte si Percocet 10mg pilulky online.<\/h1>\n<div class=\"Section\" style=\"text-align: center\">\n<h1>POPIS<\/h1>\n<p class=\"First\"><span class=\"Bold\">Oxykodon hydrochlorid a acetaminofen jsou dostupn\u00e9 v tablet\u00e1ch pro peror\u00e1ln\u00ed pod\u00e1n\u00ed.<\/span><\/p>\n<p>Ka\u017ed\u00e1 tableta pro peror\u00e1ln\u00ed pod\u00e1n\u00ed obsahuje oxykodon hydrochlorid a acetaminofen v n\u00e1sleduj\u00edc\u00edch sil\u00e1ch :<\/p>\n<p>Oxykodon hydrochlorid, USP\u00a0\u00a0\u00a0\u00a0\u00a0\u00a0\u00a0\u00a0\u00a0\u00a0\u00a0\u00a0 2,5 mg*<br \/> (*2,5 mg oxykodon hydrochloridu je ekvivalentn\u00ed 2,2409 mg oxykodonu.)\u00a0<br \/> Acetaminofen, USP\u00a0\u00a0\u00a0\u00a0\u00a0\u00a0\u00a05\u00a0\u00a0\u00a0\u00a0\u00a0\u00a0\u00a0\u00a0\u00a0\u00a0\u00a0\u00a0\u00a0\u00a0\u00a0\u00a0\u00a0\u00a0\u00a0\u00a0\u00a0\u00a0\u00a0\u00a0\u00a0\u00a0\u00a0\u00a0\u00a0\u00a0\u00a0\u00a0\u00a0\u00a0\u00a0\u00a0\u00a0\u00a0\u00a0\u00a0\u00a0\u00a0\u00a0\u00a0\u00a0\u00a0\u00a0\u00a0\u00a0\u00a0\u00a0\u00a0\u00a0\u00a0\u00a0\u00a0\u00a0\u00a0\u00a0\u00a0\u00a0\u00a0\u00a0\u00a0\u00a0\u00a0\u00a0\u00a0\u00a0\u00a0\u00a0\u00a0\u00a0\u00a0\u00a0\u00a0\u00a0\u00a0Oxykodon hydrochlorid, USP 5 mg * <br \/> (* 5 mg oxykodonu hydrochlorid je ekvivalentn\u00ed 4,4815 mg oxykodonu.) <br \/> Acetaminophen, USP 325 mg <\/p>\n<p> Oxykodon hydrochlorid, USP 7,5 mg * <br \/> (*7,5 mg oxykodon\u00a0hydrochloridu odpov\u00edd\u00e1 6,7228 mg oxykodonu.)<br \/> Acetaminofen, USP\u00a0\u00a0\u00a0\u00a0\u00a0\u00a0\u00a0\u00a0\u00a0\u00a0\u00a0\u00a0\u00a0\u00a0\u00a0 \u00a0\u00a0\u00a0\u00a0\u00a0\u00a0\u00a0\u00a0\u00a0\u00a0\u00a0\u00a0 325 mg<\/p>\n<p>Oxykodon H ydrochlorid, USP\u00a0\u00a0\u00a0\u00a0\u00a0\u00a0\u00a0\u00a0\u00a0\u00a0\u00a0\u00a0 10 mg*<br \/> (*10 mg oxykodon\u00a0hydrochloridu odpov\u00edd\u00e1 8,9637 mg oxykodonu.)<br \/> Acetaminofen, USP\u00a0\u00a0\u00a0\u00a0\u00a0\u00a0\u00a0\u00a0\u00a0\u00a0\u00a0\u00a0\u00a0\u00a0\u00a0\u00a0\u00a0\u00a0\u00a0\u00a0\u00a0\u00a0\u00a0\u00a0\u00a0\u00a0\u00a0\u00a0\u00a0\u00a0\u00a0\u00a0\u00a0\u00a0siln\u00e1\u00a0&gt;\u00a0cel\u00e1 s\u00edla 3 mg \u00a0\u00a0\u00a0\u00a0\u00a0\u00a0\u00a0&gt;\u00a0\u00a0\u00a0\u00a0\u00a0\u00a0\u00a0\u00a0\u00a0strong&gt; tak\u00e9 obsahuj\u00ed n\u00e1sleduj\u00edc\u00ed neaktivn\u00ed slo\u017eky: koloidn\u00ed oxid k\u0159emi\u010dit\u00fd, sodnou s\u016fl kroskarmel\u00f3zy, mikrokrystalickou celul\u00f3zu, povidon, p\u0159ed\u017eelatinovan\u00fd kuku\u0159i\u010dn\u00fd \u0161krob a kyselinu stearovou. M\u016f\u017ee tak\u00e9 obsahovat krospovidon. Krom\u011b toho, s\u00edla 2,5 mg\/325 mg obsahuje FD&amp;C Red No. 40 Aluminium Lake a s\u00edla 5 mg\/325 mg obsahuje FD&amp;C Blue \u010d. 1 Aluminium Lake. S\u00edla 7,5 mg\/325 mg obsahuje FD&amp;C Yellow No. 6 Aluminium Lake. S\u00edla 10 mg\/325 mg obsahuje D&amp;C Yellow No. 10 Aluminium Lake. S\u00edla 7,5 mg\/325 mg a s\u00edla 10 mg\/325 mg mohou tak\u00e9 obsahovat kuku\u0159i\u010dn\u00fd \u0161krob.<\/p>\n<p>Tablety oxykodon hydrochlorid a acetaminofen obsahuj\u00ed oxykodon, 14-hydroxydihydrokodeinon, polosyntetick\u00e9 opioidn\u00ed analgetikum, kter\u00e9 se vyskytuje jako b\u00edl\u00e1 a\u017e b\u00edl\u00e1 \u0161edob\u00edl\u00fd jemn\u00fd krystalick\u00fd pr\u00e1\u0161ek. Molekul\u00e1rn\u00ed vzorec oxykodon-hydrochloridu je C<span class=\"Sub\">18<\/span>H<span class=\"Sub\">21<\/span>NO<span class=\"Sub\">4<\/span>\u00a0\u2219 HCl a molekulov\u00e1 hmotnost je 351,82. Je odvozen z opiov\u00e9ho alkaloidu thebainu a m\u016f\u017ee b\u00fdt reprezentov\u00e1n n\u00e1sleduj\u00edc\u00edm strukturn\u00edm vzorcem:<\/p>\n<div class=\"Figure\"><img decoding=\"async\" src=\"https:\/\/www.endo.com\/Image%20Library \/Endo\/EndoPharma\/Products\/Prescribe_Information\/pert-oxy-and-apap-tab-usp-1.jpg\" alt=\"chemick\u00e1 struktura oxykodon hydrochloridu\" \/><\/div>\n<p>Tablety oxykodon hydrochlorid a acetaminofen obsahuj\u00ed acetaminofen, 4&#8242;-hydroxyacetanilid, je neopi\u00e1tov\u00e9, nesalicyl\u00e1tov\u00e9 analgetikum a antipyretikum, kter\u00e9 se vyskytuje jako b\u00edl\u00fd krystalick\u00fd pr\u00e1\u0161ek bez z\u00e1pachu. Molekul\u00e1rn\u00ed vzorec acetaminofenu je C<span class=\"Sub\">8<\/span>H<span class=\"Sub\">9<\/span>NO<span class=\"Sub\">2<\/span>\u00a0a molekulov\u00e1 hmotnost je 151,16. M\u016f\u017ee b\u00fdt reprezentov\u00e1n n\u00e1sleduj\u00edc\u00edm strukturn\u00edm vzorcem:<\/p>\n<div class=\"Figure\"><img decoding=\"async\" src=\"https:\/\/www.endo.com\/Image%20Library\/Endo\/EndoPharma\/Products\/Prescribe_Information\/pert -oxy-and-apap-tab-usp-2.jpg\" alt=\"Strukturn\u00ed vzorec acetaminofenu\" \/>&nbsp;<\/p>\n<p class=\"MultiMediaCaption\">Strukturn\u00ed vzorec acetaminofenu<\/p>\n<\/p><\/div><\/div>\n<div class=\"Section\" style=\"text-align: center\">\n<p>Ka\u017ed\u00e1 tableta pro peror\u00e1ln\u00ed pod\u00e1n\u00ed obsahuje oxykodon hydrochlorid a acetaminofen v n\u00e1sleduj\u00edc\u00edch sil\u00e1ch:<\/p>\n<p>Oxykodon hydrochlorid, USP\u00a02,5 mg*<br \/> Acetaminofen, USP 325 mg<br \/> *2,5 mg oxykodon HCl je ekvivalentn\u00ed 2,2409 mg oxykodonu.<\/p>\n<p>Oxykodon hydrochlorid, USP 5 mg*<br \/> Acetaminofen, USP 325 mg<br \/> *5 mg oxykodon HCl je ekvivalentn\u00ed 4,4815 mg oxykodonu.<\/p>\n<p>Oxykodon hydrochlorid, USP 7,5 mg*<br \/> Acetaminofen, USP 325 mg<br \/> *7,5 mg oxykodon HCl je ekvivalentn\u00ed 6,7228 mg oxykodonu.<\/p>\n<p>Oxykodon hydrochlorid, USP\u00a010 mg*<br \/> Acetami nophen, USP 325 mg<br \/> *10 mg oxykodonu HCl odpov\u00edd\u00e1 8,9637 mg oxykodonu.<\/p>\n<p>V\u0161echny s\u00edly p\u0159\u00edpravku PERCOCET tak\u00e9 obsahuj\u00ed n\u00e1sleduj\u00edc\u00ed neaktivn\u00ed slo\u017eky: Koloidn\u00ed oxid k\u0159emi\u010dit\u00fd, sodn\u00e1 s\u016fl kroskarmel\u00f3zy, krospovidon, mikrokrystalick\u00e1 celul\u00f3za, povidon, p\u0159edbobtnal\u00fd kuku\u0159i\u010dn\u00fd \u0161krob a kyselina stearov\u00e1. Krom\u011b toho, s\u00edla 2,5 mg\/325 mg obsahuje FD&amp;C Red No. 40 Aluminium Lake a s\u00edla 5 mg\/325 mg obsahuje FD&amp;C Blue \u010d. 1 Aluminium Lake. S\u00edla 7,5 mg\/325 mg obsahuje FD&amp;C Yellow No. 6 Aluminium Lake. S\u00edla 10 mg\/325 mg obsahuje D&amp;C Yellow No. 10 Aluminium Lake. Sily 7,5 mg\/325 mg a 10 mg\/325 mg mohou tak\u00e9 obsahovat kuku\u0159i\u010dn\u00fd \u0161krob.<\/p>\n<p>Oxykodon, 14-hydroxydihydrokodeinon, je polosyntetick\u00e9 opioidn\u00ed analgetikum, kter\u00e9 se vyskytuje jako b\u00edl\u00fd krystalick\u00fd pr\u00e1\u0161ek bez z\u00e1pachu s fyziologick\u00fdm roztokem , ho\u0159k\u00e1 chu\u0165. Molekul\u00e1rn\u00ed vzorec pro oxykodon hydrochlorid je C<sub>18<\/sub>H<sub>21<\/sub>NO<sub>4<\/sub>\u2022HCl a molekulov\u00e1 hmotnost je 351,82. Je odvozen z opiov\u00e9ho alkaloidu thebainu a m\u016f\u017ee b\u00fdt reprezentov\u00e1n n\u00e1sleduj\u00edc\u00edm strukturn\u00edm vzorcem:<\/p>\n<p>&nbsp;<\/p>\n<table class=\"blackpic\" width=\"256\" cellspacing=\"0\">\n<tbody>\n<tr>\n<td><img loading=\"lazy\" decoding=\"async\" title=\"Oxykodon - ilustrace strukturn\u00edho vzorce\" src=\"https:\/\/images.rxlist.com\/images\/rxlist\/oxyapap1.gif\" alt=\"Oxykodon - ilustrace strukturn\u00edho vzorce\" width=\"256\" height=\"154\" \/><\/td>\n<\/tr>\n<\/tbody>\n<\/table>\n<p>&nbsp;<\/p>\n<p>Acetaminofen, 4\u2032-hydroxyacetanilid, nen\u00ed -opi\u00e1t, nesalicyl\u00e1tov\u00e9 analgetikum a antipyretikum, kter\u00e9 se vyskytuje jako b\u00edl\u00fd krystalick\u00fd pr\u00e1\u0161ek bez z\u00e1pachu s m\u00edrn\u011b ho\u0159kou chut\u00ed. Molekul\u00e1rn\u00ed vzorec acetaminofenu je C<sub>8<\/sub>H<sub>9<\/sub>NO<sub>2<\/sub>\u00a0a\u00a0molekul\u00e1rn\u00ed hmotnost je 151,17. M\u016f\u017ee b\u00fdt reprezentov\u00e1n n\u00e1sleduj\u00edc\u00edm strukturn\u00edm vzorcem:<\/p>\n<p>&nbsp;<\/p>\n<table class=\"blackpic\" width=\"232\" cellspacing=\"0\">\n<tbody>\n<tr>\n<td> <img decoding=\"async\" title=\"Acetaminofen - ilustrace strukturn\u00edho vzorce\" src=\"https:\/\/images.rxlist.com\/images\/rxlist\/oxyapap2.gif\" alt=\"Acetaminofen - ilustrace strukturn\u00edho vzorce\" width=\"232\" height=\"106 \" \/><\/td>\n<\/tr>\n<\/tbody>\n<\/table><\/div>\n<p style=\"text-align: center\">Kupte si pilulky Percocet 10 mg online. K dispozici jsou tak\u00e9 dal\u0161\u00ed pilulky, jako je oxykodon. Voln\u011b prodejn\u00e9 pr\u00e1\u0161ky na span\u00ed na prodej za velmi n\u00edzk\u00e9 ceny.<\/p>\n<p style=\"text-align: center\"><strong>jak dlouho percocet z\u016fstane ve va\u0161em syst\u00e9mu, jak dlouho z\u016fstane percocet ve va\u0161em syst\u00e9mu , jak vypad\u00e1 percocet, jak se percocet c\u00edt\u00ed, jak dlouho z\u016fst\u00e1v\u00e1 percocet v mo\u010di, co je percocet, jak percocet vypad\u00e1, k \u010demu se percocet pou\u017e\u00edv\u00e1, jak si nechat p\u0159edepsat percocet, jak dlouho percocet pobyt v mo\u010di, co je v percocetu, jak dlouho percocet trv\u00e1, jak vypad\u00e1 percocet 10, jak dlouho trv\u00e1 vysazen\u00ed percocetu, jakou barvu m\u00e1 percocet, pro\u010d v\u00e1s percocet sv\u011bd\u00ed, co s v\u00e1mi percocet d\u011bl\u00e1, co jak vypad\u00e1 percocet high, jak vypadaj\u00ed pilulky percocet, kolik je percocet, jak vypad\u00e1 percocet 30, za kolik mohu prodat percocet 5 325, za kolik percocet se p\u0159ed\u00e1vkovat, co je siln\u011bj\u0161\u00ed norco nebo percocet, percocet sv\u011bd\u011bn\u00ed jak p\u0159estat, kolik percocet stoj\u00ed bez poji\u0161t\u011bn\u00ed, jak dlouho percocet high vydr\u017e\u00ed, jak dlouho z\u016fst\u00e1v\u00e1 percocet ve va\u0161em syst\u00e9mu, co je siln\u011bj\u0161\u00ed oxykodon nebo percocet, co je siln\u011bj\u0161\u00ed vicodin nebo percocet, kde percocet z\u00edskat, jak se c\u00edt\u00edte<\/strong><\/p>\n","protected":false},"excerpt":{"rendered":"<div class=\"woocommerce-product-details__short-description\">\n<p>Kupte si pilulky Percocet 10 mg online. Siln\u00e9 pr\u00e1\u0161ky na span\u00ed, l\u00e9ky proti bolesti, online l\u00e9k\u00e1rna uk, , pr\u00e1\u0161ky proti bolesti na prodej, l\u00e9ky na \u00falevu od bolesti, online n\u00e1kup l\u00e9k\u016f, online n\u00e1kup l\u00e9k\u016f proti bolesti, online n\u00e1kup l\u00e9k\u016f proti bolesti.<\/p>\n<\/p><\/div>\n","protected":false},"featured_media":5305,"comment_status":"open","ping_status":"closed","template":"","meta":[],"product_brand":[],"product_cat":[1117],"product_tag":[1721,1722,1724,1755,1725,1791,1761,1728,1727,1729,1776,1732,1730,1731,1790,1789,1788,1792,1762,1723,1734,1773,1736,1691,1738,1745,1739,1740,1741,1743,1742,1744,1746,1747,1748,1749,1750,1751,1752,1753,1754,1756,1758,1757,1759,1760,1765,1766,1767,1768,1771,1772,1770,1775,1764,1769,1779,1763,1777,1778,1780,1781,1782,1735,1785,1737,1783,1784,1733,1786,1726,1774,1787,1793],"class_list":{"0":"post-5295","1":"product","2":"type-product","3":"status-publish","4":"has-post-thumbnail","6":"product_cat-koupit-prasky-na-spani-bolest","7":"product_tag-30-mg-perkocet","8":"product_tag-5-mg-percocet","9":"product_tag-buy-percocet-online","10":"product_tag-percocet-5-325-cena","11":"product_tag-cheap-percocet-pills","12":"product_tag-co-je-percocet","13":"product_tag-percocet-dvkovn","14":"product_tag-fake-percocet-pills","15":"product_tag-falen-percocet","16":"product_tag-generick-percocet","17":"product_tag-percocet-poulin-hodnota","18":"product_tag-is-oxycodone-the-same-as-percocet","19":"product_tag-jak-dlouho-percocet-zstv-ve-vaem-systmu","20":"product_tag-jak-dlouho-percocet-zstv-ve-va-moi","21":"product_tag-jak-percocet-ct-jako","22":"product_tag-jak-vypad-percocet-jako","23":"product_tag-co-do-percocet-pilulky-vypadaj-jako","24":"product_tag-k-emu-se-percocet-pouv","25":"product_tag-percocet-droga","26":"product_tag-blue-percocet","27":"product_tag-molly-percocet","28":"product_tag-percocet-pilulky-obrzky","29":"product_tag-oxycontin-vs-percocet","30":"product_tag-oxykodon-vs-percocet","31":"product_tag-percocet-10","32":"product_tag-percocet-10-mg","33":"product_tag-percocet-10-images","34":"product_tag-percocet-10-lut","35":"product_tag-percocet-10-325","36":"product_tag-percocet-10-325-efectos-white","37":"product_tag-percocet-10-325-efekty","38":"product_tag-percocet-10-325-espanol","39":"product_tag-percocet-15","40":"product_tag-percocet-15-mg","41":"product_tag-percocet-20-mg","42":"product_tag-percocet-30","43":"product_tag-percocet-30-mg","44":"product_tag-percocet-325","45":"product_tag-percocet-5","46":"product_tag-percocet-5-mg","47":"product_tag-percocet-5-325","48":"product_tag-percocet-512","49":"product_tag-percocet-7-5-325-efekty","50":"product_tag-percocet-7-5","51":"product_tag-percocet-and-alcohol","52":"product_tag-percocet-and-xanax","53":"product_tag-percocet-high","54":"product_tag-percocet-in-spanish","55":"product_tag-percocet-molly","56":"product_tag-percocet-online","57":"product_tag-percocet-pills","58":"product_tag-percocet-pills-for-sale","59":"product_tag-percocet-pilulka","60":"product_tag-percocet-pse","61":"product_tag-percocet-pocit","62":"product_tag-percocet-pilulky-proti-bolesti","63":"product_tag-percocet-staen","64":"product_tag-percocet-efekty","65":"product_tag-percocet-vs-tramadol","66":"product_tag-percocet-vs-vicodin","67":"product_tag-pictures-of-percocet-pills","68":"product_tag-pilulky-kter-vypadaj-jako-percocet","69":"product_tag-pilulky-kter-vypadaj-jako-percocet-5mg","70":"product_tag-molly-percocet-song","71":"product_tag-street-value-of-percocet","72":"product_tag-prky-proti-bolesti-na-prodej-percocet","73":"product_tag-r-c5-z-c5-beov-c3-bd-percocet","74":"product_tag-side-effects-of-percocet","75":"product_tag-svdn-percocet","76":"product_tag-tramadol-vs-percocet","77":"product_tag-inky-of-percocet","78":"product_tag-percocet-vedlej-inky","79":"product_tag-vicodin-vs-percocet","80":"product_tag-ho-percoce","82":"first","83":"instock","84":"shipping-taxable","85":"purchasable","86":"product-type-variable","87":"has-default-attributes"},"yoast_head":"<!-- This site is optimized with the Yoast SEO plugin v27.3 - https:\/\/yoast.com\/product\/yoast-seo-wordpress\/ -->\n<title>Koupit Percocet 10mg pilulky - Nejlep\u0161\u00ed nejlep\u0161\u00ed glob\u00e1ln\u00ed l\u00e9ky<\/title>\n<meta name=\"description\" content=\"Koupit Percocet 10mg pilulky online. Siln\u00e9 pr\u00e1\u0161ky na span\u00ed, l\u00e9ky proti bolesti, online l\u00e9k\u00e1rna uk, , pr\u00e1\u0161ky proti bolesti na prodej, l\u00e9ky na \u00falevu od bolesti, online n\u00e1kup l\u00e9k\u016f, online n\u00e1kup l\u00e9k\u016f proti bolesti, online n\u00e1kup l\u00e9k\u016f proti bolesti.\" \/>\n<meta name=\"robots\" content=\"index, follow, max-snippet:-1, max-image-preview:large, max-video-preview:-1\" \/>\n<link rel=\"canonical\" href=\"https:\/\/medicinasinc.com\/cs\/product\/koupit-percocet-10mg-pilulky\/\" \/>\n<meta property=\"og:locale\" content=\"en_US\" \/>\n<meta property=\"og:type\" content=\"article\" \/>\n<meta property=\"og:title\" content=\"Koupit Percocet 10mg pilulky - Nejlep\u0161\u00ed nejlep\u0161\u00ed glob\u00e1ln\u00ed l\u00e9ky\" \/>\n<meta property=\"og:description\" content=\"Koupit Percocet 10mg pilulky online. Siln\u00e9 pr\u00e1\u0161ky na span\u00ed, l\u00e9ky proti bolesti, online l\u00e9k\u00e1rna uk, , pr\u00e1\u0161ky proti bolesti na prodej, l\u00e9ky na \u00falevu od bolesti, online n\u00e1kup l\u00e9k\u016f, online n\u00e1kup l\u00e9k\u016f proti bolesti, online n\u00e1kup l\u00e9k\u016f proti bolesti.\" \/>\n<meta property=\"og:url\" content=\"https:\/\/medicinasinc.com\/cs\/product\/koupit-percocet-10mg-pilulky\/\" \/>\n<meta property=\"og:site_name\" content=\"Medicinas Inc\" \/>\n<meta property=\"article:modified_time\" content=\"2022-03-14T12:20:29+00:00\" \/>\n<meta property=\"og:image\" content=\"https:\/\/medicinasinc.com\/cs\/wp-content\/uploads\/sites\/2\/2022\/02\/Buy-Percocet-10mg-pills.jpg\" \/>\n\t<meta property=\"og:image:width\" content=\"600\" \/>\n\t<meta property=\"og:image:height\" content=\"400\" \/>\n\t<meta property=\"og:image:type\" content=\"image\/jpeg\" \/>\n<meta name=\"twitter:card\" content=\"summary_large_image\" \/>\n<meta name=\"twitter:label1\" content=\"Est. reading time\" \/>\n\t<meta name=\"twitter:data1\" content=\"5 minutes\" \/>\n<script type=\"application\/ld+json\" class=\"yoast-schema-graph\">{\"@context\":\"https:\\\/\\\/schema.org\",\"@graph\":[{\"@type\":\"WebPage\",\"@id\":\"https:\\\/\\\/medicinasinc.com\\\/cs\\\/product\\\/koupit-percocet-10mg-pilulky\\\/\",\"url\":\"https:\\\/\\\/medicinasinc.com\\\/cs\\\/product\\\/koupit-percocet-10mg-pilulky\\\/\",\"name\":\"Koupit Percocet 10mg pilulky - Nejlep\u0161\u00ed nejlep\u0161\u00ed glob\u00e1ln\u00ed l\u00e9ky\",\"isPartOf\":{\"@id\":\"https:\\\/\\\/medicinasinc.com\\\/cs\\\/#website\"},\"primaryImageOfPage\":{\"@id\":\"https:\\\/\\\/medicinasinc.com\\\/cs\\\/product\\\/koupit-percocet-10mg-pilulky\\\/#primaryimage\"},\"image\":{\"@id\":\"https:\\\/\\\/medicinasinc.com\\\/cs\\\/product\\\/koupit-percocet-10mg-pilulky\\\/#primaryimage\"},\"thumbnailUrl\":\"https:\\\/\\\/medicinasinc.com\\\/cs\\\/wp-content\\\/uploads\\\/sites\\\/2\\\/2022\\\/02\\\/Buy-Percocet-10mg-pills.jpg\",\"datePublished\":\"2022-02-21T18:18:17+00:00\",\"dateModified\":\"2022-03-14T12:20:29+00:00\",\"description\":\"Koupit Percocet 10mg pilulky online. Siln\u00e9 pr\u00e1\u0161ky na span\u00ed, l\u00e9ky proti bolesti, online l\u00e9k\u00e1rna uk, , pr\u00e1\u0161ky proti bolesti na prodej, l\u00e9ky na \u00falevu od bolesti, online n\u00e1kup l\u00e9k\u016f, online n\u00e1kup l\u00e9k\u016f proti bolesti, online n\u00e1kup l\u00e9k\u016f proti bolesti.\",\"breadcrumb\":{\"@id\":\"https:\\\/\\\/medicinasinc.com\\\/cs\\\/product\\\/koupit-percocet-10mg-pilulky\\\/#breadcrumb\"},\"inLanguage\":\"en-US\",\"potentialAction\":[{\"@type\":\"ReadAction\",\"target\":[\"https:\\\/\\\/medicinasinc.com\\\/cs\\\/product\\\/koupit-percocet-10mg-pilulky\\\/\"]}]},{\"@type\":\"ImageObject\",\"inLanguage\":\"en-US\",\"@id\":\"https:\\\/\\\/medicinasinc.com\\\/cs\\\/product\\\/koupit-percocet-10mg-pilulky\\\/#primaryimage\",\"url\":\"https:\\\/\\\/medicinasinc.com\\\/cs\\\/wp-content\\\/uploads\\\/sites\\\/2\\\/2022\\\/02\\\/Buy-Percocet-10mg-pills.jpg\",\"contentUrl\":\"https:\\\/\\\/medicinasinc.com\\\/cs\\\/wp-content\\\/uploads\\\/sites\\\/2\\\/2022\\\/02\\\/Buy-Percocet-10mg-pills.jpg\",\"width\":600,\"height\":400},{\"@type\":\"BreadcrumbList\",\"@id\":\"https:\\\/\\\/medicinasinc.com\\\/cs\\\/product\\\/koupit-percocet-10mg-pilulky\\\/#breadcrumb\",\"itemListElement\":[{\"@type\":\"ListItem\",\"position\":1,\"name\":\"Obchod\",\"item\":\"https:\\\/\\\/medicinasinc.com\\\/cs\\\/obchod\\\/\"},{\"@type\":\"ListItem\",\"position\":2,\"name\":\"Kupte si pilulky Percocet 10mg\"}]},{\"@type\":\"WebSite\",\"@id\":\"https:\\\/\\\/medicinasinc.com\\\/cs\\\/#website\",\"url\":\"https:\\\/\\\/medicinasinc.com\\\/cs\\\/\",\"name\":\"Medicinas Inc\",\"description\":\"Health Medical Clinic\",\"potentialAction\":[{\"@type\":\"SearchAction\",\"target\":{\"@type\":\"EntryPoint\",\"urlTemplate\":\"https:\\\/\\\/medicinasinc.com\\\/cs\\\/?s={search_term_string}\"},\"query-input\":{\"@type\":\"PropertyValueSpecification\",\"valueRequired\":true,\"valueName\":\"search_term_string\"}}],\"inLanguage\":\"en-US\"}]}<\/script>\n<!-- \/ Yoast SEO plugin. -->","yoast_head_json":{"title":"Koupit Percocet 10mg pilulky - Nejlep\u0161\u00ed nejlep\u0161\u00ed glob\u00e1ln\u00ed l\u00e9ky","description":"Koupit Percocet 10mg pilulky online. Siln\u00e9 pr\u00e1\u0161ky na span\u00ed, l\u00e9ky proti bolesti, online l\u00e9k\u00e1rna uk, , pr\u00e1\u0161ky proti bolesti na prodej, l\u00e9ky na \u00falevu od bolesti, online n\u00e1kup l\u00e9k\u016f, online n\u00e1kup l\u00e9k\u016f proti bolesti, online n\u00e1kup l\u00e9k\u016f proti bolesti.","robots":{"index":"index","follow":"follow","max-snippet":"max-snippet:-1","max-image-preview":"max-image-preview:large","max-video-preview":"max-video-preview:-1"},"canonical":"https:\/\/medicinasinc.com\/cs\/product\/koupit-percocet-10mg-pilulky\/","og_locale":"en_US","og_type":"article","og_title":"Koupit Percocet 10mg pilulky - Nejlep\u0161\u00ed nejlep\u0161\u00ed glob\u00e1ln\u00ed l\u00e9ky","og_description":"Koupit Percocet 10mg pilulky online. Siln\u00e9 pr\u00e1\u0161ky na span\u00ed, l\u00e9ky proti bolesti, online l\u00e9k\u00e1rna uk, , pr\u00e1\u0161ky proti bolesti na prodej, l\u00e9ky na \u00falevu od bolesti, online n\u00e1kup l\u00e9k\u016f, online n\u00e1kup l\u00e9k\u016f proti bolesti, online n\u00e1kup l\u00e9k\u016f proti bolesti.","og_url":"https:\/\/medicinasinc.com\/cs\/product\/koupit-percocet-10mg-pilulky\/","og_site_name":"Medicinas Inc","article_modified_time":"2022-03-14T12:20:29+00:00","og_image":[{"width":600,"height":400,"url":"https:\/\/medicinasinc.com\/cs\/wp-content\/uploads\/sites\/2\/2022\/02\/Buy-Percocet-10mg-pills.jpg","type":"image\/jpeg"}],"twitter_card":"summary_large_image","twitter_misc":{"Est. reading time":"5 minutes"},"schema":{"@context":"https:\/\/schema.org","@graph":[{"@type":"WebPage","@id":"https:\/\/medicinasinc.com\/cs\/product\/koupit-percocet-10mg-pilulky\/","url":"https:\/\/medicinasinc.com\/cs\/product\/koupit-percocet-10mg-pilulky\/","name":"Koupit Percocet 10mg pilulky - Nejlep\u0161\u00ed nejlep\u0161\u00ed glob\u00e1ln\u00ed l\u00e9ky","isPartOf":{"@id":"https:\/\/medicinasinc.com\/cs\/#website"},"primaryImageOfPage":{"@id":"https:\/\/medicinasinc.com\/cs\/product\/koupit-percocet-10mg-pilulky\/#primaryimage"},"image":{"@id":"https:\/\/medicinasinc.com\/cs\/product\/koupit-percocet-10mg-pilulky\/#primaryimage"},"thumbnailUrl":"https:\/\/medicinasinc.com\/cs\/wp-content\/uploads\/sites\/2\/2022\/02\/Buy-Percocet-10mg-pills.jpg","datePublished":"2022-02-21T18:18:17+00:00","dateModified":"2022-03-14T12:20:29+00:00","description":"Koupit Percocet 10mg pilulky online. Siln\u00e9 pr\u00e1\u0161ky na span\u00ed, l\u00e9ky proti bolesti, online l\u00e9k\u00e1rna uk, , pr\u00e1\u0161ky proti bolesti na prodej, l\u00e9ky na \u00falevu od bolesti, online n\u00e1kup l\u00e9k\u016f, online n\u00e1kup l\u00e9k\u016f proti bolesti, online n\u00e1kup l\u00e9k\u016f proti bolesti.","breadcrumb":{"@id":"https:\/\/medicinasinc.com\/cs\/product\/koupit-percocet-10mg-pilulky\/#breadcrumb"},"inLanguage":"en-US","potentialAction":[{"@type":"ReadAction","target":["https:\/\/medicinasinc.com\/cs\/product\/koupit-percocet-10mg-pilulky\/"]}]},{"@type":"ImageObject","inLanguage":"en-US","@id":"https:\/\/medicinasinc.com\/cs\/product\/koupit-percocet-10mg-pilulky\/#primaryimage","url":"https:\/\/medicinasinc.com\/cs\/wp-content\/uploads\/sites\/2\/2022\/02\/Buy-Percocet-10mg-pills.jpg","contentUrl":"https:\/\/medicinasinc.com\/cs\/wp-content\/uploads\/sites\/2\/2022\/02\/Buy-Percocet-10mg-pills.jpg","width":600,"height":400},{"@type":"BreadcrumbList","@id":"https:\/\/medicinasinc.com\/cs\/product\/koupit-percocet-10mg-pilulky\/#breadcrumb","itemListElement":[{"@type":"ListItem","position":1,"name":"Obchod","item":"https:\/\/medicinasinc.com\/cs\/obchod\/"},{"@type":"ListItem","position":2,"name":"Kupte si pilulky Percocet 10mg"}]},{"@type":"WebSite","@id":"https:\/\/medicinasinc.com\/cs\/#website","url":"https:\/\/medicinasinc.com\/cs\/","name":"Medicinas Inc","description":"Health Medical Clinic","potentialAction":[{"@type":"SearchAction","target":{"@type":"EntryPoint","urlTemplate":"https:\/\/medicinasinc.com\/cs\/?s={search_term_string}"},"query-input":{"@type":"PropertyValueSpecification","valueRequired":true,"valueName":"search_term_string"}}],"inLanguage":"en-US"}]}},"_links":{"self":[{"href":"https:\/\/medicinasinc.com\/cs\/wp-json\/wp\/v2\/product\/5295","targetHints":{"allow":["GET"]}}],"collection":[{"href":"https:\/\/medicinasinc.com\/cs\/wp-json\/wp\/v2\/product"}],"about":[{"href":"https:\/\/medicinasinc.com\/cs\/wp-json\/wp\/v2\/types\/product"}],"replies":[{"embeddable":true,"href":"https:\/\/medicinasinc.com\/cs\/wp-json\/wp\/v2\/comments?post=5295"}],"wp:featuredmedia":[{"embeddable":true,"href":"https:\/\/medicinasinc.com\/cs\/wp-json\/wp\/v2\/media\/5305"}],"wp:attachment":[{"href":"https:\/\/medicinasinc.com\/cs\/wp-json\/wp\/v2\/media?parent=5295"}],"wp:term":[{"taxonomy":"product_brand","embeddable":true,"href":"https:\/\/medicinasinc.com\/cs\/wp-json\/wp\/v2\/product_brand?post=5295"},{"taxonomy":"product_cat","embeddable":true,"href":"https:\/\/medicinasinc.com\/cs\/wp-json\/wp\/v2\/product_cat?post=5295"},{"taxonomy":"product_tag","embeddable":true,"href":"https:\/\/medicinasinc.com\/cs\/wp-json\/wp\/v2\/product_tag?post=5295"}],"curies":[{"name":"wp","href":"https:\/\/api.w.org\/{rel}","templated":true}]}}