{"id":5294,"date":"2022-02-21T18:18:05","date_gmt":"2022-02-21T18:18:05","guid":{"rendered":"https:\/\/medicinasinc.com\/cs\/?post_type=product&#038;p=5294"},"modified":"2022-03-14T12:20:38","modified_gmt":"2022-03-14T12:20:38","slug":"buy-oxykodon-80-mg","status":"publish","type":"product","link":"https:\/\/medicinasinc.com\/cs\/product\/buy-oxykodon-80-mg\/","title":{"rendered":"Koupit Oxykodon 80 mg"},"content":{"rendered":"<div class=\"woocommerce-tabs wc-tabs-wrapper\">\n<div id=\"tab-description\" class=\"woocommerce-Tabs-panel woocommerce-Tabs-panel--description panel entry-content wc-tab\" style=\"text-align: center\" role=\"tabpanel\" aria-labelledby=\"tab-title-description\">\n<p>Online l\u00e9k\u00e1rna pro n\u00e1kup tablet oxycontin 80 mg.<\/p>\n<p>Online n\u00e1kup tablet Oxycodone 80 mg. Krom\u011b toho jsou k dispozici 40mg pilulky oxykodonu. Kupujte si u n\u00e1s pouze ty nejkvalitn\u011bj\u0161\u00ed l\u00e9ky.<\/p>\n<p>SOUHRN Oxykodon je opioidn\u00ed l\u00e9k proti bolesti pou\u017e\u00edvan\u00fd k l\u00e9\u010db\u011b st\u0159edn\u011b siln\u00e9 a\u017e siln\u00e9 bolesti.<br \/> N\u00c1ZVY ZNA\u010cEK<br \/> Endocet a Endodan jsou oba anti- l\u00e9ky na pr\u016fjem. Kv\u011bten 2009, p\u0159eformulovan\u00e9 Xolox, Xtampza, Nalocet, Oxaydo, Oxy.IR, Oxycontin, Oxyneo, Percocet, Prolate, Rivacocet, Roxicet, Roxicodone, Targin, Targiniq<br \/> OBECN\u011a<br \/> OBECN\u00c9 N\u00c1ZEV<br \/> \u010c\u00cdSLO DRU\u010cU79 DB04 ACCESS <br \/> SOUVISLOSTI<br \/> Oxykodon je semisyntetick\u00e9 opioidn\u00ed analgetikum, kter\u00e9 bylo vyvinuto v roce 1917 v N\u011bmecku z thebainu.<br \/> 3<br \/> Nyn\u00ed je schv\u00e1leno jako p\u0159\u00edpravek s okam\u017eit\u00fdm uvol\u0148ov\u00e1n\u00edm pro st\u0159edn\u011b silnou a\u017e silnou bolest a jako produkt s prodlou\u017een\u00fdm uvol\u0148ov\u00e1n\u00edm pro chronickou st\u0159edn\u011b silnou a\u017e silnou bolest, kter\u00e1 vy\u017eaduje kontinu\u00e1ln\u00ed opioidn\u00ed analgetika po del\u0161\u00ed dobu.<br \/> FDA schv\u00e1lila prvn\u00ed l\u00e9k obsahuj\u00edc\u00ed oxykodon, Percodan, 12. dubna 1950.<br \/> TYPY MAL\u00ddCH MOLEKUL<br \/> SKUPINY<br \/> Schv\u00e1len\u00e9, nez\u00e1konn\u00e9 a vy\u0161et\u0159uj\u00edc\u00ed<\/p>\n<\/p><\/div><\/div>\n","protected":false},"excerpt":{"rendered":"<p>Online n\u00e1kup tablet Oxycodone 80 mg.<\/p>\n<p>Online n\u00e1kup tablet Oxycodone 80 mg. Oxykodon 80 mg na prodej ve Spojen\u00e9m kr\u00e1lovstv\u00ed a Evrop\u011b. Nav\u00edc jsou k dispozici 80mg pilulky oxykodonu. Kupujte u n\u00e1s pouze ty nejkvalitn\u011bj\u0161\u00ed l\u00e9ky.<\/p>\n<p>Online n\u00e1kup tablet Oxycodone 80 mg. Nav\u00edc jsou k dispozici 80mg pilulky oxykodonu. Kupujte u n\u00e1s pouze ty nejkvalitn\u011bj\u0161\u00ed l\u00e9ky.<\/p>\n","protected":false},"featured_media":5303,"comment_status":"open","ping_status":"closed","template":"","meta":[],"product_brand":[],"product_cat":[1117],"product_tag":[1638,1640,1639,1717,1718,1719,1720,1698,1675,1716,1643,1644,1653,1654,1656,1709,1646,1647,1649,1650,1651,1652,1655,1705,1658,1663,1664,1665,1666,1671,1672,1673,1674,1678,1679,1684,1685,1686,1687,1688,1689,1693,1694,1696,1697,1056,1700,1701,1703,1704,1657,1659,1660,1661,1662,1667,1668,1669,1670,1680,1682,1683,1690,1691,1681,1692,1706,1707,1708,1677,1702,1710,1711,1712,1713,1645,1715,1699,1676,1714],"class_list":{"0":"post-5294","1":"product","2":"type-product","3":"status-publish","4":"has-post-thumbnail","6":"product_cat-koupit-prasky-na-spani-bolest","7":"product_tag-15-mg-oxykodon","8":"product_tag-20-mg-oxykodonu","9":"product_tag-20-mg-oxykodon","10":"product_tag-co-dl-oxykodon-dlat","11":"product_tag-co-je-oxy","12":"product_tag-co-je-oxymorfon","13":"product_tag-co-je-roxikodon","14":"product_tag-oxycontin-dvkovn","15":"product_tag-dvky-oxykodonu","16":"product_tag-druhy-lk-proti-bolesti","17":"product_tag-how-long-does-oxycodone-last","18":"product_tag-is-oxycodone-an-opioid","19":"product_tag-oxy-droga","20":"product_tag-oxy-drogy","21":"product_tag-kyslkov-pilulky","22":"product_tag-lky-proti-bolesti-na-pedpis","23":"product_tag-liquid-oxycontin","24":"product_tag-opioidn-lky-proti-bolesti","25":"product_tag-oxicodone","26":"product_tag-oxy","27":"product_tag-oxy-10","28":"product_tag-oxy-5-mg","29":"product_tag-oxy-pill","30":"product_tag-oxybavlna","31":"product_tag-oxycodon","32":"product_tag-oxycodone-15-mg","33":"product_tag-oxycodone-15mg","34":"product_tag-oxycodone-20-mg","35":"product_tag-oxycodone-20mg","36":"product_tag-oxycodone-addiction","37":"product_tag-oxycodone-and-alcohol","38":"product_tag-oxycodone-and-ibuprofen","39":"product_tag-oxycodone-and-tylenol","40":"product_tag-oxycodone-hcl","41":"product_tag-oxycodone-hcl-5-mg-tablet","42":"product_tag-oxycodone-immediate-release","43":"product_tag-oxycodone-ingredients","44":"product_tag-oxycodone-pill","45":"product_tag-oxycodone-pills","46":"product_tag-oxycodone-side-effects","47":"product_tag-oxycodone-uses","48":"product_tag-oxycodone-acetaminophen-5-325","49":"product_tag-oxycodone-apap","50":"product_tag-oxycontin","51":"product_tag-oxycontin-30-mg","52":"product_tag-oxycontin-80-mg","53":"product_tag-oxycontin-generic","54":"product_tag-oxycontin-ir","55":"product_tag-oxycontin-vs-oxykodon","56":"product_tag-oxycoton","57":"product_tag-oxykodin","58":"product_tag-oxykodon","59":"product_tag-oxykodon-10","60":"product_tag-oxykodon-10-mg","61":"product_tag-oxykodon-10-mg-r-c5-z-c5-beov-c3-bd","62":"product_tag-oxykodon-30-mg","63":"product_tag-oxykodon-5","64":"product_tag-oxykodon-5-325","65":"product_tag-oxykodon-5-mg","66":"product_tag-oxykodon-hcl-5-mg","67":"product_tag-oxykodon-hydrochlorid","68":"product_tag-oxykodon-hydrochlorid-5-mg","69":"product_tag-oxykodon-vs-oxycontin","70":"product_tag-oxykodon-vs-percocet","71":"product_tag-s-vysokm-obsahem-oxykodonu","72":"product_tag-oxykodon-acetaminofen","73":"product_tag-oxys","74":"product_tag-oxytocinov-pilulky","75":"product_tag-pilulka-20","76":"product_tag-polo-c4-8das-oxykodonu","77":"product_tag-pedvkovn-oxycontinem","78":"product_tag-roxicodone-vs-oxycodone","79":"product_tag-roxy-10","80":"product_tag-roxy-30s","81":"product_tag-roxy-droga","82":"product_tag-tlouka-oxykodon","83":"product_tag-typy-opioid","84":"product_tag-oxycontin-innost","85":"product_tag-oxykodony-c3-a9-c3-ba-c4-8dinky","86":"product_tag-vedlej-inky-oxykodonu","88":"first","89":"instock","90":"shipping-taxable","91":"purchasable","92":"product-type-variable","93":"has-default-attributes"},"yoast_head":"<!-- This site is optimized with the Yoast SEO plugin v27.3 - https:\/\/yoast.com\/product\/yoast-seo-wordpress\/ -->\n<title>Koupit Oxykodon 80 mg - Nejlep\u0161\u00ed nejlep\u0161\u00ed glob\u00e1ln\u00ed l\u00e9ky<\/title>\n<meta name=\"description\" content=\"Koupit Oxycodone 80mg pilulky online. Koupit Oxycodone 80mg na prodej Velk\u00e1 Brit\u00e1nie, Evropa. K dispozici jsou tak\u00e9 pilulky oxykodonu 80 mg. Kupte si u n\u00e1s ty nejkvalitn\u011bj\u0161\u00ed pilulky.\" \/>\n<meta name=\"robots\" content=\"index, follow, max-snippet:-1, max-image-preview:large, max-video-preview:-1\" \/>\n<link rel=\"canonical\" href=\"https:\/\/medicinasinc.com\/cs\/product\/buy-oxykodon-80-mg\/\" \/>\n<meta property=\"og:locale\" content=\"en_US\" \/>\n<meta property=\"og:type\" content=\"article\" \/>\n<meta property=\"og:title\" content=\"Koupit Oxykodon 80 mg - Nejlep\u0161\u00ed nejlep\u0161\u00ed glob\u00e1ln\u00ed l\u00e9ky\" \/>\n<meta property=\"og:description\" content=\"Koupit Oxycodone 80mg pilulky online. Koupit Oxycodone 80mg na prodej Velk\u00e1 Brit\u00e1nie, Evropa. K dispozici jsou tak\u00e9 pilulky oxykodonu 80 mg. Kupte si u n\u00e1s ty nejkvalitn\u011bj\u0161\u00ed pilulky.\" \/>\n<meta property=\"og:url\" content=\"https:\/\/medicinasinc.com\/cs\/product\/buy-oxykodon-80-mg\/\" \/>\n<meta property=\"og:site_name\" content=\"Medicinas Inc\" \/>\n<meta property=\"article:modified_time\" content=\"2022-03-14T12:20:38+00:00\" \/>\n<meta property=\"og:image\" content=\"https:\/\/medicinasinc.com\/cs\/wp-content\/uploads\/sites\/2\/2022\/02\/Buy-Oxycodone-80mg.jpg\" \/>\n\t<meta property=\"og:image:width\" content=\"600\" \/>\n\t<meta property=\"og:image:height\" content=\"514\" \/>\n\t<meta property=\"og:image:type\" content=\"image\/jpeg\" \/>\n<meta name=\"twitter:card\" content=\"summary_large_image\" \/>\n<meta name=\"twitter:label1\" content=\"Est. reading time\" \/>\n\t<meta name=\"twitter:data1\" content=\"1 minute\" \/>\n<script type=\"application\/ld+json\" class=\"yoast-schema-graph\">{\"@context\":\"https:\\\/\\\/schema.org\",\"@graph\":[{\"@type\":\"WebPage\",\"@id\":\"https:\\\/\\\/medicinasinc.com\\\/cs\\\/product\\\/buy-oxykodon-80-mg\\\/\",\"url\":\"https:\\\/\\\/medicinasinc.com\\\/cs\\\/product\\\/buy-oxykodon-80-mg\\\/\",\"name\":\"Koupit Oxykodon 80 mg - Nejlep\u0161\u00ed nejlep\u0161\u00ed glob\u00e1ln\u00ed l\u00e9ky\",\"isPartOf\":{\"@id\":\"https:\\\/\\\/medicinasinc.com\\\/cs\\\/#website\"},\"primaryImageOfPage\":{\"@id\":\"https:\\\/\\\/medicinasinc.com\\\/cs\\\/product\\\/buy-oxykodon-80-mg\\\/#primaryimage\"},\"image\":{\"@id\":\"https:\\\/\\\/medicinasinc.com\\\/cs\\\/product\\\/buy-oxykodon-80-mg\\\/#primaryimage\"},\"thumbnailUrl\":\"https:\\\/\\\/medicinasinc.com\\\/cs\\\/wp-content\\\/uploads\\\/sites\\\/2\\\/2022\\\/02\\\/Buy-Oxycodone-80mg.jpg\",\"datePublished\":\"2022-02-21T18:18:05+00:00\",\"dateModified\":\"2022-03-14T12:20:38+00:00\",\"description\":\"Koupit Oxycodone 80mg pilulky online. Koupit Oxycodone 80mg na prodej Velk\u00e1 Brit\u00e1nie, Evropa. K dispozici jsou tak\u00e9 pilulky oxykodonu 80 mg. Kupte si u n\u00e1s ty nejkvalitn\u011bj\u0161\u00ed pilulky.\",\"breadcrumb\":{\"@id\":\"https:\\\/\\\/medicinasinc.com\\\/cs\\\/product\\\/buy-oxykodon-80-mg\\\/#breadcrumb\"},\"inLanguage\":\"en-US\",\"potentialAction\":[{\"@type\":\"ReadAction\",\"target\":[\"https:\\\/\\\/medicinasinc.com\\\/cs\\\/product\\\/buy-oxykodon-80-mg\\\/\"]}]},{\"@type\":\"ImageObject\",\"inLanguage\":\"en-US\",\"@id\":\"https:\\\/\\\/medicinasinc.com\\\/cs\\\/product\\\/buy-oxykodon-80-mg\\\/#primaryimage\",\"url\":\"https:\\\/\\\/medicinasinc.com\\\/cs\\\/wp-content\\\/uploads\\\/sites\\\/2\\\/2022\\\/02\\\/Buy-Oxycodone-80mg.jpg\",\"contentUrl\":\"https:\\\/\\\/medicinasinc.com\\\/cs\\\/wp-content\\\/uploads\\\/sites\\\/2\\\/2022\\\/02\\\/Buy-Oxycodone-80mg.jpg\",\"width\":600,\"height\":514},{\"@type\":\"BreadcrumbList\",\"@id\":\"https:\\\/\\\/medicinasinc.com\\\/cs\\\/product\\\/buy-oxykodon-80-mg\\\/#breadcrumb\",\"itemListElement\":[{\"@type\":\"ListItem\",\"position\":1,\"name\":\"Obchod\",\"item\":\"https:\\\/\\\/medicinasinc.com\\\/cs\\\/obchod\\\/\"},{\"@type\":\"ListItem\",\"position\":2,\"name\":\"Koupit Oxykodon 80 mg\"}]},{\"@type\":\"WebSite\",\"@id\":\"https:\\\/\\\/medicinasinc.com\\\/cs\\\/#website\",\"url\":\"https:\\\/\\\/medicinasinc.com\\\/cs\\\/\",\"name\":\"Medicinas Inc\",\"description\":\"Health Medical Clinic\",\"potentialAction\":[{\"@type\":\"SearchAction\",\"target\":{\"@type\":\"EntryPoint\",\"urlTemplate\":\"https:\\\/\\\/medicinasinc.com\\\/cs\\\/?s={search_term_string}\"},\"query-input\":{\"@type\":\"PropertyValueSpecification\",\"valueRequired\":true,\"valueName\":\"search_term_string\"}}],\"inLanguage\":\"en-US\"}]}<\/script>\n<!-- \/ Yoast SEO plugin. -->","yoast_head_json":{"title":"Koupit Oxykodon 80 mg - Nejlep\u0161\u00ed nejlep\u0161\u00ed glob\u00e1ln\u00ed l\u00e9ky","description":"Koupit Oxycodone 80mg pilulky online. Koupit Oxycodone 80mg na prodej Velk\u00e1 Brit\u00e1nie, Evropa. K dispozici jsou tak\u00e9 pilulky oxykodonu 80 mg. Kupte si u n\u00e1s ty nejkvalitn\u011bj\u0161\u00ed pilulky.","robots":{"index":"index","follow":"follow","max-snippet":"max-snippet:-1","max-image-preview":"max-image-preview:large","max-video-preview":"max-video-preview:-1"},"canonical":"https:\/\/medicinasinc.com\/cs\/product\/buy-oxykodon-80-mg\/","og_locale":"en_US","og_type":"article","og_title":"Koupit Oxykodon 80 mg - Nejlep\u0161\u00ed nejlep\u0161\u00ed glob\u00e1ln\u00ed l\u00e9ky","og_description":"Koupit Oxycodone 80mg pilulky online. Koupit Oxycodone 80mg na prodej Velk\u00e1 Brit\u00e1nie, Evropa. K dispozici jsou tak\u00e9 pilulky oxykodonu 80 mg. Kupte si u n\u00e1s ty nejkvalitn\u011bj\u0161\u00ed pilulky.","og_url":"https:\/\/medicinasinc.com\/cs\/product\/buy-oxykodon-80-mg\/","og_site_name":"Medicinas Inc","article_modified_time":"2022-03-14T12:20:38+00:00","og_image":[{"width":600,"height":514,"url":"https:\/\/medicinasinc.com\/cs\/wp-content\/uploads\/sites\/2\/2022\/02\/Buy-Oxycodone-80mg.jpg","type":"image\/jpeg"}],"twitter_card":"summary_large_image","twitter_misc":{"Est. reading time":"1 minute"},"schema":{"@context":"https:\/\/schema.org","@graph":[{"@type":"WebPage","@id":"https:\/\/medicinasinc.com\/cs\/product\/buy-oxykodon-80-mg\/","url":"https:\/\/medicinasinc.com\/cs\/product\/buy-oxykodon-80-mg\/","name":"Koupit Oxykodon 80 mg - Nejlep\u0161\u00ed nejlep\u0161\u00ed glob\u00e1ln\u00ed l\u00e9ky","isPartOf":{"@id":"https:\/\/medicinasinc.com\/cs\/#website"},"primaryImageOfPage":{"@id":"https:\/\/medicinasinc.com\/cs\/product\/buy-oxykodon-80-mg\/#primaryimage"},"image":{"@id":"https:\/\/medicinasinc.com\/cs\/product\/buy-oxykodon-80-mg\/#primaryimage"},"thumbnailUrl":"https:\/\/medicinasinc.com\/cs\/wp-content\/uploads\/sites\/2\/2022\/02\/Buy-Oxycodone-80mg.jpg","datePublished":"2022-02-21T18:18:05+00:00","dateModified":"2022-03-14T12:20:38+00:00","description":"Koupit Oxycodone 80mg pilulky online. Koupit Oxycodone 80mg na prodej Velk\u00e1 Brit\u00e1nie, Evropa. K dispozici jsou tak\u00e9 pilulky oxykodonu 80 mg. Kupte si u n\u00e1s ty nejkvalitn\u011bj\u0161\u00ed pilulky.","breadcrumb":{"@id":"https:\/\/medicinasinc.com\/cs\/product\/buy-oxykodon-80-mg\/#breadcrumb"},"inLanguage":"en-US","potentialAction":[{"@type":"ReadAction","target":["https:\/\/medicinasinc.com\/cs\/product\/buy-oxykodon-80-mg\/"]}]},{"@type":"ImageObject","inLanguage":"en-US","@id":"https:\/\/medicinasinc.com\/cs\/product\/buy-oxykodon-80-mg\/#primaryimage","url":"https:\/\/medicinasinc.com\/cs\/wp-content\/uploads\/sites\/2\/2022\/02\/Buy-Oxycodone-80mg.jpg","contentUrl":"https:\/\/medicinasinc.com\/cs\/wp-content\/uploads\/sites\/2\/2022\/02\/Buy-Oxycodone-80mg.jpg","width":600,"height":514},{"@type":"BreadcrumbList","@id":"https:\/\/medicinasinc.com\/cs\/product\/buy-oxykodon-80-mg\/#breadcrumb","itemListElement":[{"@type":"ListItem","position":1,"name":"Obchod","item":"https:\/\/medicinasinc.com\/cs\/obchod\/"},{"@type":"ListItem","position":2,"name":"Koupit Oxykodon 80 mg"}]},{"@type":"WebSite","@id":"https:\/\/medicinasinc.com\/cs\/#website","url":"https:\/\/medicinasinc.com\/cs\/","name":"Medicinas Inc","description":"Health Medical Clinic","potentialAction":[{"@type":"SearchAction","target":{"@type":"EntryPoint","urlTemplate":"https:\/\/medicinasinc.com\/cs\/?s={search_term_string}"},"query-input":{"@type":"PropertyValueSpecification","valueRequired":true,"valueName":"search_term_string"}}],"inLanguage":"en-US"}]}},"_links":{"self":[{"href":"https:\/\/medicinasinc.com\/cs\/wp-json\/wp\/v2\/product\/5294","targetHints":{"allow":["GET"]}}],"collection":[{"href":"https:\/\/medicinasinc.com\/cs\/wp-json\/wp\/v2\/product"}],"about":[{"href":"https:\/\/medicinasinc.com\/cs\/wp-json\/wp\/v2\/types\/product"}],"replies":[{"embeddable":true,"href":"https:\/\/medicinasinc.com\/cs\/wp-json\/wp\/v2\/comments?post=5294"}],"wp:featuredmedia":[{"embeddable":true,"href":"https:\/\/medicinasinc.com\/cs\/wp-json\/wp\/v2\/media\/5303"}],"wp:attachment":[{"href":"https:\/\/medicinasinc.com\/cs\/wp-json\/wp\/v2\/media?parent=5294"}],"wp:term":[{"taxonomy":"product_brand","embeddable":true,"href":"https:\/\/medicinasinc.com\/cs\/wp-json\/wp\/v2\/product_brand?post=5294"},{"taxonomy":"product_cat","embeddable":true,"href":"https:\/\/medicinasinc.com\/cs\/wp-json\/wp\/v2\/product_cat?post=5294"},{"taxonomy":"product_tag","embeddable":true,"href":"https:\/\/medicinasinc.com\/cs\/wp-json\/wp\/v2\/product_tag?post=5294"}],"curies":[{"name":"wp","href":"https:\/\/api.w.org\/{rel}","templated":true}]}}