{"id":5293,"date":"2022-02-21T18:15:16","date_gmt":"2022-02-21T18:15:16","guid":{"rendered":"https:\/\/medicinasinc.com\/cs\/?post_type=product&#038;p=5293"},"modified":"2022-03-14T12:20:47","modified_gmt":"2022-03-14T12:20:47","slug":"koupit-oxykodon-40mg-pilulky","status":"publish","type":"product","link":"https:\/\/medicinasinc.com\/cs\/product\/koupit-oxykodon-40mg-pilulky\/","title":{"rendered":"Kupte si pilulky OxyCodone 40mg"},"content":{"rendered":"<p>Online n\u00e1kup tablet Oxycodone 40 mg.<\/p>\n<p>Online n\u00e1kup tablet Oxycodone 40 mg. Krom\u011b toho prod\u00e1v\u00e1me kodein. Po cel\u00e9m sv\u011bt\u011b se pou\u017e\u00edvaj\u00ed l\u00e9ky proti bolesti a dal\u0161\u00ed l\u00e9ky.<\/p>\n<p>Online l\u00e9k\u00e1rna pro n\u00e1kup tablet OxyCodone 40 mg.<\/p>\n<p>Zakoupit Oxycodone online | Koupit Oxykodon 40 mg bez l\u00e9ka\u0159sk\u00e9ho p\u0159edpisu<\/p>\n<p>Expresn\u00ed doru\u010den\u00ed m\u016f\u017eete z\u00edskat pomoc\u00ed kreditn\u00ed karty.<\/p>\n<p>Tento l\u00e9k se pou\u017e\u00edv\u00e1 k \u00falev\u011b od siln\u00e9, p\u0159etrv\u00e1vaj\u00edc\u00ed bolesti (nap\u0159. rakovina).<\/p>\n<p>Oxykodon je opioidn\u00ed analgetikum. Funguje tak, \u017ee m\u011bn\u00ed zp\u016fsob, jak\u00fdm va\u0161e t\u011blo vn\u00edm\u00e1 bolest v mozku a jak na ni reaguje.<\/p>\n<p>Vy\u0161\u0161\u00ed d\u00e1vky tohoto l\u00e9ku (v\u00edce ne\u017e 40 mg na tabletu) by m\u011bly b\u00fdt pou\u017eity pouze v p\u0159\u00edpad\u011b, \u017ee jste u\u017e\u00edvali st\u0159edn\u00ed a\u017e vysok\u00e9 d\u00e1vky pravideln\u011b u\u017e\u00edvat opioidn\u00ed l\u00e9ky proti bolesti. Tyto s\u00edly mohou m\u00edt za n\u00e1sledek p\u0159ed\u00e1vkov\u00e1n\u00ed (a mo\u017en\u00e1 i smrt), pokud je u\u017e\u00edv\u00e1 n\u011bkdo, kdo opioidy neu\u017e\u00edval trvale.<\/p>\n<p>Nepou\u017e\u00edvejte oxykodon s prodlou\u017een\u00fdm uvol\u0148ov\u00e1n\u00edm k l\u00e9\u010db\u011b bolesti, kter\u00e1 je minim\u00e1ln\u00ed nebo odezn\u00ed b\u011bhem p\u00e1r dn\u00ed. Tento l\u00e9k nen\u00ed ur\u010den k pou\u017eit\u00ed podle pot\u0159eby.<\/p>\n","protected":false},"excerpt":{"rendered":"<div class=\"woocommerce-product-details__short-description\">\n<p>Internetov\u00e1 l\u00e9k\u00e1rna k n\u00e1kupu tablet OxyCodone 40 mg. Koupit Oxykodon online | Koupit Oxycodone 40 mg bez l\u00e9ka\u0159sk\u00e9ho p\u0159edpisu M\u016f\u017eete z\u00edskat expresn\u00ed doru\u010den\u00ed pomoc\u00ed bankovn\u00edho p\u0159evodu.<\/p>\n<p>Nakupte Oxycodone 40mg Pills online ve Spojen\u00e9m kr\u00e1lovstv\u00ed a Evrop\u011b, objednejte si levn\u00e9 Oxycodone Pills online s&#8230; Tablety oxykodonu si m\u016f\u017eete zakoupit online bez l\u00e9ka\u0159sk\u00e9ho p\u0159edpisu (bez RX).<\/p>\n<\/p><\/div>\n","protected":false},"featured_media":5301,"comment_status":"open","ping_status":"closed","template":"","meta":[],"product_brand":[],"product_cat":[1117],"product_tag":[1638,1640,1639,1717,1718,1719,1720,1698,1675,1641,1642,1716,1643,1644,1653,1654,1656,1709,1646,1647,1648,1649,1650,1651,1652,1655,1705,1658,1663,1664,1665,1666,1671,1672,1673,1674,1678,1679,1684,1685,1686,1687,1688,1689,1693,1694,1695,1696,1697,1056,1700,1701,1703,1704,1657,1659,1660,1661,1662,1667,1668,1669,1670,1680,1682,1683,1690,1691,1681,1692,1706,1707,1708,1677,1702,1710,1711,1712,1713,1645,1715,1699,1676,1714],"class_list":{"0":"post-5293","1":"product","2":"type-product","3":"status-publish","4":"has-post-thumbnail","6":"product_cat-koupit-prasky-na-spani-bolest","7":"product_tag-15-mg-oxykodon","8":"product_tag-20-mg-oxykodonu","9":"product_tag-20-mg-oxykodon","10":"product_tag-co-dl-oxykodon-dlat","11":"product_tag-co-je-oxy","12":"product_tag-co-je-oxymorfon","13":"product_tag-co-je-roxikodon","14":"product_tag-oxycontin-dvkovn","15":"product_tag-dvky-oxykodonu","16":"product_tag-dihydrohydroxycodeinone","17":"product_tag-dihydroxycodeinone","18":"product_tag-druhy-lk-proti-bolesti","19":"product_tag-how-long-does-oxycodone-last","20":"product_tag-is-oxycodone-an-opioid","21":"product_tag-oxy-droga","22":"product_tag-oxy-drogy","23":"product_tag-kyslkov-pilulky","24":"product_tag-lky-proti-bolesti-na-pedpis","25":"product_tag-liquid-oxycontin","26":"product_tag-opioidn-lky-proti-bolesti","27":"product_tag-oxicodona","28":"product_tag-oxicodone","29":"product_tag-oxy","30":"product_tag-oxy-10","31":"product_tag-oxy-5-mg","32":"product_tag-oxy-pill","33":"product_tag-oxybavlna","34":"product_tag-oxycodon","35":"product_tag-oxycodone-15-mg","36":"product_tag-oxycodone-15mg","37":"product_tag-oxycodone-20-mg","38":"product_tag-oxycodone-20mg","39":"product_tag-oxycodone-addiction","40":"product_tag-oxycodone-and-alcohol","41":"product_tag-oxycodone-and-ibuprofen","42":"product_tag-oxycodone-and-tylenol","43":"product_tag-oxycodone-hcl","44":"product_tag-oxycodone-hcl-5-mg-tablet","45":"product_tag-oxycodone-immediate-release","46":"product_tag-oxycodone-ingredients","47":"product_tag-oxycodone-pill","48":"product_tag-oxycodone-pills","49":"product_tag-oxycodone-side-effects","50":"product_tag-oxycodone-uses","51":"product_tag-oxycodone-acetaminophen-5-325","52":"product_tag-oxycodone-apap","53":"product_tag-oxycodonum","54":"product_tag-oxycontin","55":"product_tag-oxycontin-30-mg","56":"product_tag-oxycontin-80-mg","57":"product_tag-oxycontin-generic","58":"product_tag-oxycontin-ir","59":"product_tag-oxycontin-vs-oxykodon","60":"product_tag-oxycoton","61":"product_tag-oxykodin","62":"product_tag-oxykodon","63":"product_tag-oxykodon-10","64":"product_tag-oxykodon-10-mg","65":"product_tag-oxykodon-10-mg-r-c5-z-c5-beov-c3-bd","66":"product_tag-oxykodon-30-mg","67":"product_tag-oxykodon-5","68":"product_tag-oxykodon-5-325","69":"product_tag-oxykodon-5-mg","70":"product_tag-oxykodon-hcl-5-mg","71":"product_tag-oxykodon-hydrochlorid","72":"product_tag-oxykodon-hydrochlorid-5-mg","73":"product_tag-oxykodon-vs-oxycontin","74":"product_tag-oxykodon-vs-percocet","75":"product_tag-s-vysokm-obsahem-oxykodonu","76":"product_tag-oxykodon-acetaminofen","77":"product_tag-oxys","78":"product_tag-oxytocinov-pilulky","79":"product_tag-pilulka-20","80":"product_tag-polo-c4-8das-oxykodonu","81":"product_tag-pedvkovn-oxycontinem","82":"product_tag-roxicodone-vs-oxycodone","83":"product_tag-roxy-10","84":"product_tag-roxy-30s","85":"product_tag-roxy-droga","86":"product_tag-tlouka-oxykodon","87":"product_tag-typy-opioid","88":"product_tag-oxycontin-innost","89":"product_tag-oxykodony-c3-a9-c3-ba-c4-8dinky","90":"product_tag-vedlej-inky-oxykodonu","92":"first","93":"instock","94":"shipping-taxable","95":"purchasable","96":"product-type-variable","97":"has-default-attributes"},"yoast_head":"<!-- This site is optimized with the Yoast SEO plugin v27.3 - https:\/\/yoast.com\/product\/yoast-seo-wordpress\/ -->\n<title>Koupit pilulky OxyCodone 40 mg - Nejlep\u0161\u00ed nejlep\u0161\u00ed glob\u00e1ln\u00ed l\u00e9ky<\/title>\n<meta name=\"description\" content=\"Koupit pilulky Oxycodone\u00a040 mg na prodej Velk\u00e1 Brit\u00e1nie, Evropa online,\u00a0Objednejte\u00a0levn\u011b\u00a0Pills\u00a0Oxycodone 40 mg online\u00a0s ... M\u016f\u017eete si\u00a0koupit online tablety oxykodonu\u00a0bez l\u00e9ka\u0159sk\u00e9ho p\u0159edpisu (bez RX).\" \/>\n<meta name=\"robots\" content=\"index, follow, max-snippet:-1, max-image-preview:large, max-video-preview:-1\" \/>\n<link rel=\"canonical\" href=\"https:\/\/medicinasinc.com\/cs\/product\/koupit-oxykodon-40mg-pilulky\/\" \/>\n<meta property=\"og:locale\" content=\"en_US\" \/>\n<meta property=\"og:type\" content=\"article\" \/>\n<meta property=\"og:title\" content=\"Koupit pilulky OxyCodone 40 mg - Nejlep\u0161\u00ed nejlep\u0161\u00ed glob\u00e1ln\u00ed l\u00e9ky\" \/>\n<meta property=\"og:description\" content=\"Koupit pilulky Oxycodone\u00a040 mg na prodej Velk\u00e1 Brit\u00e1nie, Evropa online,\u00a0Objednejte\u00a0levn\u011b\u00a0Pills\u00a0Oxycodone 40 mg online\u00a0s ... M\u016f\u017eete si\u00a0koupit online tablety oxykodonu\u00a0bez l\u00e9ka\u0159sk\u00e9ho p\u0159edpisu (bez RX).\" \/>\n<meta property=\"og:url\" content=\"https:\/\/medicinasinc.com\/cs\/product\/koupit-oxykodon-40mg-pilulky\/\" \/>\n<meta property=\"og:site_name\" content=\"Medicinas Inc\" \/>\n<meta property=\"article:modified_time\" content=\"2022-03-14T12:20:47+00:00\" \/>\n<meta property=\"og:image\" content=\"https:\/\/medicinasinc.com\/cs\/wp-content\/uploads\/sites\/2\/2022\/02\/Buy-OxyCodone-40mg.jpg\" \/>\n\t<meta property=\"og:image:width\" content=\"600\" \/>\n\t<meta property=\"og:image:height\" content=\"400\" \/>\n\t<meta property=\"og:image:type\" content=\"image\/jpeg\" \/>\n<meta name=\"twitter:card\" content=\"summary_large_image\" \/>\n<meta name=\"twitter:label1\" content=\"Est. reading time\" \/>\n\t<meta name=\"twitter:data1\" content=\"1 minute\" \/>\n<script type=\"application\/ld+json\" class=\"yoast-schema-graph\">{\"@context\":\"https:\\\/\\\/schema.org\",\"@graph\":[{\"@type\":\"WebPage\",\"@id\":\"https:\\\/\\\/medicinasinc.com\\\/cs\\\/product\\\/koupit-oxykodon-40mg-pilulky\\\/\",\"url\":\"https:\\\/\\\/medicinasinc.com\\\/cs\\\/product\\\/koupit-oxykodon-40mg-pilulky\\\/\",\"name\":\"Koupit pilulky OxyCodone 40 mg - Nejlep\u0161\u00ed nejlep\u0161\u00ed glob\u00e1ln\u00ed l\u00e9ky\",\"isPartOf\":{\"@id\":\"https:\\\/\\\/medicinasinc.com\\\/cs\\\/#website\"},\"primaryImageOfPage\":{\"@id\":\"https:\\\/\\\/medicinasinc.com\\\/cs\\\/product\\\/koupit-oxykodon-40mg-pilulky\\\/#primaryimage\"},\"image\":{\"@id\":\"https:\\\/\\\/medicinasinc.com\\\/cs\\\/product\\\/koupit-oxykodon-40mg-pilulky\\\/#primaryimage\"},\"thumbnailUrl\":\"https:\\\/\\\/medicinasinc.com\\\/cs\\\/wp-content\\\/uploads\\\/sites\\\/2\\\/2022\\\/02\\\/Buy-OxyCodone-40mg.jpg\",\"datePublished\":\"2022-02-21T18:15:16+00:00\",\"dateModified\":\"2022-03-14T12:20:47+00:00\",\"description\":\"Koupit pilulky Oxycodone\u00a040 mg na prodej Velk\u00e1 Brit\u00e1nie, Evropa online,\u00a0Objednejte\u00a0levn\u011b\u00a0Pills\u00a0Oxycodone 40 mg online\u00a0s ... M\u016f\u017eete si\u00a0koupit online tablety oxykodonu\u00a0bez l\u00e9ka\u0159sk\u00e9ho p\u0159edpisu (bez RX).\",\"breadcrumb\":{\"@id\":\"https:\\\/\\\/medicinasinc.com\\\/cs\\\/product\\\/koupit-oxykodon-40mg-pilulky\\\/#breadcrumb\"},\"inLanguage\":\"en-US\",\"potentialAction\":[{\"@type\":\"ReadAction\",\"target\":[\"https:\\\/\\\/medicinasinc.com\\\/cs\\\/product\\\/koupit-oxykodon-40mg-pilulky\\\/\"]}]},{\"@type\":\"ImageObject\",\"inLanguage\":\"en-US\",\"@id\":\"https:\\\/\\\/medicinasinc.com\\\/cs\\\/product\\\/koupit-oxykodon-40mg-pilulky\\\/#primaryimage\",\"url\":\"https:\\\/\\\/medicinasinc.com\\\/cs\\\/wp-content\\\/uploads\\\/sites\\\/2\\\/2022\\\/02\\\/Buy-OxyCodone-40mg.jpg\",\"contentUrl\":\"https:\\\/\\\/medicinasinc.com\\\/cs\\\/wp-content\\\/uploads\\\/sites\\\/2\\\/2022\\\/02\\\/Buy-OxyCodone-40mg.jpg\",\"width\":600,\"height\":400},{\"@type\":\"BreadcrumbList\",\"@id\":\"https:\\\/\\\/medicinasinc.com\\\/cs\\\/product\\\/koupit-oxykodon-40mg-pilulky\\\/#breadcrumb\",\"itemListElement\":[{\"@type\":\"ListItem\",\"position\":1,\"name\":\"Obchod\",\"item\":\"https:\\\/\\\/medicinasinc.com\\\/cs\\\/obchod\\\/\"},{\"@type\":\"ListItem\",\"position\":2,\"name\":\"Kupte si pilulky OxyCodone 40mg\"}]},{\"@type\":\"WebSite\",\"@id\":\"https:\\\/\\\/medicinasinc.com\\\/cs\\\/#website\",\"url\":\"https:\\\/\\\/medicinasinc.com\\\/cs\\\/\",\"name\":\"Medicinas Inc\",\"description\":\"Health Medical Clinic\",\"potentialAction\":[{\"@type\":\"SearchAction\",\"target\":{\"@type\":\"EntryPoint\",\"urlTemplate\":\"https:\\\/\\\/medicinasinc.com\\\/cs\\\/?s={search_term_string}\"},\"query-input\":{\"@type\":\"PropertyValueSpecification\",\"valueRequired\":true,\"valueName\":\"search_term_string\"}}],\"inLanguage\":\"en-US\"}]}<\/script>\n<!-- \/ Yoast SEO plugin. -->","yoast_head_json":{"title":"Koupit pilulky OxyCodone 40 mg - Nejlep\u0161\u00ed nejlep\u0161\u00ed glob\u00e1ln\u00ed l\u00e9ky","description":"Koupit pilulky Oxycodone\u00a040 mg na prodej Velk\u00e1 Brit\u00e1nie, Evropa online,\u00a0Objednejte\u00a0levn\u011b\u00a0Pills\u00a0Oxycodone 40 mg online\u00a0s ... M\u016f\u017eete si\u00a0koupit online tablety oxykodonu\u00a0bez l\u00e9ka\u0159sk\u00e9ho p\u0159edpisu (bez RX).","robots":{"index":"index","follow":"follow","max-snippet":"max-snippet:-1","max-image-preview":"max-image-preview:large","max-video-preview":"max-video-preview:-1"},"canonical":"https:\/\/medicinasinc.com\/cs\/product\/koupit-oxykodon-40mg-pilulky\/","og_locale":"en_US","og_type":"article","og_title":"Koupit pilulky OxyCodone 40 mg - Nejlep\u0161\u00ed nejlep\u0161\u00ed glob\u00e1ln\u00ed l\u00e9ky","og_description":"Koupit pilulky Oxycodone\u00a040 mg na prodej Velk\u00e1 Brit\u00e1nie, Evropa online,\u00a0Objednejte\u00a0levn\u011b\u00a0Pills\u00a0Oxycodone 40 mg online\u00a0s ... M\u016f\u017eete si\u00a0koupit online tablety oxykodonu\u00a0bez l\u00e9ka\u0159sk\u00e9ho p\u0159edpisu (bez RX).","og_url":"https:\/\/medicinasinc.com\/cs\/product\/koupit-oxykodon-40mg-pilulky\/","og_site_name":"Medicinas Inc","article_modified_time":"2022-03-14T12:20:47+00:00","og_image":[{"width":600,"height":400,"url":"https:\/\/medicinasinc.com\/cs\/wp-content\/uploads\/sites\/2\/2022\/02\/Buy-OxyCodone-40mg.jpg","type":"image\/jpeg"}],"twitter_card":"summary_large_image","twitter_misc":{"Est. reading time":"1 minute"},"schema":{"@context":"https:\/\/schema.org","@graph":[{"@type":"WebPage","@id":"https:\/\/medicinasinc.com\/cs\/product\/koupit-oxykodon-40mg-pilulky\/","url":"https:\/\/medicinasinc.com\/cs\/product\/koupit-oxykodon-40mg-pilulky\/","name":"Koupit pilulky OxyCodone 40 mg - Nejlep\u0161\u00ed nejlep\u0161\u00ed glob\u00e1ln\u00ed l\u00e9ky","isPartOf":{"@id":"https:\/\/medicinasinc.com\/cs\/#website"},"primaryImageOfPage":{"@id":"https:\/\/medicinasinc.com\/cs\/product\/koupit-oxykodon-40mg-pilulky\/#primaryimage"},"image":{"@id":"https:\/\/medicinasinc.com\/cs\/product\/koupit-oxykodon-40mg-pilulky\/#primaryimage"},"thumbnailUrl":"https:\/\/medicinasinc.com\/cs\/wp-content\/uploads\/sites\/2\/2022\/02\/Buy-OxyCodone-40mg.jpg","datePublished":"2022-02-21T18:15:16+00:00","dateModified":"2022-03-14T12:20:47+00:00","description":"Koupit pilulky Oxycodone\u00a040 mg na prodej Velk\u00e1 Brit\u00e1nie, Evropa online,\u00a0Objednejte\u00a0levn\u011b\u00a0Pills\u00a0Oxycodone 40 mg online\u00a0s ... M\u016f\u017eete si\u00a0koupit online tablety oxykodonu\u00a0bez l\u00e9ka\u0159sk\u00e9ho p\u0159edpisu (bez RX).","breadcrumb":{"@id":"https:\/\/medicinasinc.com\/cs\/product\/koupit-oxykodon-40mg-pilulky\/#breadcrumb"},"inLanguage":"en-US","potentialAction":[{"@type":"ReadAction","target":["https:\/\/medicinasinc.com\/cs\/product\/koupit-oxykodon-40mg-pilulky\/"]}]},{"@type":"ImageObject","inLanguage":"en-US","@id":"https:\/\/medicinasinc.com\/cs\/product\/koupit-oxykodon-40mg-pilulky\/#primaryimage","url":"https:\/\/medicinasinc.com\/cs\/wp-content\/uploads\/sites\/2\/2022\/02\/Buy-OxyCodone-40mg.jpg","contentUrl":"https:\/\/medicinasinc.com\/cs\/wp-content\/uploads\/sites\/2\/2022\/02\/Buy-OxyCodone-40mg.jpg","width":600,"height":400},{"@type":"BreadcrumbList","@id":"https:\/\/medicinasinc.com\/cs\/product\/koupit-oxykodon-40mg-pilulky\/#breadcrumb","itemListElement":[{"@type":"ListItem","position":1,"name":"Obchod","item":"https:\/\/medicinasinc.com\/cs\/obchod\/"},{"@type":"ListItem","position":2,"name":"Kupte si pilulky OxyCodone 40mg"}]},{"@type":"WebSite","@id":"https:\/\/medicinasinc.com\/cs\/#website","url":"https:\/\/medicinasinc.com\/cs\/","name":"Medicinas Inc","description":"Health Medical Clinic","potentialAction":[{"@type":"SearchAction","target":{"@type":"EntryPoint","urlTemplate":"https:\/\/medicinasinc.com\/cs\/?s={search_term_string}"},"query-input":{"@type":"PropertyValueSpecification","valueRequired":true,"valueName":"search_term_string"}}],"inLanguage":"en-US"}]}},"_links":{"self":[{"href":"https:\/\/medicinasinc.com\/cs\/wp-json\/wp\/v2\/product\/5293","targetHints":{"allow":["GET"]}}],"collection":[{"href":"https:\/\/medicinasinc.com\/cs\/wp-json\/wp\/v2\/product"}],"about":[{"href":"https:\/\/medicinasinc.com\/cs\/wp-json\/wp\/v2\/types\/product"}],"replies":[{"embeddable":true,"href":"https:\/\/medicinasinc.com\/cs\/wp-json\/wp\/v2\/comments?post=5293"}],"wp:featuredmedia":[{"embeddable":true,"href":"https:\/\/medicinasinc.com\/cs\/wp-json\/wp\/v2\/media\/5301"}],"wp:attachment":[{"href":"https:\/\/medicinasinc.com\/cs\/wp-json\/wp\/v2\/media?parent=5293"}],"wp:term":[{"taxonomy":"product_brand","embeddable":true,"href":"https:\/\/medicinasinc.com\/cs\/wp-json\/wp\/v2\/product_brand?post=5293"},{"taxonomy":"product_cat","embeddable":true,"href":"https:\/\/medicinasinc.com\/cs\/wp-json\/wp\/v2\/product_cat?post=5293"},{"taxonomy":"product_tag","embeddable":true,"href":"https:\/\/medicinasinc.com\/cs\/wp-json\/wp\/v2\/product_tag?post=5293"}],"curies":[{"name":"wp","href":"https:\/\/api.w.org\/{rel}","templated":true}]}}