{"id":5265,"date":"2022-02-20T22:55:20","date_gmt":"2022-02-20T22:55:20","guid":{"rendered":"https:\/\/medicinasinc.com\/cs\/?post_type=product&#038;p=5265"},"modified":"2022-03-14T12:20:56","modified_gmt":"2022-03-14T12:20:56","slug":"koupit-mogadon-nitrazepam-5mg-pilulky","status":"publish","type":"product","link":"https:\/\/medicinasinc.com\/cs\/product\/koupit-mogadon-nitrazepam-5mg-pilulky\/","title":{"rendered":"Koupit Mogadon Nitrazepam 5mg pilulky"},"content":{"rendered":"<p>Online n\u00e1kup pilulek Mogadon Nitrazepam 5 mg<br \/> Mogadon je u n\u00e1s v PocketPills 0,31 $ za pilulku. Mogadon m\u016f\u017ee b\u00fdt levn\u011bj\u0161\u00ed, pokud jej kryje va\u0161e poji\u0161t\u011bn\u00ed. Chcete-li z\u00edskat celou cenu Mogadonu, mus\u00edte nav\u00edc zahrnout n\u00e1klady na v\u00fddej a dopravu.<\/p>\n<p>Kolik stoj\u00ed poplatek za v\u00fddej Mogadonu?<\/p>\n<p>N\u00e1klady na v\u00fddej Mogadonu u n\u00e1s jsou jednodu\u0161e 7 USD . Pocketpills se v\u00e1m sna\u017e\u00ed poskytnout nejni\u017e\u0161\u00ed ceny Mogadonu v Kanad\u011b.<br \/> M\u011bjte na pam\u011bti, \u017ee na v\u0161echny objedn\u00e1vky po cel\u00e9m sv\u011bt\u011b poskytujeme DOPRAVU ZDARMA.<\/p>\n<div>\n<div>\n<div>\n<div class=\"margin- tl\">\n<div class=\"drugcontent-wrapper\">\n<div class=\"h4\">\n<ul>\n<li>Nezapome\u0148te, \u017ee v Kanad\u011b v\u00e1m nab\u00edz\u00edme dopravu ZDARMA.<\/li>\n<\/ul><\/div><\/div><\/div><\/div><\/div><\/div>\n<div class=\"product-next-previous\">\n<div class=\"product-prev\"><\/div><\/div>\n","protected":false},"excerpt":{"rendered":"<p>Mogadon Nitrazepam 5mg pilulky na prodej ve Spojen\u00e9m kr\u00e1lovstv\u00ed a Evrop\u011b. pot\u00ed\u017ee s us\u00edn\u00e1n\u00edm, opakovan\u00e9 buzen\u00ed b\u011bhem noci a probouzen\u00ed v \u010dasn\u00fdch rann\u00edch hodin\u00e1ch. Krom\u011b toho se pou\u017e\u00edv\u00e1 k monitorov\u00e1n\u00ed myoklonick\u00fdch z\u00e1chvat\u016f.<\/p>\n<p>Mogadon Buy Online &#8211; Pilulky nejvy\u0161\u0161\u00ed kvality Kupte si Nitrazepam online bez p\u0159edpisu, objednejte si a nechte si sv\u016fj Mogadon doru\u010dit do zahrani\u010d\u00ed prost\u0159ednictv\u00edm rychl\u00e9ho doru\u010den\u00ed.<\/p>\n<p>N\u00e1kup nitrazepam xr 30 mg<\/p>\n<p>koupit nitrazepam dod\u00e1n\u00ed p\u0159es noc n\u00e1kup nitrazepam bez l\u00e9ka\u0159sk\u00e9ho p\u0159edpisu online koupit nitrazepam v Kostarice, Evrop\u011b, Dubaji, \u010c\u00edn\u011b, Evropsk\u00e9 unii a po cel\u00e9m sv\u011bt\u011b. Tablety generick\u00e9ho nitrazepamu<\/p>\n","protected":false},"featured_media":5995,"comment_status":"open","ping_status":"closed","template":"","meta":[],"product_brand":[],"product_cat":[1117],"product_tag":[1629,1630,1631,1632,1634,1635,1636,1637,1633],"class_list":{"0":"post-5265","1":"product","2":"type-product","3":"status-publish","4":"has-post-thumbnail","6":"product_cat-koupit-prasky-na-spani-bolest","7":"product_tag-buy-nitrazepam-10mg-buy-mogadon-online-nitrazepam-5mg-for-sale-buy-mogadon-10mg","8":"product_tag-buy-cheap-mogadon-nitrazepam","9":"product_tag-mogadon-nitrazepam","10":"product_tag-mogadon-nitrazepam-jak-pestat","11":"product_tag-nitrazepam-mogadon","12":"product_tag-reddit-mogadon-nitrazepam","13":"product_tag-reddit-mogadon-nitrazepam-staen","14":"product_tag-reddit-nitrazepam-mogadon-staen","15":"product_tag-mogadon-nitrazepam-vysazen","17":"first","18":"instock","19":"shipping-taxable","20":"purchasable","21":"product-type-variable","22":"has-default-attributes"},"yoast_head":"<!-- This site is optimized with the Yoast SEO plugin v27.3 - https:\/\/yoast.com\/product\/yoast-seo-wordpress\/ -->\n<title>Koupit Mogadon Nitrazepam 5mg pilulky - Nejlep\u0161\u00ed glob\u00e1ln\u00ed l\u00e9ky<\/title>\n<meta name=\"description\" content=\"Koupit pilulky Mogadon Nitrazepam 5 mg na prodej Spojen\u00e9 kr\u00e1lovstv\u00ed, Evropa online. pot\u00ed\u017ee s p\u0159ikyvov\u00e1n\u00edm, po sob\u011b jdouc\u00ed vzru\u0161en\u00ed po celou noc a vzbuzen\u00ed brzy r\u00e1no. D\u00e1le se pou\u017e\u00edv\u00e1 k dohledu nad myoklonick\u00fdmi z\u00e1chvaty.\" \/>\n<meta name=\"robots\" content=\"index, follow, max-snippet:-1, max-image-preview:large, max-video-preview:-1\" \/>\n<link rel=\"canonical\" href=\"https:\/\/medicinasinc.com\/cs\/product\/koupit-mogadon-nitrazepam-5mg-pilulky\/\" \/>\n<meta property=\"og:locale\" content=\"en_US\" \/>\n<meta property=\"og:type\" content=\"article\" \/>\n<meta property=\"og:title\" content=\"Koupit Mogadon Nitrazepam 5mg pilulky - Nejlep\u0161\u00ed glob\u00e1ln\u00ed l\u00e9ky\" \/>\n<meta property=\"og:description\" content=\"Koupit pilulky Mogadon Nitrazepam 5 mg na prodej Spojen\u00e9 kr\u00e1lovstv\u00ed, Evropa online. pot\u00ed\u017ee s p\u0159ikyvov\u00e1n\u00edm, po sob\u011b jdouc\u00ed vzru\u0161en\u00ed po celou noc a vzbuzen\u00ed brzy r\u00e1no. D\u00e1le se pou\u017e\u00edv\u00e1 k dohledu nad myoklonick\u00fdmi z\u00e1chvaty.\" \/>\n<meta property=\"og:url\" content=\"https:\/\/medicinasinc.com\/cs\/product\/koupit-mogadon-nitrazepam-5mg-pilulky\/\" \/>\n<meta property=\"og:site_name\" content=\"Medicinas Inc\" \/>\n<meta property=\"article:modified_time\" content=\"2022-03-14T12:20:56+00:00\" \/>\n<meta property=\"og:image\" content=\"https:\/\/medicinasinc.com\/cs\/wp-content\/uploads\/sites\/2\/2022\/02\/Buy-Mogadon-Nitrazepam-5mg-pills.jpg\" \/>\n\t<meta property=\"og:image:width\" content=\"640\" \/>\n\t<meta property=\"og:image:height\" content=\"480\" \/>\n\t<meta property=\"og:image:type\" content=\"image\/jpeg\" \/>\n<meta name=\"twitter:card\" content=\"summary_large_image\" \/>\n<meta name=\"twitter:label1\" content=\"Est. reading time\" \/>\n\t<meta name=\"twitter:data1\" content=\"1 minute\" \/>\n<script type=\"application\/ld+json\" class=\"yoast-schema-graph\">{\"@context\":\"https:\\\/\\\/schema.org\",\"@graph\":[{\"@type\":\"WebPage\",\"@id\":\"https:\\\/\\\/medicinasinc.com\\\/cs\\\/product\\\/koupit-mogadon-nitrazepam-5mg-pilulky\\\/\",\"url\":\"https:\\\/\\\/medicinasinc.com\\\/cs\\\/product\\\/koupit-mogadon-nitrazepam-5mg-pilulky\\\/\",\"name\":\"Koupit Mogadon Nitrazepam 5mg pilulky - Nejlep\u0161\u00ed glob\u00e1ln\u00ed l\u00e9ky\",\"isPartOf\":{\"@id\":\"https:\\\/\\\/medicinasinc.com\\\/cs\\\/#website\"},\"primaryImageOfPage\":{\"@id\":\"https:\\\/\\\/medicinasinc.com\\\/cs\\\/product\\\/koupit-mogadon-nitrazepam-5mg-pilulky\\\/#primaryimage\"},\"image\":{\"@id\":\"https:\\\/\\\/medicinasinc.com\\\/cs\\\/product\\\/koupit-mogadon-nitrazepam-5mg-pilulky\\\/#primaryimage\"},\"thumbnailUrl\":\"https:\\\/\\\/medicinasinc.com\\\/cs\\\/wp-content\\\/uploads\\\/sites\\\/2\\\/2022\\\/02\\\/Buy-Mogadon-Nitrazepam-5mg-pills.jpg\",\"datePublished\":\"2022-02-20T22:55:20+00:00\",\"dateModified\":\"2022-03-14T12:20:56+00:00\",\"description\":\"Koupit pilulky Mogadon Nitrazepam 5 mg na prodej Spojen\u00e9 kr\u00e1lovstv\u00ed, Evropa online. pot\u00ed\u017ee s p\u0159ikyvov\u00e1n\u00edm, po sob\u011b jdouc\u00ed vzru\u0161en\u00ed po celou noc a vzbuzen\u00ed brzy r\u00e1no. D\u00e1le se pou\u017e\u00edv\u00e1 k dohledu nad myoklonick\u00fdmi z\u00e1chvaty.\",\"breadcrumb\":{\"@id\":\"https:\\\/\\\/medicinasinc.com\\\/cs\\\/product\\\/koupit-mogadon-nitrazepam-5mg-pilulky\\\/#breadcrumb\"},\"inLanguage\":\"en-US\",\"potentialAction\":[{\"@type\":\"ReadAction\",\"target\":[\"https:\\\/\\\/medicinasinc.com\\\/cs\\\/product\\\/koupit-mogadon-nitrazepam-5mg-pilulky\\\/\"]}]},{\"@type\":\"ImageObject\",\"inLanguage\":\"en-US\",\"@id\":\"https:\\\/\\\/medicinasinc.com\\\/cs\\\/product\\\/koupit-mogadon-nitrazepam-5mg-pilulky\\\/#primaryimage\",\"url\":\"https:\\\/\\\/medicinasinc.com\\\/cs\\\/wp-content\\\/uploads\\\/sites\\\/2\\\/2022\\\/02\\\/Buy-Mogadon-Nitrazepam-5mg-pills.jpg\",\"contentUrl\":\"https:\\\/\\\/medicinasinc.com\\\/cs\\\/wp-content\\\/uploads\\\/sites\\\/2\\\/2022\\\/02\\\/Buy-Mogadon-Nitrazepam-5mg-pills.jpg\",\"width\":640,\"height\":480,\"caption\":\"Buy Mogadon Nitrazepam 5mg pills\"},{\"@type\":\"BreadcrumbList\",\"@id\":\"https:\\\/\\\/medicinasinc.com\\\/cs\\\/product\\\/koupit-mogadon-nitrazepam-5mg-pilulky\\\/#breadcrumb\",\"itemListElement\":[{\"@type\":\"ListItem\",\"position\":1,\"name\":\"Obchod\",\"item\":\"https:\\\/\\\/medicinasinc.com\\\/cs\\\/obchod\\\/\"},{\"@type\":\"ListItem\",\"position\":2,\"name\":\"Koupit Mogadon Nitrazepam 5mg pilulky\"}]},{\"@type\":\"WebSite\",\"@id\":\"https:\\\/\\\/medicinasinc.com\\\/cs\\\/#website\",\"url\":\"https:\\\/\\\/medicinasinc.com\\\/cs\\\/\",\"name\":\"Medicinas Inc\",\"description\":\"Health Medical Clinic\",\"potentialAction\":[{\"@type\":\"SearchAction\",\"target\":{\"@type\":\"EntryPoint\",\"urlTemplate\":\"https:\\\/\\\/medicinasinc.com\\\/cs\\\/?s={search_term_string}\"},\"query-input\":{\"@type\":\"PropertyValueSpecification\",\"valueRequired\":true,\"valueName\":\"search_term_string\"}}],\"inLanguage\":\"en-US\"}]}<\/script>\n<!-- \/ Yoast SEO plugin. -->","yoast_head_json":{"title":"Koupit Mogadon Nitrazepam 5mg pilulky - Nejlep\u0161\u00ed glob\u00e1ln\u00ed l\u00e9ky","description":"Koupit pilulky Mogadon Nitrazepam 5 mg na prodej Spojen\u00e9 kr\u00e1lovstv\u00ed, Evropa online. pot\u00ed\u017ee s p\u0159ikyvov\u00e1n\u00edm, po sob\u011b jdouc\u00ed vzru\u0161en\u00ed po celou noc a vzbuzen\u00ed brzy r\u00e1no. D\u00e1le se pou\u017e\u00edv\u00e1 k dohledu nad myoklonick\u00fdmi z\u00e1chvaty.","robots":{"index":"index","follow":"follow","max-snippet":"max-snippet:-1","max-image-preview":"max-image-preview:large","max-video-preview":"max-video-preview:-1"},"canonical":"https:\/\/medicinasinc.com\/cs\/product\/koupit-mogadon-nitrazepam-5mg-pilulky\/","og_locale":"en_US","og_type":"article","og_title":"Koupit Mogadon Nitrazepam 5mg pilulky - Nejlep\u0161\u00ed glob\u00e1ln\u00ed l\u00e9ky","og_description":"Koupit pilulky Mogadon Nitrazepam 5 mg na prodej Spojen\u00e9 kr\u00e1lovstv\u00ed, Evropa online. pot\u00ed\u017ee s p\u0159ikyvov\u00e1n\u00edm, po sob\u011b jdouc\u00ed vzru\u0161en\u00ed po celou noc a vzbuzen\u00ed brzy r\u00e1no. D\u00e1le se pou\u017e\u00edv\u00e1 k dohledu nad myoklonick\u00fdmi z\u00e1chvaty.","og_url":"https:\/\/medicinasinc.com\/cs\/product\/koupit-mogadon-nitrazepam-5mg-pilulky\/","og_site_name":"Medicinas Inc","article_modified_time":"2022-03-14T12:20:56+00:00","og_image":[{"width":640,"height":480,"url":"https:\/\/medicinasinc.com\/cs\/wp-content\/uploads\/sites\/2\/2022\/02\/Buy-Mogadon-Nitrazepam-5mg-pills.jpg","type":"image\/jpeg"}],"twitter_card":"summary_large_image","twitter_misc":{"Est. reading time":"1 minute"},"schema":{"@context":"https:\/\/schema.org","@graph":[{"@type":"WebPage","@id":"https:\/\/medicinasinc.com\/cs\/product\/koupit-mogadon-nitrazepam-5mg-pilulky\/","url":"https:\/\/medicinasinc.com\/cs\/product\/koupit-mogadon-nitrazepam-5mg-pilulky\/","name":"Koupit Mogadon Nitrazepam 5mg pilulky - Nejlep\u0161\u00ed glob\u00e1ln\u00ed l\u00e9ky","isPartOf":{"@id":"https:\/\/medicinasinc.com\/cs\/#website"},"primaryImageOfPage":{"@id":"https:\/\/medicinasinc.com\/cs\/product\/koupit-mogadon-nitrazepam-5mg-pilulky\/#primaryimage"},"image":{"@id":"https:\/\/medicinasinc.com\/cs\/product\/koupit-mogadon-nitrazepam-5mg-pilulky\/#primaryimage"},"thumbnailUrl":"https:\/\/medicinasinc.com\/cs\/wp-content\/uploads\/sites\/2\/2022\/02\/Buy-Mogadon-Nitrazepam-5mg-pills.jpg","datePublished":"2022-02-20T22:55:20+00:00","dateModified":"2022-03-14T12:20:56+00:00","description":"Koupit pilulky Mogadon Nitrazepam 5 mg na prodej Spojen\u00e9 kr\u00e1lovstv\u00ed, Evropa online. pot\u00ed\u017ee s p\u0159ikyvov\u00e1n\u00edm, po sob\u011b jdouc\u00ed vzru\u0161en\u00ed po celou noc a vzbuzen\u00ed brzy r\u00e1no. D\u00e1le se pou\u017e\u00edv\u00e1 k dohledu nad myoklonick\u00fdmi z\u00e1chvaty.","breadcrumb":{"@id":"https:\/\/medicinasinc.com\/cs\/product\/koupit-mogadon-nitrazepam-5mg-pilulky\/#breadcrumb"},"inLanguage":"en-US","potentialAction":[{"@type":"ReadAction","target":["https:\/\/medicinasinc.com\/cs\/product\/koupit-mogadon-nitrazepam-5mg-pilulky\/"]}]},{"@type":"ImageObject","inLanguage":"en-US","@id":"https:\/\/medicinasinc.com\/cs\/product\/koupit-mogadon-nitrazepam-5mg-pilulky\/#primaryimage","url":"https:\/\/medicinasinc.com\/cs\/wp-content\/uploads\/sites\/2\/2022\/02\/Buy-Mogadon-Nitrazepam-5mg-pills.jpg","contentUrl":"https:\/\/medicinasinc.com\/cs\/wp-content\/uploads\/sites\/2\/2022\/02\/Buy-Mogadon-Nitrazepam-5mg-pills.jpg","width":640,"height":480,"caption":"Buy Mogadon Nitrazepam 5mg pills"},{"@type":"BreadcrumbList","@id":"https:\/\/medicinasinc.com\/cs\/product\/koupit-mogadon-nitrazepam-5mg-pilulky\/#breadcrumb","itemListElement":[{"@type":"ListItem","position":1,"name":"Obchod","item":"https:\/\/medicinasinc.com\/cs\/obchod\/"},{"@type":"ListItem","position":2,"name":"Koupit Mogadon Nitrazepam 5mg pilulky"}]},{"@type":"WebSite","@id":"https:\/\/medicinasinc.com\/cs\/#website","url":"https:\/\/medicinasinc.com\/cs\/","name":"Medicinas Inc","description":"Health Medical Clinic","potentialAction":[{"@type":"SearchAction","target":{"@type":"EntryPoint","urlTemplate":"https:\/\/medicinasinc.com\/cs\/?s={search_term_string}"},"query-input":{"@type":"PropertyValueSpecification","valueRequired":true,"valueName":"search_term_string"}}],"inLanguage":"en-US"}]}},"_links":{"self":[{"href":"https:\/\/medicinasinc.com\/cs\/wp-json\/wp\/v2\/product\/5265","targetHints":{"allow":["GET"]}}],"collection":[{"href":"https:\/\/medicinasinc.com\/cs\/wp-json\/wp\/v2\/product"}],"about":[{"href":"https:\/\/medicinasinc.com\/cs\/wp-json\/wp\/v2\/types\/product"}],"replies":[{"embeddable":true,"href":"https:\/\/medicinasinc.com\/cs\/wp-json\/wp\/v2\/comments?post=5265"}],"wp:featuredmedia":[{"embeddable":true,"href":"https:\/\/medicinasinc.com\/cs\/wp-json\/wp\/v2\/media\/5995"}],"wp:attachment":[{"href":"https:\/\/medicinasinc.com\/cs\/wp-json\/wp\/v2\/media?parent=5265"}],"wp:term":[{"taxonomy":"product_brand","embeddable":true,"href":"https:\/\/medicinasinc.com\/cs\/wp-json\/wp\/v2\/product_brand?post=5265"},{"taxonomy":"product_cat","embeddable":true,"href":"https:\/\/medicinasinc.com\/cs\/wp-json\/wp\/v2\/product_cat?post=5265"},{"taxonomy":"product_tag","embeddable":true,"href":"https:\/\/medicinasinc.com\/cs\/wp-json\/wp\/v2\/product_tag?post=5265"}],"curies":[{"name":"wp","href":"https:\/\/api.w.org\/{rel}","templated":true}]}}