{"id":5264,"date":"2022-02-20T22:53:05","date_gmt":"2022-02-20T22:53:05","guid":{"rendered":"https:\/\/medicinasinc.com\/cs\/?post_type=product&#038;p=5264"},"modified":"2022-03-14T12:21:10","modified_gmt":"2022-03-14T12:21:10","slug":"koupit-motrin-ibuprofen-600mg-pilulky","status":"publish","type":"product","link":"https:\/\/medicinasinc.com\/cs\/product\/koupit-motrin-ibuprofen-600mg-pilulky\/","title":{"rendered":"Koupit Motrin Ibuprofen 600mg pilulky"},"content":{"rendered":"<p>Motrin \u2013 Ibuprofen 600 mg pilulky lze zakoupit online.<br \/> Motrin Ibuprofen 600 mg pilulky lze zakoupit online.<\/p>\n<p>Ibuprofen 600 mg je dostupn\u00fd jako tableta. Je \u010dlenem t\u0159\u00eddy l\u00e9k\u016f zn\u00e1m\u00fdch jako NSAID \u2013 nesteroidn\u00ed protiz\u00e1n\u011btliv\u00e9 l\u00e9ky. Pou\u017e\u00edv\u00e1 se k l\u00e9\u010db\u011b osteoartr\u00f3zy, revmatoidn\u00ed artritidy, p\u00e1te\u0159n\u00ed artritidy, otok\u016f kloub\u016f, zmrzl\u00fdch ramen, burzitidy, tendinitidy, tenosynovitidy, diskomfortu v doln\u00ed \u010d\u00e1sti zad, podvrtnut\u00ed a nata\u017een\u00ed.<\/p>\n<p>Ibuprofen 600 mg tablety by se nem\u011bly pou\u017e\u00edvat pro d\u011bti. pohled a dosah. M\u011bl by b\u00fdt skladov\u00e1n v p\u016fvodn\u00edm obalu a uchov\u00e1v\u00e1n p\u0159i teplot\u011b ne vy\u0161\u0161\u00ed ne\u017e 25 stup\u0148\u016f Celsia.<\/p>\n","protected":false},"excerpt":{"rendered":"<div class=\"woocommerce-product-details__short-description\">\n<p>Pilulky Motrin \u2013 Ibuprofen 600 mg lze zakoupit online. Kupte si Ibuprofen online za extr\u00e9mn\u011b n\u00edzk\u00e9 n\u00e1klady. Velkoobchodn\u00ed objedn\u00e1vky maj\u00ed n\u00e1rok na dopravu zdarma. Pokud si chcete koupit l\u00e9ky na p\u0159edpis online bez l\u00e9ka\u0159sk\u00e9ho p\u0159edpisu, va\u0161e hled\u00e1n\u00ed je hotovo.<\/p>\n<p>Ibuprofen 600 mg je dostupn\u00fd ve form\u011b tablet. Je \u010dlenem t\u0159\u00eddy l\u00e9k\u016f zn\u00e1m\u00fdch jako NSAID &#8211; Nesteroidn\u00ed protiz\u00e1n\u011btliv\u00e9 l\u00e9ky.<\/p>\n<p>Ibuprofen 600 mg tablety, ibuprofen 600 mg na p\u0159edpis, ibuprofen 600 mg voln\u011b prodejn\u00fd, ibuprofen 600 mg d\u00e1vkov\u00e1n\u00ed pro dosp\u011bl\u00e9, ibuprofen 600 mg cena za pilulku, ibuprofen 600 mg boty, motrin 600 mg, 600 mg ibuprofen voln\u011b prodejn\u00fd uk<\/p>\n<\/p><\/div>\n","protected":false},"featured_media":5282,"comment_status":"open","ping_status":"closed","template":"","meta":[],"product_brand":[],"product_cat":[1117],"product_tag":[1571,1572,1573,1574,1576,1621,1583,1584,1588,1586,1589,1591,1590,1592,1593,1594,1595,1596,1587,1597,1585,1598,1600,1601,1602,1603,1604,1605,1606,1627,1628,1599,1607,1608,1609,1610,1575,1582,1580,1581,1611,1612,1613,1614,1617,1615,1616,1618,1619,1620,1622,1623,1624,1625,1626,1579,1577,1578],"class_list":{"0":"post-5264","1":"product","2":"type-product","3":"status-publish","4":"has-post-thumbnail","6":"product_cat-koupit-prasky-na-spani-bolest","7":"product_tag-600-mg-ibuprofen-voln-prodejn-uk","8":"product_tag-advil-motrin-ibuprofen","9":"product_tag-are-ibuprofen-and-motrin-the-same","10":"product_tag-are-ibuprofen-and-motrin-the-same-thing","11":"product_tag-are-motrin-and-ibuprofen-the-same-thing","12":"product_tag-motrin-ibuprofen-dvkovn","13":"product_tag-ibuprofen-200-mg-tablety","14":"product_tag-ibuprofen-600-mg-boots","15":"product_tag-ibuprofen-600-mg-cena-per-pilulka","16":"product_tag-ibuprofen-600-mg-voln-prodejn","17":"product_tag-ibuprofen-600mg-tablets","18":"product_tag-ibuprofen-a-motrin","19":"product_tag-ibuprofen-advil-motrin","20":"product_tag-ibuprofen-is-motrin","21":"product_tag-ibuprofen-motrin","22":"product_tag-ibuprofen-motrin-600-mg","23":"product_tag-ibuprofen-motrin-800-mg","24":"product_tag-ibuprofen-motrin-800mg","25":"product_tag-ibuprofen-600-mg-sla-na-pedpis","26":"product_tag-ibuprofen-stejn-jako-motrin","27":"product_tag-ibuprofen-600-mg-dvkovn-pro-dospl","28":"product_tag-ibuprofen-vs-motrin","29":"product_tag-is-ibuprofen-and-motrin-the-same-thing","30":"product_tag-is-ibuprofen-motrin","31":"product_tag-is-ibuprofen-the-same-as-motrin","32":"product_tag-is-motrin-and-ibuprofen-the-same","33":"product_tag-is-motrin-and-ibuprofen-the-same-thing","34":"product_tag-is-motrin-ibuprofen","35":"product_tag-is-motrin-ibuprofen-or-acetaminophen","36":"product_tag-jak-je-rozdl-mezi-ibuprofenem-a-motrinem","37":"product_tag-jak-je-rozdl-mezi-motrinem-a-ibuprofenem","38":"product_tag-je-ibuprofen-a-motrin-tot","39":"product_tag-is-motrin-like-ibuprofen","40":"product_tag-je-motrin-stejn-jako-ibuprofen","41":"product_tag-je-motrin-the-stejn-jako-ibuprofen","42":"product_tag-je-motrin-tot-co-ibuprofen","43":"product_tag-jsou-motrin-a-ibuprofen-tot","44":"product_tag-kolik-ibuprofenu-v-motrinu","45":"product_tag-m-motrin-m-ibuprofen","46":"product_tag-m-motrin-m-ibuprofen-in-it","47":"product_tag-motrin-600-mg","48":"product_tag-motrin-600-mg-vs-ibuprofen","49":"product_tag-motrin-800-vs-ibuprofen","50":"product_tag-motrin-a-ibuprofen","51":"product_tag-motrin-a-ibuprofen-dohromady","52":"product_tag-motrin-a-ibuprofen-tot","53":"product_tag-motrin-and-ibuprofen-the-same-thing","54":"product_tag-motrin-ib","55":"product_tag-motrin-ibuprofen","56":"product_tag-motrin-ibuprofen-200-mg","57":"product_tag-motrin-is-ibuprofen","58":"product_tag-motrin-the-stejn-jako-ibuprofen","59":"product_tag-motrin-versus-ibuprofen","60":"product_tag-motrin-vs-advil-vs-ibuprofen","61":"product_tag-motrin-vs-ibuprofen","62":"product_tag-obsahuje-motrin-ibuprofen","63":"product_tag-rozdl-mezi-ibuprofenem-a-motrinem","64":"product_tag-rozdl-mezi-motrinem-a-ibuprofenem","66":"first","67":"instock","68":"shipping-taxable","69":"purchasable","70":"product-type-variable","71":"has-default-attributes"},"yoast_head":"<!-- This site is optimized with the Yoast SEO plugin v27.3 - https:\/\/yoast.com\/product\/yoast-seo-wordpress\/ -->\n<title>Koupit Motrin Ibuprofen 600 mg pilulky - Nejlep\u0161\u00ed nejlep\u0161\u00ed glob\u00e1ln\u00ed l\u00e9ky<\/title>\n<meta name=\"description\" content=\"Koupit Motrin Ibuprofen 600 mg pilulky online. Kupte si Ibuprofen 600 mg online za velmi n\u00edzk\u00e9 ceny. Doprava zdarma u velkoobchodn\u00edch objedn\u00e1vek. Pokud jste cht\u011bli koupit l\u00e9ky online na p\u0159edpis zdarma, pak je va\u0161e hled\u00e1n\u00ed u konce.\" \/>\n<meta name=\"robots\" content=\"index, follow, max-snippet:-1, max-image-preview:large, max-video-preview:-1\" \/>\n<link rel=\"canonical\" href=\"https:\/\/medicinasinc.com\/cs\/product\/koupit-motrin-ibuprofen-600mg-pilulky\/\" \/>\n<meta property=\"og:locale\" content=\"en_US\" \/>\n<meta property=\"og:type\" content=\"article\" \/>\n<meta property=\"og:title\" content=\"Koupit Motrin Ibuprofen 600 mg pilulky - Nejlep\u0161\u00ed nejlep\u0161\u00ed glob\u00e1ln\u00ed l\u00e9ky\" \/>\n<meta property=\"og:description\" content=\"Koupit Motrin Ibuprofen 600 mg pilulky online. Kupte si Ibuprofen 600 mg online za velmi n\u00edzk\u00e9 ceny. Doprava zdarma u velkoobchodn\u00edch objedn\u00e1vek. Pokud jste cht\u011bli koupit l\u00e9ky online na p\u0159edpis zdarma, pak je va\u0161e hled\u00e1n\u00ed u konce.\" \/>\n<meta property=\"og:url\" content=\"https:\/\/medicinasinc.com\/cs\/product\/koupit-motrin-ibuprofen-600mg-pilulky\/\" \/>\n<meta property=\"og:site_name\" content=\"Medicinas Inc\" \/>\n<meta property=\"article:modified_time\" content=\"2022-03-14T12:21:10+00:00\" \/>\n<meta property=\"og:image\" content=\"https:\/\/medicinasinc.com\/cs\/wp-content\/uploads\/sites\/2\/2022\/02\/Buy-Motrin-Ibuprofen-600mg.jpg\" \/>\n\t<meta property=\"og:image:width\" content=\"1200\" \/>\n\t<meta property=\"og:image:height\" content=\"1200\" \/>\n\t<meta property=\"og:image:type\" content=\"image\/jpeg\" \/>\n<meta name=\"twitter:card\" content=\"summary_large_image\" \/>\n<meta name=\"twitter:label1\" content=\"Est. reading time\" \/>\n\t<meta name=\"twitter:data1\" content=\"1 minute\" \/>\n<script type=\"application\/ld+json\" class=\"yoast-schema-graph\">{\"@context\":\"https:\\\/\\\/schema.org\",\"@graph\":[{\"@type\":\"WebPage\",\"@id\":\"https:\\\/\\\/medicinasinc.com\\\/cs\\\/product\\\/koupit-motrin-ibuprofen-600mg-pilulky\\\/\",\"url\":\"https:\\\/\\\/medicinasinc.com\\\/cs\\\/product\\\/koupit-motrin-ibuprofen-600mg-pilulky\\\/\",\"name\":\"Koupit Motrin Ibuprofen 600 mg pilulky - Nejlep\u0161\u00ed nejlep\u0161\u00ed glob\u00e1ln\u00ed l\u00e9ky\",\"isPartOf\":{\"@id\":\"https:\\\/\\\/medicinasinc.com\\\/cs\\\/#website\"},\"primaryImageOfPage\":{\"@id\":\"https:\\\/\\\/medicinasinc.com\\\/cs\\\/product\\\/koupit-motrin-ibuprofen-600mg-pilulky\\\/#primaryimage\"},\"image\":{\"@id\":\"https:\\\/\\\/medicinasinc.com\\\/cs\\\/product\\\/koupit-motrin-ibuprofen-600mg-pilulky\\\/#primaryimage\"},\"thumbnailUrl\":\"https:\\\/\\\/medicinasinc.com\\\/cs\\\/wp-content\\\/uploads\\\/sites\\\/2\\\/2022\\\/02\\\/Buy-Motrin-Ibuprofen-600mg.jpg\",\"datePublished\":\"2022-02-20T22:53:05+00:00\",\"dateModified\":\"2022-03-14T12:21:10+00:00\",\"description\":\"Koupit Motrin Ibuprofen 600 mg pilulky online. Kupte si Ibuprofen 600 mg online za velmi n\u00edzk\u00e9 ceny. Doprava zdarma u velkoobchodn\u00edch objedn\u00e1vek. Pokud jste cht\u011bli koupit l\u00e9ky online na p\u0159edpis zdarma, pak je va\u0161e hled\u00e1n\u00ed u konce.\",\"breadcrumb\":{\"@id\":\"https:\\\/\\\/medicinasinc.com\\\/cs\\\/product\\\/koupit-motrin-ibuprofen-600mg-pilulky\\\/#breadcrumb\"},\"inLanguage\":\"en-US\",\"potentialAction\":[{\"@type\":\"ReadAction\",\"target\":[\"https:\\\/\\\/medicinasinc.com\\\/cs\\\/product\\\/koupit-motrin-ibuprofen-600mg-pilulky\\\/\"]}]},{\"@type\":\"ImageObject\",\"inLanguage\":\"en-US\",\"@id\":\"https:\\\/\\\/medicinasinc.com\\\/cs\\\/product\\\/koupit-motrin-ibuprofen-600mg-pilulky\\\/#primaryimage\",\"url\":\"https:\\\/\\\/medicinasinc.com\\\/cs\\\/wp-content\\\/uploads\\\/sites\\\/2\\\/2022\\\/02\\\/Buy-Motrin-Ibuprofen-600mg.jpg\",\"contentUrl\":\"https:\\\/\\\/medicinasinc.com\\\/cs\\\/wp-content\\\/uploads\\\/sites\\\/2\\\/2022\\\/02\\\/Buy-Motrin-Ibuprofen-600mg.jpg\",\"width\":1200,\"height\":1200},{\"@type\":\"BreadcrumbList\",\"@id\":\"https:\\\/\\\/medicinasinc.com\\\/cs\\\/product\\\/koupit-motrin-ibuprofen-600mg-pilulky\\\/#breadcrumb\",\"itemListElement\":[{\"@type\":\"ListItem\",\"position\":1,\"name\":\"Obchod\",\"item\":\"https:\\\/\\\/medicinasinc.com\\\/cs\\\/obchod\\\/\"},{\"@type\":\"ListItem\",\"position\":2,\"name\":\"Koupit Motrin Ibuprofen 600mg pilulky\"}]},{\"@type\":\"WebSite\",\"@id\":\"https:\\\/\\\/medicinasinc.com\\\/cs\\\/#website\",\"url\":\"https:\\\/\\\/medicinasinc.com\\\/cs\\\/\",\"name\":\"Medicinas Inc\",\"description\":\"Health Medical Clinic\",\"potentialAction\":[{\"@type\":\"SearchAction\",\"target\":{\"@type\":\"EntryPoint\",\"urlTemplate\":\"https:\\\/\\\/medicinasinc.com\\\/cs\\\/?s={search_term_string}\"},\"query-input\":{\"@type\":\"PropertyValueSpecification\",\"valueRequired\":true,\"valueName\":\"search_term_string\"}}],\"inLanguage\":\"en-US\"}]}<\/script>\n<!-- \/ Yoast SEO plugin. -->","yoast_head_json":{"title":"Koupit Motrin Ibuprofen 600 mg pilulky - Nejlep\u0161\u00ed nejlep\u0161\u00ed glob\u00e1ln\u00ed l\u00e9ky","description":"Koupit Motrin Ibuprofen 600 mg pilulky online. Kupte si Ibuprofen 600 mg online za velmi n\u00edzk\u00e9 ceny. Doprava zdarma u velkoobchodn\u00edch objedn\u00e1vek. Pokud jste cht\u011bli koupit l\u00e9ky online na p\u0159edpis zdarma, pak je va\u0161e hled\u00e1n\u00ed u konce.","robots":{"index":"index","follow":"follow","max-snippet":"max-snippet:-1","max-image-preview":"max-image-preview:large","max-video-preview":"max-video-preview:-1"},"canonical":"https:\/\/medicinasinc.com\/cs\/product\/koupit-motrin-ibuprofen-600mg-pilulky\/","og_locale":"en_US","og_type":"article","og_title":"Koupit Motrin Ibuprofen 600 mg pilulky - Nejlep\u0161\u00ed nejlep\u0161\u00ed glob\u00e1ln\u00ed l\u00e9ky","og_description":"Koupit Motrin Ibuprofen 600 mg pilulky online. Kupte si Ibuprofen 600 mg online za velmi n\u00edzk\u00e9 ceny. Doprava zdarma u velkoobchodn\u00edch objedn\u00e1vek. Pokud jste cht\u011bli koupit l\u00e9ky online na p\u0159edpis zdarma, pak je va\u0161e hled\u00e1n\u00ed u konce.","og_url":"https:\/\/medicinasinc.com\/cs\/product\/koupit-motrin-ibuprofen-600mg-pilulky\/","og_site_name":"Medicinas Inc","article_modified_time":"2022-03-14T12:21:10+00:00","og_image":[{"width":1200,"height":1200,"url":"https:\/\/medicinasinc.com\/cs\/wp-content\/uploads\/sites\/2\/2022\/02\/Buy-Motrin-Ibuprofen-600mg.jpg","type":"image\/jpeg"}],"twitter_card":"summary_large_image","twitter_misc":{"Est. reading time":"1 minute"},"schema":{"@context":"https:\/\/schema.org","@graph":[{"@type":"WebPage","@id":"https:\/\/medicinasinc.com\/cs\/product\/koupit-motrin-ibuprofen-600mg-pilulky\/","url":"https:\/\/medicinasinc.com\/cs\/product\/koupit-motrin-ibuprofen-600mg-pilulky\/","name":"Koupit Motrin Ibuprofen 600 mg pilulky - Nejlep\u0161\u00ed nejlep\u0161\u00ed glob\u00e1ln\u00ed l\u00e9ky","isPartOf":{"@id":"https:\/\/medicinasinc.com\/cs\/#website"},"primaryImageOfPage":{"@id":"https:\/\/medicinasinc.com\/cs\/product\/koupit-motrin-ibuprofen-600mg-pilulky\/#primaryimage"},"image":{"@id":"https:\/\/medicinasinc.com\/cs\/product\/koupit-motrin-ibuprofen-600mg-pilulky\/#primaryimage"},"thumbnailUrl":"https:\/\/medicinasinc.com\/cs\/wp-content\/uploads\/sites\/2\/2022\/02\/Buy-Motrin-Ibuprofen-600mg.jpg","datePublished":"2022-02-20T22:53:05+00:00","dateModified":"2022-03-14T12:21:10+00:00","description":"Koupit Motrin Ibuprofen 600 mg pilulky online. Kupte si Ibuprofen 600 mg online za velmi n\u00edzk\u00e9 ceny. Doprava zdarma u velkoobchodn\u00edch objedn\u00e1vek. Pokud jste cht\u011bli koupit l\u00e9ky online na p\u0159edpis zdarma, pak je va\u0161e hled\u00e1n\u00ed u konce.","breadcrumb":{"@id":"https:\/\/medicinasinc.com\/cs\/product\/koupit-motrin-ibuprofen-600mg-pilulky\/#breadcrumb"},"inLanguage":"en-US","potentialAction":[{"@type":"ReadAction","target":["https:\/\/medicinasinc.com\/cs\/product\/koupit-motrin-ibuprofen-600mg-pilulky\/"]}]},{"@type":"ImageObject","inLanguage":"en-US","@id":"https:\/\/medicinasinc.com\/cs\/product\/koupit-motrin-ibuprofen-600mg-pilulky\/#primaryimage","url":"https:\/\/medicinasinc.com\/cs\/wp-content\/uploads\/sites\/2\/2022\/02\/Buy-Motrin-Ibuprofen-600mg.jpg","contentUrl":"https:\/\/medicinasinc.com\/cs\/wp-content\/uploads\/sites\/2\/2022\/02\/Buy-Motrin-Ibuprofen-600mg.jpg","width":1200,"height":1200},{"@type":"BreadcrumbList","@id":"https:\/\/medicinasinc.com\/cs\/product\/koupit-motrin-ibuprofen-600mg-pilulky\/#breadcrumb","itemListElement":[{"@type":"ListItem","position":1,"name":"Obchod","item":"https:\/\/medicinasinc.com\/cs\/obchod\/"},{"@type":"ListItem","position":2,"name":"Koupit Motrin Ibuprofen 600mg pilulky"}]},{"@type":"WebSite","@id":"https:\/\/medicinasinc.com\/cs\/#website","url":"https:\/\/medicinasinc.com\/cs\/","name":"Medicinas Inc","description":"Health Medical Clinic","potentialAction":[{"@type":"SearchAction","target":{"@type":"EntryPoint","urlTemplate":"https:\/\/medicinasinc.com\/cs\/?s={search_term_string}"},"query-input":{"@type":"PropertyValueSpecification","valueRequired":true,"valueName":"search_term_string"}}],"inLanguage":"en-US"}]}},"_links":{"self":[{"href":"https:\/\/medicinasinc.com\/cs\/wp-json\/wp\/v2\/product\/5264","targetHints":{"allow":["GET"]}}],"collection":[{"href":"https:\/\/medicinasinc.com\/cs\/wp-json\/wp\/v2\/product"}],"about":[{"href":"https:\/\/medicinasinc.com\/cs\/wp-json\/wp\/v2\/types\/product"}],"replies":[{"embeddable":true,"href":"https:\/\/medicinasinc.com\/cs\/wp-json\/wp\/v2\/comments?post=5264"}],"wp:featuredmedia":[{"embeddable":true,"href":"https:\/\/medicinasinc.com\/cs\/wp-json\/wp\/v2\/media\/5282"}],"wp:attachment":[{"href":"https:\/\/medicinasinc.com\/cs\/wp-json\/wp\/v2\/media?parent=5264"}],"wp:term":[{"taxonomy":"product_brand","embeddable":true,"href":"https:\/\/medicinasinc.com\/cs\/wp-json\/wp\/v2\/product_brand?post=5264"},{"taxonomy":"product_cat","embeddable":true,"href":"https:\/\/medicinasinc.com\/cs\/wp-json\/wp\/v2\/product_cat?post=5264"},{"taxonomy":"product_tag","embeddable":true,"href":"https:\/\/medicinasinc.com\/cs\/wp-json\/wp\/v2\/product_tag?post=5264"}],"curies":[{"name":"wp","href":"https:\/\/api.w.org\/{rel}","templated":true}]}}