{"id":5263,"date":"2022-02-20T22:51:56","date_gmt":"2022-02-20T22:51:56","guid":{"rendered":"https:\/\/medicinasinc.com\/cs\/?post_type=product&#038;p=5263"},"modified":"2022-03-14T12:21:19","modified_gmt":"2022-03-14T12:21:19","slug":"buy-naze-2mg-klonazepam","status":"publish","type":"product","link":"https:\/\/medicinasinc.com\/cs\/product\/buy-naze-2mg-klonazepam\/","title":{"rendered":"Koupit Naze 2mg Clonazepam"},"content":{"rendered":"<p>Online n\u00e1kup tablet Naze 2 mg Clonazepam<\/p>\n<p>Clonazepam se pou\u017e\u00edv\u00e1 k l\u00e9\u010db\u011b z\u00e1chvat\u016f (epilepsie nebo z\u00e1chvaty) a neo\u010dek\u00e1van\u00fdch p\u0159\u00edhod siln\u00e9ho strachu, stejn\u011b jako \u00fazkosti z t\u011bchto z\u00e1chvat\u016f (panick\u00e1 porucha), s nebo bez hr\u016fza z ve\u0159ejn\u00fdch m\u00edst (agorafobie).<br \/> Clonazepam je \u010dlenem t\u0159\u00eddy l\u00e9k\u016f zn\u00e1m\u00fdch jako benzodiazepiny. P\u0159esn\u00e1 metoda p\u016fsoben\u00ed Clonazepamu nen\u00ed zn\u00e1ma; p\u0159edpokl\u00e1d\u00e1 se v\u0161ak, \u017ee zlep\u0161uje funkci sign\u00e1ln\u00ed chemick\u00e9 l\u00e1tky v mozku zvan\u00e9 kyselina gama-aminom\u00e1seln\u00e1 (GABA), kter\u00e1 pom\u00e1h\u00e1 zklidnit nadm\u011brnou elektrickou nervovou aktivitu zp\u016fsobuj\u00edc\u00ed z\u00e1chvaty (z\u00e1chvaty) a panick\u00e9 poruchy.<\/p>\n<p>Nakupte Naze (Clonazepam) 2 mg online bez l\u00e9ka\u0159sk\u00e9ho p\u0159edpisu z na\u0161eho obchodu prost\u0159ednictv\u00edm bankovn\u00edho p\u0159evodu. Diskr\u00e9tn\u00ed no\u010dn\u00ed p\u0159eprava je poskytov\u00e1na z Evropy, Spojen\u00e9ho kr\u00e1lovstv\u00ed a Spojen\u00fdch st\u00e1t\u016f.<\/p>\n<p>Pilulky Naze 2mg Clonazepam lze zakoupit online.<\/p>\n<p>U\u017e\u00edvejte klonazepam p\u0159esn\u011b podle pokyn\u016f sv\u00e9ho l\u00e9ka\u0159e.<\/p>\n<p>Naze\u00a0(Clonazepam)\u00a02 mg. Tablety Naze (Clonazepam) 2 mg m\u016f\u017eete z\u00edskat bez l\u00e9ka\u0159sk\u00e9ho p\u0159edpisu online (bez RX). Cena produktu je n\u00e1sleduj\u00edc\u00ed: za pilulku.<\/p>\n","protected":false},"excerpt":{"rendered":"<p>Nakupte Naze (Clonazepam) 2 mg online bez l\u00e9ka\u0159sk\u00e9ho p\u0159edpisu z na\u0161eho obchodu prost\u0159ednictv\u00edm bankovn\u00edho p\u0159evodu. Diskr\u00e9tn\u00ed no\u010dn\u00ed p\u0159eprava je poskytov\u00e1na z Evropy, Spojen\u00e9ho kr\u00e1lovstv\u00ed a Spojen\u00fdch st\u00e1t\u016f.<\/p>\n<p>Pilulky Naze 2mg Clonazepam lze zakoupit online.<\/p>\n<p>U\u017e\u00edvejte klonazepam p\u0159esn\u011b podle pokyn\u016f sv\u00e9ho l\u00e9ka\u0159e.<\/p>\n<p>Naze\u00a0(Clonazepam)\u00a02 mg. Naze (Clonazepam) 2mg tablety m\u016f\u017eete z\u00edskat bez l\u00e9ka\u0159sk\u00e9ho p\u0159edpisu online (\u017e\u00e1dn\u00fd RX)<\/p>\n<div class=\"ULSxyf\">\n<div class=\"EyBRub\">\n<div>\n<div id=\"_QM5vYYzICdD2gQa--6GgAw40\" class=\"yp\" data-jiis=\"up\" data-async-type=\"kp_feedback\" data-ved=\"2ahUKEwiM6ImnxNjzAhVQe8AKHb59CDQQ68cEegQIKhAA\"><\/div>\n<\/p><\/div>\n<div class=\"LnbJhc\" data-count=\"11 \" data-iu=\"1\" data-hveid=\"CCoQAQ\" data-ved=\"2ahUKEwiM6ImnxNjzAhVQe8AKHb59CDQQyA0oAHoECCoQAQ\"><\/div>\n<\/p><\/div>\n<\/p><\/div>\n<p>&nbsp;<\/p>\n","protected":false},"featured_media":5280,"comment_status":"open","ping_status":"closed","template":"","meta":[],"product_brand":[],"product_cat":[1117],"product_tag":[1564,1566,1565,1568,1567,1569,1570,1563],"class_list":{"0":"post-5263","1":"product","2":"type-product","3":"status-publish","4":"has-post-thumbnail","6":"product_cat-koupit-prasky-na-spani-bolest","7":"product_tag-naze-2mg-alternativa","8":"product_tag-naze-2mg-cena-v-pkistnu","9":"product_tag-naze-2mg-online","10":"product_tag-naze-2mg-tablet-pouit","11":"product_tag-naze-2mg-tablet-pkistn","12":"product_tag-naze-tablet-pouit","13":"product_tag-naze-tableta-2mg-vedlej-inky","14":"product_tag-pou-c5-beit-c3-ad-klonazepamu","16":"first","17":"instock","18":"shipping-taxable","19":"purchasable","20":"product-type-variable","21":"has-default-attributes"},"yoast_head":"<!-- This site is optimized with the Yoast SEO plugin v27.3 - https:\/\/yoast.com\/product\/yoast-seo-wordpress\/ -->\n<title>Koupit Naze 2mg Clonazepam pilulky - nejlep\u0161\u00ed nejlep\u0161\u00ed glob\u00e1ln\u00ed l\u00e9ky<\/title>\n<meta name=\"description\" content=\"Kupte si Naze\u00a0(Clonazepam)\u00a02 mg online bankovn\u00edm p\u0159evodem bez p\u0159edpisu z na\u0161eho obchodu. Diskr\u00e9tn\u00ed no\u010dn\u00ed doru\u010den\u00ed dostupn\u00e9 v r\u00e1mci Evropy, Spojen\u00e9ho kr\u00e1lovstv\u00ed a USA.\" \/>\n<meta name=\"robots\" content=\"index, follow, max-snippet:-1, max-image-preview:large, max-video-preview:-1\" \/>\n<link rel=\"canonical\" href=\"https:\/\/medicinasinc.com\/cs\/product\/buy-naze-2mg-klonazepam\/\" \/>\n<meta property=\"og:locale\" content=\"en_US\" \/>\n<meta property=\"og:type\" content=\"article\" \/>\n<meta property=\"og:title\" content=\"Koupit Naze 2mg Clonazepam pilulky - nejlep\u0161\u00ed nejlep\u0161\u00ed glob\u00e1ln\u00ed l\u00e9ky\" \/>\n<meta property=\"og:description\" content=\"Kupte si Naze\u00a0(Clonazepam)\u00a02 mg online bankovn\u00edm p\u0159evodem bez p\u0159edpisu z na\u0161eho obchodu. Diskr\u00e9tn\u00ed no\u010dn\u00ed doru\u010den\u00ed dostupn\u00e9 v r\u00e1mci Evropy, Spojen\u00e9ho kr\u00e1lovstv\u00ed a USA.\" \/>\n<meta property=\"og:url\" content=\"https:\/\/medicinasinc.com\/cs\/product\/buy-naze-2mg-klonazepam\/\" \/>\n<meta property=\"og:site_name\" content=\"Medicinas Inc\" \/>\n<meta property=\"article:modified_time\" content=\"2022-03-14T12:21:19+00:00\" \/>\n<meta property=\"og:image\" content=\"https:\/\/medicinasinc.com\/cs\/wp-content\/uploads\/sites\/2\/2022\/02\/buy-naze-2mg-clonazepam-pills-online.jpg\" \/>\n\t<meta property=\"og:image:width\" content=\"600\" \/>\n\t<meta property=\"og:image:height\" content=\"600\" \/>\n\t<meta property=\"og:image:type\" content=\"image\/jpeg\" \/>\n<meta name=\"twitter:card\" content=\"summary_large_image\" \/>\n<meta name=\"twitter:label1\" content=\"Est. reading time\" \/>\n\t<meta name=\"twitter:data1\" content=\"1 minute\" \/>\n<script type=\"application\/ld+json\" class=\"yoast-schema-graph\">{\"@context\":\"https:\\\/\\\/schema.org\",\"@graph\":[{\"@type\":\"WebPage\",\"@id\":\"https:\\\/\\\/medicinasinc.com\\\/cs\\\/product\\\/buy-naze-2mg-klonazepam\\\/\",\"url\":\"https:\\\/\\\/medicinasinc.com\\\/cs\\\/product\\\/buy-naze-2mg-klonazepam\\\/\",\"name\":\"Koupit Naze 2mg Clonazepam pilulky - nejlep\u0161\u00ed nejlep\u0161\u00ed glob\u00e1ln\u00ed l\u00e9ky\",\"isPartOf\":{\"@id\":\"https:\\\/\\\/medicinasinc.com\\\/cs\\\/#website\"},\"primaryImageOfPage\":{\"@id\":\"https:\\\/\\\/medicinasinc.com\\\/cs\\\/product\\\/buy-naze-2mg-klonazepam\\\/#primaryimage\"},\"image\":{\"@id\":\"https:\\\/\\\/medicinasinc.com\\\/cs\\\/product\\\/buy-naze-2mg-klonazepam\\\/#primaryimage\"},\"thumbnailUrl\":\"https:\\\/\\\/medicinasinc.com\\\/cs\\\/wp-content\\\/uploads\\\/sites\\\/2\\\/2022\\\/02\\\/buy-naze-2mg-clonazepam-pills-online.jpg\",\"datePublished\":\"2022-02-20T22:51:56+00:00\",\"dateModified\":\"2022-03-14T12:21:19+00:00\",\"description\":\"Kupte si Naze\u00a0(Clonazepam)\u00a02 mg online bankovn\u00edm p\u0159evodem bez p\u0159edpisu z na\u0161eho obchodu. Diskr\u00e9tn\u00ed no\u010dn\u00ed doru\u010den\u00ed dostupn\u00e9 v r\u00e1mci Evropy, Spojen\u00e9ho kr\u00e1lovstv\u00ed a USA.\",\"breadcrumb\":{\"@id\":\"https:\\\/\\\/medicinasinc.com\\\/cs\\\/product\\\/buy-naze-2mg-klonazepam\\\/#breadcrumb\"},\"inLanguage\":\"en-US\",\"potentialAction\":[{\"@type\":\"ReadAction\",\"target\":[\"https:\\\/\\\/medicinasinc.com\\\/cs\\\/product\\\/buy-naze-2mg-klonazepam\\\/\"]}]},{\"@type\":\"ImageObject\",\"inLanguage\":\"en-US\",\"@id\":\"https:\\\/\\\/medicinasinc.com\\\/cs\\\/product\\\/buy-naze-2mg-klonazepam\\\/#primaryimage\",\"url\":\"https:\\\/\\\/medicinasinc.com\\\/cs\\\/wp-content\\\/uploads\\\/sites\\\/2\\\/2022\\\/02\\\/buy-naze-2mg-clonazepam-pills-online.jpg\",\"contentUrl\":\"https:\\\/\\\/medicinasinc.com\\\/cs\\\/wp-content\\\/uploads\\\/sites\\\/2\\\/2022\\\/02\\\/buy-naze-2mg-clonazepam-pills-online.jpg\",\"width\":600,\"height\":600},{\"@type\":\"BreadcrumbList\",\"@id\":\"https:\\\/\\\/medicinasinc.com\\\/cs\\\/product\\\/buy-naze-2mg-klonazepam\\\/#breadcrumb\",\"itemListElement\":[{\"@type\":\"ListItem\",\"position\":1,\"name\":\"Obchod\",\"item\":\"https:\\\/\\\/medicinasinc.com\\\/cs\\\/obchod\\\/\"},{\"@type\":\"ListItem\",\"position\":2,\"name\":\"Koupit Naze 2mg Clonazepam\"}]},{\"@type\":\"WebSite\",\"@id\":\"https:\\\/\\\/medicinasinc.com\\\/cs\\\/#website\",\"url\":\"https:\\\/\\\/medicinasinc.com\\\/cs\\\/\",\"name\":\"Medicinas Inc\",\"description\":\"Health Medical Clinic\",\"potentialAction\":[{\"@type\":\"SearchAction\",\"target\":{\"@type\":\"EntryPoint\",\"urlTemplate\":\"https:\\\/\\\/medicinasinc.com\\\/cs\\\/?s={search_term_string}\"},\"query-input\":{\"@type\":\"PropertyValueSpecification\",\"valueRequired\":true,\"valueName\":\"search_term_string\"}}],\"inLanguage\":\"en-US\"}]}<\/script>\n<!-- \/ Yoast SEO plugin. -->","yoast_head_json":{"title":"Koupit Naze 2mg Clonazepam pilulky - nejlep\u0161\u00ed nejlep\u0161\u00ed glob\u00e1ln\u00ed l\u00e9ky","description":"Kupte si Naze\u00a0(Clonazepam)\u00a02 mg online bankovn\u00edm p\u0159evodem bez p\u0159edpisu z na\u0161eho obchodu. Diskr\u00e9tn\u00ed no\u010dn\u00ed doru\u010den\u00ed dostupn\u00e9 v r\u00e1mci Evropy, Spojen\u00e9ho kr\u00e1lovstv\u00ed a USA.","robots":{"index":"index","follow":"follow","max-snippet":"max-snippet:-1","max-image-preview":"max-image-preview:large","max-video-preview":"max-video-preview:-1"},"canonical":"https:\/\/medicinasinc.com\/cs\/product\/buy-naze-2mg-klonazepam\/","og_locale":"en_US","og_type":"article","og_title":"Koupit Naze 2mg Clonazepam pilulky - nejlep\u0161\u00ed nejlep\u0161\u00ed glob\u00e1ln\u00ed l\u00e9ky","og_description":"Kupte si Naze\u00a0(Clonazepam)\u00a02 mg online bankovn\u00edm p\u0159evodem bez p\u0159edpisu z na\u0161eho obchodu. Diskr\u00e9tn\u00ed no\u010dn\u00ed doru\u010den\u00ed dostupn\u00e9 v r\u00e1mci Evropy, Spojen\u00e9ho kr\u00e1lovstv\u00ed a USA.","og_url":"https:\/\/medicinasinc.com\/cs\/product\/buy-naze-2mg-klonazepam\/","og_site_name":"Medicinas Inc","article_modified_time":"2022-03-14T12:21:19+00:00","og_image":[{"width":600,"height":600,"url":"https:\/\/medicinasinc.com\/cs\/wp-content\/uploads\/sites\/2\/2022\/02\/buy-naze-2mg-clonazepam-pills-online.jpg","type":"image\/jpeg"}],"twitter_card":"summary_large_image","twitter_misc":{"Est. reading time":"1 minute"},"schema":{"@context":"https:\/\/schema.org","@graph":[{"@type":"WebPage","@id":"https:\/\/medicinasinc.com\/cs\/product\/buy-naze-2mg-klonazepam\/","url":"https:\/\/medicinasinc.com\/cs\/product\/buy-naze-2mg-klonazepam\/","name":"Koupit Naze 2mg Clonazepam pilulky - nejlep\u0161\u00ed nejlep\u0161\u00ed glob\u00e1ln\u00ed l\u00e9ky","isPartOf":{"@id":"https:\/\/medicinasinc.com\/cs\/#website"},"primaryImageOfPage":{"@id":"https:\/\/medicinasinc.com\/cs\/product\/buy-naze-2mg-klonazepam\/#primaryimage"},"image":{"@id":"https:\/\/medicinasinc.com\/cs\/product\/buy-naze-2mg-klonazepam\/#primaryimage"},"thumbnailUrl":"https:\/\/medicinasinc.com\/cs\/wp-content\/uploads\/sites\/2\/2022\/02\/buy-naze-2mg-clonazepam-pills-online.jpg","datePublished":"2022-02-20T22:51:56+00:00","dateModified":"2022-03-14T12:21:19+00:00","description":"Kupte si Naze\u00a0(Clonazepam)\u00a02 mg online bankovn\u00edm p\u0159evodem bez p\u0159edpisu z na\u0161eho obchodu. Diskr\u00e9tn\u00ed no\u010dn\u00ed doru\u010den\u00ed dostupn\u00e9 v r\u00e1mci Evropy, Spojen\u00e9ho kr\u00e1lovstv\u00ed a USA.","breadcrumb":{"@id":"https:\/\/medicinasinc.com\/cs\/product\/buy-naze-2mg-klonazepam\/#breadcrumb"},"inLanguage":"en-US","potentialAction":[{"@type":"ReadAction","target":["https:\/\/medicinasinc.com\/cs\/product\/buy-naze-2mg-klonazepam\/"]}]},{"@type":"ImageObject","inLanguage":"en-US","@id":"https:\/\/medicinasinc.com\/cs\/product\/buy-naze-2mg-klonazepam\/#primaryimage","url":"https:\/\/medicinasinc.com\/cs\/wp-content\/uploads\/sites\/2\/2022\/02\/buy-naze-2mg-clonazepam-pills-online.jpg","contentUrl":"https:\/\/medicinasinc.com\/cs\/wp-content\/uploads\/sites\/2\/2022\/02\/buy-naze-2mg-clonazepam-pills-online.jpg","width":600,"height":600},{"@type":"BreadcrumbList","@id":"https:\/\/medicinasinc.com\/cs\/product\/buy-naze-2mg-klonazepam\/#breadcrumb","itemListElement":[{"@type":"ListItem","position":1,"name":"Obchod","item":"https:\/\/medicinasinc.com\/cs\/obchod\/"},{"@type":"ListItem","position":2,"name":"Koupit Naze 2mg Clonazepam"}]},{"@type":"WebSite","@id":"https:\/\/medicinasinc.com\/cs\/#website","url":"https:\/\/medicinasinc.com\/cs\/","name":"Medicinas Inc","description":"Health Medical Clinic","potentialAction":[{"@type":"SearchAction","target":{"@type":"EntryPoint","urlTemplate":"https:\/\/medicinasinc.com\/cs\/?s={search_term_string}"},"query-input":{"@type":"PropertyValueSpecification","valueRequired":true,"valueName":"search_term_string"}}],"inLanguage":"en-US"}]}},"_links":{"self":[{"href":"https:\/\/medicinasinc.com\/cs\/wp-json\/wp\/v2\/product\/5263","targetHints":{"allow":["GET"]}}],"collection":[{"href":"https:\/\/medicinasinc.com\/cs\/wp-json\/wp\/v2\/product"}],"about":[{"href":"https:\/\/medicinasinc.com\/cs\/wp-json\/wp\/v2\/types\/product"}],"replies":[{"embeddable":true,"href":"https:\/\/medicinasinc.com\/cs\/wp-json\/wp\/v2\/comments?post=5263"}],"wp:featuredmedia":[{"embeddable":true,"href":"https:\/\/medicinasinc.com\/cs\/wp-json\/wp\/v2\/media\/5280"}],"wp:attachment":[{"href":"https:\/\/medicinasinc.com\/cs\/wp-json\/wp\/v2\/media?parent=5263"}],"wp:term":[{"taxonomy":"product_brand","embeddable":true,"href":"https:\/\/medicinasinc.com\/cs\/wp-json\/wp\/v2\/product_brand?post=5263"},{"taxonomy":"product_cat","embeddable":true,"href":"https:\/\/medicinasinc.com\/cs\/wp-json\/wp\/v2\/product_cat?post=5263"},{"taxonomy":"product_tag","embeddable":true,"href":"https:\/\/medicinasinc.com\/cs\/wp-json\/wp\/v2\/product_tag?post=5263"}],"curies":[{"name":"wp","href":"https:\/\/api.w.org\/{rel}","templated":true}]}}