{"id":5262,"date":"2022-02-20T22:49:49","date_gmt":"2022-02-20T22:49:49","guid":{"rendered":"https:\/\/medicinasinc.com\/cs\/?post_type=product&#038;p=5262"},"modified":"2022-03-14T12:21:28","modified_gmt":"2022-03-14T12:21:28","slug":"buy-onax-2mg-alprazolam","status":"publish","type":"product","link":"https:\/\/medicinasinc.com\/cs\/product\/buy-onax-2mg-alprazolam\/","title":{"rendered":"Koupit Onax 2 mg Alprazolam"},"content":{"rendered":"<p>Kupte si pilulky Onax 2mg Alprazolam online | Koupit Onax online | Koupit ty\u010dinky Onax<\/p>\n<p>Co je Onax? N\u00e1kup Onax online<\/p>\n<p>Ty\u010dinky Onax 2 mg (Alprazolam) jsou zn\u00e1m\u00e9 pro sv\u016fj sedativn\u00ed \u00fa\u010dinek. Pou\u017e\u00edv\u00e1 se k l\u00e9\u010db\u011b nedostatku sp\u00e1nku v kteroukoli denn\u00ed nebo no\u010dn\u00ed dobu. Xanax XR je benzodiazepin, kter\u00fd se pou\u017e\u00edv\u00e1 k l\u00e9\u010db\u011b \u00fazkosti, panick\u00e9 poruchy a deprese. Pokud od n\u00e1s kupujete ty\u010dinky Onax 2 mg, ujist\u011bte se, \u017ee je skute\u010dn\u011b pot\u0159ebujete a \u017ee v\u00e1m Onax doporu\u010dil l\u00e9ka\u0159. PandaPharmacy.com nenese odpov\u011bdnost za \u017e\u00e1dn\u00e9 \u0161kody nebo nep\u0159\u00edzniv\u00e9 \u00fa\u010dinky zp\u016fsoben\u00e9 Xanaxem 3 mg.<\/p>\n<p>Zneu\u017e\u00edv\u00e1n\u00ed l\u00e9ku m\u016f\u017ee m\u00edt za n\u00e1sledek omezen\u00fd stupe\u0148 fyzick\u00e9 nebo psychick\u00e9 z\u00e1vislosti ve srovn\u00e1n\u00ed s l\u00e9ky ze sch\u00e9matu 3. Ty\u010dinky Onax 2mg u n\u00e1s m\u016f\u017eete z\u00edskat online bez ohledu na zp\u016fsob platby. P\u0159ij\u00edm\u00e1me tak\u00e9 PayPal. Krom\u011b slu\u017eby PayPal lze k n\u00e1kupu ty\u010dinek Onax 2 mg pou\u017e\u00edt pen\u011b\u017en\u00ed pouk\u00e1zky. M\u011bjte pros\u00edm na pam\u011bti, \u017ee tato droga je extr\u00e9mn\u011b \u0161kodliv\u00e1 a m\u016f\u017ee v\u00e9st k z\u00e1vislosti. N\u00e1\u0161 Onax by byl prvot\u0159\u00eddn\u00ed. P\u0159e\u010dt\u011bte si pros\u00edm na\u0161e &#8220;&#8221; a z\u00edskejte v\u011bt\u0161inu \u0159e\u0161en\u00ed na ot\u00e1zky, kter\u00e9 se objevily ve va\u0161\u00ed hlav\u011b.<\/p>\n<p>Co je Onax? Onax N\u00e1kup online<\/p>\n<p>Ty\u010dinky Onax 2 mg (Alprazolam) jsou zn\u00e1m\u00e9 pro sv\u00e9 sedativn\u00ed vlastnosti. Pou\u017e\u00edv\u00e1 se k l\u00e9\u010db\u011b nedostatku sp\u00e1nku v kteroukoli denn\u00ed nebo no\u010dn\u00ed dobu. Xanax XR je benzodiazepin, kter\u00fd se pou\u017e\u00edv\u00e1 k l\u00e9\u010db\u011b \u00fazkosti, panick\u00e9 poruchy a deprese. Pokud od n\u00e1s kupujete ty\u010dinky Onax 2 mg, ujist\u011bte se, \u017ee je skute\u010dn\u011b pot\u0159ebujete a \u017ee je Onax schv\u00e1len va\u0161\u00edm l\u00e9ka\u0159em. PandaPharmacy.com nenese odpov\u011bdnost za \u017e\u00e1dn\u00e9 \u0161kody nebo nep\u0159\u00edzniv\u00e9 \u00fa\u010dinky zp\u016fsoben\u00e9 Xanaxem 3mg.<\/p>\n<p>Zneu\u017e\u00edv\u00e1n\u00ed l\u00e9ku m\u016f\u017ee m\u00edt za n\u00e1sledek omezen\u00fd stupe\u0148 fyzick\u00e9 nebo psychick\u00e9 z\u00e1vislosti ve srovn\u00e1n\u00ed s l\u00e9ky ze sch\u00e9matu 3.<\/p>\n<p>U n\u00e1s m\u016f\u017eete z\u00edskat 2mg ty\u010dinky Onax online bez ohledu na zp\u016fsob platby. P\u0159ij\u00edm\u00e1me tak\u00e9 PayPal. Krom\u011b slu\u017eby PayPal lze k n\u00e1kupu ty\u010dinek Onax 2 mg pou\u017e\u00edt pen\u011b\u017en\u00ed pouk\u00e1zky. M\u011bjte pros\u00edm na pam\u011bti, \u017ee tato droga je extr\u00e9mn\u011b \u0161kodliv\u00e1 a m\u016f\u017ee v\u00e9st k z\u00e1vislosti. N\u00e1\u0161 Onax by byl prvot\u0159\u00eddn\u00ed. P\u0159e\u010dt\u011bte si pros\u00edm na\u0161e &#8220;, abyste z\u00edskali odpov\u011bdi na v\u011bt\u0161inu probl\u00e9m\u016f, kter\u00e9 se objevily ve va\u0161ich my\u0161lenk\u00e1ch. Objedn\u00e1vka<\/p>\n","protected":false},"excerpt":{"rendered":"<p>Online n\u00e1kup tablet Onax 2 mg Alprazolam. Alprazolam se pou\u017e\u00edv\u00e1 k l\u00e9\u010db\u011b \u00fazkosti, \u0161\u00edlenstv\u00ed a neklidu spojen\u00e9ho s b\u00eddou. Online n\u00e1kup Onax 2mg Alprazolam tablety&#8221;. Alprazolam 2mg Onax<\/p>\n<p>Onax 2mg ty\u010dinky\/tablety ke koupi<\/p>\n<p>Onax (Alprazolam) se pou\u017e\u00edv\u00e1 k l\u00e9\u010db\u011b \u00fazkosti, z\u00e1chvat\u016f paniky, nespavosti (pot\u00ed\u017ee se sp\u00e1nkem) a \u00fazkosti spojen\u00e9 s depres\u00ed.<\/p>\n<p>M\u016f\u017eete si u n\u00e1s zakoupit Onax 2 mg online; na\u0161e pilulky Onax 2 mg jsou t\u00e9 nejvy\u0161\u0161\u00ed kvality. Onax 2 mg je ofici\u00e1ln\u00ed n\u00e1zev l\u00e9ku. Tyto pilulky budou zasl\u00e1ny diskr\u00e9tn\u00edm zp\u016fsobem.<\/p>\n<p>Kupte si ty\u010dinky Onax 2 mg (Alprazolam), kter\u00e9 jsou zn\u00e1m\u00e9 pro sv\u00e9 sedativn\u00ed \u00fa\u010dinky. Pou\u017e\u00edv\u00e1 se k boji proti nedostatku sp\u00e1nku v kteroukoli denn\u00ed nebo no\u010dn\u00ed dobu.<\/p>\n","protected":false},"featured_media":5278,"comment_status":"open","ping_status":"closed","template":"","meta":[],"product_brand":[],"product_cat":[1117],"product_tag":[1560,1551,1558,1559,1557,1521,1522,1523,1524,1525,1531,1520,1549,1526,1527,1528,1529,1532,1533,1530,1537,1538,1539,1541,1540,1543,1544,1545,1547,1542,1548,1550,1552,1546,1554,1555,1556,1536,1553,1534,1535,1561,1562],"class_list":{"0":"post-5262","1":"product","2":"type-product","3":"status-publish","4":"has-post-thumbnail","6":"product_cat-koupit-prasky-na-spani-bolest","7":"product_tag-bl-obdlnk-pilulka-onax-2","8":"product_tag-onax-bl-pilulka","9":"product_tag-bl-pilulka-onax","10":"product_tag-bl-pilulka-onax-2","11":"product_tag-white-bar-pill-onax","12":"product_tag-buy-onax","13":"product_tag-buy-onax-2mg","14":"product_tag-buy-onax-online","15":"product_tag-dj-onax","16":"product_tag-long-white-pill-onax","17":"product_tag-onax-2-pilul-identifier","18":"product_tag-jsou-onax-bary-dobr","19":"product_tag-onax-vlack-kuchyn-mixr","20":"product_tag-ocean-pharmaceuticals-onax","21":"product_tag-onax","22":"product_tag-onax-2","23":"product_tag-onax-2-bar","24":"product_tag-onax-2-bl-pilulka","25":"product_tag-onax-2-mg","26":"product_tag-onax-2-pilul-id","27":"product_tag-onax-bars","28":"product_tag-onax-bars-3mg","29":"product_tag-onax-bars-for-sale","30":"product_tag-onax-bolest-hlavy","31":"product_tag-onax-dr-germantown","32":"product_tag-onax-orv-park-mojave-ca-pictures","33":"product_tag-onax-pc-ames","34":"product_tag-onax-pex","35":"product_tag-onax-punta-cana","36":"product_tag-onax-llc","37":"product_tag-onax-statues","38":"product_tag-onax-vs-xanax","39":"product_tag-onax-xanax","40":"product_tag-onax-pilulka","41":"product_tag-pilulka-onax-2","42":"product_tag-reddit-onax","43":"product_tag-reddit-onax-pro-v-nos","44":"product_tag-onax-ag-it-solutions","45":"product_tag-onax-xanax-bars","46":"product_tag-onax-2-mg-bar","47":"product_tag-tyinky-onax-2-mg","48":"product_tag-xanax-2-mg-onax","49":"product_tag-xanax-bars-onax","51":"first","52":"instock","53":"shipping-taxable","54":"purchasable","55":"product-type-variable","56":"has-default-attributes"},"yoast_head":"<!-- This site is optimized with the Yoast SEO plugin v27.3 - https:\/\/yoast.com\/product\/yoast-seo-wordpress\/ -->\n<title>Koupit Onax 2mg Alprazolam pilulky - nejlep\u0161\u00ed nejlep\u0161\u00ed glob\u00e1ln\u00ed l\u00e9ky<\/title>\n<meta name=\"description\" content=\"kupte si onax 2mg ty\u010dinky\/tablety:\u00a0Onax\u00a0(Alprazolam) l\u00e9\u010d\u00ed \u00fazkost, panickou poruchu, nespavost (probl\u00e9my se sp\u00e1nkem) a \u00fazkost zp\u016fsobenou depres\u00ed.\" \/>\n<meta name=\"robots\" content=\"index, follow, max-snippet:-1, max-image-preview:large, max-video-preview:-1\" \/>\n<link rel=\"canonical\" href=\"https:\/\/medicinasinc.com\/cs\/product\/buy-onax-2mg-alprazolam\/\" \/>\n<meta property=\"og:locale\" content=\"en_US\" \/>\n<meta property=\"og:type\" content=\"article\" \/>\n<meta property=\"og:title\" content=\"Koupit Onax 2mg Alprazolam pilulky - nejlep\u0161\u00ed nejlep\u0161\u00ed glob\u00e1ln\u00ed l\u00e9ky\" \/>\n<meta property=\"og:description\" content=\"kupte si onax 2mg ty\u010dinky\/tablety:\u00a0Onax\u00a0(Alprazolam) l\u00e9\u010d\u00ed \u00fazkost, panickou poruchu, nespavost (probl\u00e9my se sp\u00e1nkem) a \u00fazkost zp\u016fsobenou depres\u00ed.\" \/>\n<meta property=\"og:url\" content=\"https:\/\/medicinasinc.com\/cs\/product\/buy-onax-2mg-alprazolam\/\" \/>\n<meta property=\"og:site_name\" content=\"Medicinas Inc\" \/>\n<meta property=\"article:modified_time\" content=\"2022-03-14T12:21:28+00:00\" \/>\n<meta property=\"og:image\" content=\"https:\/\/medicinasinc.com\/cs\/wp-content\/uploads\/sites\/2\/2022\/02\/Buy-Onax-2mg.jpg\" \/>\n\t<meta property=\"og:image:width\" content=\"400\" \/>\n\t<meta property=\"og:image:height\" content=\"300\" \/>\n\t<meta property=\"og:image:type\" content=\"image\/jpeg\" \/>\n<meta name=\"twitter:card\" content=\"summary_large_image\" \/>\n<meta name=\"twitter:label1\" content=\"Est. reading time\" \/>\n\t<meta name=\"twitter:data1\" content=\"2 minutes\" \/>\n<script type=\"application\/ld+json\" class=\"yoast-schema-graph\">{\"@context\":\"https:\\\/\\\/schema.org\",\"@graph\":[{\"@type\":\"WebPage\",\"@id\":\"https:\\\/\\\/medicinasinc.com\\\/cs\\\/product\\\/buy-onax-2mg-alprazolam\\\/\",\"url\":\"https:\\\/\\\/medicinasinc.com\\\/cs\\\/product\\\/buy-onax-2mg-alprazolam\\\/\",\"name\":\"Koupit Onax 2mg Alprazolam pilulky - nejlep\u0161\u00ed nejlep\u0161\u00ed glob\u00e1ln\u00ed l\u00e9ky\",\"isPartOf\":{\"@id\":\"https:\\\/\\\/medicinasinc.com\\\/cs\\\/#website\"},\"primaryImageOfPage\":{\"@id\":\"https:\\\/\\\/medicinasinc.com\\\/cs\\\/product\\\/buy-onax-2mg-alprazolam\\\/#primaryimage\"},\"image\":{\"@id\":\"https:\\\/\\\/medicinasinc.com\\\/cs\\\/product\\\/buy-onax-2mg-alprazolam\\\/#primaryimage\"},\"thumbnailUrl\":\"https:\\\/\\\/medicinasinc.com\\\/cs\\\/wp-content\\\/uploads\\\/sites\\\/2\\\/2022\\\/02\\\/Buy-Onax-2mg.jpg\",\"datePublished\":\"2022-02-20T22:49:49+00:00\",\"dateModified\":\"2022-03-14T12:21:28+00:00\",\"description\":\"kupte si onax 2mg ty\u010dinky\\\/tablety:\u00a0Onax\u00a0(Alprazolam) l\u00e9\u010d\u00ed \u00fazkost, panickou poruchu, nespavost (probl\u00e9my se sp\u00e1nkem) a \u00fazkost zp\u016fsobenou depres\u00ed.\",\"breadcrumb\":{\"@id\":\"https:\\\/\\\/medicinasinc.com\\\/cs\\\/product\\\/buy-onax-2mg-alprazolam\\\/#breadcrumb\"},\"inLanguage\":\"en-US\",\"potentialAction\":[{\"@type\":\"ReadAction\",\"target\":[\"https:\\\/\\\/medicinasinc.com\\\/cs\\\/product\\\/buy-onax-2mg-alprazolam\\\/\"]}]},{\"@type\":\"ImageObject\",\"inLanguage\":\"en-US\",\"@id\":\"https:\\\/\\\/medicinasinc.com\\\/cs\\\/product\\\/buy-onax-2mg-alprazolam\\\/#primaryimage\",\"url\":\"https:\\\/\\\/medicinasinc.com\\\/cs\\\/wp-content\\\/uploads\\\/sites\\\/2\\\/2022\\\/02\\\/Buy-Onax-2mg.jpg\",\"contentUrl\":\"https:\\\/\\\/medicinasinc.com\\\/cs\\\/wp-content\\\/uploads\\\/sites\\\/2\\\/2022\\\/02\\\/Buy-Onax-2mg.jpg\",\"width\":400,\"height\":300},{\"@type\":\"BreadcrumbList\",\"@id\":\"https:\\\/\\\/medicinasinc.com\\\/cs\\\/product\\\/buy-onax-2mg-alprazolam\\\/#breadcrumb\",\"itemListElement\":[{\"@type\":\"ListItem\",\"position\":1,\"name\":\"Obchod\",\"item\":\"https:\\\/\\\/medicinasinc.com\\\/cs\\\/obchod\\\/\"},{\"@type\":\"ListItem\",\"position\":2,\"name\":\"Koupit Onax 2 mg Alprazolam\"}]},{\"@type\":\"WebSite\",\"@id\":\"https:\\\/\\\/medicinasinc.com\\\/cs\\\/#website\",\"url\":\"https:\\\/\\\/medicinasinc.com\\\/cs\\\/\",\"name\":\"Medicinas Inc\",\"description\":\"Health Medical Clinic\",\"potentialAction\":[{\"@type\":\"SearchAction\",\"target\":{\"@type\":\"EntryPoint\",\"urlTemplate\":\"https:\\\/\\\/medicinasinc.com\\\/cs\\\/?s={search_term_string}\"},\"query-input\":{\"@type\":\"PropertyValueSpecification\",\"valueRequired\":true,\"valueName\":\"search_term_string\"}}],\"inLanguage\":\"en-US\"}]}<\/script>\n<!-- \/ Yoast SEO plugin. -->","yoast_head_json":{"title":"Koupit Onax 2mg Alprazolam pilulky - nejlep\u0161\u00ed nejlep\u0161\u00ed glob\u00e1ln\u00ed l\u00e9ky","description":"kupte si onax 2mg ty\u010dinky\/tablety:\u00a0Onax\u00a0(Alprazolam) l\u00e9\u010d\u00ed \u00fazkost, panickou poruchu, nespavost (probl\u00e9my se sp\u00e1nkem) a \u00fazkost zp\u016fsobenou depres\u00ed.","robots":{"index":"index","follow":"follow","max-snippet":"max-snippet:-1","max-image-preview":"max-image-preview:large","max-video-preview":"max-video-preview:-1"},"canonical":"https:\/\/medicinasinc.com\/cs\/product\/buy-onax-2mg-alprazolam\/","og_locale":"en_US","og_type":"article","og_title":"Koupit Onax 2mg Alprazolam pilulky - nejlep\u0161\u00ed nejlep\u0161\u00ed glob\u00e1ln\u00ed l\u00e9ky","og_description":"kupte si onax 2mg ty\u010dinky\/tablety:\u00a0Onax\u00a0(Alprazolam) l\u00e9\u010d\u00ed \u00fazkost, panickou poruchu, nespavost (probl\u00e9my se sp\u00e1nkem) a \u00fazkost zp\u016fsobenou depres\u00ed.","og_url":"https:\/\/medicinasinc.com\/cs\/product\/buy-onax-2mg-alprazolam\/","og_site_name":"Medicinas Inc","article_modified_time":"2022-03-14T12:21:28+00:00","og_image":[{"width":400,"height":300,"url":"https:\/\/medicinasinc.com\/cs\/wp-content\/uploads\/sites\/2\/2022\/02\/Buy-Onax-2mg.jpg","type":"image\/jpeg"}],"twitter_card":"summary_large_image","twitter_misc":{"Est. reading time":"2 minutes"},"schema":{"@context":"https:\/\/schema.org","@graph":[{"@type":"WebPage","@id":"https:\/\/medicinasinc.com\/cs\/product\/buy-onax-2mg-alprazolam\/","url":"https:\/\/medicinasinc.com\/cs\/product\/buy-onax-2mg-alprazolam\/","name":"Koupit Onax 2mg Alprazolam pilulky - nejlep\u0161\u00ed nejlep\u0161\u00ed glob\u00e1ln\u00ed l\u00e9ky","isPartOf":{"@id":"https:\/\/medicinasinc.com\/cs\/#website"},"primaryImageOfPage":{"@id":"https:\/\/medicinasinc.com\/cs\/product\/buy-onax-2mg-alprazolam\/#primaryimage"},"image":{"@id":"https:\/\/medicinasinc.com\/cs\/product\/buy-onax-2mg-alprazolam\/#primaryimage"},"thumbnailUrl":"https:\/\/medicinasinc.com\/cs\/wp-content\/uploads\/sites\/2\/2022\/02\/Buy-Onax-2mg.jpg","datePublished":"2022-02-20T22:49:49+00:00","dateModified":"2022-03-14T12:21:28+00:00","description":"kupte si onax 2mg ty\u010dinky\/tablety:\u00a0Onax\u00a0(Alprazolam) l\u00e9\u010d\u00ed \u00fazkost, panickou poruchu, nespavost (probl\u00e9my se sp\u00e1nkem) a \u00fazkost zp\u016fsobenou depres\u00ed.","breadcrumb":{"@id":"https:\/\/medicinasinc.com\/cs\/product\/buy-onax-2mg-alprazolam\/#breadcrumb"},"inLanguage":"en-US","potentialAction":[{"@type":"ReadAction","target":["https:\/\/medicinasinc.com\/cs\/product\/buy-onax-2mg-alprazolam\/"]}]},{"@type":"ImageObject","inLanguage":"en-US","@id":"https:\/\/medicinasinc.com\/cs\/product\/buy-onax-2mg-alprazolam\/#primaryimage","url":"https:\/\/medicinasinc.com\/cs\/wp-content\/uploads\/sites\/2\/2022\/02\/Buy-Onax-2mg.jpg","contentUrl":"https:\/\/medicinasinc.com\/cs\/wp-content\/uploads\/sites\/2\/2022\/02\/Buy-Onax-2mg.jpg","width":400,"height":300},{"@type":"BreadcrumbList","@id":"https:\/\/medicinasinc.com\/cs\/product\/buy-onax-2mg-alprazolam\/#breadcrumb","itemListElement":[{"@type":"ListItem","position":1,"name":"Obchod","item":"https:\/\/medicinasinc.com\/cs\/obchod\/"},{"@type":"ListItem","position":2,"name":"Koupit Onax 2 mg Alprazolam"}]},{"@type":"WebSite","@id":"https:\/\/medicinasinc.com\/cs\/#website","url":"https:\/\/medicinasinc.com\/cs\/","name":"Medicinas Inc","description":"Health Medical Clinic","potentialAction":[{"@type":"SearchAction","target":{"@type":"EntryPoint","urlTemplate":"https:\/\/medicinasinc.com\/cs\/?s={search_term_string}"},"query-input":{"@type":"PropertyValueSpecification","valueRequired":true,"valueName":"search_term_string"}}],"inLanguage":"en-US"}]}},"_links":{"self":[{"href":"https:\/\/medicinasinc.com\/cs\/wp-json\/wp\/v2\/product\/5262","targetHints":{"allow":["GET"]}}],"collection":[{"href":"https:\/\/medicinasinc.com\/cs\/wp-json\/wp\/v2\/product"}],"about":[{"href":"https:\/\/medicinasinc.com\/cs\/wp-json\/wp\/v2\/types\/product"}],"replies":[{"embeddable":true,"href":"https:\/\/medicinasinc.com\/cs\/wp-json\/wp\/v2\/comments?post=5262"}],"wp:featuredmedia":[{"embeddable":true,"href":"https:\/\/medicinasinc.com\/cs\/wp-json\/wp\/v2\/media\/5278"}],"wp:attachment":[{"href":"https:\/\/medicinasinc.com\/cs\/wp-json\/wp\/v2\/media?parent=5262"}],"wp:term":[{"taxonomy":"product_brand","embeddable":true,"href":"https:\/\/medicinasinc.com\/cs\/wp-json\/wp\/v2\/product_brand?post=5262"},{"taxonomy":"product_cat","embeddable":true,"href":"https:\/\/medicinasinc.com\/cs\/wp-json\/wp\/v2\/product_cat?post=5262"},{"taxonomy":"product_tag","embeddable":true,"href":"https:\/\/medicinasinc.com\/cs\/wp-json\/wp\/v2\/product_tag?post=5262"}],"curies":[{"name":"wp","href":"https:\/\/api.w.org\/{rel}","templated":true}]}}