{"id":5239,"date":"2022-02-20T22:28:45","date_gmt":"2022-02-20T22:28:45","guid":{"rendered":"https:\/\/medicinasinc.com\/cs\/?post_type=product&#038;p=5239"},"modified":"2022-03-14T12:21:44","modified_gmt":"2022-03-14T12:21:44","slug":"koupit-magnus-mr-morfin-30mg-online","status":"publish","type":"product","link":"https:\/\/medicinasinc.com\/cs\/product\/koupit-magnus-mr-morfin-30mg-online\/","title":{"rendered":"Koupit Magnus MR Morphine 30 mg online"},"content":{"rendered":"<div id=\"productDescription\" class=\"productGeneral largeText\">\n<p>Magnus MR Morphine 30 mg n\u00e1kup online<br \/> Magnus MR (Morphine Sulfate) 30 mg kapsle Koupit Magnus MR (Morphine Sulfate) 30 mg kapsle bezpe\u010dn\u011b online<\/p>\n<p>Magnus MR (Morphine Sulfate) 30 mg kapsle \u2013 Objedn\u00e1vka bez l\u00e9ka\u0159sk\u00e9ho p\u0159edpisu \u2013 Doru\u010den\u00ed p\u0159es noc<\/p>\n<p>Magnus MR (Morphine Sulphate) 30 mg Na prodej ve Spojen\u00fdch st\u00e1tech americk\u00fdch \u2013 Spolehliv\u00e1 l\u00e9k\u00e1rna proti bolesti<\/p>\n<p>Magnus MR na prodej (Morphine Sulphate) 30 mg online za nejni\u017e\u0161\u00ed ceny v EVROP\u011a &amp; AMERIKA<\/p>\n<p>Kde a jak bezpe\u010dn\u011b koupit Magnus MR (Morphine Sulphate) 30 mg online je\u0161t\u011b dnes<\/p>\n<p>1. Rhotard Morphine SR 30 mg tablety Morphgesic SR 30 mg tablety na prodej<\/p>\n<p>2. Slo\u017een\u00ed z kvalitativn\u00edho a kvantitativn\u00edho hlediska<br \/> Morphgesic SR 30 mg tablety\/Rhotard Morphine SR 30 mg tablety<br \/> V ka\u017ed\u00e9 pilulce je obsa\u017eeno 30 mg morfin sulf\u00e1tu.<br \/> Pomocn\u00e9 l\u00e1tky s p\u0159esn\u011b definovan\u00fdm \u00fa\u010dinkem:<br \/> Gluk\u00f3za (63 000 mg na tabletu).<\/p>\n<p>3. Farmakologick\u00e1 formulace<br \/> Tablety s \u0159\u00edzen\u00fdm uvol\u0148ov\u00e1n\u00edm<br \/> Ka\u017ed\u00e1 30 mg tableta je bikonvexn\u00ed kulat\u00e1 potahovan\u00e1 tableta fialov\u00e9 barvy.<\/p>\n<p>4. Klinick\u00e1 specifika<br \/> 4.1 Indikace<br \/> Tablety Rhotard Morphine SR \/ Morphgesic SR jsou ur\u010deny dosp\u011bl\u00fdm k l\u00e9\u010db\u011b siln\u00e9 bolesti po del\u0161\u00ed dobu.<\/p>\n<p>4.2 D\u00e1vkov\u00e1n\u00ed a technika pod\u00e1v\u00e1n\u00ed <br \/> D\u00e1vkov\u00e1n\u00ed D\u011btsk\u00e1 populace<br \/> U\u017e\u00edv\u00e1n\u00ed tablet Rhotard Morphine SR \/ Morphgesic SR u d\u011bt\u00ed se nedoporu\u010duje.<\/p>\n<p>Dosp\u011bl\u00ed: D\u00e1vkov\u00e1n\u00ed je ur\u010deno intenzitou bolesti a p\u0159edchoz\u00ed anamn\u00e9zou pacienta. analgetick\u00e9ho pou\u017eit\u00ed. Obvykle by se tablety m\u011bly u\u017e\u00edvat dvakr\u00e1t denn\u011b ve 12hodinov\u00fdch intervalech. U pacient\u016f se silnou bolest\u00ed je indikov\u00e1na po\u010d\u00e1te\u010dn\u00ed d\u00e1vka jedna nebo dv\u011b 10 mg tablety (10 mg) dvakr\u00e1t denn\u011b. Doporu\u010duje se, aby se s rostouc\u00ed z\u00e1va\u017enost\u00ed bolesti zvy\u0161ovala d\u00e1vka morfinu, aby se dos\u00e1hlo po\u017eadovan\u00e9ho zm\u00edrn\u011bn\u00ed. D\u00e1vkov\u00e1n\u00ed lze upravit kombinac\u00ed tablet r\u016fzn\u00e9 s\u00edly (10, 30, 60 a 100 mg) nebo pou\u017eit\u00edm tablet o vy\u0161\u0161\u00ed s\u00edle samotn\u00fdch.<br \/> Doporu\u010duje se, aby pacienti, kte\u0159\u00ed byli p\u0159evedeni z jin\u00e9ho peror\u00e1ln\u00edho p\u0159\u00edpravku obsahuj\u00edc\u00edho morfin se srovnatelnou biologickou dostupnost\u00ed jako peror\u00e1ln\u00ed tekut\u00fd morfin dostanou stejnou celkovou d\u00e1vku morfinu za 24 hodin. Cel\u00e1 tato d\u00e1vka by m\u011bla b\u00fdt rozd\u011blena na polovinu a pod\u00e1v\u00e1na r\u00e1no a ve\u010der. M\u016f\u017ee b\u00fdt nezbytn\u00e1 titrace d\u00e1vky a klinick\u00e9 vy\u0161et\u0159en\u00ed.<br \/> Pokud pacient dost\u00e1val parenter\u00e1ln\u011b morfin p\u0159ed p\u0159eveden\u00edm na tablety Rhotard Morphine SR\/Morphgesic SR, m\u016f\u017ee b\u00fdt nezbytn\u00e1 vy\u0161\u0161\u00ed d\u00e1vka morfinu. Ke kompenzaci jak\u00e9koli ztr\u00e1ty analgetick\u00e9 \u00fa\u010dinnosti v d\u016fsledku peror\u00e1ln\u00edho pod\u00e1n\u00ed bude zapot\u0159eb\u00ed individu\u00e1ln\u00ed \u00fapravy d\u00e1vkov\u00e1n\u00ed.<br \/> Nedoporu\u010duje se pod\u00e1vat pilulky Rhotard Morphine SR\/Morphgesic SR b\u011bhem prvn\u00edch 24 hodin po operaci ke zm\u00edrn\u011bn\u00ed poopera\u010dn\u00ed bolesti. Po tomto po\u010d\u00e1te\u010dn\u00edm obdob\u00ed by d\u00e1vku m\u011bl ur\u010dit l\u00e9ka\u0159.<br \/> U n\u011bkter\u00fdch pacient\u016f m\u016f\u017ee b\u00fdt vy\u017eadov\u00e1na dopl\u0148kov\u00e1 parenter\u00e1ln\u00ed aplikace morfinu, co\u017e je zcela vhodn\u00e9. Je v\u0161ak t\u0159eba postupovat opatrn\u011b, pokud jde o celkovou d\u00e1vku morfinu, stejn\u011b jako opo\u017ed\u011bn\u00e9 \u00fa\u010dinky morfinu v p\u0159\u00edpravku Rhotard Morphine SR\/Morphgesic SR.<br \/> Tablety Rhotard Morphine SR\/Morphgesic SR je t\u0159eba pou\u017e\u00edvat opatrn\u011b po operaci (stejn\u011b jako v\u0161echny morfinov\u00e9 p\u0159\u00edpravky), ale zejm\u00e9na po operaci b\u0159icha.<br \/> Motilita \u017ealudku by se m\u011bla obnovit a m\u011bla by b\u00fdt zachov\u00e1na.<\/p>\n<p>Technika pod\u00e1v\u00e1n\u00ed<br \/> Or\u00e1ln\u00ed tablety Rhotard Morphine SR \/ Morphgesic SR by nem\u011bly b\u00fdt \u017ev\u00fdkan\u00fd.<\/p>\n<p>5.1 Farmakodynamick\u00e9 vlastnosti<br \/> Skupina farmakoterapeutick\u00fdch l\u00e1tek: Opioidy<br \/> N02A je ATC k\u00f3d.<\/p>\n<p>Mechanismus \u00fa\u010dinnosti<br \/> MAGNUS MR SULFATE ER 30 MG p\u016fsob\u00ed jako agonista opi\u00e1tov\u00fdch receptor\u016f centr\u00e1ln\u00edho nervov\u00e9ho syst\u00e9mu, p\u0159edev\u0161\u00edm Mu a v men\u0161\u00ed m\u00ed\u0159e i receptor\u016f Kappa. P\u0159edpokl\u00e1d\u00e1 se, \u017ee supraspin\u00e1ln\u00ed analgezie, respira\u010dn\u00ed deprese a euforie jsou zprost\u0159edkov\u00e1ny receptory Mu, zat\u00edmco spin\u00e1ln\u00ed analgezie, mi\u00f3za a sedace jsou pravd\u011bpodobn\u011b zprost\u0159edkov\u00e1ny receptory Kappa.<\/p>\n<p>Centr\u00e1ln\u00ed nervov\u00fd syst\u00e9m: Prim\u00e1rn\u00edmi terapeutick\u00fdmi \u00fa\u010dinky morfinu jsou analgezie a ospalost (tj. ospalost a anxiol\u00fdza). MAGNUS MR SULFATE ER 30 MG m\u00e1 sedativn\u00ed \u00fa\u010dinek na d\u00fdchac\u00ed centra mozkov\u00e9ho kmene. Morfin p\u016fsob\u00ed p\u0159\u00edmo na centrum ka\u0161le v d\u0159eni a tlum\u00ed ka\u0161lac\u00ed reflex. Antitusick\u00e9 \u00fa\u010dinky jsou mo\u017en\u00e9 p\u0159i d\u00e1vk\u00e1ch ni\u017e\u0161\u00edch, ne\u017e jsou d\u00e1vky pot\u0159ebn\u00e9 pro analgezii. Morfin vyvol\u00e1v\u00e1 mi\u00f3zu v \u00fapln\u00e9 tm\u011b. I kdy\u017e p\u0159esn\u00e9 zorni\u010dky sv\u011bd\u010d\u00ed o p\u0159ed\u00e1vkov\u00e1n\u00ed opioidy, nejsou diagnostick\u00e9 (nap\u0159. pontinn\u00ed l\u00e9ze hemoragick\u00e9ho nebo ischemick\u00e9ho p\u016fvodu mohou zp\u016fsobit podobn\u00e9 n\u00e1lezy). Hypoxie se m\u016f\u017ee projevit jako v\u00fdrazn\u00e1 mydri\u00e1za sp\u00ed\u0161e ne\u017e mi\u00f3za p\u0159i p\u0159ed\u00e1vkov\u00e1n\u00ed morfinem.<\/p>\n<p>MAGNUS MR SULFATE ER 30 MG a podobn\u00e1 analgetika mohou zp\u016fsobit fyzickou a psychickou z\u00e1vislost a m\u011bla by b\u00fdt pou\u017e\u00edv\u00e1na s opatrnost\u00ed. Nav\u00edc se m\u016f\u017ee vyvinout tolerance.<\/p>\n<p>Hladk\u00e9 svaly tr\u00e1vic\u00edho traktu a dal\u0161\u00ed hladk\u00e9 svaly<br \/> MAGNUS MR SULFATE ER 30 MG inhibuje motilitu zv\u00fd\u0161en\u00edm tonusu hladk\u00e9ho svalstva \u017ealudku a duoden\u00e1ln\u00edho antra. V tenk\u00e9m st\u0159ev\u011b se zpomaluje tr\u00e1ven\u00ed potravy a sni\u017euj\u00ed se propulzivn\u00ed kontrakce. Z\u00e1cpa je zp\u016fsobena sn\u00ed\u017een\u00edm propulzn\u00edch peristaltick\u00fdch vln v tlust\u00e9m st\u0159ev\u011b a zv\u00fd\u0161en\u00edm tonusu a\u017e ke k\u0159e\u010d\u00edm. Morfin obecn\u011b zvy\u0161uje tonus hladk\u00e9ho svalstva, zejm\u00e9na ve sv\u011bra\u010d\u00edch gastrointestin\u00e1ln\u00edho a \u017elu\u010dov\u00e9ho syst\u00e9mu. Morfin m\u016f\u017ee zp\u016fsobit k\u0159e\u010de v Oddiho sv\u011bra\u010di, a t\u00edm zv\u00fd\u0161it nitro\u017elu\u010dov\u00fd tlak.<\/p>\n<p>MAGNUS MR SULFATE ER 30 MG m\u016f\u017ee zp\u016fsobit uvol\u0148ov\u00e1n\u00ed histaminu s doprovodnou perifern\u00ed vazodilatac\u00ed nebo bez n\u00ed. Pruritus, n\u00e1valy horka, \u010derven\u00e9 o\u010di, pocen\u00ed a\/nebo ortostatick\u00e1 hypotenze jsou v\u0161echny p\u0159\u00edznaky uvol\u0148ov\u00e1n\u00ed histaminu a\/nebo perifern\u00ed vazodilatace.<\/p>\n<p>Endokrinologie<br \/> Bylo prok\u00e1z\u00e1no, \u017ee opioidy maj\u00ed vliv na hypotalamus- osy hypof\u00fdza-nadledviny nebo -gonad\u00e1ln\u00ed. Je mo\u017en\u00e9 pozorovat n\u011bkolik zm\u011bn, v\u010detn\u011b zv\u00fd\u0161en\u00ed s\u00e9rov\u00e9ho prolaktinu a sn\u00ed\u017een\u00ed plazmatick\u00e9ho kortizolu a testosteronu v p\u0159\u00edtomnosti abnorm\u00e1ln\u011b n\u00edzk\u00fdch nebo norm\u00e1ln\u00edch hladin ACTH, LH nebo FSH. N\u011bkter\u00e9 premenopauz\u00e1ln\u00ed \u017eeny mohou m\u00edt nedostatek estrogenu. Tyto hormon\u00e1ln\u00ed zm\u011bny mohou vyvolat klinick\u00e9 p\u0159\u00edznaky.<\/p>\n<p>Dal\u0161\u00ed farmakologick\u00e9 d\u016fsledky<br \/> V\u00fdzkumy in vitro a na zv\u00ed\u0159atech ukazuj\u00ed, \u017ee p\u0159irozen\u00e9 opioidy, jako je morfin, maj\u00ed r\u016fzn\u00e9 \u00fa\u010dinky na slo\u017eky imunitn\u00edho syst\u00e9mu; klinick\u00fd v\u00fdznam t\u011bchto n\u00e1lez\u016f je v\u0161ak nejist\u00fd.<\/p>\n<p>K dispozici jsou peror\u00e1ln\u00ed, subkut\u00e1nn\u00ed, intramuskul\u00e1rn\u00ed, intraven\u00f3zn\u00ed, intraspin\u00e1ln\u00ed a rekt\u00e1ln\u00ed zp\u016fsoby pod\u00e1n\u00ed. Parenter\u00e1ln\u00ed d\u00e1vky mohou b\u00fdt pod\u00e1v\u00e1ny jako p\u0159eru\u0161ovan\u00e9 injekce nebo jako kontinu\u00e1ln\u00ed \u010di p\u0159eru\u0161ovan\u00e9 infuze v z\u00e1vislosti na po\u017eadavc\u00edch pacienta na analgetiku.<\/p>\n<p>POU\u017dIT\u00cd<br \/> Tento l\u00e9k se pou\u017e\u00edv\u00e1 k \u00falev\u011b od siln\u00e9, p\u0159etrv\u00e1vaj\u00edc\u00ed bolesti (nap\u0159. jako v d\u016fsledku rakoviny). Morfin je klasifikov\u00e1n jako opioidn\u00ed (narkotick\u00e9) analgetikum. Funguje tak, \u017ee m\u011bn\u00ed zp\u016fsob, jak\u00fdm va\u0161e t\u011blo vn\u00edm\u00e1 bolest v mozku a jak na ni reaguje.<\/p>\n<p>Vy\u0161\u0161\u00ed d\u00e1vky tohoto l\u00e9ku (100 mg nebo v\u00edce na tabletu) by m\u011bly b\u00fdt pou\u017eity pouze v p\u0159\u00edpad\u011b, \u017ee jste u\u017e\u00edvali st\u0159edn\u00ed a\u017e vysok\u00e9 d\u00e1vky pravideln\u011b u\u017e\u00edvat opioidn\u00ed l\u00e9ky proti bolesti. Tyto s\u00edly mohou m\u00edt za n\u00e1sledek p\u0159ed\u00e1vkov\u00e1n\u00ed (a mo\u017en\u00e1 i smrt), pokud je u\u017e\u00edv\u00e1 n\u011bkdo, kdo opioidy trvale neu\u017e\u00edval.<\/p>\n<p>Nepou\u017e\u00edvejte morfin s prodlou\u017een\u00fdm uvol\u0148ov\u00e1n\u00edm k l\u00e9\u010db\u011b bolesti, kter\u00e1 je st\u0159edn\u011b siln\u00e1 nebo odezn\u00ed b\u011bhem p\u00e1r dn\u00ed. Tento l\u00e9k nen\u00ed ur\u010den k pou\u017eit\u00ed podle pot\u0159eby.<\/p>\n<p>MAGNUS MR SULFATE ER 30 MG TABLETA N\u00c1VOD K POU\u017dIT\u00cd<\/p>\n<p>Ne\u017e za\u010dnete u\u017e\u00edvat morfin a poka\u017ed\u00e9, kdy\u017e dostanete n\u00e1hradn\u00ed n\u00e1pl\u0148, p\u0159e\u010dt\u011bte si P\u0159\u00edru\u010dku k l\u00e9k\u016fm vydanou va\u0161\u00edm l\u00e9k\u00e1rn\u00edkem. M\u00e1te-li jak\u00e9koli dotazy, pora\u010fte se se sv\u00fdm l\u00e9ka\u0159em nebo l\u00e9k\u00e1rn\u00edkem.<\/p>\n<p>U\u017e\u00edvejte tento l\u00e9k pravideln\u011b, ne tak, jak je pot\u0159eba p\u0159i siln\u00e9 (pr\u016flomov\u00e9) bolesti, jak v\u00e1m doporu\u010dil l\u00e9ka\u0159. U\u017e\u00edvejte tento l\u00e9k s j\u00eddlem nebo bez j\u00eddla, obvykle ka\u017ed\u00fdch 8 a\u017e 12 hodin, jak v\u00e1m doporu\u010dil l\u00e9ka\u0159. N\u011bkter\u00e9 zna\u010dky by se m\u011bly u\u017e\u00edvat pouze jednou za 12 hodin. Pokud poci\u0165ujete nevolnost, m\u016f\u017ee b\u00fdt prosp\u011b\u0161n\u00e9 u\u017e\u00edvat tento l\u00e9k s j\u00eddlem. Pora\u010fte se se sv\u00fdm l\u00e9ka\u0159em nebo l\u00e9k\u00e1rn\u00edkem o dal\u0161\u00edch strategi\u00edch ke zm\u00edrn\u011bn\u00ed nevolnosti (jako je le\u017een\u00ed na 1 a\u017e 2 hodiny s co nejmen\u0161\u00edmi pohyby hlavy). Pokud nevolnost p\u0159etrv\u00e1v\u00e1, pora\u010fte se se sv\u00fdm l\u00e9ka\u0159em.<\/p>\n<p>Tablety u\u017eijte cel\u00e9. Tableta se nesm\u00ed l\u00e1mat, drtit, \u017ev\u00fdkat ani rozpou\u0161t\u011bt. To m\u016f\u017ee v\u00e9st k \u00fapln\u00e9mu uvoln\u011bn\u00ed l\u00e9ku, co\u017e zvy\u0161uje nebezpe\u010d\u00ed p\u0159ed\u00e1vkov\u00e1n\u00ed morfinem.<\/p>\n<p>D\u00e1vkov\u00e1n\u00ed je ur\u010deno va\u0161\u00ed anamn\u00e9zou a reakc\u00ed na l\u00e9\u010dbu. Nezvy\u0161ujte d\u00e1vku ani neu\u017e\u00edvejte tento l\u00e9k \u010dast\u011bji nebo po del\u0161\u00ed dobu, ne\u017e je doporu\u010deno, proto\u017ee se m\u016f\u017ee zv\u00fd\u0161it riziko v\u00fdskytu ne\u017e\u00e1douc\u00edch \u00fa\u010dink\u016f. Po pokynu l\u00e9k \u0159\u00e1dn\u011b p\u0159eru\u0161te.<\/p>\n<p>Pokud n\u00e1hle p\u0159eru\u0161\u00edte u\u017e\u00edv\u00e1n\u00ed tohoto l\u00e9ku, m\u016f\u017eete zaznamenat abstinen\u010dn\u00ed p\u0159\u00edznaky (jako je neklid, slzen\u00ed o\u010d\u00ed, r\u00fdma, nevolnost, pocen\u00ed, bolesti sval\u016f). Aby se zabr\u00e1nilo vysazen\u00ed, m\u016f\u017ee l\u00e9ka\u0159 postupn\u011b sni\u017eovat d\u00e1vku. Abstinen\u010dn\u00ed p\u0159\u00edznaky jsou pravd\u011bpodobn\u011bj\u0161\u00ed, pokud jste u\u017e\u00edvali morfin po del\u0161\u00ed dobu nebo ve vysok\u00fdch d\u00e1vk\u00e1ch. Okam\u017eit\u011b informujte sv\u00e9ho l\u00e9ka\u0159e nebo l\u00e9k\u00e1rn\u00edka, pokud m\u00e1te abstinen\u010dn\u00ed p\u0159\u00edznaky.<\/p>\n<p>Pokud je tento l\u00e9k u\u017e\u00edv\u00e1n po del\u0161\u00ed dobu, m\u016f\u017ee ztratit \u00fa\u010dinnost. Pokud tento l\u00e9k p\u0159estane spr\u00e1vn\u011b \u00fa\u010dinkovat, pora\u010fte se se sv\u00fdm l\u00e9ka\u0159em.<\/p>\n<p>I kdy\u017e tento l\u00e9k prosp\u00edv\u00e1 velk\u00e9mu po\u010dtu lid\u00ed, m\u016f\u017ee ob\u010das vy\u00fastit v z\u00e1vislost. Toto riziko se m\u016f\u017ee zv\u00fd\u0161it, pokud m\u00e1te poruchu u\u017e\u00edv\u00e1n\u00ed n\u00e1vykov\u00fdch l\u00e1tek (jako je nadm\u011brn\u00e9 u\u017e\u00edv\u00e1n\u00ed drog\/alkoholu nebo z\u00e1vislost). Abyste minimalizovali nebezpe\u010d\u00ed z\u00e1vislosti, pou\u017e\u00edvejte tento l\u00e9k p\u0159esn\u011b podle pokyn\u016f. Dal\u0161\u00ed informace v\u00e1m poskytne v\u00e1\u0161 l\u00e9ka\u0159 nebo l\u00e9k\u00e1rn\u00edk.<\/p>\n<\/p><\/div>\n<div class=\"product-next-previous\">\n<div class=\"product-prev\"><\/div><\/div>\n","protected":false},"excerpt":{"rendered":"<div class=\"woocommerce-product-details__short-description\">\n<p>Magnus MR Morphine 30 mg je mo\u017en\u00e9 zakoupit online. Morfin funguje jako opioidn\u00ed l\u00e9k proti bolesti t\u00edm, \u017ee p\u016fsob\u00ed jako agonista na saturovateln\u00fdch opioidn\u00edch receptorech v CNS a dal\u0161\u00edch org\u00e1nech.<\/p>\n<p>Magnus MR (Morphine Sulfate) 30mg pilulky jsou dostupn\u00e9 bez l\u00e9ka\u0159sk\u00e9ho p\u0159edpisu online (bez RX). Morphine 30mg na prodej ve Spojen\u00e9m kr\u00e1lovstv\u00ed a Evrop\u011b<\/p>\n<\/p><\/div>\n","protected":false},"featured_media":5258,"comment_status":"closed","ping_status":"closed","template":"","meta":[],"product_brand":[],"product_cat":[1117],"product_tag":[1514,1515,1516,1517,1518,1519],"class_list":{"0":"post-5239","1":"product","2":"type-product","3":"status-publish","4":"has-post-thumbnail","6":"product_cat-koupit-prasky-na-spani-bolest","7":"product_tag-buy-magnus-mr-30mg-morphine-sulphate","8":"product_tag-magnus-mr-morfin-sulft-30-mg","9":"product_tag-magnus-mr-morfin-sulft-ulice-cena","10":"product_tag-magnus-mr-morfin-sulft-ulice-cena-za-lahev","11":"product_tag-magnus-mr-30-mg-morfin-sulft","12":"product_tag-magnus-mr-morfin-30-mg","14":"first","15":"instock","16":"shipping-taxable","17":"purchasable","18":"product-type-variable"},"yoast_head":"<!-- This site is optimized with the Yoast SEO plugin v27.3 - https:\/\/yoast.com\/product\/yoast-seo-wordpress\/ -->\n<title>Koupit Magnus MR Morphine 30 mg - Nejlep\u0161\u00ed nejlep\u0161\u00ed glob\u00e1ln\u00ed l\u00e9ky<\/title>\n<meta name=\"description\" content=\"Magnus MR\u00a0(Morphine\u00a0Sulfate)\u00a030mg\u00a0kapsle\u00a0m\u016f\u017eete zakoupit online\u00a0bez l\u00e9ka\u0159sk\u00e9ho p\u0159edpisu (bez RX). Morphine 30mg na prodej Velk\u00e1 Brit\u00e1nie, Evropa\" \/>\n<meta name=\"robots\" content=\"index, follow, max-snippet:-1, max-image-preview:large, max-video-preview:-1\" \/>\n<link rel=\"canonical\" href=\"https:\/\/medicinasinc.com\/cs\/product\/koupit-magnus-mr-morfin-30mg-online\/\" \/>\n<meta property=\"og:locale\" content=\"en_US\" \/>\n<meta property=\"og:type\" content=\"article\" \/>\n<meta property=\"og:title\" content=\"Koupit Magnus MR Morphine 30 mg - Nejlep\u0161\u00ed nejlep\u0161\u00ed glob\u00e1ln\u00ed l\u00e9ky\" \/>\n<meta property=\"og:description\" content=\"Magnus MR\u00a0(Morphine\u00a0Sulfate)\u00a030mg\u00a0kapsle\u00a0m\u016f\u017eete zakoupit online\u00a0bez l\u00e9ka\u0159sk\u00e9ho p\u0159edpisu (bez RX). Morphine 30mg na prodej Velk\u00e1 Brit\u00e1nie, Evropa\" \/>\n<meta property=\"og:url\" content=\"https:\/\/medicinasinc.com\/cs\/product\/koupit-magnus-mr-morfin-30mg-online\/\" \/>\n<meta property=\"og:site_name\" content=\"Medicinas Inc\" \/>\n<meta property=\"article:modified_time\" content=\"2022-03-14T12:21:44+00:00\" \/>\n<meta property=\"og:image\" content=\"https:\/\/medicinasinc.com\/cs\/wp-content\/uploads\/sites\/2\/2022\/02\/Buy-Magnus-MR-Morphine-30mg.jpg\" \/>\n\t<meta property=\"og:image:width\" content=\"600\" \/>\n\t<meta property=\"og:image:height\" content=\"600\" \/>\n\t<meta property=\"og:image:type\" content=\"image\/jpeg\" \/>\n<meta name=\"twitter:card\" content=\"summary_large_image\" \/>\n<meta name=\"twitter:label1\" content=\"Est. reading time\" \/>\n\t<meta name=\"twitter:data1\" content=\"7 minutes\" \/>\n<script type=\"application\/ld+json\" class=\"yoast-schema-graph\">{\"@context\":\"https:\\\/\\\/schema.org\",\"@graph\":[{\"@type\":\"WebPage\",\"@id\":\"https:\\\/\\\/medicinasinc.com\\\/cs\\\/product\\\/koupit-magnus-mr-morfin-30mg-online\\\/\",\"url\":\"https:\\\/\\\/medicinasinc.com\\\/cs\\\/product\\\/koupit-magnus-mr-morfin-30mg-online\\\/\",\"name\":\"Koupit Magnus MR Morphine 30 mg - Nejlep\u0161\u00ed nejlep\u0161\u00ed glob\u00e1ln\u00ed l\u00e9ky\",\"isPartOf\":{\"@id\":\"https:\\\/\\\/medicinasinc.com\\\/cs\\\/#website\"},\"primaryImageOfPage\":{\"@id\":\"https:\\\/\\\/medicinasinc.com\\\/cs\\\/product\\\/koupit-magnus-mr-morfin-30mg-online\\\/#primaryimage\"},\"image\":{\"@id\":\"https:\\\/\\\/medicinasinc.com\\\/cs\\\/product\\\/koupit-magnus-mr-morfin-30mg-online\\\/#primaryimage\"},\"thumbnailUrl\":\"https:\\\/\\\/medicinasinc.com\\\/cs\\\/wp-content\\\/uploads\\\/sites\\\/2\\\/2022\\\/02\\\/Buy-Magnus-MR-Morphine-30mg.jpg\",\"datePublished\":\"2022-02-20T22:28:45+00:00\",\"dateModified\":\"2022-03-14T12:21:44+00:00\",\"description\":\"Magnus MR\u00a0(Morphine\u00a0Sulfate)\u00a030mg\u00a0kapsle\u00a0m\u016f\u017eete zakoupit online\u00a0bez l\u00e9ka\u0159sk\u00e9ho p\u0159edpisu (bez RX). Morphine 30mg na prodej Velk\u00e1 Brit\u00e1nie, Evropa\",\"breadcrumb\":{\"@id\":\"https:\\\/\\\/medicinasinc.com\\\/cs\\\/product\\\/koupit-magnus-mr-morfin-30mg-online\\\/#breadcrumb\"},\"inLanguage\":\"en-US\",\"potentialAction\":[{\"@type\":\"ReadAction\",\"target\":[\"https:\\\/\\\/medicinasinc.com\\\/cs\\\/product\\\/koupit-magnus-mr-morfin-30mg-online\\\/\"]}]},{\"@type\":\"ImageObject\",\"inLanguage\":\"en-US\",\"@id\":\"https:\\\/\\\/medicinasinc.com\\\/cs\\\/product\\\/koupit-magnus-mr-morfin-30mg-online\\\/#primaryimage\",\"url\":\"https:\\\/\\\/medicinasinc.com\\\/cs\\\/wp-content\\\/uploads\\\/sites\\\/2\\\/2022\\\/02\\\/Buy-Magnus-MR-Morphine-30mg.jpg\",\"contentUrl\":\"https:\\\/\\\/medicinasinc.com\\\/cs\\\/wp-content\\\/uploads\\\/sites\\\/2\\\/2022\\\/02\\\/Buy-Magnus-MR-Morphine-30mg.jpg\",\"width\":600,\"height\":600},{\"@type\":\"BreadcrumbList\",\"@id\":\"https:\\\/\\\/medicinasinc.com\\\/cs\\\/product\\\/koupit-magnus-mr-morfin-30mg-online\\\/#breadcrumb\",\"itemListElement\":[{\"@type\":\"ListItem\",\"position\":1,\"name\":\"Obchod\",\"item\":\"https:\\\/\\\/medicinasinc.com\\\/cs\\\/obchod\\\/\"},{\"@type\":\"ListItem\",\"position\":2,\"name\":\"Koupit Magnus MR Morphine 30 mg online\"}]},{\"@type\":\"WebSite\",\"@id\":\"https:\\\/\\\/medicinasinc.com\\\/cs\\\/#website\",\"url\":\"https:\\\/\\\/medicinasinc.com\\\/cs\\\/\",\"name\":\"Medicinas Inc\",\"description\":\"Health Medical Clinic\",\"potentialAction\":[{\"@type\":\"SearchAction\",\"target\":{\"@type\":\"EntryPoint\",\"urlTemplate\":\"https:\\\/\\\/medicinasinc.com\\\/cs\\\/?s={search_term_string}\"},\"query-input\":{\"@type\":\"PropertyValueSpecification\",\"valueRequired\":true,\"valueName\":\"search_term_string\"}}],\"inLanguage\":\"en-US\"}]}<\/script>\n<!-- \/ Yoast SEO plugin. -->","yoast_head_json":{"title":"Koupit Magnus MR Morphine 30 mg - Nejlep\u0161\u00ed nejlep\u0161\u00ed glob\u00e1ln\u00ed l\u00e9ky","description":"Magnus MR\u00a0(Morphine\u00a0Sulfate)\u00a030mg\u00a0kapsle\u00a0m\u016f\u017eete zakoupit online\u00a0bez l\u00e9ka\u0159sk\u00e9ho p\u0159edpisu (bez RX). Morphine 30mg na prodej Velk\u00e1 Brit\u00e1nie, Evropa","robots":{"index":"index","follow":"follow","max-snippet":"max-snippet:-1","max-image-preview":"max-image-preview:large","max-video-preview":"max-video-preview:-1"},"canonical":"https:\/\/medicinasinc.com\/cs\/product\/koupit-magnus-mr-morfin-30mg-online\/","og_locale":"en_US","og_type":"article","og_title":"Koupit Magnus MR Morphine 30 mg - Nejlep\u0161\u00ed nejlep\u0161\u00ed glob\u00e1ln\u00ed l\u00e9ky","og_description":"Magnus MR\u00a0(Morphine\u00a0Sulfate)\u00a030mg\u00a0kapsle\u00a0m\u016f\u017eete zakoupit online\u00a0bez l\u00e9ka\u0159sk\u00e9ho p\u0159edpisu (bez RX). Morphine 30mg na prodej Velk\u00e1 Brit\u00e1nie, Evropa","og_url":"https:\/\/medicinasinc.com\/cs\/product\/koupit-magnus-mr-morfin-30mg-online\/","og_site_name":"Medicinas Inc","article_modified_time":"2022-03-14T12:21:44+00:00","og_image":[{"width":600,"height":600,"url":"https:\/\/medicinasinc.com\/cs\/wp-content\/uploads\/sites\/2\/2022\/02\/Buy-Magnus-MR-Morphine-30mg.jpg","type":"image\/jpeg"}],"twitter_card":"summary_large_image","twitter_misc":{"Est. reading time":"7 minutes"},"schema":{"@context":"https:\/\/schema.org","@graph":[{"@type":"WebPage","@id":"https:\/\/medicinasinc.com\/cs\/product\/koupit-magnus-mr-morfin-30mg-online\/","url":"https:\/\/medicinasinc.com\/cs\/product\/koupit-magnus-mr-morfin-30mg-online\/","name":"Koupit Magnus MR Morphine 30 mg - Nejlep\u0161\u00ed nejlep\u0161\u00ed glob\u00e1ln\u00ed l\u00e9ky","isPartOf":{"@id":"https:\/\/medicinasinc.com\/cs\/#website"},"primaryImageOfPage":{"@id":"https:\/\/medicinasinc.com\/cs\/product\/koupit-magnus-mr-morfin-30mg-online\/#primaryimage"},"image":{"@id":"https:\/\/medicinasinc.com\/cs\/product\/koupit-magnus-mr-morfin-30mg-online\/#primaryimage"},"thumbnailUrl":"https:\/\/medicinasinc.com\/cs\/wp-content\/uploads\/sites\/2\/2022\/02\/Buy-Magnus-MR-Morphine-30mg.jpg","datePublished":"2022-02-20T22:28:45+00:00","dateModified":"2022-03-14T12:21:44+00:00","description":"Magnus MR\u00a0(Morphine\u00a0Sulfate)\u00a030mg\u00a0kapsle\u00a0m\u016f\u017eete zakoupit online\u00a0bez l\u00e9ka\u0159sk\u00e9ho p\u0159edpisu (bez RX). Morphine 30mg na prodej Velk\u00e1 Brit\u00e1nie, Evropa","breadcrumb":{"@id":"https:\/\/medicinasinc.com\/cs\/product\/koupit-magnus-mr-morfin-30mg-online\/#breadcrumb"},"inLanguage":"en-US","potentialAction":[{"@type":"ReadAction","target":["https:\/\/medicinasinc.com\/cs\/product\/koupit-magnus-mr-morfin-30mg-online\/"]}]},{"@type":"ImageObject","inLanguage":"en-US","@id":"https:\/\/medicinasinc.com\/cs\/product\/koupit-magnus-mr-morfin-30mg-online\/#primaryimage","url":"https:\/\/medicinasinc.com\/cs\/wp-content\/uploads\/sites\/2\/2022\/02\/Buy-Magnus-MR-Morphine-30mg.jpg","contentUrl":"https:\/\/medicinasinc.com\/cs\/wp-content\/uploads\/sites\/2\/2022\/02\/Buy-Magnus-MR-Morphine-30mg.jpg","width":600,"height":600},{"@type":"BreadcrumbList","@id":"https:\/\/medicinasinc.com\/cs\/product\/koupit-magnus-mr-morfin-30mg-online\/#breadcrumb","itemListElement":[{"@type":"ListItem","position":1,"name":"Obchod","item":"https:\/\/medicinasinc.com\/cs\/obchod\/"},{"@type":"ListItem","position":2,"name":"Koupit Magnus MR Morphine 30 mg online"}]},{"@type":"WebSite","@id":"https:\/\/medicinasinc.com\/cs\/#website","url":"https:\/\/medicinasinc.com\/cs\/","name":"Medicinas Inc","description":"Health Medical Clinic","potentialAction":[{"@type":"SearchAction","target":{"@type":"EntryPoint","urlTemplate":"https:\/\/medicinasinc.com\/cs\/?s={search_term_string}"},"query-input":{"@type":"PropertyValueSpecification","valueRequired":true,"valueName":"search_term_string"}}],"inLanguage":"en-US"}]}},"_links":{"self":[{"href":"https:\/\/medicinasinc.com\/cs\/wp-json\/wp\/v2\/product\/5239","targetHints":{"allow":["GET"]}}],"collection":[{"href":"https:\/\/medicinasinc.com\/cs\/wp-json\/wp\/v2\/product"}],"about":[{"href":"https:\/\/medicinasinc.com\/cs\/wp-json\/wp\/v2\/types\/product"}],"replies":[{"embeddable":true,"href":"https:\/\/medicinasinc.com\/cs\/wp-json\/wp\/v2\/comments?post=5239"}],"wp:featuredmedia":[{"embeddable":true,"href":"https:\/\/medicinasinc.com\/cs\/wp-json\/wp\/v2\/media\/5258"}],"wp:attachment":[{"href":"https:\/\/medicinasinc.com\/cs\/wp-json\/wp\/v2\/media?parent=5239"}],"wp:term":[{"taxonomy":"product_brand","embeddable":true,"href":"https:\/\/medicinasinc.com\/cs\/wp-json\/wp\/v2\/product_brand?post=5239"},{"taxonomy":"product_cat","embeddable":true,"href":"https:\/\/medicinasinc.com\/cs\/wp-json\/wp\/v2\/product_cat?post=5239"},{"taxonomy":"product_tag","embeddable":true,"href":"https:\/\/medicinasinc.com\/cs\/wp-json\/wp\/v2\/product_tag?post=5239"}],"curies":[{"name":"wp","href":"https:\/\/api.w.org\/{rel}","templated":true}]}}