{"id":5238,"date":"2022-02-20T22:26:29","date_gmt":"2022-02-20T22:26:29","guid":{"rendered":"https:\/\/medicinasinc.com\/cs\/?post_type=product&#038;p=5238"},"modified":"2022-03-14T12:21:56","modified_gmt":"2022-03-14T12:21:56","slug":"buy-lortab-10-325mg","status":"publish","type":"product","link":"https:\/\/medicinasinc.com\/cs\/product\/buy-lortab-10-325mg\/","title":{"rendered":"Kupte si Lortab 10\/325 mg"},"content":{"rendered":"<p>Lortab 10\/325 mg pilulky lze zakoupit online.<br \/> Lortab \u2013 co to je?<br \/> Lortabova rizika<\/p>\n<p>Tento kombinovan\u00fd l\u00e9k se pou\u017e\u00edv\u00e1 k l\u00e9\u010db\u011b bolesti od m\u00edrn\u00e9 a\u017e po t\u011b\u017ekou. Obsahuje opioidn\u00ed analgetikum (hydrokodon) i neopioidn\u00ed analgetikum (acetaminofen). Hydrokodon p\u016fsoben\u00edm na mozek m\u011bn\u00ed zp\u016fsob, jak\u00fdm va\u0161e t\u011blo vn\u00edm\u00e1 bolest a jak na ni reaguje. Acetaminofen m\u016f\u017ee tak\u00e9 pomoci p\u0159i sni\u017eov\u00e1n\u00ed hore\u010dky.<\/p>\n<p>Tento produkt nen\u00ed doporu\u010den pro d\u011bti mlad\u0161\u00ed \u0161esti let kv\u016fli zv\u00fd\u0161en\u00e9mu riziku z\u00e1va\u017en\u00fdch ne\u017e\u00e1douc\u00edch \u00fa\u010dink\u016f (jako je m\u011blk\u00e9\/pomal\u00e9 d\u00fdch\u00e1n\u00ed).<\/p>\n","protected":false},"excerpt":{"rendered":"<div class=\"woocommerce-product-details__short-description\">\n<p>Koupit pilulky Lortab 10\/325 mg lze zakoupit online. online n\u00e1kup l\u00e9k\u016f proti bolesti, online n\u00e1kup l\u00e9k\u016f proti bolesti, online n\u00e1kup l\u00e9k\u016f proti siln\u00e9 bolesti<\/p>\n<p>Lortab 10\/325mg pilulky na prodej ve Spojen\u00e9m kr\u00e1lovstv\u00ed a Evrop\u011b. koupit l\u00e9ky proti bolesti online, koupit l\u00e9ky proti bolesti online, bez p\u0159edpisu, oxykodon online, pr\u00e1\u0161ky proti bolesti, l\u00e9ky proti bolesti, pr\u00e1\u0161ky ADD\/ADHD, steroidy, pr\u00e1\u0161ky proti \u00fazkosti, pr\u00e1\u0161ky proti depresi, pr\u00e1\u0161ky na hubnut\u00ed.<\/p>\n<p>Koupit lortab. acetaminofen tablety 5 mg 7,5 mg 10 mg s potiskem m367 v souladu se z\u00e1konem z renomovan\u00e9 online l\u00e9k\u00e1rny, kter\u00e1 nab\u00edz\u00ed doru\u010den\u00ed p\u0159es noc.<\/p>\n<\/p><\/div>\n","protected":false},"featured_media":5256,"comment_status":"open","ping_status":"closed","template":"","meta":[],"product_brand":[],"product_cat":[1117],"product_tag":[1511,1512,1510,1489,1472,1477,1473,1474,1475,1320,1476,1478,1479,1480,1481,1482,1484,1485,1483,1487,1502,1492,1493,1494,1488,1495,1496,1498,1503,1504,1505,1507,1470,1508,1509,1497,1499,1491,1471,1501,1506,1500,1486,1490,1513],"class_list":{"0":"post-5238","1":"product","2":"type-product","3":"status-publish","4":"has-post-thumbnail","6":"product_cat-koupit-prasky-na-spani-bolest","7":"product_tag-co-je-a-lortab","8":"product_tag-co-je-lortab","9":"product_tag-co-jsou-lortab","10":"product_tag-lortab-dvkovn","11":"product_tag-generick-c3-bd-lortab","12":"product_tag-lortab-10-325-poulin-hodnota","13":"product_tag-how-long-does-lortab-stay-in-your-system","14":"product_tag-how-long-does-lortab-stay-in-your-urine","15":"product_tag-hydrokodon-lortab","16":"product_tag-lortab","17":"product_tag-lortab-10","18":"product_tag-lortab-10-mg","19":"product_tag-lortab-10-obrzky","20":"product_tag-lortab-5","21":"product_tag-lortab-5-mg","22":"product_tag-lortab-5-325","23":"product_tag-lortab-7-5-325","24":"product_tag-lortab-7-5-mg","25":"product_tag-lortab-7-5","26":"product_tag-lortab-addition","27":"product_tag-lortab-ten","28":"product_tag-lortab-generic-names","29":"product_tag-lortab-ingredient","30":"product_tag-lortab-ingredients","31":"product_tag-lortab-klasifikace","32":"product_tag-lortab-m367","33":"product_tag-lortab-on-line","34":"product_tag-lortab-picture","35":"product_tag-lortab-vs-norco","36":"product_tag-lortab-vs-oxycodone","37":"product_tag-lortab-vs-vicodin","38":"product_tag-m366-lortab","39":"product_tag-n-c3-a1kup-lortab-online","40":"product_tag-norco-lortab","41":"product_tag-norco-vs-lortab","42":"product_tag-lortab-pic","43":"product_tag-lortab-obrzky","44":"product_tag-lortab-generic-name","45":"product_tag-rozdl-mezi-lortab-a-percocet","46":"product_tag-lortab-sla","47":"product_tag-lortab-stabylo","48":"product_tag-vedlej-inky-lortabu","49":"product_tag-lortab-z-c3-a1vislosti","50":"product_tag-ottenab-elixr","51":"product_tag-ho-lortab-10","53":"first","54":"instock","55":"shipping-taxable","56":"purchasable","57":"product-type-variable","58":"has-default-attributes"},"yoast_head":"<!-- This site is optimized with the Yoast SEO plugin v27.3 - https:\/\/yoast.com\/product\/yoast-seo-wordpress\/ -->\n<title>Koupit Lortab 10\/325 mg - Nejlep\u0161\u00ed nejlep\u0161\u00ed glob\u00e1ln\u00ed l\u00e9ky<\/title>\n<meta name=\"description\" content=\"Koupit pilulky Lortab 10\/325 mg na prodej Velk\u00e1 Brit\u00e1nie, Evropa. koupit l\u00e9ky proti bolesti online, koupit l\u00e9ky proti bolesti online, seznam siln\u00fdch l\u00e9k\u016f proti bolesti, bez p\u0159edpisu, oxykodon online, pilulky proti bolesti, l\u00e9ky proti bolesti, pilulky ADD\/ADHD, pilulky steroid\u016f, pilulky proti \u00fazkosti, pilulky proti depresi, pilulky na hubnut\u00ed.\" \/>\n<meta name=\"robots\" content=\"index, follow, max-snippet:-1, max-image-preview:large, max-video-preview:-1\" \/>\n<link rel=\"canonical\" href=\"https:\/\/medicinasinc.com\/cs\/product\/buy-lortab-10-325mg\/\" \/>\n<meta property=\"og:locale\" content=\"en_US\" \/>\n<meta property=\"og:type\" content=\"article\" \/>\n<meta property=\"og:title\" content=\"Koupit Lortab 10\/325 mg - Nejlep\u0161\u00ed nejlep\u0161\u00ed glob\u00e1ln\u00ed l\u00e9ky\" \/>\n<meta property=\"og:description\" content=\"Koupit pilulky Lortab 10\/325 mg na prodej Velk\u00e1 Brit\u00e1nie, Evropa. koupit l\u00e9ky proti bolesti online, koupit l\u00e9ky proti bolesti online, seznam siln\u00fdch l\u00e9k\u016f proti bolesti, bez p\u0159edpisu, oxykodon online, pilulky proti bolesti, l\u00e9ky proti bolesti, pilulky ADD\/ADHD, pilulky steroid\u016f, pilulky proti \u00fazkosti, pilulky proti depresi, pilulky na hubnut\u00ed.\" \/>\n<meta property=\"og:url\" content=\"https:\/\/medicinasinc.com\/cs\/product\/buy-lortab-10-325mg\/\" \/>\n<meta property=\"og:site_name\" content=\"Medicinas Inc\" \/>\n<meta property=\"article:modified_time\" content=\"2022-03-14T12:21:56+00:00\" \/>\n<meta property=\"og:image\" content=\"https:\/\/medicinasinc.com\/cs\/wp-content\/uploads\/sites\/2\/2022\/02\/buy-lortab-10-325mg-pills-online.jpg\" \/>\n\t<meta property=\"og:image:width\" content=\"600\" \/>\n\t<meta property=\"og:image:height\" content=\"600\" \/>\n\t<meta property=\"og:image:type\" content=\"image\/jpeg\" \/>\n<meta name=\"twitter:card\" content=\"summary_large_image\" \/>\n<meta name=\"twitter:label1\" content=\"Est. reading time\" \/>\n\t<meta name=\"twitter:data1\" content=\"1 minute\" \/>\n<script type=\"application\/ld+json\" class=\"yoast-schema-graph\">{\"@context\":\"https:\\\/\\\/schema.org\",\"@graph\":[{\"@type\":\"WebPage\",\"@id\":\"https:\\\/\\\/medicinasinc.com\\\/cs\\\/product\\\/buy-lortab-10-325mg\\\/\",\"url\":\"https:\\\/\\\/medicinasinc.com\\\/cs\\\/product\\\/buy-lortab-10-325mg\\\/\",\"name\":\"Koupit Lortab 10\\\/325 mg - Nejlep\u0161\u00ed nejlep\u0161\u00ed glob\u00e1ln\u00ed l\u00e9ky\",\"isPartOf\":{\"@id\":\"https:\\\/\\\/medicinasinc.com\\\/cs\\\/#website\"},\"primaryImageOfPage\":{\"@id\":\"https:\\\/\\\/medicinasinc.com\\\/cs\\\/product\\\/buy-lortab-10-325mg\\\/#primaryimage\"},\"image\":{\"@id\":\"https:\\\/\\\/medicinasinc.com\\\/cs\\\/product\\\/buy-lortab-10-325mg\\\/#primaryimage\"},\"thumbnailUrl\":\"https:\\\/\\\/medicinasinc.com\\\/cs\\\/wp-content\\\/uploads\\\/sites\\\/2\\\/2022\\\/02\\\/buy-lortab-10-325mg-pills-online.jpg\",\"datePublished\":\"2022-02-20T22:26:29+00:00\",\"dateModified\":\"2022-03-14T12:21:56+00:00\",\"description\":\"Koupit pilulky Lortab 10\\\/325 mg na prodej Velk\u00e1 Brit\u00e1nie, Evropa. koupit l\u00e9ky proti bolesti online, koupit l\u00e9ky proti bolesti online, seznam siln\u00fdch l\u00e9k\u016f proti bolesti, bez p\u0159edpisu, oxykodon online, pilulky proti bolesti, l\u00e9ky proti bolesti, pilulky ADD\\\/ADHD, pilulky steroid\u016f, pilulky proti \u00fazkosti, pilulky proti depresi, pilulky na hubnut\u00ed.\",\"breadcrumb\":{\"@id\":\"https:\\\/\\\/medicinasinc.com\\\/cs\\\/product\\\/buy-lortab-10-325mg\\\/#breadcrumb\"},\"inLanguage\":\"en-US\",\"potentialAction\":[{\"@type\":\"ReadAction\",\"target\":[\"https:\\\/\\\/medicinasinc.com\\\/cs\\\/product\\\/buy-lortab-10-325mg\\\/\"]}]},{\"@type\":\"ImageObject\",\"inLanguage\":\"en-US\",\"@id\":\"https:\\\/\\\/medicinasinc.com\\\/cs\\\/product\\\/buy-lortab-10-325mg\\\/#primaryimage\",\"url\":\"https:\\\/\\\/medicinasinc.com\\\/cs\\\/wp-content\\\/uploads\\\/sites\\\/2\\\/2022\\\/02\\\/buy-lortab-10-325mg-pills-online.jpg\",\"contentUrl\":\"https:\\\/\\\/medicinasinc.com\\\/cs\\\/wp-content\\\/uploads\\\/sites\\\/2\\\/2022\\\/02\\\/buy-lortab-10-325mg-pills-online.jpg\",\"width\":600,\"height\":600},{\"@type\":\"BreadcrumbList\",\"@id\":\"https:\\\/\\\/medicinasinc.com\\\/cs\\\/product\\\/buy-lortab-10-325mg\\\/#breadcrumb\",\"itemListElement\":[{\"@type\":\"ListItem\",\"position\":1,\"name\":\"Obchod\",\"item\":\"https:\\\/\\\/medicinasinc.com\\\/cs\\\/obchod\\\/\"},{\"@type\":\"ListItem\",\"position\":2,\"name\":\"Kupte si Lortab 10\\\/325 mg\"}]},{\"@type\":\"WebSite\",\"@id\":\"https:\\\/\\\/medicinasinc.com\\\/cs\\\/#website\",\"url\":\"https:\\\/\\\/medicinasinc.com\\\/cs\\\/\",\"name\":\"Medicinas Inc\",\"description\":\"Health Medical Clinic\",\"potentialAction\":[{\"@type\":\"SearchAction\",\"target\":{\"@type\":\"EntryPoint\",\"urlTemplate\":\"https:\\\/\\\/medicinasinc.com\\\/cs\\\/?s={search_term_string}\"},\"query-input\":{\"@type\":\"PropertyValueSpecification\",\"valueRequired\":true,\"valueName\":\"search_term_string\"}}],\"inLanguage\":\"en-US\"}]}<\/script>\n<!-- \/ Yoast SEO plugin. -->","yoast_head_json":{"title":"Koupit Lortab 10\/325 mg - Nejlep\u0161\u00ed nejlep\u0161\u00ed glob\u00e1ln\u00ed l\u00e9ky","description":"Koupit pilulky Lortab 10\/325 mg na prodej Velk\u00e1 Brit\u00e1nie, Evropa. koupit l\u00e9ky proti bolesti online, koupit l\u00e9ky proti bolesti online, seznam siln\u00fdch l\u00e9k\u016f proti bolesti, bez p\u0159edpisu, oxykodon online, pilulky proti bolesti, l\u00e9ky proti bolesti, pilulky ADD\/ADHD, pilulky steroid\u016f, pilulky proti \u00fazkosti, pilulky proti depresi, pilulky na hubnut\u00ed.","robots":{"index":"index","follow":"follow","max-snippet":"max-snippet:-1","max-image-preview":"max-image-preview:large","max-video-preview":"max-video-preview:-1"},"canonical":"https:\/\/medicinasinc.com\/cs\/product\/buy-lortab-10-325mg\/","og_locale":"en_US","og_type":"article","og_title":"Koupit Lortab 10\/325 mg - Nejlep\u0161\u00ed nejlep\u0161\u00ed glob\u00e1ln\u00ed l\u00e9ky","og_description":"Koupit pilulky Lortab 10\/325 mg na prodej Velk\u00e1 Brit\u00e1nie, Evropa. koupit l\u00e9ky proti bolesti online, koupit l\u00e9ky proti bolesti online, seznam siln\u00fdch l\u00e9k\u016f proti bolesti, bez p\u0159edpisu, oxykodon online, pilulky proti bolesti, l\u00e9ky proti bolesti, pilulky ADD\/ADHD, pilulky steroid\u016f, pilulky proti \u00fazkosti, pilulky proti depresi, pilulky na hubnut\u00ed.","og_url":"https:\/\/medicinasinc.com\/cs\/product\/buy-lortab-10-325mg\/","og_site_name":"Medicinas Inc","article_modified_time":"2022-03-14T12:21:56+00:00","og_image":[{"width":600,"height":600,"url":"https:\/\/medicinasinc.com\/cs\/wp-content\/uploads\/sites\/2\/2022\/02\/buy-lortab-10-325mg-pills-online.jpg","type":"image\/jpeg"}],"twitter_card":"summary_large_image","twitter_misc":{"Est. reading time":"1 minute"},"schema":{"@context":"https:\/\/schema.org","@graph":[{"@type":"WebPage","@id":"https:\/\/medicinasinc.com\/cs\/product\/buy-lortab-10-325mg\/","url":"https:\/\/medicinasinc.com\/cs\/product\/buy-lortab-10-325mg\/","name":"Koupit Lortab 10\/325 mg - Nejlep\u0161\u00ed nejlep\u0161\u00ed glob\u00e1ln\u00ed l\u00e9ky","isPartOf":{"@id":"https:\/\/medicinasinc.com\/cs\/#website"},"primaryImageOfPage":{"@id":"https:\/\/medicinasinc.com\/cs\/product\/buy-lortab-10-325mg\/#primaryimage"},"image":{"@id":"https:\/\/medicinasinc.com\/cs\/product\/buy-lortab-10-325mg\/#primaryimage"},"thumbnailUrl":"https:\/\/medicinasinc.com\/cs\/wp-content\/uploads\/sites\/2\/2022\/02\/buy-lortab-10-325mg-pills-online.jpg","datePublished":"2022-02-20T22:26:29+00:00","dateModified":"2022-03-14T12:21:56+00:00","description":"Koupit pilulky Lortab 10\/325 mg na prodej Velk\u00e1 Brit\u00e1nie, Evropa. koupit l\u00e9ky proti bolesti online, koupit l\u00e9ky proti bolesti online, seznam siln\u00fdch l\u00e9k\u016f proti bolesti, bez p\u0159edpisu, oxykodon online, pilulky proti bolesti, l\u00e9ky proti bolesti, pilulky ADD\/ADHD, pilulky steroid\u016f, pilulky proti \u00fazkosti, pilulky proti depresi, pilulky na hubnut\u00ed.","breadcrumb":{"@id":"https:\/\/medicinasinc.com\/cs\/product\/buy-lortab-10-325mg\/#breadcrumb"},"inLanguage":"en-US","potentialAction":[{"@type":"ReadAction","target":["https:\/\/medicinasinc.com\/cs\/product\/buy-lortab-10-325mg\/"]}]},{"@type":"ImageObject","inLanguage":"en-US","@id":"https:\/\/medicinasinc.com\/cs\/product\/buy-lortab-10-325mg\/#primaryimage","url":"https:\/\/medicinasinc.com\/cs\/wp-content\/uploads\/sites\/2\/2022\/02\/buy-lortab-10-325mg-pills-online.jpg","contentUrl":"https:\/\/medicinasinc.com\/cs\/wp-content\/uploads\/sites\/2\/2022\/02\/buy-lortab-10-325mg-pills-online.jpg","width":600,"height":600},{"@type":"BreadcrumbList","@id":"https:\/\/medicinasinc.com\/cs\/product\/buy-lortab-10-325mg\/#breadcrumb","itemListElement":[{"@type":"ListItem","position":1,"name":"Obchod","item":"https:\/\/medicinasinc.com\/cs\/obchod\/"},{"@type":"ListItem","position":2,"name":"Kupte si Lortab 10\/325 mg"}]},{"@type":"WebSite","@id":"https:\/\/medicinasinc.com\/cs\/#website","url":"https:\/\/medicinasinc.com\/cs\/","name":"Medicinas Inc","description":"Health Medical Clinic","potentialAction":[{"@type":"SearchAction","target":{"@type":"EntryPoint","urlTemplate":"https:\/\/medicinasinc.com\/cs\/?s={search_term_string}"},"query-input":{"@type":"PropertyValueSpecification","valueRequired":true,"valueName":"search_term_string"}}],"inLanguage":"en-US"}]}},"_links":{"self":[{"href":"https:\/\/medicinasinc.com\/cs\/wp-json\/wp\/v2\/product\/5238","targetHints":{"allow":["GET"]}}],"collection":[{"href":"https:\/\/medicinasinc.com\/cs\/wp-json\/wp\/v2\/product"}],"about":[{"href":"https:\/\/medicinasinc.com\/cs\/wp-json\/wp\/v2\/types\/product"}],"replies":[{"embeddable":true,"href":"https:\/\/medicinasinc.com\/cs\/wp-json\/wp\/v2\/comments?post=5238"}],"wp:featuredmedia":[{"embeddable":true,"href":"https:\/\/medicinasinc.com\/cs\/wp-json\/wp\/v2\/media\/5256"}],"wp:attachment":[{"href":"https:\/\/medicinasinc.com\/cs\/wp-json\/wp\/v2\/media?parent=5238"}],"wp:term":[{"taxonomy":"product_brand","embeddable":true,"href":"https:\/\/medicinasinc.com\/cs\/wp-json\/wp\/v2\/product_brand?post=5238"},{"taxonomy":"product_cat","embeddable":true,"href":"https:\/\/medicinasinc.com\/cs\/wp-json\/wp\/v2\/product_cat?post=5238"},{"taxonomy":"product_tag","embeddable":true,"href":"https:\/\/medicinasinc.com\/cs\/wp-json\/wp\/v2\/product_tag?post=5238"}],"curies":[{"name":"wp","href":"https:\/\/api.w.org\/{rel}","templated":true}]}}