{"id":5237,"date":"2022-02-20T22:24:46","date_gmt":"2022-02-20T22:24:46","guid":{"rendered":"https:\/\/medicinasinc.com\/cs\/?post_type=product&#038;p=5237"},"modified":"2022-03-14T12:22:06","modified_gmt":"2022-03-14T12:22:06","slug":"koupit-lioresal-baklofen-25mg-pilulky","status":"publish","type":"product","link":"https:\/\/medicinasinc.com\/cs\/product\/koupit-lioresal-baklofen-25mg-pilulky\/","title":{"rendered":"Kupte si pilulky Lioresal Baclofen 25mg"},"content":{"rendered":"<p>Pilulky Lioresal Baclofen 25 mg lze zakoupit online.<\/p>\n<p>INDIKACE<\/p>\n<p>Lioresal (Baclofen) je antispasmodikum a svalov\u00fd relaxant.<\/p>\n<p>Baklofen se pou\u017e\u00edv\u00e1 k l\u00e9\u010db\u011b svalov\u00e9 k\u0159e\u010de, nepohodl\u00ed a ztuhlost spojen\u00e1 s roztrou\u0161enou skler\u00f3zou.<\/p>\n<p>Baclofen m\u016f\u017ee b\u00fdt pou\u017eit u dal\u0161\u00edch stav\u016f, kter\u00e9 nejsou zahrnuty v tomto n\u00e1vodu k l\u00e9\u010db\u011b.<\/p>\n<p>POKYNY<\/p>\n<p>Berte p\u0159esn\u011b podle pokyn\u016f sv\u00e9ho l\u00e9ka\u0159e. Nekonzumujte v\u00edce nebo m\u00e9n\u011b ne\u017e doporu\u010den\u00e9 mno\u017estv\u00ed nebo d\u00e9le, ne\u017e je doporu\u010deno. Dodr\u017eujte pokyny uveden\u00e9 na \u0161t\u00edtku l\u00e9ku.<\/p>\n<p>V\u00e1\u0161 l\u00e9ka\u0159 m\u016f\u017ee p\u0159\u00edle\u017eitostn\u011b upravit va\u0161i d\u00e1vku, abyste zajistili co nejlep\u0161\u00ed v\u00fdsledky.<br \/> Pokud va\u0161e svalov\u00e9 pot\u00ed\u017ee p\u0159etrv\u00e1vaj\u00ed i po dvou t\u00fddnech l\u00e9\u010dby, pora\u010fte se se sv\u00fdm l\u00e9ka\u0159em. l\u00e9\u010dbu t\u00edmto l\u00e9kem. Nep\u0159eru\u0161ujte tento l\u00e9k bez p\u0159edchoz\u00ed konzultace s l\u00e9ka\u0159em. Kdy\u017e p\u0159estanete u\u017e\u00edvat baklofen po del\u0161\u00ed dob\u011b u\u017e\u00edv\u00e1n\u00ed, m\u016f\u017eete m\u00edt abstinen\u010dn\u00ed p\u0159\u00edznaky, jako jsou z\u00e1chvaty nebo halucinace. Mo\u017en\u00e1 budete muset u\u017e\u00edvat l\u00e9k m\u00e9n\u011b a m\u00e9n\u011b, dokud jej \u00fapln\u011b nevysad\u00edte.<\/p>\n<p>D\u00c1VKOV\u00c1N\u00cd<\/p>\n<p>U\u017e\u00edvejte l\u00e9ky p\u0159esn\u011b podle pokyn\u016f sv\u00e9ho l\u00e9ka\u0159e.<\/p>\n<p>Dosp\u011bl\u00ed pacienti. se spasticitou m\u00edchy: Po prvn\u00edch 24 hodin\u00e1ch by se m\u011bla denn\u00ed d\u00e1vka u dosp\u011bl\u00fdch pacient\u016f postupn\u011b zvy\u0161ovat o 10\u201330 % a pouze jednou za 24 hodin, dokud se nedos\u00e1hne po\u017eadovan\u00e9ho terapeutick\u00e9ho \u00fa\u010dinku.<\/p>\n<p>Dosp\u011bl\u00ed s cerebr\u00e1ln\u00ed spasticitou: Po prvn\u00edch 24 hodin\u00e1ch by se m\u011bla denn\u00ed d\u00e1vka postupn\u011b zvy\u0161ovat o 5\u201315 % ka\u017ed\u00fdch 24 hodin, dokud se nedos\u00e1hne po\u017eadovan\u00e9ho terapeutick\u00e9ho \u00fa\u010dinku.<\/p>\n<p>Po prvn\u00edch 24 hodin\u00e1ch by m\u011bla b\u00fdt denn\u00ed d\u00e1vka by m\u011bla b\u00fdt postupn\u011b zvy\u0161ov\u00e1na o 5-15 procent ka\u017ed\u00fdch 24 hodin, dokud se nedos\u00e1hne po\u017eadovan\u00e9ho terapeutick\u00e9ho \u00fa\u010dinku. Pokud zv\u00fd\u0161en\u00ed denn\u00ed d\u00e1vky nevyvol\u00e1 smysluplnou klinickou odpov\u011b\u010f, zkontrolujte dobrou funkci pumpy a pr\u016fchodnost kat\u00e9tru. B\u011bhem f\u00e1ze screeningu a obdob\u00ed titrace d\u00e1vky bezprost\u0159edn\u011b po implantaci mus\u00ed b\u00fdt pacienti pravideln\u011b sledov\u00e1ni v dob\u0159e vybaven\u00e9m a person\u00e1ln\u011b vybaven\u00e9m prost\u0159ed\u00ed. Resuscita\u010dn\u00ed vybaven\u00ed by m\u011blo b\u00fdt snadno dostupn\u00e9 pro p\u0159\u00edpad potenci\u00e1ln\u011b smrteln\u00fdch nebo nep\u0159ijateln\u00fdch nep\u0159\u00edzniv\u00fdch \u00fa\u010dink\u016f.<\/p>\n<p>SKLADOV\u00c1N\u00cd<\/p>\n<p>Chlazen\u00ed nen\u00ed vy\u017eadov\u00e1no.<\/p>\n<p>Uchov\u00e1vejte p\u0159i teplot\u011b do 86 \u00b0F ( 30\u00b0C).<\/p>\n<p>Nezamrazujte.<\/p>\n<p>Vyhn\u011bte se tepeln\u00e9 sterilizaci.<\/p>\n<p>DAL\u0160\u00cd INFORMACE:<\/p>\n<p>Baklofen je aktivn\u00ed slo\u017eka.<\/p>\n<p>Lioresal je analgetikum. V\u00fdrazn\u011b sni\u017euje frekvenci a intenzitu svalov\u00fdch k\u0159e\u010d\u00ed zp\u016fsoben\u00fdch neurologick\u00fdmi onemocn\u011bn\u00edmi, jako je roztrou\u0161en\u00e1 skler\u00f3za.<\/p>\n<p>D\u016eLE\u017dIT\u00c9 BEZPE\u010cNOSTN\u00cd INFORMACE<\/p>\n<p>Pokud jste alergi\u010dt\u00ed na baklofen, m\u011bli byste se jeho u\u017e\u00edv\u00e1n\u00ed vyvarovat.<\/p>\n<p>Informujte sv\u00e9ho l\u00e9ka\u0159e, pokud m\u00e1te n\u011bkter\u00fd z n\u00e1sleduj\u00edc\u00edch dal\u0161\u00edch stav\u016f, abyste zajistili, \u017ee m\u016f\u017eete bezpe\u010dn\u011b u\u017e\u00edvat baklofen:<\/p>\n<p>onemocn\u011bn\u00ed ledvin<\/p>\n<p>k\u0159e\u010dov\u00e9 onemocn\u011bn\u00ed, jako je nap\u0159. epilepsie; nebo<\/p>\n<p>osobn\u00ed nebo rodinn\u00e1 anamn\u00e9za c\u00e9vn\u00ed mozkov\u00e9 p\u0159\u00edhody nebo krevn\u00edch sra\u017eenin.<\/p>\n<p>U\u017e\u00edv\u00e1n\u00ed baklofenu m\u016f\u017ee zv\u00fd\u0161it riziko vzniku ovari\u00e1ln\u00ed cysty. O konkr\u00e9tn\u00edm riziku se pora\u010fte se sv\u00fdm l\u00e9ka\u0159em. FDA klasifikace t\u011bhotenstv\u00ed C. Nen\u00ed zn\u00e1mo, zda je baklofen toxick\u00fd pro nenarozen\u00e9 d\u00edt\u011b. Informujte sv\u00e9ho l\u00e9ka\u0159e, pokud jste t\u011bhotn\u00e1 nebo chcete ot\u011bhotn\u011bt b\u011bhem u\u017e\u00edv\u00e1n\u00ed tohoto l\u00e9ku. Nen\u00ed zn\u00e1mo, zda se baklofen dost\u00e1v\u00e1 do mate\u0159sk\u00e9ho ml\u00e9ka nebo zda je \u0161kodliv\u00fd pro kojence. P\u0159i u\u017e\u00edv\u00e1n\u00ed baklofenu je t\u0159eba se vyhnout kojen\u00ed. Nikdy nepod\u00e1vejte tento l\u00e9k mladistv\u00fdm mlad\u0161\u00edm 12 let. Senio\u0159i mohou b\u00fdt n\u00e1chyln\u011bj\u0161\u00ed k \u00fa\u010dink\u016fm tohoto l\u00e9ku.<\/p>\n<p>Bezpe\u010dnostn\u00ed informace, kter\u00e9 jsou kritick\u00e9<\/p>\n<p>Tento l\u00e9k m\u00e1 potenci\u00e1l ovlivnit va\u0161e my\u0161len\u00ed a reakce. Bu\u010fte opatrn\u00ed, pokud \u0159\u00edd\u00edte nebo d\u011bl\u00e1te cokoliv jin\u00e9ho, \u200b\u200bco vy\u017eaduje pozornost. Konzumace alkoholu m\u016f\u017ee zhor\u0161it n\u011bkter\u00e9 ne\u017e\u00e1douc\u00ed \u00fa\u010dinky baklofenu. Vyhn\u011bte se pou\u017e\u00edv\u00e1n\u00ed baklofenu v dob\u011b, kdy je svalov\u00fd tonus vy\u017eadov\u00e1n pro spr\u00e1vnou rovnov\u00e1hu a pohyblivost b\u011bhem specifick\u00fdch \u010dinnost\u00ed. Za ur\u010dit\u00fdch okolnost\u00ed m\u016f\u017ee n\u00edzk\u00fd svalov\u00fd tonus ohrozit va\u0161i fyzickou bezpe\u010dnost.<\/p>\n<div class=\"product-next-previous\">\n<div class=\"product-prev\">\n<p><strong>NE\u017d\u00c1DOUC\u00cd \u00da\u010cINKY<\/strong><\/p>\n<p>Vyhledejte pohotovostn\u00ed l\u00e9ka\u0159skou pomoc, pokud m\u00e1te n\u011bkter\u00fd z t\u011bchto p\u0159\u00edznak\u016f alergick\u00e9 reakce: kop\u0159ivka; obt\u00ed\u017en\u00e9 d\u00fdch\u00e1n\u00ed; otok obli\u010deje, rt\u016f, jazyka nebo hrdla. Okam\u017eit\u011b zavolejte sv\u00e9ho l\u00e9ka\u0159e, pokud m\u00e1te z\u00e1va\u017en\u00e9 ne\u017e\u00e1douc\u00ed \u00fa\u010dinky, jako jsou:<\/p>\n<p>z\u00e1chvaty (k\u0159e\u010de);<\/p>\n<p>zmatenost, halucinace; nebo<\/p>\n<p>nerovnom\u011brn\u00fd srde\u010dn\u00ed tep.<\/p>\n<p>M\u00e9n\u011b z\u00e1va\u017en\u00e9 ne\u017e\u00e1douc\u00ed \u00fa\u010dinky mohou zahrnovat:<\/p>\n<p>ospalost, z\u00e1vrat\u011b, slabost, pocit \u00fanavy;<\/p>\n<p>bolest hlavy ;<\/p>\n<p>probl\u00e9my se sp\u00e1nkem (nespavost);<\/p>\n<p>nevolnost, z\u00e1cpa; nebo<\/p>\n<p>mo\u010d\u00edte \u010dast\u011bji ne\u017e obvykle.<\/p>\n<p>Toto nen\u00ed \u00fapln\u00fd seznam ne\u017e\u00e1douc\u00edch \u00fa\u010dink\u016f a mohou se vyskytnout dal\u0161\u00ed.<\/p>\n<p>Po\u017e\u00e1dejte sv\u00e9ho l\u00e9ka\u0159e o radu ohledn\u011b vedlej\u0161\u00edch \u00fa\u010dink\u016f efekty.<\/p>\n<\/p><\/div><\/div>\n<div class=\"product-next-previous\">\n<div class=\"product-prev\"><\/div><\/div>\n","protected":false},"excerpt":{"rendered":"<p>Kupte si pilulky Lioresal Baclofen 25 mg na prodej v Evrop\u011b a Spojen\u00e9m kr\u00e1lovstv\u00ed online. Tablety Baclofen s trojrozm\u011brn\u00fdm slo\u017een\u00edm Lioresal se maj\u00ed polykat cel\u00e9 s j\u00eddlem. Po\u010d\u00e1te\u010dn\u00ed d\u00e1vka je 5 mg t\u0159ikr\u00e1t denn\u011b.<\/p>\n<p>Lioresal 25 mg tablety (10 Tab) lze zakoupit online. BACLOFEN 25MG je obecn\u00fd n\u00e1zev. Lioresal\u00a0&#8230; Baclofen 25 mg je obsa\u017een v ka\u017ed\u00e9 nepotahovan\u00e9 tablet\u011b Lioresal 25 mg.<\/p>\n<p>Pou\u017eit\u00ed baklofenu v pilulk\u00e1ch baclofenu ve Spojen\u00e9m kr\u00e1lovstv\u00ed jak\u00e9 jsou&#8230; medicamento lioresal 25 mg baklofen lioresal 10 mg tableta<\/p>\n<p>10 mg baklofenov\u00e1 tableta<\/p>\n","protected":false},"featured_media":5254,"comment_status":"open","ping_status":"closed","template":"","meta":[],"product_brand":[],"product_cat":[1117],"product_tag":[1442,1443,1446,1448,1449,1450,1453,1455,1440,1441,1444,1445,1447,1451,1452,1454,1456,1467,1457,1459,1461,1462,1463,1464,1465,1466,1458,1468,1439,1460,1469],"class_list":{"0":"post-5237","1":"product","2":"type-product","3":"status-publish","4":"has-post-thumbnail","6":"product_cat-koupit-prasky-na-spani-bolest","7":"product_tag-baclofen-lioresal-1-to-2-months","8":"product_tag-baclofen-lioresal-10-mg-oral-ta","9":"product_tag-baklofen-10-mg-generikum-pro-lioresal-potebujete-pedtm-snst","10":"product_tag-baclofen-lioresal-10-mg","11":"product_tag-baclofen-lioresal-buy-mexico","12":"product_tag-baclofen-lioresal-drug-class","13":"product_tag-baklofen-lioresal-pro-jsem-tak-unaven","14":"product_tag-baclofen","15":"product_tag-baklofen-lioresal","16":"product_tag-baklofen-lioresal-20-mg","17":"product_tag-baklofen-lioresal-stimulant","18":"product_tag-baklofen-lioresal-vedlej-inky","19":"product_tag-baklofen-gablofen-lioresal","20":"product_tag-baklofen-lioresal-nebo-c3-a1ln-c4-9b-intratek-c3-a1ln-c3-ad","21":"product_tag-baklofen-lioresal-tizanidin-zanaflex","22":"product_tag-baklofen-vs-lioresal","23":"product_tag-dantrolen-dantrium","24":"product_tag-dvkovn-lioresalu","25":"product_tag-lioresal-10-mg-baclofen","26":"product_tag-lioresal-10-mg-vedlej-inky","27":"product_tag-lioresal-25-mg-baklofen","28":"product_tag-lioresal-25-side-effects","29":"product_tag-lioresal-baclofen","30":"product_tag-lioresal-baklofen-10-mg","31":"product_tag-lioresal-baklofen-25-mg","32":"product_tag-lioresal-baklofen-prospekt","33":"product_tag-lioresal-10-mg-dvka","34":"product_tag-lioresal-vedlej-inky","35":"product_tag-neidentifikovan","36":"product_tag-lioresal-10-mg-tableta-pou-c5-beit-c3-ad","37":"product_tag-tizanidin","39":"first","40":"instock","41":"shipping-taxable","42":"purchasable","43":"product-type-variable","44":"has-default-attributes"},"yoast_head":"<!-- This site is optimized with the Yoast SEO plugin v27.3 - https:\/\/yoast.com\/product\/yoast-seo-wordpress\/ -->\n<title>Kupte si pilulky Lioresal Baclofen 25mg - Nejlep\u0161\u00ed glob\u00e1ln\u00ed l\u00e9ky<\/title>\n<meta name=\"description\" content=\"Koupit Lioresal Baclofen 25mg pilulky na prodej Evropa, Velk\u00e1 Brit\u00e1nie online. Tablety Baclofen 3d formula Lioresal by se m\u011bly u\u017e\u00edvat \u00fasty s j\u00eddlem. Po\u010d\u00e1te\u010dn\u00ed d\u00e1vka je 5 mg 3kr\u00e1t denn\u011b.\" \/>\n<meta name=\"robots\" content=\"index, follow, max-snippet:-1, max-image-preview:large, max-video-preview:-1\" \/>\n<link rel=\"canonical\" href=\"https:\/\/medicinasinc.com\/cs\/product\/koupit-lioresal-baklofen-25mg-pilulky\/\" \/>\n<meta property=\"og:locale\" content=\"en_US\" \/>\n<meta property=\"og:type\" content=\"article\" \/>\n<meta property=\"og:title\" content=\"Kupte si pilulky Lioresal Baclofen 25mg - Nejlep\u0161\u00ed glob\u00e1ln\u00ed l\u00e9ky\" \/>\n<meta property=\"og:description\" content=\"Koupit Lioresal Baclofen 25mg pilulky na prodej Evropa, Velk\u00e1 Brit\u00e1nie online. Tablety Baclofen 3d formula Lioresal by se m\u011bly u\u017e\u00edvat \u00fasty s j\u00eddlem. Po\u010d\u00e1te\u010dn\u00ed d\u00e1vka je 5 mg 3kr\u00e1t denn\u011b.\" \/>\n<meta property=\"og:url\" content=\"https:\/\/medicinasinc.com\/cs\/product\/koupit-lioresal-baklofen-25mg-pilulky\/\" \/>\n<meta property=\"og:site_name\" content=\"Medicinas Inc\" \/>\n<meta property=\"article:modified_time\" content=\"2022-03-14T12:22:06+00:00\" \/>\n<meta property=\"og:image\" content=\"https:\/\/medicinasinc.com\/cs\/wp-content\/uploads\/sites\/2\/2022\/02\/Buy-Lioresal-Baclofen-25mg.jpg\" \/>\n\t<meta property=\"og:image:width\" content=\"1280\" \/>\n\t<meta property=\"og:image:height\" content=\"720\" \/>\n\t<meta property=\"og:image:type\" content=\"image\/jpeg\" \/>\n<meta name=\"twitter:card\" content=\"summary_large_image\" \/>\n<meta name=\"twitter:label1\" content=\"Est. reading time\" \/>\n\t<meta name=\"twitter:data1\" content=\"3 minutes\" \/>\n<script type=\"application\/ld+json\" class=\"yoast-schema-graph\">{\"@context\":\"https:\\\/\\\/schema.org\",\"@graph\":[{\"@type\":\"WebPage\",\"@id\":\"https:\\\/\\\/medicinasinc.com\\\/cs\\\/product\\\/koupit-lioresal-baklofen-25mg-pilulky\\\/\",\"url\":\"https:\\\/\\\/medicinasinc.com\\\/cs\\\/product\\\/koupit-lioresal-baklofen-25mg-pilulky\\\/\",\"name\":\"Kupte si pilulky Lioresal Baclofen 25mg - Nejlep\u0161\u00ed glob\u00e1ln\u00ed l\u00e9ky\",\"isPartOf\":{\"@id\":\"https:\\\/\\\/medicinasinc.com\\\/cs\\\/#website\"},\"primaryImageOfPage\":{\"@id\":\"https:\\\/\\\/medicinasinc.com\\\/cs\\\/product\\\/koupit-lioresal-baklofen-25mg-pilulky\\\/#primaryimage\"},\"image\":{\"@id\":\"https:\\\/\\\/medicinasinc.com\\\/cs\\\/product\\\/koupit-lioresal-baklofen-25mg-pilulky\\\/#primaryimage\"},\"thumbnailUrl\":\"https:\\\/\\\/medicinasinc.com\\\/cs\\\/wp-content\\\/uploads\\\/sites\\\/2\\\/2022\\\/02\\\/Buy-Lioresal-Baclofen-25mg.jpg\",\"datePublished\":\"2022-02-20T22:24:46+00:00\",\"dateModified\":\"2022-03-14T12:22:06+00:00\",\"description\":\"Koupit Lioresal Baclofen 25mg pilulky na prodej Evropa, Velk\u00e1 Brit\u00e1nie online. Tablety Baclofen 3d formula Lioresal by se m\u011bly u\u017e\u00edvat \u00fasty s j\u00eddlem. Po\u010d\u00e1te\u010dn\u00ed d\u00e1vka je 5 mg 3kr\u00e1t denn\u011b.\",\"breadcrumb\":{\"@id\":\"https:\\\/\\\/medicinasinc.com\\\/cs\\\/product\\\/koupit-lioresal-baklofen-25mg-pilulky\\\/#breadcrumb\"},\"inLanguage\":\"en-US\",\"potentialAction\":[{\"@type\":\"ReadAction\",\"target\":[\"https:\\\/\\\/medicinasinc.com\\\/cs\\\/product\\\/koupit-lioresal-baklofen-25mg-pilulky\\\/\"]}]},{\"@type\":\"ImageObject\",\"inLanguage\":\"en-US\",\"@id\":\"https:\\\/\\\/medicinasinc.com\\\/cs\\\/product\\\/koupit-lioresal-baklofen-25mg-pilulky\\\/#primaryimage\",\"url\":\"https:\\\/\\\/medicinasinc.com\\\/cs\\\/wp-content\\\/uploads\\\/sites\\\/2\\\/2022\\\/02\\\/Buy-Lioresal-Baclofen-25mg.jpg\",\"contentUrl\":\"https:\\\/\\\/medicinasinc.com\\\/cs\\\/wp-content\\\/uploads\\\/sites\\\/2\\\/2022\\\/02\\\/Buy-Lioresal-Baclofen-25mg.jpg\",\"width\":1280,\"height\":720},{\"@type\":\"BreadcrumbList\",\"@id\":\"https:\\\/\\\/medicinasinc.com\\\/cs\\\/product\\\/koupit-lioresal-baklofen-25mg-pilulky\\\/#breadcrumb\",\"itemListElement\":[{\"@type\":\"ListItem\",\"position\":1,\"name\":\"Obchod\",\"item\":\"https:\\\/\\\/medicinasinc.com\\\/cs\\\/obchod\\\/\"},{\"@type\":\"ListItem\",\"position\":2,\"name\":\"Kupte si pilulky Lioresal Baclofen 25mg\"}]},{\"@type\":\"WebSite\",\"@id\":\"https:\\\/\\\/medicinasinc.com\\\/cs\\\/#website\",\"url\":\"https:\\\/\\\/medicinasinc.com\\\/cs\\\/\",\"name\":\"Medicinas Inc\",\"description\":\"Health Medical Clinic\",\"potentialAction\":[{\"@type\":\"SearchAction\",\"target\":{\"@type\":\"EntryPoint\",\"urlTemplate\":\"https:\\\/\\\/medicinasinc.com\\\/cs\\\/?s={search_term_string}\"},\"query-input\":{\"@type\":\"PropertyValueSpecification\",\"valueRequired\":true,\"valueName\":\"search_term_string\"}}],\"inLanguage\":\"en-US\"}]}<\/script>\n<!-- \/ Yoast SEO plugin. -->","yoast_head_json":{"title":"Kupte si pilulky Lioresal Baclofen 25mg - Nejlep\u0161\u00ed glob\u00e1ln\u00ed l\u00e9ky","description":"Koupit Lioresal Baclofen 25mg pilulky na prodej Evropa, Velk\u00e1 Brit\u00e1nie online. Tablety Baclofen 3d formula Lioresal by se m\u011bly u\u017e\u00edvat \u00fasty s j\u00eddlem. Po\u010d\u00e1te\u010dn\u00ed d\u00e1vka je 5 mg 3kr\u00e1t denn\u011b.","robots":{"index":"index","follow":"follow","max-snippet":"max-snippet:-1","max-image-preview":"max-image-preview:large","max-video-preview":"max-video-preview:-1"},"canonical":"https:\/\/medicinasinc.com\/cs\/product\/koupit-lioresal-baklofen-25mg-pilulky\/","og_locale":"en_US","og_type":"article","og_title":"Kupte si pilulky Lioresal Baclofen 25mg - Nejlep\u0161\u00ed glob\u00e1ln\u00ed l\u00e9ky","og_description":"Koupit Lioresal Baclofen 25mg pilulky na prodej Evropa, Velk\u00e1 Brit\u00e1nie online. Tablety Baclofen 3d formula Lioresal by se m\u011bly u\u017e\u00edvat \u00fasty s j\u00eddlem. Po\u010d\u00e1te\u010dn\u00ed d\u00e1vka je 5 mg 3kr\u00e1t denn\u011b.","og_url":"https:\/\/medicinasinc.com\/cs\/product\/koupit-lioresal-baklofen-25mg-pilulky\/","og_site_name":"Medicinas Inc","article_modified_time":"2022-03-14T12:22:06+00:00","og_image":[{"width":1280,"height":720,"url":"https:\/\/medicinasinc.com\/cs\/wp-content\/uploads\/sites\/2\/2022\/02\/Buy-Lioresal-Baclofen-25mg.jpg","type":"image\/jpeg"}],"twitter_card":"summary_large_image","twitter_misc":{"Est. reading time":"3 minutes"},"schema":{"@context":"https:\/\/schema.org","@graph":[{"@type":"WebPage","@id":"https:\/\/medicinasinc.com\/cs\/product\/koupit-lioresal-baklofen-25mg-pilulky\/","url":"https:\/\/medicinasinc.com\/cs\/product\/koupit-lioresal-baklofen-25mg-pilulky\/","name":"Kupte si pilulky Lioresal Baclofen 25mg - Nejlep\u0161\u00ed glob\u00e1ln\u00ed l\u00e9ky","isPartOf":{"@id":"https:\/\/medicinasinc.com\/cs\/#website"},"primaryImageOfPage":{"@id":"https:\/\/medicinasinc.com\/cs\/product\/koupit-lioresal-baklofen-25mg-pilulky\/#primaryimage"},"image":{"@id":"https:\/\/medicinasinc.com\/cs\/product\/koupit-lioresal-baklofen-25mg-pilulky\/#primaryimage"},"thumbnailUrl":"https:\/\/medicinasinc.com\/cs\/wp-content\/uploads\/sites\/2\/2022\/02\/Buy-Lioresal-Baclofen-25mg.jpg","datePublished":"2022-02-20T22:24:46+00:00","dateModified":"2022-03-14T12:22:06+00:00","description":"Koupit Lioresal Baclofen 25mg pilulky na prodej Evropa, Velk\u00e1 Brit\u00e1nie online. Tablety Baclofen 3d formula Lioresal by se m\u011bly u\u017e\u00edvat \u00fasty s j\u00eddlem. Po\u010d\u00e1te\u010dn\u00ed d\u00e1vka je 5 mg 3kr\u00e1t denn\u011b.","breadcrumb":{"@id":"https:\/\/medicinasinc.com\/cs\/product\/koupit-lioresal-baklofen-25mg-pilulky\/#breadcrumb"},"inLanguage":"en-US","potentialAction":[{"@type":"ReadAction","target":["https:\/\/medicinasinc.com\/cs\/product\/koupit-lioresal-baklofen-25mg-pilulky\/"]}]},{"@type":"ImageObject","inLanguage":"en-US","@id":"https:\/\/medicinasinc.com\/cs\/product\/koupit-lioresal-baklofen-25mg-pilulky\/#primaryimage","url":"https:\/\/medicinasinc.com\/cs\/wp-content\/uploads\/sites\/2\/2022\/02\/Buy-Lioresal-Baclofen-25mg.jpg","contentUrl":"https:\/\/medicinasinc.com\/cs\/wp-content\/uploads\/sites\/2\/2022\/02\/Buy-Lioresal-Baclofen-25mg.jpg","width":1280,"height":720},{"@type":"BreadcrumbList","@id":"https:\/\/medicinasinc.com\/cs\/product\/koupit-lioresal-baklofen-25mg-pilulky\/#breadcrumb","itemListElement":[{"@type":"ListItem","position":1,"name":"Obchod","item":"https:\/\/medicinasinc.com\/cs\/obchod\/"},{"@type":"ListItem","position":2,"name":"Kupte si pilulky Lioresal Baclofen 25mg"}]},{"@type":"WebSite","@id":"https:\/\/medicinasinc.com\/cs\/#website","url":"https:\/\/medicinasinc.com\/cs\/","name":"Medicinas Inc","description":"Health Medical Clinic","potentialAction":[{"@type":"SearchAction","target":{"@type":"EntryPoint","urlTemplate":"https:\/\/medicinasinc.com\/cs\/?s={search_term_string}"},"query-input":{"@type":"PropertyValueSpecification","valueRequired":true,"valueName":"search_term_string"}}],"inLanguage":"en-US"}]}},"_links":{"self":[{"href":"https:\/\/medicinasinc.com\/cs\/wp-json\/wp\/v2\/product\/5237","targetHints":{"allow":["GET"]}}],"collection":[{"href":"https:\/\/medicinasinc.com\/cs\/wp-json\/wp\/v2\/product"}],"about":[{"href":"https:\/\/medicinasinc.com\/cs\/wp-json\/wp\/v2\/types\/product"}],"replies":[{"embeddable":true,"href":"https:\/\/medicinasinc.com\/cs\/wp-json\/wp\/v2\/comments?post=5237"}],"wp:featuredmedia":[{"embeddable":true,"href":"https:\/\/medicinasinc.com\/cs\/wp-json\/wp\/v2\/media\/5254"}],"wp:attachment":[{"href":"https:\/\/medicinasinc.com\/cs\/wp-json\/wp\/v2\/media?parent=5237"}],"wp:term":[{"taxonomy":"product_brand","embeddable":true,"href":"https:\/\/medicinasinc.com\/cs\/wp-json\/wp\/v2\/product_brand?post=5237"},{"taxonomy":"product_cat","embeddable":true,"href":"https:\/\/medicinasinc.com\/cs\/wp-json\/wp\/v2\/product_cat?post=5237"},{"taxonomy":"product_tag","embeddable":true,"href":"https:\/\/medicinasinc.com\/cs\/wp-json\/wp\/v2\/product_tag?post=5237"}],"curies":[{"name":"wp","href":"https:\/\/api.w.org\/{rel}","templated":true}]}}