{"id":5236,"date":"2022-02-20T22:23:28","date_gmt":"2022-02-20T22:23:28","guid":{"rendered":"https:\/\/medicinasinc.com\/cs\/?post_type=product&#038;p=5236"},"modified":"2022-03-14T12:22:16","modified_gmt":"2022-03-14T12:22:16","slug":"koupit-lexotanil-bromazepam-3mg-pilulky-online","status":"publish","type":"product","link":"https:\/\/medicinasinc.com\/cs\/product\/koupit-lexotanil-bromazepam-3mg-pilulky-online\/","title":{"rendered":"Koupit Lexotanil Bromazepam 3mg pilulky online"},"content":{"rendered":"<p>Lexotanil Bromazepam 3 mg tablety k n\u00e1kupu online<br \/> Lexotanil Bromazepam 3 mg tablety online | lexotanil bromazepam<br \/> Jak\u00fd je \u00fa\u010del bromazepamu lexotanil 3 mg?<br \/> Bromazepam (obchodn\u00ed n\u00e1zev Lexotan\u00ae) je benzodiazepin. Pou\u017e\u00edv\u00e1 se p\u0159edev\u0161\u00edm jako pomoc p\u0159i l\u00e9\u010db\u011b symptom\u016f \u00fazkosti. Nav\u00edc jej lze vyu\u017e\u00edt ke zm\u00edrn\u011bn\u00ed p\u0159\u00edznak\u016f paniky a soci\u00e1ln\u00ed \u00fazkosti. Vyr\u00e1b\u00ed se ve form\u011b tablet.<\/p>\n<p>Jak\u00e1 je typick\u00e1 d\u00e1vka bromazepamu?<\/p>\n<p>Bromazepam se obvykle p\u0159edepisuje dosp\u011bl\u00fdm p\u0159i \u00fazkosti v d\u00e1vce 3\u201318 mg denn\u011b, b\u011b\u017en\u011b rozlo\u017een\u00e9 po cel\u00e9m den. U star\u0161\u00edch dosp\u011bl\u00fdch by m\u011bla b\u00fdt d\u00e1vka sn\u00ed\u017eena na polovinu, tj. na polovinu d\u00e1vky pro dosp\u011bl\u00e9.<\/p>\n<p>Jak a kdy se m\u00e1 Lexotan lexotanil 3 mg u\u017e\u00edvat?<\/p>\n<p>Vsed\u011b nebo ve stoje polykejte pilulky zapijte alespo\u0148 p\u016fl sklenic\u00ed vody. To zaji\u0161\u0165uje, \u017ee se dostane do \u017ealudku a neuv\u00edzne v krku. Bromazepam je bezpe\u010dn\u00e9 u\u017e\u00edvat p\u0159ed j\u00eddlem, s j\u00eddlem nebo po n\u011bm.<\/p>\n<p>Jak dlouho bude trvat, ne\u017e bromazepam za\u010dne \u00fa\u010dinkovat?<br \/> Bromazepam \u010dasto za\u010dne p\u016fsobit p\u0159ibli\u017en\u011b po hodin\u011b. \u00da\u010dinek se pak m\u016f\u017ee zes\u00edlit v pr\u016fb\u011bhu n\u011bkolika dn\u016f nebo t\u00fddn\u016f.<br \/> Jak dlouho mus\u00edm pokra\u010dovat v u\u017e\u00edv\u00e1n\u00ed lexotanilu 3 mg?<br \/> To se bude li\u0161it v z\u00e1vislosti na \u00fa\u010delu, pro kter\u00fd jej u\u017e\u00edv\u00e1te. LEXOTANIL, \u010dasto hl\u00e1skovan\u00fd lexotan<\/p>\n<p>Mohu n\u00e1hle p\u0159estat u\u017e\u00edvat bromazepam?<\/p>\n<p>Pokud bromazepam u\u017e\u00edv\u00e1te denn\u011b d\u00e9le ne\u017e zhruba 4 a\u017e 6 t\u00fddn\u016f, m\u016f\u017eete si na n\u011bj vyvinout z\u00e1vislost , ale to nen\u00ed probl\u00e9m, pokud jej u\u017e\u00edv\u00e1te na epilepsii. Pokud jste jej u\u017e\u00edvali pravideln\u011b, m\u016f\u017ee b\u00fdt rozumn\u00e9 d\u00e1vku postupn\u011b sni\u017eovat b\u011bhem n\u011bkolika dn\u016f nebo t\u00fddn\u016f. M\u011bli byste to podrobn\u011b probrat se sv\u00fdm p\u0159edepisuj\u00edc\u00edm l\u00e9ka\u0159em, l\u00e9ka\u0159em, zdravotn\u00ed sestrou nebo l\u00e9k\u00e1rn\u00edkem. Pokud ji budete u\u017e\u00edvat \u201epodle pot\u0159eby\u201c ka\u017ed\u00fdch p\u00e1r dn\u00ed, m\u011bli byste b\u00fdt schopni p\u0159eru\u0161it, kdy\u017e ji ji\u017e nepot\u0159ebujete. 3 lexotanil<\/p>\n<p>Co m\u00e1m d\u011blat, kdy\u017e vynech\u00e1m d\u00e1vku LEXOTANU?<br \/> U\u017eijte chyb\u011bj\u00edc\u00ed d\u00e1vku, jakmile si vzpomenete, pokud to nen\u00ed m\u00e9n\u011b ne\u017e 4 hodiny p\u0159ed va\u0161\u00ed dal\u0161\u00ed d\u00e1vkou.<br \/> Pokud si po tomto vzpomenete, vezm\u011bte si dal\u0161\u00ed d\u00e1vku jako obvykle. Nepokou\u0161ejte se to dohnat u\u017e\u00edv\u00e1n\u00edm dvou d\u00e1vek sou\u010dasn\u011b, proto\u017ee to m\u016f\u017ee v\u00e9st ke zv\u00fd\u0161en\u00fdm ne\u017e\u00e1douc\u00edm \u00fa\u010dink\u016fm.<br \/> Mohu konzumovat alkohol, kdy\u017e beru bromazepam? Kupte si BROMAZEPAM LEXOTANIL, tak\u00e9 zn\u00e1m\u00fd jako Lexotan 3 MG.<br \/> Pokud b\u011bhem u\u017e\u00edv\u00e1n\u00ed LEXOTANILU pijete alkohol, m\u016f\u017eete poci\u0165ovat zv\u00fd\u0161enou ospalost. To je zvl\u00e1\u0161t\u011b d\u016fle\u017eit\u00e9, pokud budete \u0159\u00eddit nebo obsluhovat stroje, a m\u011bli byste o tom z\u00edskat radu.<\/p>\n<p>Jak\u00fd typ ne\u017e\u00e1douc\u00edch \u00fa\u010dink\u016f pravd\u011bpodobn\u011b zaznamen\u00e1m, kdy\u017e budu u\u017e\u00edvat bromazepam? Kupte si BROMAZEPAM LEXOTANIL, tak\u00e9 zn\u00e1m\u00fd jako Lexotan 3 MG.<\/p>\n<p>Mnoho jednotlivc\u016f z\u00edsk\u00e1: Pouze n\u011bkolik lid\u00ed z\u00edsk\u00e1: Pouze n\u011bkolik vybran\u00fdch lid\u00ed dostane:<br \/> Z\u00e1vrat\u011b<br \/> Ospalost<br \/> p\u0159\u00ed\u0161t\u00ed den se m\u016f\u017eete c\u00edtit nestabiln\u011b na nohou.<br \/> Bolest hlavy<br \/> Zmatenost<br \/> Nespavost (zapom\u00edn\u00e1n\u00ed)<br \/> Neznepokojujte se n\u00e1sleduj\u00edc\u00edm seznamem ne\u017e\u00e1douc\u00edch \u00fa\u010dink\u016f. N\u011bkte\u0159\u00ed jedinci nepoci\u0165uj\u00ed v\u016fbec \u017e\u00e1dn\u00e9 ne\u017e\u00e1douc\u00ed \u00fa\u010dinky, zat\u00edmco jin\u00ed mohou zaznamenat n\u011bkter\u00e9, kter\u00e9 zde nejsou uvedeny. Pokud se domn\u00edv\u00e1te, \u017ee byste mohli poci\u0165ovat vedlej\u0161\u00ed \u00fa\u010dinek sv\u00fdch l\u00e9k\u016f, pora\u010fte se se sv\u00fdm l\u00e9ka\u0159em, zdravotn\u00ed sestrou nebo l\u00e9k\u00e1rn\u00edkem.<\/p>\n<p>Je pro m\u011b bezpe\u010dn\u00e9 \u0159\u00eddit nebo jezdit na kole p\u0159i u\u017e\u00edv\u00e1n\u00ed LEXOTANILu?<\/p>\n<p> Bromazepam m\u016f\u017ee zhor\u0161it va\u0161i schopnost \u0159\u00eddit a vyvolat m\u00edrn\u00e9 z\u00e1vrat\u011b a to\u010den\u00ed hlavy.<\/p>\n<p>Bu\u010fte opatrn\u00ed p\u0159i \u0159\u00edzen\u00ed nebo obsluze stroj\u016f, dokud nezjist\u00edte, jak na v\u00e1s bromazepam p\u016fsob\u00ed. M\u011bli byste b\u00fdt opatrn\u00ed, proto\u017ee to m\u016f\u017ee zp\u016fsobit zpomalen\u00ed va\u0161\u00ed reak\u010dn\u00ed doby.<\/p>\n","protected":false},"excerpt":{"rendered":"<p>Lexotanil Bromazepam 3 mg tablety lze zakoupit online. Bromazepam (Lexotanil) je \u010dlenem benzodiazepinov\u00e9 t\u0159\u00eddy l\u00e9k\u016f, kter\u00e1 zahrnuje antidepresiva, l\u00e9ky proti panice a myorelaxancia.<\/p>\n<p>Bromazepam je kr\u00e1tkodob\u011b p\u016fsob\u00edc\u00ed benzodiazepin s pomal\u00fdm n\u00e1stupem, kter\u00fd se \u010dasto pou\u017e\u00edv\u00e1. 8230; Tableta, 3 mg, peror\u00e1ln\u011b, Alti-bromazepam 3 mg tablety, nejlep\u0161\u00ed glob\u00e1ln\u00ed l\u00e9ky<\/p>\n<p>Zakoupit bromazepam online bez p\u0159edpisu | Koupit Lexotan 6mg online bez l\u00e9ka\u0159sk\u00e9ho p\u0159edpisu<\/p>\n<p>Bromazepam (Lexotanil) je benzodiazepin.<\/p>\n","protected":false},"featured_media":5252,"comment_status":"open","ping_status":"closed","template":"","meta":[],"product_brand":[],"product_cat":[1117],"product_tag":[1420,1421,1419,1422,1423,1424,1425,1426,1427,1429,1430,1431,1432,1433,1434,1435,1436,1437,1428,1438],"class_list":{"0":"post-5236","1":"product","2":"type-product","3":"status-publish","4":"has-post-thumbnail","6":"product_cat-koupit-prasky-na-spani-bolest","7":"product_tag-3-mg","8":"product_tag-3-mg-klonopinu","9":"product_tag-3-mgs","10":"product_tag-bromazepam","11":"product_tag-bromazepam-lexotanil","12":"product_tag-bromazepam-lexotanil-6mg-for-sale","13":"product_tag-bromazepam-lexotanil-for-sale","14":"product_tag-buy-lexotanil-bromazepam","15":"product_tag-buy-lexotanil-bromazepam-from-canada","16":"product_tag-is-lexapro-a-benzodiazepiny","17":"product_tag-lexapro-generic-name","18":"product_tag-lexatin","19":"product_tag-lexomil","20":"product_tag-lexotan","21":"product_tag-lexotan-3-mg","22":"product_tag-lexotanil","23":"product_tag-lexotanil-bromazepam","24":"product_tag-lexotanil-bromazepam-3-mg","25":"product_tag-m-c5-af-c5-beete-li-se-p-c5-99ed-c3-a1vkovat-lexapro","26":"product_tag-tablety-pilulky-drogy","28":"first","29":"instock","30":"shipping-taxable","31":"purchasable","32":"product-type-variable","33":"has-default-attributes"},"yoast_head":"<!-- This site is optimized with the Yoast SEO plugin v27.3 - https:\/\/yoast.com\/product\/yoast-seo-wordpress\/ -->\n<title>Koupit Lexotanil Bromazepam 3mg pilulky online - Nejlep\u0161\u00ed nejlep\u0161\u00ed glob\u00e1ln\u00ed l\u00e9ky<\/title>\n<meta name=\"description\" content=\"Koupit pilulky Lexotanil Bromazepam 3 mg na prodej online uk, evropa. Bromazepam (Lexotanil) je ve skupin\u011b l\u00e9k\u016f zn\u00e1m\u00fdch jako benzodiazepiny, co\u017e je t\u0159\u00edda antidepresiv, l\u00e9k\u016f proti panice a svalov\u00fdch relaxanci\u00ed.\" \/>\n<meta name=\"robots\" content=\"index, follow, max-snippet:-1, max-image-preview:large, max-video-preview:-1\" \/>\n<link rel=\"canonical\" href=\"https:\/\/medicinasinc.com\/cs\/product\/koupit-lexotanil-bromazepam-3mg-pilulky-online\/\" \/>\n<meta property=\"og:locale\" content=\"en_US\" \/>\n<meta property=\"og:type\" content=\"article\" \/>\n<meta property=\"og:title\" content=\"Koupit Lexotanil Bromazepam 3mg pilulky online - Nejlep\u0161\u00ed nejlep\u0161\u00ed glob\u00e1ln\u00ed l\u00e9ky\" \/>\n<meta property=\"og:description\" content=\"Koupit pilulky Lexotanil Bromazepam 3 mg na prodej online uk, evropa. Bromazepam (Lexotanil) je ve skupin\u011b l\u00e9k\u016f zn\u00e1m\u00fdch jako benzodiazepiny, co\u017e je t\u0159\u00edda antidepresiv, l\u00e9k\u016f proti panice a svalov\u00fdch relaxanci\u00ed.\" \/>\n<meta property=\"og:url\" content=\"https:\/\/medicinasinc.com\/cs\/product\/koupit-lexotanil-bromazepam-3mg-pilulky-online\/\" \/>\n<meta property=\"og:site_name\" content=\"Medicinas Inc\" \/>\n<meta property=\"article:modified_time\" content=\"2022-03-14T12:22:16+00:00\" \/>\n<meta property=\"og:image\" content=\"https:\/\/medicinasinc.com\/cs\/wp-content\/uploads\/sites\/2\/2022\/02\/Buy-Lexotan-Bromazepam-3mg.jpg\" \/>\n\t<meta property=\"og:image:width\" content=\"600\" \/>\n\t<meta property=\"og:image:height\" content=\"600\" \/>\n\t<meta property=\"og:image:type\" content=\"image\/jpeg\" \/>\n<meta name=\"twitter:card\" content=\"summary_large_image\" \/>\n<meta name=\"twitter:label1\" content=\"Est. reading time\" \/>\n\t<meta name=\"twitter:data1\" content=\"3 minutes\" \/>\n<script type=\"application\/ld+json\" class=\"yoast-schema-graph\">{\"@context\":\"https:\\\/\\\/schema.org\",\"@graph\":[{\"@type\":\"WebPage\",\"@id\":\"https:\\\/\\\/medicinasinc.com\\\/cs\\\/product\\\/koupit-lexotanil-bromazepam-3mg-pilulky-online\\\/\",\"url\":\"https:\\\/\\\/medicinasinc.com\\\/cs\\\/product\\\/koupit-lexotanil-bromazepam-3mg-pilulky-online\\\/\",\"name\":\"Koupit Lexotanil Bromazepam 3mg pilulky online - Nejlep\u0161\u00ed nejlep\u0161\u00ed glob\u00e1ln\u00ed l\u00e9ky\",\"isPartOf\":{\"@id\":\"https:\\\/\\\/medicinasinc.com\\\/cs\\\/#website\"},\"primaryImageOfPage\":{\"@id\":\"https:\\\/\\\/medicinasinc.com\\\/cs\\\/product\\\/koupit-lexotanil-bromazepam-3mg-pilulky-online\\\/#primaryimage\"},\"image\":{\"@id\":\"https:\\\/\\\/medicinasinc.com\\\/cs\\\/product\\\/koupit-lexotanil-bromazepam-3mg-pilulky-online\\\/#primaryimage\"},\"thumbnailUrl\":\"https:\\\/\\\/medicinasinc.com\\\/cs\\\/wp-content\\\/uploads\\\/sites\\\/2\\\/2022\\\/02\\\/Buy-Lexotan-Bromazepam-3mg.jpg\",\"datePublished\":\"2022-02-20T22:23:28+00:00\",\"dateModified\":\"2022-03-14T12:22:16+00:00\",\"description\":\"Koupit pilulky Lexotanil Bromazepam 3 mg na prodej online uk, evropa. Bromazepam (Lexotanil) je ve skupin\u011b l\u00e9k\u016f zn\u00e1m\u00fdch jako benzodiazepiny, co\u017e je t\u0159\u00edda antidepresiv, l\u00e9k\u016f proti panice a svalov\u00fdch relaxanci\u00ed.\",\"breadcrumb\":{\"@id\":\"https:\\\/\\\/medicinasinc.com\\\/cs\\\/product\\\/koupit-lexotanil-bromazepam-3mg-pilulky-online\\\/#breadcrumb\"},\"inLanguage\":\"en-US\",\"potentialAction\":[{\"@type\":\"ReadAction\",\"target\":[\"https:\\\/\\\/medicinasinc.com\\\/cs\\\/product\\\/koupit-lexotanil-bromazepam-3mg-pilulky-online\\\/\"]}]},{\"@type\":\"ImageObject\",\"inLanguage\":\"en-US\",\"@id\":\"https:\\\/\\\/medicinasinc.com\\\/cs\\\/product\\\/koupit-lexotanil-bromazepam-3mg-pilulky-online\\\/#primaryimage\",\"url\":\"https:\\\/\\\/medicinasinc.com\\\/cs\\\/wp-content\\\/uploads\\\/sites\\\/2\\\/2022\\\/02\\\/Buy-Lexotan-Bromazepam-3mg.jpg\",\"contentUrl\":\"https:\\\/\\\/medicinasinc.com\\\/cs\\\/wp-content\\\/uploads\\\/sites\\\/2\\\/2022\\\/02\\\/Buy-Lexotan-Bromazepam-3mg.jpg\",\"width\":600,\"height\":600},{\"@type\":\"BreadcrumbList\",\"@id\":\"https:\\\/\\\/medicinasinc.com\\\/cs\\\/product\\\/koupit-lexotanil-bromazepam-3mg-pilulky-online\\\/#breadcrumb\",\"itemListElement\":[{\"@type\":\"ListItem\",\"position\":1,\"name\":\"Obchod\",\"item\":\"https:\\\/\\\/medicinasinc.com\\\/cs\\\/obchod\\\/\"},{\"@type\":\"ListItem\",\"position\":2,\"name\":\"Koupit Lexotanil Bromazepam 3mg pilulky online\"}]},{\"@type\":\"WebSite\",\"@id\":\"https:\\\/\\\/medicinasinc.com\\\/cs\\\/#website\",\"url\":\"https:\\\/\\\/medicinasinc.com\\\/cs\\\/\",\"name\":\"Medicinas Inc\",\"description\":\"Health Medical Clinic\",\"potentialAction\":[{\"@type\":\"SearchAction\",\"target\":{\"@type\":\"EntryPoint\",\"urlTemplate\":\"https:\\\/\\\/medicinasinc.com\\\/cs\\\/?s={search_term_string}\"},\"query-input\":{\"@type\":\"PropertyValueSpecification\",\"valueRequired\":true,\"valueName\":\"search_term_string\"}}],\"inLanguage\":\"en-US\"}]}<\/script>\n<!-- \/ Yoast SEO plugin. -->","yoast_head_json":{"title":"Koupit Lexotanil Bromazepam 3mg pilulky online - Nejlep\u0161\u00ed nejlep\u0161\u00ed glob\u00e1ln\u00ed l\u00e9ky","description":"Koupit pilulky Lexotanil Bromazepam 3 mg na prodej online uk, evropa. Bromazepam (Lexotanil) je ve skupin\u011b l\u00e9k\u016f zn\u00e1m\u00fdch jako benzodiazepiny, co\u017e je t\u0159\u00edda antidepresiv, l\u00e9k\u016f proti panice a svalov\u00fdch relaxanci\u00ed.","robots":{"index":"index","follow":"follow","max-snippet":"max-snippet:-1","max-image-preview":"max-image-preview:large","max-video-preview":"max-video-preview:-1"},"canonical":"https:\/\/medicinasinc.com\/cs\/product\/koupit-lexotanil-bromazepam-3mg-pilulky-online\/","og_locale":"en_US","og_type":"article","og_title":"Koupit Lexotanil Bromazepam 3mg pilulky online - Nejlep\u0161\u00ed nejlep\u0161\u00ed glob\u00e1ln\u00ed l\u00e9ky","og_description":"Koupit pilulky Lexotanil Bromazepam 3 mg na prodej online uk, evropa. Bromazepam (Lexotanil) je ve skupin\u011b l\u00e9k\u016f zn\u00e1m\u00fdch jako benzodiazepiny, co\u017e je t\u0159\u00edda antidepresiv, l\u00e9k\u016f proti panice a svalov\u00fdch relaxanci\u00ed.","og_url":"https:\/\/medicinasinc.com\/cs\/product\/koupit-lexotanil-bromazepam-3mg-pilulky-online\/","og_site_name":"Medicinas Inc","article_modified_time":"2022-03-14T12:22:16+00:00","og_image":[{"width":600,"height":600,"url":"https:\/\/medicinasinc.com\/cs\/wp-content\/uploads\/sites\/2\/2022\/02\/Buy-Lexotan-Bromazepam-3mg.jpg","type":"image\/jpeg"}],"twitter_card":"summary_large_image","twitter_misc":{"Est. reading time":"3 minutes"},"schema":{"@context":"https:\/\/schema.org","@graph":[{"@type":"WebPage","@id":"https:\/\/medicinasinc.com\/cs\/product\/koupit-lexotanil-bromazepam-3mg-pilulky-online\/","url":"https:\/\/medicinasinc.com\/cs\/product\/koupit-lexotanil-bromazepam-3mg-pilulky-online\/","name":"Koupit Lexotanil Bromazepam 3mg pilulky online - Nejlep\u0161\u00ed nejlep\u0161\u00ed glob\u00e1ln\u00ed l\u00e9ky","isPartOf":{"@id":"https:\/\/medicinasinc.com\/cs\/#website"},"primaryImageOfPage":{"@id":"https:\/\/medicinasinc.com\/cs\/product\/koupit-lexotanil-bromazepam-3mg-pilulky-online\/#primaryimage"},"image":{"@id":"https:\/\/medicinasinc.com\/cs\/product\/koupit-lexotanil-bromazepam-3mg-pilulky-online\/#primaryimage"},"thumbnailUrl":"https:\/\/medicinasinc.com\/cs\/wp-content\/uploads\/sites\/2\/2022\/02\/Buy-Lexotan-Bromazepam-3mg.jpg","datePublished":"2022-02-20T22:23:28+00:00","dateModified":"2022-03-14T12:22:16+00:00","description":"Koupit pilulky Lexotanil Bromazepam 3 mg na prodej online uk, evropa. Bromazepam (Lexotanil) je ve skupin\u011b l\u00e9k\u016f zn\u00e1m\u00fdch jako benzodiazepiny, co\u017e je t\u0159\u00edda antidepresiv, l\u00e9k\u016f proti panice a svalov\u00fdch relaxanci\u00ed.","breadcrumb":{"@id":"https:\/\/medicinasinc.com\/cs\/product\/koupit-lexotanil-bromazepam-3mg-pilulky-online\/#breadcrumb"},"inLanguage":"en-US","potentialAction":[{"@type":"ReadAction","target":["https:\/\/medicinasinc.com\/cs\/product\/koupit-lexotanil-bromazepam-3mg-pilulky-online\/"]}]},{"@type":"ImageObject","inLanguage":"en-US","@id":"https:\/\/medicinasinc.com\/cs\/product\/koupit-lexotanil-bromazepam-3mg-pilulky-online\/#primaryimage","url":"https:\/\/medicinasinc.com\/cs\/wp-content\/uploads\/sites\/2\/2022\/02\/Buy-Lexotan-Bromazepam-3mg.jpg","contentUrl":"https:\/\/medicinasinc.com\/cs\/wp-content\/uploads\/sites\/2\/2022\/02\/Buy-Lexotan-Bromazepam-3mg.jpg","width":600,"height":600},{"@type":"BreadcrumbList","@id":"https:\/\/medicinasinc.com\/cs\/product\/koupit-lexotanil-bromazepam-3mg-pilulky-online\/#breadcrumb","itemListElement":[{"@type":"ListItem","position":1,"name":"Obchod","item":"https:\/\/medicinasinc.com\/cs\/obchod\/"},{"@type":"ListItem","position":2,"name":"Koupit Lexotanil Bromazepam 3mg pilulky online"}]},{"@type":"WebSite","@id":"https:\/\/medicinasinc.com\/cs\/#website","url":"https:\/\/medicinasinc.com\/cs\/","name":"Medicinas Inc","description":"Health Medical Clinic","potentialAction":[{"@type":"SearchAction","target":{"@type":"EntryPoint","urlTemplate":"https:\/\/medicinasinc.com\/cs\/?s={search_term_string}"},"query-input":{"@type":"PropertyValueSpecification","valueRequired":true,"valueName":"search_term_string"}}],"inLanguage":"en-US"}]}},"_links":{"self":[{"href":"https:\/\/medicinasinc.com\/cs\/wp-json\/wp\/v2\/product\/5236","targetHints":{"allow":["GET"]}}],"collection":[{"href":"https:\/\/medicinasinc.com\/cs\/wp-json\/wp\/v2\/product"}],"about":[{"href":"https:\/\/medicinasinc.com\/cs\/wp-json\/wp\/v2\/types\/product"}],"replies":[{"embeddable":true,"href":"https:\/\/medicinasinc.com\/cs\/wp-json\/wp\/v2\/comments?post=5236"}],"wp:featuredmedia":[{"embeddable":true,"href":"https:\/\/medicinasinc.com\/cs\/wp-json\/wp\/v2\/media\/5252"}],"wp:attachment":[{"href":"https:\/\/medicinasinc.com\/cs\/wp-json\/wp\/v2\/media?parent=5236"}],"wp:term":[{"taxonomy":"product_brand","embeddable":true,"href":"https:\/\/medicinasinc.com\/cs\/wp-json\/wp\/v2\/product_brand?post=5236"},{"taxonomy":"product_cat","embeddable":true,"href":"https:\/\/medicinasinc.com\/cs\/wp-json\/wp\/v2\/product_cat?post=5236"},{"taxonomy":"product_tag","embeddable":true,"href":"https:\/\/medicinasinc.com\/cs\/wp-json\/wp\/v2\/product_tag?post=5236"}],"curies":[{"name":"wp","href":"https:\/\/api.w.org\/{rel}","templated":true}]}}