{"id":5209,"date":"2022-02-20T21:59:55","date_gmt":"2022-02-20T21:59:55","guid":{"rendered":"https:\/\/medicinasinc.com\/cs\/?post_type=product&#038;p=5209"},"modified":"2022-03-14T12:22:27","modified_gmt":"2022-03-14T12:22:27","slug":"koupit-klonopin-2-mg","status":"publish","type":"product","link":"https:\/\/medicinasinc.com\/cs\/product\/koupit-klonopin-2-mg\/","title":{"rendered":"Koupit Klonopin 2 mg"},"content":{"rendered":"<p>Online si m\u016f\u017eete koupit pilulky Klonopin 2 mg na prodej za n\u00edzkou cenu.<\/p>\n<p>Klonopin je skute\u010dn\u00fd elix\u00edr, kter\u00fd v\u00e1m pom\u016f\u017ee vypo\u0159\u00e1dat se s va\u0161imi probl\u00e9my. Tak\u00e9 se budete c\u00edtit l\u00e9pe.<\/p>\n<p>Klonopin je benzodiazepinov\u00e9 sedativum a antikonvulzivum a m\u016f\u017ee lidem pomoci uvolnit se a p\u0159estat m\u00edt z\u00e1chvaty. V\u011bt\u0161inou se pou\u017e\u00edv\u00e1 k l\u00e9\u010db\u011b \u00fazkostn\u00fdch poruch, jako je panick\u00e1 porucha.<\/p>\n<p>Pod\u00edvejte se nyn\u00ed bl\u00ed\u017ee na Klonopin.<\/p>\n<p>Klonopin je jedin\u00fd benzodiazepin, kter\u00fd FDA schv\u00e1lil k l\u00e9\u010db\u011b panick\u00e9 poruchy . Mnoho lid\u00ed pou\u017e\u00edv\u00e1 Klonopin k l\u00e9\u010db\u011b \u00fazkosti, neklidu, akutn\u00ed m\u00e1nie (v kombinaci s jin\u00fdmi l\u00e9ky) a k rychl\u00e9mu zastaven\u00ed z\u00e1chvat\u016f. Pou\u017eit\u00ed: Pou\u017e\u00edv\u00e1 se jako dlouhodob\u00e9 antikonvulzivum, jako pr\u00e1\u0161ek na span\u00ed, k l\u00e9\u010db\u011b bolest\u00ed nerv\u016f.<\/p>\n<p>Po u\u017eit\u00ed Klonopinu mohou b\u00fdt klidn\u00ed, mo\u017en\u00e1 povznesen\u00ed a trochu unaven\u00ed. Ne\u017e\u00e1douc\u00ed \u00fa\u010dinky se li\u0161\u00ed od \u010dlov\u011bka k \u010dlov\u011bku a jsou zalo\u017eeny na mno\u017estv\u00ed, kter\u00e9 u\u017e\u00edv\u00e1te. Ve v\u011bt\u0161in\u011b p\u0159\u00edpad\u016f se Klonopin pod\u00e1v\u00e1 dvakr\u00e1t denn\u011b v d\u00e1vce asi 0,25 mg a\u017e 2 mg. Lid\u00e9 s epilepsi\u00ed mohou u\u017e\u00edvat a\u017e 20 mg denn\u011b.<\/p>\n<p>Takto p\u016fsob\u00ed Klonopin: Ovliv\u0148uje neurotransmiter GABA, co\u017e je protijed. Proto\u017ee Klonopin d\u011bl\u00e1 tolik v\u011bc\u00ed najednou, zpomaluje mozek t\u00edm, \u017ee sni\u017euje schopnost nerv\u016f vys\u00edlat impulsy. V d\u016fsledku men\u0161\u00ed aktivity se lid\u00e9 st\u00e1vaj\u00ed m\u00e9n\u011b \u00fazkostn\u00fdmi a tak\u00e9 kles\u00e1 \u0161ance na z\u00e1chvat.<\/p>\n<p>V l\u00e9ka\u0159stv\u00ed se Klonopin pou\u017e\u00edv\u00e1 k l\u00e9\u010db\u011b z\u00e1chvat\u016f a panick\u00fdch z\u00e1chvat\u016f. M\u016f\u017ee b\u00fdt tak\u00e9 pou\u017eit jako hypnotikum k l\u00e9\u010db\u011b \u00fazkostn\u00fdch poruch, panick\u00e9 poruchy a bolesti. U\u017e\u00edv\u00e1n\u00ed benzodiazepin\u016f pom\u016f\u017ee zastavit z\u00e1chvat a vr\u00e1tit mozkovou aktivitu do norm\u00e1lu. To m\u016f\u017ee tak\u00e9 pomoci s bolest\u00ed, zejm\u00e9na s neuropatickou bolest\u00ed, proto\u017ee neurony znesnad\u0148uj\u00ed vys\u00edl\u00e1n\u00ed sign\u00e1l\u016f bolesti, co\u017e je \u010din\u00ed m\u00e9n\u011b citliv\u00fdmi.<\/p>\n<p>O \u010dem je t\u0159eba mluvit s l\u00e9ka\u0159em, ne\u017e za\u010dnete Klonopin u\u017e\u00edvat<\/p>\n<p>M\u011bli byste informovat sv\u00e9ho l\u00e9ka\u0159e, pokud:<\/p>\n<p>Alespo\u0148 jeden z t\u011bchto stav\u016f:<\/p>\n<p>\u2022 probl\u00e9my s j\u00e1try<\/p>\n<p>\u2022 zneu\u017e\u00edv\u00e1n\u00ed alkoholu nebo drog, v sou\u010dasnosti nebo v minulosti;<\/p>\n<p>Lid\u00e9, kte\u0159\u00ed maj\u00ed astma, bronchitidu, emfyz\u00e9m nebo jin\u00e1 onemocn\u011bn\u00ed d\u00fdchac\u00edch cest;<\/p>\n<p>\u2022 smutek nebo my\u0161lenky na sebevra\u017edu.<\/p>\n<p>A mnoho lid\u00ed, kte\u0159\u00ed maj\u00ed v\u00fd\u0161e uveden\u00e1 onemocn\u011bn\u00ed, nem\u016f\u017ee u\u017e\u00edvat Klonopin, nebo budou muset u\u017e\u00edvat ni\u017e\u0161\u00ed d\u00e1vku l\u00e9ku a nechat se vy\u0161et\u0159it sv\u00fdm l\u00e9ka\u0159em.<\/p>\n<p>Pokud je v\u00e1m v\u00edce ne\u017e 60 let, je pravd\u011bpodobn\u00e9, \u017ee s vedlej\u0161\u00edmi \u00fa\u010dinky l\u00e9ku jsou velmi vysok\u00e9. Z tohoto d\u016fvodu by se va\u0161e d\u00e1vka Klonopinu m\u011bla m\u011bnit podle va\u0161eho zdravotn\u00edho stavu.<\/p>\n<p>Pou\u017eit\u00ed:<\/p>\n<p>Klonopin by m\u011bl b\u00fdt u\u017e\u00edv\u00e1n pouze zp\u016fsobem, kter\u00fd V\u00e1m ur\u010d\u00ed l\u00e9ka\u0159. Pora\u010fte se se sv\u00fdm l\u00e9ka\u0159em nebo l\u00e9k\u00e1rn\u00edkem, jak jej pou\u017e\u00edvat. Kdy\u017e si vezmete pilulku, m\u011bli byste ji vyp\u00edt celou. Neu\u017e\u00edvejte v\u00edce, ne\u017e V\u00e1m l\u00e9ka\u0159 \u0159ekl. Ne\u017e ukon\u010d\u00edte u\u017e\u00edv\u00e1n\u00ed p\u0159\u00edpravku, pora\u010fte se se sv\u00fdm l\u00e9ka\u0159em.<\/p>\n<p>Pod\u00edvejte se, co se stane, kdy\u017e u\u017eijete p\u0159\u00edli\u0161 mnoho l\u00e9ku.<\/p>\n<p>V p\u0159\u00edpad\u011b p\u0159ed\u00e1vkov\u00e1n\u00ed zavolejte l\u00e9ka\u0159e. pry\u010d.<\/p>\n<p>P\u0159\u00edznaky p\u0159ed\u00e1vkov\u00e1n\u00ed:<\/p>\n<p>ospalost, z\u00e1vrat\u011b, zmatenost, pomal\u00fd srde\u010dn\u00ed tep, p\u0159\u00edznaky podobn\u00e9 alkoholu a ztr\u00e1ta v\u011bdom\u00ed jsou v\u0161echny p\u0159\u00edznaky alkoholismu.<\/p>\n<p>Pokud n\u011bkdo u\u017eije p\u0159\u00edli\u0161 mnoho l\u00e9ku, provede se v\u00fdplach \u017ealudku a l\u00e9\u010dba ne\u017e\u00e1douc\u00edch \u00fa\u010dink\u016f.<\/p>\n<p>Kdy\u017e \u0159\u00edd\u00edte, obsluhujete stroje nebo vykon\u00e1v\u00e1te jinou pr\u00e1ci, kter\u00e1 by mohla b\u00fdt nebezpe\u010dn\u00e1, bu\u010fte opatrn\u00ed.<\/p>\n<p> p&gt; <\/p>\n<p>V p\u0159\u00edpad\u011b ospalosti nebo z\u00e1vrat\u00ed byste nem\u011bli d\u011blat tyto druhy v\u011bc\u00ed.<\/p>\n<p>Alkohol by se nem\u011bl m\u00edchat s Klonopinem. Alkohol zvy\u0161uje pravd\u011bpodobnost, \u017ee Klonopin zp\u016fsob\u00ed z\u00e1va\u017en\u00e9 ne\u017e\u00e1douc\u00ed \u00fa\u010dinky. V d\u016fsledku toho existuje v\u011bt\u0161\u00ed pravd\u011bpodobnost, \u017ee budete m\u00edt tak\u00e9 z\u00e1chvaty.<\/p>\n<p>Co m\u00e1 Klonopin?<\/p>\n<p>alergie: du\u0161nost, otok rt\u016f, obli\u010deje, jazyka nebo vyr\u00e1\u017eka <\/p>\n<p>Je zde tak\u00e9 mo\u017enost, \u017ee se objev\u00ed dal\u0161\u00ed, m\u00e9n\u011b z\u00e1va\u017en\u00e9 ne\u017e\u00e1douc\u00ed \u00fa\u010dinky.<\/p>\n<p>Pokra\u010dujte v u\u017e\u00edv\u00e1n\u00ed l\u00e9ku a informujte sv\u00e9ho l\u00e9ka\u0159e, pokud m\u00e1te:<\/p>\n<p>Spavost ; z\u00e1vrat\u011b nebo nep\u0159\u00edjemn\u00fd pohyb; Deprese; z\u00e1vrat\u011b, nevolnost, pr\u016fjem nebo z\u00e1cpa; pot\u00ed\u017ee s mo\u010den\u00edm, no\u010dn\u00ed m\u016fry, bolesti hlavy, sucho v \u00fastech, pokles sexu\u00e1ln\u00ed touhy a zm\u011bny v chov\u00e1n\u00ed, to v\u0161e jsou p\u0159\u00edznaky deprese.<\/p>\n<p>D\u00e1vkov\u00e1n\u00ed a jak se to d\u011bl\u00e1<\/p>\n<p>Terapie Klonopinem za\u010d\u00edn\u00e1 mal\u00fdmi d\u00e1vkami a postupn\u011b je zvy\u0161uje, abyste dos\u00e1hli nejlep\u0161\u00edch v\u00fdsledk\u016f. Proto\u017ee ka\u017ed\u00fd \u010dlov\u011bk m\u00e1 jin\u00fd stav a reakci t\u011bla na u\u017e\u00edv\u00e1n\u00ed l\u00e9ku, je d\u00e1vkov\u00e1n\u00ed p\u0159izp\u016fsobeno jeho pot\u0159eb\u00e1m. Nejb\u011b\u017en\u011bj\u0161\u00ed d\u00e1vka p\u0159\u00edpravku Klonopin je 0,5 mg t\u0159ikr\u00e1t denn\u011b. Nen\u00ed-li dosa\u017eeno terapeutick\u00e9ho \u00fa\u010dinku, lze d\u00e1vku zvy\u0161ovat ka\u017ed\u00fd t\u0159et\u00ed den terapie, dokud nebude.<\/p>\n<p>Kdy\u017e je l\u00e9k u\u017e\u00edv\u00e1n ve vysok\u00fdch d\u00e1vk\u00e1ch, zejm\u00e9na po dlouhou dobu, m\u016f\u017ee zp\u016fsobit probl\u00e9my s artikulac\u00ed, diplopie, nystagmus, paradoxn\u00ed reakce (jako je n\u00e1hl\u00e9 vzru\u0161en\u00ed) a anterogr\u00e1dn\u00ed amn\u00e9zie. N\u011bkolikr\u00e1t m\u00e1 \u010dlov\u011bk hypersenzitivn\u00ed reakci, svalovou slabost nebo depresi. Lid\u00e9 s n\u011bkter\u00fdmi typy epilepsie mohou m\u00edt v\u00edce z\u00e1chvat\u016f, pokud se l\u00e9\u010d\u00ed po dlouhou dobu.<\/p>\n","protected":false},"excerpt":{"rendered":"<p>Kupte si pilulky Klonopin 2 mg na prodej ve Spojen\u00e9m kr\u00e1lovstv\u00ed, Evrop\u011b a ve zbytku sv\u011bta. Klonopin (Clonazepam) m\u016f\u017ee pomoci lidem se z\u00e1chvaty, panickou poruchou a \u00fazkost\u00ed. Benzodiazepiny jsou l\u00e9ky, kter\u00e9 v\u00e1s uklidn\u00ed.<\/p>\n<p>Klonazepam klonopin 2 mg lze zakoupit online za nejlep\u0161\u00ed cenu na nejlep\u0161\u00edm m\u00edst\u011b. Best Global Meds je zn\u00e1m\u00e1 online l\u00e9k\u00e1rna, kter\u00e1 prod\u00e1v\u00e1 pouze leg\u00e1ln\u00ed drogy. Kdy\u017e si objedn\u00e1te online, m\u016f\u017eete u\u0161et\u0159it pen\u00edze a \u010das.<\/p>\n<p>Velk\u00e1 Brit\u00e1nie, Evropa: Chci Klonopin na prodej. V Evrop\u011b jsou m\u00edsta, kde si m\u016f\u017eete koupit klonazepam online a koupit klonopin 2 mg tablety.<\/p>\n","protected":false},"featured_media":5228,"comment_status":"open","ping_status":"closed","template":"","meta":[],"product_brand":[],"product_cat":[1117],"product_tag":[1370,1412,1371,1374,1416,1415,1394,1395,1376,1377,1378,1382,1383,1385,1379,1380,1381,1414,1384,1386,1387,1417,1375,1388,1390,1389,1391,1393,1398,1399,1410,1397,1396,1402,1403,1406,1407,1408,1409,1400,1401,1372,1373,1405,1413,1411,1404,1418,1392],"class_list":{"0":"post-5209","1":"product","2":"type-product","3":"status-publish","4":"has-post-thumbnail","6":"product_cat-koupit-prasky-na-spani-bolest","7":"product_tag-1-mg-klonopinu","8":"product_tag-klonopin-abstinenn-pznaky","9":"product_tag-ativan-vs-klonopin","10":"product_tag-can-you-take-klonopin-for-life","11":"product_tag-co-je-klonopin","12":"product_tag-co-je-vysok-dvka-klonopinu","13":"product_tag-dvkovn-klonopinu","14":"product_tag-dvky-klonopinu","15":"product_tag-generick-klonopin","16":"product_tag-half-life-of-klonopin","17":"product_tag-how-long-does-it-take-for-klonopin-to-kick-in","18":"product_tag-how-long-does-klonopin-take-to-work","19":"product_tag-how-many-hours-between-klonopin-doses","20":"product_tag-is-klonopin-a-benzo","21":"product_tag-jak-dlouho-klonopin-vydr","22":"product_tag-jak-dlouho-klonopin-zstane-ve-vaem-systmu","23":"product_tag-jak-dlouho-klonopin-zstv-ve-va-moi","24":"product_tag-jak-vypad-klonopin","25":"product_tag-is-1-mg-klonopin-v-n-c3-adzk-c3-a9-d-c3-a1vce","26":"product_tag-je-klonopin-a-kontrolovan-c3-a1-l-c3-a1tka","27":"product_tag-je-klonopin-a-droga","28":"product_tag-k-emu-se-klonopin-pouv","29":"product_tag-klonazepam-klonopin-oranov-pilulka-1-2","30":"product_tag-klonopin","31":"product_tag-klonopin-1-mg","32":"product_tag-klonopin-10-mg","33":"product_tag-klonopin-2-mg","34":"product_tag-klonopin-and-alcohol","35":"product_tag-klonopin-generic","36":"product_tag-klonopin-half-life","37":"product_tag-klonopin-ztrta-hmotnosti","38":"product_tag-klonopin-na-sp-c3-a1nek","39":"product_tag-klonopin-pro-zkost","40":"product_tag-klonopin-overdose","41":"product_tag-klonopin-pill","42":"product_tag-klonopin-vs-ativan","43":"product_tag-klonopin-vs-valium","44":"product_tag-klonopin-vs-xanax","45":"product_tag-klonopin-vs-xanax-reddit","46":"product_tag-klonopin-vysok","47":"product_tag-klonopin-lky","48":"product_tag-modr-klonopin","49":"product_tag-modr-klonopin-2-mg","50":"product_tag-pro-c5-beit-c3-ad-klonopinu","51":"product_tag-side-effects-of-klonopin","52":"product_tag-clonopin-odn-c4-9bt-c3-ad","53":"product_tag-vedlej-inky-klonopinu","54":"product_tag-xanax-vs-klonopin","55":"product_tag-z-c3-a1vislost-na-klonopinu","57":"first","58":"instock","59":"shipping-taxable","60":"purchasable","61":"product-type-variable","62":"has-default-attributes"},"yoast_head":"<!-- This site is optimized with the Yoast SEO plugin v27.3 - https:\/\/yoast.com\/product\/yoast-seo-wordpress\/ -->\n<title>Koupit Klonopin 2 mg - Klonopin Online prodej - Nejlep\u0161\u00ed nejlep\u0161\u00ed glob\u00e1ln\u00ed l\u00e9ky<\/title>\n<meta name=\"description\" content=\"Koupit Klonopin 2 mg na prodej pilulky pro Spojen\u00e9 kr\u00e1lovstv\u00ed, Evropa online. Klonopin (Clonazepam) l\u00e9\u010d\u00ed z\u00e1chvaty, panickou poruchu a \u00fazkost. Tento l\u00e9k je benzodiazepin.\" \/>\n<meta name=\"robots\" content=\"index, follow, max-snippet:-1, max-image-preview:large, max-video-preview:-1\" \/>\n<link rel=\"canonical\" href=\"https:\/\/medicinasinc.com\/cs\/product\/koupit-klonopin-2-mg\/\" \/>\n<meta property=\"og:locale\" content=\"en_US\" \/>\n<meta property=\"og:type\" content=\"article\" \/>\n<meta property=\"og:title\" content=\"Koupit Klonopin 2 mg - Klonopin Online prodej - Nejlep\u0161\u00ed nejlep\u0161\u00ed glob\u00e1ln\u00ed l\u00e9ky\" \/>\n<meta property=\"og:description\" content=\"Koupit Klonopin 2 mg na prodej pilulky pro Spojen\u00e9 kr\u00e1lovstv\u00ed, Evropa online. Klonopin (Clonazepam) l\u00e9\u010d\u00ed z\u00e1chvaty, panickou poruchu a \u00fazkost. Tento l\u00e9k je benzodiazepin.\" \/>\n<meta property=\"og:url\" content=\"https:\/\/medicinasinc.com\/cs\/product\/koupit-klonopin-2-mg\/\" \/>\n<meta property=\"og:site_name\" content=\"Medicinas Inc\" \/>\n<meta property=\"article:modified_time\" content=\"2022-03-14T12:22:27+00:00\" \/>\n<meta property=\"og:image\" content=\"https:\/\/medicinasinc.com\/cs\/wp-content\/uploads\/sites\/2\/2022\/02\/Buy-Klonopin-2-mg.jpeg\" \/>\n\t<meta property=\"og:image:width\" content=\"236\" \/>\n\t<meta property=\"og:image:height\" content=\"296\" \/>\n\t<meta property=\"og:image:type\" content=\"image\/jpeg\" \/>\n<meta name=\"twitter:card\" content=\"summary_large_image\" \/>\n<meta name=\"twitter:label1\" content=\"Est. reading time\" \/>\n\t<meta name=\"twitter:data1\" content=\"4 minutes\" \/>\n<script type=\"application\/ld+json\" class=\"yoast-schema-graph\">{\"@context\":\"https:\\\/\\\/schema.org\",\"@graph\":[{\"@type\":\"WebPage\",\"@id\":\"https:\\\/\\\/medicinasinc.com\\\/cs\\\/product\\\/koupit-klonopin-2-mg\\\/\",\"url\":\"https:\\\/\\\/medicinasinc.com\\\/cs\\\/product\\\/koupit-klonopin-2-mg\\\/\",\"name\":\"Koupit Klonopin 2 mg - Klonopin Online prodej - Nejlep\u0161\u00ed nejlep\u0161\u00ed glob\u00e1ln\u00ed l\u00e9ky\",\"isPartOf\":{\"@id\":\"https:\\\/\\\/medicinasinc.com\\\/cs\\\/#website\"},\"primaryImageOfPage\":{\"@id\":\"https:\\\/\\\/medicinasinc.com\\\/cs\\\/product\\\/koupit-klonopin-2-mg\\\/#primaryimage\"},\"image\":{\"@id\":\"https:\\\/\\\/medicinasinc.com\\\/cs\\\/product\\\/koupit-klonopin-2-mg\\\/#primaryimage\"},\"thumbnailUrl\":\"https:\\\/\\\/medicinasinc.com\\\/cs\\\/wp-content\\\/uploads\\\/sites\\\/2\\\/2022\\\/02\\\/Buy-Klonopin-2-mg.jpeg\",\"datePublished\":\"2022-02-20T21:59:55+00:00\",\"dateModified\":\"2022-03-14T12:22:27+00:00\",\"description\":\"Koupit Klonopin 2 mg na prodej pilulky pro Spojen\u00e9 kr\u00e1lovstv\u00ed, Evropa online. Klonopin (Clonazepam) l\u00e9\u010d\u00ed z\u00e1chvaty, panickou poruchu a \u00fazkost. Tento l\u00e9k je benzodiazepin.\",\"breadcrumb\":{\"@id\":\"https:\\\/\\\/medicinasinc.com\\\/cs\\\/product\\\/koupit-klonopin-2-mg\\\/#breadcrumb\"},\"inLanguage\":\"en-US\",\"potentialAction\":[{\"@type\":\"ReadAction\",\"target\":[\"https:\\\/\\\/medicinasinc.com\\\/cs\\\/product\\\/koupit-klonopin-2-mg\\\/\"]}]},{\"@type\":\"ImageObject\",\"inLanguage\":\"en-US\",\"@id\":\"https:\\\/\\\/medicinasinc.com\\\/cs\\\/product\\\/koupit-klonopin-2-mg\\\/#primaryimage\",\"url\":\"https:\\\/\\\/medicinasinc.com\\\/cs\\\/wp-content\\\/uploads\\\/sites\\\/2\\\/2022\\\/02\\\/Buy-Klonopin-2-mg.jpeg\",\"contentUrl\":\"https:\\\/\\\/medicinasinc.com\\\/cs\\\/wp-content\\\/uploads\\\/sites\\\/2\\\/2022\\\/02\\\/Buy-Klonopin-2-mg.jpeg\",\"width\":236,\"height\":296},{\"@type\":\"BreadcrumbList\",\"@id\":\"https:\\\/\\\/medicinasinc.com\\\/cs\\\/product\\\/koupit-klonopin-2-mg\\\/#breadcrumb\",\"itemListElement\":[{\"@type\":\"ListItem\",\"position\":1,\"name\":\"Obchod\",\"item\":\"https:\\\/\\\/medicinasinc.com\\\/cs\\\/obchod\\\/\"},{\"@type\":\"ListItem\",\"position\":2,\"name\":\"Koupit Klonopin 2 mg\"}]},{\"@type\":\"WebSite\",\"@id\":\"https:\\\/\\\/medicinasinc.com\\\/cs\\\/#website\",\"url\":\"https:\\\/\\\/medicinasinc.com\\\/cs\\\/\",\"name\":\"Medicinas Inc\",\"description\":\"Health Medical Clinic\",\"potentialAction\":[{\"@type\":\"SearchAction\",\"target\":{\"@type\":\"EntryPoint\",\"urlTemplate\":\"https:\\\/\\\/medicinasinc.com\\\/cs\\\/?s={search_term_string}\"},\"query-input\":{\"@type\":\"PropertyValueSpecification\",\"valueRequired\":true,\"valueName\":\"search_term_string\"}}],\"inLanguage\":\"en-US\"}]}<\/script>\n<!-- \/ Yoast SEO plugin. -->","yoast_head_json":{"title":"Koupit Klonopin 2 mg - Klonopin Online prodej - Nejlep\u0161\u00ed nejlep\u0161\u00ed glob\u00e1ln\u00ed l\u00e9ky","description":"Koupit Klonopin 2 mg na prodej pilulky pro Spojen\u00e9 kr\u00e1lovstv\u00ed, Evropa online. Klonopin (Clonazepam) l\u00e9\u010d\u00ed z\u00e1chvaty, panickou poruchu a \u00fazkost. Tento l\u00e9k je benzodiazepin.","robots":{"index":"index","follow":"follow","max-snippet":"max-snippet:-1","max-image-preview":"max-image-preview:large","max-video-preview":"max-video-preview:-1"},"canonical":"https:\/\/medicinasinc.com\/cs\/product\/koupit-klonopin-2-mg\/","og_locale":"en_US","og_type":"article","og_title":"Koupit Klonopin 2 mg - Klonopin Online prodej - Nejlep\u0161\u00ed nejlep\u0161\u00ed glob\u00e1ln\u00ed l\u00e9ky","og_description":"Koupit Klonopin 2 mg na prodej pilulky pro Spojen\u00e9 kr\u00e1lovstv\u00ed, Evropa online. Klonopin (Clonazepam) l\u00e9\u010d\u00ed z\u00e1chvaty, panickou poruchu a \u00fazkost. Tento l\u00e9k je benzodiazepin.","og_url":"https:\/\/medicinasinc.com\/cs\/product\/koupit-klonopin-2-mg\/","og_site_name":"Medicinas Inc","article_modified_time":"2022-03-14T12:22:27+00:00","og_image":[{"width":236,"height":296,"url":"https:\/\/medicinasinc.com\/cs\/wp-content\/uploads\/sites\/2\/2022\/02\/Buy-Klonopin-2-mg.jpeg","type":"image\/jpeg"}],"twitter_card":"summary_large_image","twitter_misc":{"Est. reading time":"4 minutes"},"schema":{"@context":"https:\/\/schema.org","@graph":[{"@type":"WebPage","@id":"https:\/\/medicinasinc.com\/cs\/product\/koupit-klonopin-2-mg\/","url":"https:\/\/medicinasinc.com\/cs\/product\/koupit-klonopin-2-mg\/","name":"Koupit Klonopin 2 mg - Klonopin Online prodej - Nejlep\u0161\u00ed nejlep\u0161\u00ed glob\u00e1ln\u00ed l\u00e9ky","isPartOf":{"@id":"https:\/\/medicinasinc.com\/cs\/#website"},"primaryImageOfPage":{"@id":"https:\/\/medicinasinc.com\/cs\/product\/koupit-klonopin-2-mg\/#primaryimage"},"image":{"@id":"https:\/\/medicinasinc.com\/cs\/product\/koupit-klonopin-2-mg\/#primaryimage"},"thumbnailUrl":"https:\/\/medicinasinc.com\/cs\/wp-content\/uploads\/sites\/2\/2022\/02\/Buy-Klonopin-2-mg.jpeg","datePublished":"2022-02-20T21:59:55+00:00","dateModified":"2022-03-14T12:22:27+00:00","description":"Koupit Klonopin 2 mg na prodej pilulky pro Spojen\u00e9 kr\u00e1lovstv\u00ed, Evropa online. Klonopin (Clonazepam) l\u00e9\u010d\u00ed z\u00e1chvaty, panickou poruchu a \u00fazkost. Tento l\u00e9k je benzodiazepin.","breadcrumb":{"@id":"https:\/\/medicinasinc.com\/cs\/product\/koupit-klonopin-2-mg\/#breadcrumb"},"inLanguage":"en-US","potentialAction":[{"@type":"ReadAction","target":["https:\/\/medicinasinc.com\/cs\/product\/koupit-klonopin-2-mg\/"]}]},{"@type":"ImageObject","inLanguage":"en-US","@id":"https:\/\/medicinasinc.com\/cs\/product\/koupit-klonopin-2-mg\/#primaryimage","url":"https:\/\/medicinasinc.com\/cs\/wp-content\/uploads\/sites\/2\/2022\/02\/Buy-Klonopin-2-mg.jpeg","contentUrl":"https:\/\/medicinasinc.com\/cs\/wp-content\/uploads\/sites\/2\/2022\/02\/Buy-Klonopin-2-mg.jpeg","width":236,"height":296},{"@type":"BreadcrumbList","@id":"https:\/\/medicinasinc.com\/cs\/product\/koupit-klonopin-2-mg\/#breadcrumb","itemListElement":[{"@type":"ListItem","position":1,"name":"Obchod","item":"https:\/\/medicinasinc.com\/cs\/obchod\/"},{"@type":"ListItem","position":2,"name":"Koupit Klonopin 2 mg"}]},{"@type":"WebSite","@id":"https:\/\/medicinasinc.com\/cs\/#website","url":"https:\/\/medicinasinc.com\/cs\/","name":"Medicinas Inc","description":"Health Medical Clinic","potentialAction":[{"@type":"SearchAction","target":{"@type":"EntryPoint","urlTemplate":"https:\/\/medicinasinc.com\/cs\/?s={search_term_string}"},"query-input":{"@type":"PropertyValueSpecification","valueRequired":true,"valueName":"search_term_string"}}],"inLanguage":"en-US"}]}},"_links":{"self":[{"href":"https:\/\/medicinasinc.com\/cs\/wp-json\/wp\/v2\/product\/5209","targetHints":{"allow":["GET"]}}],"collection":[{"href":"https:\/\/medicinasinc.com\/cs\/wp-json\/wp\/v2\/product"}],"about":[{"href":"https:\/\/medicinasinc.com\/cs\/wp-json\/wp\/v2\/types\/product"}],"replies":[{"embeddable":true,"href":"https:\/\/medicinasinc.com\/cs\/wp-json\/wp\/v2\/comments?post=5209"}],"wp:featuredmedia":[{"embeddable":true,"href":"https:\/\/medicinasinc.com\/cs\/wp-json\/wp\/v2\/media\/5228"}],"wp:attachment":[{"href":"https:\/\/medicinasinc.com\/cs\/wp-json\/wp\/v2\/media?parent=5209"}],"wp:term":[{"taxonomy":"product_brand","embeddable":true,"href":"https:\/\/medicinasinc.com\/cs\/wp-json\/wp\/v2\/product_brand?post=5209"},{"taxonomy":"product_cat","embeddable":true,"href":"https:\/\/medicinasinc.com\/cs\/wp-json\/wp\/v2\/product_cat?post=5209"},{"taxonomy":"product_tag","embeddable":true,"href":"https:\/\/medicinasinc.com\/cs\/wp-json\/wp\/v2\/product_tag?post=5209"}],"curies":[{"name":"wp","href":"https:\/\/api.w.org\/{rel}","templated":true}]}}