{"id":5208,"date":"2022-02-20T21:58:44","date_gmt":"2022-02-20T21:58:44","guid":{"rendered":"https:\/\/medicinasinc.com\/cs\/?post_type=product&#038;p=5208"},"modified":"2022-08-03T11:53:13","modified_gmt":"2022-08-03T11:53:13","slug":"buy-imovane-zopiclone-7-5-mg","status":"publish","type":"product","link":"https:\/\/medicinasinc.com\/cs\/product\/buy-imovane-zopiclone-7-5-mg\/","title":{"rendered":"Koupit Imovane Zopiclone 7,5 mg"},"content":{"rendered":"<p>Imovane Zopiclone tablety lze zakoupit online.<\/p>\n<p>Imovane Zopiclone tablety lze zakoupit online.<\/p>\n<p>Imovane: Zopiclone pat\u0159\u00ed do skupiny sedativ-hypnotik. Je p\u0159edepisov\u00e1n ke kr\u00e1tkodob\u00e9mu symptomatick\u00e9mu zm\u00edrn\u011bn\u00ed probl\u00e9m\u016f se sp\u00e1nkem.<\/p>\n","protected":false},"excerpt":{"rendered":"<div class=\"woocommerce-product-details__short-description\">\n<p>Koupit zopiclone 7,5 mg tablety online, zopiclone 7,5 mg uk, zopiclone online, zopiclone eu, zopiclone singapore, zopiclone uk, zopiclone amazon, zopiclone 7,5 mg tablety dal\u0161\u00ed den doru\u010den\u00ed<\/p>\n<p>Imovane Zopiclone tablety lze zakoupit online.<\/p>\n<p>Imovane: Zopiclone je sedativum-hypnotikum. Pou\u017e\u00edv\u00e1 se ke kr\u00e1tkodob\u00e9 l\u00e9\u010db\u011b probl\u00e9m\u016f se sp\u00e1nkem a jako symptomatick\u00e1 l\u00e9\u010dba.<\/p>\n<p>Imovane (Zopiclone) lze zakoupit online na platn\u00fd australsk\u00fd p\u0159edpis. medicinasinc.com nab\u00edz\u00ed dopravu zdarma na v\u0161echny polo\u017eky na p\u0159edpis do Austr\u00e1lie.<\/p>\n<p>Imovane (Zopiclone) je sedativum-hypnotikum. Pou\u017e\u00edv\u00e1 se ke kr\u00e1tkodob\u00e9 l\u00e9\u010db\u011b probl\u00e9m\u016f se sp\u00e1nkem a jako symptomatick\u00e1 l\u00e9\u010dba.<\/p>\n<\/div>\n","protected":false},"featured_media":5226,"comment_status":"open","ping_status":"closed","template":"","meta":[],"product_brand":[],"product_cat":[1117],"product_tag":[4174,1362,1363,1368,4173,1365,1366,1367,1369],"class_list":{"0":"post-5208","1":"product","2":"type-product","3":"status-publish","4":"has-post-thumbnail","6":"product_cat-koupit-prasky-na-spani-bolest","7":"product_tag-5-mg-uk","8":"product_tag-buy-zopiclone-7-5mg-tablets-next-day-delivery","9":"product_tag-buy-zopiclone-7-5mg-tablets-online","10":"product_tag-buy-zopiclone-uk","11":"product_tag-koupit-zopiclone-7","12":"product_tag-buy-zopiclone-eu","13":"product_tag-koupit-zopiklon-online","14":"product_tag-buy-zopiclone-singapure","15":"product_tag-zopiclone-amazon","17":"first","18":"instock","19":"shipping-taxable","20":"purchasable","21":"product-type-variable","22":"has-default-attributes"},"yoast_head":"<!-- This site is optimized with the Yoast SEO plugin v27.3 - https:\/\/yoast.com\/product\/yoast-seo-wordpress\/ -->\n<title>Koupit Imovane Zopiclone 7,5 mg - Nejlep\u0161\u00ed nejlep\u0161\u00ed glob\u00e1ln\u00ed l\u00e9ky<\/title>\n<meta name=\"description\" content=\"koupit zopiclone 7,5mg tablety online, koupit zopiclone 7,5mg uk, koupit zopiclon online, koupit zopiclone eu, koupit zopiclone singapore, koupit zopiclone uk, zopiclone amazon, koupit zopiclone 7,5mg tablety doru\u010den\u00ed do druh\u00e9ho dne,\" \/>\n<meta name=\"robots\" content=\"index, follow, max-snippet:-1, max-image-preview:large, max-video-preview:-1\" \/>\n<link rel=\"canonical\" href=\"https:\/\/medicinasinc.com\/cs\/product\/buy-imovane-zopiclone-7-5-mg\/\" \/>\n<meta property=\"og:locale\" content=\"en_US\" \/>\n<meta property=\"og:type\" content=\"article\" \/>\n<meta property=\"og:title\" content=\"Koupit Imovane Zopiclone 7,5 mg - Nejlep\u0161\u00ed nejlep\u0161\u00ed glob\u00e1ln\u00ed l\u00e9ky\" \/>\n<meta property=\"og:description\" content=\"koupit zopiclone 7,5mg tablety online, koupit zopiclone 7,5mg uk, koupit zopiclon online, koupit zopiclone eu, koupit zopiclone singapore, koupit zopiclone uk, zopiclone amazon, koupit zopiclone 7,5mg tablety doru\u010den\u00ed do druh\u00e9ho dne,\" \/>\n<meta property=\"og:url\" content=\"https:\/\/medicinasinc.com\/cs\/product\/buy-imovane-zopiclone-7-5-mg\/\" \/>\n<meta property=\"og:site_name\" content=\"Medicinas Inc\" \/>\n<meta property=\"article:modified_time\" content=\"2022-08-03T11:53:13+00:00\" \/>\n<meta property=\"og:image\" content=\"https:\/\/medicinasinc.com\/cs\/wp-content\/uploads\/sites\/2\/2022\/02\/Buy-Imovane-Zopiclone-7.5-mg.jpg\" \/>\n\t<meta property=\"og:image:width\" content=\"570\" \/>\n\t<meta property=\"og:image:height\" content=\"340\" \/>\n\t<meta property=\"og:image:type\" content=\"image\/jpeg\" \/>\n<meta name=\"twitter:card\" content=\"summary_large_image\" \/>\n<meta name=\"twitter:label1\" content=\"Est. reading time\" \/>\n\t<meta name=\"twitter:data1\" content=\"1 minute\" \/>\n<script type=\"application\/ld+json\" class=\"yoast-schema-graph\">{\"@context\":\"https:\\\/\\\/schema.org\",\"@graph\":[{\"@type\":\"WebPage\",\"@id\":\"https:\\\/\\\/medicinasinc.com\\\/cs\\\/product\\\/buy-imovane-zopiclone-7-5-mg\\\/\",\"url\":\"https:\\\/\\\/medicinasinc.com\\\/cs\\\/product\\\/buy-imovane-zopiclone-7-5-mg\\\/\",\"name\":\"Koupit Imovane Zopiclone 7,5 mg - Nejlep\u0161\u00ed nejlep\u0161\u00ed glob\u00e1ln\u00ed l\u00e9ky\",\"isPartOf\":{\"@id\":\"https:\\\/\\\/medicinasinc.com\\\/cs\\\/#website\"},\"primaryImageOfPage\":{\"@id\":\"https:\\\/\\\/medicinasinc.com\\\/cs\\\/product\\\/buy-imovane-zopiclone-7-5-mg\\\/#primaryimage\"},\"image\":{\"@id\":\"https:\\\/\\\/medicinasinc.com\\\/cs\\\/product\\\/buy-imovane-zopiclone-7-5-mg\\\/#primaryimage\"},\"thumbnailUrl\":\"https:\\\/\\\/medicinasinc.com\\\/cs\\\/wp-content\\\/uploads\\\/sites\\\/2\\\/2022\\\/02\\\/Buy-Imovane-Zopiclone-7.5-mg.jpg\",\"datePublished\":\"2022-02-20T21:58:44+00:00\",\"dateModified\":\"2022-08-03T11:53:13+00:00\",\"description\":\"koupit zopiclone 7,5mg tablety online, koupit zopiclone 7,5mg uk, koupit zopiclon online, koupit zopiclone eu, koupit zopiclone singapore, koupit zopiclone uk, zopiclone amazon, koupit zopiclone 7,5mg tablety doru\u010den\u00ed do druh\u00e9ho dne,\",\"breadcrumb\":{\"@id\":\"https:\\\/\\\/medicinasinc.com\\\/cs\\\/product\\\/buy-imovane-zopiclone-7-5-mg\\\/#breadcrumb\"},\"inLanguage\":\"en-US\",\"potentialAction\":[{\"@type\":\"ReadAction\",\"target\":[\"https:\\\/\\\/medicinasinc.com\\\/cs\\\/product\\\/buy-imovane-zopiclone-7-5-mg\\\/\"]}]},{\"@type\":\"ImageObject\",\"inLanguage\":\"en-US\",\"@id\":\"https:\\\/\\\/medicinasinc.com\\\/cs\\\/product\\\/buy-imovane-zopiclone-7-5-mg\\\/#primaryimage\",\"url\":\"https:\\\/\\\/medicinasinc.com\\\/cs\\\/wp-content\\\/uploads\\\/sites\\\/2\\\/2022\\\/02\\\/Buy-Imovane-Zopiclone-7.5-mg.jpg\",\"contentUrl\":\"https:\\\/\\\/medicinasinc.com\\\/cs\\\/wp-content\\\/uploads\\\/sites\\\/2\\\/2022\\\/02\\\/Buy-Imovane-Zopiclone-7.5-mg.jpg\",\"width\":570,\"height\":340},{\"@type\":\"BreadcrumbList\",\"@id\":\"https:\\\/\\\/medicinasinc.com\\\/cs\\\/product\\\/buy-imovane-zopiclone-7-5-mg\\\/#breadcrumb\",\"itemListElement\":[{\"@type\":\"ListItem\",\"position\":1,\"name\":\"Obchod\",\"item\":\"https:\\\/\\\/medicinasinc.com\\\/cs\\\/obchod\\\/\"},{\"@type\":\"ListItem\",\"position\":2,\"name\":\"Koupit Imovane Zopiclone 7,5 mg\"}]},{\"@type\":\"WebSite\",\"@id\":\"https:\\\/\\\/medicinasinc.com\\\/cs\\\/#website\",\"url\":\"https:\\\/\\\/medicinasinc.com\\\/cs\\\/\",\"name\":\"Medicinas Inc\",\"description\":\"Health Medical Clinic\",\"potentialAction\":[{\"@type\":\"SearchAction\",\"target\":{\"@type\":\"EntryPoint\",\"urlTemplate\":\"https:\\\/\\\/medicinasinc.com\\\/cs\\\/?s={search_term_string}\"},\"query-input\":{\"@type\":\"PropertyValueSpecification\",\"valueRequired\":true,\"valueName\":\"search_term_string\"}}],\"inLanguage\":\"en-US\"}]}<\/script>\n<!-- \/ Yoast SEO plugin. -->","yoast_head_json":{"title":"Koupit Imovane Zopiclone 7,5 mg - Nejlep\u0161\u00ed nejlep\u0161\u00ed glob\u00e1ln\u00ed l\u00e9ky","description":"koupit zopiclone 7,5mg tablety online, koupit zopiclone 7,5mg uk, koupit zopiclon online, koupit zopiclone eu, koupit zopiclone singapore, koupit zopiclone uk, zopiclone amazon, koupit zopiclone 7,5mg tablety doru\u010den\u00ed do druh\u00e9ho dne,","robots":{"index":"index","follow":"follow","max-snippet":"max-snippet:-1","max-image-preview":"max-image-preview:large","max-video-preview":"max-video-preview:-1"},"canonical":"https:\/\/medicinasinc.com\/cs\/product\/buy-imovane-zopiclone-7-5-mg\/","og_locale":"en_US","og_type":"article","og_title":"Koupit Imovane Zopiclone 7,5 mg - Nejlep\u0161\u00ed nejlep\u0161\u00ed glob\u00e1ln\u00ed l\u00e9ky","og_description":"koupit zopiclone 7,5mg tablety online, koupit zopiclone 7,5mg uk, koupit zopiclon online, koupit zopiclone eu, koupit zopiclone singapore, koupit zopiclone uk, zopiclone amazon, koupit zopiclone 7,5mg tablety doru\u010den\u00ed do druh\u00e9ho dne,","og_url":"https:\/\/medicinasinc.com\/cs\/product\/buy-imovane-zopiclone-7-5-mg\/","og_site_name":"Medicinas Inc","article_modified_time":"2022-08-03T11:53:13+00:00","og_image":[{"width":570,"height":340,"url":"https:\/\/medicinasinc.com\/cs\/wp-content\/uploads\/sites\/2\/2022\/02\/Buy-Imovane-Zopiclone-7.5-mg.jpg","type":"image\/jpeg"}],"twitter_card":"summary_large_image","twitter_misc":{"Est. reading time":"1 minute"},"schema":{"@context":"https:\/\/schema.org","@graph":[{"@type":"WebPage","@id":"https:\/\/medicinasinc.com\/cs\/product\/buy-imovane-zopiclone-7-5-mg\/","url":"https:\/\/medicinasinc.com\/cs\/product\/buy-imovane-zopiclone-7-5-mg\/","name":"Koupit Imovane Zopiclone 7,5 mg - Nejlep\u0161\u00ed nejlep\u0161\u00ed glob\u00e1ln\u00ed l\u00e9ky","isPartOf":{"@id":"https:\/\/medicinasinc.com\/cs\/#website"},"primaryImageOfPage":{"@id":"https:\/\/medicinasinc.com\/cs\/product\/buy-imovane-zopiclone-7-5-mg\/#primaryimage"},"image":{"@id":"https:\/\/medicinasinc.com\/cs\/product\/buy-imovane-zopiclone-7-5-mg\/#primaryimage"},"thumbnailUrl":"https:\/\/medicinasinc.com\/cs\/wp-content\/uploads\/sites\/2\/2022\/02\/Buy-Imovane-Zopiclone-7.5-mg.jpg","datePublished":"2022-02-20T21:58:44+00:00","dateModified":"2022-08-03T11:53:13+00:00","description":"koupit zopiclone 7,5mg tablety online, koupit zopiclone 7,5mg uk, koupit zopiclon online, koupit zopiclone eu, koupit zopiclone singapore, koupit zopiclone uk, zopiclone amazon, koupit zopiclone 7,5mg tablety doru\u010den\u00ed do druh\u00e9ho dne,","breadcrumb":{"@id":"https:\/\/medicinasinc.com\/cs\/product\/buy-imovane-zopiclone-7-5-mg\/#breadcrumb"},"inLanguage":"en-US","potentialAction":[{"@type":"ReadAction","target":["https:\/\/medicinasinc.com\/cs\/product\/buy-imovane-zopiclone-7-5-mg\/"]}]},{"@type":"ImageObject","inLanguage":"en-US","@id":"https:\/\/medicinasinc.com\/cs\/product\/buy-imovane-zopiclone-7-5-mg\/#primaryimage","url":"https:\/\/medicinasinc.com\/cs\/wp-content\/uploads\/sites\/2\/2022\/02\/Buy-Imovane-Zopiclone-7.5-mg.jpg","contentUrl":"https:\/\/medicinasinc.com\/cs\/wp-content\/uploads\/sites\/2\/2022\/02\/Buy-Imovane-Zopiclone-7.5-mg.jpg","width":570,"height":340},{"@type":"BreadcrumbList","@id":"https:\/\/medicinasinc.com\/cs\/product\/buy-imovane-zopiclone-7-5-mg\/#breadcrumb","itemListElement":[{"@type":"ListItem","position":1,"name":"Obchod","item":"https:\/\/medicinasinc.com\/cs\/obchod\/"},{"@type":"ListItem","position":2,"name":"Koupit Imovane Zopiclone 7,5 mg"}]},{"@type":"WebSite","@id":"https:\/\/medicinasinc.com\/cs\/#website","url":"https:\/\/medicinasinc.com\/cs\/","name":"Medicinas Inc","description":"Health Medical Clinic","potentialAction":[{"@type":"SearchAction","target":{"@type":"EntryPoint","urlTemplate":"https:\/\/medicinasinc.com\/cs\/?s={search_term_string}"},"query-input":{"@type":"PropertyValueSpecification","valueRequired":true,"valueName":"search_term_string"}}],"inLanguage":"en-US"}]}},"_links":{"self":[{"href":"https:\/\/medicinasinc.com\/cs\/wp-json\/wp\/v2\/product\/5208","targetHints":{"allow":["GET"]}}],"collection":[{"href":"https:\/\/medicinasinc.com\/cs\/wp-json\/wp\/v2\/product"}],"about":[{"href":"https:\/\/medicinasinc.com\/cs\/wp-json\/wp\/v2\/types\/product"}],"replies":[{"embeddable":true,"href":"https:\/\/medicinasinc.com\/cs\/wp-json\/wp\/v2\/comments?post=5208"}],"wp:featuredmedia":[{"embeddable":true,"href":"https:\/\/medicinasinc.com\/cs\/wp-json\/wp\/v2\/media\/5226"}],"wp:attachment":[{"href":"https:\/\/medicinasinc.com\/cs\/wp-json\/wp\/v2\/media?parent=5208"}],"wp:term":[{"taxonomy":"product_brand","embeddable":true,"href":"https:\/\/medicinasinc.com\/cs\/wp-json\/wp\/v2\/product_brand?post=5208"},{"taxonomy":"product_cat","embeddable":true,"href":"https:\/\/medicinasinc.com\/cs\/wp-json\/wp\/v2\/product_cat?post=5208"},{"taxonomy":"product_tag","embeddable":true,"href":"https:\/\/medicinasinc.com\/cs\/wp-json\/wp\/v2\/product_tag?post=5208"}],"curies":[{"name":"wp","href":"https:\/\/api.w.org\/{rel}","templated":true}]}}