{"id":5207,"date":"2022-02-20T21:57:05","date_gmt":"2022-02-20T21:57:05","guid":{"rendered":"https:\/\/medicinasinc.com\/cs\/?post_type=product&#038;p=5207"},"modified":"2022-03-14T12:22:55","modified_gmt":"2022-03-14T12:22:55","slug":"koupit-imitrex-sumatriptan-100-mg","status":"publish","type":"product","link":"https:\/\/medicinasinc.com\/cs\/product\/koupit-imitrex-sumatriptan-100-mg\/","title":{"rendered":"Kupte si imitrex Sumatriptan 100 mg"},"content":{"rendered":"<div class=\"product-next-previous\">\n<div class=\"product-prev\">\n<p>Koupit Imitrex 100mg tablety online Informace o spole\u010dnosti Imitrex (zna\u010dka a generick\u00e9)<\/p>\n<p>Bestglobalmeds.com\u00a0aktu\u00e1ln\u011b prod\u00e1v\u00e1 zna\u010dka Imitrex, b\u011b\u017en\u011b zn\u00e1m\u00e1 jako Imigran, vyr\u00e1b\u011bn\u00e1 spole\u010dnostmi GSK v Turecku a Aspen v Austr\u00e1lii. Krom\u011b toho m\u00e1me zna\u010dku GSK Imitrex z Kanady. Sumatriptan je b\u011b\u017en\u011b dostupn\u00fd od Pharma Science v Kanad\u011b, Sun Pharma v Indii (Suminat) a Dexcel Pharma a Accord Pharma ve Spojen\u00e9m kr\u00e1lovstv\u00ed.<\/p>\n<p>D\u00e1vkov\u00e1n\u00ed<\/p>\n<p>Imitrex se dod\u00e1v\u00e1 v r\u016fzn\u00fdch variant\u00e1ch d\u00e1vkovac\u00ed formulace a \u00farovn\u011b. Imitrex a Sumatriptan jsou dostupn\u00e9 v 50 mg a 100 mg tabletov\u00e9 l\u00e9kov\u00e9 form\u011b. Krom\u011b toho poskytujeme generick\u00e9 tablety Imitrex 25 mg. Krom\u011b toho je zna\u010dka Imitrex k dispozici jako balen\u00ed nosn\u00edho spreje 20 mg, injek\u010dn\u00ed lahvi\u010dky 6 mg\/0,5 ml, startovac\u00ed sady se statickou d\u00e1vkou a z\u00e1sobn\u00edky se statickou d\u00e1vkou.<\/p>\n<p>Pou\u017eit\u00ed<\/p>\n<p>Imitrex (Sumatriptan) je l\u00e9k pou\u017e\u00edvan\u00fd k l\u00e9\u010db\u011b migr\u00e9nov\u00fdch bolest\u00ed hlavy. Imitrex nezabra\u0148uje migr\u00e9n\u00e1m ani nesni\u017euje jejich frekvenci. Pou\u017e\u00edv\u00e1 se pouze k l\u00e9\u010db\u011b p\u0159\u00edznak\u016f migr\u00e9ny, kter\u00e9 ji\u017e za\u010daly. Pom\u00e1h\u00e1 p\u0159i \u00falev\u011b od bolest\u00ed hlavy, nepohodl\u00ed a dal\u0161\u00edch p\u0159\u00edznak\u016f migr\u00e9ny, jako je nevolnost, zvracen\u00ed a citlivost na sv\u011btlo nebo zvuky. Sumatriptan je \u010dlenem t\u0159\u00eddy l\u00e9k\u016f triptan\u016f. Tento l\u00e9k p\u016fsob\u00ed tak, \u017ee zasahuje do p\u0159irozen\u011b se vyskytuj\u00edc\u00ed chemick\u00e9 l\u00e1tky (serotonin), kter\u00e1 zp\u016fsobuje z\u00fa\u017een\u00ed krevn\u00edch tepen v mozku. Nav\u00edc zm\u00edrn\u00ed bolest ovlivn\u011bn\u00edm specifick\u00fdch nerv\u016f v mozku.<\/p>\n<p>D\u016fsledky<\/p>\n<p>Okam\u017eit\u011b se pora\u010fte se sv\u00fdm l\u00e9ka\u0159em, pokud zaznamen\u00e1te n\u011bkter\u00fd z n\u00e1sleduj\u00edc\u00edch z\u00e1va\u017en\u00fdch ne\u017e\u00e1douc\u00edch \u00fa\u010dink\u016f: hrudn\u00edk, \u010delist nebo lev\u00e1 bolest pa\u017e\u00ed; krvav\u00fd pr\u016fjem; mdloby; rychl\u00fd, nepravideln\u00fd, bu\u0161en\u00ed srdce; du\u0161evn\u00ed probl\u00e9my \/ probl\u00e9my s n\u00e1ladou; siln\u00e1 bolest \u017ealudku\/b\u0159icha; siln\u00e1 bolest na hrudi; z\u00e1chvaty; nez\u0159eteln\u00e1 \u0159e\u010d; vizu\u00e1ln\u00ed zm\u011bny. N\u00e1sleduj\u00ed n\u011bkter\u00e9 z nej\u010dast\u011bj\u0161\u00edch ne\u017e\u00e1douc\u00edch \u00fa\u010dink\u016f: \u2022 Z\u00e1vrat\u011b a ospalost; \u2022 Pocity mraven\u010den\u00ed\/necitlivosti\/p\u00edch\u00e1n\u00ed\/tepla; \u2022 Zrudnut\u00ed.<br \/> \u2022 Zv\u00fd\u0161en\u00fd krevn\u00ed tlak \u2014 Pravideln\u011b kontrolujte sv\u016fj krevn\u00ed tlak, abyste zajistili bezpe\u010dnost;<br \/> \u2022 Vy\u010derp\u00e1n\u00ed; \u2022 Slabost<\/p>\n<p>Kontraindikace a interakce<\/p>\n<p>Imitrex by se nem\u011bl pou\u017e\u00edvat k l\u00e9\u010db\u011b b\u011b\u017en\u00e9 tenzn\u00ed bolesti hlavy nebo takov\u00e9, kter\u00e1 vede ke ztr\u00e1t\u011b pohybu na jedn\u00e9 stran\u011b t\u011bla. Imitrex by se nem\u011bl pou\u017e\u00edvat, pokud jste alergick\u00fd\/\u00e1 na sumatriptan nebo pokud m\u00e1te n\u00e1sleduj\u00edc\u00ed stavy: \u2022 Srde\u010dn\u00ed infarkt nebo mozkov\u00e1 mrtvice v anamn\u00e9ze; \u2022 N\u011bkter\u00e9 poruchy srde\u010dn\u00edho rytmu; \u2022 Poruchy krevn\u00edho ob\u011bhu vedouc\u00ed k nedostate\u010dn\u00e9mu z\u00e1sobov\u00e1n\u00ed t\u011bla krv\u00ed; \u2022 Srde\u010dn\u00ed probl\u00e9my; \u2022 Onemocn\u011bn\u00ed jater nebo ledvin; \u2022 Nekontrolovan\u00fd vysok\u00fd krevn\u00ed tlak;<\/p>\n<p>Imitrex by se nem\u011bl u\u017e\u00edvat do 24 hodin po pou\u017eit\u00ed jak\u00e9koli jin\u00e9 l\u00e9\u010dby migr\u00e9ny. Informujte sv\u00e9ho l\u00e9ka\u0159e o v\u0161ech sou\u010dasn\u00fdch l\u00e9c\u00edch, kter\u00e9 u\u017e\u00edv\u00e1te, v\u010detn\u011b l\u00e9k\u016f na p\u0159edpis, voln\u011b prodejn\u00fdch a rostlinn\u00fdch l\u00e9k\u016f, v\u010detn\u011b IMAO, selektivn\u00edch inhibitor\u016f zp\u011btn\u00e9ho vychyt\u00e1v\u00e1n\u00ed serotoninu a inhibitor\u016f zp\u011btn\u00e9ho vychyt\u00e1v\u00e1n\u00ed norepinefrinu. Sumatriptan m\u016f\u017ee zp\u016fsobit z\u00e1vrat\u011b nebo ospalost. Alkohol nebo marihuana mohou zv\u00fd\u0161it va\u0161i z\u00e1vrat\u011b nebo ospalost. Vyhn\u011bte se \u0159\u00edzen\u00ed, obsluze stroj\u016f nebo prov\u00e1d\u011bn\u00ed jak\u00e9koli jin\u00e9 \u010dinnosti, kter\u00e1 vy\u017eaduje pozornost. Alkoholick\u00e9 n\u00e1poje konzumujte s m\u00edrou. Nen\u00ed zn\u00e1mo, \u017ee by Imitrex po\u0161kozoval nenarozen\u00e9 d\u00edt\u011b. Pokud jste t\u011bhotn\u00e1, pora\u010fte se se sv\u00fdm l\u00e9ka\u0159em. Sumatriptan se vylu\u010duje do mate\u0159sk\u00e9ho ml\u00e9ka a m\u016f\u017ee zp\u016fsobit po\u0161kozen\u00ed kojen\u00e9ho d\u00edt\u011bte. Po pou\u017eit\u00ed p\u0159\u00edpravku Imitrex je t\u0159eba se 12 hodin vyhnout kojen\u00ed. Imitrex se nedoporu\u010duje pou\u017e\u00edvat osob\u00e1m mlad\u0161\u00edm 18 let.<\/p>\n<p>Ot\u00e1zky a odpov\u011bdi<br \/> Pro\u010d je Imitrex v Kanad\u011b levn\u011bj\u0161\u00ed ne\u017e ve Spojen\u00fdch st\u00e1tech?<\/p>\n<p>Obecn\u011b Ceny v\u0161ech l\u00e9k\u016f, nejen Imitrex, jsou p\u0159im\u011b\u0159en\u011bj\u0161\u00ed, kdy\u017e jsou zakoupeny z Kanady, proto\u017ee vl\u00e1da reguluje cenu zna\u010dkov\u00fdch i generick\u00fdch l\u00e9k\u016f. Nav\u00edc od na\u0161eho zalo\u017een\u00ed v roce 2006 bylo na\u0161\u00edm c\u00edlem poskytovat bezpe\u010dn\u00e9 a levn\u00e9 l\u00e9ky lidem ve Spojen\u00fdch st\u00e1tech.<\/p>\n<p>Je n\u00e1kup Imitrexu ve va\u0161\u00ed l\u00e9k\u00e1rn\u011b bezpe\u010dn\u00fd?<\/p>\n<p>Na\u0161e produkty jsou z\u00edsk\u00e1v\u00e1ny v\u00fdhradn\u011b ze za\u0159\u00edzen\u00ed, kter\u00e1 byla certifikov\u00e1na org\u00e1ny v zem\u00edch, ze kter\u00fdch jsou dov\u00e1\u017eeny. CanadaPharmacyOnline.com pou\u017e\u00edv\u00e1 p\u0159\u00edsn\u00e9 v\u00fdb\u011brov\u00e9 \u0159\u00edzen\u00ed pro na\u0161e partnery, abychom zajistili, \u017ee vy, n\u00e1\u0161 z\u00e1kazn\u00edk, dostanete ty nejbezpe\u010dn\u011bj\u0161\u00ed mo\u017en\u00e9 l\u00e9ky. Krom\u011b toho jsme certifikovan\u00e1 kanadsk\u00e1 l\u00e9k\u00e1rna, kter\u00e1 spl\u0148uje v\u0161echny provin\u010dn\u00ed z\u00e1kony.<\/p>\n<p>Kolik stoj\u00ed generick\u00fd Imitrex 100 mg ve va\u0161\u00ed l\u00e9k\u00e1rn\u011b?<\/p>\n<p>Generick\u00fd Imitrex 100 mg je k dispozici za minim\u00e1ln\u00ed cenu jako 28,99 USD za 12 tablet, zat\u00edmco d\u00e1vka 50 mg je k dispozici ji\u017e za 57,99 USD za 18 pilulek.<\/p>\n<p>Kolik stoj\u00ed tableta?<\/p>\n<p>Imitrex 100 mg je k dispozici jako generick\u00fd formul\u00e1\u0159 za 2,27 $ za tabletu a ve zna\u010dkov\u00e9 form\u011b za 8,67 $ za tabletu v na\u0161\u00ed l\u00e9k\u00e1rn\u011b.<\/p>\n<p>Kolik stoj\u00ed doprava?<\/p>\n<p>Na\u0161e pau\u0161\u00e1ln\u00ed cena za doru\u010den\u00ed je 10,00 $ za objedn\u00e1vku. Na\u0161e l\u00e9k\u00e1rna je odhodl\u00e1na poskytovat v\u00e1m nejni\u017e\u0161\u00ed mo\u017en\u00e9 ceny vysoce kvalitn\u00edch polo\u017eek.<\/p>\n<p>Jak mohu zadat objedn\u00e1vku ve va\u0161\u00ed l\u00e9k\u00e1rn\u011b?<\/p>\n<p>Objednat si u n\u00e1s Imitrex je opravdu snadn\u00e9 . Objedn\u00e1vku m\u016f\u017eete zadat online nebo telefonicky prost\u0159ednictv\u00edm z\u00e1kaznick\u00e9ho servisu. Nav\u0161tivte na\u0161i str\u00e1nku Jak objedn\u00e1vat, kde najdete dal\u0161\u00ed informace nebo zahajte proces objedn\u00e1vky.<\/p>\n<p>Je cena Imitrexu konkurenceschopn\u00e1?<\/p>\n<p>Ano, jsme hrd\u00ed na to, \u017ee poskytujeme jedny z nejni\u017e\u0161\u00edch dostupn\u00fdch cen v kanadsk\u00fdch l\u00e9k\u00e1rn\u00e1ch. Ve vz\u00e1cn\u00fdch situac\u00edch m\u016f\u017eeme b\u00fdt schopni vyrovnat nebo p\u0159ekonat ceny na\u0161ich konkurent\u016f. Obra\u0165te se laskav\u011b na na\u0161i zdvo\u0159ilou z\u00e1kaznickou podporu na \u010d\u00edsle 1866 920 3784.<\/p>\n<p>Mohu si od v\u00e1s koupit Imitrex p\u0159es p\u0159ep\u00e1\u017eku?<\/p>\n<p>Ne, Imitrex je k dispozici pouze na platn\u00fd p\u0159edpis od va\u0161eho l\u00e9ka\u0159e. Bez platn\u00e9ho p\u0159edpisu tento produkt neprod\u00e1v\u00e1me.<\/p>\n<p>Imitrex 50 mg vs. Imitrex 100 mg: Jak\u00fd je rozd\u00edl?<\/p>\n<p>Rozd\u00edl v d\u00e1vce odr\u00e1\u017e\u00ed mno\u017estv\u00ed \u00fa\u010dinn\u00e9 l\u00e1tky (\u00fa\u010dinn\u00fdch l\u00e1tek) ) obsa\u017een\u00e9 v l\u00e9ku.<\/p>\n<p>Mechanismus \u00fa\u010dinku Imitrexu<\/p>\n<\/p><\/div><\/div>\n<div class=\"product-next-previous\">\n<div class=\"product-prev\"><\/div><\/div>\n","protected":false},"excerpt":{"rendered":"<div class=\"woocommerce-product-details__short-description\">\n<p>Pilulky Imitrex Sumatriptan 100 mg lze zakoupit online. IMITREX je agonista serotoninov\u00e9ho receptoru 5-HT1B\/1D (triptan) schv\u00e1len\u00fd pro okam\u017eitou l\u00e9\u010dbu migr\u00e9n u dosp\u011bl\u00fdch s aurou nebo bez aury.<\/p>\n<p>Sumatriptan lze zakoupit online prost\u0159ednictv\u00edm na\u0161\u00ed online l\u00e9k\u00e1rny registrovan\u00e9 ve Spojen\u00e9m kr\u00e1lovstv\u00ed.<\/p>\n<p> p&gt; <\/p>\n<p>Sumatriptan je l\u00e9k na migr\u00e9nu s rychl\u00fdm n\u00e1stupem \u00fa\u010dinku. Zaru\u010den\u00e1 nejni\u017e\u0161\u00ed cena ve Spojen\u00e9m kr\u00e1lovstv\u00ed.<\/p>\n<p>Tablety na \u00falevu od migr\u00e9ny sumatriptan lze bezpe\u010dn\u011b a bezpe\u010dn\u011b zakoupit online v l\u00e9k\u00e1rn\u011b ve Spojen\u00e9m kr\u00e1lovstv\u00ed.<\/p>\n<p>Sumatriptan je generick\u00e1 forma p\u0159\u00edpravku Imigran, kter\u00e1 je levn\u011bj\u0161\u00ed. <\/p>\n<p>Kupte si Imitrex (Sumatriptan) se slevou v licencovan\u00e9 nejlep\u0161\u00ed glob\u00e1ln\u00ed l\u00e9k\u00e1rn\u011b l\u00e9k\u016f&#8230;. 50mg100mg<\/p>\n<p>Kupte si Imitrex online je\u0161t\u011b dnes v na\u0161\u00ed kanadsk\u00e9 l\u00e9k\u00e1rn\u011b!<\/p>\n<\/p><\/div>\n","protected":false},"featured_media":5224,"comment_status":"open","ping_status":"closed","template":"","meta":[],"product_brand":[],"product_cat":[1117],"product_tag":[1340,1341,1342,1343,1344,1345,1346,1347,1359,1361,1360,1339,1353,1338,1348,1349,1351,1350,1352,1354,1357,1355,1358,1356],"class_list":{"0":"post-5207","1":"product","2":"type-product","3":"status-publish","4":"has-post-thumbnail","6":"product_cat-koupit-prasky-na-spani-bolest","7":"product_tag-do-imitrex-generikum-sumatriptan","8":"product_tag-imitrex-nasal-spray-sumatriptan","9":"product_tag-imitrex-sumatriptan","10":"product_tag-imitrex-sumatriptan-sukcint","11":"product_tag-imitrex-vs-sumatriptan","12":"product_tag-injection-sumatriptan-imitrex","13":"product_tag-je-sumatriptan-imitrex","14":"product_tag-je-sumatriptan-stejn-jako-imitrex","15":"product_tag-k-emu-se-pouv-sumatriptan-100-mg","16":"product_tag-kde-na-koupit-sumatriptan-voln-prodejn","17":"product_tag-kdy-by-sumatriptan-imitrex-se-ml-vyhnout","18":"product_tag-koupit-sumatriptan-online-usa","19":"product_tag-sumatriptan-imitrex-nplast","20":"product_tag-pacient-trp-migrenou-bolesti-hlavy-jak-je-inek-sumatriptan-imitrex","21":"product_tag-sumatriptan-imitrex-50-mg-tableta-cena","22":"product_tag-sumatriptan-100-mg-online","23":"product_tag-sumatriptan-50-mg","24":"product_tag-sumatriptan-50-mg-voln-prodejn","25":"product_tag-sumatriptan-imitrex","26":"product_tag-sumatriptan-imitrex-treximet","27":"product_tag-sumatriptan-sukcint-imitrex","28":"product_tag-sumatriptan-over-the-counter-usa","29":"product_tag-sumatriptan-vs-imitrex","30":"product_tag-vedlej-inky-sumatriptanu","32":"first","33":"instock","34":"shipping-taxable","35":"purchasable","36":"product-type-variable","37":"has-default-attributes"},"yoast_head":"<!-- This site is optimized with the Yoast SEO plugin v27.3 - https:\/\/yoast.com\/product\/yoast-seo-wordpress\/ -->\n<title>Koupit imitrex Sumatriptan 100 mg - Nejlep\u0161\u00ed glob\u00e1ln\u00ed l\u00e9ky<\/title>\n<meta name=\"description\" content=\"Kupte si imitrex Sumatriptan 100 mg tablety na \u00falevu od migr\u00e9ny bezpe\u010dn\u011b a bezpe\u010dn\u011b v britsk\u00e9 internetov\u00e9 l\u00e9k\u00e1rn\u011b. Sumatriptan\u00a0je obecn\u00e1 levn\u011bj\u0161\u00ed verze p\u0159\u00edpravku Imigran.\" \/>\n<meta name=\"robots\" content=\"index, follow, max-snippet:-1, max-image-preview:large, max-video-preview:-1\" \/>\n<link rel=\"canonical\" href=\"https:\/\/medicinasinc.com\/cs\/product\/koupit-imitrex-sumatriptan-100-mg\/\" \/>\n<meta property=\"og:locale\" content=\"en_US\" \/>\n<meta property=\"og:type\" content=\"article\" \/>\n<meta property=\"og:title\" content=\"Koupit imitrex Sumatriptan 100 mg - Nejlep\u0161\u00ed glob\u00e1ln\u00ed l\u00e9ky\" \/>\n<meta property=\"og:description\" content=\"Kupte si imitrex Sumatriptan 100 mg tablety na \u00falevu od migr\u00e9ny bezpe\u010dn\u011b a bezpe\u010dn\u011b v britsk\u00e9 internetov\u00e9 l\u00e9k\u00e1rn\u011b. Sumatriptan\u00a0je obecn\u00e1 levn\u011bj\u0161\u00ed verze p\u0159\u00edpravku Imigran.\" \/>\n<meta property=\"og:url\" content=\"https:\/\/medicinasinc.com\/cs\/product\/koupit-imitrex-sumatriptan-100-mg\/\" \/>\n<meta property=\"og:site_name\" content=\"Medicinas Inc\" \/>\n<meta property=\"article:modified_time\" content=\"2022-03-14T12:22:55+00:00\" \/>\n<meta property=\"og:image\" content=\"https:\/\/medicinasinc.com\/cs\/wp-content\/uploads\/sites\/2\/2022\/02\/Buy-imitrex-Sumatriptan-100-mg.jpg\" \/>\n\t<meta property=\"og:image:width\" content=\"846\" \/>\n\t<meta property=\"og:image:height\" content=\"600\" \/>\n\t<meta property=\"og:image:type\" content=\"image\/jpeg\" \/>\n<meta name=\"twitter:card\" content=\"summary_large_image\" \/>\n<meta name=\"twitter:label1\" content=\"Est. reading time\" \/>\n\t<meta name=\"twitter:data1\" content=\"4 minutes\" \/>\n<script type=\"application\/ld+json\" class=\"yoast-schema-graph\">{\"@context\":\"https:\\\/\\\/schema.org\",\"@graph\":[{\"@type\":\"WebPage\",\"@id\":\"https:\\\/\\\/medicinasinc.com\\\/cs\\\/product\\\/koupit-imitrex-sumatriptan-100-mg\\\/\",\"url\":\"https:\\\/\\\/medicinasinc.com\\\/cs\\\/product\\\/koupit-imitrex-sumatriptan-100-mg\\\/\",\"name\":\"Koupit imitrex Sumatriptan 100 mg - Nejlep\u0161\u00ed glob\u00e1ln\u00ed l\u00e9ky\",\"isPartOf\":{\"@id\":\"https:\\\/\\\/medicinasinc.com\\\/cs\\\/#website\"},\"primaryImageOfPage\":{\"@id\":\"https:\\\/\\\/medicinasinc.com\\\/cs\\\/product\\\/koupit-imitrex-sumatriptan-100-mg\\\/#primaryimage\"},\"image\":{\"@id\":\"https:\\\/\\\/medicinasinc.com\\\/cs\\\/product\\\/koupit-imitrex-sumatriptan-100-mg\\\/#primaryimage\"},\"thumbnailUrl\":\"https:\\\/\\\/medicinasinc.com\\\/cs\\\/wp-content\\\/uploads\\\/sites\\\/2\\\/2022\\\/02\\\/Buy-imitrex-Sumatriptan-100-mg.jpg\",\"datePublished\":\"2022-02-20T21:57:05+00:00\",\"dateModified\":\"2022-03-14T12:22:55+00:00\",\"description\":\"Kupte si imitrex Sumatriptan 100 mg tablety na \u00falevu od migr\u00e9ny bezpe\u010dn\u011b a bezpe\u010dn\u011b v britsk\u00e9 internetov\u00e9 l\u00e9k\u00e1rn\u011b. Sumatriptan\u00a0je obecn\u00e1 levn\u011bj\u0161\u00ed verze p\u0159\u00edpravku Imigran.\",\"breadcrumb\":{\"@id\":\"https:\\\/\\\/medicinasinc.com\\\/cs\\\/product\\\/koupit-imitrex-sumatriptan-100-mg\\\/#breadcrumb\"},\"inLanguage\":\"en-US\",\"potentialAction\":[{\"@type\":\"ReadAction\",\"target\":[\"https:\\\/\\\/medicinasinc.com\\\/cs\\\/product\\\/koupit-imitrex-sumatriptan-100-mg\\\/\"]}]},{\"@type\":\"ImageObject\",\"inLanguage\":\"en-US\",\"@id\":\"https:\\\/\\\/medicinasinc.com\\\/cs\\\/product\\\/koupit-imitrex-sumatriptan-100-mg\\\/#primaryimage\",\"url\":\"https:\\\/\\\/medicinasinc.com\\\/cs\\\/wp-content\\\/uploads\\\/sites\\\/2\\\/2022\\\/02\\\/Buy-imitrex-Sumatriptan-100-mg.jpg\",\"contentUrl\":\"https:\\\/\\\/medicinasinc.com\\\/cs\\\/wp-content\\\/uploads\\\/sites\\\/2\\\/2022\\\/02\\\/Buy-imitrex-Sumatriptan-100-mg.jpg\",\"width\":846,\"height\":600},{\"@type\":\"BreadcrumbList\",\"@id\":\"https:\\\/\\\/medicinasinc.com\\\/cs\\\/product\\\/koupit-imitrex-sumatriptan-100-mg\\\/#breadcrumb\",\"itemListElement\":[{\"@type\":\"ListItem\",\"position\":1,\"name\":\"Obchod\",\"item\":\"https:\\\/\\\/medicinasinc.com\\\/cs\\\/obchod\\\/\"},{\"@type\":\"ListItem\",\"position\":2,\"name\":\"Kupte si imitrex Sumatriptan 100 mg\"}]},{\"@type\":\"WebSite\",\"@id\":\"https:\\\/\\\/medicinasinc.com\\\/cs\\\/#website\",\"url\":\"https:\\\/\\\/medicinasinc.com\\\/cs\\\/\",\"name\":\"Medicinas Inc\",\"description\":\"Health Medical Clinic\",\"potentialAction\":[{\"@type\":\"SearchAction\",\"target\":{\"@type\":\"EntryPoint\",\"urlTemplate\":\"https:\\\/\\\/medicinasinc.com\\\/cs\\\/?s={search_term_string}\"},\"query-input\":{\"@type\":\"PropertyValueSpecification\",\"valueRequired\":true,\"valueName\":\"search_term_string\"}}],\"inLanguage\":\"en-US\"}]}<\/script>\n<!-- \/ Yoast SEO plugin. -->","yoast_head_json":{"title":"Koupit imitrex Sumatriptan 100 mg - Nejlep\u0161\u00ed glob\u00e1ln\u00ed l\u00e9ky","description":"Kupte si imitrex Sumatriptan 100 mg tablety na \u00falevu od migr\u00e9ny bezpe\u010dn\u011b a bezpe\u010dn\u011b v britsk\u00e9 internetov\u00e9 l\u00e9k\u00e1rn\u011b. Sumatriptan\u00a0je obecn\u00e1 levn\u011bj\u0161\u00ed verze p\u0159\u00edpravku Imigran.","robots":{"index":"index","follow":"follow","max-snippet":"max-snippet:-1","max-image-preview":"max-image-preview:large","max-video-preview":"max-video-preview:-1"},"canonical":"https:\/\/medicinasinc.com\/cs\/product\/koupit-imitrex-sumatriptan-100-mg\/","og_locale":"en_US","og_type":"article","og_title":"Koupit imitrex Sumatriptan 100 mg - Nejlep\u0161\u00ed glob\u00e1ln\u00ed l\u00e9ky","og_description":"Kupte si imitrex Sumatriptan 100 mg tablety na \u00falevu od migr\u00e9ny bezpe\u010dn\u011b a bezpe\u010dn\u011b v britsk\u00e9 internetov\u00e9 l\u00e9k\u00e1rn\u011b. Sumatriptan\u00a0je obecn\u00e1 levn\u011bj\u0161\u00ed verze p\u0159\u00edpravku Imigran.","og_url":"https:\/\/medicinasinc.com\/cs\/product\/koupit-imitrex-sumatriptan-100-mg\/","og_site_name":"Medicinas Inc","article_modified_time":"2022-03-14T12:22:55+00:00","og_image":[{"width":846,"height":600,"url":"https:\/\/medicinasinc.com\/cs\/wp-content\/uploads\/sites\/2\/2022\/02\/Buy-imitrex-Sumatriptan-100-mg.jpg","type":"image\/jpeg"}],"twitter_card":"summary_large_image","twitter_misc":{"Est. reading time":"4 minutes"},"schema":{"@context":"https:\/\/schema.org","@graph":[{"@type":"WebPage","@id":"https:\/\/medicinasinc.com\/cs\/product\/koupit-imitrex-sumatriptan-100-mg\/","url":"https:\/\/medicinasinc.com\/cs\/product\/koupit-imitrex-sumatriptan-100-mg\/","name":"Koupit imitrex Sumatriptan 100 mg - Nejlep\u0161\u00ed glob\u00e1ln\u00ed l\u00e9ky","isPartOf":{"@id":"https:\/\/medicinasinc.com\/cs\/#website"},"primaryImageOfPage":{"@id":"https:\/\/medicinasinc.com\/cs\/product\/koupit-imitrex-sumatriptan-100-mg\/#primaryimage"},"image":{"@id":"https:\/\/medicinasinc.com\/cs\/product\/koupit-imitrex-sumatriptan-100-mg\/#primaryimage"},"thumbnailUrl":"https:\/\/medicinasinc.com\/cs\/wp-content\/uploads\/sites\/2\/2022\/02\/Buy-imitrex-Sumatriptan-100-mg.jpg","datePublished":"2022-02-20T21:57:05+00:00","dateModified":"2022-03-14T12:22:55+00:00","description":"Kupte si imitrex Sumatriptan 100 mg tablety na \u00falevu od migr\u00e9ny bezpe\u010dn\u011b a bezpe\u010dn\u011b v britsk\u00e9 internetov\u00e9 l\u00e9k\u00e1rn\u011b. Sumatriptan\u00a0je obecn\u00e1 levn\u011bj\u0161\u00ed verze p\u0159\u00edpravku Imigran.","breadcrumb":{"@id":"https:\/\/medicinasinc.com\/cs\/product\/koupit-imitrex-sumatriptan-100-mg\/#breadcrumb"},"inLanguage":"en-US","potentialAction":[{"@type":"ReadAction","target":["https:\/\/medicinasinc.com\/cs\/product\/koupit-imitrex-sumatriptan-100-mg\/"]}]},{"@type":"ImageObject","inLanguage":"en-US","@id":"https:\/\/medicinasinc.com\/cs\/product\/koupit-imitrex-sumatriptan-100-mg\/#primaryimage","url":"https:\/\/medicinasinc.com\/cs\/wp-content\/uploads\/sites\/2\/2022\/02\/Buy-imitrex-Sumatriptan-100-mg.jpg","contentUrl":"https:\/\/medicinasinc.com\/cs\/wp-content\/uploads\/sites\/2\/2022\/02\/Buy-imitrex-Sumatriptan-100-mg.jpg","width":846,"height":600},{"@type":"BreadcrumbList","@id":"https:\/\/medicinasinc.com\/cs\/product\/koupit-imitrex-sumatriptan-100-mg\/#breadcrumb","itemListElement":[{"@type":"ListItem","position":1,"name":"Obchod","item":"https:\/\/medicinasinc.com\/cs\/obchod\/"},{"@type":"ListItem","position":2,"name":"Kupte si imitrex Sumatriptan 100 mg"}]},{"@type":"WebSite","@id":"https:\/\/medicinasinc.com\/cs\/#website","url":"https:\/\/medicinasinc.com\/cs\/","name":"Medicinas Inc","description":"Health Medical Clinic","potentialAction":[{"@type":"SearchAction","target":{"@type":"EntryPoint","urlTemplate":"https:\/\/medicinasinc.com\/cs\/?s={search_term_string}"},"query-input":{"@type":"PropertyValueSpecification","valueRequired":true,"valueName":"search_term_string"}}],"inLanguage":"en-US"}]}},"_links":{"self":[{"href":"https:\/\/medicinasinc.com\/cs\/wp-json\/wp\/v2\/product\/5207","targetHints":{"allow":["GET"]}}],"collection":[{"href":"https:\/\/medicinasinc.com\/cs\/wp-json\/wp\/v2\/product"}],"about":[{"href":"https:\/\/medicinasinc.com\/cs\/wp-json\/wp\/v2\/types\/product"}],"replies":[{"embeddable":true,"href":"https:\/\/medicinasinc.com\/cs\/wp-json\/wp\/v2\/comments?post=5207"}],"wp:featuredmedia":[{"embeddable":true,"href":"https:\/\/medicinasinc.com\/cs\/wp-json\/wp\/v2\/media\/5224"}],"wp:attachment":[{"href":"https:\/\/medicinasinc.com\/cs\/wp-json\/wp\/v2\/media?parent=5207"}],"wp:term":[{"taxonomy":"product_brand","embeddable":true,"href":"https:\/\/medicinasinc.com\/cs\/wp-json\/wp\/v2\/product_brand?post=5207"},{"taxonomy":"product_cat","embeddable":true,"href":"https:\/\/medicinasinc.com\/cs\/wp-json\/wp\/v2\/product_cat?post=5207"},{"taxonomy":"product_tag","embeddable":true,"href":"https:\/\/medicinasinc.com\/cs\/wp-json\/wp\/v2\/product_tag?post=5207"}],"curies":[{"name":"wp","href":"https:\/\/api.w.org\/{rel}","templated":true}]}}