{"id":5184,"date":"2022-02-20T21:36:32","date_gmt":"2022-02-20T21:36:32","guid":{"rendered":"https:\/\/medicinasinc.com\/cs\/?post_type=product&#038;p=5184"},"modified":"2022-03-14T12:23:20","modified_gmt":"2022-03-14T12:23:20","slug":"koupit-hydrokodon-10-325mg","status":"publish","type":"product","link":"https:\/\/medicinasinc.com\/cs\/product\/koupit-hydrokodon-10-325mg\/","title":{"rendered":"Koupit Hydrocodone 10\/325 mg"},"content":{"rendered":"<p>Kde koupit\u00a0Hydrocodone 10\/325 mg?<\/p>\n<p>Proto\u017ee je Hydrocodone siln\u00fd l\u00e9k proti bolesti, m\u016f\u017eete ho z\u00edskat online bez l\u00e9ka\u0159sk\u00e9ho p\u0159edpisu. Opiov\u00fd m\u00e1k poskytuje kodein, kter\u00fd se pou\u017e\u00edv\u00e1 k v\u00fdrob\u011b t\u00e9to drogy. Kdy\u017e se hydrokodon vyr\u00e1b\u00ed z kodeinu, \u00fa\u010dinky zm\u00edrn\u011bn\u00ed bolesti jsou siln\u011bj\u0161\u00ed a p\u0159etrv\u00e1vaj\u00ed d\u00e9le. V d\u016fsledku toho l\u00e9ka\u0159i \u010dasto p\u0159edepisuj\u00ed hydrokodon m\u00edsto kodeinu k l\u00e9\u010db\u011b siln\u00e9 bolesti.<\/p>\n<p>V mozku m\u011bn\u00ed hydrokodon chemickou rovnov\u00e1hu, blokuje \u010dinnost receptor\u016f bolesti, a tak zbavuje u\u017eivatele jak\u00e9hokoli vn\u00edm\u00e1n\u00ed bolesti. <\/p>\n<p>Vzhledem k akutn\u00ed a chronick\u00e9 povaze bolesti p\u0159i zlomenin\u00e1ch je hydrokodon jednou z nejlep\u0161\u00edch mo\u017enost\u00ed jej\u00ed l\u00e9\u010dby. Kdy\u017e lid\u00e9 nemohou v noci kv\u016fli bolesti sp\u00e1t, hydrokodon jim m\u016f\u017ee pomoci uvolnit se a umo\u017enit jim n\u011bkolik hodin si odpo\u010dinout.<\/p>\n<p>Hydrokodon by m\u011bli u\u017e\u00edvat pouze ti, kte\u0159\u00ed poci\u0165uj\u00ed bolest jako v d\u016fsledku zlomenin kost\u00ed, podle l\u00e9ka\u0159sk\u00e9ho posudku. Ti, kte\u0159\u00ed maj\u00ed jin\u00e9 typy bolesti, jako jsou k\u0159e\u010de, v\u0159edy nebo stehy z chirurgick\u00e9ho z\u00e1kroku, to mohou st\u00e1le sn\u00e1\u0161et. Hydrokodon je jedn\u00edm z nej\u00fa\u010dinn\u011bj\u0161\u00edch l\u00e9k\u016f proti bolesti v jak\u00e9koli z t\u011bchto situac\u00ed.<\/p>\n<p>D\u00e1vky hydrokodonu mus\u00ed b\u00fdt pe\u010dliv\u011b sledov\u00e1ny. Tento l\u00e9k m\u016f\u017ee m\u00edt z\u00e1va\u017en\u00e9 ne\u017e\u00e1douc\u00ed \u00fa\u010dinky, pokud je pou\u017e\u00edv\u00e1n v nespr\u00e1vn\u00e9m mno\u017estv\u00ed. Z\u00e1vislost na tomto l\u00e9ku je \u010dast\u00fdm vedlej\u0161\u00edm \u00fa\u010dinkem nespr\u00e1vn\u00e9ho d\u00e1vkov\u00e1n\u00ed. Vzhledem k velk\u00e9mu potenci\u00e1lu zneu\u017eit\u00ed a z\u00e1vislosti by m\u011bl b\u00fdt hydrokodon pou\u017e\u00edv\u00e1n st\u0159\u00eddm\u011b a z\u0159\u00eddka. Hydrokodon by nem\u011bli u\u017e\u00edvat v\u00edce ne\u017e 20 mg denn\u011b ti, kte\u0159\u00ed trp\u00ed chronickou bolest\u00ed. Jak\u00e1koli d\u00e1vka p\u0159evy\u0161uj\u00edc\u00ed tuto d\u00e1vku pravd\u011bpodobn\u011b povede k z\u00e1vislosti a nakonec k z\u00e1vislosti.<\/p>\n<p>Opat\u0159en\u00ed pro hydrokodon zahrnuje zaji\u0161t\u011bn\u00ed spr\u00e1vn\u00e9ho d\u00e1vkov\u00e1n\u00ed po celou dobu. Tento l\u00e9k m\u016f\u017ee zp\u016fsobit v\u00e1\u017en\u00e9 negativn\u00ed \u00fa\u010dinky, pokud je u\u017e\u00edv\u00e1n v nespr\u00e1vn\u00fdch mno\u017estv\u00edch. Hydrokodon by si nem\u011bli kupovat lid\u00e9 s astmatem nebo d\u00fdchac\u00edmi pot\u00ed\u017eemi, proto\u017ee podporuje m\u011blk\u00e9 d\u00fdch\u00e1n\u00ed, co\u017e by pro n\u011b mohlo b\u00fdt velk\u00fdm probl\u00e9mem. Za\u010dn\u011bte s mal\u00fdmi d\u00e1vkami, pokud si koup\u00edte hydrokodon online bez l\u00e9ka\u0159sk\u00e9ho p\u0159edpisu, abyste se mohli dozv\u011bd\u011bt, kolik va\u0161e t\u011blo pot\u0159ebuje.<\/p>\n<p>Je zn\u00e1mo, \u017ee hydrokodon zp\u016fsobuje \u0159adu nep\u0159\u00edjemn\u00fdch vedlej\u0161\u00edch \u00fa\u010dink\u016f, v\u010detn\u011b ospalosti, z\u00e1vrat\u00ed a nevolnosti. Kdy\u017e si koup\u00edte hydrokodon online bez l\u00e9ka\u0159sk\u00e9ho p\u0159edpisu a budete ho u\u017e\u00edvat, dbejte na to, abyste jedli dob\u0159e vyv\u00e1\u017eenou stravu, abyste se vyhnuli tr\u00e1vic\u00edm a st\u0159evn\u00edm probl\u00e9m\u016fm.<\/p>\n","protected":false},"excerpt":{"rendered":"<div class=\"woocommerce-product-details__short-description\">\n<p>Nejlep\u0161\u00ed m\u00edsto pro online n\u00e1kup Hydrocodone 10 325mg. Leg\u00e1ln\u00ed l\u00e9ky lze nal\u00e9zt v Best Global Meds, renomovan\u00e9 online l\u00e9k\u00e1rn\u011b. Zad\u00e1n\u00edm objedn\u00e1vky online m\u016f\u017eete u\u0161et\u0159it \u010das a pen\u00edze.<\/p>\n<p>Kde z\u00edskat Hydrocodone 10\/325 mg online?<\/p>\n<p>T\u011bhotn\u00e9 \u017eeny by se m\u011bly p\u0159ed u\u017eit\u00edm tohoto l\u00e9ku poradit se sv\u00fdm l\u00e9ka\u0159em, proto\u017ee je v FDA t\u011bhotenstv\u00ed t\u0159\u00eddy B, co\u017e znamen\u00e1, \u017ee neexistuje zp\u016fsob, jak ur\u010dit, jak to ovlivn\u00ed nenarozen\u00e9 d\u00edt\u011b nebo vyl\u00edhnut\u00e9 ml\u00e1d\u011b.<\/p>\n<p>Na prodej: Percocet 10\/325 mg &#8211; Koupit bez p\u0159edpisu&#8230;<\/p>\n<p>Doporu\u010den\u00e9 online l\u00e9k\u00e1rny k n\u00e1kupu Vicodinu.<\/p>\n<\/p><\/div>\n","protected":false},"featured_media":5203,"comment_status":"open","ping_status":"closed","template":"","meta":[],"product_brand":[],"product_cat":[1117],"product_tag":[1334,1297,1298,1300,1299,1317,1319,1318,1325,1315,1302,1316,1320,1324,1322,1323,1321,1326,1327,1328,1329,1330,1331,1332,1333,1310,1311,1335,1309,1313,1337,1308,1336,1312],"class_list":{"0":"post-5184","1":"product","2":"type-product","3":"status-publish","4":"has-post-thumbnail","6":"product_cat-koupit-prasky-na-spani-bolest","7":"product_tag-watson-853-white-pill","8":"product_tag-buy-watson-online","9":"product_tag-generic-pills-for-sale-in-usa","10":"product_tag-generick-pilulky-watson-na-prodej-v-usa","11":"product_tag-generic-watson","12":"product_tag-hydrokodon","13":"product_tag-hydrokodon-watson","14":"product_tag-hydrokodony-c3-a9-pilulky","15":"product_tag-nkup-hydrokodon","16":"product_tag-koupit-hydrokodon-online-bitcoiny","17":"product_tag-lky-bez-pedpisu","18":"product_tag-levn-c3-bd-hydrokodon","19":"product_tag-lortab","20":"product_tag-objednat-online-watson-540-500-mg","21":"product_tag-objednvka-hydrokodon","22":"product_tag-objednat-hydrokodon-online","23":"product_tag-online-koupit-watson-540-500-mg","24":"product_tag-watson","25":"product_tag-watson-325-mg","26":"product_tag-watson-325mg","27":"product_tag-watson-540","28":"product_tag-watson-540-500-mg-buy-online","29":"product_tag-watson-853-hydrokodon-10-325-mg","30":"product_tag-watson-853-hydrocodon-10-325-mg-je-ble-zbarven-tableta-ve-tvaru-tobolky-navrena-pro-lbu-bolesti","31":"product_tag-watson-853-hydrokodon-online","32":"product_tag-watson-for-sale-in-usa","33":"product_tag-watson-hydrocodone-pain-loss-pills","34":"product_tag-watson-lortab","35":"product_tag-watson-na-prodej-in-uk","36":"product_tag-watson-pain-relief-tablet","37":"product_tag-watson-pilulky-bez-receptu-podl","38":"product_tag-watsonova-dvka","39":"product_tag-watsonova-medic-c3-adna","40":"product_tag-watsonova-l-c3-a9-c4-8diva","42":"first","43":"instock","44":"shipping-taxable","45":"purchasable","46":"product-type-variable","47":"has-default-attributes"},"yoast_head":"<!-- This site is optimized with the Yoast SEO plugin v27.3 - https:\/\/yoast.com\/product\/yoast-seo-wordpress\/ -->\n<title>Koupit Hydrocodone 10\/325 mg \u2013 nejlep\u0161\u00ed nejlep\u0161\u00ed glob\u00e1ln\u00ed l\u00e9ky<\/title>\n<meta name=\"description\" content=\"Kupte si Hydrocodone 10 325mg na prodej ve Velk\u00e9 Brit\u00e1nii, Evrop\u011b online za nejlep\u0161\u00ed cenu. Best Global Meds je d\u016fv\u011bryhodn\u00e1 online l\u00e9k\u00e1rna s leg\u00e1ln\u00edmi drogami. Objedn\u00e1vejte online a \u0161et\u0159ete sv\u016fj \u010das a pen\u00edze.\" \/>\n<meta name=\"robots\" content=\"index, follow, max-snippet:-1, max-image-preview:large, max-video-preview:-1\" \/>\n<link rel=\"canonical\" href=\"https:\/\/medicinasinc.com\/cs\/product\/koupit-hydrokodon-10-325mg\/\" \/>\n<meta property=\"og:locale\" content=\"en_US\" \/>\n<meta property=\"og:type\" content=\"article\" \/>\n<meta property=\"og:title\" content=\"Koupit Hydrocodone 10\/325 mg \u2013 nejlep\u0161\u00ed nejlep\u0161\u00ed glob\u00e1ln\u00ed l\u00e9ky\" \/>\n<meta property=\"og:description\" content=\"Kupte si Hydrocodone 10 325mg na prodej ve Velk\u00e9 Brit\u00e1nii, Evrop\u011b online za nejlep\u0161\u00ed cenu. Best Global Meds je d\u016fv\u011bryhodn\u00e1 online l\u00e9k\u00e1rna s leg\u00e1ln\u00edmi drogami. Objedn\u00e1vejte online a \u0161et\u0159ete sv\u016fj \u010das a pen\u00edze.\" \/>\n<meta property=\"og:url\" content=\"https:\/\/medicinasinc.com\/cs\/product\/koupit-hydrokodon-10-325mg\/\" \/>\n<meta property=\"og:site_name\" content=\"Medicinas Inc\" \/>\n<meta property=\"article:modified_time\" content=\"2022-03-14T12:23:20+00:00\" \/>\n<meta property=\"og:image\" content=\"https:\/\/medicinasinc.com\/cs\/wp-content\/uploads\/sites\/2\/2022\/02\/buy-hydrocodone-10-325mg-online.jpg\" \/>\n\t<meta property=\"og:image:width\" content=\"600\" \/>\n\t<meta property=\"og:image:height\" content=\"600\" \/>\n\t<meta property=\"og:image:type\" content=\"image\/jpeg\" \/>\n<meta name=\"twitter:card\" content=\"summary_large_image\" \/>\n<meta name=\"twitter:label1\" content=\"Est. reading time\" \/>\n\t<meta name=\"twitter:data1\" content=\"2 minutes\" \/>\n<script type=\"application\/ld+json\" class=\"yoast-schema-graph\">{\"@context\":\"https:\\\/\\\/schema.org\",\"@graph\":[{\"@type\":\"WebPage\",\"@id\":\"https:\\\/\\\/medicinasinc.com\\\/cs\\\/product\\\/koupit-hydrokodon-10-325mg\\\/\",\"url\":\"https:\\\/\\\/medicinasinc.com\\\/cs\\\/product\\\/koupit-hydrokodon-10-325mg\\\/\",\"name\":\"Koupit Hydrocodone 10\\\/325 mg \u2013 nejlep\u0161\u00ed nejlep\u0161\u00ed glob\u00e1ln\u00ed l\u00e9ky\",\"isPartOf\":{\"@id\":\"https:\\\/\\\/medicinasinc.com\\\/cs\\\/#website\"},\"primaryImageOfPage\":{\"@id\":\"https:\\\/\\\/medicinasinc.com\\\/cs\\\/product\\\/koupit-hydrokodon-10-325mg\\\/#primaryimage\"},\"image\":{\"@id\":\"https:\\\/\\\/medicinasinc.com\\\/cs\\\/product\\\/koupit-hydrokodon-10-325mg\\\/#primaryimage\"},\"thumbnailUrl\":\"https:\\\/\\\/medicinasinc.com\\\/cs\\\/wp-content\\\/uploads\\\/sites\\\/2\\\/2022\\\/02\\\/buy-hydrocodone-10-325mg-online.jpg\",\"datePublished\":\"2022-02-20T21:36:32+00:00\",\"dateModified\":\"2022-03-14T12:23:20+00:00\",\"description\":\"Kupte si Hydrocodone 10 325mg na prodej ve Velk\u00e9 Brit\u00e1nii, Evrop\u011b online za nejlep\u0161\u00ed cenu. Best Global Meds je d\u016fv\u011bryhodn\u00e1 online l\u00e9k\u00e1rna s leg\u00e1ln\u00edmi drogami. Objedn\u00e1vejte online a \u0161et\u0159ete sv\u016fj \u010das a pen\u00edze.\",\"breadcrumb\":{\"@id\":\"https:\\\/\\\/medicinasinc.com\\\/cs\\\/product\\\/koupit-hydrokodon-10-325mg\\\/#breadcrumb\"},\"inLanguage\":\"en-US\",\"potentialAction\":[{\"@type\":\"ReadAction\",\"target\":[\"https:\\\/\\\/medicinasinc.com\\\/cs\\\/product\\\/koupit-hydrokodon-10-325mg\\\/\"]}]},{\"@type\":\"ImageObject\",\"inLanguage\":\"en-US\",\"@id\":\"https:\\\/\\\/medicinasinc.com\\\/cs\\\/product\\\/koupit-hydrokodon-10-325mg\\\/#primaryimage\",\"url\":\"https:\\\/\\\/medicinasinc.com\\\/cs\\\/wp-content\\\/uploads\\\/sites\\\/2\\\/2022\\\/02\\\/buy-hydrocodone-10-325mg-online.jpg\",\"contentUrl\":\"https:\\\/\\\/medicinasinc.com\\\/cs\\\/wp-content\\\/uploads\\\/sites\\\/2\\\/2022\\\/02\\\/buy-hydrocodone-10-325mg-online.jpg\",\"width\":600,\"height\":600},{\"@type\":\"BreadcrumbList\",\"@id\":\"https:\\\/\\\/medicinasinc.com\\\/cs\\\/product\\\/koupit-hydrokodon-10-325mg\\\/#breadcrumb\",\"itemListElement\":[{\"@type\":\"ListItem\",\"position\":1,\"name\":\"Obchod\",\"item\":\"https:\\\/\\\/medicinasinc.com\\\/cs\\\/obchod\\\/\"},{\"@type\":\"ListItem\",\"position\":2,\"name\":\"Koupit Hydrocodone 10\\\/325 mg\"}]},{\"@type\":\"WebSite\",\"@id\":\"https:\\\/\\\/medicinasinc.com\\\/cs\\\/#website\",\"url\":\"https:\\\/\\\/medicinasinc.com\\\/cs\\\/\",\"name\":\"Medicinas Inc\",\"description\":\"Health Medical Clinic\",\"potentialAction\":[{\"@type\":\"SearchAction\",\"target\":{\"@type\":\"EntryPoint\",\"urlTemplate\":\"https:\\\/\\\/medicinasinc.com\\\/cs\\\/?s={search_term_string}\"},\"query-input\":{\"@type\":\"PropertyValueSpecification\",\"valueRequired\":true,\"valueName\":\"search_term_string\"}}],\"inLanguage\":\"en-US\"}]}<\/script>\n<!-- \/ Yoast SEO plugin. -->","yoast_head_json":{"title":"Koupit Hydrocodone 10\/325 mg \u2013 nejlep\u0161\u00ed nejlep\u0161\u00ed glob\u00e1ln\u00ed l\u00e9ky","description":"Kupte si Hydrocodone 10 325mg na prodej ve Velk\u00e9 Brit\u00e1nii, Evrop\u011b online za nejlep\u0161\u00ed cenu. Best Global Meds je d\u016fv\u011bryhodn\u00e1 online l\u00e9k\u00e1rna s leg\u00e1ln\u00edmi drogami. Objedn\u00e1vejte online a \u0161et\u0159ete sv\u016fj \u010das a pen\u00edze.","robots":{"index":"index","follow":"follow","max-snippet":"max-snippet:-1","max-image-preview":"max-image-preview:large","max-video-preview":"max-video-preview:-1"},"canonical":"https:\/\/medicinasinc.com\/cs\/product\/koupit-hydrokodon-10-325mg\/","og_locale":"en_US","og_type":"article","og_title":"Koupit Hydrocodone 10\/325 mg \u2013 nejlep\u0161\u00ed nejlep\u0161\u00ed glob\u00e1ln\u00ed l\u00e9ky","og_description":"Kupte si Hydrocodone 10 325mg na prodej ve Velk\u00e9 Brit\u00e1nii, Evrop\u011b online za nejlep\u0161\u00ed cenu. Best Global Meds je d\u016fv\u011bryhodn\u00e1 online l\u00e9k\u00e1rna s leg\u00e1ln\u00edmi drogami. Objedn\u00e1vejte online a \u0161et\u0159ete sv\u016fj \u010das a pen\u00edze.","og_url":"https:\/\/medicinasinc.com\/cs\/product\/koupit-hydrokodon-10-325mg\/","og_site_name":"Medicinas Inc","article_modified_time":"2022-03-14T12:23:20+00:00","og_image":[{"width":600,"height":600,"url":"https:\/\/medicinasinc.com\/cs\/wp-content\/uploads\/sites\/2\/2022\/02\/buy-hydrocodone-10-325mg-online.jpg","type":"image\/jpeg"}],"twitter_card":"summary_large_image","twitter_misc":{"Est. reading time":"2 minutes"},"schema":{"@context":"https:\/\/schema.org","@graph":[{"@type":"WebPage","@id":"https:\/\/medicinasinc.com\/cs\/product\/koupit-hydrokodon-10-325mg\/","url":"https:\/\/medicinasinc.com\/cs\/product\/koupit-hydrokodon-10-325mg\/","name":"Koupit Hydrocodone 10\/325 mg \u2013 nejlep\u0161\u00ed nejlep\u0161\u00ed glob\u00e1ln\u00ed l\u00e9ky","isPartOf":{"@id":"https:\/\/medicinasinc.com\/cs\/#website"},"primaryImageOfPage":{"@id":"https:\/\/medicinasinc.com\/cs\/product\/koupit-hydrokodon-10-325mg\/#primaryimage"},"image":{"@id":"https:\/\/medicinasinc.com\/cs\/product\/koupit-hydrokodon-10-325mg\/#primaryimage"},"thumbnailUrl":"https:\/\/medicinasinc.com\/cs\/wp-content\/uploads\/sites\/2\/2022\/02\/buy-hydrocodone-10-325mg-online.jpg","datePublished":"2022-02-20T21:36:32+00:00","dateModified":"2022-03-14T12:23:20+00:00","description":"Kupte si Hydrocodone 10 325mg na prodej ve Velk\u00e9 Brit\u00e1nii, Evrop\u011b online za nejlep\u0161\u00ed cenu. Best Global Meds je d\u016fv\u011bryhodn\u00e1 online l\u00e9k\u00e1rna s leg\u00e1ln\u00edmi drogami. Objedn\u00e1vejte online a \u0161et\u0159ete sv\u016fj \u010das a pen\u00edze.","breadcrumb":{"@id":"https:\/\/medicinasinc.com\/cs\/product\/koupit-hydrokodon-10-325mg\/#breadcrumb"},"inLanguage":"en-US","potentialAction":[{"@type":"ReadAction","target":["https:\/\/medicinasinc.com\/cs\/product\/koupit-hydrokodon-10-325mg\/"]}]},{"@type":"ImageObject","inLanguage":"en-US","@id":"https:\/\/medicinasinc.com\/cs\/product\/koupit-hydrokodon-10-325mg\/#primaryimage","url":"https:\/\/medicinasinc.com\/cs\/wp-content\/uploads\/sites\/2\/2022\/02\/buy-hydrocodone-10-325mg-online.jpg","contentUrl":"https:\/\/medicinasinc.com\/cs\/wp-content\/uploads\/sites\/2\/2022\/02\/buy-hydrocodone-10-325mg-online.jpg","width":600,"height":600},{"@type":"BreadcrumbList","@id":"https:\/\/medicinasinc.com\/cs\/product\/koupit-hydrokodon-10-325mg\/#breadcrumb","itemListElement":[{"@type":"ListItem","position":1,"name":"Obchod","item":"https:\/\/medicinasinc.com\/cs\/obchod\/"},{"@type":"ListItem","position":2,"name":"Koupit Hydrocodone 10\/325 mg"}]},{"@type":"WebSite","@id":"https:\/\/medicinasinc.com\/cs\/#website","url":"https:\/\/medicinasinc.com\/cs\/","name":"Medicinas Inc","description":"Health Medical Clinic","potentialAction":[{"@type":"SearchAction","target":{"@type":"EntryPoint","urlTemplate":"https:\/\/medicinasinc.com\/cs\/?s={search_term_string}"},"query-input":{"@type":"PropertyValueSpecification","valueRequired":true,"valueName":"search_term_string"}}],"inLanguage":"en-US"}]}},"_links":{"self":[{"href":"https:\/\/medicinasinc.com\/cs\/wp-json\/wp\/v2\/product\/5184","targetHints":{"allow":["GET"]}}],"collection":[{"href":"https:\/\/medicinasinc.com\/cs\/wp-json\/wp\/v2\/product"}],"about":[{"href":"https:\/\/medicinasinc.com\/cs\/wp-json\/wp\/v2\/types\/product"}],"replies":[{"embeddable":true,"href":"https:\/\/medicinasinc.com\/cs\/wp-json\/wp\/v2\/comments?post=5184"}],"wp:featuredmedia":[{"embeddable":true,"href":"https:\/\/medicinasinc.com\/cs\/wp-json\/wp\/v2\/media\/5203"}],"wp:attachment":[{"href":"https:\/\/medicinasinc.com\/cs\/wp-json\/wp\/v2\/media?parent=5184"}],"wp:term":[{"taxonomy":"product_brand","embeddable":true,"href":"https:\/\/medicinasinc.com\/cs\/wp-json\/wp\/v2\/product_brand?post=5184"},{"taxonomy":"product_cat","embeddable":true,"href":"https:\/\/medicinasinc.com\/cs\/wp-json\/wp\/v2\/product_cat?post=5184"},{"taxonomy":"product_tag","embeddable":true,"href":"https:\/\/medicinasinc.com\/cs\/wp-json\/wp\/v2\/product_tag?post=5184"}],"curies":[{"name":"wp","href":"https:\/\/api.w.org\/{rel}","templated":true}]}}