{"id":5183,"date":"2022-02-20T21:35:10","date_gmt":"2022-02-20T21:35:10","guid":{"rendered":"https:\/\/medicinasinc.com\/cs\/?post_type=product&#038;p=5183"},"modified":"2022-03-14T12:23:38","modified_gmt":"2022-03-14T12:23:38","slug":"hydrokodon-10-500-mg","status":"publish","type":"product","link":"https:\/\/medicinasinc.com\/cs\/product\/hydrokodon-10-500-mg\/","title":{"rendered":"Hydrokodon 10\/500 mg"},"content":{"rendered":"<div class=\"product-next-previous\">\n<div class=\"product-prev\">\n<p>Hydrocodone 10\/500 mg pilulky jsou v tuto chv\u00edli k dispozici ke koupi online.<\/p>\n<p>Vysoce kvalitn\u00ed kombinace l\u00e9k pro l\u00e9\u010dbu st\u0159edn\u011b siln\u00e9 a\u017e siln\u00e9 bolesti, Watson 540 (Hydrocodon) 500 mg je Watson 540 (Hydrocodon). Acetaminofen a hydrokodon se pou\u017e\u00edvaj\u00ed ve formulaci hydrokodonu na prodej. Neopioidn\u00ed acetaminofen a opioidn\u00ed hydrokodon jsou oba l\u00e9ky proti bolesti.<\/p>\n<p>V mozku tento l\u00e9k m\u011bn\u00ed zp\u016fsob, jak\u00fdm t\u011blo reaguje a za\u017e\u00edv\u00e1 bolest. Teplotu jednotlivce lze tak\u00e9 sn\u00ed\u017eit pou\u017eit\u00edm tohoto l\u00e9ku.<\/p>\n<p>Vzhledem k v\u00fdznamn\u00fdm nep\u0159\u00edzniv\u00fdm \u00fa\u010dink\u016fm m\u011blk\u00e9ho\/pomal\u00e9ho d\u00fdch\u00e1n\u00ed, kter\u00e9 se mohou objevit p\u0159i n\u00e1kupu hydrokodonu online, nen\u00ed doporu\u010den pro d\u011bti mlad\u0161\u00ed 6 let. let.<\/p>\n<p>P\u0159ed zah\u00e1jen\u00edm u\u017e\u00edv\u00e1n\u00ed tohoto l\u00e9ku si p\u0159e\u010dt\u011bte p\u0159\u00edbalovou informaci pro pacienty, kterou v\u00e1m poskytl v\u00e1\u0161 l\u00e9ka\u0159.<\/p>\n<p>Koupit hydrokodon lze u\u017e\u00edvat peror\u00e1ln\u011b, s j\u00eddlem nebo bez j\u00eddla , v z\u00e1vislosti na preferenc\u00edch u\u017eivatele. Pokud poci\u0165ujete nevolnost, pora\u010fte se se sv\u00fdm l\u00e9ka\u0159em nebo poskytovatelem zdravotn\u00ed p\u00e9\u010de, ne\u017e za\u010dnete l\u00e9k u\u017e\u00edvat.<\/p>\n<p>Co obsahuje ka\u017ed\u00e1 tableta Watson 540?<\/p>\n<p>Stear\u00e1t ho\u0159e\u010dnat\u00fd sodn\u00fd<br \/> Mikrokrystalick\u00e1 celul\u00f3za<br \/> KrospovidonyKroskarmel\u00f3za Je vyrobena ze stearanu sodn\u00e9ho<br \/> \u0160krobyPovidon<br \/> Polyethylentereftal\u00e1tov\u00fd oxid<br \/> Obsahuje BAREVN\u00dd PR\u00c1\u0160EK \u010d. 10 D&amp;C \u017elut\u00e1<\/p>\n<p>&nbsp;<\/p>\n<p>V z\u00e1vislosti na celkov\u00e9 reakci pacienta a jeho zdravotn\u00edm stavu se m\u016f\u017ee d\u00e1vkov\u00e1n\u00ed tohoto l\u00e9ku li\u0161it. Nikdy se nepokou\u0161ejte zv\u00fd\u0161it d\u00e1vkov\u00e1n\u00ed l\u00e9ku a p\u0159esta\u0148te jej u\u017e\u00edvat pouze tehdy, pokud v\u00e1m to l\u00e9ka\u0159 na\u0159\u00edd\u00ed.<\/p>\n<p>N\u00e1hl\u00e9 vysazen\u00ed l\u00e9ku m\u016f\u017ee v\u00e9st k vysazen\u00ed l\u00e9ku. Abyste se vyhnuli abstinen\u010dn\u00edm p\u0159\u00edznak\u016fm, dodr\u017eujte pokyny sv\u00e9ho l\u00e9ka\u0159e pro postupn\u00e9 sni\u017eov\u00e1n\u00ed d\u00e1vky l\u00e9k\u016f.<\/p>\n<p>Online n\u00e1kupy hydrokodonu mohou ob\u010das v\u00e9st k z\u00e1vislosti. Doporu\u010duje se nep\u0159ekra\u010dovat stanoven\u00e9 d\u00e1vkov\u00e1n\u00ed l\u00e9ku, aby se p\u0159ede\u0161lo drogov\u00e9 z\u00e1vislosti.<\/p>\n<p>Alergie:<\/p>\n<p>Zeptejte se sv\u00e9ho l\u00e9ka\u0159e nebo poskytovatele zdravotn\u00ed p\u00e9\u010de, zda m\u016f\u017eete tento l\u00e9k u\u017e\u00edvat, proto\u017ee jste alergick\u00fd na slo\u017eky acetaminofen a hydrokodon. Reakce jednotlivce na tento p\u0159\u00edpravek m\u016f\u017ee b\u00fdt nep\u0159\u00edzniv\u011b ovlivn\u011bna p\u0159\u00edtomnost\u00ed \u00fa\u010dinn\u00fdch l\u00e1tek v jeho slo\u017een\u00ed.<\/p>\n<p>Ospalost:<\/p>\n<p>Jako vedlej\u0161\u00ed \u00fa\u010dinek tohoto l\u00e9ku se m\u016f\u017ee objevit ospalost nebo z\u00e1vrat\u011b. Je t\u0159eba se vyvarovat \u0159\u00edzen\u00ed, pou\u017e\u00edv\u00e1n\u00ed stroj\u016f nebo jak\u00e9koli jin\u00e9 \u010dinnosti, kter\u00e1 vy\u017eaduje plnou pozornost nebo ostra\u017eitost. Zdr\u017ete se pros\u00edm jak\u00e9koli z t\u011bchto aktivit, dokud si nebudete jisti, \u017ee to zvl\u00e1dnete bez jak\u00fdchkoli pot\u00ed\u017e\u00ed.<\/p>\n<p>T\u011bhotenstv\u00ed:<\/p>\n<p>T\u011bhotn\u00fdm \u017een\u00e1m se nedoporu\u010duje u\u017e\u00edvat tento l\u00e9k. Pou\u017e\u00edvejte tento l\u00e9k pouze v p\u0159\u00edpad\u011b, \u017ee je to nezbytn\u011b nutn\u00e9. Pora\u010fte se se sv\u00fdm l\u00e9ka\u0159em nebo l\u00e9k\u00e1rn\u00edkem, abyste se dozv\u011bd\u011bli o v\u00fdhod\u00e1ch a nev\u00fdhod\u00e1ch u\u017e\u00edv\u00e1n\u00ed tohoto l\u00e9ku b\u011bhem t\u011bhotenstv\u00ed.<\/p>\n<p>Kojen\u00ed<\/p>\n<p>U\u017e\u00edv\u00e1n\u00ed tohoto l\u00e9ku b\u011bhem kojen\u00ed m\u016f\u017ee m\u00edt nep\u0159\u00edzniv\u00fd vliv na zdrav\u00ed d\u00edt\u011bte. Pokud va\u0161e d\u00edt\u011b vykazuje zvl\u00e1\u0161tn\u00ed p\u0159\u00edznaky, jako jsou pot\u00ed\u017ee s d\u00fdch\u00e1n\u00edm nebo letargie, stejn\u011b jako probl\u00e9my s j\u00eddlem, je t\u0159eba rychle konzultovat l\u00e9ka\u0159e.<\/p>\n<p>V d\u016fsledku u\u017e\u00edv\u00e1n\u00ed hydrokodonu se m\u016f\u017ee objevit zvracen\u00ed, z\u00e1vrat\u011b, ospalost a z\u00e1cpa. Jak l\u00e9\u010dba pokra\u010duje, n\u011bkter\u00e9 z t\u011bchto ne\u017e\u00e1douc\u00edch \u00fa\u010dink\u016f se mohou \u010dasem sni\u017eovat. Pokud se n\u011bkter\u00fd z t\u011bchto p\u0159\u00edznak\u016f zhor\u0161\u00ed, m\u011bli byste vyhledat pohotovostn\u00ed l\u00e9ka\u0159skou pomoc, abyste na\u0161li \u0159e\u0161en\u00ed.<\/p>\n<p>M\u011bli byste konzumovat hodn\u011b vl\u00e1kniny a p\u00edt hodn\u011b vody, abyste se vyhnuli z\u00e1cp\u011b. Pokud pot\u0159ebujete, vezm\u011bte si proj\u00edmadlo ke zm\u00edrn\u011bn\u00ed p\u0159\u00edznak\u016f z\u00e1cpy. P\u0159ed u\u017eit\u00edm proj\u00edmadla byste se m\u011bli poradit se sv\u00fdm l\u00e9ka\u0159em.<\/p>\n<p>Pokud chcete minimalizovat p\u0159\u00edznaky to\u010den\u00ed hlavy a z\u00e1vrat\u00ed, m\u011bli byste se pomalu zvedat z lehu nebo sedu.<\/p>\n<\/p><\/div><\/div>\n","protected":false},"excerpt":{"rendered":"<div class=\"woocommerce-product-details__short-description\">\n<p>Koupit pilulky Hydrocodone 10\/500 mg na prodej ve Spojen\u00e9m kr\u00e1lovstv\u00ed, EU a Evrop\u011b lze zakoupit online na na\u0161ich webov\u00fdch str\u00e1nk\u00e1ch. Dihydrokodeinon (hydrokodon) je \u010d\u00e1ste\u010dn\u011b vyroben\u00fd opioid odvozen\u00fd z kodeinu a thebainu, dvou b\u011b\u017en\u011b se vyskytuj\u00edc\u00edch sedativ.<\/p>\n<p>Pro st\u0159edn\u011b silnou a\u017e silnou bolest je aktivn\u00ed slo\u017ekou p\u0159\u00edpravku Watson 540 (Hydrocodon) 500 mg hydrokodonu. Acetaminofen a hydrokodon se pou\u017e\u00edvaj\u00ed ve formulaci hydrokodonu na prodej. Hydroxykodon je opioidn\u00ed l\u00e9k proti bolesti, zat\u00edmco acetaminofen je neopioidn\u00ed.<\/p>\n<\/p><\/div>\n","protected":false},"featured_media":5201,"comment_status":"open","ping_status":"closed","template":"","meta":[],"product_brand":[],"product_cat":[1117],"product_tag":[1297,1298,1300,1299,1301,1307,1302,1303,1304,1305,1306,1310,1311,1309,1313,1314,1308,1312],"class_list":{"0":"post-5183","1":"product","2":"type-product","3":"status-publish","4":"has-post-thumbnail","6":"product_cat-koupit-prasky-na-spani-bolest","7":"product_tag-buy-watson-online","8":"product_tag-generic-pills-for-sale-in-usa","9":"product_tag-generick-pilulky-watson-na-prodej-v-usa","10":"product_tag-generic-watson","11":"product_tag-hydrocodone-for-sale","12":"product_tag-watson-540-medicna","13":"product_tag-lky-bez-pedpisu","14":"product_tag-watson-500-mg","15":"product_tag-watson-500mg","16":"product_tag-watson-540-hydrokodon-500-mg","17":"product_tag-watson-540-hydrokodon-online","18":"product_tag-watson-for-sale-in-usa","19":"product_tag-watson-hydrocodone-pain-loss-pills","20":"product_tag-watson-na-prodej-in-uk","21":"product_tag-watson-pain-relief-tablet","22":"product_tag-watson-pills-without-prescription","23":"product_tag-watsonova-dvka","24":"product_tag-watsonova-l-c3-a9-c4-8diva","26":"first","27":"instock","28":"shipping-taxable","29":"purchasable","30":"product-type-variable","31":"has-default-attributes"},"yoast_head":"<!-- This site is optimized with the Yoast SEO plugin v27.3 - https:\/\/yoast.com\/product\/yoast-seo-wordpress\/ -->\n<title>Koupit Hydrocodone 10\/500 mg \u2013 nejlep\u0161\u00ed nejlep\u0161\u00ed glob\u00e1ln\u00ed l\u00e9ky<\/title>\n<meta name=\"description\" content=\"Koupit pilulky Hydrocodone 10\/500 mg na prodej online ve Spojen\u00e9m kr\u00e1lovstv\u00ed, EU, Evrop\u011b. Hydrokodon nebo dihydrokodeinon je \u010d\u00e1ste\u010dn\u011b vyroben\u00fd opioid odvozen\u00fd ze dvou b\u011b\u017en\u011b se vyskytuj\u00edc\u00edch sedativ, kodeinu a thebainu.\" \/>\n<meta name=\"robots\" content=\"index, follow, max-snippet:-1, max-image-preview:large, max-video-preview:-1\" \/>\n<link rel=\"canonical\" href=\"https:\/\/medicinasinc.com\/cs\/product\/hydrokodon-10-500-mg\/\" \/>\n<meta property=\"og:locale\" content=\"en_US\" \/>\n<meta property=\"og:type\" content=\"article\" \/>\n<meta property=\"og:title\" content=\"Koupit Hydrocodone 10\/500 mg \u2013 nejlep\u0161\u00ed nejlep\u0161\u00ed glob\u00e1ln\u00ed l\u00e9ky\" \/>\n<meta property=\"og:description\" content=\"Koupit pilulky Hydrocodone 10\/500 mg na prodej online ve Spojen\u00e9m kr\u00e1lovstv\u00ed, EU, Evrop\u011b. Hydrokodon nebo dihydrokodeinon je \u010d\u00e1ste\u010dn\u011b vyroben\u00fd opioid odvozen\u00fd ze dvou b\u011b\u017en\u011b se vyskytuj\u00edc\u00edch sedativ, kodeinu a thebainu.\" \/>\n<meta property=\"og:url\" content=\"https:\/\/medicinasinc.com\/cs\/product\/hydrokodon-10-500-mg\/\" \/>\n<meta property=\"og:site_name\" content=\"Medicinas Inc\" \/>\n<meta property=\"article:modified_time\" content=\"2022-03-14T12:23:38+00:00\" \/>\n<meta property=\"og:image\" content=\"https:\/\/medicinasinc.com\/cs\/wp-content\/uploads\/sites\/2\/2022\/02\/buy-hydrocodone-10-500mg-pills-online.jpg\" \/>\n\t<meta property=\"og:image:width\" content=\"600\" \/>\n\t<meta property=\"og:image:height\" content=\"600\" \/>\n\t<meta property=\"og:image:type\" content=\"image\/jpeg\" \/>\n<meta name=\"twitter:card\" content=\"summary_large_image\" \/>\n<meta name=\"twitter:label1\" content=\"Est. reading time\" \/>\n\t<meta name=\"twitter:data1\" content=\"3 minutes\" \/>\n<script type=\"application\/ld+json\" class=\"yoast-schema-graph\">{\"@context\":\"https:\\\/\\\/schema.org\",\"@graph\":[{\"@type\":\"WebPage\",\"@id\":\"https:\\\/\\\/medicinasinc.com\\\/cs\\\/product\\\/hydrokodon-10-500-mg\\\/\",\"url\":\"https:\\\/\\\/medicinasinc.com\\\/cs\\\/product\\\/hydrokodon-10-500-mg\\\/\",\"name\":\"Koupit Hydrocodone 10\\\/500 mg \u2013 nejlep\u0161\u00ed nejlep\u0161\u00ed glob\u00e1ln\u00ed l\u00e9ky\",\"isPartOf\":{\"@id\":\"https:\\\/\\\/medicinasinc.com\\\/cs\\\/#website\"},\"primaryImageOfPage\":{\"@id\":\"https:\\\/\\\/medicinasinc.com\\\/cs\\\/product\\\/hydrokodon-10-500-mg\\\/#primaryimage\"},\"image\":{\"@id\":\"https:\\\/\\\/medicinasinc.com\\\/cs\\\/product\\\/hydrokodon-10-500-mg\\\/#primaryimage\"},\"thumbnailUrl\":\"https:\\\/\\\/medicinasinc.com\\\/cs\\\/wp-content\\\/uploads\\\/sites\\\/2\\\/2022\\\/02\\\/buy-hydrocodone-10-500mg-pills-online.jpg\",\"datePublished\":\"2022-02-20T21:35:10+00:00\",\"dateModified\":\"2022-03-14T12:23:38+00:00\",\"description\":\"Koupit pilulky Hydrocodone 10\\\/500 mg na prodej online ve Spojen\u00e9m kr\u00e1lovstv\u00ed, EU, Evrop\u011b. Hydrokodon nebo dihydrokodeinon je \u010d\u00e1ste\u010dn\u011b vyroben\u00fd opioid odvozen\u00fd ze dvou b\u011b\u017en\u011b se vyskytuj\u00edc\u00edch sedativ, kodeinu a thebainu.\",\"breadcrumb\":{\"@id\":\"https:\\\/\\\/medicinasinc.com\\\/cs\\\/product\\\/hydrokodon-10-500-mg\\\/#breadcrumb\"},\"inLanguage\":\"en-US\",\"potentialAction\":[{\"@type\":\"ReadAction\",\"target\":[\"https:\\\/\\\/medicinasinc.com\\\/cs\\\/product\\\/hydrokodon-10-500-mg\\\/\"]}]},{\"@type\":\"ImageObject\",\"inLanguage\":\"en-US\",\"@id\":\"https:\\\/\\\/medicinasinc.com\\\/cs\\\/product\\\/hydrokodon-10-500-mg\\\/#primaryimage\",\"url\":\"https:\\\/\\\/medicinasinc.com\\\/cs\\\/wp-content\\\/uploads\\\/sites\\\/2\\\/2022\\\/02\\\/buy-hydrocodone-10-500mg-pills-online.jpg\",\"contentUrl\":\"https:\\\/\\\/medicinasinc.com\\\/cs\\\/wp-content\\\/uploads\\\/sites\\\/2\\\/2022\\\/02\\\/buy-hydrocodone-10-500mg-pills-online.jpg\",\"width\":600,\"height\":600},{\"@type\":\"BreadcrumbList\",\"@id\":\"https:\\\/\\\/medicinasinc.com\\\/cs\\\/product\\\/hydrokodon-10-500-mg\\\/#breadcrumb\",\"itemListElement\":[{\"@type\":\"ListItem\",\"position\":1,\"name\":\"Obchod\",\"item\":\"https:\\\/\\\/medicinasinc.com\\\/cs\\\/obchod\\\/\"},{\"@type\":\"ListItem\",\"position\":2,\"name\":\"Hydrokodon 10\\\/500 mg\"}]},{\"@type\":\"WebSite\",\"@id\":\"https:\\\/\\\/medicinasinc.com\\\/cs\\\/#website\",\"url\":\"https:\\\/\\\/medicinasinc.com\\\/cs\\\/\",\"name\":\"Medicinas Inc\",\"description\":\"Health Medical Clinic\",\"potentialAction\":[{\"@type\":\"SearchAction\",\"target\":{\"@type\":\"EntryPoint\",\"urlTemplate\":\"https:\\\/\\\/medicinasinc.com\\\/cs\\\/?s={search_term_string}\"},\"query-input\":{\"@type\":\"PropertyValueSpecification\",\"valueRequired\":true,\"valueName\":\"search_term_string\"}}],\"inLanguage\":\"en-US\"}]}<\/script>\n<!-- \/ Yoast SEO plugin. -->","yoast_head_json":{"title":"Koupit Hydrocodone 10\/500 mg \u2013 nejlep\u0161\u00ed nejlep\u0161\u00ed glob\u00e1ln\u00ed l\u00e9ky","description":"Koupit pilulky Hydrocodone 10\/500 mg na prodej online ve Spojen\u00e9m kr\u00e1lovstv\u00ed, EU, Evrop\u011b. Hydrokodon nebo dihydrokodeinon je \u010d\u00e1ste\u010dn\u011b vyroben\u00fd opioid odvozen\u00fd ze dvou b\u011b\u017en\u011b se vyskytuj\u00edc\u00edch sedativ, kodeinu a thebainu.","robots":{"index":"index","follow":"follow","max-snippet":"max-snippet:-1","max-image-preview":"max-image-preview:large","max-video-preview":"max-video-preview:-1"},"canonical":"https:\/\/medicinasinc.com\/cs\/product\/hydrokodon-10-500-mg\/","og_locale":"en_US","og_type":"article","og_title":"Koupit Hydrocodone 10\/500 mg \u2013 nejlep\u0161\u00ed nejlep\u0161\u00ed glob\u00e1ln\u00ed l\u00e9ky","og_description":"Koupit pilulky Hydrocodone 10\/500 mg na prodej online ve Spojen\u00e9m kr\u00e1lovstv\u00ed, EU, Evrop\u011b. Hydrokodon nebo dihydrokodeinon je \u010d\u00e1ste\u010dn\u011b vyroben\u00fd opioid odvozen\u00fd ze dvou b\u011b\u017en\u011b se vyskytuj\u00edc\u00edch sedativ, kodeinu a thebainu.","og_url":"https:\/\/medicinasinc.com\/cs\/product\/hydrokodon-10-500-mg\/","og_site_name":"Medicinas Inc","article_modified_time":"2022-03-14T12:23:38+00:00","og_image":[{"width":600,"height":600,"url":"https:\/\/medicinasinc.com\/cs\/wp-content\/uploads\/sites\/2\/2022\/02\/buy-hydrocodone-10-500mg-pills-online.jpg","type":"image\/jpeg"}],"twitter_card":"summary_large_image","twitter_misc":{"Est. reading time":"3 minutes"},"schema":{"@context":"https:\/\/schema.org","@graph":[{"@type":"WebPage","@id":"https:\/\/medicinasinc.com\/cs\/product\/hydrokodon-10-500-mg\/","url":"https:\/\/medicinasinc.com\/cs\/product\/hydrokodon-10-500-mg\/","name":"Koupit Hydrocodone 10\/500 mg \u2013 nejlep\u0161\u00ed nejlep\u0161\u00ed glob\u00e1ln\u00ed l\u00e9ky","isPartOf":{"@id":"https:\/\/medicinasinc.com\/cs\/#website"},"primaryImageOfPage":{"@id":"https:\/\/medicinasinc.com\/cs\/product\/hydrokodon-10-500-mg\/#primaryimage"},"image":{"@id":"https:\/\/medicinasinc.com\/cs\/product\/hydrokodon-10-500-mg\/#primaryimage"},"thumbnailUrl":"https:\/\/medicinasinc.com\/cs\/wp-content\/uploads\/sites\/2\/2022\/02\/buy-hydrocodone-10-500mg-pills-online.jpg","datePublished":"2022-02-20T21:35:10+00:00","dateModified":"2022-03-14T12:23:38+00:00","description":"Koupit pilulky Hydrocodone 10\/500 mg na prodej online ve Spojen\u00e9m kr\u00e1lovstv\u00ed, EU, Evrop\u011b. Hydrokodon nebo dihydrokodeinon je \u010d\u00e1ste\u010dn\u011b vyroben\u00fd opioid odvozen\u00fd ze dvou b\u011b\u017en\u011b se vyskytuj\u00edc\u00edch sedativ, kodeinu a thebainu.","breadcrumb":{"@id":"https:\/\/medicinasinc.com\/cs\/product\/hydrokodon-10-500-mg\/#breadcrumb"},"inLanguage":"en-US","potentialAction":[{"@type":"ReadAction","target":["https:\/\/medicinasinc.com\/cs\/product\/hydrokodon-10-500-mg\/"]}]},{"@type":"ImageObject","inLanguage":"en-US","@id":"https:\/\/medicinasinc.com\/cs\/product\/hydrokodon-10-500-mg\/#primaryimage","url":"https:\/\/medicinasinc.com\/cs\/wp-content\/uploads\/sites\/2\/2022\/02\/buy-hydrocodone-10-500mg-pills-online.jpg","contentUrl":"https:\/\/medicinasinc.com\/cs\/wp-content\/uploads\/sites\/2\/2022\/02\/buy-hydrocodone-10-500mg-pills-online.jpg","width":600,"height":600},{"@type":"BreadcrumbList","@id":"https:\/\/medicinasinc.com\/cs\/product\/hydrokodon-10-500-mg\/#breadcrumb","itemListElement":[{"@type":"ListItem","position":1,"name":"Obchod","item":"https:\/\/medicinasinc.com\/cs\/obchod\/"},{"@type":"ListItem","position":2,"name":"Hydrokodon 10\/500 mg"}]},{"@type":"WebSite","@id":"https:\/\/medicinasinc.com\/cs\/#website","url":"https:\/\/medicinasinc.com\/cs\/","name":"Medicinas Inc","description":"Health Medical Clinic","potentialAction":[{"@type":"SearchAction","target":{"@type":"EntryPoint","urlTemplate":"https:\/\/medicinasinc.com\/cs\/?s={search_term_string}"},"query-input":{"@type":"PropertyValueSpecification","valueRequired":true,"valueName":"search_term_string"}}],"inLanguage":"en-US"}]}},"_links":{"self":[{"href":"https:\/\/medicinasinc.com\/cs\/wp-json\/wp\/v2\/product\/5183","targetHints":{"allow":["GET"]}}],"collection":[{"href":"https:\/\/medicinasinc.com\/cs\/wp-json\/wp\/v2\/product"}],"about":[{"href":"https:\/\/medicinasinc.com\/cs\/wp-json\/wp\/v2\/types\/product"}],"replies":[{"embeddable":true,"href":"https:\/\/medicinasinc.com\/cs\/wp-json\/wp\/v2\/comments?post=5183"}],"wp:featuredmedia":[{"embeddable":true,"href":"https:\/\/medicinasinc.com\/cs\/wp-json\/wp\/v2\/media\/5201"}],"wp:attachment":[{"href":"https:\/\/medicinasinc.com\/cs\/wp-json\/wp\/v2\/media?parent=5183"}],"wp:term":[{"taxonomy":"product_brand","embeddable":true,"href":"https:\/\/medicinasinc.com\/cs\/wp-json\/wp\/v2\/product_brand?post=5183"},{"taxonomy":"product_cat","embeddable":true,"href":"https:\/\/medicinasinc.com\/cs\/wp-json\/wp\/v2\/product_cat?post=5183"},{"taxonomy":"product_tag","embeddable":true,"href":"https:\/\/medicinasinc.com\/cs\/wp-json\/wp\/v2\/product_tag?post=5183"}],"curies":[{"name":"wp","href":"https:\/\/api.w.org\/{rel}","templated":true}]}}