{"id":5182,"date":"2022-02-20T21:32:53","date_gmt":"2022-02-20T21:32:53","guid":{"rendered":"https:\/\/medicinasinc.com\/cs\/?post_type=product&#038;p=5182"},"modified":"2022-03-14T12:23:50","modified_gmt":"2022-03-14T12:23:50","slug":"koupit-fentanyl-transdermalni-system-naplast","status":"publish","type":"product","link":"https:\/\/medicinasinc.com\/cs\/product\/koupit-fentanyl-transdermalni-system-naplast\/","title":{"rendered":"Kupte si fentanylovou n\u00e1plast na transderm\u00e1ln\u00ed syst\u00e9m"},"content":{"rendered":"<div class=\"product-next-previous\">\n<div class=\"product-prev\">\n<p>Transderm\u00e1ln\u00ed n\u00e1plasti Fentanylu lze zakoupit<br \/> Co je Co Fentanyl?<\/p>\n<p>Opioidy jsou t\u0159\u00eddou l\u00e9k\u016f, kter\u00e9 zahrnuj\u00ed fentanyl. Pokud trp\u00edte chronickou (dlouhodobou) silnou bolest\u00ed a ji\u017e u\u017e\u00edv\u00e1te opioidn\u00ed (narkotikum), m\u016f\u017ee pro v\u00e1s b\u00fdt p\u0159\u00ednosem u\u017e\u00edv\u00e1n\u00ed fentanylu.<\/p>\n<p>Jak\u00e1 je cena Co Fentanyl?<\/p>\n<p> p&gt; <\/p>\n<p>PocketPills nab\u00edz\u00ed Co Fentanyl zdarma. Pokud va\u0161e poji\u0161t\u011bn\u00ed pokr\u00fdv\u00e1 n\u00e1klady na Co Fentanyl, m\u016f\u017eete jej z\u00edskat za sn\u00ed\u017eenou cenu. N\u00e1klady na v\u00fddej a dod\u00e1n\u00ed by m\u011bly b\u00fdt zapo\u010d\u00edt\u00e1ny do kone\u010dn\u00fdch n\u00e1klad\u016f na n\u00e1kup Co Fentanyl.<\/p>\n<p>Kolik je poplatek za v\u00fddej Co Fentanyl?<\/p>\n<p>Objedn\u00e1n\u00ed Co Fentanyl od n\u00e1s je spojeno s poplatkem za v\u00fddej pouze 0 $. Pokud hled\u00e1te nejlevn\u011bj\u0161\u00ed cenu Co Fentanyl v Kanad\u011b, Pocketpills je tu pro v\u00e1s.<br \/> Nezapome\u0148te vyu\u017e\u00edt na\u0161i nab\u00eddku dopravy zdarma v Kanad\u011b.<\/p>\n<p>N\u00e1zev l\u00e9ku: Co-Fentanyl <\/p>\n<p>Toxicita<\/p>\n<p>R\u016fzn\u00e9 l\u00e9ky maj\u00ed potenci\u00e1l vyvolat ne\u017e\u00e1douc\u00ed n\u00e1sledky.<\/p>\n<p>Kdy\u017e se l\u00e9k u\u017e\u00edv\u00e1 podle p\u0159edpisu, mohou se objevit ne\u017e\u00e1douc\u00ed \u00fa\u010dinky, kter\u00e9 se neo\u010dek\u00e1vaj\u00ed . Je mo\u017en\u00e9, \u017ee vedlej\u0161\u00ed \u00fa\u010dinky budou m\u00edrn\u00e9 nebo z\u00e1va\u017en\u00e9, stejn\u011b jako dlouhodob\u00e9 nebo kr\u00e1tkodob\u00e9.<\/p>\n<p>Ne ka\u017ed\u00fd, kdo u\u017e\u00edv\u00e1 Co Fentanyl, m\u00e1 n\u00e1sleduj\u00edc\u00ed ne\u017e\u00e1douc\u00ed \u00fa\u010dinky (fentanyl-transderm\u00e1ln\u00ed).<\/p>\n<p>Promluvte si se sv\u00fdm l\u00e9ka\u0159em, pokud m\u00e1te obavy z vedlej\u0161\u00edch \u00fa\u010dink\u016f Co Fentanyl (fentanyl-transderm\u00e1ln\u00ed).<\/p>\n<p>Nejm\u00e9n\u011b 1 % u\u017eivatel\u016f Co Fentanyl m\u011blo n\u00e1sleduj\u00edc\u00ed ne\u017e\u00e1douc\u00ed \u00fa\u010dinky (fentanyl-transderm\u00e1ln\u00ed) . Je mo\u017en\u00e9, \u017ee n\u011bkter\u00e9 z t\u011bchto ne\u017e\u00e1douc\u00edch \u00fa\u010dink\u016f \u010dasem samy vymiz\u00ed.<\/p>\n<p>Pokud zaznamen\u00e1te n\u011bkter\u00fd z t\u011bchto ne\u017e\u00e1douc\u00edch \u00fa\u010dink\u016f a jsou obt\u011b\u017euj\u00edc\u00ed nebo z\u00e1va\u017en\u00e9, kontaktujte sv\u00e9ho l\u00e9ka\u0159e. Pokud m\u00e1te probl\u00e9my s ne\u017e\u00e1douc\u00edmi \u00fa\u010dinky, po\u017e\u00e1dejte o pomoc sv\u00e9ho l\u00e9k\u00e1rn\u00edka.<\/p>\n<p>zmatenost<br \/> Z\u00e1cpa<br \/> z\u00e1cpa pot\u00ed\u017ee se zam\u011b\u0159en\u00edm na ospalost a ve\u010dern\u00ed z\u00e1vrat\u011b<br \/> Pocit \u00fazkosti, \u010derven\u00e1n\u00ed a bolest hlavy jsou v\u0161echny p\u0159\u00edznaky sucha v \u00fastech.<br \/> nedostatek pam\u011bti<br \/> nepohodl\u00ed nebo sv\u011bd\u011bn\u00ed v m\u00edst\u011b aplikace<\/p>\n<p>\u010casto kladen\u00e9 ot\u00e1zky o Co Fentanyl<br \/> N\u00e1kup Co Fentanyl Online, budete pot\u0159ebovat v\u011bd\u011bt jak.<\/p>\n<p>Pokud m\u00e1te platn\u00fd p\u0159edpis od sv\u00e9ho l\u00e9ka\u0159e, m\u016f\u017eete si Co Fentanyl koupit online na PocketPills. M\u016f\u017eete za\u010d\u00edt nahr\u00e1n\u00edm sv\u00e9ho p\u0159edpisu, zakoupen\u00edm n\u00e1pln\u011b nebo chatov\u00e1n\u00edm s jedn\u00edm z na\u0161ich kanadsk\u00fdch l\u00e9ka\u0159\u016f, abyste obdr\u017eeli online p\u0159edpis, a to p\u0159evodem jak\u00fdchkoli existuj\u00edc\u00edch p\u0159edpis\u016f do na\u0161\u00ed l\u00e9k\u00e1rny. P\u0159edpis pro Co Fentanyl: Kam m\u00e1m j\u00edt?<\/p>\n<p>Na pocketpills.com si m\u016f\u017eete p\u0159es internet promluvit s kanadsk\u00fdm l\u00e9ka\u0159em. B\u011bhem va\u0161\u00ed n\u00e1v\u0161t\u011bvy v\u00e1m na\u0161i l\u00e9ka\u0159i mohou p\u0159es internet vyd\u00e1vat recepty na l\u00e9ky. Bez dal\u0161\u00edch n\u00e1klad\u016f si m\u016f\u017eete nechat sv\u016fj p\u0159edpis doru\u010dit dom\u016f diskr\u00e9tn\u011b a v p\u016fvodn\u00edm obalu pot\u00e9, co jej obdr\u017e\u00edte.<\/p>\n<p>Jak brzy mohu o\u010dek\u00e1vat sv\u016fj bal\u00ed\u010dek?<\/p>\n<p>Ano! Na n\u011bkter\u00fdch m\u00edstech jsme schopni nab\u00eddnout doru\u010den\u00ed je\u0161t\u011b tent\u00fd\u017e den. Krom\u011b doru\u010den\u00ed do druh\u00e9ho dne poskytujeme tak\u00e9 p\u0159epravu p\u0159es noc.<br \/> Kolik stoj\u00ed doprava spole\u010dnosti Co Fentanyl do Kanady?<br \/> N\u00e1klady na dopravu spole\u010dnosti Co Fentanyl k v\u00e1m v Kanad\u011b jsou zcela zdarma. Sn\u00ed\u017een\u00e9 poplatky za v\u00fddej a bezplatn\u00e1 doprava, kter\u00e9 nab\u00edz\u00ed Pocketpills, usnad\u0148uj\u00ed Kana\u010fan\u016fm p\u0159\u00edjem l\u00e9k\u016f, kter\u00e9 pot\u0159ebuj\u00ed.<br \/> Doru\u010den\u00ed Co Fentanylu do m\u00e9ho domu?<br \/> Pokud jste si u n\u00e1s v Kanad\u011b objednali l\u00e9ky na p\u0159edpis s platnou p\u0159edpis, mohli bychom poslat Co Fentanyl k va\u0161im dve\u0159\u00edm. Kontaktujte n\u00e1s, pokud si nejste jisti, zda dod\u00e1v\u00e1me ve va\u0161em regionu.<br \/> Kde mohu z\u00edskat zdarma Co Fentanyl v Kanad\u011b?<br \/> Pokud m\u00e1te pl\u00e1n zdravotn\u00edho poji\u0161t\u011bn\u00ed, kter\u00fd pokr\u00fdv\u00e1 Co Fentanyl, m\u016f\u017eete jej z\u00edskat zdarma v Kanad\u011b. Zjist\u011bte, zda m\u00e1te n\u00e1rok na bezplatn\u00fd Co Fentanyl, kontaktujte sv\u00e9ho poskytovatele nebo n\u00e1s.<br \/> Kde najdu l\u00e9ka\u0159e, kter\u00fd by Co Fentanyl z\u00edskal?<br \/> Ano. Chcete-li zjistit, zda m\u00e1te n\u00e1rok na p\u0159edpis na Co Fentanyl, m\u016f\u017eete si napl\u00e1novat online konzultaci s kanadsk\u00fdm l\u00e9ka\u0159em prost\u0159ednictv\u00edm spole\u010dnosti Best Global Meds.<br \/> Mohu bez l\u00e9ka\u0159sk\u00e9ho p\u0159edpisu koupit Co Fentanyl?<br \/> Chcete-li u n\u00e1s zakoupit Co Fentanyl, mus\u00edte m\u00edt platn\u00fd p\u0159edpis. Pokud po\u017eadujete p\u0159edpis, kontaktujte n\u00e1s. Kdykoli je to pro v\u00e1s vhodn\u00e9, m\u016f\u017eete se obr\u00e1tit na n\u011bkter\u00e9ho z na\u0161ich l\u00e9ka\u0159\u016f.<\/p>\n<p>&nbsp;<\/p>\n<p>Tento l\u00e9k se pou\u017e\u00edv\u00e1 k l\u00e9\u010db\u011b chronick\u00e9 bolesti (nap\u0159\u00edklad v d\u016fsledku rakoviny). Opioidn\u00ed (narkotick\u00e1) analgetika, jejich\u017e \u010dlenem je fentanyl, jsou b\u011b\u017en\u00fdm typem l\u00e9k\u016f proti bolesti. P\u016fsoben\u00edm na mozek m\u011bn\u00ed zp\u016fsob, jak\u00fdm va\u0161e t\u011blo vn\u00edm\u00e1 bolest a reaguje na ni.<\/p>\n<p>Fentanyl ve form\u011b n\u00e1plasti by se nem\u011bl pou\u017e\u00edvat k l\u00e9\u010db\u011b m\u00edrn\u00e9 nebo kr\u00e1tkodob\u00e9 bolesti. &#8220;jako&#8221; nen\u00ed vhodn\u00fd term\u00edn pro tuto drogu.<\/p>\n<\/p><\/div><\/div>\n","protected":false},"excerpt":{"rendered":"<p>Ve Spojen\u00e9m kr\u00e1lovstv\u00ed je mo\u017en\u00e9 koupit fentanylovou n\u00e1plast online, stejn\u011b jako fentanyl obecn\u011b, stejn\u011b jako fentanylov\u00e9 n\u00e1plasti na prodej tam.<\/p>\n<p>N\u00e1plasti fentanylu se pou\u017e\u00edvaj\u00ed k l\u00e9\u010db\u011b chronick\u00e9 bolesti&amp;#8230 ;. P\u0159i shroma\u017e\u010fov\u00e1n\u00ed recept\u016f nebo z\u00edsk\u00e1v\u00e1n\u00ed dal\u0161\u00edch l\u00e9k\u016f se zmi\u0148te o n\u00e1plasti, kterou nos\u00edte, sv\u00e9mu l\u00e9k\u00e1rn\u00edkovi.<\/p>\n","protected":false},"featured_media":5199,"comment_status":"open","ping_status":"closed","template":"","meta":[],"product_brand":[],"product_cat":[1117],"product_tag":[1247,1248,1249,1251,1252,1253,1294,1268,1274,1250,1273,1257,1258,1260,1263,1264,1265,1270,1271,1272,1276,1280,1256,1259,1261,1262,1269,1290,1281,1282,1283,1285,1288,1287,1284,1286,1255,1295,1267,1289,1292,1291,1254,1277,1293,1278,1275,1279,1296,1266],"class_list":{"0":"post-5182","1":"product","2":"type-product","3":"status-publish","4":"has-post-thumbnail","6":"product_cat-koupit-prasky-na-spani-bolest","7":"product_tag-100mg-fentanyl-nplast","8":"product_tag-100mg-fentanyl-nplast-poulin-cena","9":"product_tag-12mikrogramov-fentanylov-nplast","10":"product_tag-50mg-fentanyl-nplast","11":"product_tag-75-mg-fentanylov-nplast","12":"product_tag-best-place-to-put-fentanyl-patch","13":"product_tag-co-jsou-fentanyl-nplast","14":"product_tag-fentanyl-nplast-dvkovn","15":"product_tag-dvkovn-fentanylov-nplasti","16":"product_tag-25-mcg-fentanyl-nplast-ekvivalent","17":"product_tag-fentanyl-nplast-dvky-12-mcg","18":"product_tag-fentanyl-pain-patch","19":"product_tag-fentanyl-patch","20":"product_tag-fentanyl-patch-100mcg","21":"product_tag-fentanyl-patch-75-mcg","22":"product_tag-fentanyl-patch-application","23":"product_tag-fentanyl-patch-brands","24":"product_tag-fentanyl-patch-dosage-chart","25":"product_tag-fentanyl-patch-dosages","26":"product_tag-fentanyl-patch-doses","27":"product_tag-fentanyl-patch-package-insert","28":"product_tag-fentanyl-transdermln-nplast","29":"product_tag-fentanyl-gel-nplast","30":"product_tag-fentanyl-nplast-100-mcg","31":"product_tag-fentanyl-nplast-25-mcg-poulin-hodnota","32":"product_tag-fentanyl-nplast-50-mcg","33":"product_tag-fentanyl-nplast-dvkovn-12-mcg","34":"product_tag-sandoz-fentanyl-nplast","35":"product_tag-how-long-does-a-fentanyl-patch-stay-in-your-system","36":"product_tag-how-long-does-it-take-for-a-fentanyl-patch-to-kick-in","37":"product_tag-how-to-apply-fentanyl-patch","38":"product_tag-how-to-smoke-a-fentanyl-patch","39":"product_tag-injekn-fentanylov-nplast","40":"product_tag-jak-pouvat-fentanylovou-nplast","41":"product_tag-jak-rozpoutn-c5-beit-fentanyl-n-c3-a1plast","42":"product_tag-jak-odstranit-fentanylovou-nplast-bez-staen","43":"product_tag-jst-fentanyl-nplast","44":"product_tag-kam-umstit-fentanylovou-nplast","45":"product_tag-fentanyl-nplast-likvidace","46":"product_tag-mallinckrodt-fentanyl-patch-extraction","47":"product_tag-kouc-fentanylovou-nplast","48":"product_tag-stela-fentanyl-nplast","49":"product_tag-nejlep-zpsob-jak-se-dostat-na-fentanylovou-nplast","50":"product_tag-vedlej-c5-a1-c3-ad-c3-ba-c4-8dinky-fentanylov-c3-a9-n-c3-a1plasti","51":"product_tag-poulin-hodnota-fentanylov-nplasti","52":"product_tag-pouit-fentanylovch-nplast","53":"product_tag-fentanyl-nplast-na-prodej","54":"product_tag-sta-c5-bylo-c3-ad-fentanylov-c3-a9-n-c3-a1plasti","55":"product_tag-where-to-put-fentanyl-patch","56":"product_tag-fentanyl-nplast-vkn","58":"first","59":"instock","60":"shipping-taxable","61":"purchasable","62":"product-type-variable","63":"has-default-attributes"},"yoast_head":"<!-- This site is optimized with the Yoast SEO plugin v27.2 - https:\/\/yoast.com\/product\/yoast-seo-wordpress\/ -->\n<title>Koupit fentanylovou n\u00e1plast na transderm\u00e1ln\u00ed syst\u00e9m \u2013 nejlep\u0161\u00ed nejlep\u0161\u00ed glob\u00e1ln\u00ed l\u00e9ky<\/title>\n<meta name=\"description\" content=\"Koupit fentanylovou n\u00e1plast online uk, fentanyl online uk, n\u00e1klady na fentanylov\u00e9 n\u00e1plasti uk, koupit fentanylov\u00e9 n\u00e1plasti uk, fentanyl street price uk, fentanyl n\u00e1plast na prodej uk\" \/>\n<meta name=\"robots\" content=\"index, follow, max-snippet:-1, max-image-preview:large, max-video-preview:-1\" \/>\n<link rel=\"canonical\" href=\"https:\/\/medicinasinc.com\/cs\/product\/koupit-fentanyl-transdermalni-system-naplast\/\" \/>\n<meta property=\"og:locale\" content=\"en_US\" \/>\n<meta property=\"og:type\" content=\"article\" \/>\n<meta property=\"og:title\" content=\"Koupit fentanylovou n\u00e1plast na transderm\u00e1ln\u00ed syst\u00e9m \u2013 nejlep\u0161\u00ed nejlep\u0161\u00ed glob\u00e1ln\u00ed l\u00e9ky\" \/>\n<meta property=\"og:description\" content=\"Koupit fentanylovou n\u00e1plast online uk, fentanyl online uk, n\u00e1klady na fentanylov\u00e9 n\u00e1plasti uk, koupit fentanylov\u00e9 n\u00e1plasti uk, fentanyl street price uk, fentanyl n\u00e1plast na prodej uk\" \/>\n<meta property=\"og:url\" content=\"https:\/\/medicinasinc.com\/cs\/product\/koupit-fentanyl-transdermalni-system-naplast\/\" \/>\n<meta property=\"og:site_name\" content=\"Medicinas Inc\" \/>\n<meta property=\"article:modified_time\" content=\"2022-03-14T12:23:50+00:00\" \/>\n<meta property=\"og:image\" content=\"https:\/\/medicinasinc.com\/cs\/wp-content\/uploads\/sites\/2\/2022\/02\/buy-fentanyl-transdermal-system-patch.jpg\" \/>\n\t<meta property=\"og:image:width\" content=\"600\" \/>\n\t<meta property=\"og:image:height\" content=\"600\" \/>\n\t<meta property=\"og:image:type\" content=\"image\/jpeg\" \/>\n<meta name=\"twitter:card\" content=\"summary_large_image\" \/>\n<meta name=\"twitter:label1\" content=\"Est. reading time\" \/>\n\t<meta name=\"twitter:data1\" content=\"4 minutes\" \/>\n<script type=\"application\/ld+json\" class=\"yoast-schema-graph\">{\"@context\":\"https:\/\/schema.org\",\"@graph\":[{\"@type\":\"WebPage\",\"@id\":\"https:\/\/medicinasinc.com\/cs\/product\/koupit-fentanyl-transdermalni-system-naplast\/\",\"url\":\"https:\/\/medicinasinc.com\/cs\/product\/koupit-fentanyl-transdermalni-system-naplast\/\",\"name\":\"Koupit fentanylovou n\u00e1plast na transderm\u00e1ln\u00ed syst\u00e9m \u2013 nejlep\u0161\u00ed nejlep\u0161\u00ed glob\u00e1ln\u00ed l\u00e9ky\",\"isPartOf\":{\"@id\":\"https:\/\/medicinasinc.com\/cs\/#website\"},\"primaryImageOfPage\":{\"@id\":\"https:\/\/medicinasinc.com\/cs\/product\/koupit-fentanyl-transdermalni-system-naplast\/#primaryimage\"},\"image\":{\"@id\":\"https:\/\/medicinasinc.com\/cs\/product\/koupit-fentanyl-transdermalni-system-naplast\/#primaryimage\"},\"thumbnailUrl\":\"https:\/\/medicinasinc.com\/cs\/wp-content\/uploads\/sites\/2\/2022\/02\/buy-fentanyl-transdermal-system-patch.jpg\",\"datePublished\":\"2022-02-20T21:32:53+00:00\",\"dateModified\":\"2022-03-14T12:23:50+00:00\",\"description\":\"Koupit fentanylovou n\u00e1plast online uk, fentanyl online uk, n\u00e1klady na fentanylov\u00e9 n\u00e1plasti uk, koupit fentanylov\u00e9 n\u00e1plasti uk, fentanyl street price uk, fentanyl n\u00e1plast na prodej uk\",\"breadcrumb\":{\"@id\":\"https:\/\/medicinasinc.com\/cs\/product\/koupit-fentanyl-transdermalni-system-naplast\/#breadcrumb\"},\"inLanguage\":\"en-US\",\"potentialAction\":[{\"@type\":\"ReadAction\",\"target\":[\"https:\/\/medicinasinc.com\/cs\/product\/koupit-fentanyl-transdermalni-system-naplast\/\"]}]},{\"@type\":\"ImageObject\",\"inLanguage\":\"en-US\",\"@id\":\"https:\/\/medicinasinc.com\/cs\/product\/koupit-fentanyl-transdermalni-system-naplast\/#primaryimage\",\"url\":\"https:\/\/medicinasinc.com\/cs\/wp-content\/uploads\/sites\/2\/2022\/02\/buy-fentanyl-transdermal-system-patch.jpg\",\"contentUrl\":\"https:\/\/medicinasinc.com\/cs\/wp-content\/uploads\/sites\/2\/2022\/02\/buy-fentanyl-transdermal-system-patch.jpg\",\"width\":600,\"height\":600},{\"@type\":\"BreadcrumbList\",\"@id\":\"https:\/\/medicinasinc.com\/cs\/product\/koupit-fentanyl-transdermalni-system-naplast\/#breadcrumb\",\"itemListElement\":[{\"@type\":\"ListItem\",\"position\":1,\"name\":\"Obchod\",\"item\":\"https:\/\/medicinasinc.com\/cs\/obchod\/\"},{\"@type\":\"ListItem\",\"position\":2,\"name\":\"Kupte si fentanylovou n\u00e1plast na transderm\u00e1ln\u00ed syst\u00e9m\"}]},{\"@type\":\"WebSite\",\"@id\":\"https:\/\/medicinasinc.com\/cs\/#website\",\"url\":\"https:\/\/medicinasinc.com\/cs\/\",\"name\":\"Medicinas Inc\",\"description\":\"Health Medical Clinic\",\"potentialAction\":[{\"@type\":\"SearchAction\",\"target\":{\"@type\":\"EntryPoint\",\"urlTemplate\":\"https:\/\/medicinasinc.com\/cs\/?s={search_term_string}\"},\"query-input\":{\"@type\":\"PropertyValueSpecification\",\"valueRequired\":true,\"valueName\":\"search_term_string\"}}],\"inLanguage\":\"en-US\"}]}<\/script>\n<!-- \/ Yoast SEO plugin. -->","yoast_head_json":{"title":"Koupit fentanylovou n\u00e1plast na transderm\u00e1ln\u00ed syst\u00e9m \u2013 nejlep\u0161\u00ed nejlep\u0161\u00ed glob\u00e1ln\u00ed l\u00e9ky","description":"Koupit fentanylovou n\u00e1plast online uk, fentanyl online uk, n\u00e1klady na fentanylov\u00e9 n\u00e1plasti uk, koupit fentanylov\u00e9 n\u00e1plasti uk, fentanyl street price uk, fentanyl n\u00e1plast na prodej uk","robots":{"index":"index","follow":"follow","max-snippet":"max-snippet:-1","max-image-preview":"max-image-preview:large","max-video-preview":"max-video-preview:-1"},"canonical":"https:\/\/medicinasinc.com\/cs\/product\/koupit-fentanyl-transdermalni-system-naplast\/","og_locale":"en_US","og_type":"article","og_title":"Koupit fentanylovou n\u00e1plast na transderm\u00e1ln\u00ed syst\u00e9m \u2013 nejlep\u0161\u00ed nejlep\u0161\u00ed glob\u00e1ln\u00ed l\u00e9ky","og_description":"Koupit fentanylovou n\u00e1plast online uk, fentanyl online uk, n\u00e1klady na fentanylov\u00e9 n\u00e1plasti uk, koupit fentanylov\u00e9 n\u00e1plasti uk, fentanyl street price uk, fentanyl n\u00e1plast na prodej uk","og_url":"https:\/\/medicinasinc.com\/cs\/product\/koupit-fentanyl-transdermalni-system-naplast\/","og_site_name":"Medicinas Inc","article_modified_time":"2022-03-14T12:23:50+00:00","og_image":[{"width":600,"height":600,"url":"https:\/\/medicinasinc.com\/cs\/wp-content\/uploads\/sites\/2\/2022\/02\/buy-fentanyl-transdermal-system-patch.jpg","type":"image\/jpeg"}],"twitter_card":"summary_large_image","twitter_misc":{"Est. reading time":"4 minutes"},"schema":{"@context":"https:\/\/schema.org","@graph":[{"@type":"WebPage","@id":"https:\/\/medicinasinc.com\/cs\/product\/koupit-fentanyl-transdermalni-system-naplast\/","url":"https:\/\/medicinasinc.com\/cs\/product\/koupit-fentanyl-transdermalni-system-naplast\/","name":"Koupit fentanylovou n\u00e1plast na transderm\u00e1ln\u00ed syst\u00e9m \u2013 nejlep\u0161\u00ed nejlep\u0161\u00ed glob\u00e1ln\u00ed l\u00e9ky","isPartOf":{"@id":"https:\/\/medicinasinc.com\/cs\/#website"},"primaryImageOfPage":{"@id":"https:\/\/medicinasinc.com\/cs\/product\/koupit-fentanyl-transdermalni-system-naplast\/#primaryimage"},"image":{"@id":"https:\/\/medicinasinc.com\/cs\/product\/koupit-fentanyl-transdermalni-system-naplast\/#primaryimage"},"thumbnailUrl":"https:\/\/medicinasinc.com\/cs\/wp-content\/uploads\/sites\/2\/2022\/02\/buy-fentanyl-transdermal-system-patch.jpg","datePublished":"2022-02-20T21:32:53+00:00","dateModified":"2022-03-14T12:23:50+00:00","description":"Koupit fentanylovou n\u00e1plast online uk, fentanyl online uk, n\u00e1klady na fentanylov\u00e9 n\u00e1plasti uk, koupit fentanylov\u00e9 n\u00e1plasti uk, fentanyl street price uk, fentanyl n\u00e1plast na prodej uk","breadcrumb":{"@id":"https:\/\/medicinasinc.com\/cs\/product\/koupit-fentanyl-transdermalni-system-naplast\/#breadcrumb"},"inLanguage":"en-US","potentialAction":[{"@type":"ReadAction","target":["https:\/\/medicinasinc.com\/cs\/product\/koupit-fentanyl-transdermalni-system-naplast\/"]}]},{"@type":"ImageObject","inLanguage":"en-US","@id":"https:\/\/medicinasinc.com\/cs\/product\/koupit-fentanyl-transdermalni-system-naplast\/#primaryimage","url":"https:\/\/medicinasinc.com\/cs\/wp-content\/uploads\/sites\/2\/2022\/02\/buy-fentanyl-transdermal-system-patch.jpg","contentUrl":"https:\/\/medicinasinc.com\/cs\/wp-content\/uploads\/sites\/2\/2022\/02\/buy-fentanyl-transdermal-system-patch.jpg","width":600,"height":600},{"@type":"BreadcrumbList","@id":"https:\/\/medicinasinc.com\/cs\/product\/koupit-fentanyl-transdermalni-system-naplast\/#breadcrumb","itemListElement":[{"@type":"ListItem","position":1,"name":"Obchod","item":"https:\/\/medicinasinc.com\/cs\/obchod\/"},{"@type":"ListItem","position":2,"name":"Kupte si fentanylovou n\u00e1plast na transderm\u00e1ln\u00ed syst\u00e9m"}]},{"@type":"WebSite","@id":"https:\/\/medicinasinc.com\/cs\/#website","url":"https:\/\/medicinasinc.com\/cs\/","name":"Medicinas Inc","description":"Health Medical Clinic","potentialAction":[{"@type":"SearchAction","target":{"@type":"EntryPoint","urlTemplate":"https:\/\/medicinasinc.com\/cs\/?s={search_term_string}"},"query-input":{"@type":"PropertyValueSpecification","valueRequired":true,"valueName":"search_term_string"}}],"inLanguage":"en-US"}]}},"_links":{"self":[{"href":"https:\/\/medicinasinc.com\/cs\/wp-json\/wp\/v2\/product\/5182","targetHints":{"allow":["GET"]}}],"collection":[{"href":"https:\/\/medicinasinc.com\/cs\/wp-json\/wp\/v2\/product"}],"about":[{"href":"https:\/\/medicinasinc.com\/cs\/wp-json\/wp\/v2\/types\/product"}],"replies":[{"embeddable":true,"href":"https:\/\/medicinasinc.com\/cs\/wp-json\/wp\/v2\/comments?post=5182"}],"wp:featuredmedia":[{"embeddable":true,"href":"https:\/\/medicinasinc.com\/cs\/wp-json\/wp\/v2\/media\/5199"}],"wp:attachment":[{"href":"https:\/\/medicinasinc.com\/cs\/wp-json\/wp\/v2\/media?parent=5182"}],"wp:term":[{"taxonomy":"product_brand","embeddable":true,"href":"https:\/\/medicinasinc.com\/cs\/wp-json\/wp\/v2\/product_brand?post=5182"},{"taxonomy":"product_cat","embeddable":true,"href":"https:\/\/medicinasinc.com\/cs\/wp-json\/wp\/v2\/product_cat?post=5182"},{"taxonomy":"product_tag","embeddable":true,"href":"https:\/\/medicinasinc.com\/cs\/wp-json\/wp\/v2\/product_tag?post=5182"}],"curies":[{"name":"wp","href":"https:\/\/api.w.org\/{rel}","templated":true}]}}